{"id":4851,"date":"2024-11-04T19:21:34","date_gmt":"2024-11-04T18:21:34","guid":{"rendered":"https:\/\/360scooters.com\/es\/?post_type=product&#038;p=4851"},"modified":"2025-09-21T20:58:35","modified_gmt":"2025-09-21T18:58:35","slug":"bicicleta-electrica-para-ninos-mini-e-bike-sparkid12","status":"publish","type":"product","link":"https:\/\/360scooters.com\/es\/producto\/bicicleta-electrica-para-ninos-mini-e-bike-sparkid12\/","title":{"rendered":"Bicicleta el\u00e9ctrica para ni\u00f1os Mini E-Bike Sparkid12"},"content":{"rendered":"<h3>Bicicleta el\u00e9ctrica para ni\u00f1os Mini E-Bike Sparkid 12\u2019 para ni\u00f1os con neum\u00e1ticos de 12 pulgadas, ruedines de apoyo amovibles, bater\u00eda de litio 24v y 3 velocidades seleccionables<\/h3>\n<p>Para los apasionados de las 2 ruedas,<strong>\u00a0la bicicleta el\u00e9ctrica infantil Mini E-Bike Sparkid 12\u2019 es la bicicleta de equilibrio<\/strong>\u00a0ideal para que sus peque\u00f1os pilotos se inicien a este mundo tan apasionante. Desde los 3 a\u00f1os los ni\u00f1os y las ni\u00f1as pueden ejercitar sus habilidades psicomotrices y familiarizarse con los conceptos b\u00e1sicos de empujar, mantener el equilibrio, acelerar y frenar al mismo tiempo que podr\u00e1n divertirse al aire libre. Adem\u00e1s para los m\u00e1s j\u00f3venes que quiz\u00e1s no tengan tanta seguridad llevando una bicicleta,<strong>\u00a0la bicicleta el\u00e9ctrica infantil Mini E-Bike Sparkid 12\u2019 lleva unos ruedines de apoyo q<\/strong>ue al momento que se sientan preparados podr\u00e1n retirar para disfrutar de su bicicleta como si fuera una\u00a0<strong>moto para ni\u00f1os.<\/strong>\u00a0La bicicleta Sparkid 12\u2019 es segura, resistente y duradera, porque podr\u00e1n elegir la velocidad m\u00e1xima deseada entre 3 potencias disponibles, lleva un cuadro de acero de primera calidad, y adem\u00e1s es evolutiva pudiendo regular la altura del sill\u00edn y del manillar.\u00a0<strong>La E-bike Sparkid tiene unas ruedas con neum\u00e1ticos de 12 pulgadas<\/strong>\u00a0viene con una<strong>\u00a0bater\u00eda de litio de 24V2.6 Ah<\/strong>\u00a0y un motor de 100W permitiendo alcanzar una velocidad de m\u00e1s de 10 km\/h ( en funci\u00f3n de varios factores, como el peso, la orograf\u00eda del terreno etc..) Est\u00e1 peque\u00f1a maravilla viene con un dise\u00f1o rompedor y dos accesorios intercambiables, una bonita cesta delantera porta objeto para un estilo elegante de bicicleta, o un dorsal con el n\u00famero 7 para darle un aspecto de moto cross m\u00e1s agresivo. Si lo que buscan es comprar un regalo diferente y rompedor,\u00a0<strong>nuestra bicicleta el\u00e9ctrica infantil Mini E-Bike Sparkid 12\u2019\u00a0 es un sue\u00f1o hecho realidad!<\/strong><\/p>\n<p><strong>Caracter\u00edsticas de la bicicleta el\u00e9ctrica Mini E-bike Sparkid 12:<\/strong><\/p>\n<p>Marca: ATAA<\/p>\n<p>Modelo: Mini Sparkid 12\u2019<\/p>\n<p>Bater\u00eda: 24V 2.6 Ah de litio<\/p>\n<p>Motor: 100 W<\/p>\n<p>Marco: Acero<\/p>\n<p>Horquilla delantera: Acero<\/p>\n<p>Manillar: aleaci\u00f3n de aluminio<\/p>\n<p>Asiento:\u00a0 \u00a0acolchado de espuma\u00a0 de poliuretano regulable en altura y tubo de aleaci\u00f3n de aluminio<\/p>\n<p>Ruedas:\u00a0 neum\u00e1ticos de goma de 12 pulgadas<\/p>\n<p>Llantas de aleaci\u00f3n de magnesio<\/p>\n<p>Freno: Freno disco trasero<\/p>\n<p>Accesorios delanteros intercambiables, cesta o n\u00famero decorativo incluidos<\/p>\n<p>Ruedines de apoyo amovibles<\/p>\n<p>Indicador de bater\u00eda en manillar<\/p>\n<p>Bot\u00f3n para acelerar<\/p>\n<p>Bot\u00f3n de encendido en el manillar<\/p>\n<p>Autonom\u00eda: 40-60 minutos<\/p>\n<p>Cargador: 24V 1Ah<\/p>\n<p>Velocidad:\u00a0 5km\/h\u00a0 \/ 8km\/h\u00a0 \/\u00a0 12km\/h<\/p>\n<p>Peso de la bicicleta el\u00e9ctrica : 10.5 kg<\/p>\n<p><strong>Medidas de la bicicleta el\u00e9ctrica Mini E-Bike Sparkid 12\u2019: 95*58*58 cm<\/strong><\/p>\n<p><strong>Medidas min desde el suelo hasta el sill\u00edn: 40 cm<\/strong><\/p>\n<p><strong>Medidas max desde el suelo hasta el sill\u00edn: 45 cm<\/strong><\/p>\n<p>Peso de carga m\u00e1ximo: 40 kg<\/p>\n<p><strong>Este producto no es un juguete, no utilizar en la v\u00eda p\u00fablica, Siempre utilizar bajo la vigilancia de un adulto.<\/strong><\/p>\n<p>Proteja a sus hijos, usar con las protecciones adecuadas, como casco, rodillera y codera.<\/p>\n","protected":false},"excerpt":{"rendered":"<h2>Bicicleta el\u00e9ctrica infantil Mini E-Bike Sparkid 12\u2019 con bater\u00eda de litio 24V, motor 100W ruedas de 12 pulgadas y ruedines de apoyo<\/h2>\n<p><strong>La bicicleta el\u00e9ctrica para ni\u00f1os y ni\u00f1as Mini e-Bike\u00a0 Sparkid 12\u2019<\/strong>\u00a0est\u00e1 pensada para la iniciaci\u00f3n de los m\u00e1s peque\u00f1os al mundo de las 2 ruedas. Con est\u00e1 mini\u00a0<strong>bicicleta a bater\u00eda<\/strong>\u00a0los peque\u00f1os pilotos podr\u00e1n adquirir m\u00e1s confianza y familiarizarse con las habilidades de empujar y mantener el equilibrio, pilotar, acelerar y frenar para convertirse en experto mini bikers de bici y moto.\u00a0<strong>La bicicleta el\u00e9ctrica Mini E-Bike Sparkid 12\u2019 es evolutiva<\/strong>\u00a0y se adaptar\u00e1 perfectamente a sus ni\u00f1os en crecimiento.<\/p>\n","protected":false},"featured_media":4852,"template":"","meta":[],"product_brand":[],"product_cat":[75],"product_tag":[201],"scooter_compatibility":[],"class_list":{"0":"post-4851","1":"product","2":"type-product","3":"status-publish","4":"has-post-thumbnail","6":"product_cat-infantil","7":"product_tag-bici-infantil","9":"first","10":"outofstock","11":"sale","12":"taxable","13":"shipping-taxable","14":"purchasable","15":"product-type-variable"},"yoast_head":"<!-- This site is optimized with the Yoast SEO plugin v26.9 - https:\/\/yoast.com\/product\/yoast-seo-wordpress\/ -->\n<title>Bicicleta el\u00e9ctrica para ni\u00f1os Mini E-Bike Sparkid12 - 360Scooters | Tienda-taller de patinetes el\u00e9ctricos<\/title>\n<meta name=\"robots\" content=\"index, follow, max-snippet:-1, max-image-preview:large, max-video-preview:-1\" \/>\n<link rel=\"canonical\" href=\"https:\/\/360scooters.com\/es\/producto\/bicicleta-electrica-para-ninos-mini-e-bike-sparkid12\/\" \/>\n<meta property=\"og:locale\" content=\"es_ES\" \/>\n<meta property=\"og:type\" content=\"article\" \/>\n<meta property=\"og:title\" content=\"Bicicleta el\u00e9ctrica para ni\u00f1os Mini E-Bike Sparkid12 - 360Scooters | Tienda-taller de patinetes el\u00e9ctricos\" \/>\n<meta property=\"og:description\" content=\"Bicicleta el\u00e9ctrica infantil Mini E-Bike Sparkid 12\u2019 con bater\u00eda de litio 24V, motor 100W ruedas de 12 pulgadas y ruedines de apoyo La bicicleta el\u00e9ctrica para ni\u00f1os y ni\u00f1as Mini e-Bike\u00a0 Sparkid 12\u2019\u00a0est\u00e1 pensada para la iniciaci\u00f3n de los m\u00e1s peque\u00f1os al mundo de las 2 ruedas. Con est\u00e1 mini\u00a0bicicleta a bater\u00eda\u00a0los peque\u00f1os pilotos podr\u00e1n adquirir m\u00e1s confianza y familiarizarse con las habilidades de empujar y mantener el equilibrio, pilotar, acelerar y frenar para convertirse en experto mini bikers de bici y moto.\u00a0La bicicleta el\u00e9ctrica Mini E-Bike Sparkid 12\u2019 es evolutiva\u00a0y se adaptar\u00e1 perfectamente a sus ni\u00f1os en crecimiento.\" \/>\n<meta property=\"og:url\" content=\"https:\/\/360scooters.com\/es\/producto\/bicicleta-electrica-para-ninos-mini-e-bike-sparkid12\/\" \/>\n<meta property=\"og:site_name\" content=\"360Scooters | Tienda-taller de patinetes el\u00e9ctricos\" \/>\n<meta property=\"article:modified_time\" content=\"2025-09-21T18:58:35+00:00\" \/>\n<meta property=\"og:image\" content=\"https:\/\/360scooters.com\/es\/wp-content\/uploads\/sites\/2\/2024\/11\/bicicleta-electrica-para-ninos-mini-e-bike-sparkid12-ataa.jpg\" \/>\n\t<meta property=\"og:image:width\" content=\"800\" \/>\n\t<meta property=\"og:image:height\" content=\"800\" \/>\n\t<meta property=\"og:image:type\" content=\"image\/jpeg\" \/>\n<meta name=\"twitter:card\" content=\"summary_large_image\" \/>\n<meta name=\"twitter:label1\" content=\"Tiempo de lectura\" \/>\n\t<meta name=\"twitter:data1\" content=\"3 minutos\" \/>\n<script type=\"application\/ld+json\" class=\"yoast-schema-graph\">{\"@context\":\"https:\/\/schema.org\",\"@graph\":[{\"@type\":\"WebPage\",\"@id\":\"https:\/\/360scooters.com\/es\/producto\/bicicleta-electrica-para-ninos-mini-e-bike-sparkid12\/\",\"url\":\"https:\/\/360scooters.com\/es\/producto\/bicicleta-electrica-para-ninos-mini-e-bike-sparkid12\/\",\"name\":\"Bicicleta el\u00e9ctrica para ni\u00f1os Mini E-Bike Sparkid12 - 360Scooters | Tienda-taller de patinetes el\u00e9ctricos\",\"isPartOf\":{\"@id\":\"https:\/\/360scooters.com\/es\/#website\"},\"primaryImageOfPage\":{\"@id\":\"https:\/\/360scooters.com\/es\/producto\/bicicleta-electrica-para-ninos-mini-e-bike-sparkid12\/#primaryimage\"},\"image\":{\"@id\":\"https:\/\/360scooters.com\/es\/producto\/bicicleta-electrica-para-ninos-mini-e-bike-sparkid12\/#primaryimage\"},\"thumbnailUrl\":\"https:\/\/360scooters.com\/es\/wp-content\/uploads\/sites\/2\/2024\/11\/bicicleta-electrica-para-ninos-mini-e-bike-sparkid12-ataa.jpg\",\"datePublished\":\"2024-11-04T18:21:34+00:00\",\"dateModified\":\"2025-09-21T18:58:35+00:00\",\"breadcrumb\":{\"@id\":\"https:\/\/360scooters.com\/es\/producto\/bicicleta-electrica-para-ninos-mini-e-bike-sparkid12\/#breadcrumb\"},\"inLanguage\":\"es\",\"potentialAction\":[{\"@type\":\"ReadAction\",\"target\":[\"https:\/\/360scooters.com\/es\/producto\/bicicleta-electrica-para-ninos-mini-e-bike-sparkid12\/\"]}]},{\"@type\":\"ImageObject\",\"inLanguage\":\"es\",\"@id\":\"https:\/\/360scooters.com\/es\/producto\/bicicleta-electrica-para-ninos-mini-e-bike-sparkid12\/#primaryimage\",\"url\":\"https:\/\/360scooters.com\/es\/wp-content\/uploads\/sites\/2\/2024\/11\/bicicleta-electrica-para-ninos-mini-e-bike-sparkid12-ataa.jpg\",\"contentUrl\":\"https:\/\/360scooters.com\/es\/wp-content\/uploads\/sites\/2\/2024\/11\/bicicleta-electrica-para-ninos-mini-e-bike-sparkid12-ataa.jpg\",\"width\":800,\"height\":800,\"caption\":\"Bicicleta el\u00e9ctrica para ni\u00f1os Mini E-Bike Sparkid12\"},{\"@type\":\"BreadcrumbList\",\"@id\":\"https:\/\/360scooters.com\/es\/producto\/bicicleta-electrica-para-ninos-mini-e-bike-sparkid12\/#breadcrumb\",\"itemListElement\":[{\"@type\":\"ListItem\",\"position\":1,\"name\":\"Portada\",\"item\":\"https:\/\/360scooters.com\/es\/\"},{\"@type\":\"ListItem\",\"position\":2,\"name\":\"Tienda\",\"item\":\"https:\/\/360scooters.com\/es\/tienda\/\"},{\"@type\":\"ListItem\",\"position\":3,\"name\":\"Bicicleta el\u00e9ctrica para ni\u00f1os Mini E-Bike Sparkid12\"}]},{\"@type\":\"WebSite\",\"@id\":\"https:\/\/360scooters.com\/es\/#website\",\"url\":\"https:\/\/360scooters.com\/es\/\",\"name\":\"360Scooters - Patinetes el\u00e9ctricos en Pen\u00ednsula y Baleares - Patinetes Madrid - Patinetes Alicante - Patinetes Barcelona\",\"description\":\"\",\"publisher\":{\"@id\":\"https:\/\/360scooters.com\/es\/#organization\"},\"potentialAction\":[{\"@type\":\"SearchAction\",\"target\":{\"@type\":\"EntryPoint\",\"urlTemplate\":\"https:\/\/360scooters.com\/es\/?s={search_term_string}\"},\"query-input\":{\"@type\":\"PropertyValueSpecification\",\"valueRequired\":true,\"valueName\":\"search_term_string\"}}],\"inLanguage\":\"es\"},{\"@type\":\"Organization\",\"@id\":\"https:\/\/360scooters.com\/es\/#organization\",\"name\":\"360Scooters - Patinetes el\u00e9ctricos en Pen\u00ednsula y Baleares - Patinetes Madrid - Patinetes Alicante - Patinetes Barcelona\",\"url\":\"https:\/\/360scooters.com\/es\/\",\"logo\":{\"@type\":\"ImageObject\",\"inLanguage\":\"es\",\"@id\":\"https:\/\/360scooters.com\/es\/#\/schema\/logo\/image\/\",\"url\":\"https:\/\/360scooters.com\/es\/wp-content\/uploads\/sites\/2\/2024\/02\/logo-claimweb-e1727166047230.png\",\"contentUrl\":\"https:\/\/360scooters.com\/es\/wp-content\/uploads\/sites\/2\/2024\/02\/logo-claimweb-e1727166047230.png\",\"width\":214,\"height\":54,\"caption\":\"360Scooters - Patinetes el\u00e9ctricos en Pen\u00ednsula y Baleares - Patinetes Madrid - Patinetes Alicante - Patinetes Barcelona\"},\"image\":{\"@id\":\"https:\/\/360scooters.com\/es\/#\/schema\/logo\/image\/\"}}]}<\/script>\n<!-- \/ Yoast SEO plugin. -->","yoast_head_json":{"title":"Bicicleta el\u00e9ctrica para ni\u00f1os Mini E-Bike Sparkid12 - 360Scooters | Tienda-taller de patinetes el\u00e9ctricos","robots":{"index":"index","follow":"follow","max-snippet":"max-snippet:-1","max-image-preview":"max-image-preview:large","max-video-preview":"max-video-preview:-1"},"canonical":"https:\/\/360scooters.com\/es\/producto\/bicicleta-electrica-para-ninos-mini-e-bike-sparkid12\/","og_locale":"es_ES","og_type":"article","og_title":"Bicicleta el\u00e9ctrica para ni\u00f1os Mini E-Bike Sparkid12 - 360Scooters | Tienda-taller de patinetes el\u00e9ctricos","og_description":"Bicicleta el\u00e9ctrica infantil Mini E-Bike Sparkid 12\u2019 con bater\u00eda de litio 24V, motor 100W ruedas de 12 pulgadas y ruedines de apoyo La bicicleta el\u00e9ctrica para ni\u00f1os y ni\u00f1as Mini e-Bike\u00a0 Sparkid 12\u2019\u00a0est\u00e1 pensada para la iniciaci\u00f3n de los m\u00e1s peque\u00f1os al mundo de las 2 ruedas. Con est\u00e1 mini\u00a0bicicleta a bater\u00eda\u00a0los peque\u00f1os pilotos podr\u00e1n adquirir m\u00e1s confianza y familiarizarse con las habilidades de empujar y mantener el equilibrio, pilotar, acelerar y frenar para convertirse en experto mini bikers de bici y moto.\u00a0La bicicleta el\u00e9ctrica Mini E-Bike Sparkid 12\u2019 es evolutiva\u00a0y se adaptar\u00e1 perfectamente a sus ni\u00f1os en crecimiento.","og_url":"https:\/\/360scooters.com\/es\/producto\/bicicleta-electrica-para-ninos-mini-e-bike-sparkid12\/","og_site_name":"360Scooters | Tienda-taller de patinetes el\u00e9ctricos","article_modified_time":"2025-09-21T18:58:35+00:00","og_image":[{"width":800,"height":800,"url":"https:\/\/360scooters.com\/es\/wp-content\/uploads\/sites\/2\/2024\/11\/bicicleta-electrica-para-ninos-mini-e-bike-sparkid12-ataa.jpg","type":"image\/jpeg"}],"twitter_card":"summary_large_image","twitter_misc":{"Tiempo de lectura":"3 minutos"},"schema":{"@context":"https:\/\/schema.org","@graph":[{"@type":"WebPage","@id":"https:\/\/360scooters.com\/es\/producto\/bicicleta-electrica-para-ninos-mini-e-bike-sparkid12\/","url":"https:\/\/360scooters.com\/es\/producto\/bicicleta-electrica-para-ninos-mini-e-bike-sparkid12\/","name":"Bicicleta el\u00e9ctrica para ni\u00f1os Mini E-Bike Sparkid12 - 360Scooters | Tienda-taller de patinetes el\u00e9ctricos","isPartOf":{"@id":"https:\/\/360scooters.com\/es\/#website"},"primaryImageOfPage":{"@id":"https:\/\/360scooters.com\/es\/producto\/bicicleta-electrica-para-ninos-mini-e-bike-sparkid12\/#primaryimage"},"image":{"@id":"https:\/\/360scooters.com\/es\/producto\/bicicleta-electrica-para-ninos-mini-e-bike-sparkid12\/#primaryimage"},"thumbnailUrl":"https:\/\/360scooters.com\/es\/wp-content\/uploads\/sites\/2\/2024\/11\/bicicleta-electrica-para-ninos-mini-e-bike-sparkid12-ataa.jpg","datePublished":"2024-11-04T18:21:34+00:00","dateModified":"2025-09-21T18:58:35+00:00","breadcrumb":{"@id":"https:\/\/360scooters.com\/es\/producto\/bicicleta-electrica-para-ninos-mini-e-bike-sparkid12\/#breadcrumb"},"inLanguage":"es","potentialAction":[{"@type":"ReadAction","target":["https:\/\/360scooters.com\/es\/producto\/bicicleta-electrica-para-ninos-mini-e-bike-sparkid12\/"]}]},{"@type":"ImageObject","inLanguage":"es","@id":"https:\/\/360scooters.com\/es\/producto\/bicicleta-electrica-para-ninos-mini-e-bike-sparkid12\/#primaryimage","url":"https:\/\/360scooters.com\/es\/wp-content\/uploads\/sites\/2\/2024\/11\/bicicleta-electrica-para-ninos-mini-e-bike-sparkid12-ataa.jpg","contentUrl":"https:\/\/360scooters.com\/es\/wp-content\/uploads\/sites\/2\/2024\/11\/bicicleta-electrica-para-ninos-mini-e-bike-sparkid12-ataa.jpg","width":800,"height":800,"caption":"Bicicleta el\u00e9ctrica para ni\u00f1os Mini E-Bike Sparkid12"},{"@type":"BreadcrumbList","@id":"https:\/\/360scooters.com\/es\/producto\/bicicleta-electrica-para-ninos-mini-e-bike-sparkid12\/#breadcrumb","itemListElement":[{"@type":"ListItem","position":1,"name":"Portada","item":"https:\/\/360scooters.com\/es\/"},{"@type":"ListItem","position":2,"name":"Tienda","item":"https:\/\/360scooters.com\/es\/tienda\/"},{"@type":"ListItem","position":3,"name":"Bicicleta el\u00e9ctrica para ni\u00f1os Mini E-Bike Sparkid12"}]},{"@type":"WebSite","@id":"https:\/\/360scooters.com\/es\/#website","url":"https:\/\/360scooters.com\/es\/","name":"360Scooters - Patinetes el\u00e9ctricos en Pen\u00ednsula y Baleares - Patinetes Madrid - Patinetes Alicante - Patinetes Barcelona","description":"","publisher":{"@id":"https:\/\/360scooters.com\/es\/#organization"},"potentialAction":[{"@type":"SearchAction","target":{"@type":"EntryPoint","urlTemplate":"https:\/\/360scooters.com\/es\/?s={search_term_string}"},"query-input":{"@type":"PropertyValueSpecification","valueRequired":true,"valueName":"search_term_string"}}],"inLanguage":"es"},{"@type":"Organization","@id":"https:\/\/360scooters.com\/es\/#organization","name":"360Scooters - Patinetes el\u00e9ctricos en Pen\u00ednsula y Baleares - Patinetes Madrid - Patinetes Alicante - Patinetes Barcelona","url":"https:\/\/360scooters.com\/es\/","logo":{"@type":"ImageObject","inLanguage":"es","@id":"https:\/\/360scooters.com\/es\/#\/schema\/logo\/image\/","url":"https:\/\/360scooters.com\/es\/wp-content\/uploads\/sites\/2\/2024\/02\/logo-claimweb-e1727166047230.png","contentUrl":"https:\/\/360scooters.com\/es\/wp-content\/uploads\/sites\/2\/2024\/02\/logo-claimweb-e1727166047230.png","width":214,"height":54,"caption":"360Scooters - Patinetes el\u00e9ctricos en Pen\u00ednsula y Baleares - Patinetes Madrid - Patinetes Alicante - Patinetes Barcelona"},"image":{"@id":"https:\/\/360scooters.com\/es\/#\/schema\/logo\/image\/"}}]}},"_links":{"self":[{"href":"https:\/\/360scooters.com\/es\/wp-json\/wp\/v2\/product\/4851","targetHints":{"allow":["GET"]}}],"collection":[{"href":"https:\/\/360scooters.com\/es\/wp-json\/wp\/v2\/product"}],"about":[{"href":"https:\/\/360scooters.com\/es\/wp-json\/wp\/v2\/types\/product"}],"version-history":[{"count":1,"href":"https:\/\/360scooters.com\/es\/wp-json\/wp\/v2\/product\/4851\/revisions"}],"predecessor-version":[{"id":4871,"href":"https:\/\/360scooters.com\/es\/wp-json\/wp\/v2\/product\/4851\/revisions\/4871"}],"wp:featuredmedia":[{"embeddable":true,"href":"https:\/\/360scooters.com\/es\/wp-json\/wp\/v2\/media\/4852"}],"wp:attachment":[{"href":"https:\/\/360scooters.com\/es\/wp-json\/wp\/v2\/media?parent=4851"}],"wp:term":[{"taxonomy":"product_brand","embeddable":true,"href":"https:\/\/360scooters.com\/es\/wp-json\/wp\/v2\/product_brand?post=4851"},{"taxonomy":"product_cat","embeddable":true,"href":"https:\/\/360scooters.com\/es\/wp-json\/wp\/v2\/product_cat?post=4851"},{"taxonomy":"product_tag","embeddable":true,"href":"https:\/\/360scooters.com\/es\/wp-json\/wp\/v2\/product_tag?post=4851"},{"taxonomy":"scooter_compatibility","embeddable":true,"href":"https:\/\/360scooters.com\/es\/wp-json\/wp\/v2\/scooter_compatibility?post=4851"}],"curies":[{"name":"wp","href":"https:\/\/api.w.org\/{rel}","templated":true}]}}