{"id":4806,"date":"2024-11-04T17:11:57","date_gmt":"2024-11-04T16:11:57","guid":{"rendered":"https:\/\/360scooters.com\/es\/?post_type=product&#038;p=4806"},"modified":"2025-09-21T20:58:28","modified_gmt":"2025-09-21T18:58:28","slug":"coche-infantil-mercedes-sl400-con-mando-para-adultos-12v-colores","status":"publish","type":"product","link":"https:\/\/360scooters.com\/es\/producto\/coche-infantil-mercedes-sl400-con-mando-para-adultos-12v-colores\/","title":{"rendered":"Coche infantil Mercedes SL400 con mando para adultos 12V (colores)"},"content":{"rendered":"<h3>Coche el\u00e9ctrico para ni\u00f1os 12v Mercedes SL400 con mando para adultos<\/h3>\n<p>Este coche\u00a0<strong>a bater\u00eda infantil mercedes SL 400<\/strong>\u00a0con dos motores es un\u00a0<strong>aut\u00e9ntico deportivo mercedes para que los ni\u00f1os peque\u00f1os<\/strong>\u00a0puedan disfrutar de un paseo en\u00a0 un verdadero auto de lujo, igual que pap\u00e1 o mam\u00e1. Este coche el\u00e9ctrico para ni\u00f1os y ni\u00f1as con bater\u00eda de alto rendimiento de 12v \u00a1provocar\u00e1 la admiraci\u00f3n de todo aquel que lo vea! No es para menos,\u00a0<strong>el Mercedes SL400 con mando para padres<\/strong>\u00a0lleva todos los logos y emblemas de la famosa marca Mercedes, detalles cromados, cintur\u00f3n de seguridad, preciosas luces Led delanteras y traseras, salpicadero retroiluminado, m\u00fasica preinstalada, incluso la posibilidad de escuchar las canciones favoritas de los ni\u00f1os con un pendrive.<strong>\u00a0El deportivo el\u00e9ctrico infantil Mercedes SL400 es el coche perfecto<\/strong>\u00a0para empezar en el mundo del motor, e incluso para perfeccionar la conducci\u00f3n de nuestros hijos, dado que los beneficios para el desarrollo cognitivo de los coches el\u00e9ctricos para los ni\u00f1os son reales.\u00a0<strong>Un auto el\u00e9ctrico infantil es sin duda un regalo perfecto para los ni\u00f1os desde muy j\u00f3venes<\/strong>.<\/p>\n<p><strong>Caracter\u00edsticas principales del coche para ni\u00f1os a bater\u00eda Mercedes Sl400 12v:<\/strong><\/p>\n<p>&#8211; Marca: ATAA<\/p>\n<p>&#8211; Modelo:\u00a0<strong>Coche El\u00e9ctrico infantil<\/strong>\u00a0Mercedes SL400 con licencia oficial de Mercedes Benz (contiene logotipos, emblemas etc.).<\/p>\n<p>&#8211; Bater\u00eda: de alta calidad de 12v 4.5Ah<\/p>\n<p>&#8211; Dos motores de 12v y\u00a0 25W cada uno.<\/p>\n<p>&#8211; Cintur\u00f3n de seguridad tipo arn\u00e9s\u00a0 5 puntos para mayor sujeci\u00f3n del ni\u00f1o.<\/p>\n<p>&#8211; Suspensi\u00f3n a las 4 ruedas con absorci\u00f3n de impactos.<\/p>\n<p>&#8211; Montaje sencillo de las 4 ruedas por sistema de clic.<\/p>\n<p>&#8211; M\u00fasica pre instalada y reproductor MP3 con Card SD y USB para que pueda reproducir su propia m\u00fasica.<\/p>\n<p>&#8211; Preciosas luces LED en faros delanteros y traseros.<\/p>\n<p>&#8211; Salpicadero retro iluminado<\/p>\n<p>&#8211; Bot\u00f3n de encendido de luces<\/p>\n<p>&#8211; Bot\u00f3n de arranque<\/p>\n<p>&#8211; Apertura de puertas.<\/p>\n<p>&#8211; Mando control remoto parental con tecnolog\u00eda 2.4Ghz\u00a0 anti interferencias.<\/p>\n<p>&#8211; Velocidad m\u00e1xima 4.5 km\/hora.<\/p>\n<p>&#8211; Salida progresiva.<\/p>\n<p>&#8211;\u00a0<strong>Simulaci\u00f3n de sonidos de arranque al encender el coche el\u00e9ctrico para ni\u00f1os.<\/strong><\/p>\n<p>&#8211; Peso de carga m\u00e1ximo: 25kg.<\/p>\n<p>&#8211; Tiempo de carga 6-8 horas (primera carga 10-12 horas).<\/p>\n<p>&#8211; Duraci\u00f3n por cada carga: Entre 1 y dos horas de juego.<\/p>\n<p>&#8211;\u00a0 3\u00a0a\u00f1os de garant\u00eda.<\/p>\n<p>&#8211;\u00a0 Instrucciones en Espa\u00f1ol.<\/p>\n<p>&#8211; Medidas de la caja:\u00a0 110cm x 55cm x\u00a030 cm.<\/p>\n<p><strong>&#8211; Medidas del coche para ni\u00f1os montado:<\/strong>\u00a0110cm x 64cm x\u00a048 cm.<\/p>\n<p>&#8211; Peso de la caja: 13kg.<\/p>\n<p>&#8211; Peso del coche: 11kg.<\/p>\n<p>&#8211; Certificados Europeos de seguridad en los juguetes: EN71-1-2-3; EMC ; EN62115; CE, Rohs.<\/p>\n<p>&#8211; Env\u00edo gratis.<\/p>\n","protected":false},"excerpt":{"rendered":"<p>Coche el\u00e9ctrico para ni\u00f1os 12v Mercedes SL400 con mando para adultos Este coche\u00a0a bater\u00eda infantil mercedes SL 400\u00a0con dos motores es un\u00a0aut\u00e9ntico deportivo mercedes para que los ni\u00f1os peque\u00f1os\u00a0puedan disfrutar<\/p>\n","protected":false},"featured_media":4811,"template":"","meta":[],"product_brand":[],"product_cat":[75],"product_tag":[199],"scooter_compatibility":[],"class_list":{"0":"post-4806","1":"product","2":"type-product","3":"status-publish","4":"has-post-thumbnail","6":"product_cat-infantil","7":"product_tag-coche-infantil","8":"product_shipping_class-patinetes-electricos","10":"first","11":"outofstock","12":"sale","13":"taxable","14":"shipping-taxable","15":"purchasable","16":"product-type-variable"},"yoast_head":"<!-- This site is optimized with the Yoast SEO plugin v26.9 - https:\/\/yoast.com\/product\/yoast-seo-wordpress\/ -->\n<title>Coche infantil Mercedes SL400 con mando para adultos 12V (colores) - 360Scooters | Tienda-taller de patinetes el\u00e9ctricos<\/title>\n<meta name=\"robots\" content=\"index, follow, max-snippet:-1, max-image-preview:large, max-video-preview:-1\" \/>\n<link rel=\"canonical\" href=\"https:\/\/360scooters.com\/es\/producto\/coche-infantil-mercedes-sl400-con-mando-para-adultos-12v-colores\/\" \/>\n<meta property=\"og:locale\" content=\"es_ES\" \/>\n<meta property=\"og:type\" content=\"article\" \/>\n<meta property=\"og:title\" content=\"Coche infantil Mercedes SL400 con mando para adultos 12V (colores) - 360Scooters | Tienda-taller de patinetes el\u00e9ctricos\" \/>\n<meta property=\"og:description\" content=\"Coche el\u00e9ctrico para ni\u00f1os 12v Mercedes SL400 con mando para adultos Este coche\u00a0a bater\u00eda infantil mercedes SL 400\u00a0con dos motores es un\u00a0aut\u00e9ntico deportivo mercedes para que los ni\u00f1os peque\u00f1os\u00a0puedan disfrutar\" \/>\n<meta property=\"og:url\" content=\"https:\/\/360scooters.com\/es\/producto\/coche-infantil-mercedes-sl400-con-mando-para-adultos-12v-colores\/\" \/>\n<meta property=\"og:site_name\" content=\"360Scooters | Tienda-taller de patinetes el\u00e9ctricos\" \/>\n<meta property=\"article:modified_time\" content=\"2025-09-21T18:58:28+00:00\" \/>\n<meta property=\"og:image\" content=\"https:\/\/360scooters.com\/es\/wp-content\/uploads\/sites\/2\/2024\/11\/mercedes-sl400-con-mando-para-adultos-ataa.jpg\" \/>\n\t<meta property=\"og:image:width\" content=\"1200\" \/>\n\t<meta property=\"og:image:height\" content=\"1200\" \/>\n\t<meta property=\"og:image:type\" content=\"image\/jpeg\" \/>\n<meta name=\"twitter:card\" content=\"summary_large_image\" \/>\n<meta name=\"twitter:label1\" content=\"Tiempo de lectura\" \/>\n\t<meta name=\"twitter:data1\" content=\"3 minutos\" \/>\n<script type=\"application\/ld+json\" class=\"yoast-schema-graph\">{\"@context\":\"https:\/\/schema.org\",\"@graph\":[{\"@type\":\"WebPage\",\"@id\":\"https:\/\/360scooters.com\/es\/producto\/coche-infantil-mercedes-sl400-con-mando-para-adultos-12v-colores\/\",\"url\":\"https:\/\/360scooters.com\/es\/producto\/coche-infantil-mercedes-sl400-con-mando-para-adultos-12v-colores\/\",\"name\":\"Coche infantil Mercedes SL400 con mando para adultos 12V (colores) - 360Scooters | Tienda-taller de patinetes el\u00e9ctricos\",\"isPartOf\":{\"@id\":\"https:\/\/360scooters.com\/es\/#website\"},\"primaryImageOfPage\":{\"@id\":\"https:\/\/360scooters.com\/es\/producto\/coche-infantil-mercedes-sl400-con-mando-para-adultos-12v-colores\/#primaryimage\"},\"image\":{\"@id\":\"https:\/\/360scooters.com\/es\/producto\/coche-infantil-mercedes-sl400-con-mando-para-adultos-12v-colores\/#primaryimage\"},\"thumbnailUrl\":\"https:\/\/360scooters.com\/es\/wp-content\/uploads\/sites\/2\/2024\/11\/mercedes-sl400-con-mando-para-adultos-ataa.jpg\",\"datePublished\":\"2024-11-04T16:11:57+00:00\",\"dateModified\":\"2025-09-21T18:58:28+00:00\",\"breadcrumb\":{\"@id\":\"https:\/\/360scooters.com\/es\/producto\/coche-infantil-mercedes-sl400-con-mando-para-adultos-12v-colores\/#breadcrumb\"},\"inLanguage\":\"es\",\"potentialAction\":[{\"@type\":\"ReadAction\",\"target\":[\"https:\/\/360scooters.com\/es\/producto\/coche-infantil-mercedes-sl400-con-mando-para-adultos-12v-colores\/\"]}]},{\"@type\":\"ImageObject\",\"inLanguage\":\"es\",\"@id\":\"https:\/\/360scooters.com\/es\/producto\/coche-infantil-mercedes-sl400-con-mando-para-adultos-12v-colores\/#primaryimage\",\"url\":\"https:\/\/360scooters.com\/es\/wp-content\/uploads\/sites\/2\/2024\/11\/mercedes-sl400-con-mando-para-adultos-ataa.jpg\",\"contentUrl\":\"https:\/\/360scooters.com\/es\/wp-content\/uploads\/sites\/2\/2024\/11\/mercedes-sl400-con-mando-para-adultos-ataa.jpg\",\"width\":1200,\"height\":1200,\"caption\":\"Coche infantil Mercedes SL400 con mando para adultos 12V (colores)\"},{\"@type\":\"BreadcrumbList\",\"@id\":\"https:\/\/360scooters.com\/es\/producto\/coche-infantil-mercedes-sl400-con-mando-para-adultos-12v-colores\/#breadcrumb\",\"itemListElement\":[{\"@type\":\"ListItem\",\"position\":1,\"name\":\"Portada\",\"item\":\"https:\/\/360scooters.com\/es\/\"},{\"@type\":\"ListItem\",\"position\":2,\"name\":\"Tienda\",\"item\":\"https:\/\/360scooters.com\/es\/tienda\/\"},{\"@type\":\"ListItem\",\"position\":3,\"name\":\"Coche infantil Mercedes SL400 con mando para adultos 12V (colores)\"}]},{\"@type\":\"WebSite\",\"@id\":\"https:\/\/360scooters.com\/es\/#website\",\"url\":\"https:\/\/360scooters.com\/es\/\",\"name\":\"360Scooters - Patinetes el\u00e9ctricos en Pen\u00ednsula y Baleares - Patinetes Madrid - Patinetes Alicante - Patinetes Barcelona\",\"description\":\"\",\"publisher\":{\"@id\":\"https:\/\/360scooters.com\/es\/#organization\"},\"potentialAction\":[{\"@type\":\"SearchAction\",\"target\":{\"@type\":\"EntryPoint\",\"urlTemplate\":\"https:\/\/360scooters.com\/es\/?s={search_term_string}\"},\"query-input\":{\"@type\":\"PropertyValueSpecification\",\"valueRequired\":true,\"valueName\":\"search_term_string\"}}],\"inLanguage\":\"es\"},{\"@type\":\"Organization\",\"@id\":\"https:\/\/360scooters.com\/es\/#organization\",\"name\":\"360Scooters - Patinetes el\u00e9ctricos en Pen\u00ednsula y Baleares - Patinetes Madrid - Patinetes Alicante - Patinetes Barcelona\",\"url\":\"https:\/\/360scooters.com\/es\/\",\"logo\":{\"@type\":\"ImageObject\",\"inLanguage\":\"es\",\"@id\":\"https:\/\/360scooters.com\/es\/#\/schema\/logo\/image\/\",\"url\":\"https:\/\/360scooters.com\/es\/wp-content\/uploads\/sites\/2\/2024\/02\/logo-claimweb-e1727166047230.png\",\"contentUrl\":\"https:\/\/360scooters.com\/es\/wp-content\/uploads\/sites\/2\/2024\/02\/logo-claimweb-e1727166047230.png\",\"width\":214,\"height\":54,\"caption\":\"360Scooters - Patinetes el\u00e9ctricos en Pen\u00ednsula y Baleares - Patinetes Madrid - Patinetes Alicante - Patinetes Barcelona\"},\"image\":{\"@id\":\"https:\/\/360scooters.com\/es\/#\/schema\/logo\/image\/\"}}]}<\/script>\n<!-- \/ Yoast SEO plugin. -->","yoast_head_json":{"title":"Coche infantil Mercedes SL400 con mando para adultos 12V (colores) - 360Scooters | Tienda-taller de patinetes el\u00e9ctricos","robots":{"index":"index","follow":"follow","max-snippet":"max-snippet:-1","max-image-preview":"max-image-preview:large","max-video-preview":"max-video-preview:-1"},"canonical":"https:\/\/360scooters.com\/es\/producto\/coche-infantil-mercedes-sl400-con-mando-para-adultos-12v-colores\/","og_locale":"es_ES","og_type":"article","og_title":"Coche infantil Mercedes SL400 con mando para adultos 12V (colores) - 360Scooters | Tienda-taller de patinetes el\u00e9ctricos","og_description":"Coche el\u00e9ctrico para ni\u00f1os 12v Mercedes SL400 con mando para adultos Este coche\u00a0a bater\u00eda infantil mercedes SL 400\u00a0con dos motores es un\u00a0aut\u00e9ntico deportivo mercedes para que los ni\u00f1os peque\u00f1os\u00a0puedan disfrutar","og_url":"https:\/\/360scooters.com\/es\/producto\/coche-infantil-mercedes-sl400-con-mando-para-adultos-12v-colores\/","og_site_name":"360Scooters | Tienda-taller de patinetes el\u00e9ctricos","article_modified_time":"2025-09-21T18:58:28+00:00","og_image":[{"width":1200,"height":1200,"url":"https:\/\/360scooters.com\/es\/wp-content\/uploads\/sites\/2\/2024\/11\/mercedes-sl400-con-mando-para-adultos-ataa.jpg","type":"image\/jpeg"}],"twitter_card":"summary_large_image","twitter_misc":{"Tiempo de lectura":"3 minutos"},"schema":{"@context":"https:\/\/schema.org","@graph":[{"@type":"WebPage","@id":"https:\/\/360scooters.com\/es\/producto\/coche-infantil-mercedes-sl400-con-mando-para-adultos-12v-colores\/","url":"https:\/\/360scooters.com\/es\/producto\/coche-infantil-mercedes-sl400-con-mando-para-adultos-12v-colores\/","name":"Coche infantil Mercedes SL400 con mando para adultos 12V (colores) - 360Scooters | Tienda-taller de patinetes el\u00e9ctricos","isPartOf":{"@id":"https:\/\/360scooters.com\/es\/#website"},"primaryImageOfPage":{"@id":"https:\/\/360scooters.com\/es\/producto\/coche-infantil-mercedes-sl400-con-mando-para-adultos-12v-colores\/#primaryimage"},"image":{"@id":"https:\/\/360scooters.com\/es\/producto\/coche-infantil-mercedes-sl400-con-mando-para-adultos-12v-colores\/#primaryimage"},"thumbnailUrl":"https:\/\/360scooters.com\/es\/wp-content\/uploads\/sites\/2\/2024\/11\/mercedes-sl400-con-mando-para-adultos-ataa.jpg","datePublished":"2024-11-04T16:11:57+00:00","dateModified":"2025-09-21T18:58:28+00:00","breadcrumb":{"@id":"https:\/\/360scooters.com\/es\/producto\/coche-infantil-mercedes-sl400-con-mando-para-adultos-12v-colores\/#breadcrumb"},"inLanguage":"es","potentialAction":[{"@type":"ReadAction","target":["https:\/\/360scooters.com\/es\/producto\/coche-infantil-mercedes-sl400-con-mando-para-adultos-12v-colores\/"]}]},{"@type":"ImageObject","inLanguage":"es","@id":"https:\/\/360scooters.com\/es\/producto\/coche-infantil-mercedes-sl400-con-mando-para-adultos-12v-colores\/#primaryimage","url":"https:\/\/360scooters.com\/es\/wp-content\/uploads\/sites\/2\/2024\/11\/mercedes-sl400-con-mando-para-adultos-ataa.jpg","contentUrl":"https:\/\/360scooters.com\/es\/wp-content\/uploads\/sites\/2\/2024\/11\/mercedes-sl400-con-mando-para-adultos-ataa.jpg","width":1200,"height":1200,"caption":"Coche infantil Mercedes SL400 con mando para adultos 12V (colores)"},{"@type":"BreadcrumbList","@id":"https:\/\/360scooters.com\/es\/producto\/coche-infantil-mercedes-sl400-con-mando-para-adultos-12v-colores\/#breadcrumb","itemListElement":[{"@type":"ListItem","position":1,"name":"Portada","item":"https:\/\/360scooters.com\/es\/"},{"@type":"ListItem","position":2,"name":"Tienda","item":"https:\/\/360scooters.com\/es\/tienda\/"},{"@type":"ListItem","position":3,"name":"Coche infantil Mercedes SL400 con mando para adultos 12V (colores)"}]},{"@type":"WebSite","@id":"https:\/\/360scooters.com\/es\/#website","url":"https:\/\/360scooters.com\/es\/","name":"360Scooters - Patinetes el\u00e9ctricos en Pen\u00ednsula y Baleares - Patinetes Madrid - Patinetes Alicante - Patinetes Barcelona","description":"","publisher":{"@id":"https:\/\/360scooters.com\/es\/#organization"},"potentialAction":[{"@type":"SearchAction","target":{"@type":"EntryPoint","urlTemplate":"https:\/\/360scooters.com\/es\/?s={search_term_string}"},"query-input":{"@type":"PropertyValueSpecification","valueRequired":true,"valueName":"search_term_string"}}],"inLanguage":"es"},{"@type":"Organization","@id":"https:\/\/360scooters.com\/es\/#organization","name":"360Scooters - Patinetes el\u00e9ctricos en Pen\u00ednsula y Baleares - Patinetes Madrid - Patinetes Alicante - Patinetes Barcelona","url":"https:\/\/360scooters.com\/es\/","logo":{"@type":"ImageObject","inLanguage":"es","@id":"https:\/\/360scooters.com\/es\/#\/schema\/logo\/image\/","url":"https:\/\/360scooters.com\/es\/wp-content\/uploads\/sites\/2\/2024\/02\/logo-claimweb-e1727166047230.png","contentUrl":"https:\/\/360scooters.com\/es\/wp-content\/uploads\/sites\/2\/2024\/02\/logo-claimweb-e1727166047230.png","width":214,"height":54,"caption":"360Scooters - Patinetes el\u00e9ctricos en Pen\u00ednsula y Baleares - Patinetes Madrid - Patinetes Alicante - Patinetes Barcelona"},"image":{"@id":"https:\/\/360scooters.com\/es\/#\/schema\/logo\/image\/"}}]}},"_links":{"self":[{"href":"https:\/\/360scooters.com\/es\/wp-json\/wp\/v2\/product\/4806","targetHints":{"allow":["GET"]}}],"collection":[{"href":"https:\/\/360scooters.com\/es\/wp-json\/wp\/v2\/product"}],"about":[{"href":"https:\/\/360scooters.com\/es\/wp-json\/wp\/v2\/types\/product"}],"version-history":[{"count":1,"href":"https:\/\/360scooters.com\/es\/wp-json\/wp\/v2\/product\/4806\/revisions"}],"predecessor-version":[{"id":4831,"href":"https:\/\/360scooters.com\/es\/wp-json\/wp\/v2\/product\/4806\/revisions\/4831"}],"wp:featuredmedia":[{"embeddable":true,"href":"https:\/\/360scooters.com\/es\/wp-json\/wp\/v2\/media\/4811"}],"wp:attachment":[{"href":"https:\/\/360scooters.com\/es\/wp-json\/wp\/v2\/media?parent=4806"}],"wp:term":[{"taxonomy":"product_brand","embeddable":true,"href":"https:\/\/360scooters.com\/es\/wp-json\/wp\/v2\/product_brand?post=4806"},{"taxonomy":"product_cat","embeddable":true,"href":"https:\/\/360scooters.com\/es\/wp-json\/wp\/v2\/product_cat?post=4806"},{"taxonomy":"product_tag","embeddable":true,"href":"https:\/\/360scooters.com\/es\/wp-json\/wp\/v2\/product_tag?post=4806"},{"taxonomy":"scooter_compatibility","embeddable":true,"href":"https:\/\/360scooters.com\/es\/wp-json\/wp\/v2\/scooter_compatibility?post=4806"}],"curies":[{"name":"wp","href":"https:\/\/api.w.org\/{rel}","templated":true}]}}