{"id":4778,"date":"2024-11-04T16:56:23","date_gmt":"2024-11-04T15:56:23","guid":{"rendered":"https:\/\/360scooters.com\/es\/?post_type=product&#038;p=4778"},"modified":"2025-09-21T20:59:35","modified_gmt":"2025-09-21T18:59:35","slug":"coche-infantil-ataa-dream-6v-blanco-azul-rosa","status":"publish","type":"product","link":"https:\/\/360scooters.com\/es\/producto\/coche-infantil-ataa-dream-6v-blanco-azul-rosa\/","title":{"rendered":"Coche infantil ATAA Dream 6V (Blanco\/azul\/rosa)"},"content":{"rendered":"<h3>Coche a bater\u00eda 6v para ni\u00f1os ATAA Dream<\/h3>\n<p>El\u00a0<strong>coche el\u00e9ctrico para ni\u00f1os ATAA Dream<\/strong>\u00a0se puede controlar mediante mando control remoto sin interferencia 2.4 GHz. Cuenta con extras muy entretenidos como las luces, m\u00fasica, entrada de USB y MP3. Adem\u00e1s, este\u00a0<strong>coche para ni\u00f1os a 6v<\/strong>\u00a0tiene una suspensi\u00f3n delantera que har\u00e1 m\u00e1s agradable la experiencia del peque\u00f1o conductor.<\/p>\n<p>El\u00a0<strong>coche el\u00e9ctrico infantil ATAA Dream<\/strong>\u00a0es ideal para los ni\u00f1os m\u00e1s peque\u00f1os de la casa como su primer cochecito. Sus bonitas l\u00edneas y acabados, har\u00e1n que los m\u00e1s peques adoren este peque\u00f1o gran juguete.<\/p>\n<p><strong>Caracter\u00edsticas principales del coche el\u00e9ctrico infantil ATAA Dream<\/strong>:<\/p>\n<p>&#8211; Marca: ATAA<\/p>\n<p>&#8211; Modelo: Dream 6v<\/p>\n<p>&#8211; Bater\u00eda: 6 voltios 4ah.<\/p>\n<p>&#8211; Motor: 20w.<\/p>\n<p>&#8211; Mando control remoto incluido: el coche puede ser conducido manualmente por el ni\u00f1o o, a distancia, con el mando control remoto incluido.<\/p>\n<p>&#8211; Cintur\u00f3n de seguridad de 2 puntos.<\/p>\n<p>&#8211; Bot\u00f3n de arranque.<\/p>\n<p>&#8211; Entrada USB\/MP3 y cable Jack para reproducir su propia m\u00fasica.<\/p>\n<p>&#8211; Indicador de carga gr\u00e1fico.<\/p>\n<p>&#8211; Bot\u00f3n para cambiar el sentido de la marcha (hacia delante y hacia atr\u00e1s).<\/p>\n<p>&#8211; Suspensi\u00f3n delantera.<\/p>\n<p>&#8211; Volante multifunci\u00f3n, activaci\u00f3n de m\u00fasica y claxon.<\/p>\n<p>&#8211; M\u00fasica preinstalada.<\/p>\n<p>&#8211; Preciosas luces delanteras.<\/p>\n<p>&#8211; Apertura de puertas.<\/p>\n<p>&#8211; Cargador con indicador del estado de carga de la bater\u00eda.<\/p>\n<p>&#8211; Medidas del coche montado: 90*60*40 cm.<\/p>\n<p>&#8211; Peso del coche: 7,4 kg.<\/p>\n<p>&#8211; Edad recomendada:\u00a0hasta 4 a\u00f1os aprox. (utilizar siempre bajo la supervisi\u00f3n de un adulto).<\/p>\n<p>&#8211; Peso de carga m\u00e1ximo permitido: 25 kg.<\/p>\n<p>&#8211; Certificados CE en cumplimiento de las normativas europeas.<\/p>\n","protected":false},"excerpt":{"rendered":"<p><strong>Coche el\u00e9ctrico para ni\u00f1os ATAA Dream 6v con mando para padres<\/strong><\/p>\n<p>El\u00a0<strong>coche para ni\u00f1os ATAA Dream<\/strong>\u00a0con bater\u00eda de 6 voltios, es un\u00a0<strong>coche el\u00e9ctrico que ofrece unos extras muy divertidos<\/strong>, como m\u00fasica y luces. Es ideal para los bebes de la casa, recomendado para ni\u00f1os de hasta 4 a\u00f1os. Este\u00a0<strong>coche el\u00e9ctrico para ni\u00f1os peque\u00f1os<\/strong>, es perfecto como primer coche, ya que la potencia y el espacio se ajustan a los m\u00e1s peque\u00f1os.<\/p>\n","protected":false},"featured_media":4782,"template":"","meta":[],"product_brand":[],"product_cat":[75],"product_tag":[199],"scooter_compatibility":[],"class_list":{"0":"post-4778","1":"product","2":"type-product","3":"status-publish","4":"has-post-thumbnail","6":"product_cat-infantil","7":"product_tag-coche-infantil","8":"product_shipping_class-patinetes-electricos","10":"first","11":"instock","12":"taxable","13":"shipping-taxable","14":"purchasable","15":"product-type-variable"},"yoast_head":"<!-- This site is optimized with the Yoast SEO plugin v26.9 - https:\/\/yoast.com\/product\/yoast-seo-wordpress\/ -->\n<title>Coche infantil ATAA Dream 6V (Blanco\/azul\/rosa) - 360Scooters | Tienda-taller de patinetes el\u00e9ctricos<\/title>\n<meta name=\"robots\" content=\"index, follow, max-snippet:-1, max-image-preview:large, max-video-preview:-1\" \/>\n<link rel=\"canonical\" href=\"https:\/\/360scooters.com\/es\/producto\/coche-infantil-ataa-dream-6v-blanco-azul-rosa\/\" \/>\n<meta property=\"og:locale\" content=\"es_ES\" \/>\n<meta property=\"og:type\" content=\"article\" \/>\n<meta property=\"og:title\" content=\"Coche infantil ATAA Dream 6V (Blanco\/azul\/rosa) - 360Scooters | Tienda-taller de patinetes el\u00e9ctricos\" \/>\n<meta property=\"og:description\" content=\"Coche el\u00e9ctrico para ni\u00f1os ATAA Dream 6v con mando para padres  El\u00a0coche para ni\u00f1os ATAA Dream\u00a0con bater\u00eda de 6 voltios, es un\u00a0coche el\u00e9ctrico que ofrece unos extras muy divertidos, como m\u00fasica y luces. Es ideal para los bebes de la casa, recomendado para ni\u00f1os de hasta 4 a\u00f1os. Este\u00a0coche el\u00e9ctrico para ni\u00f1os peque\u00f1os, es perfecto como primer coche, ya que la potencia y el espacio se ajustan a los m\u00e1s peque\u00f1os.\" \/>\n<meta property=\"og:url\" content=\"https:\/\/360scooters.com\/es\/producto\/coche-infantil-ataa-dream-6v-blanco-azul-rosa\/\" \/>\n<meta property=\"og:site_name\" content=\"360Scooters | Tienda-taller de patinetes el\u00e9ctricos\" \/>\n<meta property=\"article:modified_time\" content=\"2025-09-21T18:59:35+00:00\" \/>\n<meta property=\"og:image\" content=\"https:\/\/360scooters.com\/es\/wp-content\/uploads\/sites\/2\/2024\/11\/ataa-dream-ataa.jpg\" \/>\n\t<meta property=\"og:image:width\" content=\"1200\" \/>\n\t<meta property=\"og:image:height\" content=\"1200\" \/>\n\t<meta property=\"og:image:type\" content=\"image\/jpeg\" \/>\n<meta name=\"twitter:card\" content=\"summary_large_image\" \/>\n<meta name=\"twitter:label1\" content=\"Tiempo de lectura\" \/>\n\t<meta name=\"twitter:data1\" content=\"2 minutos\" \/>\n<script type=\"application\/ld+json\" class=\"yoast-schema-graph\">{\"@context\":\"https:\/\/schema.org\",\"@graph\":[{\"@type\":\"WebPage\",\"@id\":\"https:\/\/360scooters.com\/es\/producto\/coche-infantil-ataa-dream-6v-blanco-azul-rosa\/\",\"url\":\"https:\/\/360scooters.com\/es\/producto\/coche-infantil-ataa-dream-6v-blanco-azul-rosa\/\",\"name\":\"Coche infantil ATAA Dream 6V (Blanco\/azul\/rosa) - 360Scooters | Tienda-taller de patinetes el\u00e9ctricos\",\"isPartOf\":{\"@id\":\"https:\/\/360scooters.com\/es\/#website\"},\"primaryImageOfPage\":{\"@id\":\"https:\/\/360scooters.com\/es\/producto\/coche-infantil-ataa-dream-6v-blanco-azul-rosa\/#primaryimage\"},\"image\":{\"@id\":\"https:\/\/360scooters.com\/es\/producto\/coche-infantil-ataa-dream-6v-blanco-azul-rosa\/#primaryimage\"},\"thumbnailUrl\":\"https:\/\/360scooters.com\/es\/wp-content\/uploads\/sites\/2\/2024\/11\/ataa-dream-ataa.jpg\",\"datePublished\":\"2024-11-04T15:56:23+00:00\",\"dateModified\":\"2025-09-21T18:59:35+00:00\",\"breadcrumb\":{\"@id\":\"https:\/\/360scooters.com\/es\/producto\/coche-infantil-ataa-dream-6v-blanco-azul-rosa\/#breadcrumb\"},\"inLanguage\":\"es\",\"potentialAction\":[{\"@type\":\"ReadAction\",\"target\":[\"https:\/\/360scooters.com\/es\/producto\/coche-infantil-ataa-dream-6v-blanco-azul-rosa\/\"]}]},{\"@type\":\"ImageObject\",\"inLanguage\":\"es\",\"@id\":\"https:\/\/360scooters.com\/es\/producto\/coche-infantil-ataa-dream-6v-blanco-azul-rosa\/#primaryimage\",\"url\":\"https:\/\/360scooters.com\/es\/wp-content\/uploads\/sites\/2\/2024\/11\/ataa-dream-ataa.jpg\",\"contentUrl\":\"https:\/\/360scooters.com\/es\/wp-content\/uploads\/sites\/2\/2024\/11\/ataa-dream-ataa.jpg\",\"width\":1200,\"height\":1200,\"caption\":\"Coche infantil ATAA Dream 6V (Blanco\/azul\/rosa)\"},{\"@type\":\"BreadcrumbList\",\"@id\":\"https:\/\/360scooters.com\/es\/producto\/coche-infantil-ataa-dream-6v-blanco-azul-rosa\/#breadcrumb\",\"itemListElement\":[{\"@type\":\"ListItem\",\"position\":1,\"name\":\"Portada\",\"item\":\"https:\/\/360scooters.com\/es\/\"},{\"@type\":\"ListItem\",\"position\":2,\"name\":\"Tienda\",\"item\":\"https:\/\/360scooters.com\/es\/tienda\/\"},{\"@type\":\"ListItem\",\"position\":3,\"name\":\"Coche infantil ATAA Dream 6V (Blanco\/azul\/rosa)\"}]},{\"@type\":\"WebSite\",\"@id\":\"https:\/\/360scooters.com\/es\/#website\",\"url\":\"https:\/\/360scooters.com\/es\/\",\"name\":\"360Scooters - Patinetes el\u00e9ctricos en Pen\u00ednsula y Baleares - Patinetes Madrid - Patinetes Alicante - Patinetes Barcelona\",\"description\":\"\",\"publisher\":{\"@id\":\"https:\/\/360scooters.com\/es\/#organization\"},\"potentialAction\":[{\"@type\":\"SearchAction\",\"target\":{\"@type\":\"EntryPoint\",\"urlTemplate\":\"https:\/\/360scooters.com\/es\/?s={search_term_string}\"},\"query-input\":{\"@type\":\"PropertyValueSpecification\",\"valueRequired\":true,\"valueName\":\"search_term_string\"}}],\"inLanguage\":\"es\"},{\"@type\":\"Organization\",\"@id\":\"https:\/\/360scooters.com\/es\/#organization\",\"name\":\"360Scooters - Patinetes el\u00e9ctricos en Pen\u00ednsula y Baleares - Patinetes Madrid - Patinetes Alicante - Patinetes Barcelona\",\"url\":\"https:\/\/360scooters.com\/es\/\",\"logo\":{\"@type\":\"ImageObject\",\"inLanguage\":\"es\",\"@id\":\"https:\/\/360scooters.com\/es\/#\/schema\/logo\/image\/\",\"url\":\"https:\/\/360scooters.com\/es\/wp-content\/uploads\/sites\/2\/2024\/02\/logo-claimweb-e1727166047230.png\",\"contentUrl\":\"https:\/\/360scooters.com\/es\/wp-content\/uploads\/sites\/2\/2024\/02\/logo-claimweb-e1727166047230.png\",\"width\":214,\"height\":54,\"caption\":\"360Scooters - Patinetes el\u00e9ctricos en Pen\u00ednsula y Baleares - Patinetes Madrid - Patinetes Alicante - Patinetes Barcelona\"},\"image\":{\"@id\":\"https:\/\/360scooters.com\/es\/#\/schema\/logo\/image\/\"}}]}<\/script>\n<!-- \/ Yoast SEO plugin. -->","yoast_head_json":{"title":"Coche infantil ATAA Dream 6V (Blanco\/azul\/rosa) - 360Scooters | Tienda-taller de patinetes el\u00e9ctricos","robots":{"index":"index","follow":"follow","max-snippet":"max-snippet:-1","max-image-preview":"max-image-preview:large","max-video-preview":"max-video-preview:-1"},"canonical":"https:\/\/360scooters.com\/es\/producto\/coche-infantil-ataa-dream-6v-blanco-azul-rosa\/","og_locale":"es_ES","og_type":"article","og_title":"Coche infantil ATAA Dream 6V (Blanco\/azul\/rosa) - 360Scooters | Tienda-taller de patinetes el\u00e9ctricos","og_description":"Coche el\u00e9ctrico para ni\u00f1os ATAA Dream 6v con mando para padres  El\u00a0coche para ni\u00f1os ATAA Dream\u00a0con bater\u00eda de 6 voltios, es un\u00a0coche el\u00e9ctrico que ofrece unos extras muy divertidos, como m\u00fasica y luces. Es ideal para los bebes de la casa, recomendado para ni\u00f1os de hasta 4 a\u00f1os. Este\u00a0coche el\u00e9ctrico para ni\u00f1os peque\u00f1os, es perfecto como primer coche, ya que la potencia y el espacio se ajustan a los m\u00e1s peque\u00f1os.","og_url":"https:\/\/360scooters.com\/es\/producto\/coche-infantil-ataa-dream-6v-blanco-azul-rosa\/","og_site_name":"360Scooters | Tienda-taller de patinetes el\u00e9ctricos","article_modified_time":"2025-09-21T18:59:35+00:00","og_image":[{"width":1200,"height":1200,"url":"https:\/\/360scooters.com\/es\/wp-content\/uploads\/sites\/2\/2024\/11\/ataa-dream-ataa.jpg","type":"image\/jpeg"}],"twitter_card":"summary_large_image","twitter_misc":{"Tiempo de lectura":"2 minutos"},"schema":{"@context":"https:\/\/schema.org","@graph":[{"@type":"WebPage","@id":"https:\/\/360scooters.com\/es\/producto\/coche-infantil-ataa-dream-6v-blanco-azul-rosa\/","url":"https:\/\/360scooters.com\/es\/producto\/coche-infantil-ataa-dream-6v-blanco-azul-rosa\/","name":"Coche infantil ATAA Dream 6V (Blanco\/azul\/rosa) - 360Scooters | Tienda-taller de patinetes el\u00e9ctricos","isPartOf":{"@id":"https:\/\/360scooters.com\/es\/#website"},"primaryImageOfPage":{"@id":"https:\/\/360scooters.com\/es\/producto\/coche-infantil-ataa-dream-6v-blanco-azul-rosa\/#primaryimage"},"image":{"@id":"https:\/\/360scooters.com\/es\/producto\/coche-infantil-ataa-dream-6v-blanco-azul-rosa\/#primaryimage"},"thumbnailUrl":"https:\/\/360scooters.com\/es\/wp-content\/uploads\/sites\/2\/2024\/11\/ataa-dream-ataa.jpg","datePublished":"2024-11-04T15:56:23+00:00","dateModified":"2025-09-21T18:59:35+00:00","breadcrumb":{"@id":"https:\/\/360scooters.com\/es\/producto\/coche-infantil-ataa-dream-6v-blanco-azul-rosa\/#breadcrumb"},"inLanguage":"es","potentialAction":[{"@type":"ReadAction","target":["https:\/\/360scooters.com\/es\/producto\/coche-infantil-ataa-dream-6v-blanco-azul-rosa\/"]}]},{"@type":"ImageObject","inLanguage":"es","@id":"https:\/\/360scooters.com\/es\/producto\/coche-infantil-ataa-dream-6v-blanco-azul-rosa\/#primaryimage","url":"https:\/\/360scooters.com\/es\/wp-content\/uploads\/sites\/2\/2024\/11\/ataa-dream-ataa.jpg","contentUrl":"https:\/\/360scooters.com\/es\/wp-content\/uploads\/sites\/2\/2024\/11\/ataa-dream-ataa.jpg","width":1200,"height":1200,"caption":"Coche infantil ATAA Dream 6V (Blanco\/azul\/rosa)"},{"@type":"BreadcrumbList","@id":"https:\/\/360scooters.com\/es\/producto\/coche-infantil-ataa-dream-6v-blanco-azul-rosa\/#breadcrumb","itemListElement":[{"@type":"ListItem","position":1,"name":"Portada","item":"https:\/\/360scooters.com\/es\/"},{"@type":"ListItem","position":2,"name":"Tienda","item":"https:\/\/360scooters.com\/es\/tienda\/"},{"@type":"ListItem","position":3,"name":"Coche infantil ATAA Dream 6V (Blanco\/azul\/rosa)"}]},{"@type":"WebSite","@id":"https:\/\/360scooters.com\/es\/#website","url":"https:\/\/360scooters.com\/es\/","name":"360Scooters - Patinetes el\u00e9ctricos en Pen\u00ednsula y Baleares - Patinetes Madrid - Patinetes Alicante - Patinetes Barcelona","description":"","publisher":{"@id":"https:\/\/360scooters.com\/es\/#organization"},"potentialAction":[{"@type":"SearchAction","target":{"@type":"EntryPoint","urlTemplate":"https:\/\/360scooters.com\/es\/?s={search_term_string}"},"query-input":{"@type":"PropertyValueSpecification","valueRequired":true,"valueName":"search_term_string"}}],"inLanguage":"es"},{"@type":"Organization","@id":"https:\/\/360scooters.com\/es\/#organization","name":"360Scooters - Patinetes el\u00e9ctricos en Pen\u00ednsula y Baleares - Patinetes Madrid - Patinetes Alicante - Patinetes Barcelona","url":"https:\/\/360scooters.com\/es\/","logo":{"@type":"ImageObject","inLanguage":"es","@id":"https:\/\/360scooters.com\/es\/#\/schema\/logo\/image\/","url":"https:\/\/360scooters.com\/es\/wp-content\/uploads\/sites\/2\/2024\/02\/logo-claimweb-e1727166047230.png","contentUrl":"https:\/\/360scooters.com\/es\/wp-content\/uploads\/sites\/2\/2024\/02\/logo-claimweb-e1727166047230.png","width":214,"height":54,"caption":"360Scooters - Patinetes el\u00e9ctricos en Pen\u00ednsula y Baleares - Patinetes Madrid - Patinetes Alicante - Patinetes Barcelona"},"image":{"@id":"https:\/\/360scooters.com\/es\/#\/schema\/logo\/image\/"}}]}},"_links":{"self":[{"href":"https:\/\/360scooters.com\/es\/wp-json\/wp\/v2\/product\/4778","targetHints":{"allow":["GET"]}}],"collection":[{"href":"https:\/\/360scooters.com\/es\/wp-json\/wp\/v2\/product"}],"about":[{"href":"https:\/\/360scooters.com\/es\/wp-json\/wp\/v2\/types\/product"}],"version-history":[{"count":1,"href":"https:\/\/360scooters.com\/es\/wp-json\/wp\/v2\/product\/4778\/revisions"}],"predecessor-version":[{"id":4797,"href":"https:\/\/360scooters.com\/es\/wp-json\/wp\/v2\/product\/4778\/revisions\/4797"}],"wp:featuredmedia":[{"embeddable":true,"href":"https:\/\/360scooters.com\/es\/wp-json\/wp\/v2\/media\/4782"}],"wp:attachment":[{"href":"https:\/\/360scooters.com\/es\/wp-json\/wp\/v2\/media?parent=4778"}],"wp:term":[{"taxonomy":"product_brand","embeddable":true,"href":"https:\/\/360scooters.com\/es\/wp-json\/wp\/v2\/product_brand?post=4778"},{"taxonomy":"product_cat","embeddable":true,"href":"https:\/\/360scooters.com\/es\/wp-json\/wp\/v2\/product_cat?post=4778"},{"taxonomy":"product_tag","embeddable":true,"href":"https:\/\/360scooters.com\/es\/wp-json\/wp\/v2\/product_tag?post=4778"},{"taxonomy":"scooter_compatibility","embeddable":true,"href":"https:\/\/360scooters.com\/es\/wp-json\/wp\/v2\/scooter_compatibility?post=4778"}],"curies":[{"name":"wp","href":"https:\/\/api.w.org\/{rel}","templated":true}]}}