{"id":4763,"date":"2024-11-04T13:55:49","date_gmt":"2024-11-04T12:55:49","guid":{"rendered":"https:\/\/360scooters.com\/es\/?post_type=product&#038;p=4763"},"modified":"2025-01-23T19:21:33","modified_gmt":"2025-01-23T18:21:33","slug":"coche-infantil-ford-mustang-24v-con-drift-y-mp4-rosa-negro-rojo","status":"publish","type":"product","link":"https:\/\/360scooters.com\/es\/producto\/coche-infantil-ford-mustang-24v-con-drift-y-mp4-rosa-negro-rojo\/","title":{"rendered":"Coche infantil Ford Mustang 24V con drift y MP4 (rosa\/negro\/rojo)"},"content":{"rendered":"<p><iframe title=\"Ford Mustang 24v con DRIFT y MP4\" width=\"1170\" height=\"658\" src=\"https:\/\/www.youtube.com\/embed\/t-kRNOxNzjU?feature=oembed\" frameborder=\"0\" allow=\"accelerometer; autoplay; clipboard-write; encrypted-media; gyroscope; picture-in-picture; web-share\" referrerpolicy=\"strict-origin-when-cross-origin\" allowfullscreen><\/iframe><\/p>\n<h3>Ford Mustang 24v coche el\u00e9ctrico de lujo con mando para padres y\u00a0pantalla MP4<\/h3>\n<p><strong>El coche el\u00e9ctrico para ni\u00f1os FORD Mustang 24v es un coche de ensue\u00f1o<\/strong>\u00a0para cualquier ni\u00f1o o ni\u00f1a que desea ponerse al volante de una aut\u00e9ntico icono americano. El esp\u00edritu salvaje y de libertad encarnada por el modelo m\u00e1s famoso de la marca americana Ford, est\u00e1 plasmado con un \u00e9xito rotundo en este coche a bater\u00eda infantil. En efecto,\u00a0<strong>el Ford Mustang el\u00e9ctrico para ni\u00f1os es uno de los modelos de 24v m\u00e1s equipado<\/strong>s y con la tecnolog\u00eda m\u00e1s puntera que pueda encontrar. El Ford Mustang 24v, es un coche con todos los extras de lujos disponibles, ruedas de goma EVA, asiento acolchado de polipiel, luces, m\u00fasica, una incre\u00edble pantalla MP4 donde se puede ver v\u00eddeos y escuchar canciones, pintura metalizada adem\u00e1s de la nueva funci\u00f3n DRIFT, que permite al coche realizar peque\u00f1os derrapes al girar, o bien unos buenos trompos en funci\u00f3n de la destreza del conductor o de la persona controlando el coche con el mando de control parental.<\/p>\n<p><strong>El Ford Mustang es el coche m\u00e1s puntero de la marca ATAA.<\/strong><\/p>\n<p><strong>Caracter\u00edsticas principales del coche el\u00e9ctrico infantil\u00a0Ford Mustang 24v:<\/strong><\/p>\n<p>&#8211; Marca:\u00a0Ford<\/p>\n<p>&#8211; Modelo:\u00a0Mustang<\/p>\n<p>&#8211; Bater\u00eda: 2 Bater\u00edas de 12 voltios\u00a07aH. para un total de 24V.<\/p>\n<p>&#8211; Motor: 2 motores\u00a0de 200w y 24v cada uno.<\/p>\n<p>&#8211; Licencia oficial Ford Mustang: cuenta con emblemas y logotipos oficiales.<\/p>\n<p>&#8211;<strong>\u00a0Mando control remoto incluido:<\/strong>\u00a0El coche puede ser conducido manualmente por el ni\u00f1o o a distancia con el mando control remoto incluido.<\/p>\n<p>&#8211; Cintur\u00f3n de seguridad a 5 puntos.<\/p>\n<p>&#8211; Entrada USB, tarjeta y cable jack para reproducir su propia m\u00fasica a partir de un m\u00f3vil.<\/p>\n<p><strong>&#8211; Pantalla MP4.<\/strong><\/p>\n<p>&#8211; M\u00fasica preinstalada gracias a la tarjeta de memoria 1G incluida.<\/p>\n<p>&#8211; Indicador de carga en la pantalla.<\/p>\n<p>&#8211;\u00a0Palanca para cambiar el sentido de la marcha (hacia delante y hacia atr\u00e1s).<\/p>\n<p>&#8211; Bot\u00f3n de encendido.<\/p>\n<p>&#8211; Volante multifunci\u00f3n, activaci\u00f3n de m\u00fasica y claxon.<\/p>\n<p>&#8211; Dos velocidades.<\/p>\n<p>&#8211; Preciosas luces\u00a0LED en faros delanteros y traseros.<\/p>\n<p><strong>&#8211; Rueda de goma EVA delanteras, y pl\u00e1stico especial trasera para realizar trompos.<\/strong><\/p>\n<p><strong>&#8211; Asiento acolchado de polipiel regulable.<\/strong><\/p>\n<p><strong>&#8211; Pintura metalizada.<\/strong><\/p>\n<p><strong>&#8211; Funci\u00f3n Drift para realizar derrapes al girar.<\/strong><\/p>\n<p><strong>&#8211; Suspensi\u00f3n a las 4 ruedas.<\/strong><\/p>\n<p>&#8211; Asa de transporte con ruedines.<\/p>\n<p>&#8211; Salpicadero retroiluminado<\/p>\n<p>&#8211; Medidas del coche montado: 117 *70.5*47.5 cm.<\/p>\n<p>&#8211; Apertura de puertas.<\/p>\n<p>&#8211; Cargador con indicador del estado de carga de la bater\u00eda.<\/p>\n<p>&#8211; Peso del coche:\u00a023 kg.<\/p>\n<p>&#8211; Edad recomendada: de hasta 7 a\u00f1os aproximadamente. (Utilizar siempre con la vigilancia de un adulto).<\/p>\n<p>&#8211; Peso de carga m\u00e1ximo permitido: 30 kg.<\/p>\n<p>&#8211; Certificados CE en cumplimiento de las normativas europeas.<\/p>\n","protected":false},"excerpt":{"rendered":"<p><strong>Fant\u00e1stico coche el\u00e9ctrico para ni\u00f1os FORD Mustang 24v con pantalla MP4 y funci\u00f3n DRIFT para\u00a0realizar trompos<\/strong><\/p>\n<p>El coche inspirado en los caballos salvajes del oeste americano, el \u00edcono\u00a0reconocible a primer vista ahora tambi\u00e9n disponible en versi\u00f3n infantil.\u00a0<strong>El coche de bater\u00eda para ni\u00f1os Ford Mustang con bater\u00eda de alto rendimiento 24v y 7Ah<\/strong>\u00a0es un coche totalmente alucinante con todos los extras y la \u00faltima tecnolog\u00eda en cochecito el\u00e9ctrico para ni\u00f1os. Entre otros,\u00a0<strong>el Ford Mustang est\u00e1 equipado de asientos de polipiel<\/strong>, ruedas EVA antipinchazos, pintura metalizada, pantalla MP4 para ver v\u00eddeos, y funci\u00f3n Drift que permite derrapar con el coche y realizar peque\u00f1os trompos.<\/p>\n","protected":false},"featured_media":4767,"template":"","meta":[],"product_brand":[],"product_cat":[75],"product_tag":[199],"scooter_compatibility":[],"class_list":{"0":"post-4763","1":"product","2":"type-product","3":"status-publish","4":"has-post-thumbnail","6":"product_cat-infantil","7":"product_tag-coche-infantil","8":"product_shipping_class-patinetes-electricos","10":"first","11":"instock","12":"sale","13":"taxable","14":"shipping-taxable","15":"purchasable","16":"product-type-variable"},"yoast_head":"<!-- This site is optimized with the Yoast SEO plugin v26.9 - https:\/\/yoast.com\/product\/yoast-seo-wordpress\/ -->\n<title>Coche infantil Ford Mustang 24V con drift y MP4 (rosa\/negro\/rojo) - 360Scooters | Tienda-taller de patinetes el\u00e9ctricos<\/title>\n<meta name=\"robots\" content=\"index, follow, max-snippet:-1, max-image-preview:large, max-video-preview:-1\" \/>\n<link rel=\"canonical\" href=\"https:\/\/360scooters.com\/es\/producto\/coche-infantil-ford-mustang-24v-con-drift-y-mp4-rosa-negro-rojo\/\" \/>\n<meta property=\"og:locale\" content=\"es_ES\" \/>\n<meta property=\"og:type\" content=\"article\" \/>\n<meta property=\"og:title\" content=\"Coche infantil Ford Mustang 24V con drift y MP4 (rosa\/negro\/rojo) - 360Scooters | Tienda-taller de patinetes el\u00e9ctricos\" \/>\n<meta property=\"og:description\" content=\"Fant\u00e1stico coche el\u00e9ctrico para ni\u00f1os FORD Mustang 24v con pantalla MP4 y funci\u00f3n DRIFT para\u00a0realizar trompos  El coche inspirado en los caballos salvajes del oeste americano, el \u00edcono\u00a0reconocible a primer vista ahora tambi\u00e9n disponible en versi\u00f3n infantil.\u00a0El coche de bater\u00eda para ni\u00f1os Ford Mustang con bater\u00eda de alto rendimiento 24v y 7Ah\u00a0es un coche totalmente alucinante con todos los extras y la \u00faltima tecnolog\u00eda en cochecito el\u00e9ctrico para ni\u00f1os. Entre otros,\u00a0el Ford Mustang est\u00e1 equipado de asientos de polipiel, ruedas EVA antipinchazos, pintura metalizada, pantalla MP4 para ver v\u00eddeos, y funci\u00f3n Drift que permite derrapar con el coche y realizar peque\u00f1os trompos.\" \/>\n<meta property=\"og:url\" content=\"https:\/\/360scooters.com\/es\/producto\/coche-infantil-ford-mustang-24v-con-drift-y-mp4-rosa-negro-rojo\/\" \/>\n<meta property=\"og:site_name\" content=\"360Scooters | Tienda-taller de patinetes el\u00e9ctricos\" \/>\n<meta property=\"article:modified_time\" content=\"2025-01-23T18:21:33+00:00\" \/>\n<meta property=\"og:image\" content=\"https:\/\/360scooters.com\/es\/wp-content\/uploads\/sites\/2\/2024\/11\/ford-mustang-24v-con-drift-y-mp4-ataa.jpg\" \/>\n\t<meta property=\"og:image:width\" content=\"1200\" \/>\n\t<meta property=\"og:image:height\" content=\"1200\" \/>\n\t<meta property=\"og:image:type\" content=\"image\/jpeg\" \/>\n<meta name=\"twitter:card\" content=\"summary_large_image\" \/>\n<meta name=\"twitter:label1\" content=\"Tiempo de lectura\" \/>\n\t<meta name=\"twitter:data1\" content=\"3 minutos\" \/>\n<script type=\"application\/ld+json\" class=\"yoast-schema-graph\">{\"@context\":\"https:\/\/schema.org\",\"@graph\":[{\"@type\":\"WebPage\",\"@id\":\"https:\/\/360scooters.com\/es\/producto\/coche-infantil-ford-mustang-24v-con-drift-y-mp4-rosa-negro-rojo\/\",\"url\":\"https:\/\/360scooters.com\/es\/producto\/coche-infantil-ford-mustang-24v-con-drift-y-mp4-rosa-negro-rojo\/\",\"name\":\"Coche infantil Ford Mustang 24V con drift y MP4 (rosa\/negro\/rojo) - 360Scooters | Tienda-taller de patinetes el\u00e9ctricos\",\"isPartOf\":{\"@id\":\"https:\/\/360scooters.com\/es\/#website\"},\"primaryImageOfPage\":{\"@id\":\"https:\/\/360scooters.com\/es\/producto\/coche-infantil-ford-mustang-24v-con-drift-y-mp4-rosa-negro-rojo\/#primaryimage\"},\"image\":{\"@id\":\"https:\/\/360scooters.com\/es\/producto\/coche-infantil-ford-mustang-24v-con-drift-y-mp4-rosa-negro-rojo\/#primaryimage\"},\"thumbnailUrl\":\"https:\/\/360scooters.com\/es\/wp-content\/uploads\/sites\/2\/2024\/11\/ford-mustang-24v-con-drift-y-mp4-ataa.jpg\",\"datePublished\":\"2024-11-04T12:55:49+00:00\",\"dateModified\":\"2025-01-23T18:21:33+00:00\",\"breadcrumb\":{\"@id\":\"https:\/\/360scooters.com\/es\/producto\/coche-infantil-ford-mustang-24v-con-drift-y-mp4-rosa-negro-rojo\/#breadcrumb\"},\"inLanguage\":\"es\",\"potentialAction\":[{\"@type\":\"ReadAction\",\"target\":[\"https:\/\/360scooters.com\/es\/producto\/coche-infantil-ford-mustang-24v-con-drift-y-mp4-rosa-negro-rojo\/\"]}]},{\"@type\":\"ImageObject\",\"inLanguage\":\"es\",\"@id\":\"https:\/\/360scooters.com\/es\/producto\/coche-infantil-ford-mustang-24v-con-drift-y-mp4-rosa-negro-rojo\/#primaryimage\",\"url\":\"https:\/\/360scooters.com\/es\/wp-content\/uploads\/sites\/2\/2024\/11\/ford-mustang-24v-con-drift-y-mp4-ataa.jpg\",\"contentUrl\":\"https:\/\/360scooters.com\/es\/wp-content\/uploads\/sites\/2\/2024\/11\/ford-mustang-24v-con-drift-y-mp4-ataa.jpg\",\"width\":1200,\"height\":1200},{\"@type\":\"BreadcrumbList\",\"@id\":\"https:\/\/360scooters.com\/es\/producto\/coche-infantil-ford-mustang-24v-con-drift-y-mp4-rosa-negro-rojo\/#breadcrumb\",\"itemListElement\":[{\"@type\":\"ListItem\",\"position\":1,\"name\":\"Portada\",\"item\":\"https:\/\/360scooters.com\/es\/\"},{\"@type\":\"ListItem\",\"position\":2,\"name\":\"Tienda\",\"item\":\"https:\/\/360scooters.com\/es\/tienda\/\"},{\"@type\":\"ListItem\",\"position\":3,\"name\":\"Coche infantil Ford Mustang 24V con drift y MP4 (rosa\/negro\/rojo)\"}]},{\"@type\":\"WebSite\",\"@id\":\"https:\/\/360scooters.com\/es\/#website\",\"url\":\"https:\/\/360scooters.com\/es\/\",\"name\":\"360Scooters - Patinetes el\u00e9ctricos en Pen\u00ednsula y Baleares - Patinetes Madrid - Patinetes Alicante - Patinetes Barcelona\",\"description\":\"\",\"publisher\":{\"@id\":\"https:\/\/360scooters.com\/es\/#organization\"},\"potentialAction\":[{\"@type\":\"SearchAction\",\"target\":{\"@type\":\"EntryPoint\",\"urlTemplate\":\"https:\/\/360scooters.com\/es\/?s={search_term_string}\"},\"query-input\":{\"@type\":\"PropertyValueSpecification\",\"valueRequired\":true,\"valueName\":\"search_term_string\"}}],\"inLanguage\":\"es\"},{\"@type\":\"Organization\",\"@id\":\"https:\/\/360scooters.com\/es\/#organization\",\"name\":\"360Scooters - Patinetes el\u00e9ctricos en Pen\u00ednsula y Baleares - Patinetes Madrid - Patinetes Alicante - Patinetes Barcelona\",\"url\":\"https:\/\/360scooters.com\/es\/\",\"logo\":{\"@type\":\"ImageObject\",\"inLanguage\":\"es\",\"@id\":\"https:\/\/360scooters.com\/es\/#\/schema\/logo\/image\/\",\"url\":\"https:\/\/360scooters.com\/es\/wp-content\/uploads\/sites\/2\/2024\/02\/logo-claimweb-e1727166047230.png\",\"contentUrl\":\"https:\/\/360scooters.com\/es\/wp-content\/uploads\/sites\/2\/2024\/02\/logo-claimweb-e1727166047230.png\",\"width\":214,\"height\":54,\"caption\":\"360Scooters - Patinetes el\u00e9ctricos en Pen\u00ednsula y Baleares - Patinetes Madrid - Patinetes Alicante - Patinetes Barcelona\"},\"image\":{\"@id\":\"https:\/\/360scooters.com\/es\/#\/schema\/logo\/image\/\"}}]}<\/script>\n<!-- \/ Yoast SEO plugin. -->","yoast_head_json":{"title":"Coche infantil Ford Mustang 24V con drift y MP4 (rosa\/negro\/rojo) - 360Scooters | Tienda-taller de patinetes el\u00e9ctricos","robots":{"index":"index","follow":"follow","max-snippet":"max-snippet:-1","max-image-preview":"max-image-preview:large","max-video-preview":"max-video-preview:-1"},"canonical":"https:\/\/360scooters.com\/es\/producto\/coche-infantil-ford-mustang-24v-con-drift-y-mp4-rosa-negro-rojo\/","og_locale":"es_ES","og_type":"article","og_title":"Coche infantil Ford Mustang 24V con drift y MP4 (rosa\/negro\/rojo) - 360Scooters | Tienda-taller de patinetes el\u00e9ctricos","og_description":"Fant\u00e1stico coche el\u00e9ctrico para ni\u00f1os FORD Mustang 24v con pantalla MP4 y funci\u00f3n DRIFT para\u00a0realizar trompos  El coche inspirado en los caballos salvajes del oeste americano, el \u00edcono\u00a0reconocible a primer vista ahora tambi\u00e9n disponible en versi\u00f3n infantil.\u00a0El coche de bater\u00eda para ni\u00f1os Ford Mustang con bater\u00eda de alto rendimiento 24v y 7Ah\u00a0es un coche totalmente alucinante con todos los extras y la \u00faltima tecnolog\u00eda en cochecito el\u00e9ctrico para ni\u00f1os. Entre otros,\u00a0el Ford Mustang est\u00e1 equipado de asientos de polipiel, ruedas EVA antipinchazos, pintura metalizada, pantalla MP4 para ver v\u00eddeos, y funci\u00f3n Drift que permite derrapar con el coche y realizar peque\u00f1os trompos.","og_url":"https:\/\/360scooters.com\/es\/producto\/coche-infantil-ford-mustang-24v-con-drift-y-mp4-rosa-negro-rojo\/","og_site_name":"360Scooters | Tienda-taller de patinetes el\u00e9ctricos","article_modified_time":"2025-01-23T18:21:33+00:00","og_image":[{"width":1200,"height":1200,"url":"https:\/\/360scooters.com\/es\/wp-content\/uploads\/sites\/2\/2024\/11\/ford-mustang-24v-con-drift-y-mp4-ataa.jpg","type":"image\/jpeg"}],"twitter_card":"summary_large_image","twitter_misc":{"Tiempo de lectura":"3 minutos"},"schema":{"@context":"https:\/\/schema.org","@graph":[{"@type":"WebPage","@id":"https:\/\/360scooters.com\/es\/producto\/coche-infantil-ford-mustang-24v-con-drift-y-mp4-rosa-negro-rojo\/","url":"https:\/\/360scooters.com\/es\/producto\/coche-infantil-ford-mustang-24v-con-drift-y-mp4-rosa-negro-rojo\/","name":"Coche infantil Ford Mustang 24V con drift y MP4 (rosa\/negro\/rojo) - 360Scooters | Tienda-taller de patinetes el\u00e9ctricos","isPartOf":{"@id":"https:\/\/360scooters.com\/es\/#website"},"primaryImageOfPage":{"@id":"https:\/\/360scooters.com\/es\/producto\/coche-infantil-ford-mustang-24v-con-drift-y-mp4-rosa-negro-rojo\/#primaryimage"},"image":{"@id":"https:\/\/360scooters.com\/es\/producto\/coche-infantil-ford-mustang-24v-con-drift-y-mp4-rosa-negro-rojo\/#primaryimage"},"thumbnailUrl":"https:\/\/360scooters.com\/es\/wp-content\/uploads\/sites\/2\/2024\/11\/ford-mustang-24v-con-drift-y-mp4-ataa.jpg","datePublished":"2024-11-04T12:55:49+00:00","dateModified":"2025-01-23T18:21:33+00:00","breadcrumb":{"@id":"https:\/\/360scooters.com\/es\/producto\/coche-infantil-ford-mustang-24v-con-drift-y-mp4-rosa-negro-rojo\/#breadcrumb"},"inLanguage":"es","potentialAction":[{"@type":"ReadAction","target":["https:\/\/360scooters.com\/es\/producto\/coche-infantil-ford-mustang-24v-con-drift-y-mp4-rosa-negro-rojo\/"]}]},{"@type":"ImageObject","inLanguage":"es","@id":"https:\/\/360scooters.com\/es\/producto\/coche-infantil-ford-mustang-24v-con-drift-y-mp4-rosa-negro-rojo\/#primaryimage","url":"https:\/\/360scooters.com\/es\/wp-content\/uploads\/sites\/2\/2024\/11\/ford-mustang-24v-con-drift-y-mp4-ataa.jpg","contentUrl":"https:\/\/360scooters.com\/es\/wp-content\/uploads\/sites\/2\/2024\/11\/ford-mustang-24v-con-drift-y-mp4-ataa.jpg","width":1200,"height":1200},{"@type":"BreadcrumbList","@id":"https:\/\/360scooters.com\/es\/producto\/coche-infantil-ford-mustang-24v-con-drift-y-mp4-rosa-negro-rojo\/#breadcrumb","itemListElement":[{"@type":"ListItem","position":1,"name":"Portada","item":"https:\/\/360scooters.com\/es\/"},{"@type":"ListItem","position":2,"name":"Tienda","item":"https:\/\/360scooters.com\/es\/tienda\/"},{"@type":"ListItem","position":3,"name":"Coche infantil Ford Mustang 24V con drift y MP4 (rosa\/negro\/rojo)"}]},{"@type":"WebSite","@id":"https:\/\/360scooters.com\/es\/#website","url":"https:\/\/360scooters.com\/es\/","name":"360Scooters - Patinetes el\u00e9ctricos en Pen\u00ednsula y Baleares - Patinetes Madrid - Patinetes Alicante - Patinetes Barcelona","description":"","publisher":{"@id":"https:\/\/360scooters.com\/es\/#organization"},"potentialAction":[{"@type":"SearchAction","target":{"@type":"EntryPoint","urlTemplate":"https:\/\/360scooters.com\/es\/?s={search_term_string}"},"query-input":{"@type":"PropertyValueSpecification","valueRequired":true,"valueName":"search_term_string"}}],"inLanguage":"es"},{"@type":"Organization","@id":"https:\/\/360scooters.com\/es\/#organization","name":"360Scooters - Patinetes el\u00e9ctricos en Pen\u00ednsula y Baleares - Patinetes Madrid - Patinetes Alicante - Patinetes Barcelona","url":"https:\/\/360scooters.com\/es\/","logo":{"@type":"ImageObject","inLanguage":"es","@id":"https:\/\/360scooters.com\/es\/#\/schema\/logo\/image\/","url":"https:\/\/360scooters.com\/es\/wp-content\/uploads\/sites\/2\/2024\/02\/logo-claimweb-e1727166047230.png","contentUrl":"https:\/\/360scooters.com\/es\/wp-content\/uploads\/sites\/2\/2024\/02\/logo-claimweb-e1727166047230.png","width":214,"height":54,"caption":"360Scooters - Patinetes el\u00e9ctricos en Pen\u00ednsula y Baleares - Patinetes Madrid - Patinetes Alicante - Patinetes Barcelona"},"image":{"@id":"https:\/\/360scooters.com\/es\/#\/schema\/logo\/image\/"}}]}},"_links":{"self":[{"href":"https:\/\/360scooters.com\/es\/wp-json\/wp\/v2\/product\/4763","targetHints":{"allow":["GET"]}}],"collection":[{"href":"https:\/\/360scooters.com\/es\/wp-json\/wp\/v2\/product"}],"about":[{"href":"https:\/\/360scooters.com\/es\/wp-json\/wp\/v2\/types\/product"}],"version-history":[{"count":1,"href":"https:\/\/360scooters.com\/es\/wp-json\/wp\/v2\/product\/4763\/revisions"}],"predecessor-version":[{"id":4777,"href":"https:\/\/360scooters.com\/es\/wp-json\/wp\/v2\/product\/4763\/revisions\/4777"}],"wp:featuredmedia":[{"embeddable":true,"href":"https:\/\/360scooters.com\/es\/wp-json\/wp\/v2\/media\/4767"}],"wp:attachment":[{"href":"https:\/\/360scooters.com\/es\/wp-json\/wp\/v2\/media?parent=4763"}],"wp:term":[{"taxonomy":"product_brand","embeddable":true,"href":"https:\/\/360scooters.com\/es\/wp-json\/wp\/v2\/product_brand?post=4763"},{"taxonomy":"product_cat","embeddable":true,"href":"https:\/\/360scooters.com\/es\/wp-json\/wp\/v2\/product_cat?post=4763"},{"taxonomy":"product_tag","embeddable":true,"href":"https:\/\/360scooters.com\/es\/wp-json\/wp\/v2\/product_tag?post=4763"},{"taxonomy":"scooter_compatibility","embeddable":true,"href":"https:\/\/360scooters.com\/es\/wp-json\/wp\/v2\/scooter_compatibility?post=4763"}],"curies":[{"name":"wp","href":"https:\/\/api.w.org\/{rel}","templated":true}]}}