{"id":4628,"date":"2024-10-30T21:40:20","date_gmt":"2024-10-30T20:40:20","guid":{"rendered":"https:\/\/360scooters.com\/es\/?post_type=product&#038;p=4628"},"modified":"2026-04-07T13:31:35","modified_gmt":"2026-04-07T11:31:35","slug":"neumatico-cityroad-85x2-61-wanda","status":"publish","type":"product","link":"https:\/\/360scooters.com\/es\/producto\/neumatico-cityroad-85x2-61-wanda\/","title":{"rendered":"Neum\u00e1tico Cityroad 8,5&#215;2-6,1 + c\u00e1mara"},"content":{"rendered":"<h2 data-start=\"30\" data-end=\"126\"><strong data-start=\"30\" data-end=\"124\">Neum\u00e1tico CityRoad 8.5 x 2 &#8211; 6,1 Wanda \u2013 M\u00e1ximo agarre y estabilidad para tu patinete el\u00e9ctrico<\/strong><\/h2>\n<p data-start=\"266\" data-end=\"645\">El <strong data-start=\"269\" data-end=\"328\">neum\u00e1tico CityRoad 8.5 \u00d7 2 \u2013 6.1 Wanda + c\u00e1mara de aire<\/strong> es el d\u00fao perfecto para renovar la rueda de tu patinete el\u00e9ctrico y mejorar tu experiencia de conducci\u00f3n. Dise\u00f1ado para ofrecer <strong data-start=\"457\" data-end=\"495\">estabilidad, confort y durabilidad<\/strong>, este set combina la calidad del neum\u00e1tico Wanda con la suavidad y facilidad de reparaci\u00f3n que proporciona una c\u00e1mara de aire especialmente adaptada.<\/p>\n<p data-start=\"647\" data-end=\"1201\">El <strong data-start=\"650\" data-end=\"692\">neum\u00e1tico CityRoad 8.5 \u00d7 2 \u2013 6.1 Wanda<\/strong> destaca por su dise\u00f1o equilibrado, pensado para ofrecer <strong data-start=\"749\" data-end=\"783\">excelente agarre y estabilidad<\/strong>, incluso en condiciones complicadas como superficies mojadas o irregulares. Su construcci\u00f3n utiliza materiales de alta calidad, lo que se traduce en una gran <strong data-start=\"942\" data-end=\"969\">resistencia al desgaste<\/strong>, reduciendo la frecuencia de reemplazos. Adem\u00e1s, su estructura reforzada ayuda a minimizar el riesgo de pinchazos, asegurando una conducci\u00f3n m\u00e1s fiable y prolongando la vida \u00fatil del neum\u00e1tico. <span class=\"\" data-state=\"closed\"><span class=\"ms-1 inline-flex max-w-full items-center relative top-[-0.094rem] animate-[show_150ms_ease-in]\" data-testid=\"webpage-citation-pill\"><a class=\"flex h-4.5 overflow-hidden rounded-xl px-2 text-[9px] font-medium text-token-text-secondary! bg-[#F4F4F4]! dark:bg-[#303030]! transition-colors duration-150 ease-in-out\" href=\"https:\/\/360scooters.com\/es\/producto\/neumatico-cityroad-85x2-61-wanda\/?utm_source=chatgpt.com\" target=\"_blank\" rel=\"noopener\"><span class=\"relative start-0 bottom-0 flex h-full w-full items-center\"><span class=\"flex h-4 w-full items-center justify-between overflow-hidden\"><span class=\"max-w-full grow truncate overflow-hidden text-center\">360Scooters<\/span><\/span><\/span><\/a><\/span><\/span><\/p>\n<p data-start=\"1203\" data-end=\"1532\">Por su parte, la <strong data-start=\"1220\" data-end=\"1238\">c\u00e1mara de aire<\/strong> incluida facilita la instalaci\u00f3n y ofrece una conducci\u00f3n c\u00f3moda. Ideal para absorber peque\u00f1as irregularidades del terreno, proporciona un equilibrio \u00f3ptimo entre firmeza y amortiguaci\u00f3n para trayectos urbanos. Su montaje es sencillo y, en caso de pinchazo, la reparaci\u00f3n es r\u00e1pida y accesible.<\/p>\n<p data-start=\"1534\" data-end=\"1847\">Este pack es perfecto para propietarios de patinetes el\u00e9ctricos urbanos que buscan una soluci\u00f3n integral: neum\u00e1tico resistente y c\u00e1mara confiable. Tanto si necesitas reemplazar una rueda desgastada como si buscas tener repuestos listos, este set te ofrece <strong data-start=\"1790\" data-end=\"1827\">comodidad, seguridad y eficiencia<\/strong> en un solo paquete.<\/p>\n","protected":false},"excerpt":{"rendered":"<p data-start=\"1891\" data-end=\"2055\">Neum\u00e1tico CityRoad 8.5 \u00d7 2 \u2013 6.1 Wanda + c\u00e1mara de aire. M\u00e1ximo agarre, durabilidad y comodidad. Soluci\u00f3n completa para renovar las ruedas de tu patinete el\u00e9ctrico.<\/p>\n","protected":false},"featured_media":8816,"template":"","meta":[],"product_brand":[],"product_cat":[286,106],"product_tag":[],"scooter_compatibility":[377,379,370,374,380,369],"class_list":{"0":"post-4628","1":"product","2":"type-product","3":"status-publish","4":"has-post-thumbnail","6":"product_cat-neumaticos-neumaticos","7":"product_cat-neumaticos","8":"pa_marca-wanda","9":"scooter_compatibility-standard-bongo-serie-a","10":"scooter_compatibility-mini","11":"scooter_compatibility-standard","12":"scooter_compatibility-standard-xiaomi-mi-3-serie-xiaomi-mi-3","13":"scooter_compatibility-togo","14":"scooter_compatibility-xiaomi-m365-1s-essential-xiaomi-essential","16":"first","17":"instock","18":"taxable","19":"shipping-taxable","20":"purchasable","21":"product-type-simple"},"yoast_head":"<!-- This site is optimized with the Yoast SEO plugin v26.9 - https:\/\/yoast.com\/product\/yoast-seo-wordpress\/ -->\n<title>Neum\u00e1tico CityRoad 8.5\u00d72 \u2013 6.1 Wanda + c\u00e1mara de aire<\/title>\n<meta name=\"description\" content=\"Kit de neum\u00e1tico CityRoad 8.5\u00d72 \u2013 6.1 Wanda con c\u00e1mara de aire incluida. M\u00e1ximo agarre, durabilidad y comodidad. Renovaci\u00f3n eficiente para tu patinete el\u00e9ctrico urbano.\" \/>\n<meta name=\"robots\" content=\"index, follow, max-snippet:-1, max-image-preview:large, max-video-preview:-1\" \/>\n<link rel=\"canonical\" href=\"https:\/\/360scooters.com\/es\/producto\/neumatico-cityroad-85x2-61-wanda\/\" \/>\n<meta property=\"og:locale\" content=\"es_ES\" \/>\n<meta property=\"og:type\" content=\"article\" \/>\n<meta property=\"og:title\" content=\"Neum\u00e1tico CityRoad 8.5\u00d72 \u2013 6.1 Wanda + c\u00e1mara de aire\" \/>\n<meta property=\"og:description\" content=\"Kit de neum\u00e1tico CityRoad 8.5\u00d72 \u2013 6.1 Wanda con c\u00e1mara de aire incluida. M\u00e1ximo agarre, durabilidad y comodidad. Renovaci\u00f3n eficiente para tu patinete el\u00e9ctrico urbano.\" \/>\n<meta property=\"og:url\" content=\"https:\/\/360scooters.com\/es\/producto\/neumatico-cityroad-85x2-61-wanda\/\" \/>\n<meta property=\"og:site_name\" content=\"360Scooters | Tienda-taller de patinetes el\u00e9ctricos\" \/>\n<meta property=\"article:modified_time\" content=\"2026-04-07T11:31:35+00:00\" \/>\n<meta property=\"og:image\" content=\"https:\/\/360scooters.com\/es\/wp-content\/uploads\/sites\/2\/2024\/10\/MINIATURA-PRODUCTO-35.png\" \/>\n\t<meta property=\"og:image:width\" content=\"1080\" \/>\n\t<meta property=\"og:image:height\" content=\"1080\" \/>\n\t<meta property=\"og:image:type\" content=\"image\/png\" \/>\n<meta name=\"twitter:card\" content=\"summary_large_image\" \/>\n<meta name=\"twitter:label1\" content=\"Tiempo de lectura\" \/>\n\t<meta name=\"twitter:data1\" content=\"2 minutos\" \/>\n<script type=\"application\/ld+json\" class=\"yoast-schema-graph\">{\"@context\":\"https:\/\/schema.org\",\"@graph\":[{\"@type\":\"WebPage\",\"@id\":\"https:\/\/360scooters.com\/es\/producto\/neumatico-cityroad-85x2-61-wanda\/\",\"url\":\"https:\/\/360scooters.com\/es\/producto\/neumatico-cityroad-85x2-61-wanda\/\",\"name\":\"Neum\u00e1tico CityRoad 8.5\u00d72 \u2013 6.1 Wanda + c\u00e1mara de aire\",\"isPartOf\":{\"@id\":\"https:\/\/360scooters.com\/es\/#website\"},\"primaryImageOfPage\":{\"@id\":\"https:\/\/360scooters.com\/es\/producto\/neumatico-cityroad-85x2-61-wanda\/#primaryimage\"},\"image\":{\"@id\":\"https:\/\/360scooters.com\/es\/producto\/neumatico-cityroad-85x2-61-wanda\/#primaryimage\"},\"thumbnailUrl\":\"https:\/\/360scooters.com\/es\/wp-content\/uploads\/sites\/2\/2024\/10\/MINIATURA-PRODUCTO-35.png\",\"datePublished\":\"2024-10-30T20:40:20+00:00\",\"dateModified\":\"2026-04-07T11:31:35+00:00\",\"description\":\"Kit de neum\u00e1tico CityRoad 8.5\u00d72 \u2013 6.1 Wanda con c\u00e1mara de aire incluida. M\u00e1ximo agarre, durabilidad y comodidad. Renovaci\u00f3n eficiente para tu patinete el\u00e9ctrico urbano.\",\"breadcrumb\":{\"@id\":\"https:\/\/360scooters.com\/es\/producto\/neumatico-cityroad-85x2-61-wanda\/#breadcrumb\"},\"inLanguage\":\"es\",\"potentialAction\":[{\"@type\":\"ReadAction\",\"target\":[\"https:\/\/360scooters.com\/es\/producto\/neumatico-cityroad-85x2-61-wanda\/\"]}]},{\"@type\":\"ImageObject\",\"inLanguage\":\"es\",\"@id\":\"https:\/\/360scooters.com\/es\/producto\/neumatico-cityroad-85x2-61-wanda\/#primaryimage\",\"url\":\"https:\/\/360scooters.com\/es\/wp-content\/uploads\/sites\/2\/2024\/10\/MINIATURA-PRODUCTO-35.png\",\"contentUrl\":\"https:\/\/360scooters.com\/es\/wp-content\/uploads\/sites\/2\/2024\/10\/MINIATURA-PRODUCTO-35.png\",\"width\":1080,\"height\":1080,\"caption\":\"Neum\u00e1tico Cityroad 8,5x2-6,1 + c\u00e1mara\"},{\"@type\":\"BreadcrumbList\",\"@id\":\"https:\/\/360scooters.com\/es\/producto\/neumatico-cityroad-85x2-61-wanda\/#breadcrumb\",\"itemListElement\":[{\"@type\":\"ListItem\",\"position\":1,\"name\":\"Portada\",\"item\":\"https:\/\/360scooters.com\/es\/\"},{\"@type\":\"ListItem\",\"position\":2,\"name\":\"Tienda\",\"item\":\"https:\/\/360scooters.com\/es\/tienda\/\"},{\"@type\":\"ListItem\",\"position\":3,\"name\":\"Neum\u00e1tico Cityroad 8,5&#215;2-6,1 + c\u00e1mara\"}]},{\"@type\":\"WebSite\",\"@id\":\"https:\/\/360scooters.com\/es\/#website\",\"url\":\"https:\/\/360scooters.com\/es\/\",\"name\":\"360Scooters - Patinetes el\u00e9ctricos en Pen\u00ednsula y Baleares - Patinetes Madrid - Patinetes Alicante - Patinetes Barcelona\",\"description\":\"\",\"publisher\":{\"@id\":\"https:\/\/360scooters.com\/es\/#organization\"},\"potentialAction\":[{\"@type\":\"SearchAction\",\"target\":{\"@type\":\"EntryPoint\",\"urlTemplate\":\"https:\/\/360scooters.com\/es\/?s={search_term_string}\"},\"query-input\":{\"@type\":\"PropertyValueSpecification\",\"valueRequired\":true,\"valueName\":\"search_term_string\"}}],\"inLanguage\":\"es\"},{\"@type\":\"Organization\",\"@id\":\"https:\/\/360scooters.com\/es\/#organization\",\"name\":\"360Scooters - Patinetes el\u00e9ctricos en Pen\u00ednsula y Baleares - Patinetes Madrid - Patinetes Alicante - Patinetes Barcelona\",\"url\":\"https:\/\/360scooters.com\/es\/\",\"logo\":{\"@type\":\"ImageObject\",\"inLanguage\":\"es\",\"@id\":\"https:\/\/360scooters.com\/es\/#\/schema\/logo\/image\/\",\"url\":\"https:\/\/360scooters.com\/es\/wp-content\/uploads\/sites\/2\/2024\/02\/logo-claimweb-e1727166047230.png\",\"contentUrl\":\"https:\/\/360scooters.com\/es\/wp-content\/uploads\/sites\/2\/2024\/02\/logo-claimweb-e1727166047230.png\",\"width\":214,\"height\":54,\"caption\":\"360Scooters - Patinetes el\u00e9ctricos en Pen\u00ednsula y Baleares - Patinetes Madrid - Patinetes Alicante - Patinetes Barcelona\"},\"image\":{\"@id\":\"https:\/\/360scooters.com\/es\/#\/schema\/logo\/image\/\"}}]}<\/script>\n<!-- \/ Yoast SEO plugin. -->","yoast_head_json":{"title":"Neum\u00e1tico CityRoad 8.5\u00d72 \u2013 6.1 Wanda + c\u00e1mara de aire","description":"Kit de neum\u00e1tico CityRoad 8.5\u00d72 \u2013 6.1 Wanda con c\u00e1mara de aire incluida. M\u00e1ximo agarre, durabilidad y comodidad. Renovaci\u00f3n eficiente para tu patinete el\u00e9ctrico urbano.","robots":{"index":"index","follow":"follow","max-snippet":"max-snippet:-1","max-image-preview":"max-image-preview:large","max-video-preview":"max-video-preview:-1"},"canonical":"https:\/\/360scooters.com\/es\/producto\/neumatico-cityroad-85x2-61-wanda\/","og_locale":"es_ES","og_type":"article","og_title":"Neum\u00e1tico CityRoad 8.5\u00d72 \u2013 6.1 Wanda + c\u00e1mara de aire","og_description":"Kit de neum\u00e1tico CityRoad 8.5\u00d72 \u2013 6.1 Wanda con c\u00e1mara de aire incluida. M\u00e1ximo agarre, durabilidad y comodidad. Renovaci\u00f3n eficiente para tu patinete el\u00e9ctrico urbano.","og_url":"https:\/\/360scooters.com\/es\/producto\/neumatico-cityroad-85x2-61-wanda\/","og_site_name":"360Scooters | Tienda-taller de patinetes el\u00e9ctricos","article_modified_time":"2026-04-07T11:31:35+00:00","og_image":[{"width":1080,"height":1080,"url":"https:\/\/360scooters.com\/es\/wp-content\/uploads\/sites\/2\/2024\/10\/MINIATURA-PRODUCTO-35.png","type":"image\/png"}],"twitter_card":"summary_large_image","twitter_misc":{"Tiempo de lectura":"2 minutos"},"schema":{"@context":"https:\/\/schema.org","@graph":[{"@type":"WebPage","@id":"https:\/\/360scooters.com\/es\/producto\/neumatico-cityroad-85x2-61-wanda\/","url":"https:\/\/360scooters.com\/es\/producto\/neumatico-cityroad-85x2-61-wanda\/","name":"Neum\u00e1tico CityRoad 8.5\u00d72 \u2013 6.1 Wanda + c\u00e1mara de aire","isPartOf":{"@id":"https:\/\/360scooters.com\/es\/#website"},"primaryImageOfPage":{"@id":"https:\/\/360scooters.com\/es\/producto\/neumatico-cityroad-85x2-61-wanda\/#primaryimage"},"image":{"@id":"https:\/\/360scooters.com\/es\/producto\/neumatico-cityroad-85x2-61-wanda\/#primaryimage"},"thumbnailUrl":"https:\/\/360scooters.com\/es\/wp-content\/uploads\/sites\/2\/2024\/10\/MINIATURA-PRODUCTO-35.png","datePublished":"2024-10-30T20:40:20+00:00","dateModified":"2026-04-07T11:31:35+00:00","description":"Kit de neum\u00e1tico CityRoad 8.5\u00d72 \u2013 6.1 Wanda con c\u00e1mara de aire incluida. M\u00e1ximo agarre, durabilidad y comodidad. Renovaci\u00f3n eficiente para tu patinete el\u00e9ctrico urbano.","breadcrumb":{"@id":"https:\/\/360scooters.com\/es\/producto\/neumatico-cityroad-85x2-61-wanda\/#breadcrumb"},"inLanguage":"es","potentialAction":[{"@type":"ReadAction","target":["https:\/\/360scooters.com\/es\/producto\/neumatico-cityroad-85x2-61-wanda\/"]}]},{"@type":"ImageObject","inLanguage":"es","@id":"https:\/\/360scooters.com\/es\/producto\/neumatico-cityroad-85x2-61-wanda\/#primaryimage","url":"https:\/\/360scooters.com\/es\/wp-content\/uploads\/sites\/2\/2024\/10\/MINIATURA-PRODUCTO-35.png","contentUrl":"https:\/\/360scooters.com\/es\/wp-content\/uploads\/sites\/2\/2024\/10\/MINIATURA-PRODUCTO-35.png","width":1080,"height":1080,"caption":"Neum\u00e1tico Cityroad 8,5x2-6,1 + c\u00e1mara"},{"@type":"BreadcrumbList","@id":"https:\/\/360scooters.com\/es\/producto\/neumatico-cityroad-85x2-61-wanda\/#breadcrumb","itemListElement":[{"@type":"ListItem","position":1,"name":"Portada","item":"https:\/\/360scooters.com\/es\/"},{"@type":"ListItem","position":2,"name":"Tienda","item":"https:\/\/360scooters.com\/es\/tienda\/"},{"@type":"ListItem","position":3,"name":"Neum\u00e1tico Cityroad 8,5&#215;2-6,1 + c\u00e1mara"}]},{"@type":"WebSite","@id":"https:\/\/360scooters.com\/es\/#website","url":"https:\/\/360scooters.com\/es\/","name":"360Scooters - Patinetes el\u00e9ctricos en Pen\u00ednsula y Baleares - Patinetes Madrid - Patinetes Alicante - Patinetes Barcelona","description":"","publisher":{"@id":"https:\/\/360scooters.com\/es\/#organization"},"potentialAction":[{"@type":"SearchAction","target":{"@type":"EntryPoint","urlTemplate":"https:\/\/360scooters.com\/es\/?s={search_term_string}"},"query-input":{"@type":"PropertyValueSpecification","valueRequired":true,"valueName":"search_term_string"}}],"inLanguage":"es"},{"@type":"Organization","@id":"https:\/\/360scooters.com\/es\/#organization","name":"360Scooters - Patinetes el\u00e9ctricos en Pen\u00ednsula y Baleares - Patinetes Madrid - Patinetes Alicante - Patinetes Barcelona","url":"https:\/\/360scooters.com\/es\/","logo":{"@type":"ImageObject","inLanguage":"es","@id":"https:\/\/360scooters.com\/es\/#\/schema\/logo\/image\/","url":"https:\/\/360scooters.com\/es\/wp-content\/uploads\/sites\/2\/2024\/02\/logo-claimweb-e1727166047230.png","contentUrl":"https:\/\/360scooters.com\/es\/wp-content\/uploads\/sites\/2\/2024\/02\/logo-claimweb-e1727166047230.png","width":214,"height":54,"caption":"360Scooters - Patinetes el\u00e9ctricos en Pen\u00ednsula y Baleares - Patinetes Madrid - Patinetes Alicante - Patinetes Barcelona"},"image":{"@id":"https:\/\/360scooters.com\/es\/#\/schema\/logo\/image\/"}}]}},"_links":{"self":[{"href":"https:\/\/360scooters.com\/es\/wp-json\/wp\/v2\/product\/4628","targetHints":{"allow":["GET"]}}],"collection":[{"href":"https:\/\/360scooters.com\/es\/wp-json\/wp\/v2\/product"}],"about":[{"href":"https:\/\/360scooters.com\/es\/wp-json\/wp\/v2\/types\/product"}],"version-history":[{"count":4,"href":"https:\/\/360scooters.com\/es\/wp-json\/wp\/v2\/product\/4628\/revisions"}],"predecessor-version":[{"id":8817,"href":"https:\/\/360scooters.com\/es\/wp-json\/wp\/v2\/product\/4628\/revisions\/8817"}],"wp:featuredmedia":[{"embeddable":true,"href":"https:\/\/360scooters.com\/es\/wp-json\/wp\/v2\/media\/8816"}],"wp:attachment":[{"href":"https:\/\/360scooters.com\/es\/wp-json\/wp\/v2\/media?parent=4628"}],"wp:term":[{"taxonomy":"product_brand","embeddable":true,"href":"https:\/\/360scooters.com\/es\/wp-json\/wp\/v2\/product_brand?post=4628"},{"taxonomy":"product_cat","embeddable":true,"href":"https:\/\/360scooters.com\/es\/wp-json\/wp\/v2\/product_cat?post=4628"},{"taxonomy":"product_tag","embeddable":true,"href":"https:\/\/360scooters.com\/es\/wp-json\/wp\/v2\/product_tag?post=4628"},{"taxonomy":"scooter_compatibility","embeddable":true,"href":"https:\/\/360scooters.com\/es\/wp-json\/wp\/v2\/scooter_compatibility?post=4628"}],"curies":[{"name":"wp","href":"https:\/\/api.w.org\/{rel}","templated":true}]}}