{"id":4531,"date":"2024-10-27T17:48:00","date_gmt":"2024-10-27T16:48:00","guid":{"rendered":"https:\/\/360scooters.com\/es\/?post_type=product&#038;p=4531"},"modified":"2024-11-11T23:04:14","modified_gmt":"2024-11-11T22:04:14","slug":"candado-de-llave-ewlk002-azul-ewheel","status":"publish","type":"product","link":"https:\/\/360scooters.com\/es\/producto\/candado-de-llave-ewlk002-azul-ewheel\/","title":{"rendered":"Candado de llave EWLK002 azul [Ewheel]"},"content":{"rendered":"<p>El <strong>Candado de llave EWLK002 azul<\/strong> de Ewheel es la soluci\u00f3n perfecta para quienes buscan una protecci\u00f3n confiable para sus patinetes el\u00e9ctricos y bicicletas. Con un dise\u00f1o robusto y una longitud de 85 cm, este candado de alta calidad est\u00e1 hecho de materiales duraderos que garantizan su resistencia a cortes y manipulaciones. Su sistema de llave proporciona un nivel adicional de seguridad, lo que lo convierte en una opci\u00f3n ideal para asegurar tu veh\u00edculo mientras disfrutas de la ciudad. Gracias a su color azul vibrante, no solo es funcional, sino que tambi\u00e9n a\u00f1ade un toque de estilo a tu equipo. Protege tu inversi\u00f3n de forma eficaz y con estilo con este candado de llave EWLK002.<\/p>\n","protected":false},"excerpt":{"rendered":"<p>Protege tu patinete o bicicleta con el <strong>Candado de llave EWLK002 azul<\/strong> de Ewheel. Con una longitud de 85 cm y un dise\u00f1o resistente, ofrece seguridad y durabilidad, asegurando tu veh\u00edculo mientras te mueves por la ciudad. \u00a1Mant\u00e9n tu equipo seguro y con estilo!<\/p>\n","protected":false},"featured_media":4532,"template":"","meta":[],"product_brand":[],"product_cat":[192],"product_tag":[68],"scooter_compatibility":[],"class_list":{"0":"post-4531","1":"product","2":"type-product","3":"status-publish","4":"has-post-thumbnail","6":"product_cat-candados","7":"product_tag-candados","8":"pa_marca-ewheel","10":"first","11":"instock","12":"taxable","13":"shipping-taxable","14":"purchasable","15":"product-type-simple"},"yoast_head":"<!-- This site is optimized with the Yoast SEO plugin v26.9 - https:\/\/yoast.com\/product\/yoast-seo-wordpress\/ -->\n<title>Candado de llave EWLK002 azul [Ewheel] - 360Scooters | Tienda-taller de patinetes el\u00e9ctricos<\/title>\n<meta name=\"robots\" content=\"index, follow, max-snippet:-1, max-image-preview:large, max-video-preview:-1\" \/>\n<link rel=\"canonical\" href=\"https:\/\/360scooters.com\/es\/producto\/candado-de-llave-ewlk002-azul-ewheel\/\" \/>\n<meta property=\"og:locale\" content=\"es_ES\" \/>\n<meta property=\"og:type\" content=\"article\" \/>\n<meta property=\"og:title\" content=\"Candado de llave EWLK002 azul [Ewheel] - 360Scooters | Tienda-taller de patinetes el\u00e9ctricos\" \/>\n<meta property=\"og:description\" content=\"Protege tu patinete o bicicleta con el Candado de llave EWLK002 azul de Ewheel. Con una longitud de 85 cm y un dise\u00f1o resistente, ofrece seguridad y durabilidad, asegurando tu veh\u00edculo mientras te mueves por la ciudad. \u00a1Mant\u00e9n tu equipo seguro y con estilo!\" \/>\n<meta property=\"og:url\" content=\"https:\/\/360scooters.com\/es\/producto\/candado-de-llave-ewlk002-azul-ewheel\/\" \/>\n<meta property=\"og:site_name\" content=\"360Scooters | Tienda-taller de patinetes el\u00e9ctricos\" \/>\n<meta property=\"article:modified_time\" content=\"2024-11-11T22:04:14+00:00\" \/>\n<meta property=\"og:image\" content=\"https:\/\/360scooters.com\/es\/wp-content\/uploads\/sites\/2\/2024\/10\/CMM380.png\" \/>\n\t<meta property=\"og:image:width\" content=\"1080\" \/>\n\t<meta property=\"og:image:height\" content=\"1080\" \/>\n\t<meta property=\"og:image:type\" content=\"image\/png\" \/>\n<meta name=\"twitter:card\" content=\"summary_large_image\" \/>\n<meta name=\"twitter:label1\" content=\"Tiempo de lectura\" \/>\n\t<meta name=\"twitter:data1\" content=\"1 minuto\" \/>\n<script type=\"application\/ld+json\" class=\"yoast-schema-graph\">{\"@context\":\"https:\/\/schema.org\",\"@graph\":[{\"@type\":\"WebPage\",\"@id\":\"https:\/\/360scooters.com\/es\/producto\/candado-de-llave-ewlk002-azul-ewheel\/\",\"url\":\"https:\/\/360scooters.com\/es\/producto\/candado-de-llave-ewlk002-azul-ewheel\/\",\"name\":\"Candado de llave EWLK002 azul [Ewheel] - 360Scooters | Tienda-taller de patinetes el\u00e9ctricos\",\"isPartOf\":{\"@id\":\"https:\/\/360scooters.com\/es\/#website\"},\"primaryImageOfPage\":{\"@id\":\"https:\/\/360scooters.com\/es\/producto\/candado-de-llave-ewlk002-azul-ewheel\/#primaryimage\"},\"image\":{\"@id\":\"https:\/\/360scooters.com\/es\/producto\/candado-de-llave-ewlk002-azul-ewheel\/#primaryimage\"},\"thumbnailUrl\":\"https:\/\/360scooters.com\/es\/wp-content\/uploads\/sites\/2\/2024\/10\/CMM380.png\",\"datePublished\":\"2024-10-27T16:48:00+00:00\",\"dateModified\":\"2024-11-11T22:04:14+00:00\",\"breadcrumb\":{\"@id\":\"https:\/\/360scooters.com\/es\/producto\/candado-de-llave-ewlk002-azul-ewheel\/#breadcrumb\"},\"inLanguage\":\"es\",\"potentialAction\":[{\"@type\":\"ReadAction\",\"target\":[\"https:\/\/360scooters.com\/es\/producto\/candado-de-llave-ewlk002-azul-ewheel\/\"]}]},{\"@type\":\"ImageObject\",\"inLanguage\":\"es\",\"@id\":\"https:\/\/360scooters.com\/es\/producto\/candado-de-llave-ewlk002-azul-ewheel\/#primaryimage\",\"url\":\"https:\/\/360scooters.com\/es\/wp-content\/uploads\/sites\/2\/2024\/10\/CMM380.png\",\"contentUrl\":\"https:\/\/360scooters.com\/es\/wp-content\/uploads\/sites\/2\/2024\/10\/CMM380.png\",\"width\":1080,\"height\":1080,\"caption\":\"Candado de llave EWLK002 azul [Ewheel]\"},{\"@type\":\"BreadcrumbList\",\"@id\":\"https:\/\/360scooters.com\/es\/producto\/candado-de-llave-ewlk002-azul-ewheel\/#breadcrumb\",\"itemListElement\":[{\"@type\":\"ListItem\",\"position\":1,\"name\":\"Portada\",\"item\":\"https:\/\/360scooters.com\/es\/\"},{\"@type\":\"ListItem\",\"position\":2,\"name\":\"Tienda\",\"item\":\"https:\/\/360scooters.com\/es\/tienda\/\"},{\"@type\":\"ListItem\",\"position\":3,\"name\":\"Candado de llave EWLK002 azul [Ewheel]\"}]},{\"@type\":\"WebSite\",\"@id\":\"https:\/\/360scooters.com\/es\/#website\",\"url\":\"https:\/\/360scooters.com\/es\/\",\"name\":\"360Scooters - Patinetes el\u00e9ctricos en Pen\u00ednsula y Baleares - Patinetes Madrid - Patinetes Alicante - Patinetes Barcelona\",\"description\":\"\",\"publisher\":{\"@id\":\"https:\/\/360scooters.com\/es\/#organization\"},\"potentialAction\":[{\"@type\":\"SearchAction\",\"target\":{\"@type\":\"EntryPoint\",\"urlTemplate\":\"https:\/\/360scooters.com\/es\/?s={search_term_string}\"},\"query-input\":{\"@type\":\"PropertyValueSpecification\",\"valueRequired\":true,\"valueName\":\"search_term_string\"}}],\"inLanguage\":\"es\"},{\"@type\":\"Organization\",\"@id\":\"https:\/\/360scooters.com\/es\/#organization\",\"name\":\"360Scooters - Patinetes el\u00e9ctricos en Pen\u00ednsula y Baleares - Patinetes Madrid - Patinetes Alicante - Patinetes Barcelona\",\"url\":\"https:\/\/360scooters.com\/es\/\",\"logo\":{\"@type\":\"ImageObject\",\"inLanguage\":\"es\",\"@id\":\"https:\/\/360scooters.com\/es\/#\/schema\/logo\/image\/\",\"url\":\"https:\/\/360scooters.com\/es\/wp-content\/uploads\/sites\/2\/2024\/02\/logo-claimweb-e1727166047230.png\",\"contentUrl\":\"https:\/\/360scooters.com\/es\/wp-content\/uploads\/sites\/2\/2024\/02\/logo-claimweb-e1727166047230.png\",\"width\":214,\"height\":54,\"caption\":\"360Scooters - Patinetes el\u00e9ctricos en Pen\u00ednsula y Baleares - Patinetes Madrid - Patinetes Alicante - Patinetes Barcelona\"},\"image\":{\"@id\":\"https:\/\/360scooters.com\/es\/#\/schema\/logo\/image\/\"}}]}<\/script>\n<!-- \/ Yoast SEO plugin. -->","yoast_head_json":{"title":"Candado de llave EWLK002 azul [Ewheel] - 360Scooters | Tienda-taller de patinetes el\u00e9ctricos","robots":{"index":"index","follow":"follow","max-snippet":"max-snippet:-1","max-image-preview":"max-image-preview:large","max-video-preview":"max-video-preview:-1"},"canonical":"https:\/\/360scooters.com\/es\/producto\/candado-de-llave-ewlk002-azul-ewheel\/","og_locale":"es_ES","og_type":"article","og_title":"Candado de llave EWLK002 azul [Ewheel] - 360Scooters | Tienda-taller de patinetes el\u00e9ctricos","og_description":"Protege tu patinete o bicicleta con el Candado de llave EWLK002 azul de Ewheel. Con una longitud de 85 cm y un dise\u00f1o resistente, ofrece seguridad y durabilidad, asegurando tu veh\u00edculo mientras te mueves por la ciudad. \u00a1Mant\u00e9n tu equipo seguro y con estilo!","og_url":"https:\/\/360scooters.com\/es\/producto\/candado-de-llave-ewlk002-azul-ewheel\/","og_site_name":"360Scooters | Tienda-taller de patinetes el\u00e9ctricos","article_modified_time":"2024-11-11T22:04:14+00:00","og_image":[{"width":1080,"height":1080,"url":"https:\/\/360scooters.com\/es\/wp-content\/uploads\/sites\/2\/2024\/10\/CMM380.png","type":"image\/png"}],"twitter_card":"summary_large_image","twitter_misc":{"Tiempo de lectura":"1 minuto"},"schema":{"@context":"https:\/\/schema.org","@graph":[{"@type":"WebPage","@id":"https:\/\/360scooters.com\/es\/producto\/candado-de-llave-ewlk002-azul-ewheel\/","url":"https:\/\/360scooters.com\/es\/producto\/candado-de-llave-ewlk002-azul-ewheel\/","name":"Candado de llave EWLK002 azul [Ewheel] - 360Scooters | Tienda-taller de patinetes el\u00e9ctricos","isPartOf":{"@id":"https:\/\/360scooters.com\/es\/#website"},"primaryImageOfPage":{"@id":"https:\/\/360scooters.com\/es\/producto\/candado-de-llave-ewlk002-azul-ewheel\/#primaryimage"},"image":{"@id":"https:\/\/360scooters.com\/es\/producto\/candado-de-llave-ewlk002-azul-ewheel\/#primaryimage"},"thumbnailUrl":"https:\/\/360scooters.com\/es\/wp-content\/uploads\/sites\/2\/2024\/10\/CMM380.png","datePublished":"2024-10-27T16:48:00+00:00","dateModified":"2024-11-11T22:04:14+00:00","breadcrumb":{"@id":"https:\/\/360scooters.com\/es\/producto\/candado-de-llave-ewlk002-azul-ewheel\/#breadcrumb"},"inLanguage":"es","potentialAction":[{"@type":"ReadAction","target":["https:\/\/360scooters.com\/es\/producto\/candado-de-llave-ewlk002-azul-ewheel\/"]}]},{"@type":"ImageObject","inLanguage":"es","@id":"https:\/\/360scooters.com\/es\/producto\/candado-de-llave-ewlk002-azul-ewheel\/#primaryimage","url":"https:\/\/360scooters.com\/es\/wp-content\/uploads\/sites\/2\/2024\/10\/CMM380.png","contentUrl":"https:\/\/360scooters.com\/es\/wp-content\/uploads\/sites\/2\/2024\/10\/CMM380.png","width":1080,"height":1080,"caption":"Candado de llave EWLK002 azul [Ewheel]"},{"@type":"BreadcrumbList","@id":"https:\/\/360scooters.com\/es\/producto\/candado-de-llave-ewlk002-azul-ewheel\/#breadcrumb","itemListElement":[{"@type":"ListItem","position":1,"name":"Portada","item":"https:\/\/360scooters.com\/es\/"},{"@type":"ListItem","position":2,"name":"Tienda","item":"https:\/\/360scooters.com\/es\/tienda\/"},{"@type":"ListItem","position":3,"name":"Candado de llave EWLK002 azul [Ewheel]"}]},{"@type":"WebSite","@id":"https:\/\/360scooters.com\/es\/#website","url":"https:\/\/360scooters.com\/es\/","name":"360Scooters - Patinetes el\u00e9ctricos en Pen\u00ednsula y Baleares - Patinetes Madrid - Patinetes Alicante - Patinetes Barcelona","description":"","publisher":{"@id":"https:\/\/360scooters.com\/es\/#organization"},"potentialAction":[{"@type":"SearchAction","target":{"@type":"EntryPoint","urlTemplate":"https:\/\/360scooters.com\/es\/?s={search_term_string}"},"query-input":{"@type":"PropertyValueSpecification","valueRequired":true,"valueName":"search_term_string"}}],"inLanguage":"es"},{"@type":"Organization","@id":"https:\/\/360scooters.com\/es\/#organization","name":"360Scooters - Patinetes el\u00e9ctricos en Pen\u00ednsula y Baleares - Patinetes Madrid - Patinetes Alicante - Patinetes Barcelona","url":"https:\/\/360scooters.com\/es\/","logo":{"@type":"ImageObject","inLanguage":"es","@id":"https:\/\/360scooters.com\/es\/#\/schema\/logo\/image\/","url":"https:\/\/360scooters.com\/es\/wp-content\/uploads\/sites\/2\/2024\/02\/logo-claimweb-e1727166047230.png","contentUrl":"https:\/\/360scooters.com\/es\/wp-content\/uploads\/sites\/2\/2024\/02\/logo-claimweb-e1727166047230.png","width":214,"height":54,"caption":"360Scooters - Patinetes el\u00e9ctricos en Pen\u00ednsula y Baleares - Patinetes Madrid - Patinetes Alicante - Patinetes Barcelona"},"image":{"@id":"https:\/\/360scooters.com\/es\/#\/schema\/logo\/image\/"}}]}},"_links":{"self":[{"href":"https:\/\/360scooters.com\/es\/wp-json\/wp\/v2\/product\/4531","targetHints":{"allow":["GET"]}}],"collection":[{"href":"https:\/\/360scooters.com\/es\/wp-json\/wp\/v2\/product"}],"about":[{"href":"https:\/\/360scooters.com\/es\/wp-json\/wp\/v2\/types\/product"}],"version-history":[{"count":1,"href":"https:\/\/360scooters.com\/es\/wp-json\/wp\/v2\/product\/4531\/revisions"}],"predecessor-version":[{"id":4537,"href":"https:\/\/360scooters.com\/es\/wp-json\/wp\/v2\/product\/4531\/revisions\/4537"}],"wp:featuredmedia":[{"embeddable":true,"href":"https:\/\/360scooters.com\/es\/wp-json\/wp\/v2\/media\/4532"}],"wp:attachment":[{"href":"https:\/\/360scooters.com\/es\/wp-json\/wp\/v2\/media?parent=4531"}],"wp:term":[{"taxonomy":"product_brand","embeddable":true,"href":"https:\/\/360scooters.com\/es\/wp-json\/wp\/v2\/product_brand?post=4531"},{"taxonomy":"product_cat","embeddable":true,"href":"https:\/\/360scooters.com\/es\/wp-json\/wp\/v2\/product_cat?post=4531"},{"taxonomy":"product_tag","embeddable":true,"href":"https:\/\/360scooters.com\/es\/wp-json\/wp\/v2\/product_tag?post=4531"},{"taxonomy":"scooter_compatibility","embeddable":true,"href":"https:\/\/360scooters.com\/es\/wp-json\/wp\/v2\/scooter_compatibility?post=4531"}],"curies":[{"name":"wp","href":"https:\/\/api.w.org\/{rel}","templated":true}]}}