{"id":4504,"date":"2024-10-27T17:35:26","date_gmt":"2024-10-27T16:35:26","guid":{"rendered":"https:\/\/360scooters.com\/es\/?post_type=product&#038;p=4504"},"modified":"2024-11-11T23:04:13","modified_gmt":"2024-11-11T22:04:13","slug":"candado-de-contrasena-ewlk025-funda-nylon-azul-ewheel","status":"publish","type":"product","link":"https:\/\/360scooters.com\/es\/producto\/candado-de-contrasena-ewlk025-funda-nylon-azul-ewheel\/","title":{"rendered":"Candado de contrase\u00f1a EWLK025 funda nylon azul [Ewheel]"},"content":{"rendered":"<p>Asegura tu patinete el\u00e9ctrico o bicicleta con el <strong>Candado de Contrase\u00f1a EWLK025 con funda de nylon azul<\/strong> de Ewheel. Dise\u00f1ado para ofrecer m\u00e1xima seguridad y comodidad, este candado cuenta con un sistema de combinaci\u00f3n que permite personalizar la clave, eliminando la necesidad de llevar llaves. Su funda de nylon no solo le da un toque moderno y atractivo, sino que tambi\u00e9n protege tu veh\u00edculo de posibles da\u00f1os al instalarlo. Con una longitud ideal para asegurar tu transporte en diferentes entornos, este candado es perfecto para el uso diario. No dejes la seguridad de tu patinete al azar; elige el EWLK025 y viaja con confianza.<\/p>\n","protected":false},"excerpt":{"rendered":"<p>Protege tu patinete el\u00e9ctrico o bicicleta con el <strong>Candado de Contrase\u00f1a EWLK025<\/strong> de Ewheel. Su dise\u00f1o con funda de nylon azul ofrece seguridad y estilo, mientras que el sistema de combinaci\u00f3n personalizable elimina la necesidad de llaves. \u00a1Asegura tu veh\u00edculo y viaja tranquilo!<\/p>\n","protected":false},"featured_media":4505,"template":"","meta":[],"product_brand":[],"product_cat":[192],"product_tag":[],"scooter_compatibility":[],"class_list":{"0":"post-4504","1":"product","2":"type-product","3":"status-publish","4":"has-post-thumbnail","6":"product_cat-candados","7":"pa_marca-ewheel","9":"first","10":"instock","11":"taxable","12":"shipping-taxable","13":"purchasable","14":"product-type-simple"},"yoast_head":"<!-- This site is optimized with the Yoast SEO plugin v26.9 - https:\/\/yoast.com\/product\/yoast-seo-wordpress\/ -->\n<title>Candado de contrase\u00f1a EWLK025 funda nylon azul [Ewheel] - 360Scooters | Tienda-taller de patinetes el\u00e9ctricos<\/title>\n<meta name=\"robots\" content=\"index, follow, max-snippet:-1, max-image-preview:large, max-video-preview:-1\" \/>\n<link rel=\"canonical\" href=\"https:\/\/360scooters.com\/es\/producto\/candado-de-contrasena-ewlk025-funda-nylon-azul-ewheel\/\" \/>\n<meta property=\"og:locale\" content=\"es_ES\" \/>\n<meta property=\"og:type\" content=\"article\" \/>\n<meta property=\"og:title\" content=\"Candado de contrase\u00f1a EWLK025 funda nylon azul [Ewheel] - 360Scooters | Tienda-taller de patinetes el\u00e9ctricos\" \/>\n<meta property=\"og:description\" content=\"Protege tu patinete el\u00e9ctrico o bicicleta con el Candado de Contrase\u00f1a EWLK025 de Ewheel. Su dise\u00f1o con funda de nylon azul ofrece seguridad y estilo, mientras que el sistema de combinaci\u00f3n personalizable elimina la necesidad de llaves. \u00a1Asegura tu veh\u00edculo y viaja tranquilo!\" \/>\n<meta property=\"og:url\" content=\"https:\/\/360scooters.com\/es\/producto\/candado-de-contrasena-ewlk025-funda-nylon-azul-ewheel\/\" \/>\n<meta property=\"og:site_name\" content=\"360Scooters | Tienda-taller de patinetes el\u00e9ctricos\" \/>\n<meta property=\"article:modified_time\" content=\"2024-11-11T22:04:13+00:00\" \/>\n<meta property=\"og:image\" content=\"https:\/\/360scooters.com\/es\/wp-content\/uploads\/sites\/2\/2024\/10\/CMM376.png\" \/>\n\t<meta property=\"og:image:width\" content=\"1080\" \/>\n\t<meta property=\"og:image:height\" content=\"1080\" \/>\n\t<meta property=\"og:image:type\" content=\"image\/png\" \/>\n<meta name=\"twitter:card\" content=\"summary_large_image\" \/>\n<meta name=\"twitter:label1\" content=\"Tiempo de lectura\" \/>\n\t<meta name=\"twitter:data1\" content=\"1 minuto\" \/>\n<script type=\"application\/ld+json\" class=\"yoast-schema-graph\">{\"@context\":\"https:\/\/schema.org\",\"@graph\":[{\"@type\":\"WebPage\",\"@id\":\"https:\/\/360scooters.com\/es\/producto\/candado-de-contrasena-ewlk025-funda-nylon-azul-ewheel\/\",\"url\":\"https:\/\/360scooters.com\/es\/producto\/candado-de-contrasena-ewlk025-funda-nylon-azul-ewheel\/\",\"name\":\"Candado de contrase\u00f1a EWLK025 funda nylon azul [Ewheel] - 360Scooters | Tienda-taller de patinetes el\u00e9ctricos\",\"isPartOf\":{\"@id\":\"https:\/\/360scooters.com\/es\/#website\"},\"primaryImageOfPage\":{\"@id\":\"https:\/\/360scooters.com\/es\/producto\/candado-de-contrasena-ewlk025-funda-nylon-azul-ewheel\/#primaryimage\"},\"image\":{\"@id\":\"https:\/\/360scooters.com\/es\/producto\/candado-de-contrasena-ewlk025-funda-nylon-azul-ewheel\/#primaryimage\"},\"thumbnailUrl\":\"https:\/\/360scooters.com\/es\/wp-content\/uploads\/sites\/2\/2024\/10\/CMM376.png\",\"datePublished\":\"2024-10-27T16:35:26+00:00\",\"dateModified\":\"2024-11-11T22:04:13+00:00\",\"breadcrumb\":{\"@id\":\"https:\/\/360scooters.com\/es\/producto\/candado-de-contrasena-ewlk025-funda-nylon-azul-ewheel\/#breadcrumb\"},\"inLanguage\":\"es\",\"potentialAction\":[{\"@type\":\"ReadAction\",\"target\":[\"https:\/\/360scooters.com\/es\/producto\/candado-de-contrasena-ewlk025-funda-nylon-azul-ewheel\/\"]}]},{\"@type\":\"ImageObject\",\"inLanguage\":\"es\",\"@id\":\"https:\/\/360scooters.com\/es\/producto\/candado-de-contrasena-ewlk025-funda-nylon-azul-ewheel\/#primaryimage\",\"url\":\"https:\/\/360scooters.com\/es\/wp-content\/uploads\/sites\/2\/2024\/10\/CMM376.png\",\"contentUrl\":\"https:\/\/360scooters.com\/es\/wp-content\/uploads\/sites\/2\/2024\/10\/CMM376.png\",\"width\":1080,\"height\":1080,\"caption\":\"Candado de contrase\u00f1a EWLK025 funda nylon azul [Ewheel]\"},{\"@type\":\"BreadcrumbList\",\"@id\":\"https:\/\/360scooters.com\/es\/producto\/candado-de-contrasena-ewlk025-funda-nylon-azul-ewheel\/#breadcrumb\",\"itemListElement\":[{\"@type\":\"ListItem\",\"position\":1,\"name\":\"Portada\",\"item\":\"https:\/\/360scooters.com\/es\/\"},{\"@type\":\"ListItem\",\"position\":2,\"name\":\"Tienda\",\"item\":\"https:\/\/360scooters.com\/es\/tienda\/\"},{\"@type\":\"ListItem\",\"position\":3,\"name\":\"Candado de contrase\u00f1a EWLK025 funda nylon azul [Ewheel]\"}]},{\"@type\":\"WebSite\",\"@id\":\"https:\/\/360scooters.com\/es\/#website\",\"url\":\"https:\/\/360scooters.com\/es\/\",\"name\":\"360Scooters - Patinetes el\u00e9ctricos en Pen\u00ednsula y Baleares - Patinetes Madrid - Patinetes Alicante - Patinetes Barcelona\",\"description\":\"\",\"publisher\":{\"@id\":\"https:\/\/360scooters.com\/es\/#organization\"},\"potentialAction\":[{\"@type\":\"SearchAction\",\"target\":{\"@type\":\"EntryPoint\",\"urlTemplate\":\"https:\/\/360scooters.com\/es\/?s={search_term_string}\"},\"query-input\":{\"@type\":\"PropertyValueSpecification\",\"valueRequired\":true,\"valueName\":\"search_term_string\"}}],\"inLanguage\":\"es\"},{\"@type\":\"Organization\",\"@id\":\"https:\/\/360scooters.com\/es\/#organization\",\"name\":\"360Scooters - Patinetes el\u00e9ctricos en Pen\u00ednsula y Baleares - Patinetes Madrid - Patinetes Alicante - Patinetes Barcelona\",\"url\":\"https:\/\/360scooters.com\/es\/\",\"logo\":{\"@type\":\"ImageObject\",\"inLanguage\":\"es\",\"@id\":\"https:\/\/360scooters.com\/es\/#\/schema\/logo\/image\/\",\"url\":\"https:\/\/360scooters.com\/es\/wp-content\/uploads\/sites\/2\/2024\/02\/logo-claimweb-e1727166047230.png\",\"contentUrl\":\"https:\/\/360scooters.com\/es\/wp-content\/uploads\/sites\/2\/2024\/02\/logo-claimweb-e1727166047230.png\",\"width\":214,\"height\":54,\"caption\":\"360Scooters - Patinetes el\u00e9ctricos en Pen\u00ednsula y Baleares - Patinetes Madrid - Patinetes Alicante - Patinetes Barcelona\"},\"image\":{\"@id\":\"https:\/\/360scooters.com\/es\/#\/schema\/logo\/image\/\"}}]}<\/script>\n<!-- \/ Yoast SEO plugin. -->","yoast_head_json":{"title":"Candado de contrase\u00f1a EWLK025 funda nylon azul [Ewheel] - 360Scooters | Tienda-taller de patinetes el\u00e9ctricos","robots":{"index":"index","follow":"follow","max-snippet":"max-snippet:-1","max-image-preview":"max-image-preview:large","max-video-preview":"max-video-preview:-1"},"canonical":"https:\/\/360scooters.com\/es\/producto\/candado-de-contrasena-ewlk025-funda-nylon-azul-ewheel\/","og_locale":"es_ES","og_type":"article","og_title":"Candado de contrase\u00f1a EWLK025 funda nylon azul [Ewheel] - 360Scooters | Tienda-taller de patinetes el\u00e9ctricos","og_description":"Protege tu patinete el\u00e9ctrico o bicicleta con el Candado de Contrase\u00f1a EWLK025 de Ewheel. Su dise\u00f1o con funda de nylon azul ofrece seguridad y estilo, mientras que el sistema de combinaci\u00f3n personalizable elimina la necesidad de llaves. \u00a1Asegura tu veh\u00edculo y viaja tranquilo!","og_url":"https:\/\/360scooters.com\/es\/producto\/candado-de-contrasena-ewlk025-funda-nylon-azul-ewheel\/","og_site_name":"360Scooters | Tienda-taller de patinetes el\u00e9ctricos","article_modified_time":"2024-11-11T22:04:13+00:00","og_image":[{"width":1080,"height":1080,"url":"https:\/\/360scooters.com\/es\/wp-content\/uploads\/sites\/2\/2024\/10\/CMM376.png","type":"image\/png"}],"twitter_card":"summary_large_image","twitter_misc":{"Tiempo de lectura":"1 minuto"},"schema":{"@context":"https:\/\/schema.org","@graph":[{"@type":"WebPage","@id":"https:\/\/360scooters.com\/es\/producto\/candado-de-contrasena-ewlk025-funda-nylon-azul-ewheel\/","url":"https:\/\/360scooters.com\/es\/producto\/candado-de-contrasena-ewlk025-funda-nylon-azul-ewheel\/","name":"Candado de contrase\u00f1a EWLK025 funda nylon azul [Ewheel] - 360Scooters | Tienda-taller de patinetes el\u00e9ctricos","isPartOf":{"@id":"https:\/\/360scooters.com\/es\/#website"},"primaryImageOfPage":{"@id":"https:\/\/360scooters.com\/es\/producto\/candado-de-contrasena-ewlk025-funda-nylon-azul-ewheel\/#primaryimage"},"image":{"@id":"https:\/\/360scooters.com\/es\/producto\/candado-de-contrasena-ewlk025-funda-nylon-azul-ewheel\/#primaryimage"},"thumbnailUrl":"https:\/\/360scooters.com\/es\/wp-content\/uploads\/sites\/2\/2024\/10\/CMM376.png","datePublished":"2024-10-27T16:35:26+00:00","dateModified":"2024-11-11T22:04:13+00:00","breadcrumb":{"@id":"https:\/\/360scooters.com\/es\/producto\/candado-de-contrasena-ewlk025-funda-nylon-azul-ewheel\/#breadcrumb"},"inLanguage":"es","potentialAction":[{"@type":"ReadAction","target":["https:\/\/360scooters.com\/es\/producto\/candado-de-contrasena-ewlk025-funda-nylon-azul-ewheel\/"]}]},{"@type":"ImageObject","inLanguage":"es","@id":"https:\/\/360scooters.com\/es\/producto\/candado-de-contrasena-ewlk025-funda-nylon-azul-ewheel\/#primaryimage","url":"https:\/\/360scooters.com\/es\/wp-content\/uploads\/sites\/2\/2024\/10\/CMM376.png","contentUrl":"https:\/\/360scooters.com\/es\/wp-content\/uploads\/sites\/2\/2024\/10\/CMM376.png","width":1080,"height":1080,"caption":"Candado de contrase\u00f1a EWLK025 funda nylon azul [Ewheel]"},{"@type":"BreadcrumbList","@id":"https:\/\/360scooters.com\/es\/producto\/candado-de-contrasena-ewlk025-funda-nylon-azul-ewheel\/#breadcrumb","itemListElement":[{"@type":"ListItem","position":1,"name":"Portada","item":"https:\/\/360scooters.com\/es\/"},{"@type":"ListItem","position":2,"name":"Tienda","item":"https:\/\/360scooters.com\/es\/tienda\/"},{"@type":"ListItem","position":3,"name":"Candado de contrase\u00f1a EWLK025 funda nylon azul [Ewheel]"}]},{"@type":"WebSite","@id":"https:\/\/360scooters.com\/es\/#website","url":"https:\/\/360scooters.com\/es\/","name":"360Scooters - Patinetes el\u00e9ctricos en Pen\u00ednsula y Baleares - Patinetes Madrid - Patinetes Alicante - Patinetes Barcelona","description":"","publisher":{"@id":"https:\/\/360scooters.com\/es\/#organization"},"potentialAction":[{"@type":"SearchAction","target":{"@type":"EntryPoint","urlTemplate":"https:\/\/360scooters.com\/es\/?s={search_term_string}"},"query-input":{"@type":"PropertyValueSpecification","valueRequired":true,"valueName":"search_term_string"}}],"inLanguage":"es"},{"@type":"Organization","@id":"https:\/\/360scooters.com\/es\/#organization","name":"360Scooters - Patinetes el\u00e9ctricos en Pen\u00ednsula y Baleares - Patinetes Madrid - Patinetes Alicante - Patinetes Barcelona","url":"https:\/\/360scooters.com\/es\/","logo":{"@type":"ImageObject","inLanguage":"es","@id":"https:\/\/360scooters.com\/es\/#\/schema\/logo\/image\/","url":"https:\/\/360scooters.com\/es\/wp-content\/uploads\/sites\/2\/2024\/02\/logo-claimweb-e1727166047230.png","contentUrl":"https:\/\/360scooters.com\/es\/wp-content\/uploads\/sites\/2\/2024\/02\/logo-claimweb-e1727166047230.png","width":214,"height":54,"caption":"360Scooters - Patinetes el\u00e9ctricos en Pen\u00ednsula y Baleares - Patinetes Madrid - Patinetes Alicante - Patinetes Barcelona"},"image":{"@id":"https:\/\/360scooters.com\/es\/#\/schema\/logo\/image\/"}}]}},"_links":{"self":[{"href":"https:\/\/360scooters.com\/es\/wp-json\/wp\/v2\/product\/4504","targetHints":{"allow":["GET"]}}],"collection":[{"href":"https:\/\/360scooters.com\/es\/wp-json\/wp\/v2\/product"}],"about":[{"href":"https:\/\/360scooters.com\/es\/wp-json\/wp\/v2\/types\/product"}],"version-history":[{"count":1,"href":"https:\/\/360scooters.com\/es\/wp-json\/wp\/v2\/product\/4504\/revisions"}],"predecessor-version":[{"id":4511,"href":"https:\/\/360scooters.com\/es\/wp-json\/wp\/v2\/product\/4504\/revisions\/4511"}],"wp:featuredmedia":[{"embeddable":true,"href":"https:\/\/360scooters.com\/es\/wp-json\/wp\/v2\/media\/4505"}],"wp:attachment":[{"href":"https:\/\/360scooters.com\/es\/wp-json\/wp\/v2\/media?parent=4504"}],"wp:term":[{"taxonomy":"product_brand","embeddable":true,"href":"https:\/\/360scooters.com\/es\/wp-json\/wp\/v2\/product_brand?post=4504"},{"taxonomy":"product_cat","embeddable":true,"href":"https:\/\/360scooters.com\/es\/wp-json\/wp\/v2\/product_cat?post=4504"},{"taxonomy":"product_tag","embeddable":true,"href":"https:\/\/360scooters.com\/es\/wp-json\/wp\/v2\/product_tag?post=4504"},{"taxonomy":"scooter_compatibility","embeddable":true,"href":"https:\/\/360scooters.com\/es\/wp-json\/wp\/v2\/scooter_compatibility?post=4504"}],"curies":[{"name":"wp","href":"https:\/\/api.w.org\/{rel}","templated":true}]}}