{"id":4322,"date":"2023-10-22T20:15:42","date_gmt":"2023-10-22T18:15:42","guid":{"rendered":"https:\/\/360scooters.com\/es\/?post_type=product&#038;p=4322"},"modified":"2024-12-07T21:10:14","modified_gmt":"2024-12-07T20:10:14","slug":"faro-con-bocina-para-patinete-y-bici","status":"publish","type":"product","link":"https:\/\/360scooters.com\/es\/producto\/faro-con-bocina-para-patinete-y-bici\/","title":{"rendered":"Faro con bocina para patinete y bici"},"content":{"rendered":"","protected":false},"excerpt":{"rendered":"<p>Faro con bocina para patinete y bici<\/p>\n<ul class=\"seo-sellpoints--sellerPoint--bfm7Az1\" data-spm-anchor-id=\"a2g0o.detail.0.i8.6556AIF7AIF7nf\">\n<li>\n<p data-spm-anchor-id=\"a2g0o.detail.0.i7.6556AIF7AIF7nf\">USB recargable: No hay necesidad de reemplazar las bater\u00edas, simplemente recargar la luz con un cable USB.<\/p>\n<\/li>\n<li>Impermeable: se puede usar en cualquier condici\u00f3n clim\u00e1tica sin preocuparse por los da\u00f1os del agua.<\/li>\n<li>\n<p data-spm-anchor-id=\"a2g0o.detail.0.i10.6556AIF7AIF7nf\">Bike Computer LCD Veloc\u00edmetro: Proporciona informaci\u00f3n precisa de velocidad y distancia, por lo que es una herramienta \u00fatil para el seguimiento del progreso y mejorar el rendimiento.<\/p>\n<\/li>\n<\/ul>\n","protected":false},"featured_media":4323,"template":"","meta":[],"product_brand":[],"product_cat":[66,185],"product_tag":[],"scooter_compatibility":[],"class_list":{"0":"post-4322","1":"product","2":"type-product","3":"status-publish","4":"has-post-thumbnail","6":"product_cat-luminarias","7":"product_cat-outlet","9":"first","10":"instock","11":"sale","12":"taxable","13":"shipping-taxable","14":"purchasable","15":"product-type-simple"},"yoast_head":"<!-- This site is optimized with the Yoast SEO plugin v26.9 - https:\/\/yoast.com\/product\/yoast-seo-wordpress\/ -->\n<title>Faro con bocina para patinete y bici - 360Scooters | Tienda-taller de patinetes el\u00e9ctricos<\/title>\n<meta name=\"robots\" content=\"index, follow, max-snippet:-1, max-image-preview:large, max-video-preview:-1\" \/>\n<link rel=\"canonical\" href=\"https:\/\/360scooters.com\/es\/producto\/faro-con-bocina-para-patinete-y-bici\/\" \/>\n<meta property=\"og:locale\" content=\"es_ES\" \/>\n<meta property=\"og:type\" content=\"article\" \/>\n<meta property=\"og:title\" content=\"Faro con bocina para patinete y bici - 360Scooters | Tienda-taller de patinetes el\u00e9ctricos\" \/>\n<meta property=\"og:description\" content=\"Faro con bocina para patinete y bici    USB recargable: No hay necesidad de reemplazar las bater\u00edas, simplemente recargar la luz con un cable USB.   Impermeable: se puede usar en cualquier condici\u00f3n clim\u00e1tica sin preocuparse por los da\u00f1os del agua.   Bike Computer LCD Veloc\u00edmetro: Proporciona informaci\u00f3n precisa de velocidad y distancia, por lo que es una herramienta \u00fatil para el seguimiento del progreso y mejorar el rendimiento.\" \/>\n<meta property=\"og:url\" content=\"https:\/\/360scooters.com\/es\/producto\/faro-con-bocina-para-patinete-y-bici\/\" \/>\n<meta property=\"og:site_name\" content=\"360Scooters | Tienda-taller de patinetes el\u00e9ctricos\" \/>\n<meta property=\"article:modified_time\" content=\"2024-12-07T20:10:14+00:00\" \/>\n<meta property=\"og:image\" content=\"https:\/\/360scooters.com\/es\/wp-content\/uploads\/sites\/2\/2024\/10\/faro-luz-con-bocina.webp\" \/>\n\t<meta property=\"og:image:width\" content=\"600\" \/>\n\t<meta property=\"og:image:height\" content=\"600\" \/>\n\t<meta property=\"og:image:type\" content=\"image\/webp\" \/>\n<meta name=\"twitter:card\" content=\"summary_large_image\" \/>\n<meta name=\"twitter:label1\" content=\"Tiempo de lectura\" \/>\n\t<meta name=\"twitter:data1\" content=\"1 minuto\" \/>\n<script type=\"application\/ld+json\" class=\"yoast-schema-graph\">{\"@context\":\"https:\/\/schema.org\",\"@graph\":[{\"@type\":\"WebPage\",\"@id\":\"https:\/\/360scooters.com\/es\/producto\/faro-con-bocina-para-patinete-y-bici\/\",\"url\":\"https:\/\/360scooters.com\/es\/producto\/faro-con-bocina-para-patinete-y-bici\/\",\"name\":\"Faro con bocina para patinete y bici - 360Scooters | Tienda-taller de patinetes el\u00e9ctricos\",\"isPartOf\":{\"@id\":\"https:\/\/360scooters.com\/es\/#website\"},\"primaryImageOfPage\":{\"@id\":\"https:\/\/360scooters.com\/es\/producto\/faro-con-bocina-para-patinete-y-bici\/#primaryimage\"},\"image\":{\"@id\":\"https:\/\/360scooters.com\/es\/producto\/faro-con-bocina-para-patinete-y-bici\/#primaryimage\"},\"thumbnailUrl\":\"https:\/\/360scooters.com\/es\/wp-content\/uploads\/sites\/2\/2024\/10\/faro-luz-con-bocina.webp\",\"datePublished\":\"2023-10-22T18:15:42+00:00\",\"dateModified\":\"2024-12-07T20:10:14+00:00\",\"breadcrumb\":{\"@id\":\"https:\/\/360scooters.com\/es\/producto\/faro-con-bocina-para-patinete-y-bici\/#breadcrumb\"},\"inLanguage\":\"es\",\"potentialAction\":[{\"@type\":\"ReadAction\",\"target\":[\"https:\/\/360scooters.com\/es\/producto\/faro-con-bocina-para-patinete-y-bici\/\"]}]},{\"@type\":\"ImageObject\",\"inLanguage\":\"es\",\"@id\":\"https:\/\/360scooters.com\/es\/producto\/faro-con-bocina-para-patinete-y-bici\/#primaryimage\",\"url\":\"https:\/\/360scooters.com\/es\/wp-content\/uploads\/sites\/2\/2024\/10\/faro-luz-con-bocina.webp\",\"contentUrl\":\"https:\/\/360scooters.com\/es\/wp-content\/uploads\/sites\/2\/2024\/10\/faro-luz-con-bocina.webp\",\"width\":600,\"height\":600},{\"@type\":\"BreadcrumbList\",\"@id\":\"https:\/\/360scooters.com\/es\/producto\/faro-con-bocina-para-patinete-y-bici\/#breadcrumb\",\"itemListElement\":[{\"@type\":\"ListItem\",\"position\":1,\"name\":\"Portada\",\"item\":\"https:\/\/360scooters.com\/es\/\"},{\"@type\":\"ListItem\",\"position\":2,\"name\":\"Tienda\",\"item\":\"https:\/\/360scooters.com\/es\/tienda\/\"},{\"@type\":\"ListItem\",\"position\":3,\"name\":\"Faro con bocina para patinete y bici\"}]},{\"@type\":\"WebSite\",\"@id\":\"https:\/\/360scooters.com\/es\/#website\",\"url\":\"https:\/\/360scooters.com\/es\/\",\"name\":\"360Scooters - Patinetes el\u00e9ctricos en Pen\u00ednsula y Baleares - Patinetes Madrid - Patinetes Alicante - Patinetes Barcelona\",\"description\":\"\",\"publisher\":{\"@id\":\"https:\/\/360scooters.com\/es\/#organization\"},\"potentialAction\":[{\"@type\":\"SearchAction\",\"target\":{\"@type\":\"EntryPoint\",\"urlTemplate\":\"https:\/\/360scooters.com\/es\/?s={search_term_string}\"},\"query-input\":{\"@type\":\"PropertyValueSpecification\",\"valueRequired\":true,\"valueName\":\"search_term_string\"}}],\"inLanguage\":\"es\"},{\"@type\":\"Organization\",\"@id\":\"https:\/\/360scooters.com\/es\/#organization\",\"name\":\"360Scooters - Patinetes el\u00e9ctricos en Pen\u00ednsula y Baleares - Patinetes Madrid - Patinetes Alicante - Patinetes Barcelona\",\"url\":\"https:\/\/360scooters.com\/es\/\",\"logo\":{\"@type\":\"ImageObject\",\"inLanguage\":\"es\",\"@id\":\"https:\/\/360scooters.com\/es\/#\/schema\/logo\/image\/\",\"url\":\"https:\/\/360scooters.com\/es\/wp-content\/uploads\/sites\/2\/2024\/02\/logo-claimweb-e1727166047230.png\",\"contentUrl\":\"https:\/\/360scooters.com\/es\/wp-content\/uploads\/sites\/2\/2024\/02\/logo-claimweb-e1727166047230.png\",\"width\":214,\"height\":54,\"caption\":\"360Scooters - Patinetes el\u00e9ctricos en Pen\u00ednsula y Baleares - Patinetes Madrid - Patinetes Alicante - Patinetes Barcelona\"},\"image\":{\"@id\":\"https:\/\/360scooters.com\/es\/#\/schema\/logo\/image\/\"}}]}<\/script>\n<!-- \/ Yoast SEO plugin. -->","yoast_head_json":{"title":"Faro con bocina para patinete y bici - 360Scooters | Tienda-taller de patinetes el\u00e9ctricos","robots":{"index":"index","follow":"follow","max-snippet":"max-snippet:-1","max-image-preview":"max-image-preview:large","max-video-preview":"max-video-preview:-1"},"canonical":"https:\/\/360scooters.com\/es\/producto\/faro-con-bocina-para-patinete-y-bici\/","og_locale":"es_ES","og_type":"article","og_title":"Faro con bocina para patinete y bici - 360Scooters | Tienda-taller de patinetes el\u00e9ctricos","og_description":"Faro con bocina para patinete y bici    USB recargable: No hay necesidad de reemplazar las bater\u00edas, simplemente recargar la luz con un cable USB.   Impermeable: se puede usar en cualquier condici\u00f3n clim\u00e1tica sin preocuparse por los da\u00f1os del agua.   Bike Computer LCD Veloc\u00edmetro: Proporciona informaci\u00f3n precisa de velocidad y distancia, por lo que es una herramienta \u00fatil para el seguimiento del progreso y mejorar el rendimiento.","og_url":"https:\/\/360scooters.com\/es\/producto\/faro-con-bocina-para-patinete-y-bici\/","og_site_name":"360Scooters | Tienda-taller de patinetes el\u00e9ctricos","article_modified_time":"2024-12-07T20:10:14+00:00","og_image":[{"width":600,"height":600,"url":"https:\/\/360scooters.com\/es\/wp-content\/uploads\/sites\/2\/2024\/10\/faro-luz-con-bocina.webp","type":"image\/webp"}],"twitter_card":"summary_large_image","twitter_misc":{"Tiempo de lectura":"1 minuto"},"schema":{"@context":"https:\/\/schema.org","@graph":[{"@type":"WebPage","@id":"https:\/\/360scooters.com\/es\/producto\/faro-con-bocina-para-patinete-y-bici\/","url":"https:\/\/360scooters.com\/es\/producto\/faro-con-bocina-para-patinete-y-bici\/","name":"Faro con bocina para patinete y bici - 360Scooters | Tienda-taller de patinetes el\u00e9ctricos","isPartOf":{"@id":"https:\/\/360scooters.com\/es\/#website"},"primaryImageOfPage":{"@id":"https:\/\/360scooters.com\/es\/producto\/faro-con-bocina-para-patinete-y-bici\/#primaryimage"},"image":{"@id":"https:\/\/360scooters.com\/es\/producto\/faro-con-bocina-para-patinete-y-bici\/#primaryimage"},"thumbnailUrl":"https:\/\/360scooters.com\/es\/wp-content\/uploads\/sites\/2\/2024\/10\/faro-luz-con-bocina.webp","datePublished":"2023-10-22T18:15:42+00:00","dateModified":"2024-12-07T20:10:14+00:00","breadcrumb":{"@id":"https:\/\/360scooters.com\/es\/producto\/faro-con-bocina-para-patinete-y-bici\/#breadcrumb"},"inLanguage":"es","potentialAction":[{"@type":"ReadAction","target":["https:\/\/360scooters.com\/es\/producto\/faro-con-bocina-para-patinete-y-bici\/"]}]},{"@type":"ImageObject","inLanguage":"es","@id":"https:\/\/360scooters.com\/es\/producto\/faro-con-bocina-para-patinete-y-bici\/#primaryimage","url":"https:\/\/360scooters.com\/es\/wp-content\/uploads\/sites\/2\/2024\/10\/faro-luz-con-bocina.webp","contentUrl":"https:\/\/360scooters.com\/es\/wp-content\/uploads\/sites\/2\/2024\/10\/faro-luz-con-bocina.webp","width":600,"height":600},{"@type":"BreadcrumbList","@id":"https:\/\/360scooters.com\/es\/producto\/faro-con-bocina-para-patinete-y-bici\/#breadcrumb","itemListElement":[{"@type":"ListItem","position":1,"name":"Portada","item":"https:\/\/360scooters.com\/es\/"},{"@type":"ListItem","position":2,"name":"Tienda","item":"https:\/\/360scooters.com\/es\/tienda\/"},{"@type":"ListItem","position":3,"name":"Faro con bocina para patinete y bici"}]},{"@type":"WebSite","@id":"https:\/\/360scooters.com\/es\/#website","url":"https:\/\/360scooters.com\/es\/","name":"360Scooters - Patinetes el\u00e9ctricos en Pen\u00ednsula y Baleares - Patinetes Madrid - Patinetes Alicante - Patinetes Barcelona","description":"","publisher":{"@id":"https:\/\/360scooters.com\/es\/#organization"},"potentialAction":[{"@type":"SearchAction","target":{"@type":"EntryPoint","urlTemplate":"https:\/\/360scooters.com\/es\/?s={search_term_string}"},"query-input":{"@type":"PropertyValueSpecification","valueRequired":true,"valueName":"search_term_string"}}],"inLanguage":"es"},{"@type":"Organization","@id":"https:\/\/360scooters.com\/es\/#organization","name":"360Scooters - Patinetes el\u00e9ctricos en Pen\u00ednsula y Baleares - Patinetes Madrid - Patinetes Alicante - Patinetes Barcelona","url":"https:\/\/360scooters.com\/es\/","logo":{"@type":"ImageObject","inLanguage":"es","@id":"https:\/\/360scooters.com\/es\/#\/schema\/logo\/image\/","url":"https:\/\/360scooters.com\/es\/wp-content\/uploads\/sites\/2\/2024\/02\/logo-claimweb-e1727166047230.png","contentUrl":"https:\/\/360scooters.com\/es\/wp-content\/uploads\/sites\/2\/2024\/02\/logo-claimweb-e1727166047230.png","width":214,"height":54,"caption":"360Scooters - Patinetes el\u00e9ctricos en Pen\u00ednsula y Baleares - Patinetes Madrid - Patinetes Alicante - Patinetes Barcelona"},"image":{"@id":"https:\/\/360scooters.com\/es\/#\/schema\/logo\/image\/"}}]}},"_links":{"self":[{"href":"https:\/\/360scooters.com\/es\/wp-json\/wp\/v2\/product\/4322","targetHints":{"allow":["GET"]}}],"collection":[{"href":"https:\/\/360scooters.com\/es\/wp-json\/wp\/v2\/product"}],"about":[{"href":"https:\/\/360scooters.com\/es\/wp-json\/wp\/v2\/types\/product"}],"version-history":[{"count":1,"href":"https:\/\/360scooters.com\/es\/wp-json\/wp\/v2\/product\/4322\/revisions"}],"predecessor-version":[{"id":4325,"href":"https:\/\/360scooters.com\/es\/wp-json\/wp\/v2\/product\/4322\/revisions\/4325"}],"wp:featuredmedia":[{"embeddable":true,"href":"https:\/\/360scooters.com\/es\/wp-json\/wp\/v2\/media\/4323"}],"wp:attachment":[{"href":"https:\/\/360scooters.com\/es\/wp-json\/wp\/v2\/media?parent=4322"}],"wp:term":[{"taxonomy":"product_brand","embeddable":true,"href":"https:\/\/360scooters.com\/es\/wp-json\/wp\/v2\/product_brand?post=4322"},{"taxonomy":"product_cat","embeddable":true,"href":"https:\/\/360scooters.com\/es\/wp-json\/wp\/v2\/product_cat?post=4322"},{"taxonomy":"product_tag","embeddable":true,"href":"https:\/\/360scooters.com\/es\/wp-json\/wp\/v2\/product_tag?post=4322"},{"taxonomy":"scooter_compatibility","embeddable":true,"href":"https:\/\/360scooters.com\/es\/wp-json\/wp\/v2\/scooter_compatibility?post=4322"}],"curies":[{"name":"wp","href":"https:\/\/api.w.org\/{rel}","templated":true}]}}