{"id":4277,"date":"2024-10-22T17:49:25","date_gmt":"2024-10-22T15:49:25","guid":{"rendered":"https:\/\/360scooters.com\/es\/?post_type=product&#038;p=4277"},"modified":"2024-12-07T20:59:23","modified_gmt":"2024-12-07T19:59:23","slug":"pack-de-limpieza-para-patinetes-electricos-pk1-360detail","status":"publish","type":"product","link":"https:\/\/360scooters.com\/es\/producto\/pack-de-limpieza-para-patinetes-electricos-pk1-360detail\/","title":{"rendered":"Pack de limpieza para patinetes el\u00e9ctricos &#8211; PK1 [360Detail]"},"content":{"rendered":"<h2><strong>Pack de limpieza para patinetes el\u00e9ctricos \u2013 360Detail<\/strong><\/h2>\n<p>Mant\u00e9n tu patinete el\u00e9ctrico como nuevo con el pack de limpieza de 360Scooters. Este completo kit incluye:<\/p>\n<ul>\n<li>El <a href=\"https:\/\/360scooters.com\/es\/producto\/limpia-patinetes-biodegradable-500ml\/\"><strong>limpiador biodegradable 360Detail<\/strong><\/a> (500 ml), dise\u00f1ado espec\u00edficamente para eliminar la suciedad m\u00e1s resistente sin da\u00f1ar los materiales ni el medio ambiente.<\/li>\n<li>Una balleta suave de microfibra, perfecta para pulir y dejar tu patinete libre de marcas,<\/li>\n<li>Un pr\u00e1ctico cepillo de cerdas resistentes para alcanzar esos rincones dif\u00edciles y eliminar el polvo acumulado.<\/li>\n<\/ul>\n<p>Ideal para usuarios que buscan mantener su patinete en perfecto estado con productos f\u00e1ciles de usar y respetuosos con el entorno.<\/p>\n","protected":false},"excerpt":{"rendered":"<div class=\"flex max-w-full flex-col flex-grow\">\n<div class=\"min-h-8 text-message flex w-full flex-col items-end gap-2 whitespace-normal break-words [.text-message+&amp;]:mt-5\" dir=\"auto\" data-message-author-role=\"assistant\" data-message-id=\"17bdc6ea-fb8d-487f-a86b-b005f794a0d5\" data-message-model-slug=\"gpt-4o\">\n<div class=\"flex w-full flex-col gap-1 empty:hidden first:pt-[3px]\">\n<div class=\"markdown prose w-full break-words dark:prose-invert light\">\n<p>Este pack incluye el <strong>limpiador biodegradable 360Detail<\/strong> (500 ml), una balleta de microfibra y un cepillo de cerdas resistentes, ideal para mantener tu patinete el\u00e9ctrico limpio y en perfecto estado.<\/p>\n<\/div>\n<\/div>\n<\/div>\n<\/div>\n<div class=\"mb-2 flex gap-3 empty:hidden -ml-2\">\n<div class=\"items-center justify-start rounded-xl p-1 flex\">\n<div class=\"flex items-center\">\n<div class=\"flex\"><\/div>\n<div class=\"flex items-center pb-0\"><\/div>\n<\/div>\n<\/div>\n<\/div>\n","protected":false},"featured_media":4278,"template":"","meta":[],"product_brand":[],"product_cat":[112],"product_tag":[],"scooter_compatibility":[],"class_list":{"0":"post-4277","1":"product","2":"type-product","3":"status-publish","4":"has-post-thumbnail","6":"product_cat-360detail","7":"product_shipping_class-envio-paqueteria","8":"pa_marca-360scooters","10":"first","11":"instock","12":"sale","13":"taxable","14":"shipping-taxable","15":"purchasable","16":"product-type-simple"},"yoast_head":"<!-- This site is optimized with the Yoast SEO plugin v26.9 - https:\/\/yoast.com\/product\/yoast-seo-wordpress\/ -->\n<title>Pack de limpieza para patinetes el\u00e9ctricos - PK1 [360Detail] - 360Scooters | Tienda-taller de patinetes el\u00e9ctricos<\/title>\n<meta name=\"robots\" content=\"index, follow, max-snippet:-1, max-image-preview:large, max-video-preview:-1\" \/>\n<link rel=\"canonical\" href=\"https:\/\/360scooters.com\/es\/producto\/pack-de-limpieza-para-patinetes-electricos-pk1-360detail\/\" \/>\n<meta property=\"og:locale\" content=\"es_ES\" \/>\n<meta property=\"og:type\" content=\"article\" \/>\n<meta property=\"og:title\" content=\"Pack de limpieza para patinetes el\u00e9ctricos - PK1 [360Detail] - 360Scooters | Tienda-taller de patinetes el\u00e9ctricos\" \/>\n<meta property=\"og:description\" content=\"Este pack incluye el limpiador biodegradable 360Detail (500 ml), una balleta de microfibra y un cepillo de cerdas resistentes, ideal para mantener tu patinete el\u00e9ctrico limpio y en perfecto estado.\" \/>\n<meta property=\"og:url\" content=\"https:\/\/360scooters.com\/es\/producto\/pack-de-limpieza-para-patinetes-electricos-pk1-360detail\/\" \/>\n<meta property=\"og:site_name\" content=\"360Scooters | Tienda-taller de patinetes el\u00e9ctricos\" \/>\n<meta property=\"article:modified_time\" content=\"2024-12-07T19:59:23+00:00\" \/>\n<meta property=\"og:image\" content=\"https:\/\/360scooters.com\/es\/wp-content\/uploads\/sites\/2\/2024\/10\/manillar-potencia-10-1.png\" \/>\n\t<meta property=\"og:image:width\" content=\"1080\" \/>\n\t<meta property=\"og:image:height\" content=\"1080\" \/>\n\t<meta property=\"og:image:type\" content=\"image\/png\" \/>\n<meta name=\"twitter:card\" content=\"summary_large_image\" \/>\n<meta name=\"twitter:label1\" content=\"Tiempo de lectura\" \/>\n\t<meta name=\"twitter:data1\" content=\"1 minuto\" \/>\n<script type=\"application\/ld+json\" class=\"yoast-schema-graph\">{\"@context\":\"https:\/\/schema.org\",\"@graph\":[{\"@type\":\"WebPage\",\"@id\":\"https:\/\/360scooters.com\/es\/producto\/pack-de-limpieza-para-patinetes-electricos-pk1-360detail\/\",\"url\":\"https:\/\/360scooters.com\/es\/producto\/pack-de-limpieza-para-patinetes-electricos-pk1-360detail\/\",\"name\":\"Pack de limpieza para patinetes el\u00e9ctricos - PK1 [360Detail] - 360Scooters | Tienda-taller de patinetes el\u00e9ctricos\",\"isPartOf\":{\"@id\":\"https:\/\/360scooters.com\/es\/#website\"},\"primaryImageOfPage\":{\"@id\":\"https:\/\/360scooters.com\/es\/producto\/pack-de-limpieza-para-patinetes-electricos-pk1-360detail\/#primaryimage\"},\"image\":{\"@id\":\"https:\/\/360scooters.com\/es\/producto\/pack-de-limpieza-para-patinetes-electricos-pk1-360detail\/#primaryimage\"},\"thumbnailUrl\":\"https:\/\/360scooters.com\/es\/wp-content\/uploads\/sites\/2\/2024\/10\/manillar-potencia-10-1.png\",\"datePublished\":\"2024-10-22T15:49:25+00:00\",\"dateModified\":\"2024-12-07T19:59:23+00:00\",\"breadcrumb\":{\"@id\":\"https:\/\/360scooters.com\/es\/producto\/pack-de-limpieza-para-patinetes-electricos-pk1-360detail\/#breadcrumb\"},\"inLanguage\":\"es\",\"potentialAction\":[{\"@type\":\"ReadAction\",\"target\":[\"https:\/\/360scooters.com\/es\/producto\/pack-de-limpieza-para-patinetes-electricos-pk1-360detail\/\"]}]},{\"@type\":\"ImageObject\",\"inLanguage\":\"es\",\"@id\":\"https:\/\/360scooters.com\/es\/producto\/pack-de-limpieza-para-patinetes-electricos-pk1-360detail\/#primaryimage\",\"url\":\"https:\/\/360scooters.com\/es\/wp-content\/uploads\/sites\/2\/2024\/10\/manillar-potencia-10-1.png\",\"contentUrl\":\"https:\/\/360scooters.com\/es\/wp-content\/uploads\/sites\/2\/2024\/10\/manillar-potencia-10-1.png\",\"width\":1080,\"height\":1080,\"caption\":\"Pack de limpieza para patinetes el\u00e9ctricos - PK1 [360Detail]\"},{\"@type\":\"BreadcrumbList\",\"@id\":\"https:\/\/360scooters.com\/es\/producto\/pack-de-limpieza-para-patinetes-electricos-pk1-360detail\/#breadcrumb\",\"itemListElement\":[{\"@type\":\"ListItem\",\"position\":1,\"name\":\"Portada\",\"item\":\"https:\/\/360scooters.com\/es\/\"},{\"@type\":\"ListItem\",\"position\":2,\"name\":\"Tienda\",\"item\":\"https:\/\/360scooters.com\/es\/tienda\/\"},{\"@type\":\"ListItem\",\"position\":3,\"name\":\"Pack de limpieza para patinetes el\u00e9ctricos &#8211; PK1 [360Detail]\"}]},{\"@type\":\"WebSite\",\"@id\":\"https:\/\/360scooters.com\/es\/#website\",\"url\":\"https:\/\/360scooters.com\/es\/\",\"name\":\"360Scooters - Patinetes el\u00e9ctricos en Pen\u00ednsula y Baleares - Patinetes Madrid - Patinetes Alicante - Patinetes Barcelona\",\"description\":\"\",\"publisher\":{\"@id\":\"https:\/\/360scooters.com\/es\/#organization\"},\"potentialAction\":[{\"@type\":\"SearchAction\",\"target\":{\"@type\":\"EntryPoint\",\"urlTemplate\":\"https:\/\/360scooters.com\/es\/?s={search_term_string}\"},\"query-input\":{\"@type\":\"PropertyValueSpecification\",\"valueRequired\":true,\"valueName\":\"search_term_string\"}}],\"inLanguage\":\"es\"},{\"@type\":\"Organization\",\"@id\":\"https:\/\/360scooters.com\/es\/#organization\",\"name\":\"360Scooters - Patinetes el\u00e9ctricos en Pen\u00ednsula y Baleares - Patinetes Madrid - Patinetes Alicante - Patinetes Barcelona\",\"url\":\"https:\/\/360scooters.com\/es\/\",\"logo\":{\"@type\":\"ImageObject\",\"inLanguage\":\"es\",\"@id\":\"https:\/\/360scooters.com\/es\/#\/schema\/logo\/image\/\",\"url\":\"https:\/\/360scooters.com\/es\/wp-content\/uploads\/sites\/2\/2024\/02\/logo-claimweb-e1727166047230.png\",\"contentUrl\":\"https:\/\/360scooters.com\/es\/wp-content\/uploads\/sites\/2\/2024\/02\/logo-claimweb-e1727166047230.png\",\"width\":214,\"height\":54,\"caption\":\"360Scooters - Patinetes el\u00e9ctricos en Pen\u00ednsula y Baleares - Patinetes Madrid - Patinetes Alicante - Patinetes Barcelona\"},\"image\":{\"@id\":\"https:\/\/360scooters.com\/es\/#\/schema\/logo\/image\/\"}}]}<\/script>\n<!-- \/ Yoast SEO plugin. -->","yoast_head_json":{"title":"Pack de limpieza para patinetes el\u00e9ctricos - PK1 [360Detail] - 360Scooters | Tienda-taller de patinetes el\u00e9ctricos","robots":{"index":"index","follow":"follow","max-snippet":"max-snippet:-1","max-image-preview":"max-image-preview:large","max-video-preview":"max-video-preview:-1"},"canonical":"https:\/\/360scooters.com\/es\/producto\/pack-de-limpieza-para-patinetes-electricos-pk1-360detail\/","og_locale":"es_ES","og_type":"article","og_title":"Pack de limpieza para patinetes el\u00e9ctricos - PK1 [360Detail] - 360Scooters | Tienda-taller de patinetes el\u00e9ctricos","og_description":"Este pack incluye el limpiador biodegradable 360Detail (500 ml), una balleta de microfibra y un cepillo de cerdas resistentes, ideal para mantener tu patinete el\u00e9ctrico limpio y en perfecto estado.","og_url":"https:\/\/360scooters.com\/es\/producto\/pack-de-limpieza-para-patinetes-electricos-pk1-360detail\/","og_site_name":"360Scooters | Tienda-taller de patinetes el\u00e9ctricos","article_modified_time":"2024-12-07T19:59:23+00:00","og_image":[{"width":1080,"height":1080,"url":"https:\/\/360scooters.com\/es\/wp-content\/uploads\/sites\/2\/2024\/10\/manillar-potencia-10-1.png","type":"image\/png"}],"twitter_card":"summary_large_image","twitter_misc":{"Tiempo de lectura":"1 minuto"},"schema":{"@context":"https:\/\/schema.org","@graph":[{"@type":"WebPage","@id":"https:\/\/360scooters.com\/es\/producto\/pack-de-limpieza-para-patinetes-electricos-pk1-360detail\/","url":"https:\/\/360scooters.com\/es\/producto\/pack-de-limpieza-para-patinetes-electricos-pk1-360detail\/","name":"Pack de limpieza para patinetes el\u00e9ctricos - PK1 [360Detail] - 360Scooters | Tienda-taller de patinetes el\u00e9ctricos","isPartOf":{"@id":"https:\/\/360scooters.com\/es\/#website"},"primaryImageOfPage":{"@id":"https:\/\/360scooters.com\/es\/producto\/pack-de-limpieza-para-patinetes-electricos-pk1-360detail\/#primaryimage"},"image":{"@id":"https:\/\/360scooters.com\/es\/producto\/pack-de-limpieza-para-patinetes-electricos-pk1-360detail\/#primaryimage"},"thumbnailUrl":"https:\/\/360scooters.com\/es\/wp-content\/uploads\/sites\/2\/2024\/10\/manillar-potencia-10-1.png","datePublished":"2024-10-22T15:49:25+00:00","dateModified":"2024-12-07T19:59:23+00:00","breadcrumb":{"@id":"https:\/\/360scooters.com\/es\/producto\/pack-de-limpieza-para-patinetes-electricos-pk1-360detail\/#breadcrumb"},"inLanguage":"es","potentialAction":[{"@type":"ReadAction","target":["https:\/\/360scooters.com\/es\/producto\/pack-de-limpieza-para-patinetes-electricos-pk1-360detail\/"]}]},{"@type":"ImageObject","inLanguage":"es","@id":"https:\/\/360scooters.com\/es\/producto\/pack-de-limpieza-para-patinetes-electricos-pk1-360detail\/#primaryimage","url":"https:\/\/360scooters.com\/es\/wp-content\/uploads\/sites\/2\/2024\/10\/manillar-potencia-10-1.png","contentUrl":"https:\/\/360scooters.com\/es\/wp-content\/uploads\/sites\/2\/2024\/10\/manillar-potencia-10-1.png","width":1080,"height":1080,"caption":"Pack de limpieza para patinetes el\u00e9ctricos - PK1 [360Detail]"},{"@type":"BreadcrumbList","@id":"https:\/\/360scooters.com\/es\/producto\/pack-de-limpieza-para-patinetes-electricos-pk1-360detail\/#breadcrumb","itemListElement":[{"@type":"ListItem","position":1,"name":"Portada","item":"https:\/\/360scooters.com\/es\/"},{"@type":"ListItem","position":2,"name":"Tienda","item":"https:\/\/360scooters.com\/es\/tienda\/"},{"@type":"ListItem","position":3,"name":"Pack de limpieza para patinetes el\u00e9ctricos &#8211; PK1 [360Detail]"}]},{"@type":"WebSite","@id":"https:\/\/360scooters.com\/es\/#website","url":"https:\/\/360scooters.com\/es\/","name":"360Scooters - Patinetes el\u00e9ctricos en Pen\u00ednsula y Baleares - Patinetes Madrid - Patinetes Alicante - Patinetes Barcelona","description":"","publisher":{"@id":"https:\/\/360scooters.com\/es\/#organization"},"potentialAction":[{"@type":"SearchAction","target":{"@type":"EntryPoint","urlTemplate":"https:\/\/360scooters.com\/es\/?s={search_term_string}"},"query-input":{"@type":"PropertyValueSpecification","valueRequired":true,"valueName":"search_term_string"}}],"inLanguage":"es"},{"@type":"Organization","@id":"https:\/\/360scooters.com\/es\/#organization","name":"360Scooters - Patinetes el\u00e9ctricos en Pen\u00ednsula y Baleares - Patinetes Madrid - Patinetes Alicante - Patinetes Barcelona","url":"https:\/\/360scooters.com\/es\/","logo":{"@type":"ImageObject","inLanguage":"es","@id":"https:\/\/360scooters.com\/es\/#\/schema\/logo\/image\/","url":"https:\/\/360scooters.com\/es\/wp-content\/uploads\/sites\/2\/2024\/02\/logo-claimweb-e1727166047230.png","contentUrl":"https:\/\/360scooters.com\/es\/wp-content\/uploads\/sites\/2\/2024\/02\/logo-claimweb-e1727166047230.png","width":214,"height":54,"caption":"360Scooters - Patinetes el\u00e9ctricos en Pen\u00ednsula y Baleares - Patinetes Madrid - Patinetes Alicante - Patinetes Barcelona"},"image":{"@id":"https:\/\/360scooters.com\/es\/#\/schema\/logo\/image\/"}}]}},"_links":{"self":[{"href":"https:\/\/360scooters.com\/es\/wp-json\/wp\/v2\/product\/4277","targetHints":{"allow":["GET"]}}],"collection":[{"href":"https:\/\/360scooters.com\/es\/wp-json\/wp\/v2\/product"}],"about":[{"href":"https:\/\/360scooters.com\/es\/wp-json\/wp\/v2\/types\/product"}],"version-history":[{"count":1,"href":"https:\/\/360scooters.com\/es\/wp-json\/wp\/v2\/product\/4277\/revisions"}],"predecessor-version":[{"id":4279,"href":"https:\/\/360scooters.com\/es\/wp-json\/wp\/v2\/product\/4277\/revisions\/4279"}],"wp:featuredmedia":[{"embeddable":true,"href":"https:\/\/360scooters.com\/es\/wp-json\/wp\/v2\/media\/4278"}],"wp:attachment":[{"href":"https:\/\/360scooters.com\/es\/wp-json\/wp\/v2\/media?parent=4277"}],"wp:term":[{"taxonomy":"product_brand","embeddable":true,"href":"https:\/\/360scooters.com\/es\/wp-json\/wp\/v2\/product_brand?post=4277"},{"taxonomy":"product_cat","embeddable":true,"href":"https:\/\/360scooters.com\/es\/wp-json\/wp\/v2\/product_cat?post=4277"},{"taxonomy":"product_tag","embeddable":true,"href":"https:\/\/360scooters.com\/es\/wp-json\/wp\/v2\/product_tag?post=4277"},{"taxonomy":"scooter_compatibility","embeddable":true,"href":"https:\/\/360scooters.com\/es\/wp-json\/wp\/v2\/scooter_compatibility?post=4277"}],"curies":[{"name":"wp","href":"https:\/\/api.w.org\/{rel}","templated":true}]}}