{"id":4061,"date":"2024-10-19T10:34:50","date_gmt":"2024-10-19T08:34:50","guid":{"rendered":"https:\/\/360scooters.com\/es\/?post_type=product&#038;p=4061"},"modified":"2024-10-19T10:34:51","modified_gmt":"2024-10-19T08:34:51","slug":"cargador-premium-48v-salida-546v-2a-conector-dc-55mm-ewheel","status":"publish","type":"product","link":"https:\/\/360scooters.com\/es\/producto\/cargador-premium-48v-salida-546v-2a-conector-dc-55mm-ewheel\/","title":{"rendered":"Cargador premium 48V (salida 54,6v) 2A conector DC 5,5mm [Ewheel]"},"content":{"rendered":"<h2><strong>Cargador premium 48V (salida 54.6V) 2A con conector DC 5.5mm &#8211; Ewheel<\/strong><\/h2>\n<p>El <strong>Cargador premium 48V (salida 54.6V) 2A de Ewheel<\/strong> es la elecci\u00f3n perfecta para asegurar una carga r\u00e1pida y eficiente de tu patinete el\u00e9ctrico. Con una <strong>salida de 54.6V y 2A<\/strong>, este cargador premium garantiza que tu bater\u00eda reciba la energ\u00eda necesaria para mantener su rendimiento y prolongar su vida \u00fatil.<\/p>\n<p>Dise\u00f1ado espec\u00edficamente para ofrecer m\u00e1xima compatibilidad, este cargador cuenta con un <strong>conector DC de 5.5mm<\/strong>, ideal para una variedad de modelos de patinetes el\u00e9ctricos. Su construcci\u00f3n robusta y sistemas de protecci\u00f3n integrados previenen sobrecargas y sobrecalentamientos, brindando tranquilidad durante el proceso de carga.<\/p>\n<p><strong>Caracter\u00edsticas destacadas:<\/strong><\/p>\n<ul>\n<li><strong>Salida de 54.6V y 2A<\/strong>: Carga r\u00e1pida y eficiente.<\/li>\n<li><strong>Conector DC de 5.5mm<\/strong>: Alta compatibilidad con diversos modelos.<\/li>\n<li><strong>Protecci\u00f3n de seguridad<\/strong>: Contra sobrecargas y sobrecalentamientos.<\/li>\n<li><strong>Marca Ewheel<\/strong>: Garant\u00eda de calidad y durabilidad.<\/li>\n<\/ul>\n<p>Aseg\u00farate de que tu patinete el\u00e9ctrico est\u00e9 siempre listo para la acci\u00f3n con el <strong>Cargador premium 48V de Ewheel<\/strong>.<\/p>\n","protected":false},"excerpt":{"rendered":"<p>Cargador premium 48V (salida 54.6V) 2A con conector DC 5.5mm &#8211; Ewheel El Cargador premium 48V (salida 54.6V) 2A de Ewheel es la elecci\u00f3n perfecta para asegurar una carga r\u00e1pida<\/p>\n","protected":false},"featured_media":4062,"template":"","meta":[],"product_brand":[],"product_cat":[139],"product_tag":[],"scooter_compatibility":[],"class_list":{"0":"post-4061","1":"product","2":"type-product","3":"status-publish","4":"has-post-thumbnail","6":"product_cat-cargadores","7":"pa_marca-ewheel","9":"first","10":"outofstock","11":"taxable","12":"shipping-taxable","13":"purchasable","14":"product-type-simple"},"yoast_head":"<!-- This site is optimized with the Yoast SEO plugin v26.9 - https:\/\/yoast.com\/product\/yoast-seo-wordpress\/ -->\n<title>Cargador premium 48V (salida 54,6v) 2A conector DC 5,5mm [Ewheel] - 360Scooters | Tienda-taller de patinetes el\u00e9ctricos<\/title>\n<meta name=\"robots\" content=\"index, follow, max-snippet:-1, max-image-preview:large, max-video-preview:-1\" \/>\n<link rel=\"canonical\" href=\"https:\/\/360scooters.com\/es\/producto\/cargador-premium-48v-salida-546v-2a-conector-dc-55mm-ewheel\/\" \/>\n<meta property=\"og:locale\" content=\"es_ES\" \/>\n<meta property=\"og:type\" content=\"article\" \/>\n<meta property=\"og:title\" content=\"Cargador premium 48V (salida 54,6v) 2A conector DC 5,5mm [Ewheel] - 360Scooters | Tienda-taller de patinetes el\u00e9ctricos\" \/>\n<meta property=\"og:description\" content=\"Cargador premium 48V (salida 54.6V) 2A con conector DC 5.5mm &#8211; Ewheel El Cargador premium 48V (salida 54.6V) 2A de Ewheel es la elecci\u00f3n perfecta para asegurar una carga r\u00e1pida\" \/>\n<meta property=\"og:url\" content=\"https:\/\/360scooters.com\/es\/producto\/cargador-premium-48v-salida-546v-2a-conector-dc-55mm-ewheel\/\" \/>\n<meta property=\"og:site_name\" content=\"360Scooters | Tienda-taller de patinetes el\u00e9ctricos\" \/>\n<meta property=\"article:modified_time\" content=\"2024-10-19T08:34:51+00:00\" \/>\n<meta property=\"og:image\" content=\"https:\/\/360scooters.com\/es\/wp-content\/uploads\/sites\/2\/2024\/10\/cargador-premium-48v-salida-546v-2a-conector-dc-55mm.jpg\" \/>\n\t<meta property=\"og:image:width\" content=\"800\" \/>\n\t<meta property=\"og:image:height\" content=\"800\" \/>\n\t<meta property=\"og:image:type\" content=\"image\/jpeg\" \/>\n<meta name=\"twitter:card\" content=\"summary_large_image\" \/>\n<meta name=\"twitter:label1\" content=\"Tiempo de lectura\" \/>\n\t<meta name=\"twitter:data1\" content=\"1 minuto\" \/>\n<script type=\"application\/ld+json\" class=\"yoast-schema-graph\">{\"@context\":\"https:\/\/schema.org\",\"@graph\":[{\"@type\":\"WebPage\",\"@id\":\"https:\/\/360scooters.com\/es\/producto\/cargador-premium-48v-salida-546v-2a-conector-dc-55mm-ewheel\/\",\"url\":\"https:\/\/360scooters.com\/es\/producto\/cargador-premium-48v-salida-546v-2a-conector-dc-55mm-ewheel\/\",\"name\":\"Cargador premium 48V (salida 54,6v) 2A conector DC 5,5mm [Ewheel] - 360Scooters | Tienda-taller de patinetes el\u00e9ctricos\",\"isPartOf\":{\"@id\":\"https:\/\/360scooters.com\/es\/#website\"},\"primaryImageOfPage\":{\"@id\":\"https:\/\/360scooters.com\/es\/producto\/cargador-premium-48v-salida-546v-2a-conector-dc-55mm-ewheel\/#primaryimage\"},\"image\":{\"@id\":\"https:\/\/360scooters.com\/es\/producto\/cargador-premium-48v-salida-546v-2a-conector-dc-55mm-ewheel\/#primaryimage\"},\"thumbnailUrl\":\"https:\/\/360scooters.com\/es\/wp-content\/uploads\/sites\/2\/2024\/10\/cargador-premium-48v-salida-546v-2a-conector-dc-55mm.jpg\",\"datePublished\":\"2024-10-19T08:34:50+00:00\",\"dateModified\":\"2024-10-19T08:34:51+00:00\",\"breadcrumb\":{\"@id\":\"https:\/\/360scooters.com\/es\/producto\/cargador-premium-48v-salida-546v-2a-conector-dc-55mm-ewheel\/#breadcrumb\"},\"inLanguage\":\"es\",\"potentialAction\":[{\"@type\":\"ReadAction\",\"target\":[\"https:\/\/360scooters.com\/es\/producto\/cargador-premium-48v-salida-546v-2a-conector-dc-55mm-ewheel\/\"]}]},{\"@type\":\"ImageObject\",\"inLanguage\":\"es\",\"@id\":\"https:\/\/360scooters.com\/es\/producto\/cargador-premium-48v-salida-546v-2a-conector-dc-55mm-ewheel\/#primaryimage\",\"url\":\"https:\/\/360scooters.com\/es\/wp-content\/uploads\/sites\/2\/2024\/10\/cargador-premium-48v-salida-546v-2a-conector-dc-55mm.jpg\",\"contentUrl\":\"https:\/\/360scooters.com\/es\/wp-content\/uploads\/sites\/2\/2024\/10\/cargador-premium-48v-salida-546v-2a-conector-dc-55mm.jpg\",\"width\":800,\"height\":800,\"caption\":\"Cargador premium 48V (salida 54,6v) 2A conector DC 5,5mm\"},{\"@type\":\"BreadcrumbList\",\"@id\":\"https:\/\/360scooters.com\/es\/producto\/cargador-premium-48v-salida-546v-2a-conector-dc-55mm-ewheel\/#breadcrumb\",\"itemListElement\":[{\"@type\":\"ListItem\",\"position\":1,\"name\":\"Portada\",\"item\":\"https:\/\/360scooters.com\/es\/\"},{\"@type\":\"ListItem\",\"position\":2,\"name\":\"Tienda\",\"item\":\"https:\/\/360scooters.com\/es\/tienda\/\"},{\"@type\":\"ListItem\",\"position\":3,\"name\":\"Cargador premium 48V (salida 54,6v) 2A conector DC 5,5mm [Ewheel]\"}]},{\"@type\":\"WebSite\",\"@id\":\"https:\/\/360scooters.com\/es\/#website\",\"url\":\"https:\/\/360scooters.com\/es\/\",\"name\":\"360Scooters - Patinetes el\u00e9ctricos en Pen\u00ednsula y Baleares - Patinetes Madrid - Patinetes Alicante - Patinetes Barcelona\",\"description\":\"\",\"publisher\":{\"@id\":\"https:\/\/360scooters.com\/es\/#organization\"},\"potentialAction\":[{\"@type\":\"SearchAction\",\"target\":{\"@type\":\"EntryPoint\",\"urlTemplate\":\"https:\/\/360scooters.com\/es\/?s={search_term_string}\"},\"query-input\":{\"@type\":\"PropertyValueSpecification\",\"valueRequired\":true,\"valueName\":\"search_term_string\"}}],\"inLanguage\":\"es\"},{\"@type\":\"Organization\",\"@id\":\"https:\/\/360scooters.com\/es\/#organization\",\"name\":\"360Scooters - Patinetes el\u00e9ctricos en Pen\u00ednsula y Baleares - Patinetes Madrid - Patinetes Alicante - Patinetes Barcelona\",\"url\":\"https:\/\/360scooters.com\/es\/\",\"logo\":{\"@type\":\"ImageObject\",\"inLanguage\":\"es\",\"@id\":\"https:\/\/360scooters.com\/es\/#\/schema\/logo\/image\/\",\"url\":\"https:\/\/360scooters.com\/es\/wp-content\/uploads\/sites\/2\/2024\/02\/logo-claimweb-e1727166047230.png\",\"contentUrl\":\"https:\/\/360scooters.com\/es\/wp-content\/uploads\/sites\/2\/2024\/02\/logo-claimweb-e1727166047230.png\",\"width\":214,\"height\":54,\"caption\":\"360Scooters - Patinetes el\u00e9ctricos en Pen\u00ednsula y Baleares - Patinetes Madrid - Patinetes Alicante - Patinetes Barcelona\"},\"image\":{\"@id\":\"https:\/\/360scooters.com\/es\/#\/schema\/logo\/image\/\"}}]}<\/script>\n<!-- \/ Yoast SEO plugin. -->","yoast_head_json":{"title":"Cargador premium 48V (salida 54,6v) 2A conector DC 5,5mm [Ewheel] - 360Scooters | Tienda-taller de patinetes el\u00e9ctricos","robots":{"index":"index","follow":"follow","max-snippet":"max-snippet:-1","max-image-preview":"max-image-preview:large","max-video-preview":"max-video-preview:-1"},"canonical":"https:\/\/360scooters.com\/es\/producto\/cargador-premium-48v-salida-546v-2a-conector-dc-55mm-ewheel\/","og_locale":"es_ES","og_type":"article","og_title":"Cargador premium 48V (salida 54,6v) 2A conector DC 5,5mm [Ewheel] - 360Scooters | Tienda-taller de patinetes el\u00e9ctricos","og_description":"Cargador premium 48V (salida 54.6V) 2A con conector DC 5.5mm &#8211; Ewheel El Cargador premium 48V (salida 54.6V) 2A de Ewheel es la elecci\u00f3n perfecta para asegurar una carga r\u00e1pida","og_url":"https:\/\/360scooters.com\/es\/producto\/cargador-premium-48v-salida-546v-2a-conector-dc-55mm-ewheel\/","og_site_name":"360Scooters | Tienda-taller de patinetes el\u00e9ctricos","article_modified_time":"2024-10-19T08:34:51+00:00","og_image":[{"width":800,"height":800,"url":"https:\/\/360scooters.com\/es\/wp-content\/uploads\/sites\/2\/2024\/10\/cargador-premium-48v-salida-546v-2a-conector-dc-55mm.jpg","type":"image\/jpeg"}],"twitter_card":"summary_large_image","twitter_misc":{"Tiempo de lectura":"1 minuto"},"schema":{"@context":"https:\/\/schema.org","@graph":[{"@type":"WebPage","@id":"https:\/\/360scooters.com\/es\/producto\/cargador-premium-48v-salida-546v-2a-conector-dc-55mm-ewheel\/","url":"https:\/\/360scooters.com\/es\/producto\/cargador-premium-48v-salida-546v-2a-conector-dc-55mm-ewheel\/","name":"Cargador premium 48V (salida 54,6v) 2A conector DC 5,5mm [Ewheel] - 360Scooters | Tienda-taller de patinetes el\u00e9ctricos","isPartOf":{"@id":"https:\/\/360scooters.com\/es\/#website"},"primaryImageOfPage":{"@id":"https:\/\/360scooters.com\/es\/producto\/cargador-premium-48v-salida-546v-2a-conector-dc-55mm-ewheel\/#primaryimage"},"image":{"@id":"https:\/\/360scooters.com\/es\/producto\/cargador-premium-48v-salida-546v-2a-conector-dc-55mm-ewheel\/#primaryimage"},"thumbnailUrl":"https:\/\/360scooters.com\/es\/wp-content\/uploads\/sites\/2\/2024\/10\/cargador-premium-48v-salida-546v-2a-conector-dc-55mm.jpg","datePublished":"2024-10-19T08:34:50+00:00","dateModified":"2024-10-19T08:34:51+00:00","breadcrumb":{"@id":"https:\/\/360scooters.com\/es\/producto\/cargador-premium-48v-salida-546v-2a-conector-dc-55mm-ewheel\/#breadcrumb"},"inLanguage":"es","potentialAction":[{"@type":"ReadAction","target":["https:\/\/360scooters.com\/es\/producto\/cargador-premium-48v-salida-546v-2a-conector-dc-55mm-ewheel\/"]}]},{"@type":"ImageObject","inLanguage":"es","@id":"https:\/\/360scooters.com\/es\/producto\/cargador-premium-48v-salida-546v-2a-conector-dc-55mm-ewheel\/#primaryimage","url":"https:\/\/360scooters.com\/es\/wp-content\/uploads\/sites\/2\/2024\/10\/cargador-premium-48v-salida-546v-2a-conector-dc-55mm.jpg","contentUrl":"https:\/\/360scooters.com\/es\/wp-content\/uploads\/sites\/2\/2024\/10\/cargador-premium-48v-salida-546v-2a-conector-dc-55mm.jpg","width":800,"height":800,"caption":"Cargador premium 48V (salida 54,6v) 2A conector DC 5,5mm"},{"@type":"BreadcrumbList","@id":"https:\/\/360scooters.com\/es\/producto\/cargador-premium-48v-salida-546v-2a-conector-dc-55mm-ewheel\/#breadcrumb","itemListElement":[{"@type":"ListItem","position":1,"name":"Portada","item":"https:\/\/360scooters.com\/es\/"},{"@type":"ListItem","position":2,"name":"Tienda","item":"https:\/\/360scooters.com\/es\/tienda\/"},{"@type":"ListItem","position":3,"name":"Cargador premium 48V (salida 54,6v) 2A conector DC 5,5mm [Ewheel]"}]},{"@type":"WebSite","@id":"https:\/\/360scooters.com\/es\/#website","url":"https:\/\/360scooters.com\/es\/","name":"360Scooters - Patinetes el\u00e9ctricos en Pen\u00ednsula y Baleares - Patinetes Madrid - Patinetes Alicante - Patinetes Barcelona","description":"","publisher":{"@id":"https:\/\/360scooters.com\/es\/#organization"},"potentialAction":[{"@type":"SearchAction","target":{"@type":"EntryPoint","urlTemplate":"https:\/\/360scooters.com\/es\/?s={search_term_string}"},"query-input":{"@type":"PropertyValueSpecification","valueRequired":true,"valueName":"search_term_string"}}],"inLanguage":"es"},{"@type":"Organization","@id":"https:\/\/360scooters.com\/es\/#organization","name":"360Scooters - Patinetes el\u00e9ctricos en Pen\u00ednsula y Baleares - Patinetes Madrid - Patinetes Alicante - Patinetes Barcelona","url":"https:\/\/360scooters.com\/es\/","logo":{"@type":"ImageObject","inLanguage":"es","@id":"https:\/\/360scooters.com\/es\/#\/schema\/logo\/image\/","url":"https:\/\/360scooters.com\/es\/wp-content\/uploads\/sites\/2\/2024\/02\/logo-claimweb-e1727166047230.png","contentUrl":"https:\/\/360scooters.com\/es\/wp-content\/uploads\/sites\/2\/2024\/02\/logo-claimweb-e1727166047230.png","width":214,"height":54,"caption":"360Scooters - Patinetes el\u00e9ctricos en Pen\u00ednsula y Baleares - Patinetes Madrid - Patinetes Alicante - Patinetes Barcelona"},"image":{"@id":"https:\/\/360scooters.com\/es\/#\/schema\/logo\/image\/"}}]}},"_links":{"self":[{"href":"https:\/\/360scooters.com\/es\/wp-json\/wp\/v2\/product\/4061","targetHints":{"allow":["GET"]}}],"collection":[{"href":"https:\/\/360scooters.com\/es\/wp-json\/wp\/v2\/product"}],"about":[{"href":"https:\/\/360scooters.com\/es\/wp-json\/wp\/v2\/types\/product"}],"version-history":[{"count":1,"href":"https:\/\/360scooters.com\/es\/wp-json\/wp\/v2\/product\/4061\/revisions"}],"predecessor-version":[{"id":4065,"href":"https:\/\/360scooters.com\/es\/wp-json\/wp\/v2\/product\/4061\/revisions\/4065"}],"wp:featuredmedia":[{"embeddable":true,"href":"https:\/\/360scooters.com\/es\/wp-json\/wp\/v2\/media\/4062"}],"wp:attachment":[{"href":"https:\/\/360scooters.com\/es\/wp-json\/wp\/v2\/media?parent=4061"}],"wp:term":[{"taxonomy":"product_brand","embeddable":true,"href":"https:\/\/360scooters.com\/es\/wp-json\/wp\/v2\/product_brand?post=4061"},{"taxonomy":"product_cat","embeddable":true,"href":"https:\/\/360scooters.com\/es\/wp-json\/wp\/v2\/product_cat?post=4061"},{"taxonomy":"product_tag","embeddable":true,"href":"https:\/\/360scooters.com\/es\/wp-json\/wp\/v2\/product_tag?post=4061"},{"taxonomy":"scooter_compatibility","embeddable":true,"href":"https:\/\/360scooters.com\/es\/wp-json\/wp\/v2\/scooter_compatibility?post=4061"}],"curies":[{"name":"wp","href":"https:\/\/api.w.org\/{rel}","templated":true}]}}