{"id":4030,"date":"2024-10-19T09:56:36","date_gmt":"2024-10-19T07:56:36","guid":{"rendered":"https:\/\/360scooters.com\/es\/?post_type=product&#038;p=4030"},"modified":"2024-10-19T10:05:46","modified_gmt":"2024-10-19T08:05:46","slug":"cargador-36v-salida-42v-2a-conector-dc-55x25-360basics","status":"publish","type":"product","link":"https:\/\/360scooters.com\/es\/producto\/cargador-36v-salida-42v-2a-conector-dc-55x25-360basics\/","title":{"rendered":"Cargador 36V (salida 42v) 2A conector DC 5,5&#215;2,5 [360Basics]"},"content":{"rendered":"<h2><strong>Cargador 36V (salida 42V) 2A con conector DC 5,5&#215;2,5 para Cecotec Outsider\/Bongo serie A &#8211; 360Basics<\/strong><\/h2>\n<p>El <strong>Cargador 36V de 360Basics<\/strong> es el accesorio perfecto para recargar tu patinete el\u00e9ctrico <strong>Cecotec Outsider\/Bongo serie A<\/strong>. Con una <strong>salida de 42V y 2A<\/strong>, este cargador asegura una carga r\u00e1pida, eficiente y segura, adapt\u00e1ndose espec\u00edficamente a los modelos de la serie <strong>Cecotec Bongo y Outsider<\/strong>. Su <strong>conector DC de 5,5&#215;2,5mm<\/strong> ofrece una conexi\u00f3n precisa y segura, protegiendo tu patinete de sobrecargas y sobrecalentamientos.<\/p>\n<p>Fabricado por <strong>360Basics<\/strong>, este cargador combina calidad y durabilidad, garantizando una carga \u00f3ptima para mantener tu patinete siempre listo para el d\u00eda a d\u00eda. Ideal para usuarios que buscan un cargador confiable y duradero que prolongue la vida \u00fatil de la bater\u00eda de su patinete Cecotec.<\/p>\n<p><strong>Caracter\u00edsticas destacadas:<\/strong><\/p>\n<ul>\n<li><strong>Salida de 42V y 2A<\/strong>: Carga r\u00e1pida y eficiente.<\/li>\n<li><strong>Conector DC 5,5&#215;2,5mm<\/strong>: Compatible con Cecotec Outsider y Bongo serie A.<\/li>\n<li><strong>Seguridad garantizada<\/strong>: Protecci\u00f3n contra sobrecalentamientos y sobrecargas.<\/li>\n<li><strong>Marca 360Basics<\/strong>: Garant\u00eda de calidad y rendimiento en productos para movilidad el\u00e9ctrica.<\/li>\n<\/ul>\n<p>El <strong>Cargador 36V de 360Basics<\/strong> es la mejor opci\u00f3n para usuarios de <strong>patinetes Cecotec<\/strong> que buscan una carga eficiente y segura para prolongar la vida \u00fatil de su veh\u00edculo.<\/p>\n","protected":false},"excerpt":{"rendered":"<p>Cargador r\u00e1pido y seguro de <strong>36V<\/strong> con <strong>conector DC 5,5&#215;2,5mm<\/strong>, compatible con los modelos <strong>Cecotec Outsider y Bongo serie A<\/strong>. Proporciona una carga eficiente y protecci\u00f3n contra sobrecalentamientos.<\/p>\n","protected":false},"featured_media":4031,"template":"","meta":[],"product_brand":[],"product_cat":[139],"product_tag":[],"scooter_compatibility":[],"class_list":{"0":"post-4030","1":"product","2":"type-product","3":"status-publish","4":"has-post-thumbnail","6":"product_cat-cargadores","7":"pa_marca-360basics","9":"first","10":"instock","11":"taxable","12":"shipping-taxable","13":"purchasable","14":"product-type-simple"},"yoast_head":"<!-- This site is optimized with the Yoast SEO plugin v26.9 - https:\/\/yoast.com\/product\/yoast-seo-wordpress\/ -->\n<title>Cargador 36V (salida 42v) 2A conector DC 5,5x2,5 [360Basics] - 360Scooters | Tienda-taller de patinetes el\u00e9ctricos<\/title>\n<meta name=\"robots\" content=\"index, follow, max-snippet:-1, max-image-preview:large, max-video-preview:-1\" \/>\n<link rel=\"canonical\" href=\"https:\/\/360scooters.com\/es\/producto\/cargador-36v-salida-42v-2a-conector-dc-55x25-360basics\/\" \/>\n<meta property=\"og:locale\" content=\"es_ES\" \/>\n<meta property=\"og:type\" content=\"article\" \/>\n<meta property=\"og:title\" content=\"Cargador 36V (salida 42v) 2A conector DC 5,5x2,5 [360Basics] - 360Scooters | Tienda-taller de patinetes el\u00e9ctricos\" \/>\n<meta property=\"og:description\" content=\"Cargador r\u00e1pido y seguro de 36V con conector DC 5,5x2,5mm, compatible con los modelos Cecotec Outsider y Bongo serie A. Proporciona una carga eficiente y protecci\u00f3n contra sobrecalentamientos.\" \/>\n<meta property=\"og:url\" content=\"https:\/\/360scooters.com\/es\/producto\/cargador-36v-salida-42v-2a-conector-dc-55x25-360basics\/\" \/>\n<meta property=\"og:site_name\" content=\"360Scooters | Tienda-taller de patinetes el\u00e9ctricos\" \/>\n<meta property=\"article:modified_time\" content=\"2024-10-19T08:05:46+00:00\" \/>\n<meta property=\"og:image\" content=\"https:\/\/360scooters.com\/es\/wp-content\/uploads\/sites\/2\/2024\/10\/manillar-potencia-3.png\" \/>\n\t<meta property=\"og:image:width\" content=\"1080\" \/>\n\t<meta property=\"og:image:height\" content=\"1080\" \/>\n\t<meta property=\"og:image:type\" content=\"image\/png\" \/>\n<meta name=\"twitter:card\" content=\"summary_large_image\" \/>\n<meta name=\"twitter:label1\" content=\"Tiempo de lectura\" \/>\n\t<meta name=\"twitter:data1\" content=\"2 minutos\" \/>\n<script type=\"application\/ld+json\" class=\"yoast-schema-graph\">{\"@context\":\"https:\/\/schema.org\",\"@graph\":[{\"@type\":\"WebPage\",\"@id\":\"https:\/\/360scooters.com\/es\/producto\/cargador-36v-salida-42v-2a-conector-dc-55x25-360basics\/\",\"url\":\"https:\/\/360scooters.com\/es\/producto\/cargador-36v-salida-42v-2a-conector-dc-55x25-360basics\/\",\"name\":\"Cargador 36V (salida 42v) 2A conector DC 5,5x2,5 [360Basics] - 360Scooters | Tienda-taller de patinetes el\u00e9ctricos\",\"isPartOf\":{\"@id\":\"https:\/\/360scooters.com\/es\/#website\"},\"primaryImageOfPage\":{\"@id\":\"https:\/\/360scooters.com\/es\/producto\/cargador-36v-salida-42v-2a-conector-dc-55x25-360basics\/#primaryimage\"},\"image\":{\"@id\":\"https:\/\/360scooters.com\/es\/producto\/cargador-36v-salida-42v-2a-conector-dc-55x25-360basics\/#primaryimage\"},\"thumbnailUrl\":\"https:\/\/360scooters.com\/es\/wp-content\/uploads\/sites\/2\/2024\/10\/manillar-potencia-3.png\",\"datePublished\":\"2024-10-19T07:56:36+00:00\",\"dateModified\":\"2024-10-19T08:05:46+00:00\",\"breadcrumb\":{\"@id\":\"https:\/\/360scooters.com\/es\/producto\/cargador-36v-salida-42v-2a-conector-dc-55x25-360basics\/#breadcrumb\"},\"inLanguage\":\"es\",\"potentialAction\":[{\"@type\":\"ReadAction\",\"target\":[\"https:\/\/360scooters.com\/es\/producto\/cargador-36v-salida-42v-2a-conector-dc-55x25-360basics\/\"]}]},{\"@type\":\"ImageObject\",\"inLanguage\":\"es\",\"@id\":\"https:\/\/360scooters.com\/es\/producto\/cargador-36v-salida-42v-2a-conector-dc-55x25-360basics\/#primaryimage\",\"url\":\"https:\/\/360scooters.com\/es\/wp-content\/uploads\/sites\/2\/2024\/10\/manillar-potencia-3.png\",\"contentUrl\":\"https:\/\/360scooters.com\/es\/wp-content\/uploads\/sites\/2\/2024\/10\/manillar-potencia-3.png\",\"width\":1080,\"height\":1080,\"caption\":\"Cargador 36V (salida 42v) 2A conector DC 5,5x2,5\"},{\"@type\":\"BreadcrumbList\",\"@id\":\"https:\/\/360scooters.com\/es\/producto\/cargador-36v-salida-42v-2a-conector-dc-55x25-360basics\/#breadcrumb\",\"itemListElement\":[{\"@type\":\"ListItem\",\"position\":1,\"name\":\"Portada\",\"item\":\"https:\/\/360scooters.com\/es\/\"},{\"@type\":\"ListItem\",\"position\":2,\"name\":\"Tienda\",\"item\":\"https:\/\/360scooters.com\/es\/tienda\/\"},{\"@type\":\"ListItem\",\"position\":3,\"name\":\"Cargador 36V (salida 42v) 2A conector DC 5,5&#215;2,5 [360Basics]\"}]},{\"@type\":\"WebSite\",\"@id\":\"https:\/\/360scooters.com\/es\/#website\",\"url\":\"https:\/\/360scooters.com\/es\/\",\"name\":\"360Scooters - Patinetes el\u00e9ctricos en Pen\u00ednsula y Baleares - Patinetes Madrid - Patinetes Alicante - Patinetes Barcelona\",\"description\":\"\",\"publisher\":{\"@id\":\"https:\/\/360scooters.com\/es\/#organization\"},\"potentialAction\":[{\"@type\":\"SearchAction\",\"target\":{\"@type\":\"EntryPoint\",\"urlTemplate\":\"https:\/\/360scooters.com\/es\/?s={search_term_string}\"},\"query-input\":{\"@type\":\"PropertyValueSpecification\",\"valueRequired\":true,\"valueName\":\"search_term_string\"}}],\"inLanguage\":\"es\"},{\"@type\":\"Organization\",\"@id\":\"https:\/\/360scooters.com\/es\/#organization\",\"name\":\"360Scooters - Patinetes el\u00e9ctricos en Pen\u00ednsula y Baleares - Patinetes Madrid - Patinetes Alicante - Patinetes Barcelona\",\"url\":\"https:\/\/360scooters.com\/es\/\",\"logo\":{\"@type\":\"ImageObject\",\"inLanguage\":\"es\",\"@id\":\"https:\/\/360scooters.com\/es\/#\/schema\/logo\/image\/\",\"url\":\"https:\/\/360scooters.com\/es\/wp-content\/uploads\/sites\/2\/2024\/02\/logo-claimweb-e1727166047230.png\",\"contentUrl\":\"https:\/\/360scooters.com\/es\/wp-content\/uploads\/sites\/2\/2024\/02\/logo-claimweb-e1727166047230.png\",\"width\":214,\"height\":54,\"caption\":\"360Scooters - Patinetes el\u00e9ctricos en Pen\u00ednsula y Baleares - Patinetes Madrid - Patinetes Alicante - Patinetes Barcelona\"},\"image\":{\"@id\":\"https:\/\/360scooters.com\/es\/#\/schema\/logo\/image\/\"}}]}<\/script>\n<!-- \/ Yoast SEO plugin. -->","yoast_head_json":{"title":"Cargador 36V (salida 42v) 2A conector DC 5,5x2,5 [360Basics] - 360Scooters | Tienda-taller de patinetes el\u00e9ctricos","robots":{"index":"index","follow":"follow","max-snippet":"max-snippet:-1","max-image-preview":"max-image-preview:large","max-video-preview":"max-video-preview:-1"},"canonical":"https:\/\/360scooters.com\/es\/producto\/cargador-36v-salida-42v-2a-conector-dc-55x25-360basics\/","og_locale":"es_ES","og_type":"article","og_title":"Cargador 36V (salida 42v) 2A conector DC 5,5x2,5 [360Basics] - 360Scooters | Tienda-taller de patinetes el\u00e9ctricos","og_description":"Cargador r\u00e1pido y seguro de 36V con conector DC 5,5x2,5mm, compatible con los modelos Cecotec Outsider y Bongo serie A. Proporciona una carga eficiente y protecci\u00f3n contra sobrecalentamientos.","og_url":"https:\/\/360scooters.com\/es\/producto\/cargador-36v-salida-42v-2a-conector-dc-55x25-360basics\/","og_site_name":"360Scooters | Tienda-taller de patinetes el\u00e9ctricos","article_modified_time":"2024-10-19T08:05:46+00:00","og_image":[{"width":1080,"height":1080,"url":"https:\/\/360scooters.com\/es\/wp-content\/uploads\/sites\/2\/2024\/10\/manillar-potencia-3.png","type":"image\/png"}],"twitter_card":"summary_large_image","twitter_misc":{"Tiempo de lectura":"2 minutos"},"schema":{"@context":"https:\/\/schema.org","@graph":[{"@type":"WebPage","@id":"https:\/\/360scooters.com\/es\/producto\/cargador-36v-salida-42v-2a-conector-dc-55x25-360basics\/","url":"https:\/\/360scooters.com\/es\/producto\/cargador-36v-salida-42v-2a-conector-dc-55x25-360basics\/","name":"Cargador 36V (salida 42v) 2A conector DC 5,5x2,5 [360Basics] - 360Scooters | Tienda-taller de patinetes el\u00e9ctricos","isPartOf":{"@id":"https:\/\/360scooters.com\/es\/#website"},"primaryImageOfPage":{"@id":"https:\/\/360scooters.com\/es\/producto\/cargador-36v-salida-42v-2a-conector-dc-55x25-360basics\/#primaryimage"},"image":{"@id":"https:\/\/360scooters.com\/es\/producto\/cargador-36v-salida-42v-2a-conector-dc-55x25-360basics\/#primaryimage"},"thumbnailUrl":"https:\/\/360scooters.com\/es\/wp-content\/uploads\/sites\/2\/2024\/10\/manillar-potencia-3.png","datePublished":"2024-10-19T07:56:36+00:00","dateModified":"2024-10-19T08:05:46+00:00","breadcrumb":{"@id":"https:\/\/360scooters.com\/es\/producto\/cargador-36v-salida-42v-2a-conector-dc-55x25-360basics\/#breadcrumb"},"inLanguage":"es","potentialAction":[{"@type":"ReadAction","target":["https:\/\/360scooters.com\/es\/producto\/cargador-36v-salida-42v-2a-conector-dc-55x25-360basics\/"]}]},{"@type":"ImageObject","inLanguage":"es","@id":"https:\/\/360scooters.com\/es\/producto\/cargador-36v-salida-42v-2a-conector-dc-55x25-360basics\/#primaryimage","url":"https:\/\/360scooters.com\/es\/wp-content\/uploads\/sites\/2\/2024\/10\/manillar-potencia-3.png","contentUrl":"https:\/\/360scooters.com\/es\/wp-content\/uploads\/sites\/2\/2024\/10\/manillar-potencia-3.png","width":1080,"height":1080,"caption":"Cargador 36V (salida 42v) 2A conector DC 5,5x2,5"},{"@type":"BreadcrumbList","@id":"https:\/\/360scooters.com\/es\/producto\/cargador-36v-salida-42v-2a-conector-dc-55x25-360basics\/#breadcrumb","itemListElement":[{"@type":"ListItem","position":1,"name":"Portada","item":"https:\/\/360scooters.com\/es\/"},{"@type":"ListItem","position":2,"name":"Tienda","item":"https:\/\/360scooters.com\/es\/tienda\/"},{"@type":"ListItem","position":3,"name":"Cargador 36V (salida 42v) 2A conector DC 5,5&#215;2,5 [360Basics]"}]},{"@type":"WebSite","@id":"https:\/\/360scooters.com\/es\/#website","url":"https:\/\/360scooters.com\/es\/","name":"360Scooters - Patinetes el\u00e9ctricos en Pen\u00ednsula y Baleares - Patinetes Madrid - Patinetes Alicante - Patinetes Barcelona","description":"","publisher":{"@id":"https:\/\/360scooters.com\/es\/#organization"},"potentialAction":[{"@type":"SearchAction","target":{"@type":"EntryPoint","urlTemplate":"https:\/\/360scooters.com\/es\/?s={search_term_string}"},"query-input":{"@type":"PropertyValueSpecification","valueRequired":true,"valueName":"search_term_string"}}],"inLanguage":"es"},{"@type":"Organization","@id":"https:\/\/360scooters.com\/es\/#organization","name":"360Scooters - Patinetes el\u00e9ctricos en Pen\u00ednsula y Baleares - Patinetes Madrid - Patinetes Alicante - Patinetes Barcelona","url":"https:\/\/360scooters.com\/es\/","logo":{"@type":"ImageObject","inLanguage":"es","@id":"https:\/\/360scooters.com\/es\/#\/schema\/logo\/image\/","url":"https:\/\/360scooters.com\/es\/wp-content\/uploads\/sites\/2\/2024\/02\/logo-claimweb-e1727166047230.png","contentUrl":"https:\/\/360scooters.com\/es\/wp-content\/uploads\/sites\/2\/2024\/02\/logo-claimweb-e1727166047230.png","width":214,"height":54,"caption":"360Scooters - Patinetes el\u00e9ctricos en Pen\u00ednsula y Baleares - Patinetes Madrid - Patinetes Alicante - Patinetes Barcelona"},"image":{"@id":"https:\/\/360scooters.com\/es\/#\/schema\/logo\/image\/"}}]}},"_links":{"self":[{"href":"https:\/\/360scooters.com\/es\/wp-json\/wp\/v2\/product\/4030","targetHints":{"allow":["GET"]}}],"collection":[{"href":"https:\/\/360scooters.com\/es\/wp-json\/wp\/v2\/product"}],"about":[{"href":"https:\/\/360scooters.com\/es\/wp-json\/wp\/v2\/types\/product"}],"version-history":[{"count":1,"href":"https:\/\/360scooters.com\/es\/wp-json\/wp\/v2\/product\/4030\/revisions"}],"predecessor-version":[{"id":4034,"href":"https:\/\/360scooters.com\/es\/wp-json\/wp\/v2\/product\/4030\/revisions\/4034"}],"wp:featuredmedia":[{"embeddable":true,"href":"https:\/\/360scooters.com\/es\/wp-json\/wp\/v2\/media\/4031"}],"wp:attachment":[{"href":"https:\/\/360scooters.com\/es\/wp-json\/wp\/v2\/media?parent=4030"}],"wp:term":[{"taxonomy":"product_brand","embeddable":true,"href":"https:\/\/360scooters.com\/es\/wp-json\/wp\/v2\/product_brand?post=4030"},{"taxonomy":"product_cat","embeddable":true,"href":"https:\/\/360scooters.com\/es\/wp-json\/wp\/v2\/product_cat?post=4030"},{"taxonomy":"product_tag","embeddable":true,"href":"https:\/\/360scooters.com\/es\/wp-json\/wp\/v2\/product_tag?post=4030"},{"taxonomy":"scooter_compatibility","embeddable":true,"href":"https:\/\/360scooters.com\/es\/wp-json\/wp\/v2\/scooter_compatibility?post=4030"}],"curies":[{"name":"wp","href":"https:\/\/api.w.org\/{rel}","templated":true}]}}