{"id":3739,"date":"2024-10-11T18:20:50","date_gmt":"2024-10-11T16:20:50","guid":{"rendered":"https:\/\/360scooters.com\/es\/?post_type=product&#038;p=3739"},"modified":"2025-03-05T11:24:55","modified_gmt":"2025-03-05T10:24:55","slug":"recogida-a-domicilio-de-patinetes-electricos-elx-antonio-machado","status":"publish","type":"product","link":"https:\/\/360scooters.com\/es\/producto\/recogida-a-domicilio-de-patinetes-electricos-elx-antonio-machado\/","title":{"rendered":"Servicio de recogida Elche-Alicante"},"content":{"rendered":"","protected":false},"excerpt":{"rendered":"<h3><strong>Servicio de recogida de patinetes el\u00e9ctricos en el Baix Vinalop\u00f3, l&#8217;Alicant\u00ed, Vinalop\u00f3 Mitj\u00e0 o la Vega Baja.<\/strong><\/h3>\n<p>Recogemos y reparamos en nuestra tienda de <a href=\"https:\/\/360scooters.com\/es\/taller\/stores\/elche-reparar-patinete-en-elche\/\">Elx \u00b7 Antonio Machado<\/a>. El coste del servicio incluye recogida y env\u00edo.\u00a0<strong>No incluye diagn\u00f3sticos ni reparaciones.\u00a0<\/strong>En el caso de contratar el diagn\u00f3stico y aceptar la reparaci\u00f3n se le descontar\u00e1 del total de la reparaci\u00f3n.<\/p>\n","protected":false},"featured_media":7013,"template":"","meta":[],"product_brand":[],"product_cat":[119,172],"product_tag":[],"scooter_compatibility":[],"class_list":{"0":"post-3739","1":"product","2":"type-product","3":"status-publish","4":"has-post-thumbnail","6":"product_cat-servicios-taller","7":"product_cat-transportes-taller","9":"first","10":"instock","11":"taxable","12":"shipping-taxable","13":"purchasable","14":"product-type-variable"},"yoast_head":"<!-- This site is optimized with the Yoast SEO plugin v26.9 - https:\/\/yoast.com\/product\/yoast-seo-wordpress\/ -->\n<title>Servicio de recogida Elche-Alicante - 360Scooters | Tienda-taller de patinetes el\u00e9ctricos<\/title>\n<meta name=\"robots\" content=\"index, follow, max-snippet:-1, max-image-preview:large, max-video-preview:-1\" \/>\n<link rel=\"canonical\" href=\"https:\/\/360scooters.com\/es\/producto\/recogida-a-domicilio-de-patinetes-electricos-elx-antonio-machado\/\" \/>\n<meta property=\"og:locale\" content=\"es_ES\" \/>\n<meta property=\"og:type\" content=\"article\" \/>\n<meta property=\"og:title\" content=\"Servicio de recogida Elche-Alicante - 360Scooters | Tienda-taller de patinetes el\u00e9ctricos\" \/>\n<meta property=\"og:description\" content=\"Servicio de recogida de patinetes el\u00e9ctricos en el Baix Vinalop\u00f3, l&#039;Alicant\u00ed, Vinalop\u00f3 Mitj\u00e0 o la Vega Baja. Recogemos y reparamos en nuestra tienda de Elx \u00b7 Antonio Machado. El coste del servicio incluye recogida y env\u00edo.\u00a0No incluye diagn\u00f3sticos ni reparaciones.\u00a0En el caso de contratar el diagn\u00f3stico y aceptar la reparaci\u00f3n se le descontar\u00e1 del total de la reparaci\u00f3n.\" \/>\n<meta property=\"og:url\" content=\"https:\/\/360scooters.com\/es\/producto\/recogida-a-domicilio-de-patinetes-electricos-elx-antonio-machado\/\" \/>\n<meta property=\"og:site_name\" content=\"360Scooters | Tienda-taller de patinetes el\u00e9ctricos\" \/>\n<meta property=\"article:modified_time\" content=\"2025-03-05T10:24:55+00:00\" \/>\n<meta property=\"og:image\" content=\"https:\/\/360scooters.com\/es\/wp-content\/uploads\/sites\/2\/2024\/10\/MINIATURA-PRODUCTO-24.png\" \/>\n\t<meta property=\"og:image:width\" content=\"1080\" \/>\n\t<meta property=\"og:image:height\" content=\"1080\" \/>\n\t<meta property=\"og:image:type\" content=\"image\/png\" \/>\n<meta name=\"twitter:card\" content=\"summary_large_image\" \/>\n<meta name=\"twitter:label1\" content=\"Tiempo de lectura\" \/>\n\t<meta name=\"twitter:data1\" content=\"1 minuto\" \/>\n<script type=\"application\/ld+json\" class=\"yoast-schema-graph\">{\"@context\":\"https:\/\/schema.org\",\"@graph\":[{\"@type\":\"WebPage\",\"@id\":\"https:\/\/360scooters.com\/es\/producto\/recogida-a-domicilio-de-patinetes-electricos-elx-antonio-machado\/\",\"url\":\"https:\/\/360scooters.com\/es\/producto\/recogida-a-domicilio-de-patinetes-electricos-elx-antonio-machado\/\",\"name\":\"Servicio de recogida Elche-Alicante - 360Scooters | Tienda-taller de patinetes el\u00e9ctricos\",\"isPartOf\":{\"@id\":\"https:\/\/360scooters.com\/es\/#website\"},\"primaryImageOfPage\":{\"@id\":\"https:\/\/360scooters.com\/es\/producto\/recogida-a-domicilio-de-patinetes-electricos-elx-antonio-machado\/#primaryimage\"},\"image\":{\"@id\":\"https:\/\/360scooters.com\/es\/producto\/recogida-a-domicilio-de-patinetes-electricos-elx-antonio-machado\/#primaryimage\"},\"thumbnailUrl\":\"https:\/\/360scooters.com\/es\/wp-content\/uploads\/sites\/2\/2024\/10\/MINIATURA-PRODUCTO-24.png\",\"datePublished\":\"2024-10-11T16:20:50+00:00\",\"dateModified\":\"2025-03-05T10:24:55+00:00\",\"breadcrumb\":{\"@id\":\"https:\/\/360scooters.com\/es\/producto\/recogida-a-domicilio-de-patinetes-electricos-elx-antonio-machado\/#breadcrumb\"},\"inLanguage\":\"es\",\"potentialAction\":[{\"@type\":\"ReadAction\",\"target\":[\"https:\/\/360scooters.com\/es\/producto\/recogida-a-domicilio-de-patinetes-electricos-elx-antonio-machado\/\"]}]},{\"@type\":\"ImageObject\",\"inLanguage\":\"es\",\"@id\":\"https:\/\/360scooters.com\/es\/producto\/recogida-a-domicilio-de-patinetes-electricos-elx-antonio-machado\/#primaryimage\",\"url\":\"https:\/\/360scooters.com\/es\/wp-content\/uploads\/sites\/2\/2024\/10\/MINIATURA-PRODUCTO-24.png\",\"contentUrl\":\"https:\/\/360scooters.com\/es\/wp-content\/uploads\/sites\/2\/2024\/10\/MINIATURA-PRODUCTO-24.png\",\"width\":1080,\"height\":1080,\"caption\":\"Servicio de recogida de patinetes Elche-Alicante\"},{\"@type\":\"BreadcrumbList\",\"@id\":\"https:\/\/360scooters.com\/es\/producto\/recogida-a-domicilio-de-patinetes-electricos-elx-antonio-machado\/#breadcrumb\",\"itemListElement\":[{\"@type\":\"ListItem\",\"position\":1,\"name\":\"Portada\",\"item\":\"https:\/\/360scooters.com\/es\/\"},{\"@type\":\"ListItem\",\"position\":2,\"name\":\"Tienda\",\"item\":\"https:\/\/360scooters.com\/es\/tienda\/\"},{\"@type\":\"ListItem\",\"position\":3,\"name\":\"Servicio de recogida Elche-Alicante\"}]},{\"@type\":\"WebSite\",\"@id\":\"https:\/\/360scooters.com\/es\/#website\",\"url\":\"https:\/\/360scooters.com\/es\/\",\"name\":\"360Scooters - Patinetes el\u00e9ctricos en Pen\u00ednsula y Baleares - Patinetes Madrid - Patinetes Alicante - Patinetes Barcelona\",\"description\":\"\",\"publisher\":{\"@id\":\"https:\/\/360scooters.com\/es\/#organization\"},\"potentialAction\":[{\"@type\":\"SearchAction\",\"target\":{\"@type\":\"EntryPoint\",\"urlTemplate\":\"https:\/\/360scooters.com\/es\/?s={search_term_string}\"},\"query-input\":{\"@type\":\"PropertyValueSpecification\",\"valueRequired\":true,\"valueName\":\"search_term_string\"}}],\"inLanguage\":\"es\"},{\"@type\":\"Organization\",\"@id\":\"https:\/\/360scooters.com\/es\/#organization\",\"name\":\"360Scooters - Patinetes el\u00e9ctricos en Pen\u00ednsula y Baleares - Patinetes Madrid - Patinetes Alicante - Patinetes Barcelona\",\"url\":\"https:\/\/360scooters.com\/es\/\",\"logo\":{\"@type\":\"ImageObject\",\"inLanguage\":\"es\",\"@id\":\"https:\/\/360scooters.com\/es\/#\/schema\/logo\/image\/\",\"url\":\"https:\/\/360scooters.com\/es\/wp-content\/uploads\/sites\/2\/2024\/02\/logo-claimweb-e1727166047230.png\",\"contentUrl\":\"https:\/\/360scooters.com\/es\/wp-content\/uploads\/sites\/2\/2024\/02\/logo-claimweb-e1727166047230.png\",\"width\":214,\"height\":54,\"caption\":\"360Scooters - Patinetes el\u00e9ctricos en Pen\u00ednsula y Baleares - Patinetes Madrid - Patinetes Alicante - Patinetes Barcelona\"},\"image\":{\"@id\":\"https:\/\/360scooters.com\/es\/#\/schema\/logo\/image\/\"}}]}<\/script>\n<!-- \/ Yoast SEO plugin. -->","yoast_head_json":{"title":"Servicio de recogida Elche-Alicante - 360Scooters | Tienda-taller de patinetes el\u00e9ctricos","robots":{"index":"index","follow":"follow","max-snippet":"max-snippet:-1","max-image-preview":"max-image-preview:large","max-video-preview":"max-video-preview:-1"},"canonical":"https:\/\/360scooters.com\/es\/producto\/recogida-a-domicilio-de-patinetes-electricos-elx-antonio-machado\/","og_locale":"es_ES","og_type":"article","og_title":"Servicio de recogida Elche-Alicante - 360Scooters | Tienda-taller de patinetes el\u00e9ctricos","og_description":"Servicio de recogida de patinetes el\u00e9ctricos en el Baix Vinalop\u00f3, l'Alicant\u00ed, Vinalop\u00f3 Mitj\u00e0 o la Vega Baja. Recogemos y reparamos en nuestra tienda de Elx \u00b7 Antonio Machado. El coste del servicio incluye recogida y env\u00edo.\u00a0No incluye diagn\u00f3sticos ni reparaciones.\u00a0En el caso de contratar el diagn\u00f3stico y aceptar la reparaci\u00f3n se le descontar\u00e1 del total de la reparaci\u00f3n.","og_url":"https:\/\/360scooters.com\/es\/producto\/recogida-a-domicilio-de-patinetes-electricos-elx-antonio-machado\/","og_site_name":"360Scooters | Tienda-taller de patinetes el\u00e9ctricos","article_modified_time":"2025-03-05T10:24:55+00:00","og_image":[{"width":1080,"height":1080,"url":"https:\/\/360scooters.com\/es\/wp-content\/uploads\/sites\/2\/2024\/10\/MINIATURA-PRODUCTO-24.png","type":"image\/png"}],"twitter_card":"summary_large_image","twitter_misc":{"Tiempo de lectura":"1 minuto"},"schema":{"@context":"https:\/\/schema.org","@graph":[{"@type":"WebPage","@id":"https:\/\/360scooters.com\/es\/producto\/recogida-a-domicilio-de-patinetes-electricos-elx-antonio-machado\/","url":"https:\/\/360scooters.com\/es\/producto\/recogida-a-domicilio-de-patinetes-electricos-elx-antonio-machado\/","name":"Servicio de recogida Elche-Alicante - 360Scooters | Tienda-taller de patinetes el\u00e9ctricos","isPartOf":{"@id":"https:\/\/360scooters.com\/es\/#website"},"primaryImageOfPage":{"@id":"https:\/\/360scooters.com\/es\/producto\/recogida-a-domicilio-de-patinetes-electricos-elx-antonio-machado\/#primaryimage"},"image":{"@id":"https:\/\/360scooters.com\/es\/producto\/recogida-a-domicilio-de-patinetes-electricos-elx-antonio-machado\/#primaryimage"},"thumbnailUrl":"https:\/\/360scooters.com\/es\/wp-content\/uploads\/sites\/2\/2024\/10\/MINIATURA-PRODUCTO-24.png","datePublished":"2024-10-11T16:20:50+00:00","dateModified":"2025-03-05T10:24:55+00:00","breadcrumb":{"@id":"https:\/\/360scooters.com\/es\/producto\/recogida-a-domicilio-de-patinetes-electricos-elx-antonio-machado\/#breadcrumb"},"inLanguage":"es","potentialAction":[{"@type":"ReadAction","target":["https:\/\/360scooters.com\/es\/producto\/recogida-a-domicilio-de-patinetes-electricos-elx-antonio-machado\/"]}]},{"@type":"ImageObject","inLanguage":"es","@id":"https:\/\/360scooters.com\/es\/producto\/recogida-a-domicilio-de-patinetes-electricos-elx-antonio-machado\/#primaryimage","url":"https:\/\/360scooters.com\/es\/wp-content\/uploads\/sites\/2\/2024\/10\/MINIATURA-PRODUCTO-24.png","contentUrl":"https:\/\/360scooters.com\/es\/wp-content\/uploads\/sites\/2\/2024\/10\/MINIATURA-PRODUCTO-24.png","width":1080,"height":1080,"caption":"Servicio de recogida de patinetes Elche-Alicante"},{"@type":"BreadcrumbList","@id":"https:\/\/360scooters.com\/es\/producto\/recogida-a-domicilio-de-patinetes-electricos-elx-antonio-machado\/#breadcrumb","itemListElement":[{"@type":"ListItem","position":1,"name":"Portada","item":"https:\/\/360scooters.com\/es\/"},{"@type":"ListItem","position":2,"name":"Tienda","item":"https:\/\/360scooters.com\/es\/tienda\/"},{"@type":"ListItem","position":3,"name":"Servicio de recogida Elche-Alicante"}]},{"@type":"WebSite","@id":"https:\/\/360scooters.com\/es\/#website","url":"https:\/\/360scooters.com\/es\/","name":"360Scooters - Patinetes el\u00e9ctricos en Pen\u00ednsula y Baleares - Patinetes Madrid - Patinetes Alicante - Patinetes Barcelona","description":"","publisher":{"@id":"https:\/\/360scooters.com\/es\/#organization"},"potentialAction":[{"@type":"SearchAction","target":{"@type":"EntryPoint","urlTemplate":"https:\/\/360scooters.com\/es\/?s={search_term_string}"},"query-input":{"@type":"PropertyValueSpecification","valueRequired":true,"valueName":"search_term_string"}}],"inLanguage":"es"},{"@type":"Organization","@id":"https:\/\/360scooters.com\/es\/#organization","name":"360Scooters - Patinetes el\u00e9ctricos en Pen\u00ednsula y Baleares - Patinetes Madrid - Patinetes Alicante - Patinetes Barcelona","url":"https:\/\/360scooters.com\/es\/","logo":{"@type":"ImageObject","inLanguage":"es","@id":"https:\/\/360scooters.com\/es\/#\/schema\/logo\/image\/","url":"https:\/\/360scooters.com\/es\/wp-content\/uploads\/sites\/2\/2024\/02\/logo-claimweb-e1727166047230.png","contentUrl":"https:\/\/360scooters.com\/es\/wp-content\/uploads\/sites\/2\/2024\/02\/logo-claimweb-e1727166047230.png","width":214,"height":54,"caption":"360Scooters - Patinetes el\u00e9ctricos en Pen\u00ednsula y Baleares - Patinetes Madrid - Patinetes Alicante - Patinetes Barcelona"},"image":{"@id":"https:\/\/360scooters.com\/es\/#\/schema\/logo\/image\/"}}]}},"_links":{"self":[{"href":"https:\/\/360scooters.com\/es\/wp-json\/wp\/v2\/product\/3739","targetHints":{"allow":["GET"]}}],"collection":[{"href":"https:\/\/360scooters.com\/es\/wp-json\/wp\/v2\/product"}],"about":[{"href":"https:\/\/360scooters.com\/es\/wp-json\/wp\/v2\/types\/product"}],"version-history":[{"count":6,"href":"https:\/\/360scooters.com\/es\/wp-json\/wp\/v2\/product\/3739\/revisions"}],"predecessor-version":[{"id":7011,"href":"https:\/\/360scooters.com\/es\/wp-json\/wp\/v2\/product\/3739\/revisions\/7011"}],"wp:featuredmedia":[{"embeddable":true,"href":"https:\/\/360scooters.com\/es\/wp-json\/wp\/v2\/media\/7013"}],"wp:attachment":[{"href":"https:\/\/360scooters.com\/es\/wp-json\/wp\/v2\/media?parent=3739"}],"wp:term":[{"taxonomy":"product_brand","embeddable":true,"href":"https:\/\/360scooters.com\/es\/wp-json\/wp\/v2\/product_brand?post=3739"},{"taxonomy":"product_cat","embeddable":true,"href":"https:\/\/360scooters.com\/es\/wp-json\/wp\/v2\/product_cat?post=3739"},{"taxonomy":"product_tag","embeddable":true,"href":"https:\/\/360scooters.com\/es\/wp-json\/wp\/v2\/product_tag?post=3739"},{"taxonomy":"scooter_compatibility","embeddable":true,"href":"https:\/\/360scooters.com\/es\/wp-json\/wp\/v2\/scooter_compatibility?post=3739"}],"curies":[{"name":"wp","href":"https:\/\/api.w.org\/{rel}","templated":true}]}}