{"id":3119,"date":"2024-09-05T12:52:13","date_gmt":"2024-09-05T10:52:13","guid":{"rendered":"https:\/\/360scooters.com\/es\/?post_type=product&#038;p=3119"},"modified":"2025-10-01T10:31:55","modified_gmt":"2025-10-01T08:31:55","slug":"patinete-electrico-mascooter-by-zwl-s1-essential","status":"publish","type":"product","link":"https:\/\/360scooters.com\/es\/producto\/patinete-electrico-mascooter-by-zwl-s1-essential\/","title":{"rendered":"Patinete el\u00e9ctrico Mascooter by ZWL S1 Essential"},"content":{"rendered":"<h2><strong>Patinete el\u00e9ctrico Mascooter by ZWL S1 Essential<\/strong><\/h2>\n<p><strong>El patinete m\u00e1s ligero de Mascooter\u00a0<\/strong><\/p>\n<p>S1 est\u00e1 listo para todo, cuenta con una autonom\u00eda de hasta 20km con una sola carga de bater\u00eda con tan solo 11,3kg. Su motor de 300W combina a la perfecci\u00f3n con su bater\u00eda de 6.000 mAh y 36V, destacando el patinete el\u00e9ctrico siendo m\u00e1s urbano y ligero dentro de todo el sector. Cuenta con unos neum\u00e1ticos de 8,5&#8221; con c\u00e1mara, perfectos para mantener la estabilidad mientras se conduce y proporciona flexibilidad necesaria para absorber los impactos en zonas irregulares, adem\u00e1s generalmente el uso de estos neum\u00e1ticos facilita el mantenimiento \u00f3ptimo y nada complejo.<\/p>\n<p><strong>Bater\u00eda High Performance Battery (HPB)<\/strong><\/p>\n<p>Para una mejora en la autonom\u00eda y la eficiencia de tu patinete, incorpora la HPB (High Performance Battery) una nueva bater\u00eda de alto rendimiento que genera hasta un 25% m\u00e1s de rendimiento que las bater\u00edas convencionales. Junto con el sistema de regeneraci\u00f3n de energ\u00eda (AER) en las frenadas, recarga la bater\u00eda mientras circulas.<\/p>\n<p><strong>Intermitentes en los pu\u00f1os<\/strong><\/p>\n<p>Podr\u00e1s avisar de tus cambios de carril mediante las luces intermitentes que incorpora en los pu\u00f1os, as\u00ed los veh\u00edculos de tu alrededor podr\u00e1n mantener la distancia de seguridad y prevenir posibles accidentes.<\/p>\n<p><strong>Velocidad de crucero<\/strong><\/p>\n<p>Configura la velocidad crucero disponible en nuestro patinete el\u00e9ctrico S1 y as\u00ed podr\u00e1s mantener la velocidad constante sin tener que mantener presionado el acelerador. \u00a1Mayor comodidad y agilidad!<\/p>\n<p><strong>Con\u00e9ctate con tu tel\u00e9fono<\/strong><\/p>\n<p>Tambi\u00e9n cuenta con conexi\u00f3n Bluetooth, podr\u00e1s vincular tu dispositivo iOS o Android utilizando la App Zwheel y personalizar tu patinete seg\u00fan tus preferencias.<\/p>\n<p>No te preocupes porque el S1 cuenta con el certificado de homologaci\u00f3n de la Direcci\u00f3n General de Tr\u00e1fico (DGT), necesario en Espa\u00f1a.<\/p>\n","protected":false},"excerpt":{"rendered":"<div id=\"product-description-short-8\" class=\"rte-content product-description\">\n<h4><img decoding=\"async\" class=\"alignnone size-full wp-image-3883\" src=\"https:\/\/360scooters.com\/es\/wp-content\/uploads\/sites\/2\/2023\/11\/VEHICULO-NO-CERTIFICADO-POR-LA-DGT-2.png\" alt=\"Patinete el\u00e9ctrico certificado por la DGT\" width=\"584\" height=\"84\" srcset=\"https:\/\/360scooters.com\/es\/wp-content\/uploads\/sites\/2\/2023\/11\/VEHICULO-NO-CERTIFICADO-POR-LA-DGT-2.png 584w, https:\/\/360scooters.com\/es\/wp-content\/uploads\/sites\/2\/2023\/11\/VEHICULO-NO-CERTIFICADO-POR-LA-DGT-2-300x43.png 300w\" sizes=\"(max-width: 584px) 100vw, 584px\" \/><\/h4>\n<p>Ya est\u00e1 aqu\u00ed el S1, un patinete el\u00e9ctrico totalmente completo que no le falta detalle, dispuesto a recorrer cualquier ruta dentro de la ciudad \u00a1preparado para todo!<\/p>\n<\/div>\n<table>\n<tbody>\n<tr>\n<td><strong>Potencia nominal<br \/>\n<\/strong><\/td>\n<td>300W<\/td>\n<\/tr>\n<tr>\n<td><strong>Bater\u00eda<\/strong><\/td>\n<td>36v \u2013 6Ah<\/td>\n<\/tr>\n<tr>\n<td><strong>Velocidad<\/strong><\/td>\n<td>Hasta 25km\/h<\/td>\n<\/tr>\n<tr>\n<td><strong>Autonom\u00eda<\/strong><\/td>\n<td>Hasta 20km<\/td>\n<\/tr>\n<tr>\n<td><strong>Peso<\/strong><\/td>\n<td>11,3Kg<\/td>\n<\/tr>\n<tr>\n<td><strong>Tiempo de carga<\/strong><\/td>\n<td>5-6 H<\/td>\n<\/tr>\n<tr>\n<td><strong>Frenos<\/strong><\/td>\n<td>Freno de disco trasero<\/td>\n<\/tr>\n<\/tbody>\n<\/table>\n","protected":false},"featured_media":3121,"template":"","meta":[],"product_brand":[],"product_cat":[28],"product_tag":[],"scooter_compatibility":[],"class_list":{"0":"post-3119","1":"product","2":"type-product","3":"status-publish","4":"has-post-thumbnail","6":"product_cat-gama-ligera","7":"product_shipping_class-patinetes-electricos","8":"pa_marca-mascooter","10":"first","11":"outofstock","12":"taxable","13":"shipping-taxable","14":"purchasable","15":"product-type-simple"},"yoast_head":"<!-- This site is optimized with the Yoast SEO plugin v26.9 - https:\/\/yoast.com\/product\/yoast-seo-wordpress\/ -->\n<title>Patinete el\u00e9ctrico Mascooter by ZWL S1 Essential - 360Scooters | Tienda-taller de patinetes el\u00e9ctricos<\/title>\n<meta name=\"robots\" content=\"index, follow, max-snippet:-1, max-image-preview:large, max-video-preview:-1\" \/>\n<link rel=\"canonical\" href=\"https:\/\/360scooters.com\/es\/producto\/patinete-electrico-mascooter-by-zwl-s1-essential\/\" \/>\n<meta property=\"og:locale\" content=\"es_ES\" \/>\n<meta property=\"og:type\" content=\"article\" \/>\n<meta property=\"og:title\" content=\"Patinete el\u00e9ctrico Mascooter by ZWL S1 Essential - 360Scooters | Tienda-taller de patinetes el\u00e9ctricos\" \/>\n<meta property=\"og:description\" content=\"Ya est\u00e1 aqu\u00ed el S1, un patinete el\u00e9ctrico totalmente completo que no le falta detalle, dispuesto a recorrer cualquier ruta dentro de la ciudad \u00a1preparado para todo!      Potencia nominal  300W   Bater\u00eda 36v \u2013 6Ah   Velocidad Hasta 25km\/h   Autonom\u00eda Hasta 20km   Peso 11,3Kg   Tiempo de carga 5-6 H   Frenos Freno de disco trasero\" \/>\n<meta property=\"og:url\" content=\"https:\/\/360scooters.com\/es\/producto\/patinete-electrico-mascooter-by-zwl-s1-essential\/\" \/>\n<meta property=\"og:site_name\" content=\"360Scooters | Tienda-taller de patinetes el\u00e9ctricos\" \/>\n<meta property=\"article:modified_time\" content=\"2025-10-01T08:31:55+00:00\" \/>\n<meta property=\"og:image\" content=\"https:\/\/360scooters.com\/es\/wp-content\/uploads\/sites\/2\/2024\/09\/s1-essential.jpg\" \/>\n\t<meta property=\"og:image:width\" content=\"1422\" \/>\n\t<meta property=\"og:image:height\" content=\"1422\" \/>\n\t<meta property=\"og:image:type\" content=\"image\/jpeg\" \/>\n<meta name=\"twitter:card\" content=\"summary_large_image\" \/>\n<meta name=\"twitter:label1\" content=\"Tiempo de lectura\" \/>\n\t<meta name=\"twitter:data1\" content=\"2 minutos\" \/>\n<script type=\"application\/ld+json\" class=\"yoast-schema-graph\">{\"@context\":\"https:\/\/schema.org\",\"@graph\":[{\"@type\":\"WebPage\",\"@id\":\"https:\/\/360scooters.com\/es\/producto\/patinete-electrico-mascooter-by-zwl-s1-essential\/\",\"url\":\"https:\/\/360scooters.com\/es\/producto\/patinete-electrico-mascooter-by-zwl-s1-essential\/\",\"name\":\"Patinete el\u00e9ctrico Mascooter by ZWL S1 Essential - 360Scooters | Tienda-taller de patinetes el\u00e9ctricos\",\"isPartOf\":{\"@id\":\"https:\/\/360scooters.com\/es\/#website\"},\"primaryImageOfPage\":{\"@id\":\"https:\/\/360scooters.com\/es\/producto\/patinete-electrico-mascooter-by-zwl-s1-essential\/#primaryimage\"},\"image\":{\"@id\":\"https:\/\/360scooters.com\/es\/producto\/patinete-electrico-mascooter-by-zwl-s1-essential\/#primaryimage\"},\"thumbnailUrl\":\"https:\/\/360scooters.com\/es\/wp-content\/uploads\/sites\/2\/2024\/09\/s1-essential.jpg\",\"datePublished\":\"2024-09-05T10:52:13+00:00\",\"dateModified\":\"2025-10-01T08:31:55+00:00\",\"breadcrumb\":{\"@id\":\"https:\/\/360scooters.com\/es\/producto\/patinete-electrico-mascooter-by-zwl-s1-essential\/#breadcrumb\"},\"inLanguage\":\"es\",\"potentialAction\":[{\"@type\":\"ReadAction\",\"target\":[\"https:\/\/360scooters.com\/es\/producto\/patinete-electrico-mascooter-by-zwl-s1-essential\/\"]}]},{\"@type\":\"ImageObject\",\"inLanguage\":\"es\",\"@id\":\"https:\/\/360scooters.com\/es\/producto\/patinete-electrico-mascooter-by-zwl-s1-essential\/#primaryimage\",\"url\":\"https:\/\/360scooters.com\/es\/wp-content\/uploads\/sites\/2\/2024\/09\/s1-essential.jpg\",\"contentUrl\":\"https:\/\/360scooters.com\/es\/wp-content\/uploads\/sites\/2\/2024\/09\/s1-essential.jpg\",\"width\":1422,\"height\":1422,\"caption\":\"Patinete el\u00e9ctrico Mascooter by ZWL S1 Essential\"},{\"@type\":\"BreadcrumbList\",\"@id\":\"https:\/\/360scooters.com\/es\/producto\/patinete-electrico-mascooter-by-zwl-s1-essential\/#breadcrumb\",\"itemListElement\":[{\"@type\":\"ListItem\",\"position\":1,\"name\":\"Portada\",\"item\":\"https:\/\/360scooters.com\/es\/\"},{\"@type\":\"ListItem\",\"position\":2,\"name\":\"Tienda\",\"item\":\"https:\/\/360scooters.com\/es\/tienda\/\"},{\"@type\":\"ListItem\",\"position\":3,\"name\":\"Patinete el\u00e9ctrico Mascooter by ZWL S1 Essential\"}]},{\"@type\":\"WebSite\",\"@id\":\"https:\/\/360scooters.com\/es\/#website\",\"url\":\"https:\/\/360scooters.com\/es\/\",\"name\":\"360Scooters - Patinetes el\u00e9ctricos en Pen\u00ednsula y Baleares - Patinetes Madrid - Patinetes Alicante - Patinetes Barcelona\",\"description\":\"\",\"publisher\":{\"@id\":\"https:\/\/360scooters.com\/es\/#organization\"},\"potentialAction\":[{\"@type\":\"SearchAction\",\"target\":{\"@type\":\"EntryPoint\",\"urlTemplate\":\"https:\/\/360scooters.com\/es\/?s={search_term_string}\"},\"query-input\":{\"@type\":\"PropertyValueSpecification\",\"valueRequired\":true,\"valueName\":\"search_term_string\"}}],\"inLanguage\":\"es\"},{\"@type\":\"Organization\",\"@id\":\"https:\/\/360scooters.com\/es\/#organization\",\"name\":\"360Scooters - Patinetes el\u00e9ctricos en Pen\u00ednsula y Baleares - Patinetes Madrid - Patinetes Alicante - Patinetes Barcelona\",\"url\":\"https:\/\/360scooters.com\/es\/\",\"logo\":{\"@type\":\"ImageObject\",\"inLanguage\":\"es\",\"@id\":\"https:\/\/360scooters.com\/es\/#\/schema\/logo\/image\/\",\"url\":\"https:\/\/360scooters.com\/es\/wp-content\/uploads\/sites\/2\/2024\/02\/logo-claimweb-e1727166047230.png\",\"contentUrl\":\"https:\/\/360scooters.com\/es\/wp-content\/uploads\/sites\/2\/2024\/02\/logo-claimweb-e1727166047230.png\",\"width\":214,\"height\":54,\"caption\":\"360Scooters - Patinetes el\u00e9ctricos en Pen\u00ednsula y Baleares - Patinetes Madrid - Patinetes Alicante - Patinetes Barcelona\"},\"image\":{\"@id\":\"https:\/\/360scooters.com\/es\/#\/schema\/logo\/image\/\"}}]}<\/script>\n<!-- \/ Yoast SEO plugin. -->","yoast_head_json":{"title":"Patinete el\u00e9ctrico Mascooter by ZWL S1 Essential - 360Scooters | Tienda-taller de patinetes el\u00e9ctricos","robots":{"index":"index","follow":"follow","max-snippet":"max-snippet:-1","max-image-preview":"max-image-preview:large","max-video-preview":"max-video-preview:-1"},"canonical":"https:\/\/360scooters.com\/es\/producto\/patinete-electrico-mascooter-by-zwl-s1-essential\/","og_locale":"es_ES","og_type":"article","og_title":"Patinete el\u00e9ctrico Mascooter by ZWL S1 Essential - 360Scooters | Tienda-taller de patinetes el\u00e9ctricos","og_description":"Ya est\u00e1 aqu\u00ed el S1, un patinete el\u00e9ctrico totalmente completo que no le falta detalle, dispuesto a recorrer cualquier ruta dentro de la ciudad \u00a1preparado para todo!      Potencia nominal  300W   Bater\u00eda 36v \u2013 6Ah   Velocidad Hasta 25km\/h   Autonom\u00eda Hasta 20km   Peso 11,3Kg   Tiempo de carga 5-6 H   Frenos Freno de disco trasero","og_url":"https:\/\/360scooters.com\/es\/producto\/patinete-electrico-mascooter-by-zwl-s1-essential\/","og_site_name":"360Scooters | Tienda-taller de patinetes el\u00e9ctricos","article_modified_time":"2025-10-01T08:31:55+00:00","og_image":[{"width":1422,"height":1422,"url":"https:\/\/360scooters.com\/es\/wp-content\/uploads\/sites\/2\/2024\/09\/s1-essential.jpg","type":"image\/jpeg"}],"twitter_card":"summary_large_image","twitter_misc":{"Tiempo de lectura":"2 minutos"},"schema":{"@context":"https:\/\/schema.org","@graph":[{"@type":"WebPage","@id":"https:\/\/360scooters.com\/es\/producto\/patinete-electrico-mascooter-by-zwl-s1-essential\/","url":"https:\/\/360scooters.com\/es\/producto\/patinete-electrico-mascooter-by-zwl-s1-essential\/","name":"Patinete el\u00e9ctrico Mascooter by ZWL S1 Essential - 360Scooters | Tienda-taller de patinetes el\u00e9ctricos","isPartOf":{"@id":"https:\/\/360scooters.com\/es\/#website"},"primaryImageOfPage":{"@id":"https:\/\/360scooters.com\/es\/producto\/patinete-electrico-mascooter-by-zwl-s1-essential\/#primaryimage"},"image":{"@id":"https:\/\/360scooters.com\/es\/producto\/patinete-electrico-mascooter-by-zwl-s1-essential\/#primaryimage"},"thumbnailUrl":"https:\/\/360scooters.com\/es\/wp-content\/uploads\/sites\/2\/2024\/09\/s1-essential.jpg","datePublished":"2024-09-05T10:52:13+00:00","dateModified":"2025-10-01T08:31:55+00:00","breadcrumb":{"@id":"https:\/\/360scooters.com\/es\/producto\/patinete-electrico-mascooter-by-zwl-s1-essential\/#breadcrumb"},"inLanguage":"es","potentialAction":[{"@type":"ReadAction","target":["https:\/\/360scooters.com\/es\/producto\/patinete-electrico-mascooter-by-zwl-s1-essential\/"]}]},{"@type":"ImageObject","inLanguage":"es","@id":"https:\/\/360scooters.com\/es\/producto\/patinete-electrico-mascooter-by-zwl-s1-essential\/#primaryimage","url":"https:\/\/360scooters.com\/es\/wp-content\/uploads\/sites\/2\/2024\/09\/s1-essential.jpg","contentUrl":"https:\/\/360scooters.com\/es\/wp-content\/uploads\/sites\/2\/2024\/09\/s1-essential.jpg","width":1422,"height":1422,"caption":"Patinete el\u00e9ctrico Mascooter by ZWL S1 Essential"},{"@type":"BreadcrumbList","@id":"https:\/\/360scooters.com\/es\/producto\/patinete-electrico-mascooter-by-zwl-s1-essential\/#breadcrumb","itemListElement":[{"@type":"ListItem","position":1,"name":"Portada","item":"https:\/\/360scooters.com\/es\/"},{"@type":"ListItem","position":2,"name":"Tienda","item":"https:\/\/360scooters.com\/es\/tienda\/"},{"@type":"ListItem","position":3,"name":"Patinete el\u00e9ctrico Mascooter by ZWL S1 Essential"}]},{"@type":"WebSite","@id":"https:\/\/360scooters.com\/es\/#website","url":"https:\/\/360scooters.com\/es\/","name":"360Scooters - Patinetes el\u00e9ctricos en Pen\u00ednsula y Baleares - Patinetes Madrid - Patinetes Alicante - Patinetes Barcelona","description":"","publisher":{"@id":"https:\/\/360scooters.com\/es\/#organization"},"potentialAction":[{"@type":"SearchAction","target":{"@type":"EntryPoint","urlTemplate":"https:\/\/360scooters.com\/es\/?s={search_term_string}"},"query-input":{"@type":"PropertyValueSpecification","valueRequired":true,"valueName":"search_term_string"}}],"inLanguage":"es"},{"@type":"Organization","@id":"https:\/\/360scooters.com\/es\/#organization","name":"360Scooters - Patinetes el\u00e9ctricos en Pen\u00ednsula y Baleares - Patinetes Madrid - Patinetes Alicante - Patinetes Barcelona","url":"https:\/\/360scooters.com\/es\/","logo":{"@type":"ImageObject","inLanguage":"es","@id":"https:\/\/360scooters.com\/es\/#\/schema\/logo\/image\/","url":"https:\/\/360scooters.com\/es\/wp-content\/uploads\/sites\/2\/2024\/02\/logo-claimweb-e1727166047230.png","contentUrl":"https:\/\/360scooters.com\/es\/wp-content\/uploads\/sites\/2\/2024\/02\/logo-claimweb-e1727166047230.png","width":214,"height":54,"caption":"360Scooters - Patinetes el\u00e9ctricos en Pen\u00ednsula y Baleares - Patinetes Madrid - Patinetes Alicante - Patinetes Barcelona"},"image":{"@id":"https:\/\/360scooters.com\/es\/#\/schema\/logo\/image\/"}}]}},"_links":{"self":[{"href":"https:\/\/360scooters.com\/es\/wp-json\/wp\/v2\/product\/3119","targetHints":{"allow":["GET"]}}],"collection":[{"href":"https:\/\/360scooters.com\/es\/wp-json\/wp\/v2\/product"}],"about":[{"href":"https:\/\/360scooters.com\/es\/wp-json\/wp\/v2\/types\/product"}],"version-history":[{"count":3,"href":"https:\/\/360scooters.com\/es\/wp-json\/wp\/v2\/product\/3119\/revisions"}],"predecessor-version":[{"id":5113,"href":"https:\/\/360scooters.com\/es\/wp-json\/wp\/v2\/product\/3119\/revisions\/5113"}],"wp:featuredmedia":[{"embeddable":true,"href":"https:\/\/360scooters.com\/es\/wp-json\/wp\/v2\/media\/3121"}],"wp:attachment":[{"href":"https:\/\/360scooters.com\/es\/wp-json\/wp\/v2\/media?parent=3119"}],"wp:term":[{"taxonomy":"product_brand","embeddable":true,"href":"https:\/\/360scooters.com\/es\/wp-json\/wp\/v2\/product_brand?post=3119"},{"taxonomy":"product_cat","embeddable":true,"href":"https:\/\/360scooters.com\/es\/wp-json\/wp\/v2\/product_cat?post=3119"},{"taxonomy":"product_tag","embeddable":true,"href":"https:\/\/360scooters.com\/es\/wp-json\/wp\/v2\/product_tag?post=3119"},{"taxonomy":"scooter_compatibility","embeddable":true,"href":"https:\/\/360scooters.com\/es\/wp-json\/wp\/v2\/scooter_compatibility?post=3119"}],"curies":[{"name":"wp","href":"https:\/\/api.w.org\/{rel}","templated":true}]}}