{"id":3112,"date":"2024-09-05T12:03:49","date_gmt":"2024-09-05T10:03:49","guid":{"rendered":"https:\/\/360scooters.com\/es\/?post_type=product&#038;p=3112"},"modified":"2025-10-16T21:55:41","modified_gmt":"2025-10-16T19:55:41","slug":"patinete-electrico-mascooter-by-zwl-s4","status":"publish","type":"product","link":"https:\/\/360scooters.com\/es\/producto\/patinete-electrico-mascooter-by-zwl-s4\/","title":{"rendered":"Patinete el\u00e9ctrico Mascooter by ZWL S4"},"content":{"rendered":"<h2>Patinete el\u00e9ctrico Masscooter S4<\/h2>\n<p><strong>Listo para todo<\/strong><\/p>\n<p>En nuestro S4 podr\u00e1s encontrar un sistema de doble supensi\u00f3n hidr\u00e1ulica delantero y trasero con el que mejorar\u00e1 tu estabilidad y comodidad a la hora de realizar tus aventuras, cuenta con un motor trasero de 600W, con el que no te quedar\u00e1s corto en tus trayectos que junto con la combinaci\u00f3n de la bater\u00eda 7,6Ah y una autonom\u00eda de hasta 25km har\u00e1n tus recorridos inolvidables.<\/p>\n<p>Sus potentes ruedas de 10&#8221; Tubeless Off Road te har\u00e1n disfrutar a\u00fan m\u00e1s las rutas, menos pinchazos, mejor tracci\u00f3n y confort mejorado sobre todo en los terrenos irregulares.<\/p>\n<p><strong>Mejora en la autonom\u00eda<\/strong><\/p>\n<p>Para una mejora en la autonom\u00eda y la eficiencia de tu patinete, incorpora la HPB (High Performance Battery) una nueva bater\u00eda de alto rendimiento que genera hasta 25% m\u00e1s de rendimiento que las bater\u00edas convencionales. Junto con el sistema de regeneraci\u00f3n de energ\u00eda (AER) en las frenadas, recarga la bater\u00eda mientras circulas.<\/p>\n<p><strong>Con intermitentes en los pu\u00f1os<\/strong><\/p>\n<p>Podr\u00e1s avisar de tus cambios de carril mediante luces intermitentes que incorpora en los pu\u00f1os, as\u00ed los veh\u00edculos de tu alrededor podr\u00e1n mantener la distancia de seguridad y prevenir posibles accidentes.<\/p>\n<p>Configura la velocidad crucero disponible en nuestro patinete el\u00e9ctrico S4 y as\u00ed podr\u00e1s mantener la velocidad constante sin tener que mantener presionado el acelerador. \u00a1Mayor comodidad y agilidad!<\/p>\n<p><strong>Conexi\u00f3n con app<br \/>\n<\/strong>Tambi\u00e9n cuenta con conexi\u00f3n Bluetooth, podr\u00e1s vincular tu dispositivo iOS o Android utilizando la app Zwheel y personalizar tu patinete seg\u00fan tus preferencias.<\/p>\n<p>No te preocupes porque el S4 cuenta con el certificado de homologaci\u00f3n de la Direcci\u00f3n General de Tr\u00e1fico (DGT), necesario en Espa\u00f1a.<\/p>\n<table>\n<tbody>\n<tr>\n<td><strong>Potencia<\/strong><\/td>\n<td>600W<\/td>\n<\/tr>\n<tr>\n<td><strong>Bater\u00eda (HBP)<\/strong><\/td>\n<td>7.800mAh \/ 48V<\/td>\n<\/tr>\n<tr>\n<td><strong>Autonom\u00eda<\/strong><\/td>\n<td>Hasta 25km*<\/td>\n<\/tr>\n<tr>\n<td><strong>Capacidad de carga<\/strong><\/td>\n<td>Hasta 120kg<\/td>\n<\/tr>\n<tr>\n<td><strong>Tipo Rueda<\/strong><\/td>\n<td>Sin c\u00e1mara de aire<\/td>\n<\/tr>\n<tr>\n<td><strong>Tama\u00f1o Rueda<\/strong><\/td>\n<td>10&#8221;<\/td>\n<\/tr>\n<tr>\n<td><strong>Angulo de inclinaci\u00f3n\u00a0\u00a0<\/strong><\/td>\n<td>15\u00ba<\/td>\n<\/tr>\n<tr>\n<td><strong>Suspensi\u00f3n<\/strong><\/td>\n<td>No<\/td>\n<\/tr>\n<tr>\n<td><strong>Tracci\u00f3n<\/strong><\/td>\n<td>Delantera y trasera<\/td>\n<\/tr>\n<tr>\n<td><strong>Freno<\/strong><\/td>\n<td>Disco<\/td>\n<\/tr>\n<tr>\n<td><strong>Tiempo de carga<\/strong><\/td>\n<td>5-6h<\/td>\n<\/tr>\n<tr>\n<td><strong>APP<\/strong><\/td>\n<td>\u2714<\/td>\n<\/tr>\n<tr>\n<td><strong>Peso neto<\/strong><\/td>\n<td>20,9kg<\/td>\n<\/tr>\n<tr>\n<td><strong>Dimensi\u00f3n neta<\/strong><\/td>\n<td>118*60*133 cm<\/td>\n<\/tr>\n<tr>\n<td><strong>Material chasis<\/strong><\/td>\n<td>Aluminio<\/td>\n<\/tr>\n<tr>\n<td><strong>Reflectores<\/strong><\/td>\n<td>Delantero, trasero y lateral<\/td>\n<\/tr>\n<tr>\n<td><strong>Porta Identificador<\/strong><\/td>\n<td>\u2714<\/td>\n<\/tr>\n<tr>\n<td><strong>Certificado DGT<\/strong><\/td>\n<td>\u2714<\/td>\n<\/tr>\n<\/tbody>\n<\/table>\n<p>*Depender\u00e1 de las condiciones de peso de usuario, velocidad, tipo de v\u00eda y otros factores externos<\/p>\n","protected":false},"excerpt":{"rendered":"<div id=\"product-description-short-1047\" class=\"rte-content product-description\">\n<p>Di hola al S4, un patinete el\u00e9ctrico dispuesto a enfrentarse a cualquier terreno, camino, v\u00eda y trayecto. \u00a1Nada se le resiste!<\/p>\n<\/div>\n<p><a href=\"https:\/\/360scooters.com\/es\/ventajas\/\"><img decoding=\"async\" class=\"alignnone size-full wp-image-290\" src=\"https:\/\/360scooters.com\/es\/wp-content\/uploads\/sites\/2\/2023\/11\/DGT.png\" alt=\"\" width=\"584\" height=\"84\" srcset=\"https:\/\/360scooters.com\/es\/wp-content\/uploads\/sites\/2\/2023\/11\/DGT.png 584w, https:\/\/360scooters.com\/es\/wp-content\/uploads\/sites\/2\/2023\/11\/DGT-300x43.png 300w\" sizes=\"(max-width: 584px) 100vw, 584px\" \/><\/a><\/p>\n<table>\n<tbody>\n<tr>\n<td><strong>Potencia nominal<br \/>\n<\/strong><\/td>\n<td>600W<\/td>\n<\/tr>\n<tr>\n<td><strong>Bater\u00eda<\/strong><\/td>\n<td>48v \u2013 7,8Ah<\/td>\n<\/tr>\n<tr>\n<td><strong>Velocidad<\/strong><\/td>\n<td>Hasta 25km\/h<\/td>\n<\/tr>\n<tr>\n<td><strong>Autonom\u00eda<\/strong><\/td>\n<td>Hasta 25km<\/td>\n<\/tr>\n<tr>\n<td><strong>Peso<\/strong><\/td>\n<td>20,9Kg<\/td>\n<\/tr>\n<tr>\n<td><strong>Tiempo de carga<\/strong><\/td>\n<td>5-6 H<\/td>\n<\/tr>\n<tr>\n<td><strong>Frenos<\/strong><\/td>\n<td>Freno de disco trasero y delantero y E-ABS<\/td>\n<\/tr>\n<\/tbody>\n<\/table>\n","protected":false},"featured_media":3113,"template":"","meta":[],"product_brand":[],"product_cat":[29],"product_tag":[],"scooter_compatibility":[],"class_list":{"0":"post-3112","1":"product","2":"type-product","3":"status-publish","4":"has-post-thumbnail","6":"product_cat-gama-pro","7":"product_shipping_class-patinetes-electricos","8":"pa_marca-mascooter","10":"first","11":"instock","12":"taxable","13":"shipping-taxable","14":"purchasable","15":"product-type-simple"},"yoast_head":"<!-- This site is optimized with the Yoast SEO plugin v26.9 - https:\/\/yoast.com\/product\/yoast-seo-wordpress\/ -->\n<title>Patinete el\u00e9ctrico Mascooter by ZWL S4 - 360Scooters | Tienda-taller de patinetes el\u00e9ctricos<\/title>\n<meta name=\"description\" content=\"Patinete el\u00e9ctrico Mascooter by ZWL S4 en 360Scooters. Exclusivo online. Para recorrer tu ciudad sin perder nada de potencia \u00a1A qu\u00e9 esperas!\" \/>\n<meta name=\"robots\" content=\"index, follow, max-snippet:-1, max-image-preview:large, max-video-preview:-1\" \/>\n<link rel=\"canonical\" href=\"https:\/\/360scooters.com\/es\/producto\/patinete-electrico-mascooter-by-zwl-s4\/\" \/>\n<meta property=\"og:locale\" content=\"es_ES\" \/>\n<meta property=\"og:type\" content=\"article\" \/>\n<meta property=\"og:title\" content=\"Patinete el\u00e9ctrico Mascooter by ZWL S4 - 360Scooters | Tienda-taller de patinetes el\u00e9ctricos\" \/>\n<meta property=\"og:description\" content=\"Patinete el\u00e9ctrico Mascooter by ZWL S4 en 360Scooters. Exclusivo online. Para recorrer tu ciudad sin perder nada de potencia \u00a1A qu\u00e9 esperas!\" \/>\n<meta property=\"og:url\" content=\"https:\/\/360scooters.com\/es\/producto\/patinete-electrico-mascooter-by-zwl-s4\/\" \/>\n<meta property=\"og:site_name\" content=\"360Scooters | Tienda-taller de patinetes el\u00e9ctricos\" \/>\n<meta property=\"article:modified_time\" content=\"2025-10-16T19:55:41+00:00\" \/>\n<meta property=\"og:image\" content=\"https:\/\/360scooters.com\/es\/wp-content\/uploads\/sites\/2\/2024\/09\/mascooter-s4-.jpg\" \/>\n\t<meta property=\"og:image:width\" content=\"1422\" \/>\n\t<meta property=\"og:image:height\" content=\"1422\" \/>\n\t<meta property=\"og:image:type\" content=\"image\/jpeg\" \/>\n<meta name=\"twitter:card\" content=\"summary_large_image\" \/>\n<meta name=\"twitter:label1\" content=\"Tiempo de lectura\" \/>\n\t<meta name=\"twitter:data1\" content=\"2 minutos\" \/>\n<script type=\"application\/ld+json\" class=\"yoast-schema-graph\">{\"@context\":\"https:\/\/schema.org\",\"@graph\":[{\"@type\":\"WebPage\",\"@id\":\"https:\/\/360scooters.com\/es\/producto\/patinete-electrico-mascooter-by-zwl-s4\/\",\"url\":\"https:\/\/360scooters.com\/es\/producto\/patinete-electrico-mascooter-by-zwl-s4\/\",\"name\":\"Patinete el\u00e9ctrico Mascooter by ZWL S4 - 360Scooters | Tienda-taller de patinetes el\u00e9ctricos\",\"isPartOf\":{\"@id\":\"https:\/\/360scooters.com\/es\/#website\"},\"primaryImageOfPage\":{\"@id\":\"https:\/\/360scooters.com\/es\/producto\/patinete-electrico-mascooter-by-zwl-s4\/#primaryimage\"},\"image\":{\"@id\":\"https:\/\/360scooters.com\/es\/producto\/patinete-electrico-mascooter-by-zwl-s4\/#primaryimage\"},\"thumbnailUrl\":\"https:\/\/360scooters.com\/es\/wp-content\/uploads\/sites\/2\/2024\/09\/mascooter-s4-.jpg\",\"datePublished\":\"2024-09-05T10:03:49+00:00\",\"dateModified\":\"2025-10-16T19:55:41+00:00\",\"description\":\"Patinete el\u00e9ctrico Mascooter by ZWL S4 en 360Scooters. Exclusivo online. Para recorrer tu ciudad sin perder nada de potencia \u00a1A qu\u00e9 esperas!\",\"breadcrumb\":{\"@id\":\"https:\/\/360scooters.com\/es\/producto\/patinete-electrico-mascooter-by-zwl-s4\/#breadcrumb\"},\"inLanguage\":\"es\",\"potentialAction\":[{\"@type\":\"ReadAction\",\"target\":[\"https:\/\/360scooters.com\/es\/producto\/patinete-electrico-mascooter-by-zwl-s4\/\"]}]},{\"@type\":\"ImageObject\",\"inLanguage\":\"es\",\"@id\":\"https:\/\/360scooters.com\/es\/producto\/patinete-electrico-mascooter-by-zwl-s4\/#primaryimage\",\"url\":\"https:\/\/360scooters.com\/es\/wp-content\/uploads\/sites\/2\/2024\/09\/mascooter-s4-.jpg\",\"contentUrl\":\"https:\/\/360scooters.com\/es\/wp-content\/uploads\/sites\/2\/2024\/09\/mascooter-s4-.jpg\",\"width\":1422,\"height\":1422,\"caption\":\"Patinete el\u00e9ctrico Mascooter by ZWL S4\"},{\"@type\":\"BreadcrumbList\",\"@id\":\"https:\/\/360scooters.com\/es\/producto\/patinete-electrico-mascooter-by-zwl-s4\/#breadcrumb\",\"itemListElement\":[{\"@type\":\"ListItem\",\"position\":1,\"name\":\"Portada\",\"item\":\"https:\/\/360scooters.com\/es\/\"},{\"@type\":\"ListItem\",\"position\":2,\"name\":\"Tienda\",\"item\":\"https:\/\/360scooters.com\/es\/tienda\/\"},{\"@type\":\"ListItem\",\"position\":3,\"name\":\"Patinete el\u00e9ctrico Mascooter by ZWL S4\"}]},{\"@type\":\"WebSite\",\"@id\":\"https:\/\/360scooters.com\/es\/#website\",\"url\":\"https:\/\/360scooters.com\/es\/\",\"name\":\"360Scooters - Patinetes el\u00e9ctricos en Pen\u00ednsula y Baleares - Patinetes Madrid - Patinetes Alicante - Patinetes Barcelona\",\"description\":\"\",\"publisher\":{\"@id\":\"https:\/\/360scooters.com\/es\/#organization\"},\"potentialAction\":[{\"@type\":\"SearchAction\",\"target\":{\"@type\":\"EntryPoint\",\"urlTemplate\":\"https:\/\/360scooters.com\/es\/?s={search_term_string}\"},\"query-input\":{\"@type\":\"PropertyValueSpecification\",\"valueRequired\":true,\"valueName\":\"search_term_string\"}}],\"inLanguage\":\"es\"},{\"@type\":\"Organization\",\"@id\":\"https:\/\/360scooters.com\/es\/#organization\",\"name\":\"360Scooters - Patinetes el\u00e9ctricos en Pen\u00ednsula y Baleares - Patinetes Madrid - Patinetes Alicante - Patinetes Barcelona\",\"url\":\"https:\/\/360scooters.com\/es\/\",\"logo\":{\"@type\":\"ImageObject\",\"inLanguage\":\"es\",\"@id\":\"https:\/\/360scooters.com\/es\/#\/schema\/logo\/image\/\",\"url\":\"https:\/\/360scooters.com\/es\/wp-content\/uploads\/sites\/2\/2024\/02\/logo-claimweb-e1727166047230.png\",\"contentUrl\":\"https:\/\/360scooters.com\/es\/wp-content\/uploads\/sites\/2\/2024\/02\/logo-claimweb-e1727166047230.png\",\"width\":214,\"height\":54,\"caption\":\"360Scooters - Patinetes el\u00e9ctricos en Pen\u00ednsula y Baleares - Patinetes Madrid - Patinetes Alicante - Patinetes Barcelona\"},\"image\":{\"@id\":\"https:\/\/360scooters.com\/es\/#\/schema\/logo\/image\/\"}}]}<\/script>\n<!-- \/ Yoast SEO plugin. -->","yoast_head_json":{"title":"Patinete el\u00e9ctrico Mascooter by ZWL S4 - 360Scooters | Tienda-taller de patinetes el\u00e9ctricos","description":"Patinete el\u00e9ctrico Mascooter by ZWL S4 en 360Scooters. Exclusivo online. Para recorrer tu ciudad sin perder nada de potencia \u00a1A qu\u00e9 esperas!","robots":{"index":"index","follow":"follow","max-snippet":"max-snippet:-1","max-image-preview":"max-image-preview:large","max-video-preview":"max-video-preview:-1"},"canonical":"https:\/\/360scooters.com\/es\/producto\/patinete-electrico-mascooter-by-zwl-s4\/","og_locale":"es_ES","og_type":"article","og_title":"Patinete el\u00e9ctrico Mascooter by ZWL S4 - 360Scooters | Tienda-taller de patinetes el\u00e9ctricos","og_description":"Patinete el\u00e9ctrico Mascooter by ZWL S4 en 360Scooters. Exclusivo online. Para recorrer tu ciudad sin perder nada de potencia \u00a1A qu\u00e9 esperas!","og_url":"https:\/\/360scooters.com\/es\/producto\/patinete-electrico-mascooter-by-zwl-s4\/","og_site_name":"360Scooters | Tienda-taller de patinetes el\u00e9ctricos","article_modified_time":"2025-10-16T19:55:41+00:00","og_image":[{"width":1422,"height":1422,"url":"https:\/\/360scooters.com\/es\/wp-content\/uploads\/sites\/2\/2024\/09\/mascooter-s4-.jpg","type":"image\/jpeg"}],"twitter_card":"summary_large_image","twitter_misc":{"Tiempo de lectura":"2 minutos"},"schema":{"@context":"https:\/\/schema.org","@graph":[{"@type":"WebPage","@id":"https:\/\/360scooters.com\/es\/producto\/patinete-electrico-mascooter-by-zwl-s4\/","url":"https:\/\/360scooters.com\/es\/producto\/patinete-electrico-mascooter-by-zwl-s4\/","name":"Patinete el\u00e9ctrico Mascooter by ZWL S4 - 360Scooters | Tienda-taller de patinetes el\u00e9ctricos","isPartOf":{"@id":"https:\/\/360scooters.com\/es\/#website"},"primaryImageOfPage":{"@id":"https:\/\/360scooters.com\/es\/producto\/patinete-electrico-mascooter-by-zwl-s4\/#primaryimage"},"image":{"@id":"https:\/\/360scooters.com\/es\/producto\/patinete-electrico-mascooter-by-zwl-s4\/#primaryimage"},"thumbnailUrl":"https:\/\/360scooters.com\/es\/wp-content\/uploads\/sites\/2\/2024\/09\/mascooter-s4-.jpg","datePublished":"2024-09-05T10:03:49+00:00","dateModified":"2025-10-16T19:55:41+00:00","description":"Patinete el\u00e9ctrico Mascooter by ZWL S4 en 360Scooters. Exclusivo online. Para recorrer tu ciudad sin perder nada de potencia \u00a1A qu\u00e9 esperas!","breadcrumb":{"@id":"https:\/\/360scooters.com\/es\/producto\/patinete-electrico-mascooter-by-zwl-s4\/#breadcrumb"},"inLanguage":"es","potentialAction":[{"@type":"ReadAction","target":["https:\/\/360scooters.com\/es\/producto\/patinete-electrico-mascooter-by-zwl-s4\/"]}]},{"@type":"ImageObject","inLanguage":"es","@id":"https:\/\/360scooters.com\/es\/producto\/patinete-electrico-mascooter-by-zwl-s4\/#primaryimage","url":"https:\/\/360scooters.com\/es\/wp-content\/uploads\/sites\/2\/2024\/09\/mascooter-s4-.jpg","contentUrl":"https:\/\/360scooters.com\/es\/wp-content\/uploads\/sites\/2\/2024\/09\/mascooter-s4-.jpg","width":1422,"height":1422,"caption":"Patinete el\u00e9ctrico Mascooter by ZWL S4"},{"@type":"BreadcrumbList","@id":"https:\/\/360scooters.com\/es\/producto\/patinete-electrico-mascooter-by-zwl-s4\/#breadcrumb","itemListElement":[{"@type":"ListItem","position":1,"name":"Portada","item":"https:\/\/360scooters.com\/es\/"},{"@type":"ListItem","position":2,"name":"Tienda","item":"https:\/\/360scooters.com\/es\/tienda\/"},{"@type":"ListItem","position":3,"name":"Patinete el\u00e9ctrico Mascooter by ZWL S4"}]},{"@type":"WebSite","@id":"https:\/\/360scooters.com\/es\/#website","url":"https:\/\/360scooters.com\/es\/","name":"360Scooters - Patinetes el\u00e9ctricos en Pen\u00ednsula y Baleares - Patinetes Madrid - Patinetes Alicante - Patinetes Barcelona","description":"","publisher":{"@id":"https:\/\/360scooters.com\/es\/#organization"},"potentialAction":[{"@type":"SearchAction","target":{"@type":"EntryPoint","urlTemplate":"https:\/\/360scooters.com\/es\/?s={search_term_string}"},"query-input":{"@type":"PropertyValueSpecification","valueRequired":true,"valueName":"search_term_string"}}],"inLanguage":"es"},{"@type":"Organization","@id":"https:\/\/360scooters.com\/es\/#organization","name":"360Scooters - Patinetes el\u00e9ctricos en Pen\u00ednsula y Baleares - Patinetes Madrid - Patinetes Alicante - Patinetes Barcelona","url":"https:\/\/360scooters.com\/es\/","logo":{"@type":"ImageObject","inLanguage":"es","@id":"https:\/\/360scooters.com\/es\/#\/schema\/logo\/image\/","url":"https:\/\/360scooters.com\/es\/wp-content\/uploads\/sites\/2\/2024\/02\/logo-claimweb-e1727166047230.png","contentUrl":"https:\/\/360scooters.com\/es\/wp-content\/uploads\/sites\/2\/2024\/02\/logo-claimweb-e1727166047230.png","width":214,"height":54,"caption":"360Scooters - Patinetes el\u00e9ctricos en Pen\u00ednsula y Baleares - Patinetes Madrid - Patinetes Alicante - Patinetes Barcelona"},"image":{"@id":"https:\/\/360scooters.com\/es\/#\/schema\/logo\/image\/"}}]}},"_links":{"self":[{"href":"https:\/\/360scooters.com\/es\/wp-json\/wp\/v2\/product\/3112","targetHints":{"allow":["GET"]}}],"collection":[{"href":"https:\/\/360scooters.com\/es\/wp-json\/wp\/v2\/product"}],"about":[{"href":"https:\/\/360scooters.com\/es\/wp-json\/wp\/v2\/types\/product"}],"version-history":[{"count":2,"href":"https:\/\/360scooters.com\/es\/wp-json\/wp\/v2\/product\/3112\/revisions"}],"predecessor-version":[{"id":3120,"href":"https:\/\/360scooters.com\/es\/wp-json\/wp\/v2\/product\/3112\/revisions\/3120"}],"wp:featuredmedia":[{"embeddable":true,"href":"https:\/\/360scooters.com\/es\/wp-json\/wp\/v2\/media\/3113"}],"wp:attachment":[{"href":"https:\/\/360scooters.com\/es\/wp-json\/wp\/v2\/media?parent=3112"}],"wp:term":[{"taxonomy":"product_brand","embeddable":true,"href":"https:\/\/360scooters.com\/es\/wp-json\/wp\/v2\/product_brand?post=3112"},{"taxonomy":"product_cat","embeddable":true,"href":"https:\/\/360scooters.com\/es\/wp-json\/wp\/v2\/product_cat?post=3112"},{"taxonomy":"product_tag","embeddable":true,"href":"https:\/\/360scooters.com\/es\/wp-json\/wp\/v2\/product_tag?post=3112"},{"taxonomy":"scooter_compatibility","embeddable":true,"href":"https:\/\/360scooters.com\/es\/wp-json\/wp\/v2\/scooter_compatibility?post=3112"}],"curies":[{"name":"wp","href":"https:\/\/api.w.org\/{rel}","templated":true}]}}