{"id":3084,"date":"2025-07-17T15:52:30","date_gmt":"2025-07-17T13:52:30","guid":{"rendered":"https:\/\/360scooters.com\/es\/?post_type=product&#038;p=3084"},"modified":"2025-08-27T21:40:28","modified_gmt":"2025-08-27T19:40:28","slug":"bicicleta-flebi-supra-4-0-lite","status":"publish","type":"product","link":"https:\/\/360scooters.com\/es\/producto\/bicicleta-flebi-supra-4-0-lite\/","title":{"rendered":"Bicicleta Flebi Supra 4.0 lite"},"content":{"rendered":"<p><strong>Vuelve la Supra 4.0 lite\u2026 \u00a1m\u00e1s actualizada que nunca!<\/strong>\u00a0Esta versi\u00f3n sigue siendo el\u00e9ctrica, plegable, ligera y guarda toda la esencia de la gama Supra\u2026 \u00a1ahora al mejor precio! Su motor de 250W ubicado en la rueda trasera te permite desplazarte por la ciudad muy c\u00f3modamente. Se pliega en un segundo y su sistema de arrastre apoyado en peque\u00f1as ruedas retr\u00e1ctiles permite moverla como si fuera un carro. Integra la bater\u00eda extra\u00edble de 7.8Ah \/ 280.8Wh que proporciona una autonom\u00eda suficiente para la mayor\u00eda de los trayectos. Se carga conectando directamente el cargador al cuadro y, adem\u00e1s, la puedes sustituir tu mismo cuando se agote. Tiene frenos V-brake y es single speed. Adem\u00e1s, monta luces integradas en cuadro y tija de sill\u00edn, nuevo display M500U y programaci\u00f3n por potencia. Tambi\u00e9n cuenta con neum\u00e1ticos Schwalbe Road Cruiser 16\u00d71.75\u2033 y nuevos pu\u00f1os ergon\u00f3micos para optimizar al m\u00e1ximo tu experiencia de conducci\u00f3n.<\/p>\n<table border=\"0\" width=\"538\" cellspacing=\"0\" cellpadding=\"0\">\n<tbody>\n<tr>\n<td height=\"21\">Peso (kg)<\/td>\n<td>17<\/td>\n<\/tr>\n<tr>\n<td height=\"21\">Medidas (cm)<\/td>\n<td>103x106x57<\/td>\n<\/tr>\n<tr>\n<td height=\"21\">Tiempo de plegado (s)<\/td>\n<td>10<\/td>\n<\/tr>\n<tr>\n<td height=\"21\">Medidas plegadas (cm)<\/td>\n<td>62x33x65<\/td>\n<\/tr>\n<tr>\n<td height=\"21\">Altura manillar (cm)<\/td>\n<td>106(max)<\/td>\n<\/tr>\n<tr>\n<td height=\"21\">Altura sill\u00edn (cm)<\/td>\n<td>110(max)<\/td>\n<\/tr>\n<tr>\n<td height=\"21\">Carga m\u00e1x (kg)<\/td>\n<td>110<\/td>\n<\/tr>\n<tr>\n<td height=\"21\">Altura m\u00e1x (m)<\/td>\n<td>1.85<\/td>\n<\/tr>\n<tr>\n<td height=\"21\">Autonom\u00eda (km)<\/td>\n<td>hasta 50km<\/td>\n<\/tr>\n<tr>\n<td height=\"21\">Tiempo de recarga (h)<\/td>\n<td>4<\/td>\n<\/tr>\n<tr>\n<td height=\"21\">Voltaje (V)<\/td>\n<td>100-240 VAC<\/td>\n<\/tr>\n<tr>\n<td height=\"21\">Velocidad m\u00e1xima (km\/h)<\/td>\n<td>25<\/td>\n<\/tr>\n<tr>\n<td height=\"21\">Duraci\u00f3n bater\u00eda (ciclos)<\/td>\n<td>800<\/td>\n<\/tr>\n<tr>\n<td height=\"21\">M\u00e1xima pendiente (%)<\/td>\n<td>15%<\/td>\n<\/tr>\n<tr>\n<td height=\"21\">Presi\u00f3n neum\u00e1ticos<\/td>\n<td>3.1 bar | 45 PSI<\/td>\n<\/tr>\n<tr>\n<td height=\"21\">Certificaci\u00f3n<\/td>\n<td><a href=\"https:\/\/www.flebi.com\/wp-content\/uploads\/2023\/06\/Certificate_AE-50434900_16803225-004-1.pdf\">CE, EN15194 \u2013 bicicletas EPAC<\/a><\/td>\n<\/tr>\n<tr>\n<td height=\"21\">Dimensiones paquete (cm)<\/td>\n<td>95x73x28cm<\/td>\n<\/tr>\n<\/tbody>\n<\/table>\n<h2><\/h2>\n<h2>Componentes<\/h2>\n<table border=\"0\" width=\"538\" cellspacing=\"0\" cellpadding=\"0\">\n<colgroup>\n<col \/>\n<col \/><\/colgroup>\n<tbody>\n<tr>\n<td height=\"21\">Bater\u00eda<\/td>\n<td>36V \/ 7.8Ah \/ 280.8Wh LiOn, USB<\/td>\n<\/tr>\n<tr>\n<td height=\"21\">Cuadro<\/td>\n<td>Alloy, TIG welded, 16\u2033x1.75, plegable, bater\u00eda extra\u00edble<\/td>\n<\/tr>\n<tr>\n<td height=\"21\">Motor<\/td>\n<td>XF05H Geared Brushless 36V\/250W<\/td>\n<\/tr>\n<tr>\n<td height=\"21\">Horquilla<\/td>\n<td>1 1\/8\u2033,hiten, TIG welded<\/td>\n<\/tr>\n<tr>\n<td height=\"21\">Panel de Mando<\/td>\n<td>Display M500U<\/td>\n<\/tr>\n<tr>\n<td height=\"21\">Control Electr\u00f3nico<\/td>\n<td>Lishui 36v 6A \u2013 12A<\/td>\n<\/tr>\n<tr>\n<td height=\"21\">Llantas<\/td>\n<td>16\u2033x1.75\u2033, alloy negro<\/td>\n<\/tr>\n<tr>\n<td height=\"21\">Sensor de Pedaleo<\/td>\n<td>sensor PAS V12, 6 niveles de asistencia<\/td>\n<\/tr>\n<tr>\n<td height=\"21\">Cargador<\/td>\n<td>ST Charger 42.0V 2.0A conector EU<\/td>\n<\/tr>\n<tr>\n<td height=\"21\">Cubiertas<\/td>\n<td>\n<div>Neum\u00e1ticos Schwalbe Road Cruiser 16\u00d71.75\u2033<\/div>\n<\/td>\n<\/tr>\n<tr>\n<td height=\"21\">Freno delantero<\/td>\n<td>PROMAX Alloy tipo V, plata<\/td>\n<\/tr>\n<tr>\n<td height=\"21\">Freno trasero<\/td>\n<td>PROMAX Alloy tipo V, plata<\/td>\n<\/tr>\n<tr>\n<td height=\"21\">Luz delantera<\/td>\n<td>integrada en cuadro<\/td>\n<\/tr>\n<tr>\n<td height=\"21\">Luz trasera<\/td>\n<td>integrada en tija de sill\u00edn<\/td>\n<\/tr>\n<tr>\n<td height=\"21\">Plato<\/td>\n<td>52T 165mm<\/td>\n<\/tr>\n<tr>\n<td height=\"21\">Manetas de Freno<\/td>\n<td>Promax con sensor de corte el\u00e9ctrico<\/td>\n<\/tr>\n<tr>\n<td height=\"21\">Pedales<\/td>\n<td>Wellgo F284, PP 9\/16\u2033 plegable con reflector<\/td>\n<\/tr>\n<tr>\n<td height=\"21\">Cambios<\/td>\n<td>Single Speed 16T \/ opcional 14T seg\u00fan disponibilidad<\/td>\n<\/tr>\n<tr>\n<td height=\"21\">Pu\u00f1os<\/td>\n<td>Ergon\u00f3micos<\/td>\n<\/tr>\n<tr>\n<td height=\"21\">Manetas de Cambio<\/td>\n<td>N\/A<\/td>\n<\/tr>\n<tr>\n<td height=\"21\">Manillar<\/td>\n<td>22.2x560mm, plata, plegable de alloy<\/td>\n<\/tr>\n<tr>\n<td height=\"21\">Sill\u00edn<\/td>\n<td>Velo VL-6309A<\/td>\n<\/tr>\n<tr>\n<td height=\"21\">Pata de cabra<\/td>\n<td>Opcional<\/td>\n<\/tr>\n<tr>\n<td height=\"21\">Transport\u00edn<\/td>\n<td>S\u00ed, con ruedas tipo trolley<\/td>\n<\/tr>\n<tr>\n<td height=\"21\">Timbre<\/td>\n<td>Opcional<\/td>\n<\/tr>\n<tr>\n<td height=\"21\">Bolsa de transporte<\/td>\n<td>Opcional<\/td>\n<\/tr>\n<\/tbody>\n<\/table>\n","protected":false},"excerpt":{"rendered":"<p><strong>Vuelve la Supra 4.0 lite\u2026 \u00a1m\u00e1s actualizada que nunca!<\/strong>\u00a0Esta versi\u00f3n sigue siendo el\u00e9ctrica, plegable, ligera y guarda toda la esencia de la gama Supra\u2026 \u00a1ahora al mejor precio! Su motor de 250W ubicado en la rueda trasera te permite desplazarte por la ciudad muy c\u00f3modamente<\/p>\n","protected":false},"featured_media":3085,"template":"","meta":[],"product_brand":[],"product_cat":[79,283],"product_tag":[],"scooter_compatibility":[],"class_list":{"0":"post-3084","1":"product","2":"type-product","3":"status-publish","4":"has-post-thumbnail","6":"product_cat-bicicletas-electricas","7":"product_cat-ebikes-plegables","8":"product_shipping_class-patinetes-electricos","9":"pa_marca-flebi","11":"first","12":"instock","13":"taxable","14":"shipping-taxable","15":"purchasable","16":"product-type-variable"},"yoast_head":"<!-- This site is optimized with the Yoast SEO plugin v26.9 - https:\/\/yoast.com\/product\/yoast-seo-wordpress\/ -->\n<title>Bicicleta Flebi Supra 4.0 lite - 360Scooters | Tienda-taller de patinetes el\u00e9ctricos<\/title>\n<meta name=\"robots\" content=\"index, follow, max-snippet:-1, max-image-preview:large, max-video-preview:-1\" \/>\n<link rel=\"canonical\" href=\"https:\/\/360scooters.com\/es\/producto\/bicicleta-flebi-supra-4-0-lite\/\" \/>\n<meta property=\"og:locale\" content=\"es_ES\" \/>\n<meta property=\"og:type\" content=\"article\" \/>\n<meta property=\"og:title\" content=\"Bicicleta Flebi Supra 4.0 lite - 360Scooters | Tienda-taller de patinetes el\u00e9ctricos\" \/>\n<meta property=\"og:description\" content=\"Vuelve la Supra 4.0 lite\u2026 \u00a1m\u00e1s actualizada que nunca!\u00a0Esta versi\u00f3n sigue siendo el\u00e9ctrica, plegable, ligera y guarda toda la esencia de la gama Supra\u2026 \u00a1ahora al mejor precio! Su motor de 250W ubicado en la rueda trasera te permite desplazarte por la ciudad muy c\u00f3modamente\" \/>\n<meta property=\"og:url\" content=\"https:\/\/360scooters.com\/es\/producto\/bicicleta-flebi-supra-4-0-lite\/\" \/>\n<meta property=\"og:site_name\" content=\"360Scooters | Tienda-taller de patinetes el\u00e9ctricos\" \/>\n<meta property=\"article:modified_time\" content=\"2025-08-27T19:40:28+00:00\" \/>\n<meta property=\"og:image\" content=\"https:\/\/360scooters.com\/es\/wp-content\/uploads\/sites\/2\/2024\/09\/lite-01.jpg\" \/>\n\t<meta property=\"og:image:width\" content=\"2048\" \/>\n\t<meta property=\"og:image:height\" content=\"2048\" \/>\n\t<meta property=\"og:image:type\" content=\"image\/jpeg\" \/>\n<meta name=\"twitter:card\" content=\"summary_large_image\" \/>\n<meta name=\"twitter:label1\" content=\"Tiempo de lectura\" \/>\n\t<meta name=\"twitter:data1\" content=\"2 minutos\" \/>\n<script type=\"application\/ld+json\" class=\"yoast-schema-graph\">{\"@context\":\"https:\/\/schema.org\",\"@graph\":[{\"@type\":\"WebPage\",\"@id\":\"https:\/\/360scooters.com\/es\/producto\/bicicleta-flebi-supra-4-0-lite\/\",\"url\":\"https:\/\/360scooters.com\/es\/producto\/bicicleta-flebi-supra-4-0-lite\/\",\"name\":\"Bicicleta Flebi Supra 4.0 lite - 360Scooters | Tienda-taller de patinetes el\u00e9ctricos\",\"isPartOf\":{\"@id\":\"https:\/\/360scooters.com\/es\/#website\"},\"primaryImageOfPage\":{\"@id\":\"https:\/\/360scooters.com\/es\/producto\/bicicleta-flebi-supra-4-0-lite\/#primaryimage\"},\"image\":{\"@id\":\"https:\/\/360scooters.com\/es\/producto\/bicicleta-flebi-supra-4-0-lite\/#primaryimage\"},\"thumbnailUrl\":\"https:\/\/360scooters.com\/es\/wp-content\/uploads\/sites\/2\/2024\/09\/lite-01.jpg\",\"datePublished\":\"2025-07-17T13:52:30+00:00\",\"dateModified\":\"2025-08-27T19:40:28+00:00\",\"breadcrumb\":{\"@id\":\"https:\/\/360scooters.com\/es\/producto\/bicicleta-flebi-supra-4-0-lite\/#breadcrumb\"},\"inLanguage\":\"es\",\"potentialAction\":[{\"@type\":\"ReadAction\",\"target\":[\"https:\/\/360scooters.com\/es\/producto\/bicicleta-flebi-supra-4-0-lite\/\"]}]},{\"@type\":\"ImageObject\",\"inLanguage\":\"es\",\"@id\":\"https:\/\/360scooters.com\/es\/producto\/bicicleta-flebi-supra-4-0-lite\/#primaryimage\",\"url\":\"https:\/\/360scooters.com\/es\/wp-content\/uploads\/sites\/2\/2024\/09\/lite-01.jpg\",\"contentUrl\":\"https:\/\/360scooters.com\/es\/wp-content\/uploads\/sites\/2\/2024\/09\/lite-01.jpg\",\"width\":2048,\"height\":2048},{\"@type\":\"BreadcrumbList\",\"@id\":\"https:\/\/360scooters.com\/es\/producto\/bicicleta-flebi-supra-4-0-lite\/#breadcrumb\",\"itemListElement\":[{\"@type\":\"ListItem\",\"position\":1,\"name\":\"Portada\",\"item\":\"https:\/\/360scooters.com\/es\/\"},{\"@type\":\"ListItem\",\"position\":2,\"name\":\"Tienda\",\"item\":\"https:\/\/360scooters.com\/es\/tienda\/\"},{\"@type\":\"ListItem\",\"position\":3,\"name\":\"Bicicleta Flebi Supra 4.0 lite\"}]},{\"@type\":\"WebSite\",\"@id\":\"https:\/\/360scooters.com\/es\/#website\",\"url\":\"https:\/\/360scooters.com\/es\/\",\"name\":\"360Scooters - Patinetes el\u00e9ctricos en Pen\u00ednsula y Baleares - Patinetes Madrid - Patinetes Alicante - Patinetes Barcelona\",\"description\":\"\",\"publisher\":{\"@id\":\"https:\/\/360scooters.com\/es\/#organization\"},\"potentialAction\":[{\"@type\":\"SearchAction\",\"target\":{\"@type\":\"EntryPoint\",\"urlTemplate\":\"https:\/\/360scooters.com\/es\/?s={search_term_string}\"},\"query-input\":{\"@type\":\"PropertyValueSpecification\",\"valueRequired\":true,\"valueName\":\"search_term_string\"}}],\"inLanguage\":\"es\"},{\"@type\":\"Organization\",\"@id\":\"https:\/\/360scooters.com\/es\/#organization\",\"name\":\"360Scooters - Patinetes el\u00e9ctricos en Pen\u00ednsula y Baleares - Patinetes Madrid - Patinetes Alicante - Patinetes Barcelona\",\"url\":\"https:\/\/360scooters.com\/es\/\",\"logo\":{\"@type\":\"ImageObject\",\"inLanguage\":\"es\",\"@id\":\"https:\/\/360scooters.com\/es\/#\/schema\/logo\/image\/\",\"url\":\"https:\/\/360scooters.com\/es\/wp-content\/uploads\/sites\/2\/2024\/02\/logo-claimweb-e1727166047230.png\",\"contentUrl\":\"https:\/\/360scooters.com\/es\/wp-content\/uploads\/sites\/2\/2024\/02\/logo-claimweb-e1727166047230.png\",\"width\":214,\"height\":54,\"caption\":\"360Scooters - Patinetes el\u00e9ctricos en Pen\u00ednsula y Baleares - Patinetes Madrid - Patinetes Alicante - Patinetes Barcelona\"},\"image\":{\"@id\":\"https:\/\/360scooters.com\/es\/#\/schema\/logo\/image\/\"}}]}<\/script>\n<!-- \/ Yoast SEO plugin. -->","yoast_head_json":{"title":"Bicicleta Flebi Supra 4.0 lite - 360Scooters | Tienda-taller de patinetes el\u00e9ctricos","robots":{"index":"index","follow":"follow","max-snippet":"max-snippet:-1","max-image-preview":"max-image-preview:large","max-video-preview":"max-video-preview:-1"},"canonical":"https:\/\/360scooters.com\/es\/producto\/bicicleta-flebi-supra-4-0-lite\/","og_locale":"es_ES","og_type":"article","og_title":"Bicicleta Flebi Supra 4.0 lite - 360Scooters | Tienda-taller de patinetes el\u00e9ctricos","og_description":"Vuelve la Supra 4.0 lite\u2026 \u00a1m\u00e1s actualizada que nunca!\u00a0Esta versi\u00f3n sigue siendo el\u00e9ctrica, plegable, ligera y guarda toda la esencia de la gama Supra\u2026 \u00a1ahora al mejor precio! Su motor de 250W ubicado en la rueda trasera te permite desplazarte por la ciudad muy c\u00f3modamente","og_url":"https:\/\/360scooters.com\/es\/producto\/bicicleta-flebi-supra-4-0-lite\/","og_site_name":"360Scooters | Tienda-taller de patinetes el\u00e9ctricos","article_modified_time":"2025-08-27T19:40:28+00:00","og_image":[{"width":2048,"height":2048,"url":"https:\/\/360scooters.com\/es\/wp-content\/uploads\/sites\/2\/2024\/09\/lite-01.jpg","type":"image\/jpeg"}],"twitter_card":"summary_large_image","twitter_misc":{"Tiempo de lectura":"2 minutos"},"schema":{"@context":"https:\/\/schema.org","@graph":[{"@type":"WebPage","@id":"https:\/\/360scooters.com\/es\/producto\/bicicleta-flebi-supra-4-0-lite\/","url":"https:\/\/360scooters.com\/es\/producto\/bicicleta-flebi-supra-4-0-lite\/","name":"Bicicleta Flebi Supra 4.0 lite - 360Scooters | Tienda-taller de patinetes el\u00e9ctricos","isPartOf":{"@id":"https:\/\/360scooters.com\/es\/#website"},"primaryImageOfPage":{"@id":"https:\/\/360scooters.com\/es\/producto\/bicicleta-flebi-supra-4-0-lite\/#primaryimage"},"image":{"@id":"https:\/\/360scooters.com\/es\/producto\/bicicleta-flebi-supra-4-0-lite\/#primaryimage"},"thumbnailUrl":"https:\/\/360scooters.com\/es\/wp-content\/uploads\/sites\/2\/2024\/09\/lite-01.jpg","datePublished":"2025-07-17T13:52:30+00:00","dateModified":"2025-08-27T19:40:28+00:00","breadcrumb":{"@id":"https:\/\/360scooters.com\/es\/producto\/bicicleta-flebi-supra-4-0-lite\/#breadcrumb"},"inLanguage":"es","potentialAction":[{"@type":"ReadAction","target":["https:\/\/360scooters.com\/es\/producto\/bicicleta-flebi-supra-4-0-lite\/"]}]},{"@type":"ImageObject","inLanguage":"es","@id":"https:\/\/360scooters.com\/es\/producto\/bicicleta-flebi-supra-4-0-lite\/#primaryimage","url":"https:\/\/360scooters.com\/es\/wp-content\/uploads\/sites\/2\/2024\/09\/lite-01.jpg","contentUrl":"https:\/\/360scooters.com\/es\/wp-content\/uploads\/sites\/2\/2024\/09\/lite-01.jpg","width":2048,"height":2048},{"@type":"BreadcrumbList","@id":"https:\/\/360scooters.com\/es\/producto\/bicicleta-flebi-supra-4-0-lite\/#breadcrumb","itemListElement":[{"@type":"ListItem","position":1,"name":"Portada","item":"https:\/\/360scooters.com\/es\/"},{"@type":"ListItem","position":2,"name":"Tienda","item":"https:\/\/360scooters.com\/es\/tienda\/"},{"@type":"ListItem","position":3,"name":"Bicicleta Flebi Supra 4.0 lite"}]},{"@type":"WebSite","@id":"https:\/\/360scooters.com\/es\/#website","url":"https:\/\/360scooters.com\/es\/","name":"360Scooters - Patinetes el\u00e9ctricos en Pen\u00ednsula y Baleares - Patinetes Madrid - Patinetes Alicante - Patinetes Barcelona","description":"","publisher":{"@id":"https:\/\/360scooters.com\/es\/#organization"},"potentialAction":[{"@type":"SearchAction","target":{"@type":"EntryPoint","urlTemplate":"https:\/\/360scooters.com\/es\/?s={search_term_string}"},"query-input":{"@type":"PropertyValueSpecification","valueRequired":true,"valueName":"search_term_string"}}],"inLanguage":"es"},{"@type":"Organization","@id":"https:\/\/360scooters.com\/es\/#organization","name":"360Scooters - Patinetes el\u00e9ctricos en Pen\u00ednsula y Baleares - Patinetes Madrid - Patinetes Alicante - Patinetes Barcelona","url":"https:\/\/360scooters.com\/es\/","logo":{"@type":"ImageObject","inLanguage":"es","@id":"https:\/\/360scooters.com\/es\/#\/schema\/logo\/image\/","url":"https:\/\/360scooters.com\/es\/wp-content\/uploads\/sites\/2\/2024\/02\/logo-claimweb-e1727166047230.png","contentUrl":"https:\/\/360scooters.com\/es\/wp-content\/uploads\/sites\/2\/2024\/02\/logo-claimweb-e1727166047230.png","width":214,"height":54,"caption":"360Scooters - Patinetes el\u00e9ctricos en Pen\u00ednsula y Baleares - Patinetes Madrid - Patinetes Alicante - Patinetes Barcelona"},"image":{"@id":"https:\/\/360scooters.com\/es\/#\/schema\/logo\/image\/"}}]}},"_links":{"self":[{"href":"https:\/\/360scooters.com\/es\/wp-json\/wp\/v2\/product\/3084","targetHints":{"allow":["GET"]}}],"collection":[{"href":"https:\/\/360scooters.com\/es\/wp-json\/wp\/v2\/product"}],"about":[{"href":"https:\/\/360scooters.com\/es\/wp-json\/wp\/v2\/types\/product"}],"version-history":[{"count":2,"href":"https:\/\/360scooters.com\/es\/wp-json\/wp\/v2\/product\/3084\/revisions"}],"predecessor-version":[{"id":3090,"href":"https:\/\/360scooters.com\/es\/wp-json\/wp\/v2\/product\/3084\/revisions\/3090"}],"wp:featuredmedia":[{"embeddable":true,"href":"https:\/\/360scooters.com\/es\/wp-json\/wp\/v2\/media\/3085"}],"wp:attachment":[{"href":"https:\/\/360scooters.com\/es\/wp-json\/wp\/v2\/media?parent=3084"}],"wp:term":[{"taxonomy":"product_brand","embeddable":true,"href":"https:\/\/360scooters.com\/es\/wp-json\/wp\/v2\/product_brand?post=3084"},{"taxonomy":"product_cat","embeddable":true,"href":"https:\/\/360scooters.com\/es\/wp-json\/wp\/v2\/product_cat?post=3084"},{"taxonomy":"product_tag","embeddable":true,"href":"https:\/\/360scooters.com\/es\/wp-json\/wp\/v2\/product_tag?post=3084"},{"taxonomy":"scooter_compatibility","embeddable":true,"href":"https:\/\/360scooters.com\/es\/wp-json\/wp\/v2\/scooter_compatibility?post=3084"}],"curies":[{"name":"wp","href":"https:\/\/api.w.org\/{rel}","templated":true}]}}