{"id":3055,"date":"2024-09-04T12:30:33","date_gmt":"2024-09-04T10:30:33","guid":{"rendered":"https:\/\/360scooters.com\/es\/?post_type=product&#038;p=3055"},"modified":"2025-07-23T19:47:05","modified_gmt":"2025-07-23T17:47:05","slug":"acelerador-puno-moto-colores-para-smartgyro-zwheel","status":"publish","type":"product","link":"https:\/\/360scooters.com\/es\/producto\/acelerador-puno-moto-colores-para-smartgyro-zwheel\/","title":{"rendered":"Acelerador pu\u00f1o moto Colores para smartGyro \/ Zwheel"},"content":{"rendered":"<p>Este <strong>acelerador de tipo pu\u00f1o<\/strong>, originalmente dise\u00f1ado para bicicletas el\u00e9ctricas, ha sido adaptado y testado por 360Scooters para ser compatible espec\u00edficamente con los patinetes el\u00e9ctricos smartGyro y Zwheel.<\/p>\n<p>La instalaci\u00f3n es sencilla: simplemente retira el acelerador de pulgar original de tu patinete el\u00e9ctrico y reempl\u00e1zalo con nuestro\u00a0<strong>Acelerador de Pu\u00f1o<\/strong>. Conecta el cable y \u00a1listo para disfrutar de una experiencia de conducci\u00f3n mejorada!<\/p>\n<p>Adem\u00e1s, ahora puedes elegir entre nuestra variedad de colores: <strong>negro con azul<\/strong>,\u00a0<strong>negro con gris<\/strong>, <strong>negro con rojo y negro con naranja<\/strong>, para agregar un toque de estilo personalizado a tu patinete el\u00e9ctrico. \u00a1Acelera con estilo y seguridad con el\u00a0<strong>Acelerador de Pu\u00f1o<\/strong>!<\/p>\n","protected":false},"excerpt":{"rendered":"<p>\u00a1Descubre el nuevo <strong>acelerador de pu\u00f1o<\/strong>, disponible en una amplia gama de colores!<\/p>\n<p>Compatible con una amplia gama de modelos smartGyro, incluyendo <strong>Rockway<\/strong>,\u00a0<strong>Crossover<\/strong>,\u00a0<strong>Speedway<\/strong> en todas sus versiones, as\u00ed como todas las versiones de ZRino de Zwheel.<\/p>\n","protected":false},"featured_media":5548,"template":"","meta":[],"product_brand":[],"product_cat":[133],"product_tag":[],"scooter_compatibility":[],"class_list":{"0":"post-3055","1":"product","2":"type-product","3":"status-publish","4":"has-post-thumbnail","6":"product_cat-tunea-tu-smartgyro-zwheel","8":"first","9":"instock","10":"sale","11":"taxable","12":"shipping-taxable","13":"purchasable","14":"product-type-variable"},"yoast_head":"<!-- This site is optimized with the Yoast SEO plugin v26.9 - https:\/\/yoast.com\/product\/yoast-seo-wordpress\/ -->\n<title>Acelerador pu\u00f1o moto Colores para smartGyro \/ Zwheel - 360Scooters | Tienda-taller de patinetes el\u00e9ctricos<\/title>\n<meta name=\"robots\" content=\"index, follow, max-snippet:-1, max-image-preview:large, max-video-preview:-1\" \/>\n<link rel=\"canonical\" href=\"https:\/\/360scooters.com\/es\/producto\/acelerador-puno-moto-colores-para-smartgyro-zwheel\/\" \/>\n<meta property=\"og:locale\" content=\"es_ES\" \/>\n<meta property=\"og:type\" content=\"article\" \/>\n<meta property=\"og:title\" content=\"Acelerador pu\u00f1o moto Colores para smartGyro \/ Zwheel - 360Scooters | Tienda-taller de patinetes el\u00e9ctricos\" \/>\n<meta property=\"og:description\" content=\"\u00a1Descubre el nuevo acelerador de pu\u00f1o, disponible en una amplia gama de colores!  Compatible con una amplia gama de modelos smartGyro, incluyendo Rockway,\u00a0Crossover,\u00a0Speedway en todas sus versiones, as\u00ed como todas las versiones de ZRino de Zwheel.\" \/>\n<meta property=\"og:url\" content=\"https:\/\/360scooters.com\/es\/producto\/acelerador-puno-moto-colores-para-smartgyro-zwheel\/\" \/>\n<meta property=\"og:site_name\" content=\"360Scooters | Tienda-taller de patinetes el\u00e9ctricos\" \/>\n<meta property=\"article:modified_time\" content=\"2025-07-23T17:47:05+00:00\" \/>\n<meta property=\"og:image\" content=\"https:\/\/360scooters.com\/es\/wp-content\/uploads\/sites\/2\/2024\/09\/MINIATURA-PRODUCTO-2.png\" \/>\n\t<meta property=\"og:image:width\" content=\"1080\" \/>\n\t<meta property=\"og:image:height\" content=\"1080\" \/>\n\t<meta property=\"og:image:type\" content=\"image\/png\" \/>\n<meta name=\"twitter:card\" content=\"summary_large_image\" \/>\n<meta name=\"twitter:label1\" content=\"Tiempo de lectura\" \/>\n\t<meta name=\"twitter:data1\" content=\"1 minuto\" \/>\n<script type=\"application\/ld+json\" class=\"yoast-schema-graph\">{\"@context\":\"https:\/\/schema.org\",\"@graph\":[{\"@type\":\"WebPage\",\"@id\":\"https:\/\/360scooters.com\/es\/producto\/acelerador-puno-moto-colores-para-smartgyro-zwheel\/\",\"url\":\"https:\/\/360scooters.com\/es\/producto\/acelerador-puno-moto-colores-para-smartgyro-zwheel\/\",\"name\":\"Acelerador pu\u00f1o moto Colores para smartGyro \/ Zwheel - 360Scooters | Tienda-taller de patinetes el\u00e9ctricos\",\"isPartOf\":{\"@id\":\"https:\/\/360scooters.com\/es\/#website\"},\"primaryImageOfPage\":{\"@id\":\"https:\/\/360scooters.com\/es\/producto\/acelerador-puno-moto-colores-para-smartgyro-zwheel\/#primaryimage\"},\"image\":{\"@id\":\"https:\/\/360scooters.com\/es\/producto\/acelerador-puno-moto-colores-para-smartgyro-zwheel\/#primaryimage\"},\"thumbnailUrl\":\"https:\/\/360scooters.com\/es\/wp-content\/uploads\/sites\/2\/2024\/09\/MINIATURA-PRODUCTO-2.png\",\"datePublished\":\"2024-09-04T10:30:33+00:00\",\"dateModified\":\"2025-07-23T17:47:05+00:00\",\"breadcrumb\":{\"@id\":\"https:\/\/360scooters.com\/es\/producto\/acelerador-puno-moto-colores-para-smartgyro-zwheel\/#breadcrumb\"},\"inLanguage\":\"es\",\"potentialAction\":[{\"@type\":\"ReadAction\",\"target\":[\"https:\/\/360scooters.com\/es\/producto\/acelerador-puno-moto-colores-para-smartgyro-zwheel\/\"]}]},{\"@type\":\"ImageObject\",\"inLanguage\":\"es\",\"@id\":\"https:\/\/360scooters.com\/es\/producto\/acelerador-puno-moto-colores-para-smartgyro-zwheel\/#primaryimage\",\"url\":\"https:\/\/360scooters.com\/es\/wp-content\/uploads\/sites\/2\/2024\/09\/MINIATURA-PRODUCTO-2.png\",\"contentUrl\":\"https:\/\/360scooters.com\/es\/wp-content\/uploads\/sites\/2\/2024\/09\/MINIATURA-PRODUCTO-2.png\",\"width\":1080,\"height\":1080,\"caption\":\"Acelerador pu\u00f1o moto Colores para smartGyro \/ Zwheel\"},{\"@type\":\"BreadcrumbList\",\"@id\":\"https:\/\/360scooters.com\/es\/producto\/acelerador-puno-moto-colores-para-smartgyro-zwheel\/#breadcrumb\",\"itemListElement\":[{\"@type\":\"ListItem\",\"position\":1,\"name\":\"Portada\",\"item\":\"https:\/\/360scooters.com\/es\/\"},{\"@type\":\"ListItem\",\"position\":2,\"name\":\"Tienda\",\"item\":\"https:\/\/360scooters.com\/es\/tienda\/\"},{\"@type\":\"ListItem\",\"position\":3,\"name\":\"Acelerador pu\u00f1o moto Colores para smartGyro \/ Zwheel\"}]},{\"@type\":\"WebSite\",\"@id\":\"https:\/\/360scooters.com\/es\/#website\",\"url\":\"https:\/\/360scooters.com\/es\/\",\"name\":\"360Scooters - Patinetes el\u00e9ctricos en Pen\u00ednsula y Baleares - Patinetes Madrid - Patinetes Alicante - Patinetes Barcelona\",\"description\":\"\",\"publisher\":{\"@id\":\"https:\/\/360scooters.com\/es\/#organization\"},\"potentialAction\":[{\"@type\":\"SearchAction\",\"target\":{\"@type\":\"EntryPoint\",\"urlTemplate\":\"https:\/\/360scooters.com\/es\/?s={search_term_string}\"},\"query-input\":{\"@type\":\"PropertyValueSpecification\",\"valueRequired\":true,\"valueName\":\"search_term_string\"}}],\"inLanguage\":\"es\"},{\"@type\":\"Organization\",\"@id\":\"https:\/\/360scooters.com\/es\/#organization\",\"name\":\"360Scooters - Patinetes el\u00e9ctricos en Pen\u00ednsula y Baleares - Patinetes Madrid - Patinetes Alicante - Patinetes Barcelona\",\"url\":\"https:\/\/360scooters.com\/es\/\",\"logo\":{\"@type\":\"ImageObject\",\"inLanguage\":\"es\",\"@id\":\"https:\/\/360scooters.com\/es\/#\/schema\/logo\/image\/\",\"url\":\"https:\/\/360scooters.com\/es\/wp-content\/uploads\/sites\/2\/2024\/02\/logo-claimweb-e1727166047230.png\",\"contentUrl\":\"https:\/\/360scooters.com\/es\/wp-content\/uploads\/sites\/2\/2024\/02\/logo-claimweb-e1727166047230.png\",\"width\":214,\"height\":54,\"caption\":\"360Scooters - Patinetes el\u00e9ctricos en Pen\u00ednsula y Baleares - Patinetes Madrid - Patinetes Alicante - Patinetes Barcelona\"},\"image\":{\"@id\":\"https:\/\/360scooters.com\/es\/#\/schema\/logo\/image\/\"}}]}<\/script>\n<!-- \/ Yoast SEO plugin. -->","yoast_head_json":{"title":"Acelerador pu\u00f1o moto Colores para smartGyro \/ Zwheel - 360Scooters | Tienda-taller de patinetes el\u00e9ctricos","robots":{"index":"index","follow":"follow","max-snippet":"max-snippet:-1","max-image-preview":"max-image-preview:large","max-video-preview":"max-video-preview:-1"},"canonical":"https:\/\/360scooters.com\/es\/producto\/acelerador-puno-moto-colores-para-smartgyro-zwheel\/","og_locale":"es_ES","og_type":"article","og_title":"Acelerador pu\u00f1o moto Colores para smartGyro \/ Zwheel - 360Scooters | Tienda-taller de patinetes el\u00e9ctricos","og_description":"\u00a1Descubre el nuevo acelerador de pu\u00f1o, disponible en una amplia gama de colores!  Compatible con una amplia gama de modelos smartGyro, incluyendo Rockway,\u00a0Crossover,\u00a0Speedway en todas sus versiones, as\u00ed como todas las versiones de ZRino de Zwheel.","og_url":"https:\/\/360scooters.com\/es\/producto\/acelerador-puno-moto-colores-para-smartgyro-zwheel\/","og_site_name":"360Scooters | Tienda-taller de patinetes el\u00e9ctricos","article_modified_time":"2025-07-23T17:47:05+00:00","og_image":[{"width":1080,"height":1080,"url":"https:\/\/360scooters.com\/es\/wp-content\/uploads\/sites\/2\/2024\/09\/MINIATURA-PRODUCTO-2.png","type":"image\/png"}],"twitter_card":"summary_large_image","twitter_misc":{"Tiempo de lectura":"1 minuto"},"schema":{"@context":"https:\/\/schema.org","@graph":[{"@type":"WebPage","@id":"https:\/\/360scooters.com\/es\/producto\/acelerador-puno-moto-colores-para-smartgyro-zwheel\/","url":"https:\/\/360scooters.com\/es\/producto\/acelerador-puno-moto-colores-para-smartgyro-zwheel\/","name":"Acelerador pu\u00f1o moto Colores para smartGyro \/ Zwheel - 360Scooters | Tienda-taller de patinetes el\u00e9ctricos","isPartOf":{"@id":"https:\/\/360scooters.com\/es\/#website"},"primaryImageOfPage":{"@id":"https:\/\/360scooters.com\/es\/producto\/acelerador-puno-moto-colores-para-smartgyro-zwheel\/#primaryimage"},"image":{"@id":"https:\/\/360scooters.com\/es\/producto\/acelerador-puno-moto-colores-para-smartgyro-zwheel\/#primaryimage"},"thumbnailUrl":"https:\/\/360scooters.com\/es\/wp-content\/uploads\/sites\/2\/2024\/09\/MINIATURA-PRODUCTO-2.png","datePublished":"2024-09-04T10:30:33+00:00","dateModified":"2025-07-23T17:47:05+00:00","breadcrumb":{"@id":"https:\/\/360scooters.com\/es\/producto\/acelerador-puno-moto-colores-para-smartgyro-zwheel\/#breadcrumb"},"inLanguage":"es","potentialAction":[{"@type":"ReadAction","target":["https:\/\/360scooters.com\/es\/producto\/acelerador-puno-moto-colores-para-smartgyro-zwheel\/"]}]},{"@type":"ImageObject","inLanguage":"es","@id":"https:\/\/360scooters.com\/es\/producto\/acelerador-puno-moto-colores-para-smartgyro-zwheel\/#primaryimage","url":"https:\/\/360scooters.com\/es\/wp-content\/uploads\/sites\/2\/2024\/09\/MINIATURA-PRODUCTO-2.png","contentUrl":"https:\/\/360scooters.com\/es\/wp-content\/uploads\/sites\/2\/2024\/09\/MINIATURA-PRODUCTO-2.png","width":1080,"height":1080,"caption":"Acelerador pu\u00f1o moto Colores para smartGyro \/ Zwheel"},{"@type":"BreadcrumbList","@id":"https:\/\/360scooters.com\/es\/producto\/acelerador-puno-moto-colores-para-smartgyro-zwheel\/#breadcrumb","itemListElement":[{"@type":"ListItem","position":1,"name":"Portada","item":"https:\/\/360scooters.com\/es\/"},{"@type":"ListItem","position":2,"name":"Tienda","item":"https:\/\/360scooters.com\/es\/tienda\/"},{"@type":"ListItem","position":3,"name":"Acelerador pu\u00f1o moto Colores para smartGyro \/ Zwheel"}]},{"@type":"WebSite","@id":"https:\/\/360scooters.com\/es\/#website","url":"https:\/\/360scooters.com\/es\/","name":"360Scooters - Patinetes el\u00e9ctricos en Pen\u00ednsula y Baleares - Patinetes Madrid - Patinetes Alicante - Patinetes Barcelona","description":"","publisher":{"@id":"https:\/\/360scooters.com\/es\/#organization"},"potentialAction":[{"@type":"SearchAction","target":{"@type":"EntryPoint","urlTemplate":"https:\/\/360scooters.com\/es\/?s={search_term_string}"},"query-input":{"@type":"PropertyValueSpecification","valueRequired":true,"valueName":"search_term_string"}}],"inLanguage":"es"},{"@type":"Organization","@id":"https:\/\/360scooters.com\/es\/#organization","name":"360Scooters - Patinetes el\u00e9ctricos en Pen\u00ednsula y Baleares - Patinetes Madrid - Patinetes Alicante - Patinetes Barcelona","url":"https:\/\/360scooters.com\/es\/","logo":{"@type":"ImageObject","inLanguage":"es","@id":"https:\/\/360scooters.com\/es\/#\/schema\/logo\/image\/","url":"https:\/\/360scooters.com\/es\/wp-content\/uploads\/sites\/2\/2024\/02\/logo-claimweb-e1727166047230.png","contentUrl":"https:\/\/360scooters.com\/es\/wp-content\/uploads\/sites\/2\/2024\/02\/logo-claimweb-e1727166047230.png","width":214,"height":54,"caption":"360Scooters - Patinetes el\u00e9ctricos en Pen\u00ednsula y Baleares - Patinetes Madrid - Patinetes Alicante - Patinetes Barcelona"},"image":{"@id":"https:\/\/360scooters.com\/es\/#\/schema\/logo\/image\/"}}]}},"_links":{"self":[{"href":"https:\/\/360scooters.com\/es\/wp-json\/wp\/v2\/product\/3055","targetHints":{"allow":["GET"]}}],"collection":[{"href":"https:\/\/360scooters.com\/es\/wp-json\/wp\/v2\/product"}],"about":[{"href":"https:\/\/360scooters.com\/es\/wp-json\/wp\/v2\/types\/product"}],"version-history":[{"count":1,"href":"https:\/\/360scooters.com\/es\/wp-json\/wp\/v2\/product\/3055\/revisions"}],"predecessor-version":[{"id":5550,"href":"https:\/\/360scooters.com\/es\/wp-json\/wp\/v2\/product\/3055\/revisions\/5550"}],"wp:featuredmedia":[{"embeddable":true,"href":"https:\/\/360scooters.com\/es\/wp-json\/wp\/v2\/media\/5548"}],"wp:attachment":[{"href":"https:\/\/360scooters.com\/es\/wp-json\/wp\/v2\/media?parent=3055"}],"wp:term":[{"taxonomy":"product_brand","embeddable":true,"href":"https:\/\/360scooters.com\/es\/wp-json\/wp\/v2\/product_brand?post=3055"},{"taxonomy":"product_cat","embeddable":true,"href":"https:\/\/360scooters.com\/es\/wp-json\/wp\/v2\/product_cat?post=3055"},{"taxonomy":"product_tag","embeddable":true,"href":"https:\/\/360scooters.com\/es\/wp-json\/wp\/v2\/product_tag?post=3055"},{"taxonomy":"scooter_compatibility","embeddable":true,"href":"https:\/\/360scooters.com\/es\/wp-json\/wp\/v2\/scooter_compatibility?post=3055"}],"curies":[{"name":"wp","href":"https:\/\/api.w.org\/{rel}","templated":true}]}}