{"id":288,"date":"2023-11-17T12:12:30","date_gmt":"2023-11-17T11:12:30","guid":{"rendered":"https:\/\/360scooters.com\/es\/?post_type=product&#038;p=288"},"modified":"2026-04-07T03:19:09","modified_gmt":"2026-04-07T01:19:09","slug":"zrino-edicion-2022-con-app-certificado","status":"publish","type":"product","link":"https:\/\/360scooters.com\/es\/producto\/zrino-edicion-2022-con-app-certificado\/","title":{"rendered":"Patinete Zwheel ZRino Homologado DGT"},"content":{"rendered":"<div class=\"elementor-tab-content tab-pane active\" data-tab=\"2\">\n<p><strong>Nueva Pantalla Led y nuevo Panel de control<\/strong><\/p>\n<p>Hemos mejorado separando el panel de control y la pantalla de leyenda. Con este <strong>nuevo panel<\/strong>, continuamos usando los botones que sean f\u00e1cil de manejar. Y con la pantalla tipo LED, hemos ampliado su tama\u00f1o para que la informaci\u00f3n demostrado sea f\u00e1cil y claro.<\/p>\n<p><strong>Seguridad y Confort<\/strong><\/p>\n<p>La seguridad y confort de este patinete el\u00e9ctrico lo convierten en el mejor modelo todoterreno de la gama. Siendo 100% fiable para recorrer caminos tanto en ciudad como en terrenos irregulares de monta\u00f1a. Cuenta con intermitentes led seleccionables, luz delantera y panel de informaci\u00f3n. Este patinete el\u00e9ctrico est\u00e1 pensado para adultos.<\/p>\n<p><strong>M\u00e1s potencia<\/strong><\/p>\n<p>El T4 ZRino es el patinete el\u00e9ctrico todoterreno m\u00e1s potente de ZWheel. Velocidad, alta resistencia y seguridad junto a una conducci\u00f3n sencilla y muy c\u00f3moda. Cuenta con un potente motor de <strong>600W<\/strong> de hasta tres velocidades. Su velocidad est\u00e1 limitada a <strong>25km\/h<\/strong> cumpliendo la ley en vigor. Soporta hasta <strong>120kg<\/strong>.<\/p>\n<p><strong>Olv\u00eddate de los atascos<\/strong><\/p>\n<p>Amplia bater\u00eda de <strong>12,5Ah<\/strong> para poder disfrutar de una autonom\u00eda de hasta <strong>40km<\/strong>. Ruedas ultra resistentes de <strong>10\u2033<\/strong> de alta fiabilidad. Economiza tus viajes y tiempo, cuidando del medio ambiente. Las frenadas y desniveles los podr\u00e1s afrontar con muchas m\u00e1s comodidad gracias al doble freno de disco y doble suspensi\u00f3n, tanto trasera como delantera.<\/p>\n<p><strong>Ideal para la monta\u00f1a<\/strong><\/p>\n<p>Este patinete el\u00e9ctrico <strong>4\u00d74<\/strong> es ideal para tus excursiones a la monta\u00f1a o trayectos por terrenos m\u00e1s irregulares. Sus ruedas de <strong>10\u2033<\/strong>, m\u00e1s grandes que las de los patinetes urbanos, te proporcionar\u00e1n la m\u00e1xima comodidad y un mayor control sobre caminos de tierra. Adem\u00e1s, gracias a su potencia de motor podr\u00e1s afrontar subidas en la monta\u00f1a sin ning\u00fan problema.<\/p>\n<\/div>\n","protected":false},"excerpt":{"rendered":"<div id=\"product-description-short-645\" class=\"rte-content product-description\">\n<p>Un patinete el\u00e9ctrico todoterreno que combina <strong>velocidad, autonom\u00eda, seguridad y confort<\/strong> en sus trayectos, adem\u00e1s de un elegante dise\u00f1o. \u00dasalo para <strong>trayectos de largo recorrido. Esta versi\u00f3n cuenta con APP.<\/strong><\/p>\n<p><img decoding=\"async\" class=\"alignnone size-full wp-image-290\" src=\"https:\/\/360scooters.com\/es\/wp-content\/uploads\/sites\/2\/2023\/11\/DGT.png\" alt=\"\" width=\"584\" height=\"84\" srcset=\"https:\/\/360scooters.com\/es\/wp-content\/uploads\/sites\/2\/2023\/11\/DGT.png 584w, https:\/\/360scooters.com\/es\/wp-content\/uploads\/sites\/2\/2023\/11\/DGT-300x43.png 300w\" sizes=\"(max-width: 584px) 100vw, 584px\" \/><\/p>\n<table>\n<tbody>\n<tr>\n<td><strong>Potencia nominal<br \/>\n<\/strong><\/td>\n<td>600W<\/td>\n<\/tr>\n<tr>\n<td><strong>Bater\u00eda<\/strong><\/td>\n<td>48v \u2013 15Ah<\/td>\n<\/tr>\n<tr>\n<td><strong>Velocidad<\/strong><\/td>\n<td>Hasta 25km\/h<\/td>\n<\/tr>\n<tr>\n<td><strong>Autonom\u00eda<\/strong><\/td>\n<td>Hasta 50km<\/td>\n<\/tr>\n<tr>\n<td><strong>Peso<\/strong><\/td>\n<td>22 Kg<\/td>\n<\/tr>\n<tr>\n<td><strong>Tiempo de carga<\/strong><\/td>\n<td>5-6 H<\/td>\n<\/tr>\n<tr>\n<td><strong>Frenos<\/strong><\/td>\n<td>Freno de disco trasero y delantero y E-ABS<\/td>\n<\/tr>\n<\/tbody>\n<\/table>\n<\/div>\n","protected":false},"featured_media":291,"template":"","meta":[],"product_brand":[],"product_cat":[29,138],"product_tag":[296,289],"scooter_compatibility":[],"class_list":{"0":"post-288","1":"product","2":"type-product","3":"status-publish","4":"has-post-thumbnail","6":"product_cat-gama-pro","7":"product_cat-zwheel","8":"product_tag-black-friday","9":"product_tag-sem","10":"product_shipping_class-patinetes-electricos","11":"pa_marca-zwheel","13":"first","14":"instock","15":"taxable","16":"shipping-taxable","17":"purchasable","18":"product-type-simple"},"yoast_head":"<!-- This site is optimized with the Yoast SEO plugin v26.9 - https:\/\/yoast.com\/product\/yoast-seo-wordpress\/ -->\n<title>Comprar patinete Zwheel Zrino | 360Scooters<\/title>\n<meta name=\"description\" content=\"\u00bfBuscas comprar patinete Zwheel Zrino?\" \/>\n<meta name=\"robots\" content=\"index, follow, max-snippet:-1, max-image-preview:large, max-video-preview:-1\" \/>\n<link rel=\"canonical\" href=\"https:\/\/360scooters.com\/es\/producto\/zrino-edicion-2022-con-app-certificado\/\" \/>\n<meta property=\"og:locale\" content=\"es_ES\" \/>\n<meta property=\"og:type\" content=\"article\" \/>\n<meta property=\"og:title\" content=\"Comprar patinete Zwheel Zrino | 360Scooters\" \/>\n<meta property=\"og:description\" content=\"\u00bfBuscas comprar patinete Zwheel Zrino?\" \/>\n<meta property=\"og:url\" content=\"https:\/\/360scooters.com\/es\/producto\/zrino-edicion-2022-con-app-certificado\/\" \/>\n<meta property=\"og:site_name\" content=\"360Scooters | Tienda-taller de patinetes el\u00e9ctricos\" \/>\n<meta property=\"article:modified_time\" content=\"2026-04-07T01:19:09+00:00\" \/>\n<meta property=\"og:image\" content=\"https:\/\/360scooters.com\/es\/wp-content\/uploads\/sites\/2\/2023\/11\/zrino-edicion-2022-con-app-homologado-dgt.png\" \/>\n\t<meta property=\"og:image:width\" content=\"1422\" \/>\n\t<meta property=\"og:image:height\" content=\"1422\" \/>\n\t<meta property=\"og:image:type\" content=\"image\/png\" \/>\n<meta name=\"twitter:card\" content=\"summary_large_image\" \/>\n<meta name=\"twitter:label1\" content=\"Tiempo de lectura\" \/>\n\t<meta name=\"twitter:data1\" content=\"2 minutos\" \/>\n<script type=\"application\/ld+json\" class=\"yoast-schema-graph\">{\"@context\":\"https:\/\/schema.org\",\"@graph\":[{\"@type\":\"WebPage\",\"@id\":\"https:\/\/360scooters.com\/es\/producto\/zrino-edicion-2022-con-app-certificado\/\",\"url\":\"https:\/\/360scooters.com\/es\/producto\/zrino-edicion-2022-con-app-certificado\/\",\"name\":\"Comprar patinete Zwheel Zrino | 360Scooters\",\"isPartOf\":{\"@id\":\"https:\/\/360scooters.com\/es\/#website\"},\"primaryImageOfPage\":{\"@id\":\"https:\/\/360scooters.com\/es\/producto\/zrino-edicion-2022-con-app-certificado\/#primaryimage\"},\"image\":{\"@id\":\"https:\/\/360scooters.com\/es\/producto\/zrino-edicion-2022-con-app-certificado\/#primaryimage\"},\"thumbnailUrl\":\"https:\/\/360scooters.com\/es\/wp-content\/uploads\/sites\/2\/2023\/11\/zrino-edicion-2022-con-app-homologado-dgt.png\",\"datePublished\":\"2023-11-17T11:12:30+00:00\",\"dateModified\":\"2026-04-07T01:19:09+00:00\",\"description\":\"\u00bfBuscas comprar patinete Zwheel Zrino?\",\"breadcrumb\":{\"@id\":\"https:\/\/360scooters.com\/es\/producto\/zrino-edicion-2022-con-app-certificado\/#breadcrumb\"},\"inLanguage\":\"es\",\"potentialAction\":[{\"@type\":\"ReadAction\",\"target\":[\"https:\/\/360scooters.com\/es\/producto\/zrino-edicion-2022-con-app-certificado\/\"]}]},{\"@type\":\"ImageObject\",\"inLanguage\":\"es\",\"@id\":\"https:\/\/360scooters.com\/es\/producto\/zrino-edicion-2022-con-app-certificado\/#primaryimage\",\"url\":\"https:\/\/360scooters.com\/es\/wp-content\/uploads\/sites\/2\/2023\/11\/zrino-edicion-2022-con-app-homologado-dgt.png\",\"contentUrl\":\"https:\/\/360scooters.com\/es\/wp-content\/uploads\/sites\/2\/2023\/11\/zrino-edicion-2022-con-app-homologado-dgt.png\",\"width\":1422,\"height\":1422},{\"@type\":\"BreadcrumbList\",\"@id\":\"https:\/\/360scooters.com\/es\/producto\/zrino-edicion-2022-con-app-certificado\/#breadcrumb\",\"itemListElement\":[{\"@type\":\"ListItem\",\"position\":1,\"name\":\"Portada\",\"item\":\"https:\/\/360scooters.com\/es\/\"},{\"@type\":\"ListItem\",\"position\":2,\"name\":\"Tienda\",\"item\":\"https:\/\/360scooters.com\/es\/tienda\/\"},{\"@type\":\"ListItem\",\"position\":3,\"name\":\"Patinete Zwheel ZRino Homologado DGT\"}]},{\"@type\":\"WebSite\",\"@id\":\"https:\/\/360scooters.com\/es\/#website\",\"url\":\"https:\/\/360scooters.com\/es\/\",\"name\":\"360Scooters - Patinetes el\u00e9ctricos en Pen\u00ednsula y Baleares - Patinetes Madrid - Patinetes Alicante - Patinetes Barcelona\",\"description\":\"\",\"publisher\":{\"@id\":\"https:\/\/360scooters.com\/es\/#organization\"},\"potentialAction\":[{\"@type\":\"SearchAction\",\"target\":{\"@type\":\"EntryPoint\",\"urlTemplate\":\"https:\/\/360scooters.com\/es\/?s={search_term_string}\"},\"query-input\":{\"@type\":\"PropertyValueSpecification\",\"valueRequired\":true,\"valueName\":\"search_term_string\"}}],\"inLanguage\":\"es\"},{\"@type\":\"Organization\",\"@id\":\"https:\/\/360scooters.com\/es\/#organization\",\"name\":\"360Scooters - Patinetes el\u00e9ctricos en Pen\u00ednsula y Baleares - Patinetes Madrid - Patinetes Alicante - Patinetes Barcelona\",\"url\":\"https:\/\/360scooters.com\/es\/\",\"logo\":{\"@type\":\"ImageObject\",\"inLanguage\":\"es\",\"@id\":\"https:\/\/360scooters.com\/es\/#\/schema\/logo\/image\/\",\"url\":\"https:\/\/360scooters.com\/es\/wp-content\/uploads\/sites\/2\/2024\/02\/logo-claimweb-e1727166047230.png\",\"contentUrl\":\"https:\/\/360scooters.com\/es\/wp-content\/uploads\/sites\/2\/2024\/02\/logo-claimweb-e1727166047230.png\",\"width\":214,\"height\":54,\"caption\":\"360Scooters - Patinetes el\u00e9ctricos en Pen\u00ednsula y Baleares - Patinetes Madrid - Patinetes Alicante - Patinetes Barcelona\"},\"image\":{\"@id\":\"https:\/\/360scooters.com\/es\/#\/schema\/logo\/image\/\"}}]}<\/script>\n<!-- \/ Yoast SEO plugin. -->","yoast_head_json":{"title":"Comprar patinete Zwheel Zrino | 360Scooters","description":"\u00bfBuscas comprar patinete Zwheel Zrino?","robots":{"index":"index","follow":"follow","max-snippet":"max-snippet:-1","max-image-preview":"max-image-preview:large","max-video-preview":"max-video-preview:-1"},"canonical":"https:\/\/360scooters.com\/es\/producto\/zrino-edicion-2022-con-app-certificado\/","og_locale":"es_ES","og_type":"article","og_title":"Comprar patinete Zwheel Zrino | 360Scooters","og_description":"\u00bfBuscas comprar patinete Zwheel Zrino?","og_url":"https:\/\/360scooters.com\/es\/producto\/zrino-edicion-2022-con-app-certificado\/","og_site_name":"360Scooters | Tienda-taller de patinetes el\u00e9ctricos","article_modified_time":"2026-04-07T01:19:09+00:00","og_image":[{"width":1422,"height":1422,"url":"https:\/\/360scooters.com\/es\/wp-content\/uploads\/sites\/2\/2023\/11\/zrino-edicion-2022-con-app-homologado-dgt.png","type":"image\/png"}],"twitter_card":"summary_large_image","twitter_misc":{"Tiempo de lectura":"2 minutos"},"schema":{"@context":"https:\/\/schema.org","@graph":[{"@type":"WebPage","@id":"https:\/\/360scooters.com\/es\/producto\/zrino-edicion-2022-con-app-certificado\/","url":"https:\/\/360scooters.com\/es\/producto\/zrino-edicion-2022-con-app-certificado\/","name":"Comprar patinete Zwheel Zrino | 360Scooters","isPartOf":{"@id":"https:\/\/360scooters.com\/es\/#website"},"primaryImageOfPage":{"@id":"https:\/\/360scooters.com\/es\/producto\/zrino-edicion-2022-con-app-certificado\/#primaryimage"},"image":{"@id":"https:\/\/360scooters.com\/es\/producto\/zrino-edicion-2022-con-app-certificado\/#primaryimage"},"thumbnailUrl":"https:\/\/360scooters.com\/es\/wp-content\/uploads\/sites\/2\/2023\/11\/zrino-edicion-2022-con-app-homologado-dgt.png","datePublished":"2023-11-17T11:12:30+00:00","dateModified":"2026-04-07T01:19:09+00:00","description":"\u00bfBuscas comprar patinete Zwheel Zrino?","breadcrumb":{"@id":"https:\/\/360scooters.com\/es\/producto\/zrino-edicion-2022-con-app-certificado\/#breadcrumb"},"inLanguage":"es","potentialAction":[{"@type":"ReadAction","target":["https:\/\/360scooters.com\/es\/producto\/zrino-edicion-2022-con-app-certificado\/"]}]},{"@type":"ImageObject","inLanguage":"es","@id":"https:\/\/360scooters.com\/es\/producto\/zrino-edicion-2022-con-app-certificado\/#primaryimage","url":"https:\/\/360scooters.com\/es\/wp-content\/uploads\/sites\/2\/2023\/11\/zrino-edicion-2022-con-app-homologado-dgt.png","contentUrl":"https:\/\/360scooters.com\/es\/wp-content\/uploads\/sites\/2\/2023\/11\/zrino-edicion-2022-con-app-homologado-dgt.png","width":1422,"height":1422},{"@type":"BreadcrumbList","@id":"https:\/\/360scooters.com\/es\/producto\/zrino-edicion-2022-con-app-certificado\/#breadcrumb","itemListElement":[{"@type":"ListItem","position":1,"name":"Portada","item":"https:\/\/360scooters.com\/es\/"},{"@type":"ListItem","position":2,"name":"Tienda","item":"https:\/\/360scooters.com\/es\/tienda\/"},{"@type":"ListItem","position":3,"name":"Patinete Zwheel ZRino Homologado DGT"}]},{"@type":"WebSite","@id":"https:\/\/360scooters.com\/es\/#website","url":"https:\/\/360scooters.com\/es\/","name":"360Scooters - Patinetes el\u00e9ctricos en Pen\u00ednsula y Baleares - Patinetes Madrid - Patinetes Alicante - Patinetes Barcelona","description":"","publisher":{"@id":"https:\/\/360scooters.com\/es\/#organization"},"potentialAction":[{"@type":"SearchAction","target":{"@type":"EntryPoint","urlTemplate":"https:\/\/360scooters.com\/es\/?s={search_term_string}"},"query-input":{"@type":"PropertyValueSpecification","valueRequired":true,"valueName":"search_term_string"}}],"inLanguage":"es"},{"@type":"Organization","@id":"https:\/\/360scooters.com\/es\/#organization","name":"360Scooters - Patinetes el\u00e9ctricos en Pen\u00ednsula y Baleares - Patinetes Madrid - Patinetes Alicante - Patinetes Barcelona","url":"https:\/\/360scooters.com\/es\/","logo":{"@type":"ImageObject","inLanguage":"es","@id":"https:\/\/360scooters.com\/es\/#\/schema\/logo\/image\/","url":"https:\/\/360scooters.com\/es\/wp-content\/uploads\/sites\/2\/2024\/02\/logo-claimweb-e1727166047230.png","contentUrl":"https:\/\/360scooters.com\/es\/wp-content\/uploads\/sites\/2\/2024\/02\/logo-claimweb-e1727166047230.png","width":214,"height":54,"caption":"360Scooters - Patinetes el\u00e9ctricos en Pen\u00ednsula y Baleares - Patinetes Madrid - Patinetes Alicante - Patinetes Barcelona"},"image":{"@id":"https:\/\/360scooters.com\/es\/#\/schema\/logo\/image\/"}}]}},"_links":{"self":[{"href":"https:\/\/360scooters.com\/es\/wp-json\/wp\/v2\/product\/288","targetHints":{"allow":["GET"]}}],"collection":[{"href":"https:\/\/360scooters.com\/es\/wp-json\/wp\/v2\/product"}],"about":[{"href":"https:\/\/360scooters.com\/es\/wp-json\/wp\/v2\/types\/product"}],"version-history":[{"count":2,"href":"https:\/\/360scooters.com\/es\/wp-json\/wp\/v2\/product\/288\/revisions"}],"predecessor-version":[{"id":1479,"href":"https:\/\/360scooters.com\/es\/wp-json\/wp\/v2\/product\/288\/revisions\/1479"}],"wp:featuredmedia":[{"embeddable":true,"href":"https:\/\/360scooters.com\/es\/wp-json\/wp\/v2\/media\/291"}],"wp:attachment":[{"href":"https:\/\/360scooters.com\/es\/wp-json\/wp\/v2\/media?parent=288"}],"wp:term":[{"taxonomy":"product_brand","embeddable":true,"href":"https:\/\/360scooters.com\/es\/wp-json\/wp\/v2\/product_brand?post=288"},{"taxonomy":"product_cat","embeddable":true,"href":"https:\/\/360scooters.com\/es\/wp-json\/wp\/v2\/product_cat?post=288"},{"taxonomy":"product_tag","embeddable":true,"href":"https:\/\/360scooters.com\/es\/wp-json\/wp\/v2\/product_tag?post=288"},{"taxonomy":"scooter_compatibility","embeddable":true,"href":"https:\/\/360scooters.com\/es\/wp-json\/wp\/v2\/scooter_compatibility?post=288"}],"curies":[{"name":"wp","href":"https:\/\/api.w.org\/{rel}","templated":true}]}}