{"id":2560,"date":"2025-10-18T19:30:40","date_gmt":"2025-10-18T17:30:40","guid":{"rendered":"https:\/\/360scooters.com\/es\/?post_type=product&#038;p=2560"},"modified":"2025-10-21T00:38:31","modified_gmt":"2025-10-20T22:38:31","slug":"patinete-electrico-ecoxtrem-bison-gt","status":"publish","type":"product","link":"https:\/\/360scooters.com\/es\/producto\/patinete-electrico-ecoxtrem-bison-gt\/","title":{"rendered":"Patinete el\u00e9ctrico Ecoxtrem Bison GT (colores)"},"content":{"rendered":"<p data-start=\"746\" data-end=\"1261\">El <strong data-start=\"749\" data-end=\"786\">EcoXtrem Bison GT | Carbon Design<\/strong> es un patinete el\u00e9ctrico <strong data-start=\"812\" data-end=\"838\">certificado por la DGT<\/strong> que combina dise\u00f1o, seguridad y prestaciones para tu d\u00eda a d\u00eda. Su configuraci\u00f3n integra un <strong data-start=\"931\" data-end=\"949\">motor de 800 W<\/strong> y una <strong data-start=\"956\" data-end=\"987\">bater\u00eda de litio 48 V 13 Ah<\/strong>, un conjunto pensado para ofrecer respuesta contundente en salidas y una autonom\u00eda nominal de <strong data-start=\"1082\" data-end=\"1097\">hasta 40 km<\/strong> (seg\u00fan peso del usuario, ruta y estado de carga). La velocidad est\u00e1 <strong data-start=\"1166\" data-end=\"1188\">limitada a 25 km\/h<\/strong> para cumplir la normativa vigente.<\/p>\n<p data-start=\"1263\" data-end=\"1795\">Para ganar confort y control en asfalto urbano y tramos mixtos, el Bison GT equipa <strong data-start=\"1346\" data-end=\"1382\">ruedas de 10 pulgadas con c\u00e1mara<\/strong> y un sistema de <strong data-start=\"1399\" data-end=\"1420\">suspensi\u00f3n triple<\/strong>: <strong data-start=\"1422\" data-end=\"1452\">doble suspensi\u00f3n delantera<\/strong> y <strong data-start=\"1455\" data-end=\"1470\">una trasera<\/strong>, que filtran baches y irregularidades habituales. El <strong data-start=\"1524\" data-end=\"1542\">freno de disco<\/strong> aporta una frenada consistente, mientras que la <strong data-start=\"1591\" data-end=\"1606\">iluminaci\u00f3n<\/strong> combina <strong data-start=\"1615\" data-end=\"1640\">doble luz LED frontal<\/strong>, <strong data-start=\"1642\" data-end=\"1658\">luz de freno<\/strong>, <strong data-start=\"1660\" data-end=\"1676\">reflectantes<\/strong> y <strong data-start=\"1679\" data-end=\"1702\">tiras LED laterales<\/strong> en la zona del reposapi\u00e9s para mejorar la visibilidad.<\/p>\n<p data-start=\"1797\" data-end=\"2286\">El chasis, en <strong data-start=\"1811\" data-end=\"1835\">aleaci\u00f3n de aluminio<\/strong>, luce un <strong data-start=\"1845\" data-end=\"1870\">acabado Carbon Design<\/strong> y una plataforma con goma de alto agarre y logotipo EcoXtrem. En el manillar, una <strong data-start=\"1953\" data-end=\"1974\">mini pantalla LCD<\/strong> muestra <strong data-start=\"1983\" data-end=\"2019\">bater\u00eda, kilometraje y velocidad<\/strong> (elementos aprobados por DGT) y en el pu\u00f1o izquierdo dispones de <strong data-start=\"2085\" data-end=\"2101\">tres botones<\/strong> para <strong data-start=\"2107\" data-end=\"2148\">luces, selecci\u00f3n de las 2 velocidades<\/strong> y <strong data-start=\"2151\" data-end=\"2162\">ajustes<\/strong>. Tambi\u00e9n incorpora <strong data-start=\"2182\" data-end=\"2199\">bocina manual<\/strong>, <strong data-start=\"2201\" data-end=\"2217\">pie de apoyo<\/strong> y <strong data-start=\"2220\" data-end=\"2247\">doble llave de contacto<\/strong>.<\/p>\n<p data-start=\"2288\" data-end=\"2835\">En uso cotidiano, el fabricante indica <strong data-start=\"2327\" data-end=\"2359\">tiempo de carga de 4\u20136 horas<\/strong>, <strong data-start=\"2361\" data-end=\"2395\">peso m\u00e1ximo admitido de 120 kg<\/strong> y <strong data-start=\"2398\" data-end=\"2430\">dimensiones de 114\u00d761\u00d7110 cm<\/strong>. Todo el conjunto est\u00e1 orientado a la <strong data-start=\"2469\" data-end=\"2504\">movilidad urbana legal y segura<\/strong>, con un plegado de seguridad r\u00e1pido para facilitar el almacenamiento. Si buscas un patinete robusto, con <strong data-start=\"2610\" data-end=\"2635\">autonom\u00eda hasta 40 km<\/strong> y un plus de comodidad gracias a su <strong data-start=\"2672\" data-end=\"2686\">suspensi\u00f3n<\/strong> e <strong data-start=\"2689\" data-end=\"2713\">iluminaci\u00f3n completa<\/strong>, el <strong data-start=\"2718\" data-end=\"2730\">Bison GT<\/strong> es una alternativa s\u00f3lida dentro de la gama homologada por la DGT.<\/p>\n","protected":false},"excerpt":{"rendered":"<div id=\"product-description-short-2468\" class=\"product-description-short mb-3 truncate_block truncate_cate_desc_0\">\n<div class=\"st_read_more_box\">\n<p><img decoding=\"async\" src=\"https:\/\/360scooters.com\/es\/wp-content\/uploads\/sites\/2\/2023\/11\/VEHICULO-NO-CERTIFICADO-POR-LA-DGT-2.png\" alt=\"Patinete el\u00e9ctrico certificado por la DGT\" \/><\/p>\n<p><strong data-start=\"230\" data-end=\"268\">EcoXtrem Bison GT \u2013 Carbon Design.<\/strong> Patinete el\u00e9ctrico <strong data-start=\"288\" data-end=\"313\">homologado por la DGT<\/strong>, motor <strong data-start=\"321\" data-end=\"330\">800 W<\/strong>, bater\u00eda <strong data-start=\"340\" data-end=\"354\">48 V 13 Ah<\/strong>, velocidad limitada a <strong data-start=\"377\" data-end=\"388\">25 km\/h<\/strong>, <strong data-start=\"390\" data-end=\"405\">hasta 40 km<\/strong> de autonom\u00eda. Ruedas <strong data-start=\"427\" data-end=\"434\">10&#8243;<\/strong> con c\u00e1mara, <strong data-start=\"447\" data-end=\"489\">doble suspensi\u00f3n delantera + 1 trasera<\/strong>, <strong data-start=\"491\" data-end=\"509\">freno de disco<\/strong>, <strong data-start=\"511\" data-end=\"532\">LED frontal doble<\/strong> y tiras LED. <strong data-start=\"546\" data-end=\"561\">Carga 4\u20136 h<\/strong>, soporta hasta <strong data-start=\"577\" data-end=\"587\">120 kg<\/strong>. Pantalla <strong data-start=\"598\" data-end=\"605\">LCD<\/strong> y <strong data-start=\"608\" data-end=\"625\">2 velocidades<\/strong>. Dimensiones <strong data-start=\"639\" data-end=\"656\">114\u00d761\u00d7110 cm<\/strong>.<\/p>\n<\/div>\n<\/div>\n<table>\n<tbody>\n<tr>\n<td><strong>Potencia nominal<br \/>\n<\/strong><\/td>\n<td>800W<\/td>\n<\/tr>\n<tr>\n<td><strong>Bater\u00eda<\/strong><\/td>\n<td>48v \u2013 13Ah<\/td>\n<\/tr>\n<tr>\n<td><strong>Velocidad<\/strong><\/td>\n<td>Hasta 25km\/h<\/td>\n<\/tr>\n<tr>\n<td><strong>Autonom\u00eda<\/strong><\/td>\n<td>Hasta 40km<\/td>\n<\/tr>\n<tr>\n<td><strong>Peso<\/strong><\/td>\n<td>22Kg<\/td>\n<\/tr>\n<tr>\n<td><strong>Tiempo de carga<\/strong><\/td>\n<td>4-6H<\/td>\n<\/tr>\n<tr>\n<td><strong>Frenos<\/strong><\/td>\n<td>Freno de disco trasero y delantero<\/td>\n<\/tr>\n<\/tbody>\n<\/table>\n<p><em>*Los precios, ofertas y promociones reflejados en esta web son exclusivos para compras online.<\/em><\/p>\n","protected":false},"featured_media":9238,"template":"","meta":[],"product_brand":[],"product_cat":[29],"product_tag":[],"scooter_compatibility":[],"class_list":{"0":"post-2560","1":"product","2":"type-product","3":"status-publish","4":"has-post-thumbnail","6":"product_cat-gama-pro","7":"product_shipping_class-patinetes-electricos","8":"pa_marca-ecoxtrem","10":"first","11":"instock","12":"taxable","13":"shipping-taxable","14":"purchasable","15":"product-type-variable"},"yoast_head":"<!-- This site is optimized with the Yoast SEO plugin v26.9 - https:\/\/yoast.com\/product\/yoast-seo-wordpress\/ -->\n<title>Patinete el\u00e9ctrico Ecoxtrem Bison GT - 360Scooters<\/title>\n<meta name=\"description\" content=\"Patinete EcoXtrem Bison GT homologado por la DGT: 800 W, bater\u00eda 48 V 13 Ah, hasta 40 km, 10&quot;, doble suspensi\u00f3n y freno de disco. Carga 4\u20136 h.\" \/>\n<meta name=\"robots\" content=\"index, follow, max-snippet:-1, max-image-preview:large, max-video-preview:-1\" \/>\n<link rel=\"canonical\" href=\"https:\/\/360scooters.com\/es\/producto\/patinete-electrico-ecoxtrem-bison-gt\/\" \/>\n<meta property=\"og:locale\" content=\"es_ES\" \/>\n<meta property=\"og:type\" content=\"article\" \/>\n<meta property=\"og:title\" content=\"Patinete el\u00e9ctrico Ecoxtrem Bison GT - 360Scooters\" \/>\n<meta property=\"og:description\" content=\"Patinete EcoXtrem Bison GT homologado por la DGT: 800 W, bater\u00eda 48 V 13 Ah, hasta 40 km, 10&quot;, doble suspensi\u00f3n y freno de disco. Carga 4\u20136 h.\" \/>\n<meta property=\"og:url\" content=\"https:\/\/360scooters.com\/es\/producto\/patinete-electrico-ecoxtrem-bison-gt\/\" \/>\n<meta property=\"og:site_name\" content=\"360Scooters | Tienda-taller de patinetes el\u00e9ctricos\" \/>\n<meta property=\"article:modified_time\" content=\"2025-10-20T22:38:31+00:00\" \/>\n<meta property=\"og:image\" content=\"https:\/\/360scooters.com\/es\/wp-content\/uploads\/sites\/2\/2024\/07\/patinete-electrico-bison-gt-carbon-design-40km-autonomia.jpg\" \/>\n\t<meta property=\"og:image:width\" content=\"800\" \/>\n\t<meta property=\"og:image:height\" content=\"800\" \/>\n\t<meta property=\"og:image:type\" content=\"image\/jpeg\" \/>\n<meta name=\"twitter:card\" content=\"summary_large_image\" \/>\n<meta name=\"twitter:label1\" content=\"Tiempo de lectura\" \/>\n\t<meta name=\"twitter:data1\" content=\"2 minutos\" \/>\n<script type=\"application\/ld+json\" class=\"yoast-schema-graph\">{\"@context\":\"https:\/\/schema.org\",\"@graph\":[{\"@type\":\"WebPage\",\"@id\":\"https:\/\/360scooters.com\/es\/producto\/patinete-electrico-ecoxtrem-bison-gt\/\",\"url\":\"https:\/\/360scooters.com\/es\/producto\/patinete-electrico-ecoxtrem-bison-gt\/\",\"name\":\"Patinete el\u00e9ctrico Ecoxtrem Bison GT - 360Scooters\",\"isPartOf\":{\"@id\":\"https:\/\/360scooters.com\/es\/#website\"},\"primaryImageOfPage\":{\"@id\":\"https:\/\/360scooters.com\/es\/producto\/patinete-electrico-ecoxtrem-bison-gt\/#primaryimage\"},\"image\":{\"@id\":\"https:\/\/360scooters.com\/es\/producto\/patinete-electrico-ecoxtrem-bison-gt\/#primaryimage\"},\"thumbnailUrl\":\"https:\/\/360scooters.com\/es\/wp-content\/uploads\/sites\/2\/2024\/07\/patinete-electrico-bison-gt-carbon-design-40km-autonomia.jpg\",\"datePublished\":\"2025-10-18T17:30:40+00:00\",\"dateModified\":\"2025-10-20T22:38:31+00:00\",\"description\":\"Patinete EcoXtrem Bison GT homologado por la DGT: 800 W, bater\u00eda 48 V 13 Ah, hasta 40 km, 10\\\", doble suspensi\u00f3n y freno de disco. Carga 4\u20136 h.\",\"breadcrumb\":{\"@id\":\"https:\/\/360scooters.com\/es\/producto\/patinete-electrico-ecoxtrem-bison-gt\/#breadcrumb\"},\"inLanguage\":\"es\",\"potentialAction\":[{\"@type\":\"ReadAction\",\"target\":[\"https:\/\/360scooters.com\/es\/producto\/patinete-electrico-ecoxtrem-bison-gt\/\"]}]},{\"@type\":\"ImageObject\",\"inLanguage\":\"es\",\"@id\":\"https:\/\/360scooters.com\/es\/producto\/patinete-electrico-ecoxtrem-bison-gt\/#primaryimage\",\"url\":\"https:\/\/360scooters.com\/es\/wp-content\/uploads\/sites\/2\/2024\/07\/patinete-electrico-bison-gt-carbon-design-40km-autonomia.jpg\",\"contentUrl\":\"https:\/\/360scooters.com\/es\/wp-content\/uploads\/sites\/2\/2024\/07\/patinete-electrico-bison-gt-carbon-design-40km-autonomia.jpg\",\"width\":800,\"height\":800,\"caption\":\"Patinete el\u00e9ctrico Ecoxtrem Bison GT (colores)\"},{\"@type\":\"BreadcrumbList\",\"@id\":\"https:\/\/360scooters.com\/es\/producto\/patinete-electrico-ecoxtrem-bison-gt\/#breadcrumb\",\"itemListElement\":[{\"@type\":\"ListItem\",\"position\":1,\"name\":\"Portada\",\"item\":\"https:\/\/360scooters.com\/es\/\"},{\"@type\":\"ListItem\",\"position\":2,\"name\":\"Tienda\",\"item\":\"https:\/\/360scooters.com\/es\/tienda\/\"},{\"@type\":\"ListItem\",\"position\":3,\"name\":\"Patinete el\u00e9ctrico Ecoxtrem Bison GT (colores)\"}]},{\"@type\":\"WebSite\",\"@id\":\"https:\/\/360scooters.com\/es\/#website\",\"url\":\"https:\/\/360scooters.com\/es\/\",\"name\":\"360Scooters - Patinetes el\u00e9ctricos en Pen\u00ednsula y Baleares - Patinetes Madrid - Patinetes Alicante - Patinetes Barcelona\",\"description\":\"\",\"publisher\":{\"@id\":\"https:\/\/360scooters.com\/es\/#organization\"},\"potentialAction\":[{\"@type\":\"SearchAction\",\"target\":{\"@type\":\"EntryPoint\",\"urlTemplate\":\"https:\/\/360scooters.com\/es\/?s={search_term_string}\"},\"query-input\":{\"@type\":\"PropertyValueSpecification\",\"valueRequired\":true,\"valueName\":\"search_term_string\"}}],\"inLanguage\":\"es\"},{\"@type\":\"Organization\",\"@id\":\"https:\/\/360scooters.com\/es\/#organization\",\"name\":\"360Scooters - Patinetes el\u00e9ctricos en Pen\u00ednsula y Baleares - Patinetes Madrid - Patinetes Alicante - Patinetes Barcelona\",\"url\":\"https:\/\/360scooters.com\/es\/\",\"logo\":{\"@type\":\"ImageObject\",\"inLanguage\":\"es\",\"@id\":\"https:\/\/360scooters.com\/es\/#\/schema\/logo\/image\/\",\"url\":\"https:\/\/360scooters.com\/es\/wp-content\/uploads\/sites\/2\/2024\/02\/logo-claimweb-e1727166047230.png\",\"contentUrl\":\"https:\/\/360scooters.com\/es\/wp-content\/uploads\/sites\/2\/2024\/02\/logo-claimweb-e1727166047230.png\",\"width\":214,\"height\":54,\"caption\":\"360Scooters - Patinetes el\u00e9ctricos en Pen\u00ednsula y Baleares - Patinetes Madrid - Patinetes Alicante - Patinetes Barcelona\"},\"image\":{\"@id\":\"https:\/\/360scooters.com\/es\/#\/schema\/logo\/image\/\"}}]}<\/script>\n<!-- \/ Yoast SEO plugin. -->","yoast_head_json":{"title":"Patinete el\u00e9ctrico Ecoxtrem Bison GT - 360Scooters","description":"Patinete EcoXtrem Bison GT homologado por la DGT: 800 W, bater\u00eda 48 V 13 Ah, hasta 40 km, 10\", doble suspensi\u00f3n y freno de disco. Carga 4\u20136 h.","robots":{"index":"index","follow":"follow","max-snippet":"max-snippet:-1","max-image-preview":"max-image-preview:large","max-video-preview":"max-video-preview:-1"},"canonical":"https:\/\/360scooters.com\/es\/producto\/patinete-electrico-ecoxtrem-bison-gt\/","og_locale":"es_ES","og_type":"article","og_title":"Patinete el\u00e9ctrico Ecoxtrem Bison GT - 360Scooters","og_description":"Patinete EcoXtrem Bison GT homologado por la DGT: 800 W, bater\u00eda 48 V 13 Ah, hasta 40 km, 10\", doble suspensi\u00f3n y freno de disco. Carga 4\u20136 h.","og_url":"https:\/\/360scooters.com\/es\/producto\/patinete-electrico-ecoxtrem-bison-gt\/","og_site_name":"360Scooters | Tienda-taller de patinetes el\u00e9ctricos","article_modified_time":"2025-10-20T22:38:31+00:00","og_image":[{"width":800,"height":800,"url":"https:\/\/360scooters.com\/es\/wp-content\/uploads\/sites\/2\/2024\/07\/patinete-electrico-bison-gt-carbon-design-40km-autonomia.jpg","type":"image\/jpeg"}],"twitter_card":"summary_large_image","twitter_misc":{"Tiempo de lectura":"2 minutos"},"schema":{"@context":"https:\/\/schema.org","@graph":[{"@type":"WebPage","@id":"https:\/\/360scooters.com\/es\/producto\/patinete-electrico-ecoxtrem-bison-gt\/","url":"https:\/\/360scooters.com\/es\/producto\/patinete-electrico-ecoxtrem-bison-gt\/","name":"Patinete el\u00e9ctrico Ecoxtrem Bison GT - 360Scooters","isPartOf":{"@id":"https:\/\/360scooters.com\/es\/#website"},"primaryImageOfPage":{"@id":"https:\/\/360scooters.com\/es\/producto\/patinete-electrico-ecoxtrem-bison-gt\/#primaryimage"},"image":{"@id":"https:\/\/360scooters.com\/es\/producto\/patinete-electrico-ecoxtrem-bison-gt\/#primaryimage"},"thumbnailUrl":"https:\/\/360scooters.com\/es\/wp-content\/uploads\/sites\/2\/2024\/07\/patinete-electrico-bison-gt-carbon-design-40km-autonomia.jpg","datePublished":"2025-10-18T17:30:40+00:00","dateModified":"2025-10-20T22:38:31+00:00","description":"Patinete EcoXtrem Bison GT homologado por la DGT: 800 W, bater\u00eda 48 V 13 Ah, hasta 40 km, 10\", doble suspensi\u00f3n y freno de disco. Carga 4\u20136 h.","breadcrumb":{"@id":"https:\/\/360scooters.com\/es\/producto\/patinete-electrico-ecoxtrem-bison-gt\/#breadcrumb"},"inLanguage":"es","potentialAction":[{"@type":"ReadAction","target":["https:\/\/360scooters.com\/es\/producto\/patinete-electrico-ecoxtrem-bison-gt\/"]}]},{"@type":"ImageObject","inLanguage":"es","@id":"https:\/\/360scooters.com\/es\/producto\/patinete-electrico-ecoxtrem-bison-gt\/#primaryimage","url":"https:\/\/360scooters.com\/es\/wp-content\/uploads\/sites\/2\/2024\/07\/patinete-electrico-bison-gt-carbon-design-40km-autonomia.jpg","contentUrl":"https:\/\/360scooters.com\/es\/wp-content\/uploads\/sites\/2\/2024\/07\/patinete-electrico-bison-gt-carbon-design-40km-autonomia.jpg","width":800,"height":800,"caption":"Patinete el\u00e9ctrico Ecoxtrem Bison GT (colores)"},{"@type":"BreadcrumbList","@id":"https:\/\/360scooters.com\/es\/producto\/patinete-electrico-ecoxtrem-bison-gt\/#breadcrumb","itemListElement":[{"@type":"ListItem","position":1,"name":"Portada","item":"https:\/\/360scooters.com\/es\/"},{"@type":"ListItem","position":2,"name":"Tienda","item":"https:\/\/360scooters.com\/es\/tienda\/"},{"@type":"ListItem","position":3,"name":"Patinete el\u00e9ctrico Ecoxtrem Bison GT (colores)"}]},{"@type":"WebSite","@id":"https:\/\/360scooters.com\/es\/#website","url":"https:\/\/360scooters.com\/es\/","name":"360Scooters - Patinetes el\u00e9ctricos en Pen\u00ednsula y Baleares - Patinetes Madrid - Patinetes Alicante - Patinetes Barcelona","description":"","publisher":{"@id":"https:\/\/360scooters.com\/es\/#organization"},"potentialAction":[{"@type":"SearchAction","target":{"@type":"EntryPoint","urlTemplate":"https:\/\/360scooters.com\/es\/?s={search_term_string}"},"query-input":{"@type":"PropertyValueSpecification","valueRequired":true,"valueName":"search_term_string"}}],"inLanguage":"es"},{"@type":"Organization","@id":"https:\/\/360scooters.com\/es\/#organization","name":"360Scooters - Patinetes el\u00e9ctricos en Pen\u00ednsula y Baleares - Patinetes Madrid - Patinetes Alicante - Patinetes Barcelona","url":"https:\/\/360scooters.com\/es\/","logo":{"@type":"ImageObject","inLanguage":"es","@id":"https:\/\/360scooters.com\/es\/#\/schema\/logo\/image\/","url":"https:\/\/360scooters.com\/es\/wp-content\/uploads\/sites\/2\/2024\/02\/logo-claimweb-e1727166047230.png","contentUrl":"https:\/\/360scooters.com\/es\/wp-content\/uploads\/sites\/2\/2024\/02\/logo-claimweb-e1727166047230.png","width":214,"height":54,"caption":"360Scooters - Patinetes el\u00e9ctricos en Pen\u00ednsula y Baleares - Patinetes Madrid - Patinetes Alicante - Patinetes Barcelona"},"image":{"@id":"https:\/\/360scooters.com\/es\/#\/schema\/logo\/image\/"}}]}},"_links":{"self":[{"href":"https:\/\/360scooters.com\/es\/wp-json\/wp\/v2\/product\/2560","targetHints":{"allow":["GET"]}}],"collection":[{"href":"https:\/\/360scooters.com\/es\/wp-json\/wp\/v2\/product"}],"about":[{"href":"https:\/\/360scooters.com\/es\/wp-json\/wp\/v2\/types\/product"}],"version-history":[{"count":5,"href":"https:\/\/360scooters.com\/es\/wp-json\/wp\/v2\/product\/2560\/revisions"}],"predecessor-version":[{"id":9247,"href":"https:\/\/360scooters.com\/es\/wp-json\/wp\/v2\/product\/2560\/revisions\/9247"}],"wp:featuredmedia":[{"embeddable":true,"href":"https:\/\/360scooters.com\/es\/wp-json\/wp\/v2\/media\/9238"}],"wp:attachment":[{"href":"https:\/\/360scooters.com\/es\/wp-json\/wp\/v2\/media?parent=2560"}],"wp:term":[{"taxonomy":"product_brand","embeddable":true,"href":"https:\/\/360scooters.com\/es\/wp-json\/wp\/v2\/product_brand?post=2560"},{"taxonomy":"product_cat","embeddable":true,"href":"https:\/\/360scooters.com\/es\/wp-json\/wp\/v2\/product_cat?post=2560"},{"taxonomy":"product_tag","embeddable":true,"href":"https:\/\/360scooters.com\/es\/wp-json\/wp\/v2\/product_tag?post=2560"},{"taxonomy":"scooter_compatibility","embeddable":true,"href":"https:\/\/360scooters.com\/es\/wp-json\/wp\/v2\/scooter_compatibility?post=2560"}],"curies":[{"name":"wp","href":"https:\/\/api.w.org\/{rel}","templated":true}]}}