{"id":2459,"date":"2024-07-12T18:11:37","date_gmt":"2024-07-12T16:11:37","guid":{"rendered":"https:\/\/360scooters.com\/es\/?post_type=product&#038;p=2459"},"modified":"2024-09-04T10:29:50","modified_gmt":"2024-09-04T08:29:50","slug":"kit-potencia-manillar-tipo-bmx-rojo-btt","status":"publish","type":"product","link":"https:\/\/360scooters.com\/es\/producto\/kit-potencia-manillar-tipo-bmx-rojo-btt\/","title":{"rendered":"KIT potencia + manillar tipo BMX rojo [BTT]"},"content":{"rendered":"<p><strong>Potencia para instalar cualquier manillar tipo BMX en m\u00e1stil original de smartGyro<\/strong><\/p>\n<p>Por fin est\u00e1 aqu\u00ed la potencia que todo el mundo quer\u00eda, con\u00a0<strong>la potencia para manillares smartGyro<\/strong> \u00a1Puedes colocar en el m\u00e1stil de smartGyro cualquier <strong>Manillar de Bici<\/strong>!<\/p>\n<p>Ofrecemos 2 opciones:<\/p>\n<p><strong>Potencia + Manillar<\/strong>: Potencia de adaptada para smartGyro + Manillar. Incluye uno incre\u00edble manillar con la medida perfecta para tu patinete.<\/p>\n<p><strong>Potencia + Manillar + m\u00e1stil de smartGyro plug&amp;play: <\/strong>Esta es la opci\u00f3n m\u00e1s r\u00e1pida y f\u00e1cil para la hora de la instalaci\u00f3n. Te enviamos a casa el kit completo ya instalado para que t\u00fa lo recibas todo listo y lo montes \u00a1en s\u00f3lo 5 minutos!<\/p>\n","protected":false},"excerpt":{"rendered":"<p><strong>Potencia y manillar tipo Bici MTB para patinete el\u00e9ctrico.<\/strong><\/p>\n<p>Ideal para personalizaci\u00f3n de smartGyro \/ Zwheel. Hecho de aluminio 6061 de alta calidad<\/p>\n<hr \/>\n<p><em>Manillar + potencia: Se necesita herramienta especializada para su instalaci\u00f3n.<\/em><br \/>\n<em>Manillar + potencia plug&amp;play: Incluye m\u00e1stil para instalaci\u00f3n r\u00e1pida en 5 minutos.<\/em><\/p>\n","protected":false},"featured_media":3044,"template":"","meta":[],"product_brand":[],"product_cat":[133],"product_tag":[],"scooter_compatibility":[],"class_list":{"0":"post-2459","1":"product","2":"type-product","3":"status-publish","4":"has-post-thumbnail","6":"product_cat-tunea-tu-smartgyro-zwheel","8":"first","9":"instock","10":"sale","11":"taxable","12":"shipping-taxable","13":"purchasable","14":"product-type-variable"},"yoast_head":"<!-- This site is optimized with the Yoast SEO plugin v26.9 - https:\/\/yoast.com\/product\/yoast-seo-wordpress\/ -->\n<title>KIT potencia + manillar tipo BMX rojo [BTT] - 360Scooters | Tienda-taller de patinetes el\u00e9ctricos<\/title>\n<meta name=\"robots\" content=\"index, follow, max-snippet:-1, max-image-preview:large, max-video-preview:-1\" \/>\n<link rel=\"canonical\" href=\"https:\/\/360scooters.com\/es\/producto\/kit-potencia-manillar-tipo-bmx-rojo-btt\/\" \/>\n<meta property=\"og:locale\" content=\"es_ES\" \/>\n<meta property=\"og:type\" content=\"article\" \/>\n<meta property=\"og:title\" content=\"KIT potencia + manillar tipo BMX rojo [BTT] - 360Scooters | Tienda-taller de patinetes el\u00e9ctricos\" \/>\n<meta property=\"og:description\" content=\"Potencia y manillar tipo Bici MTB para patinete el\u00e9ctrico.  Ideal para personalizaci\u00f3n de smartGyro \/ Zwheel. Hecho de aluminio 6061 de alta calidad    Manillar + potencia: Se necesita herramienta especializada para su instalaci\u00f3n. Manillar + potencia plug&amp;play: Incluye m\u00e1stil para instalaci\u00f3n r\u00e1pida en 5 minutos.\" \/>\n<meta property=\"og:url\" content=\"https:\/\/360scooters.com\/es\/producto\/kit-potencia-manillar-tipo-bmx-rojo-btt\/\" \/>\n<meta property=\"og:site_name\" content=\"360Scooters | Tienda-taller de patinetes el\u00e9ctricos\" \/>\n<meta property=\"article:modified_time\" content=\"2024-09-04T08:29:50+00:00\" \/>\n<meta property=\"og:image\" content=\"https:\/\/360scooters.com\/es\/wp-content\/uploads\/sites\/2\/2024\/07\/manillar-potencia.png\" \/>\n\t<meta property=\"og:image:width\" content=\"1080\" \/>\n\t<meta property=\"og:image:height\" content=\"1080\" \/>\n\t<meta property=\"og:image:type\" content=\"image\/png\" \/>\n<meta name=\"twitter:card\" content=\"summary_large_image\" \/>\n<meta name=\"twitter:label1\" content=\"Tiempo de lectura\" \/>\n\t<meta name=\"twitter:data1\" content=\"1 minuto\" \/>\n<script type=\"application\/ld+json\" class=\"yoast-schema-graph\">{\"@context\":\"https:\/\/schema.org\",\"@graph\":[{\"@type\":\"WebPage\",\"@id\":\"https:\/\/360scooters.com\/es\/producto\/kit-potencia-manillar-tipo-bmx-rojo-btt\/\",\"url\":\"https:\/\/360scooters.com\/es\/producto\/kit-potencia-manillar-tipo-bmx-rojo-btt\/\",\"name\":\"KIT potencia + manillar tipo BMX rojo [BTT] - 360Scooters | Tienda-taller de patinetes el\u00e9ctricos\",\"isPartOf\":{\"@id\":\"https:\/\/360scooters.com\/es\/#website\"},\"primaryImageOfPage\":{\"@id\":\"https:\/\/360scooters.com\/es\/producto\/kit-potencia-manillar-tipo-bmx-rojo-btt\/#primaryimage\"},\"image\":{\"@id\":\"https:\/\/360scooters.com\/es\/producto\/kit-potencia-manillar-tipo-bmx-rojo-btt\/#primaryimage\"},\"thumbnailUrl\":\"https:\/\/360scooters.com\/es\/wp-content\/uploads\/sites\/2\/2024\/07\/manillar-potencia.png\",\"datePublished\":\"2024-07-12T16:11:37+00:00\",\"dateModified\":\"2024-09-04T08:29:50+00:00\",\"breadcrumb\":{\"@id\":\"https:\/\/360scooters.com\/es\/producto\/kit-potencia-manillar-tipo-bmx-rojo-btt\/#breadcrumb\"},\"inLanguage\":\"es\",\"potentialAction\":[{\"@type\":\"ReadAction\",\"target\":[\"https:\/\/360scooters.com\/es\/producto\/kit-potencia-manillar-tipo-bmx-rojo-btt\/\"]}]},{\"@type\":\"ImageObject\",\"inLanguage\":\"es\",\"@id\":\"https:\/\/360scooters.com\/es\/producto\/kit-potencia-manillar-tipo-bmx-rojo-btt\/#primaryimage\",\"url\":\"https:\/\/360scooters.com\/es\/wp-content\/uploads\/sites\/2\/2024\/07\/manillar-potencia.png\",\"contentUrl\":\"https:\/\/360scooters.com\/es\/wp-content\/uploads\/sites\/2\/2024\/07\/manillar-potencia.png\",\"width\":1080,\"height\":1080,\"caption\":\"Manillar BMX para patinete el\u00e9ctrico\"},{\"@type\":\"BreadcrumbList\",\"@id\":\"https:\/\/360scooters.com\/es\/producto\/kit-potencia-manillar-tipo-bmx-rojo-btt\/#breadcrumb\",\"itemListElement\":[{\"@type\":\"ListItem\",\"position\":1,\"name\":\"Portada\",\"item\":\"https:\/\/360scooters.com\/es\/\"},{\"@type\":\"ListItem\",\"position\":2,\"name\":\"Tienda\",\"item\":\"https:\/\/360scooters.com\/es\/tienda\/\"},{\"@type\":\"ListItem\",\"position\":3,\"name\":\"KIT potencia + manillar tipo BMX rojo [BTT]\"}]},{\"@type\":\"WebSite\",\"@id\":\"https:\/\/360scooters.com\/es\/#website\",\"url\":\"https:\/\/360scooters.com\/es\/\",\"name\":\"360Scooters - Patinetes el\u00e9ctricos en Pen\u00ednsula y Baleares - Patinetes Madrid - Patinetes Alicante - Patinetes Barcelona\",\"description\":\"\",\"publisher\":{\"@id\":\"https:\/\/360scooters.com\/es\/#organization\"},\"potentialAction\":[{\"@type\":\"SearchAction\",\"target\":{\"@type\":\"EntryPoint\",\"urlTemplate\":\"https:\/\/360scooters.com\/es\/?s={search_term_string}\"},\"query-input\":{\"@type\":\"PropertyValueSpecification\",\"valueRequired\":true,\"valueName\":\"search_term_string\"}}],\"inLanguage\":\"es\"},{\"@type\":\"Organization\",\"@id\":\"https:\/\/360scooters.com\/es\/#organization\",\"name\":\"360Scooters - Patinetes el\u00e9ctricos en Pen\u00ednsula y Baleares - Patinetes Madrid - Patinetes Alicante - Patinetes Barcelona\",\"url\":\"https:\/\/360scooters.com\/es\/\",\"logo\":{\"@type\":\"ImageObject\",\"inLanguage\":\"es\",\"@id\":\"https:\/\/360scooters.com\/es\/#\/schema\/logo\/image\/\",\"url\":\"https:\/\/360scooters.com\/es\/wp-content\/uploads\/sites\/2\/2024\/02\/logo-claimweb-e1727166047230.png\",\"contentUrl\":\"https:\/\/360scooters.com\/es\/wp-content\/uploads\/sites\/2\/2024\/02\/logo-claimweb-e1727166047230.png\",\"width\":214,\"height\":54,\"caption\":\"360Scooters - Patinetes el\u00e9ctricos en Pen\u00ednsula y Baleares - Patinetes Madrid - Patinetes Alicante - Patinetes Barcelona\"},\"image\":{\"@id\":\"https:\/\/360scooters.com\/es\/#\/schema\/logo\/image\/\"}}]}<\/script>\n<!-- \/ Yoast SEO plugin. -->","yoast_head_json":{"title":"KIT potencia + manillar tipo BMX rojo [BTT] - 360Scooters | Tienda-taller de patinetes el\u00e9ctricos","robots":{"index":"index","follow":"follow","max-snippet":"max-snippet:-1","max-image-preview":"max-image-preview:large","max-video-preview":"max-video-preview:-1"},"canonical":"https:\/\/360scooters.com\/es\/producto\/kit-potencia-manillar-tipo-bmx-rojo-btt\/","og_locale":"es_ES","og_type":"article","og_title":"KIT potencia + manillar tipo BMX rojo [BTT] - 360Scooters | Tienda-taller de patinetes el\u00e9ctricos","og_description":"Potencia y manillar tipo Bici MTB para patinete el\u00e9ctrico.  Ideal para personalizaci\u00f3n de smartGyro \/ Zwheel. Hecho de aluminio 6061 de alta calidad    Manillar + potencia: Se necesita herramienta especializada para su instalaci\u00f3n. Manillar + potencia plug&amp;play: Incluye m\u00e1stil para instalaci\u00f3n r\u00e1pida en 5 minutos.","og_url":"https:\/\/360scooters.com\/es\/producto\/kit-potencia-manillar-tipo-bmx-rojo-btt\/","og_site_name":"360Scooters | Tienda-taller de patinetes el\u00e9ctricos","article_modified_time":"2024-09-04T08:29:50+00:00","og_image":[{"width":1080,"height":1080,"url":"https:\/\/360scooters.com\/es\/wp-content\/uploads\/sites\/2\/2024\/07\/manillar-potencia.png","type":"image\/png"}],"twitter_card":"summary_large_image","twitter_misc":{"Tiempo de lectura":"1 minuto"},"schema":{"@context":"https:\/\/schema.org","@graph":[{"@type":"WebPage","@id":"https:\/\/360scooters.com\/es\/producto\/kit-potencia-manillar-tipo-bmx-rojo-btt\/","url":"https:\/\/360scooters.com\/es\/producto\/kit-potencia-manillar-tipo-bmx-rojo-btt\/","name":"KIT potencia + manillar tipo BMX rojo [BTT] - 360Scooters | Tienda-taller de patinetes el\u00e9ctricos","isPartOf":{"@id":"https:\/\/360scooters.com\/es\/#website"},"primaryImageOfPage":{"@id":"https:\/\/360scooters.com\/es\/producto\/kit-potencia-manillar-tipo-bmx-rojo-btt\/#primaryimage"},"image":{"@id":"https:\/\/360scooters.com\/es\/producto\/kit-potencia-manillar-tipo-bmx-rojo-btt\/#primaryimage"},"thumbnailUrl":"https:\/\/360scooters.com\/es\/wp-content\/uploads\/sites\/2\/2024\/07\/manillar-potencia.png","datePublished":"2024-07-12T16:11:37+00:00","dateModified":"2024-09-04T08:29:50+00:00","breadcrumb":{"@id":"https:\/\/360scooters.com\/es\/producto\/kit-potencia-manillar-tipo-bmx-rojo-btt\/#breadcrumb"},"inLanguage":"es","potentialAction":[{"@type":"ReadAction","target":["https:\/\/360scooters.com\/es\/producto\/kit-potencia-manillar-tipo-bmx-rojo-btt\/"]}]},{"@type":"ImageObject","inLanguage":"es","@id":"https:\/\/360scooters.com\/es\/producto\/kit-potencia-manillar-tipo-bmx-rojo-btt\/#primaryimage","url":"https:\/\/360scooters.com\/es\/wp-content\/uploads\/sites\/2\/2024\/07\/manillar-potencia.png","contentUrl":"https:\/\/360scooters.com\/es\/wp-content\/uploads\/sites\/2\/2024\/07\/manillar-potencia.png","width":1080,"height":1080,"caption":"Manillar BMX para patinete el\u00e9ctrico"},{"@type":"BreadcrumbList","@id":"https:\/\/360scooters.com\/es\/producto\/kit-potencia-manillar-tipo-bmx-rojo-btt\/#breadcrumb","itemListElement":[{"@type":"ListItem","position":1,"name":"Portada","item":"https:\/\/360scooters.com\/es\/"},{"@type":"ListItem","position":2,"name":"Tienda","item":"https:\/\/360scooters.com\/es\/tienda\/"},{"@type":"ListItem","position":3,"name":"KIT potencia + manillar tipo BMX rojo [BTT]"}]},{"@type":"WebSite","@id":"https:\/\/360scooters.com\/es\/#website","url":"https:\/\/360scooters.com\/es\/","name":"360Scooters - Patinetes el\u00e9ctricos en Pen\u00ednsula y Baleares - Patinetes Madrid - Patinetes Alicante - Patinetes Barcelona","description":"","publisher":{"@id":"https:\/\/360scooters.com\/es\/#organization"},"potentialAction":[{"@type":"SearchAction","target":{"@type":"EntryPoint","urlTemplate":"https:\/\/360scooters.com\/es\/?s={search_term_string}"},"query-input":{"@type":"PropertyValueSpecification","valueRequired":true,"valueName":"search_term_string"}}],"inLanguage":"es"},{"@type":"Organization","@id":"https:\/\/360scooters.com\/es\/#organization","name":"360Scooters - Patinetes el\u00e9ctricos en Pen\u00ednsula y Baleares - Patinetes Madrid - Patinetes Alicante - Patinetes Barcelona","url":"https:\/\/360scooters.com\/es\/","logo":{"@type":"ImageObject","inLanguage":"es","@id":"https:\/\/360scooters.com\/es\/#\/schema\/logo\/image\/","url":"https:\/\/360scooters.com\/es\/wp-content\/uploads\/sites\/2\/2024\/02\/logo-claimweb-e1727166047230.png","contentUrl":"https:\/\/360scooters.com\/es\/wp-content\/uploads\/sites\/2\/2024\/02\/logo-claimweb-e1727166047230.png","width":214,"height":54,"caption":"360Scooters - Patinetes el\u00e9ctricos en Pen\u00ednsula y Baleares - Patinetes Madrid - Patinetes Alicante - Patinetes Barcelona"},"image":{"@id":"https:\/\/360scooters.com\/es\/#\/schema\/logo\/image\/"}}]}},"_links":{"self":[{"href":"https:\/\/360scooters.com\/es\/wp-json\/wp\/v2\/product\/2459","targetHints":{"allow":["GET"]}}],"collection":[{"href":"https:\/\/360scooters.com\/es\/wp-json\/wp\/v2\/product"}],"about":[{"href":"https:\/\/360scooters.com\/es\/wp-json\/wp\/v2\/types\/product"}],"version-history":[{"count":1,"href":"https:\/\/360scooters.com\/es\/wp-json\/wp\/v2\/product\/2459\/revisions"}],"predecessor-version":[{"id":3043,"href":"https:\/\/360scooters.com\/es\/wp-json\/wp\/v2\/product\/2459\/revisions\/3043"}],"wp:featuredmedia":[{"embeddable":true,"href":"https:\/\/360scooters.com\/es\/wp-json\/wp\/v2\/media\/3044"}],"wp:attachment":[{"href":"https:\/\/360scooters.com\/es\/wp-json\/wp\/v2\/media?parent=2459"}],"wp:term":[{"taxonomy":"product_brand","embeddable":true,"href":"https:\/\/360scooters.com\/es\/wp-json\/wp\/v2\/product_brand?post=2459"},{"taxonomy":"product_cat","embeddable":true,"href":"https:\/\/360scooters.com\/es\/wp-json\/wp\/v2\/product_cat?post=2459"},{"taxonomy":"product_tag","embeddable":true,"href":"https:\/\/360scooters.com\/es\/wp-json\/wp\/v2\/product_tag?post=2459"},{"taxonomy":"scooter_compatibility","embeddable":true,"href":"https:\/\/360scooters.com\/es\/wp-json\/wp\/v2\/scooter_compatibility?post=2459"}],"curies":[{"name":"wp","href":"https:\/\/api.w.org\/{rel}","templated":true}]}}