{"id":2273,"date":"2024-09-04T12:00:03","date_gmt":"2024-09-04T10:00:03","guid":{"rendered":"https:\/\/360scooters.com\/es\/?post_type=product&#038;p=2273"},"modified":"2024-09-04T13:43:10","modified_gmt":"2024-09-04T11:43:10","slug":"kit-de-freno-hidraulico-negro-para-smartgyro-zwheel-nutt-instalacion","status":"publish","type":"product","link":"https:\/\/360scooters.com\/es\/producto\/kit-de-freno-hidraulico-negro-para-smartgyro-zwheel-nutt-instalacion\/","title":{"rendered":"Kit de freno hidr\u00e1ulico negro para smartGyro\/Zwheel [NUTT]"},"content":{"rendered":"<p>El kit se destaca por venir <strong>completo para instalar en patinetes de la marca smartGyro y Zhweel<\/strong> y mejorar su sistema de frenado. Te ayudar\u00e1 a tener una mejor frenada, aportando una seguridad en tu d\u00eda a d\u00eda.<\/p>\n<p><strong>Los frenos de serie de los patinetes smartGyro se desgastan muy r\u00e1pido<\/strong>, <strong>suponiendo el gasto m\u00e1s importante de mantenimiento de un patinete. <\/strong>Con instalar <strong>Kit de Frenos hidr\u00e1ulicos para smartGyro<\/strong>, tus pastillas de freno pasar\u00e1n a durar de 6 meses a 1,5 a\u00f1os sin cambiar nada.<\/p>\n<p><b>Instalando el kit de frenos reducir\u00e1s dr\u00e1sticamente el desgaste de tu freno, mejorar\u00e1 tambi\u00e9n su tacto en la frenada, haci\u00e9ndola mas suave aunque si quieres tambi\u00e9n es capaz de clavar el patinete en una emergencia<\/b>. Sin duda la mejor mejora calidad-precio para el patinete el\u00e9ctrico Smartgyro o similares.<\/p>\n","protected":false},"excerpt":{"rendered":"<p><strong>Kit completo para instalaci\u00f3n de Frenos hidr\u00e1ulicos en patinetes smartGyro, Zwheel\u00a0 y patinetes similares<\/strong><\/p>\n<p>INCLUYE:<\/p>\n<ul>\n<li>Pinzas Hidr\u00e1ulicas exclusivas, \u00fanicamente para instalar en la <strong>parte derecha\u00a0<\/strong>(ambas pinzas)<strong>\u00a0del patinete<\/strong>.<\/li>\n<li>Manetas hidr\u00e1ulicas con sensor de Freno.<\/li>\n<li>Kit completo de adaptadores y separadores.<\/li>\n<li>x2 Discos de freno 145mm.<\/li>\n<\/ul>\n","protected":false},"featured_media":3065,"template":"","meta":[],"product_brand":[],"product_cat":[133],"product_tag":[],"scooter_compatibility":[],"class_list":{"0":"post-2273","1":"product","2":"type-product","3":"status-publish","4":"has-post-thumbnail","6":"product_cat-tunea-tu-smartgyro-zwheel","8":"first","9":"instock","10":"sale","11":"taxable","12":"shipping-taxable","13":"purchasable","14":"product-type-simple"},"yoast_head":"<!-- This site is optimized with the Yoast SEO plugin v26.9 - https:\/\/yoast.com\/product\/yoast-seo-wordpress\/ -->\n<title>Kit de freno hidr\u00e1ulico negro para smartGyro\/Zwheel [NUTT] - 360Scooters | Tienda-taller de patinetes el\u00e9ctricos<\/title>\n<meta name=\"robots\" content=\"index, follow, max-snippet:-1, max-image-preview:large, max-video-preview:-1\" \/>\n<link rel=\"canonical\" href=\"https:\/\/360scooters.com\/es\/producto\/kit-de-freno-hidraulico-negro-para-smartgyro-zwheel-nutt-instalacion\/\" \/>\n<meta property=\"og:locale\" content=\"es_ES\" \/>\n<meta property=\"og:type\" content=\"article\" \/>\n<meta property=\"og:title\" content=\"Kit de freno hidr\u00e1ulico negro para smartGyro\/Zwheel [NUTT] - 360Scooters | Tienda-taller de patinetes el\u00e9ctricos\" \/>\n<meta property=\"og:description\" content=\"Kit completo para instalaci\u00f3n de Frenos hidr\u00e1ulicos en patinetes smartGyro, Zwheel\u00a0 y patinetes similares  INCLUYE:   Pinzas Hidr\u00e1ulicas exclusivas, \u00fanicamente para instalar en la parte derecha\u00a0(ambas pinzas)\u00a0del patinete.  Manetas hidr\u00e1ulicas con sensor de Freno.  Kit completo de adaptadores y separadores.  x2 Discos de freno 145mm.\" \/>\n<meta property=\"og:url\" content=\"https:\/\/360scooters.com\/es\/producto\/kit-de-freno-hidraulico-negro-para-smartgyro-zwheel-nutt-instalacion\/\" \/>\n<meta property=\"og:site_name\" content=\"360Scooters | Tienda-taller de patinetes el\u00e9ctricos\" \/>\n<meta property=\"article:modified_time\" content=\"2024-09-04T11:43:10+00:00\" \/>\n<meta property=\"og:image\" content=\"https:\/\/360scooters.com\/es\/wp-content\/uploads\/sites\/2\/2020\/06\/manillar-potencia-3.png\" \/>\n\t<meta property=\"og:image:width\" content=\"1080\" \/>\n\t<meta property=\"og:image:height\" content=\"1080\" \/>\n\t<meta property=\"og:image:type\" content=\"image\/png\" \/>\n<meta name=\"twitter:card\" content=\"summary_large_image\" \/>\n<meta name=\"twitter:label1\" content=\"Tiempo de lectura\" \/>\n\t<meta name=\"twitter:data1\" content=\"1 minuto\" \/>\n<script type=\"application\/ld+json\" class=\"yoast-schema-graph\">{\"@context\":\"https:\/\/schema.org\",\"@graph\":[{\"@type\":\"WebPage\",\"@id\":\"https:\/\/360scooters.com\/es\/producto\/kit-de-freno-hidraulico-negro-para-smartgyro-zwheel-nutt-instalacion\/\",\"url\":\"https:\/\/360scooters.com\/es\/producto\/kit-de-freno-hidraulico-negro-para-smartgyro-zwheel-nutt-instalacion\/\",\"name\":\"Kit de freno hidr\u00e1ulico negro para smartGyro\/Zwheel [NUTT] - 360Scooters | Tienda-taller de patinetes el\u00e9ctricos\",\"isPartOf\":{\"@id\":\"https:\/\/360scooters.com\/es\/#website\"},\"primaryImageOfPage\":{\"@id\":\"https:\/\/360scooters.com\/es\/producto\/kit-de-freno-hidraulico-negro-para-smartgyro-zwheel-nutt-instalacion\/#primaryimage\"},\"image\":{\"@id\":\"https:\/\/360scooters.com\/es\/producto\/kit-de-freno-hidraulico-negro-para-smartgyro-zwheel-nutt-instalacion\/#primaryimage\"},\"thumbnailUrl\":\"https:\/\/360scooters.com\/es\/wp-content\/uploads\/sites\/2\/2020\/06\/manillar-potencia-3.png\",\"datePublished\":\"2024-09-04T10:00:03+00:00\",\"dateModified\":\"2024-09-04T11:43:10+00:00\",\"breadcrumb\":{\"@id\":\"https:\/\/360scooters.com\/es\/producto\/kit-de-freno-hidraulico-negro-para-smartgyro-zwheel-nutt-instalacion\/#breadcrumb\"},\"inLanguage\":\"es\",\"potentialAction\":[{\"@type\":\"ReadAction\",\"target\":[\"https:\/\/360scooters.com\/es\/producto\/kit-de-freno-hidraulico-negro-para-smartgyro-zwheel-nutt-instalacion\/\"]}]},{\"@type\":\"ImageObject\",\"inLanguage\":\"es\",\"@id\":\"https:\/\/360scooters.com\/es\/producto\/kit-de-freno-hidraulico-negro-para-smartgyro-zwheel-nutt-instalacion\/#primaryimage\",\"url\":\"https:\/\/360scooters.com\/es\/wp-content\/uploads\/sites\/2\/2020\/06\/manillar-potencia-3.png\",\"contentUrl\":\"https:\/\/360scooters.com\/es\/wp-content\/uploads\/sites\/2\/2020\/06\/manillar-potencia-3.png\",\"width\":1080,\"height\":1080,\"caption\":\"Freno hidr\u00e1ulico Nutt para patinete\"},{\"@type\":\"BreadcrumbList\",\"@id\":\"https:\/\/360scooters.com\/es\/producto\/kit-de-freno-hidraulico-negro-para-smartgyro-zwheel-nutt-instalacion\/#breadcrumb\",\"itemListElement\":[{\"@type\":\"ListItem\",\"position\":1,\"name\":\"Portada\",\"item\":\"https:\/\/360scooters.com\/es\/\"},{\"@type\":\"ListItem\",\"position\":2,\"name\":\"Tienda\",\"item\":\"https:\/\/360scooters.com\/es\/tienda\/\"},{\"@type\":\"ListItem\",\"position\":3,\"name\":\"Kit de freno hidr\u00e1ulico negro para smartGyro\/Zwheel [NUTT]\"}]},{\"@type\":\"WebSite\",\"@id\":\"https:\/\/360scooters.com\/es\/#website\",\"url\":\"https:\/\/360scooters.com\/es\/\",\"name\":\"360Scooters - Patinetes el\u00e9ctricos en Pen\u00ednsula y Baleares - Patinetes Madrid - Patinetes Alicante - Patinetes Barcelona\",\"description\":\"\",\"publisher\":{\"@id\":\"https:\/\/360scooters.com\/es\/#organization\"},\"potentialAction\":[{\"@type\":\"SearchAction\",\"target\":{\"@type\":\"EntryPoint\",\"urlTemplate\":\"https:\/\/360scooters.com\/es\/?s={search_term_string}\"},\"query-input\":{\"@type\":\"PropertyValueSpecification\",\"valueRequired\":true,\"valueName\":\"search_term_string\"}}],\"inLanguage\":\"es\"},{\"@type\":\"Organization\",\"@id\":\"https:\/\/360scooters.com\/es\/#organization\",\"name\":\"360Scooters - Patinetes el\u00e9ctricos en Pen\u00ednsula y Baleares - Patinetes Madrid - Patinetes Alicante - Patinetes Barcelona\",\"url\":\"https:\/\/360scooters.com\/es\/\",\"logo\":{\"@type\":\"ImageObject\",\"inLanguage\":\"es\",\"@id\":\"https:\/\/360scooters.com\/es\/#\/schema\/logo\/image\/\",\"url\":\"https:\/\/360scooters.com\/es\/wp-content\/uploads\/sites\/2\/2024\/02\/logo-claimweb-e1727166047230.png\",\"contentUrl\":\"https:\/\/360scooters.com\/es\/wp-content\/uploads\/sites\/2\/2024\/02\/logo-claimweb-e1727166047230.png\",\"width\":214,\"height\":54,\"caption\":\"360Scooters - Patinetes el\u00e9ctricos en Pen\u00ednsula y Baleares - Patinetes Madrid - Patinetes Alicante - Patinetes Barcelona\"},\"image\":{\"@id\":\"https:\/\/360scooters.com\/es\/#\/schema\/logo\/image\/\"}}]}<\/script>\n<!-- \/ Yoast SEO plugin. -->","yoast_head_json":{"title":"Kit de freno hidr\u00e1ulico negro para smartGyro\/Zwheel [NUTT] - 360Scooters | Tienda-taller de patinetes el\u00e9ctricos","robots":{"index":"index","follow":"follow","max-snippet":"max-snippet:-1","max-image-preview":"max-image-preview:large","max-video-preview":"max-video-preview:-1"},"canonical":"https:\/\/360scooters.com\/es\/producto\/kit-de-freno-hidraulico-negro-para-smartgyro-zwheel-nutt-instalacion\/","og_locale":"es_ES","og_type":"article","og_title":"Kit de freno hidr\u00e1ulico negro para smartGyro\/Zwheel [NUTT] - 360Scooters | Tienda-taller de patinetes el\u00e9ctricos","og_description":"Kit completo para instalaci\u00f3n de Frenos hidr\u00e1ulicos en patinetes smartGyro, Zwheel\u00a0 y patinetes similares  INCLUYE:   Pinzas Hidr\u00e1ulicas exclusivas, \u00fanicamente para instalar en la parte derecha\u00a0(ambas pinzas)\u00a0del patinete.  Manetas hidr\u00e1ulicas con sensor de Freno.  Kit completo de adaptadores y separadores.  x2 Discos de freno 145mm.","og_url":"https:\/\/360scooters.com\/es\/producto\/kit-de-freno-hidraulico-negro-para-smartgyro-zwheel-nutt-instalacion\/","og_site_name":"360Scooters | Tienda-taller de patinetes el\u00e9ctricos","article_modified_time":"2024-09-04T11:43:10+00:00","og_image":[{"width":1080,"height":1080,"url":"https:\/\/360scooters.com\/es\/wp-content\/uploads\/sites\/2\/2020\/06\/manillar-potencia-3.png","type":"image\/png"}],"twitter_card":"summary_large_image","twitter_misc":{"Tiempo de lectura":"1 minuto"},"schema":{"@context":"https:\/\/schema.org","@graph":[{"@type":"WebPage","@id":"https:\/\/360scooters.com\/es\/producto\/kit-de-freno-hidraulico-negro-para-smartgyro-zwheel-nutt-instalacion\/","url":"https:\/\/360scooters.com\/es\/producto\/kit-de-freno-hidraulico-negro-para-smartgyro-zwheel-nutt-instalacion\/","name":"Kit de freno hidr\u00e1ulico negro para smartGyro\/Zwheel [NUTT] - 360Scooters | Tienda-taller de patinetes el\u00e9ctricos","isPartOf":{"@id":"https:\/\/360scooters.com\/es\/#website"},"primaryImageOfPage":{"@id":"https:\/\/360scooters.com\/es\/producto\/kit-de-freno-hidraulico-negro-para-smartgyro-zwheel-nutt-instalacion\/#primaryimage"},"image":{"@id":"https:\/\/360scooters.com\/es\/producto\/kit-de-freno-hidraulico-negro-para-smartgyro-zwheel-nutt-instalacion\/#primaryimage"},"thumbnailUrl":"https:\/\/360scooters.com\/es\/wp-content\/uploads\/sites\/2\/2020\/06\/manillar-potencia-3.png","datePublished":"2024-09-04T10:00:03+00:00","dateModified":"2024-09-04T11:43:10+00:00","breadcrumb":{"@id":"https:\/\/360scooters.com\/es\/producto\/kit-de-freno-hidraulico-negro-para-smartgyro-zwheel-nutt-instalacion\/#breadcrumb"},"inLanguage":"es","potentialAction":[{"@type":"ReadAction","target":["https:\/\/360scooters.com\/es\/producto\/kit-de-freno-hidraulico-negro-para-smartgyro-zwheel-nutt-instalacion\/"]}]},{"@type":"ImageObject","inLanguage":"es","@id":"https:\/\/360scooters.com\/es\/producto\/kit-de-freno-hidraulico-negro-para-smartgyro-zwheel-nutt-instalacion\/#primaryimage","url":"https:\/\/360scooters.com\/es\/wp-content\/uploads\/sites\/2\/2020\/06\/manillar-potencia-3.png","contentUrl":"https:\/\/360scooters.com\/es\/wp-content\/uploads\/sites\/2\/2020\/06\/manillar-potencia-3.png","width":1080,"height":1080,"caption":"Freno hidr\u00e1ulico Nutt para patinete"},{"@type":"BreadcrumbList","@id":"https:\/\/360scooters.com\/es\/producto\/kit-de-freno-hidraulico-negro-para-smartgyro-zwheel-nutt-instalacion\/#breadcrumb","itemListElement":[{"@type":"ListItem","position":1,"name":"Portada","item":"https:\/\/360scooters.com\/es\/"},{"@type":"ListItem","position":2,"name":"Tienda","item":"https:\/\/360scooters.com\/es\/tienda\/"},{"@type":"ListItem","position":3,"name":"Kit de freno hidr\u00e1ulico negro para smartGyro\/Zwheel [NUTT]"}]},{"@type":"WebSite","@id":"https:\/\/360scooters.com\/es\/#website","url":"https:\/\/360scooters.com\/es\/","name":"360Scooters - Patinetes el\u00e9ctricos en Pen\u00ednsula y Baleares - Patinetes Madrid - Patinetes Alicante - Patinetes Barcelona","description":"","publisher":{"@id":"https:\/\/360scooters.com\/es\/#organization"},"potentialAction":[{"@type":"SearchAction","target":{"@type":"EntryPoint","urlTemplate":"https:\/\/360scooters.com\/es\/?s={search_term_string}"},"query-input":{"@type":"PropertyValueSpecification","valueRequired":true,"valueName":"search_term_string"}}],"inLanguage":"es"},{"@type":"Organization","@id":"https:\/\/360scooters.com\/es\/#organization","name":"360Scooters - Patinetes el\u00e9ctricos en Pen\u00ednsula y Baleares - Patinetes Madrid - Patinetes Alicante - Patinetes Barcelona","url":"https:\/\/360scooters.com\/es\/","logo":{"@type":"ImageObject","inLanguage":"es","@id":"https:\/\/360scooters.com\/es\/#\/schema\/logo\/image\/","url":"https:\/\/360scooters.com\/es\/wp-content\/uploads\/sites\/2\/2024\/02\/logo-claimweb-e1727166047230.png","contentUrl":"https:\/\/360scooters.com\/es\/wp-content\/uploads\/sites\/2\/2024\/02\/logo-claimweb-e1727166047230.png","width":214,"height":54,"caption":"360Scooters - Patinetes el\u00e9ctricos en Pen\u00ednsula y Baleares - Patinetes Madrid - Patinetes Alicante - Patinetes Barcelona"},"image":{"@id":"https:\/\/360scooters.com\/es\/#\/schema\/logo\/image\/"}}]}},"_links":{"self":[{"href":"https:\/\/360scooters.com\/es\/wp-json\/wp\/v2\/product\/2273","targetHints":{"allow":["GET"]}}],"collection":[{"href":"https:\/\/360scooters.com\/es\/wp-json\/wp\/v2\/product"}],"about":[{"href":"https:\/\/360scooters.com\/es\/wp-json\/wp\/v2\/types\/product"}],"version-history":[{"count":1,"href":"https:\/\/360scooters.com\/es\/wp-json\/wp\/v2\/product\/2273\/revisions"}],"predecessor-version":[{"id":3066,"href":"https:\/\/360scooters.com\/es\/wp-json\/wp\/v2\/product\/2273\/revisions\/3066"}],"wp:featuredmedia":[{"embeddable":true,"href":"https:\/\/360scooters.com\/es\/wp-json\/wp\/v2\/media\/3065"}],"wp:attachment":[{"href":"https:\/\/360scooters.com\/es\/wp-json\/wp\/v2\/media?parent=2273"}],"wp:term":[{"taxonomy":"product_brand","embeddable":true,"href":"https:\/\/360scooters.com\/es\/wp-json\/wp\/v2\/product_brand?post=2273"},{"taxonomy":"product_cat","embeddable":true,"href":"https:\/\/360scooters.com\/es\/wp-json\/wp\/v2\/product_cat?post=2273"},{"taxonomy":"product_tag","embeddable":true,"href":"https:\/\/360scooters.com\/es\/wp-json\/wp\/v2\/product_tag?post=2273"},{"taxonomy":"scooter_compatibility","embeddable":true,"href":"https:\/\/360scooters.com\/es\/wp-json\/wp\/v2\/scooter_compatibility?post=2273"}],"curies":[{"name":"wp","href":"https:\/\/api.w.org\/{rel}","templated":true}]}}