{"id":2130,"date":"2024-06-12T17:05:52","date_gmt":"2024-06-12T15:05:52","guid":{"rendered":"https:\/\/360scooters.com\/es\/?post_type=product&#038;p=2130"},"modified":"2025-01-29T13:39:10","modified_gmt":"2025-01-29T12:39:10","slug":"vinilo-para-xiaomi-hoonigan","status":"publish","type":"product","link":"https:\/\/360scooters.com\/es\/producto\/vinilo-para-xiaomi-hoonigan\/","title":{"rendered":"Vinilo para Xiaomi Hoonigan"},"content":{"rendered":"<p>Personaliza tu patinete\u00a0el\u00e9ctrico Xiaomi m365 con estas pegatinas de vinilo desarrollado especialmente para patines xiaomi con este kit espectacular,con diferentes sponsors para darle un toque racing brutal.<\/p>\n<p>Dise\u00f1o realizado por\u00a0<strong>Stylish Scooters<\/strong>\u00a0no ver\u00e1s nada igual.<\/p>\n<h2>\u00a1Vinilo personalizado edici\u00f3n Hooningan!<\/h2>\n<ul>\n<li>V\u00e1lido para todos los modelos Xiaomi M365<\/li>\n<\/ul>\n<ul>\n<li>V\u00e1lido para patinete Xiaomi m365 Pro<\/li>\n<\/ul>\n<ul>\n<li>V\u00e1lido para Xiaomi scooters m365 S1<\/li>\n<\/ul>\n<ul>\n<li>Vinilo alto agarre laminado<\/li>\n<\/ul>\n<ul>\n<li>No deja residuo al retirarlo.<\/li>\n<\/ul>\n<ul>\n<li>No necesitan calor para colocarlos.<\/li>\n<\/ul>\n<ul>\n<li>F\u00e1cil colocaci\u00f3n.<\/li>\n<\/ul>\n<ul>\n<li>Stickers de regalo con cada kit.<\/li>\n<\/ul>\n","protected":false},"excerpt":{"rendered":"<p><span style=\"color: #ff6600;\"><em>Este producto puede sufrir retrasos en su entrega por producci\u00f3n<\/em><\/span><\/p>\n<h2>Vinilo Personalizado para Xiaomi Hoonigan<\/h2>\n<p>Vinilo para pat\u00edn xiaomi pro inspirado en los cracks de Hoonigan Industries para los fans de Ken block y sus gymkhanas.<br \/>\nNuevos graficos para Xiaomi m365 Hooningan maxima adherencia, para un maximo agarre.<\/p>\n","protected":false},"featured_media":2131,"template":"","meta":[],"product_brand":[],"product_cat":[232],"product_tag":[],"class_list":{"0":"post-2130","1":"product","2":"type-product","3":"status-publish","4":"has-post-thumbnail","6":"product_cat-vinilos-xiaomi-m365-pro-1s-essential-pro2-mi3","8":"first","9":"instock","10":"sale","11":"taxable","12":"shipping-taxable","13":"purchasable","14":"product-type-simple"},"yoast_head":"<!-- This site is optimized with the Yoast SEO plugin v26.9 - https:\/\/yoast.com\/product\/yoast-seo-wordpress\/ -->\n<title>Vinilo para Xiaomi Hoonigan - 360Scooters | Tienda-taller de patinetes el\u00e9ctricos<\/title>\n<meta name=\"robots\" content=\"index, follow, max-snippet:-1, max-image-preview:large, max-video-preview:-1\" \/>\n<link rel=\"canonical\" href=\"https:\/\/360scooters.com\/es\/producto\/vinilo-para-xiaomi-hoonigan\/\" \/>\n<meta property=\"og:locale\" content=\"es_ES\" \/>\n<meta property=\"og:type\" content=\"article\" \/>\n<meta property=\"og:title\" content=\"Vinilo para Xiaomi Hoonigan - 360Scooters | Tienda-taller de patinetes el\u00e9ctricos\" \/>\n<meta property=\"og:description\" content=\"Este producto puede sufrir retrasos en su entrega por producci\u00f3n Vinilo Personalizado para Xiaomi Hoonigan Vinilo para pat\u00edn xiaomi pro inspirado en los cracks de Hoonigan Industries para los fans de Ken block y sus gymkhanas. Nuevos graficos para Xiaomi m365 Hooningan maxima adherencia, para un maximo agarre.\" \/>\n<meta property=\"og:url\" content=\"https:\/\/360scooters.com\/es\/producto\/vinilo-para-xiaomi-hoonigan\/\" \/>\n<meta property=\"og:site_name\" content=\"360Scooters | Tienda-taller de patinetes el\u00e9ctricos\" \/>\n<meta property=\"article:modified_time\" content=\"2025-01-29T12:39:10+00:00\" \/>\n<meta property=\"og:image\" content=\"https:\/\/360scooters.com\/es\/wp-content\/uploads\/sites\/2\/2024\/06\/stylish-scooters-vinilo-para-xiaomi-m365-hoonigan-995393.webp\" \/>\n\t<meta property=\"og:image:width\" content=\"1680\" \/>\n\t<meta property=\"og:image:height\" content=\"1647\" \/>\n\t<meta property=\"og:image:type\" content=\"image\/webp\" \/>\n<meta name=\"twitter:card\" content=\"summary_large_image\" \/>\n<meta name=\"twitter:label1\" content=\"Tiempo de lectura\" \/>\n\t<meta name=\"twitter:data1\" content=\"1 minuto\" \/>\n<script type=\"application\/ld+json\" class=\"yoast-schema-graph\">{\"@context\":\"https:\/\/schema.org\",\"@graph\":[{\"@type\":\"WebPage\",\"@id\":\"https:\/\/360scooters.com\/es\/producto\/vinilo-para-xiaomi-hoonigan\/\",\"url\":\"https:\/\/360scooters.com\/es\/producto\/vinilo-para-xiaomi-hoonigan\/\",\"name\":\"Vinilo para Xiaomi Hoonigan - 360Scooters | Tienda-taller de patinetes el\u00e9ctricos\",\"isPartOf\":{\"@id\":\"https:\/\/360scooters.com\/es\/#website\"},\"primaryImageOfPage\":{\"@id\":\"https:\/\/360scooters.com\/es\/producto\/vinilo-para-xiaomi-hoonigan\/#primaryimage\"},\"image\":{\"@id\":\"https:\/\/360scooters.com\/es\/producto\/vinilo-para-xiaomi-hoonigan\/#primaryimage\"},\"thumbnailUrl\":\"https:\/\/360scooters.com\/es\/wp-content\/uploads\/sites\/2\/2024\/06\/stylish-scooters-vinilo-para-xiaomi-m365-hoonigan-995393.webp\",\"datePublished\":\"2024-06-12T15:05:52+00:00\",\"dateModified\":\"2025-01-29T12:39:10+00:00\",\"breadcrumb\":{\"@id\":\"https:\/\/360scooters.com\/es\/producto\/vinilo-para-xiaomi-hoonigan\/#breadcrumb\"},\"inLanguage\":\"es\",\"potentialAction\":[{\"@type\":\"ReadAction\",\"target\":[\"https:\/\/360scooters.com\/es\/producto\/vinilo-para-xiaomi-hoonigan\/\"]}]},{\"@type\":\"ImageObject\",\"inLanguage\":\"es\",\"@id\":\"https:\/\/360scooters.com\/es\/producto\/vinilo-para-xiaomi-hoonigan\/#primaryimage\",\"url\":\"https:\/\/360scooters.com\/es\/wp-content\/uploads\/sites\/2\/2024\/06\/stylish-scooters-vinilo-para-xiaomi-m365-hoonigan-995393.webp\",\"contentUrl\":\"https:\/\/360scooters.com\/es\/wp-content\/uploads\/sites\/2\/2024\/06\/stylish-scooters-vinilo-para-xiaomi-m365-hoonigan-995393.webp\",\"width\":1680,\"height\":1647},{\"@type\":\"BreadcrumbList\",\"@id\":\"https:\/\/360scooters.com\/es\/producto\/vinilo-para-xiaomi-hoonigan\/#breadcrumb\",\"itemListElement\":[{\"@type\":\"ListItem\",\"position\":1,\"name\":\"Portada\",\"item\":\"https:\/\/360scooters.com\/es\/\"},{\"@type\":\"ListItem\",\"position\":2,\"name\":\"Tienda\",\"item\":\"https:\/\/360scooters.com\/es\/tienda\/\"},{\"@type\":\"ListItem\",\"position\":3,\"name\":\"Vinilo para Xiaomi Hoonigan\"}]},{\"@type\":\"WebSite\",\"@id\":\"https:\/\/360scooters.com\/es\/#website\",\"url\":\"https:\/\/360scooters.com\/es\/\",\"name\":\"360Scooters - Patinetes el\u00e9ctricos en Pen\u00ednsula y Baleares - Patinetes Madrid - Patinetes Alicante - Patinetes Barcelona\",\"description\":\"\",\"publisher\":{\"@id\":\"https:\/\/360scooters.com\/es\/#organization\"},\"potentialAction\":[{\"@type\":\"SearchAction\",\"target\":{\"@type\":\"EntryPoint\",\"urlTemplate\":\"https:\/\/360scooters.com\/es\/?s={search_term_string}\"},\"query-input\":{\"@type\":\"PropertyValueSpecification\",\"valueRequired\":true,\"valueName\":\"search_term_string\"}}],\"inLanguage\":\"es\"},{\"@type\":\"Organization\",\"@id\":\"https:\/\/360scooters.com\/es\/#organization\",\"name\":\"360Scooters - Patinetes el\u00e9ctricos en Pen\u00ednsula y Baleares - Patinetes Madrid - Patinetes Alicante - Patinetes Barcelona\",\"url\":\"https:\/\/360scooters.com\/es\/\",\"logo\":{\"@type\":\"ImageObject\",\"inLanguage\":\"es\",\"@id\":\"https:\/\/360scooters.com\/es\/#\/schema\/logo\/image\/\",\"url\":\"https:\/\/360scooters.com\/es\/wp-content\/uploads\/sites\/2\/2024\/02\/logo-claimweb-e1727166047230.png\",\"contentUrl\":\"https:\/\/360scooters.com\/es\/wp-content\/uploads\/sites\/2\/2024\/02\/logo-claimweb-e1727166047230.png\",\"width\":214,\"height\":54,\"caption\":\"360Scooters - Patinetes el\u00e9ctricos en Pen\u00ednsula y Baleares - Patinetes Madrid - Patinetes Alicante - Patinetes Barcelona\"},\"image\":{\"@id\":\"https:\/\/360scooters.com\/es\/#\/schema\/logo\/image\/\"}}]}<\/script>\n<!-- \/ Yoast SEO plugin. -->","yoast_head_json":{"title":"Vinilo para Xiaomi Hoonigan - 360Scooters | Tienda-taller de patinetes el\u00e9ctricos","robots":{"index":"index","follow":"follow","max-snippet":"max-snippet:-1","max-image-preview":"max-image-preview:large","max-video-preview":"max-video-preview:-1"},"canonical":"https:\/\/360scooters.com\/es\/producto\/vinilo-para-xiaomi-hoonigan\/","og_locale":"es_ES","og_type":"article","og_title":"Vinilo para Xiaomi Hoonigan - 360Scooters | Tienda-taller de patinetes el\u00e9ctricos","og_description":"Este producto puede sufrir retrasos en su entrega por producci\u00f3n Vinilo Personalizado para Xiaomi Hoonigan Vinilo para pat\u00edn xiaomi pro inspirado en los cracks de Hoonigan Industries para los fans de Ken block y sus gymkhanas. Nuevos graficos para Xiaomi m365 Hooningan maxima adherencia, para un maximo agarre.","og_url":"https:\/\/360scooters.com\/es\/producto\/vinilo-para-xiaomi-hoonigan\/","og_site_name":"360Scooters | Tienda-taller de patinetes el\u00e9ctricos","article_modified_time":"2025-01-29T12:39:10+00:00","og_image":[{"width":1680,"height":1647,"url":"https:\/\/360scooters.com\/es\/wp-content\/uploads\/sites\/2\/2024\/06\/stylish-scooters-vinilo-para-xiaomi-m365-hoonigan-995393.webp","type":"image\/webp"}],"twitter_card":"summary_large_image","twitter_misc":{"Tiempo de lectura":"1 minuto"},"schema":{"@context":"https:\/\/schema.org","@graph":[{"@type":"WebPage","@id":"https:\/\/360scooters.com\/es\/producto\/vinilo-para-xiaomi-hoonigan\/","url":"https:\/\/360scooters.com\/es\/producto\/vinilo-para-xiaomi-hoonigan\/","name":"Vinilo para Xiaomi Hoonigan - 360Scooters | Tienda-taller de patinetes el\u00e9ctricos","isPartOf":{"@id":"https:\/\/360scooters.com\/es\/#website"},"primaryImageOfPage":{"@id":"https:\/\/360scooters.com\/es\/producto\/vinilo-para-xiaomi-hoonigan\/#primaryimage"},"image":{"@id":"https:\/\/360scooters.com\/es\/producto\/vinilo-para-xiaomi-hoonigan\/#primaryimage"},"thumbnailUrl":"https:\/\/360scooters.com\/es\/wp-content\/uploads\/sites\/2\/2024\/06\/stylish-scooters-vinilo-para-xiaomi-m365-hoonigan-995393.webp","datePublished":"2024-06-12T15:05:52+00:00","dateModified":"2025-01-29T12:39:10+00:00","breadcrumb":{"@id":"https:\/\/360scooters.com\/es\/producto\/vinilo-para-xiaomi-hoonigan\/#breadcrumb"},"inLanguage":"es","potentialAction":[{"@type":"ReadAction","target":["https:\/\/360scooters.com\/es\/producto\/vinilo-para-xiaomi-hoonigan\/"]}]},{"@type":"ImageObject","inLanguage":"es","@id":"https:\/\/360scooters.com\/es\/producto\/vinilo-para-xiaomi-hoonigan\/#primaryimage","url":"https:\/\/360scooters.com\/es\/wp-content\/uploads\/sites\/2\/2024\/06\/stylish-scooters-vinilo-para-xiaomi-m365-hoonigan-995393.webp","contentUrl":"https:\/\/360scooters.com\/es\/wp-content\/uploads\/sites\/2\/2024\/06\/stylish-scooters-vinilo-para-xiaomi-m365-hoonigan-995393.webp","width":1680,"height":1647},{"@type":"BreadcrumbList","@id":"https:\/\/360scooters.com\/es\/producto\/vinilo-para-xiaomi-hoonigan\/#breadcrumb","itemListElement":[{"@type":"ListItem","position":1,"name":"Portada","item":"https:\/\/360scooters.com\/es\/"},{"@type":"ListItem","position":2,"name":"Tienda","item":"https:\/\/360scooters.com\/es\/tienda\/"},{"@type":"ListItem","position":3,"name":"Vinilo para Xiaomi Hoonigan"}]},{"@type":"WebSite","@id":"https:\/\/360scooters.com\/es\/#website","url":"https:\/\/360scooters.com\/es\/","name":"360Scooters - Patinetes el\u00e9ctricos en Pen\u00ednsula y Baleares - Patinetes Madrid - Patinetes Alicante - Patinetes Barcelona","description":"","publisher":{"@id":"https:\/\/360scooters.com\/es\/#organization"},"potentialAction":[{"@type":"SearchAction","target":{"@type":"EntryPoint","urlTemplate":"https:\/\/360scooters.com\/es\/?s={search_term_string}"},"query-input":{"@type":"PropertyValueSpecification","valueRequired":true,"valueName":"search_term_string"}}],"inLanguage":"es"},{"@type":"Organization","@id":"https:\/\/360scooters.com\/es\/#organization","name":"360Scooters - Patinetes el\u00e9ctricos en Pen\u00ednsula y Baleares - Patinetes Madrid - Patinetes Alicante - Patinetes Barcelona","url":"https:\/\/360scooters.com\/es\/","logo":{"@type":"ImageObject","inLanguage":"es","@id":"https:\/\/360scooters.com\/es\/#\/schema\/logo\/image\/","url":"https:\/\/360scooters.com\/es\/wp-content\/uploads\/sites\/2\/2024\/02\/logo-claimweb-e1727166047230.png","contentUrl":"https:\/\/360scooters.com\/es\/wp-content\/uploads\/sites\/2\/2024\/02\/logo-claimweb-e1727166047230.png","width":214,"height":54,"caption":"360Scooters - Patinetes el\u00e9ctricos en Pen\u00ednsula y Baleares - Patinetes Madrid - Patinetes Alicante - Patinetes Barcelona"},"image":{"@id":"https:\/\/360scooters.com\/es\/#\/schema\/logo\/image\/"}}]}},"_links":{"self":[{"href":"https:\/\/360scooters.com\/es\/wp-json\/wp\/v2\/product\/2130","targetHints":{"allow":["GET"]}}],"collection":[{"href":"https:\/\/360scooters.com\/es\/wp-json\/wp\/v2\/product"}],"about":[{"href":"https:\/\/360scooters.com\/es\/wp-json\/wp\/v2\/types\/product"}],"version-history":[{"count":1,"href":"https:\/\/360scooters.com\/es\/wp-json\/wp\/v2\/product\/2130\/revisions"}],"predecessor-version":[{"id":6549,"href":"https:\/\/360scooters.com\/es\/wp-json\/wp\/v2\/product\/2130\/revisions\/6549"}],"wp:featuredmedia":[{"embeddable":true,"href":"https:\/\/360scooters.com\/es\/wp-json\/wp\/v2\/media\/2131"}],"wp:attachment":[{"href":"https:\/\/360scooters.com\/es\/wp-json\/wp\/v2\/media?parent=2130"}],"wp:term":[{"taxonomy":"product_brand","embeddable":true,"href":"https:\/\/360scooters.com\/es\/wp-json\/wp\/v2\/product_brand?post=2130"},{"taxonomy":"product_cat","embeddable":true,"href":"https:\/\/360scooters.com\/es\/wp-json\/wp\/v2\/product_cat?post=2130"},{"taxonomy":"product_tag","embeddable":true,"href":"https:\/\/360scooters.com\/es\/wp-json\/wp\/v2\/product_tag?post=2130"}],"curies":[{"name":"wp","href":"https:\/\/api.w.org\/{rel}","templated":true}]}}