{"id":2028,"date":"2020-05-27T21:19:09","date_gmt":"2020-05-27T19:19:09","guid":{"rendered":"https:\/\/360scooters.com\/es\/?post_type=product&#038;p=2028"},"modified":"2025-03-08T22:58:16","modified_gmt":"2025-03-08T21:58:16","slug":"promo-apertura-limpieza-gratuita-apertura","status":"publish","type":"product","link":"https:\/\/360scooters.com\/es\/producto\/promo-apertura-limpieza-gratuita-apertura\/","title":{"rendered":"[PROMO APERTURA] Limpieza gratuita &#8211; Apertura"},"content":{"rendered":"<p>La promoci\u00f3n consiste en 10 <strong>limpiezas gratuitas de patinete el\u00e9ctricos<\/strong>, con los productos 360Detail.<\/p>\n<p>Deber\u00e1s comprar tu kit promocionado con mano de obra incluida de forma online antes de la apertura de nuestra tienda Elx \u00b7 Antonio Machado. Tras anunciar la fecha de apertura de nuestra tienda, te enviaremos un email para que escojas la cita con la fecha y la hora que mejor te viene para traernos tu patinete el\u00e9ctrico a hacer la revisi\u00f3n.<\/p>\n<p><strong>Esta promoci\u00f3n s\u00f3lo permite una limpieza gratuita por cliente<\/strong>. La promoci\u00f3n caduca a los 3 meses tras la apertura.<\/p>\n<h3><strong>\u00bfQu\u00e9 incluye?<\/strong><\/h3>\n<p>Esta promoci\u00f3n incluye<\/p>\n<ul>\n<li><span class=\"OYPEnA text-decoration-none text-strikethrough-none\">Limpieza de patinete<\/span><\/li>\n<\/ul>\n","protected":false},"excerpt":{"rendered":"<p><span style=\"color: #0000ff;\"><strong><em>Promoci\u00f3n apertura Elche \u00b7 Antonio Machado \/ <\/em><\/strong><em>Promoci\u00f3 obertura Elx \u00b7 Antonio Machado<\/em><\/span><\/p>\n<p>\u00a1Limpieza de patinete totalmente gratis!<\/p>\n<p><span style=\"color: #ff0000;\"><strong>\u00a1S\u00d3LO 10 UNIDADES!<\/strong><\/span><\/p>\n<p><em>Consultar en la descripci\u00f3n los detalles de la promoci\u00f3n<\/em><\/p>\n","protected":false},"featured_media":2029,"template":"","meta":[],"product_brand":[],"product_cat":[119],"product_tag":[],"scooter_compatibility":[],"class_list":{"0":"post-2028","1":"product","2":"type-product","3":"status-publish","4":"has-post-thumbnail","6":"product_cat-servicios-taller","8":"first","9":"instock","10":"sale","11":"downloadable","12":"virtual","13":"sold-individually","14":"taxable","15":"purchasable","16":"product-type-simple"},"yoast_head":"<!-- This site is optimized with the Yoast SEO plugin v26.9 - https:\/\/yoast.com\/product\/yoast-seo-wordpress\/ -->\n<title>[PROMO APERTURA] Limpieza gratuita - Apertura - 360Scooters | Tienda-taller de patinetes el\u00e9ctricos<\/title>\n<meta name=\"robots\" content=\"index, follow, max-snippet:-1, max-image-preview:large, max-video-preview:-1\" \/>\n<link rel=\"canonical\" href=\"https:\/\/360scooters.com\/es\/producto\/promo-apertura-limpieza-gratuita-apertura\/\" \/>\n<meta property=\"og:locale\" content=\"es_ES\" \/>\n<meta property=\"og:type\" content=\"article\" \/>\n<meta property=\"og:title\" content=\"[PROMO APERTURA] Limpieza gratuita - Apertura - 360Scooters | Tienda-taller de patinetes el\u00e9ctricos\" \/>\n<meta property=\"og:description\" content=\"Promoci\u00f3n apertura Elche \u00b7 Antonio Machado \/ Promoci\u00f3 obertura Elx \u00b7 Antonio Machado  \u00a1Limpieza de patinete totalmente gratis!  \u00a1S\u00d3LO 10 UNIDADES!  Consultar en la descripci\u00f3n los detalles de la promoci\u00f3n\" \/>\n<meta property=\"og:url\" content=\"https:\/\/360scooters.com\/es\/producto\/promo-apertura-limpieza-gratuita-apertura\/\" \/>\n<meta property=\"og:site_name\" content=\"360Scooters | Tienda-taller de patinetes el\u00e9ctricos\" \/>\n<meta property=\"article:modified_time\" content=\"2025-03-08T21:58:16+00:00\" \/>\n<meta property=\"og:image\" content=\"https:\/\/360scooters.com\/es\/wp-content\/uploads\/sites\/2\/2024\/05\/UNICA-TIENDA-TALLER-OFICIAL-EN-TENERIFE-9.png\" \/>\n\t<meta property=\"og:image:width\" content=\"1080\" \/>\n\t<meta property=\"og:image:height\" content=\"1080\" \/>\n\t<meta property=\"og:image:type\" content=\"image\/png\" \/>\n<meta name=\"twitter:card\" content=\"summary_large_image\" \/>\n<meta name=\"twitter:label1\" content=\"Tiempo de lectura\" \/>\n\t<meta name=\"twitter:data1\" content=\"1 minuto\" \/>\n<script type=\"application\/ld+json\" class=\"yoast-schema-graph\">{\"@context\":\"https:\/\/schema.org\",\"@graph\":[{\"@type\":\"WebPage\",\"@id\":\"https:\/\/360scooters.com\/es\/producto\/promo-apertura-limpieza-gratuita-apertura\/\",\"url\":\"https:\/\/360scooters.com\/es\/producto\/promo-apertura-limpieza-gratuita-apertura\/\",\"name\":\"[PROMO APERTURA] Limpieza gratuita - Apertura - 360Scooters | Tienda-taller de patinetes el\u00e9ctricos\",\"isPartOf\":{\"@id\":\"https:\/\/360scooters.com\/es\/#website\"},\"primaryImageOfPage\":{\"@id\":\"https:\/\/360scooters.com\/es\/producto\/promo-apertura-limpieza-gratuita-apertura\/#primaryimage\"},\"image\":{\"@id\":\"https:\/\/360scooters.com\/es\/producto\/promo-apertura-limpieza-gratuita-apertura\/#primaryimage\"},\"thumbnailUrl\":\"https:\/\/360scooters.com\/es\/wp-content\/uploads\/sites\/2\/2024\/05\/UNICA-TIENDA-TALLER-OFICIAL-EN-TENERIFE-9.png\",\"datePublished\":\"2020-05-27T19:19:09+00:00\",\"dateModified\":\"2025-03-08T21:58:16+00:00\",\"breadcrumb\":{\"@id\":\"https:\/\/360scooters.com\/es\/producto\/promo-apertura-limpieza-gratuita-apertura\/#breadcrumb\"},\"inLanguage\":\"es\",\"potentialAction\":[{\"@type\":\"ReadAction\",\"target\":[\"https:\/\/360scooters.com\/es\/producto\/promo-apertura-limpieza-gratuita-apertura\/\"]}]},{\"@type\":\"ImageObject\",\"inLanguage\":\"es\",\"@id\":\"https:\/\/360scooters.com\/es\/producto\/promo-apertura-limpieza-gratuita-apertura\/#primaryimage\",\"url\":\"https:\/\/360scooters.com\/es\/wp-content\/uploads\/sites\/2\/2024\/05\/UNICA-TIENDA-TALLER-OFICIAL-EN-TENERIFE-9.png\",\"contentUrl\":\"https:\/\/360scooters.com\/es\/wp-content\/uploads\/sites\/2\/2024\/05\/UNICA-TIENDA-TALLER-OFICIAL-EN-TENERIFE-9.png\",\"width\":1080,\"height\":1080},{\"@type\":\"BreadcrumbList\",\"@id\":\"https:\/\/360scooters.com\/es\/producto\/promo-apertura-limpieza-gratuita-apertura\/#breadcrumb\",\"itemListElement\":[{\"@type\":\"ListItem\",\"position\":1,\"name\":\"Portada\",\"item\":\"https:\/\/360scooters.com\/es\/\"},{\"@type\":\"ListItem\",\"position\":2,\"name\":\"Tienda\",\"item\":\"https:\/\/360scooters.com\/es\/tienda\/\"},{\"@type\":\"ListItem\",\"position\":3,\"name\":\"[PROMO APERTURA] Limpieza gratuita &#8211; Apertura\"}]},{\"@type\":\"WebSite\",\"@id\":\"https:\/\/360scooters.com\/es\/#website\",\"url\":\"https:\/\/360scooters.com\/es\/\",\"name\":\"360Scooters - Patinetes el\u00e9ctricos en Pen\u00ednsula y Baleares - Patinetes Madrid - Patinetes Alicante - Patinetes Barcelona\",\"description\":\"\",\"publisher\":{\"@id\":\"https:\/\/360scooters.com\/es\/#organization\"},\"potentialAction\":[{\"@type\":\"SearchAction\",\"target\":{\"@type\":\"EntryPoint\",\"urlTemplate\":\"https:\/\/360scooters.com\/es\/?s={search_term_string}\"},\"query-input\":{\"@type\":\"PropertyValueSpecification\",\"valueRequired\":true,\"valueName\":\"search_term_string\"}}],\"inLanguage\":\"es\"},{\"@type\":\"Organization\",\"@id\":\"https:\/\/360scooters.com\/es\/#organization\",\"name\":\"360Scooters - Patinetes el\u00e9ctricos en Pen\u00ednsula y Baleares - Patinetes Madrid - Patinetes Alicante - Patinetes Barcelona\",\"url\":\"https:\/\/360scooters.com\/es\/\",\"logo\":{\"@type\":\"ImageObject\",\"inLanguage\":\"es\",\"@id\":\"https:\/\/360scooters.com\/es\/#\/schema\/logo\/image\/\",\"url\":\"https:\/\/360scooters.com\/es\/wp-content\/uploads\/sites\/2\/2024\/02\/logo-claimweb-e1727166047230.png\",\"contentUrl\":\"https:\/\/360scooters.com\/es\/wp-content\/uploads\/sites\/2\/2024\/02\/logo-claimweb-e1727166047230.png\",\"width\":214,\"height\":54,\"caption\":\"360Scooters - Patinetes el\u00e9ctricos en Pen\u00ednsula y Baleares - Patinetes Madrid - Patinetes Alicante - Patinetes Barcelona\"},\"image\":{\"@id\":\"https:\/\/360scooters.com\/es\/#\/schema\/logo\/image\/\"}}]}<\/script>\n<!-- \/ Yoast SEO plugin. -->","yoast_head_json":{"title":"[PROMO APERTURA] Limpieza gratuita - Apertura - 360Scooters | Tienda-taller de patinetes el\u00e9ctricos","robots":{"index":"index","follow":"follow","max-snippet":"max-snippet:-1","max-image-preview":"max-image-preview:large","max-video-preview":"max-video-preview:-1"},"canonical":"https:\/\/360scooters.com\/es\/producto\/promo-apertura-limpieza-gratuita-apertura\/","og_locale":"es_ES","og_type":"article","og_title":"[PROMO APERTURA] Limpieza gratuita - Apertura - 360Scooters | Tienda-taller de patinetes el\u00e9ctricos","og_description":"Promoci\u00f3n apertura Elche \u00b7 Antonio Machado \/ Promoci\u00f3 obertura Elx \u00b7 Antonio Machado  \u00a1Limpieza de patinete totalmente gratis!  \u00a1S\u00d3LO 10 UNIDADES!  Consultar en la descripci\u00f3n los detalles de la promoci\u00f3n","og_url":"https:\/\/360scooters.com\/es\/producto\/promo-apertura-limpieza-gratuita-apertura\/","og_site_name":"360Scooters | Tienda-taller de patinetes el\u00e9ctricos","article_modified_time":"2025-03-08T21:58:16+00:00","og_image":[{"width":1080,"height":1080,"url":"https:\/\/360scooters.com\/es\/wp-content\/uploads\/sites\/2\/2024\/05\/UNICA-TIENDA-TALLER-OFICIAL-EN-TENERIFE-9.png","type":"image\/png"}],"twitter_card":"summary_large_image","twitter_misc":{"Tiempo de lectura":"1 minuto"},"schema":{"@context":"https:\/\/schema.org","@graph":[{"@type":"WebPage","@id":"https:\/\/360scooters.com\/es\/producto\/promo-apertura-limpieza-gratuita-apertura\/","url":"https:\/\/360scooters.com\/es\/producto\/promo-apertura-limpieza-gratuita-apertura\/","name":"[PROMO APERTURA] Limpieza gratuita - Apertura - 360Scooters | Tienda-taller de patinetes el\u00e9ctricos","isPartOf":{"@id":"https:\/\/360scooters.com\/es\/#website"},"primaryImageOfPage":{"@id":"https:\/\/360scooters.com\/es\/producto\/promo-apertura-limpieza-gratuita-apertura\/#primaryimage"},"image":{"@id":"https:\/\/360scooters.com\/es\/producto\/promo-apertura-limpieza-gratuita-apertura\/#primaryimage"},"thumbnailUrl":"https:\/\/360scooters.com\/es\/wp-content\/uploads\/sites\/2\/2024\/05\/UNICA-TIENDA-TALLER-OFICIAL-EN-TENERIFE-9.png","datePublished":"2020-05-27T19:19:09+00:00","dateModified":"2025-03-08T21:58:16+00:00","breadcrumb":{"@id":"https:\/\/360scooters.com\/es\/producto\/promo-apertura-limpieza-gratuita-apertura\/#breadcrumb"},"inLanguage":"es","potentialAction":[{"@type":"ReadAction","target":["https:\/\/360scooters.com\/es\/producto\/promo-apertura-limpieza-gratuita-apertura\/"]}]},{"@type":"ImageObject","inLanguage":"es","@id":"https:\/\/360scooters.com\/es\/producto\/promo-apertura-limpieza-gratuita-apertura\/#primaryimage","url":"https:\/\/360scooters.com\/es\/wp-content\/uploads\/sites\/2\/2024\/05\/UNICA-TIENDA-TALLER-OFICIAL-EN-TENERIFE-9.png","contentUrl":"https:\/\/360scooters.com\/es\/wp-content\/uploads\/sites\/2\/2024\/05\/UNICA-TIENDA-TALLER-OFICIAL-EN-TENERIFE-9.png","width":1080,"height":1080},{"@type":"BreadcrumbList","@id":"https:\/\/360scooters.com\/es\/producto\/promo-apertura-limpieza-gratuita-apertura\/#breadcrumb","itemListElement":[{"@type":"ListItem","position":1,"name":"Portada","item":"https:\/\/360scooters.com\/es\/"},{"@type":"ListItem","position":2,"name":"Tienda","item":"https:\/\/360scooters.com\/es\/tienda\/"},{"@type":"ListItem","position":3,"name":"[PROMO APERTURA] Limpieza gratuita &#8211; Apertura"}]},{"@type":"WebSite","@id":"https:\/\/360scooters.com\/es\/#website","url":"https:\/\/360scooters.com\/es\/","name":"360Scooters - Patinetes el\u00e9ctricos en Pen\u00ednsula y Baleares - Patinetes Madrid - Patinetes Alicante - Patinetes Barcelona","description":"","publisher":{"@id":"https:\/\/360scooters.com\/es\/#organization"},"potentialAction":[{"@type":"SearchAction","target":{"@type":"EntryPoint","urlTemplate":"https:\/\/360scooters.com\/es\/?s={search_term_string}"},"query-input":{"@type":"PropertyValueSpecification","valueRequired":true,"valueName":"search_term_string"}}],"inLanguage":"es"},{"@type":"Organization","@id":"https:\/\/360scooters.com\/es\/#organization","name":"360Scooters - Patinetes el\u00e9ctricos en Pen\u00ednsula y Baleares - Patinetes Madrid - Patinetes Alicante - Patinetes Barcelona","url":"https:\/\/360scooters.com\/es\/","logo":{"@type":"ImageObject","inLanguage":"es","@id":"https:\/\/360scooters.com\/es\/#\/schema\/logo\/image\/","url":"https:\/\/360scooters.com\/es\/wp-content\/uploads\/sites\/2\/2024\/02\/logo-claimweb-e1727166047230.png","contentUrl":"https:\/\/360scooters.com\/es\/wp-content\/uploads\/sites\/2\/2024\/02\/logo-claimweb-e1727166047230.png","width":214,"height":54,"caption":"360Scooters - Patinetes el\u00e9ctricos en Pen\u00ednsula y Baleares - Patinetes Madrid - Patinetes Alicante - Patinetes Barcelona"},"image":{"@id":"https:\/\/360scooters.com\/es\/#\/schema\/logo\/image\/"}}]}},"_links":{"self":[{"href":"https:\/\/360scooters.com\/es\/wp-json\/wp\/v2\/product\/2028","targetHints":{"allow":["GET"]}}],"collection":[{"href":"https:\/\/360scooters.com\/es\/wp-json\/wp\/v2\/product"}],"about":[{"href":"https:\/\/360scooters.com\/es\/wp-json\/wp\/v2\/types\/product"}],"version-history":[{"count":0,"href":"https:\/\/360scooters.com\/es\/wp-json\/wp\/v2\/product\/2028\/revisions"}],"wp:featuredmedia":[{"embeddable":true,"href":"https:\/\/360scooters.com\/es\/wp-json\/wp\/v2\/media\/2029"}],"wp:attachment":[{"href":"https:\/\/360scooters.com\/es\/wp-json\/wp\/v2\/media?parent=2028"}],"wp:term":[{"taxonomy":"product_brand","embeddable":true,"href":"https:\/\/360scooters.com\/es\/wp-json\/wp\/v2\/product_brand?post=2028"},{"taxonomy":"product_cat","embeddable":true,"href":"https:\/\/360scooters.com\/es\/wp-json\/wp\/v2\/product_cat?post=2028"},{"taxonomy":"product_tag","embeddable":true,"href":"https:\/\/360scooters.com\/es\/wp-json\/wp\/v2\/product_tag?post=2028"},{"taxonomy":"scooter_compatibility","embeddable":true,"href":"https:\/\/360scooters.com\/es\/wp-json\/wp\/v2\/scooter_compatibility?post=2028"}],"curies":[{"name":"wp","href":"https:\/\/api.w.org\/{rel}","templated":true}]}}