{"id":1700,"date":"2024-04-25T11:22:40","date_gmt":"2024-04-25T09:22:40","guid":{"rendered":"https:\/\/360scooters.com\/es\/?post_type=product&#038;p=1700"},"modified":"2024-09-05T17:18:11","modified_gmt":"2024-09-05T15:18:11","slug":"casco-con-luz-c20-blanco-livall","status":"publish","type":"product","link":"https:\/\/360scooters.com\/es\/producto\/casco-con-luz-c20-blanco-livall\/","title":{"rendered":"Casco con luz C20 blanco [Livall]"},"content":{"rendered":"<p>Livall C20 es un casco conectado de \u00faltima generaci\u00f3n, dise\u00f1o atractivo, con tecnolog\u00eda SOS que puede salvar tu vida, luz de freno inteligente, m\u00e1xima visibilidad que evita accidentes. Su bater\u00eda dura hasta una semana. \u00danico casco, en su precio, con el Sistema SOS integrado sin coste adicional.<\/p>\n<h3 class=\"sc-3f2da4f5-0 gZlRdc\">Casco conectado<\/h3>\n<p>En su gama, el C20 es el \u00fanico casco conectado. Descargando la aplicaci\u00f3n gratuita \u201cLIVALL Riding\u201d tendr\u00e1s total control del casco y permite conectar con tus aplicaciones de salud y deporte\u00a0<b>(compatible con Strava, iHealth y Siri)<\/b>. Resistente, ligero y elegante, s\u00f3lo 370 gr.\u00a0<b>La bater\u00eda dura hasta una semana<\/b>\u00a0sin necesidad de cargar.<\/p>\n<h3 class=\"sc-3f2da4f5-0 gZlRdc\">Siempre Visible<\/h3>\n<p>C20 dispone de\u00a0<b>luces LED<\/b>\u00a0que te hacen m\u00e1s visible en la carretera as\u00ed como luces de\u00a0<b>advertencia de freno<\/b>,\u00a0que se activan cuando su sensor de aceleraci\u00f3n detecta una frenada,\u00a0<b>incrementando tu seguridad<\/b>\u00a0en tr\u00e1fico exponencialmente.<\/p>\n<h3 class=\"sc-3f2da4f5-0 gZlRdc\">Sistema SOS<\/h3>\n<p>En caso de accidente, C20 cuenta con el sistema LIVALL SOS, patente mundial que est\u00e1 salvando vidas. Funciona con un\u00a0<b>sensor de detecci\u00f3n de ca\u00eddas<\/b>\u00a0que se\u00a0<b>activa\u00a0autom\u00e1ticamente<\/b>, y tras 90 segundos (salvo que lo pares en la App), enviar\u00e1 a tus\u00a0<b>contactos de emergencia<\/b>\u00a0tu ubicaci\u00f3n exacta v\u00eda\u00a0<b>GPS advirtiendoles de que puedes haber tenido una ca\u00edda.<\/b><\/p>\n","protected":false},"excerpt":{"rendered":"<p>Casco con un dise\u00f1o\u00a0<strong>sencillo y c\u00f3modo<\/strong>\u00a0pero con una tecnolog\u00eda avanzada que incluye funciones a destacar como un indicador de frenado autom\u00e1tico, detecci\u00f3n de ca\u00edda y llamada SOS. Este producto cuenta con una\u00a0<strong>garant\u00eda de 2 a\u00f1os.<\/strong>\u00a0Para m\u00e1s informaci\u00f3n puede leer la ficha t\u00e9cnica o contactar con nuestro servicio de asistencia t\u00e9cnica.<\/p>\n","protected":false},"featured_media":1703,"template":"","meta":[],"product_brand":[],"product_cat":[61],"product_tag":[],"scooter_compatibility":[],"class_list":{"0":"post-1700","1":"product","2":"type-product","3":"status-publish","4":"has-post-thumbnail","6":"product_cat-cascos","7":"pa_marca-livall","8":"pa_talla-l","9":"pa_talla-m","11":"first","12":"outofstock","13":"taxable","14":"shipping-taxable","15":"purchasable","16":"product-type-variable"},"yoast_head":"<!-- This site is optimized with the Yoast SEO plugin v26.9 - https:\/\/yoast.com\/product\/yoast-seo-wordpress\/ -->\n<title>Casco con luz C20 blanco [Livall] - 360Scooters | Tienda-taller de patinetes el\u00e9ctricos<\/title>\n<meta name=\"robots\" content=\"index, follow, max-snippet:-1, max-image-preview:large, max-video-preview:-1\" \/>\n<link rel=\"canonical\" href=\"https:\/\/360scooters.com\/es\/producto\/casco-con-luz-c20-blanco-livall\/\" \/>\n<meta property=\"og:locale\" content=\"es_ES\" \/>\n<meta property=\"og:type\" content=\"article\" \/>\n<meta property=\"og:title\" content=\"Casco con luz C20 blanco [Livall] - 360Scooters | Tienda-taller de patinetes el\u00e9ctricos\" \/>\n<meta property=\"og:description\" content=\"Casco con un dise\u00f1o\u00a0sencillo y c\u00f3modo\u00a0pero con una tecnolog\u00eda avanzada que incluye funciones a destacar como un indicador de frenado autom\u00e1tico, detecci\u00f3n de ca\u00edda y llamada SOS. Este producto cuenta con una\u00a0garant\u00eda de 2 a\u00f1os.\u00a0Para m\u00e1s informaci\u00f3n puede leer la ficha t\u00e9cnica o contactar con nuestro servicio de asistencia t\u00e9cnica.\" \/>\n<meta property=\"og:url\" content=\"https:\/\/360scooters.com\/es\/producto\/casco-con-luz-c20-blanco-livall\/\" \/>\n<meta property=\"og:site_name\" content=\"360Scooters | Tienda-taller de patinetes el\u00e9ctricos\" \/>\n<meta property=\"article:modified_time\" content=\"2024-09-05T15:18:11+00:00\" \/>\n<meta property=\"og:image\" content=\"https:\/\/360scooters.com\/es\/wp-content\/uploads\/sites\/2\/2024\/04\/con-luz-c20-m-livall.jpg\" \/>\n\t<meta property=\"og:image:width\" content=\"800\" \/>\n\t<meta property=\"og:image:height\" content=\"800\" \/>\n\t<meta property=\"og:image:type\" content=\"image\/jpeg\" \/>\n<meta name=\"twitter:card\" content=\"summary_large_image\" \/>\n<meta name=\"twitter:label1\" content=\"Tiempo de lectura\" \/>\n\t<meta name=\"twitter:data1\" content=\"2 minutos\" \/>\n<script type=\"application\/ld+json\" class=\"yoast-schema-graph\">{\"@context\":\"https:\/\/schema.org\",\"@graph\":[{\"@type\":\"WebPage\",\"@id\":\"https:\/\/360scooters.com\/es\/producto\/casco-con-luz-c20-blanco-livall\/\",\"url\":\"https:\/\/360scooters.com\/es\/producto\/casco-con-luz-c20-blanco-livall\/\",\"name\":\"Casco con luz C20 blanco [Livall] - 360Scooters | Tienda-taller de patinetes el\u00e9ctricos\",\"isPartOf\":{\"@id\":\"https:\/\/360scooters.com\/es\/#website\"},\"primaryImageOfPage\":{\"@id\":\"https:\/\/360scooters.com\/es\/producto\/casco-con-luz-c20-blanco-livall\/#primaryimage\"},\"image\":{\"@id\":\"https:\/\/360scooters.com\/es\/producto\/casco-con-luz-c20-blanco-livall\/#primaryimage\"},\"thumbnailUrl\":\"https:\/\/360scooters.com\/es\/wp-content\/uploads\/sites\/2\/2024\/04\/con-luz-c20-m-livall.jpg\",\"datePublished\":\"2024-04-25T09:22:40+00:00\",\"dateModified\":\"2024-09-05T15:18:11+00:00\",\"breadcrumb\":{\"@id\":\"https:\/\/360scooters.com\/es\/producto\/casco-con-luz-c20-blanco-livall\/#breadcrumb\"},\"inLanguage\":\"es\",\"potentialAction\":[{\"@type\":\"ReadAction\",\"target\":[\"https:\/\/360scooters.com\/es\/producto\/casco-con-luz-c20-blanco-livall\/\"]}]},{\"@type\":\"ImageObject\",\"inLanguage\":\"es\",\"@id\":\"https:\/\/360scooters.com\/es\/producto\/casco-con-luz-c20-blanco-livall\/#primaryimage\",\"url\":\"https:\/\/360scooters.com\/es\/wp-content\/uploads\/sites\/2\/2024\/04\/con-luz-c20-m-livall.jpg\",\"contentUrl\":\"https:\/\/360scooters.com\/es\/wp-content\/uploads\/sites\/2\/2024\/04\/con-luz-c20-m-livall.jpg\",\"width\":800,\"height\":800},{\"@type\":\"BreadcrumbList\",\"@id\":\"https:\/\/360scooters.com\/es\/producto\/casco-con-luz-c20-blanco-livall\/#breadcrumb\",\"itemListElement\":[{\"@type\":\"ListItem\",\"position\":1,\"name\":\"Portada\",\"item\":\"https:\/\/360scooters.com\/es\/\"},{\"@type\":\"ListItem\",\"position\":2,\"name\":\"Tienda\",\"item\":\"https:\/\/360scooters.com\/es\/tienda\/\"},{\"@type\":\"ListItem\",\"position\":3,\"name\":\"Casco con luz C20 blanco [Livall]\"}]},{\"@type\":\"WebSite\",\"@id\":\"https:\/\/360scooters.com\/es\/#website\",\"url\":\"https:\/\/360scooters.com\/es\/\",\"name\":\"360Scooters - Patinetes el\u00e9ctricos en Pen\u00ednsula y Baleares - Patinetes Madrid - Patinetes Alicante - Patinetes Barcelona\",\"description\":\"\",\"publisher\":{\"@id\":\"https:\/\/360scooters.com\/es\/#organization\"},\"potentialAction\":[{\"@type\":\"SearchAction\",\"target\":{\"@type\":\"EntryPoint\",\"urlTemplate\":\"https:\/\/360scooters.com\/es\/?s={search_term_string}\"},\"query-input\":{\"@type\":\"PropertyValueSpecification\",\"valueRequired\":true,\"valueName\":\"search_term_string\"}}],\"inLanguage\":\"es\"},{\"@type\":\"Organization\",\"@id\":\"https:\/\/360scooters.com\/es\/#organization\",\"name\":\"360Scooters - Patinetes el\u00e9ctricos en Pen\u00ednsula y Baleares - Patinetes Madrid - Patinetes Alicante - Patinetes Barcelona\",\"url\":\"https:\/\/360scooters.com\/es\/\",\"logo\":{\"@type\":\"ImageObject\",\"inLanguage\":\"es\",\"@id\":\"https:\/\/360scooters.com\/es\/#\/schema\/logo\/image\/\",\"url\":\"https:\/\/360scooters.com\/es\/wp-content\/uploads\/sites\/2\/2024\/02\/logo-claimweb-e1727166047230.png\",\"contentUrl\":\"https:\/\/360scooters.com\/es\/wp-content\/uploads\/sites\/2\/2024\/02\/logo-claimweb-e1727166047230.png\",\"width\":214,\"height\":54,\"caption\":\"360Scooters - Patinetes el\u00e9ctricos en Pen\u00ednsula y Baleares - Patinetes Madrid - Patinetes Alicante - Patinetes Barcelona\"},\"image\":{\"@id\":\"https:\/\/360scooters.com\/es\/#\/schema\/logo\/image\/\"}}]}<\/script>\n<!-- \/ Yoast SEO plugin. -->","yoast_head_json":{"title":"Casco con luz C20 blanco [Livall] - 360Scooters | Tienda-taller de patinetes el\u00e9ctricos","robots":{"index":"index","follow":"follow","max-snippet":"max-snippet:-1","max-image-preview":"max-image-preview:large","max-video-preview":"max-video-preview:-1"},"canonical":"https:\/\/360scooters.com\/es\/producto\/casco-con-luz-c20-blanco-livall\/","og_locale":"es_ES","og_type":"article","og_title":"Casco con luz C20 blanco [Livall] - 360Scooters | Tienda-taller de patinetes el\u00e9ctricos","og_description":"Casco con un dise\u00f1o\u00a0sencillo y c\u00f3modo\u00a0pero con una tecnolog\u00eda avanzada que incluye funciones a destacar como un indicador de frenado autom\u00e1tico, detecci\u00f3n de ca\u00edda y llamada SOS. Este producto cuenta con una\u00a0garant\u00eda de 2 a\u00f1os.\u00a0Para m\u00e1s informaci\u00f3n puede leer la ficha t\u00e9cnica o contactar con nuestro servicio de asistencia t\u00e9cnica.","og_url":"https:\/\/360scooters.com\/es\/producto\/casco-con-luz-c20-blanco-livall\/","og_site_name":"360Scooters | Tienda-taller de patinetes el\u00e9ctricos","article_modified_time":"2024-09-05T15:18:11+00:00","og_image":[{"width":800,"height":800,"url":"https:\/\/360scooters.com\/es\/wp-content\/uploads\/sites\/2\/2024\/04\/con-luz-c20-m-livall.jpg","type":"image\/jpeg"}],"twitter_card":"summary_large_image","twitter_misc":{"Tiempo de lectura":"2 minutos"},"schema":{"@context":"https:\/\/schema.org","@graph":[{"@type":"WebPage","@id":"https:\/\/360scooters.com\/es\/producto\/casco-con-luz-c20-blanco-livall\/","url":"https:\/\/360scooters.com\/es\/producto\/casco-con-luz-c20-blanco-livall\/","name":"Casco con luz C20 blanco [Livall] - 360Scooters | Tienda-taller de patinetes el\u00e9ctricos","isPartOf":{"@id":"https:\/\/360scooters.com\/es\/#website"},"primaryImageOfPage":{"@id":"https:\/\/360scooters.com\/es\/producto\/casco-con-luz-c20-blanco-livall\/#primaryimage"},"image":{"@id":"https:\/\/360scooters.com\/es\/producto\/casco-con-luz-c20-blanco-livall\/#primaryimage"},"thumbnailUrl":"https:\/\/360scooters.com\/es\/wp-content\/uploads\/sites\/2\/2024\/04\/con-luz-c20-m-livall.jpg","datePublished":"2024-04-25T09:22:40+00:00","dateModified":"2024-09-05T15:18:11+00:00","breadcrumb":{"@id":"https:\/\/360scooters.com\/es\/producto\/casco-con-luz-c20-blanco-livall\/#breadcrumb"},"inLanguage":"es","potentialAction":[{"@type":"ReadAction","target":["https:\/\/360scooters.com\/es\/producto\/casco-con-luz-c20-blanco-livall\/"]}]},{"@type":"ImageObject","inLanguage":"es","@id":"https:\/\/360scooters.com\/es\/producto\/casco-con-luz-c20-blanco-livall\/#primaryimage","url":"https:\/\/360scooters.com\/es\/wp-content\/uploads\/sites\/2\/2024\/04\/con-luz-c20-m-livall.jpg","contentUrl":"https:\/\/360scooters.com\/es\/wp-content\/uploads\/sites\/2\/2024\/04\/con-luz-c20-m-livall.jpg","width":800,"height":800},{"@type":"BreadcrumbList","@id":"https:\/\/360scooters.com\/es\/producto\/casco-con-luz-c20-blanco-livall\/#breadcrumb","itemListElement":[{"@type":"ListItem","position":1,"name":"Portada","item":"https:\/\/360scooters.com\/es\/"},{"@type":"ListItem","position":2,"name":"Tienda","item":"https:\/\/360scooters.com\/es\/tienda\/"},{"@type":"ListItem","position":3,"name":"Casco con luz C20 blanco [Livall]"}]},{"@type":"WebSite","@id":"https:\/\/360scooters.com\/es\/#website","url":"https:\/\/360scooters.com\/es\/","name":"360Scooters - Patinetes el\u00e9ctricos en Pen\u00ednsula y Baleares - Patinetes Madrid - Patinetes Alicante - Patinetes Barcelona","description":"","publisher":{"@id":"https:\/\/360scooters.com\/es\/#organization"},"potentialAction":[{"@type":"SearchAction","target":{"@type":"EntryPoint","urlTemplate":"https:\/\/360scooters.com\/es\/?s={search_term_string}"},"query-input":{"@type":"PropertyValueSpecification","valueRequired":true,"valueName":"search_term_string"}}],"inLanguage":"es"},{"@type":"Organization","@id":"https:\/\/360scooters.com\/es\/#organization","name":"360Scooters - Patinetes el\u00e9ctricos en Pen\u00ednsula y Baleares - Patinetes Madrid - Patinetes Alicante - Patinetes Barcelona","url":"https:\/\/360scooters.com\/es\/","logo":{"@type":"ImageObject","inLanguage":"es","@id":"https:\/\/360scooters.com\/es\/#\/schema\/logo\/image\/","url":"https:\/\/360scooters.com\/es\/wp-content\/uploads\/sites\/2\/2024\/02\/logo-claimweb-e1727166047230.png","contentUrl":"https:\/\/360scooters.com\/es\/wp-content\/uploads\/sites\/2\/2024\/02\/logo-claimweb-e1727166047230.png","width":214,"height":54,"caption":"360Scooters - Patinetes el\u00e9ctricos en Pen\u00ednsula y Baleares - Patinetes Madrid - Patinetes Alicante - Patinetes Barcelona"},"image":{"@id":"https:\/\/360scooters.com\/es\/#\/schema\/logo\/image\/"}}]}},"_links":{"self":[{"href":"https:\/\/360scooters.com\/es\/wp-json\/wp\/v2\/product\/1700","targetHints":{"allow":["GET"]}}],"collection":[{"href":"https:\/\/360scooters.com\/es\/wp-json\/wp\/v2\/product"}],"about":[{"href":"https:\/\/360scooters.com\/es\/wp-json\/wp\/v2\/types\/product"}],"version-history":[{"count":0,"href":"https:\/\/360scooters.com\/es\/wp-json\/wp\/v2\/product\/1700\/revisions"}],"wp:featuredmedia":[{"embeddable":true,"href":"https:\/\/360scooters.com\/es\/wp-json\/wp\/v2\/media\/1703"}],"wp:attachment":[{"href":"https:\/\/360scooters.com\/es\/wp-json\/wp\/v2\/media?parent=1700"}],"wp:term":[{"taxonomy":"product_brand","embeddable":true,"href":"https:\/\/360scooters.com\/es\/wp-json\/wp\/v2\/product_brand?post=1700"},{"taxonomy":"product_cat","embeddable":true,"href":"https:\/\/360scooters.com\/es\/wp-json\/wp\/v2\/product_cat?post=1700"},{"taxonomy":"product_tag","embeddable":true,"href":"https:\/\/360scooters.com\/es\/wp-json\/wp\/v2\/product_tag?post=1700"},{"taxonomy":"scooter_compatibility","embeddable":true,"href":"https:\/\/360scooters.com\/es\/wp-json\/wp\/v2\/scooter_compatibility?post=1700"}],"curies":[{"name":"wp","href":"https:\/\/api.w.org\/{rel}","templated":true}]}}