{"id":1687,"date":"2024-04-25T11:14:19","date_gmt":"2024-04-25T09:14:19","guid":{"rendered":"https:\/\/360scooters.com\/es\/?post_type=product&#038;p=1687"},"modified":"2024-09-05T17:17:36","modified_gmt":"2024-09-05T15:17:36","slug":"casco-con-intermitentes-evo21-blanco-livall","status":"publish","type":"product","link":"https:\/\/360scooters.com\/es\/producto\/casco-con-intermitentes-evo21-blanco-livall\/","title":{"rendered":"Casco con intermitentes EVO21 blanco [Livall]"},"content":{"rendered":"<p>Ganador del Gold iF Design Award 2021, EVO21 es el casco perfecto para los usuarios de patinete, bici o bici el\u00e9ctrica. Con un sistema de ventilaci\u00f3n a prueba de marat\u00f3n y las tecnolog\u00edas de seguridad LIVALL, incluyendo nuestra iluminaci\u00f3n LED Inteligente, detecci\u00f3n de ca\u00eddas y sistema de SOS, EVO21 es un peso pluma en tu cabeza, pero un peso pesado en seguridad.<\/p>\n<h3 class=\"sc-3f2da4f5-0 gZlRdc\">Casco Conectado<\/h3>\n<p>Descargando la aplicaci\u00f3n \u201cLIVALL Riding\u201d puedes tener total control del casco y te permite conectarte con tus aplicaciones de salud y deporte\u00a0<b>(es compatible con Strava, iHealth y Siri)<\/b>. Resistente y elegante, y con solo 340 g es\u00a0<b>ligero y la bater\u00eda dura hasta una semana<\/b>\u00a0sin necesidad de cargar.<\/p>\n<h3 class=\"sc-3f2da4f5-0 gZlRdc\">Siempre visible, d\u00e9jate ver<\/h3>\n<p>La primera capa de seguridad preventiva que ofrece EVO21 es su\u00a0<b>Sistema de iluminaci\u00f3n LED Smart<\/b>, que aumenta exponencialmente la visibilidad del usuario en el tr\u00e1fico; combinado la franja LED frontal con el sistema de\u00a0<b>luces traseras\/laterales con 270\u00b0 de m\u00e1xima visibilidad<\/b>.<\/p>\n<p>El casco cuenta con un\u00a0<b>aceler\u00f3metro<\/b>\u00a0que usa la gravedad para detectar la desaceleraci\u00f3n del veh\u00edculo,\u00a0<b>activando las luces de freno durante 8 segundos<\/b>, alertando as\u00ed a los veh\u00edculos y peatones cercanos.<\/p>\n<p>Un mando inal\u00e1mbrico instalado en el manillar te permite utilizar los\u00a0<b>intermitentes en la parte trasera del casco<\/b>\u00a0sin necesidad de levantar la mano y perder estabilidad.<\/p>\n<h3 class=\"sc-3f2da4f5-0 gZlRdc\">Sistema SOS<\/h3>\n<p>En caso de accidente, EVO21 cuenta con el sistema LIVALL SOS, patente mundial que est\u00e1 salvando vidas. Funciona con un\u00a0<b>sensor de detecci\u00f3n de ca\u00eddas<\/b>\u00a0que se activa autom\u00e1ticamente, tras 90 segundos sin detectar actividad, enviando a tus\u00a0<b>contactos de emergencia<\/b>\u00a0tu ubicaci\u00f3n exacta v\u00eda GPS. Tambi\u00e9n se puede activar manualmente con el clic de un bot\u00f3n en el\u00a0<b>control remoto del manillar o desde la App<\/b>. Tecnolog\u00edas punteras que se combinan para que\u00a0<b>est\u00e9s donde est\u00e9s, nunca viajes solo<\/b>.<\/p>\n","protected":false},"excerpt":{"rendered":"<div id=\"product-description-short-1306\">Casco deportivo que combina un dise\u00f1o agresivo y elegante, incluye funciones a destacar como una luz\u00a0<strong>led inteligente de 360\u00ba,<\/strong>\u00a0con luces de intermitencia y frenado, detecci\u00f3n de ca\u00edda y llamada SOS. Este producto cuenta con una\u00a0<strong>garant\u00eda de 2 a\u00f1os.<\/strong>\u00a0Para m\u00e1s informaci\u00f3n puede leer la ficha t\u00e9cnica o contactar con nuestro servicio de asistencia t\u00e9cnica.<\/div>\n<div class=\"product-prices js-product-prices\">\n<div class=\"block-product-prices\">\n<div class=\"product-price \"><\/div>\n<\/div>\n<\/div>\n","protected":false},"featured_media":1690,"template":"","meta":[],"product_brand":[],"product_cat":[61],"product_tag":[],"scooter_compatibility":[],"class_list":{"0":"post-1687","1":"product","2":"type-product","3":"status-publish","4":"has-post-thumbnail","6":"product_cat-cascos","7":"pa_marca-livall","8":"pa_talla-l","9":"pa_talla-m","11":"first","12":"outofstock","13":"taxable","14":"shipping-taxable","15":"purchasable","16":"product-type-variable"},"yoast_head":"<!-- This site is optimized with the Yoast SEO plugin v26.9 - https:\/\/yoast.com\/product\/yoast-seo-wordpress\/ -->\n<title>Casco con intermitentes EVO21 blanco [Livall] - 360Scooters | Tienda-taller de patinetes el\u00e9ctricos<\/title>\n<meta name=\"robots\" content=\"index, follow, max-snippet:-1, max-image-preview:large, max-video-preview:-1\" \/>\n<link rel=\"canonical\" href=\"https:\/\/360scooters.com\/es\/producto\/casco-con-intermitentes-evo21-blanco-livall\/\" \/>\n<meta property=\"og:locale\" content=\"es_ES\" \/>\n<meta property=\"og:type\" content=\"article\" \/>\n<meta property=\"og:title\" content=\"Casco con intermitentes EVO21 blanco [Livall] - 360Scooters | Tienda-taller de patinetes el\u00e9ctricos\" \/>\n<meta property=\"og:description\" content=\"Casco deportivo que combina un dise\u00f1o agresivo y elegante, incluye funciones a destacar como una luz\u00a0led inteligente de 360\u00ba,\u00a0con luces de intermitencia y frenado, detecci\u00f3n de ca\u00edda y llamada SOS. Este producto cuenta con una\u00a0garant\u00eda de 2 a\u00f1os.\u00a0Para m\u00e1s informaci\u00f3n puede leer la ficha t\u00e9cnica o contactar con nuestro servicio de asistencia t\u00e9cnica.\" \/>\n<meta property=\"og:url\" content=\"https:\/\/360scooters.com\/es\/producto\/casco-con-intermitentes-evo21-blanco-livall\/\" \/>\n<meta property=\"og:site_name\" content=\"360Scooters | Tienda-taller de patinetes el\u00e9ctricos\" \/>\n<meta property=\"article:modified_time\" content=\"2024-09-05T15:17:36+00:00\" \/>\n<meta property=\"og:image\" content=\"https:\/\/360scooters.com\/es\/wp-content\/uploads\/sites\/2\/2024\/04\/con-intermitentes-m-evo21-livall.jpg\" \/>\n\t<meta property=\"og:image:width\" content=\"800\" \/>\n\t<meta property=\"og:image:height\" content=\"800\" \/>\n\t<meta property=\"og:image:type\" content=\"image\/jpeg\" \/>\n<meta name=\"twitter:card\" content=\"summary_large_image\" \/>\n<meta name=\"twitter:label1\" content=\"Tiempo de lectura\" \/>\n\t<meta name=\"twitter:data1\" content=\"2 minutos\" \/>\n<script type=\"application\/ld+json\" class=\"yoast-schema-graph\">{\"@context\":\"https:\/\/schema.org\",\"@graph\":[{\"@type\":\"WebPage\",\"@id\":\"https:\/\/360scooters.com\/es\/producto\/casco-con-intermitentes-evo21-blanco-livall\/\",\"url\":\"https:\/\/360scooters.com\/es\/producto\/casco-con-intermitentes-evo21-blanco-livall\/\",\"name\":\"Casco con intermitentes EVO21 blanco [Livall] - 360Scooters | Tienda-taller de patinetes el\u00e9ctricos\",\"isPartOf\":{\"@id\":\"https:\/\/360scooters.com\/es\/#website\"},\"primaryImageOfPage\":{\"@id\":\"https:\/\/360scooters.com\/es\/producto\/casco-con-intermitentes-evo21-blanco-livall\/#primaryimage\"},\"image\":{\"@id\":\"https:\/\/360scooters.com\/es\/producto\/casco-con-intermitentes-evo21-blanco-livall\/#primaryimage\"},\"thumbnailUrl\":\"https:\/\/360scooters.com\/es\/wp-content\/uploads\/sites\/2\/2024\/04\/con-intermitentes-m-evo21-livall.jpg\",\"datePublished\":\"2024-04-25T09:14:19+00:00\",\"dateModified\":\"2024-09-05T15:17:36+00:00\",\"breadcrumb\":{\"@id\":\"https:\/\/360scooters.com\/es\/producto\/casco-con-intermitentes-evo21-blanco-livall\/#breadcrumb\"},\"inLanguage\":\"es\",\"potentialAction\":[{\"@type\":\"ReadAction\",\"target\":[\"https:\/\/360scooters.com\/es\/producto\/casco-con-intermitentes-evo21-blanco-livall\/\"]}]},{\"@type\":\"ImageObject\",\"inLanguage\":\"es\",\"@id\":\"https:\/\/360scooters.com\/es\/producto\/casco-con-intermitentes-evo21-blanco-livall\/#primaryimage\",\"url\":\"https:\/\/360scooters.com\/es\/wp-content\/uploads\/sites\/2\/2024\/04\/con-intermitentes-m-evo21-livall.jpg\",\"contentUrl\":\"https:\/\/360scooters.com\/es\/wp-content\/uploads\/sites\/2\/2024\/04\/con-intermitentes-m-evo21-livall.jpg\",\"width\":800,\"height\":800},{\"@type\":\"BreadcrumbList\",\"@id\":\"https:\/\/360scooters.com\/es\/producto\/casco-con-intermitentes-evo21-blanco-livall\/#breadcrumb\",\"itemListElement\":[{\"@type\":\"ListItem\",\"position\":1,\"name\":\"Portada\",\"item\":\"https:\/\/360scooters.com\/es\/\"},{\"@type\":\"ListItem\",\"position\":2,\"name\":\"Tienda\",\"item\":\"https:\/\/360scooters.com\/es\/tienda\/\"},{\"@type\":\"ListItem\",\"position\":3,\"name\":\"Casco con intermitentes EVO21 blanco [Livall]\"}]},{\"@type\":\"WebSite\",\"@id\":\"https:\/\/360scooters.com\/es\/#website\",\"url\":\"https:\/\/360scooters.com\/es\/\",\"name\":\"360Scooters - Patinetes el\u00e9ctricos en Pen\u00ednsula y Baleares - Patinetes Madrid - Patinetes Alicante - Patinetes Barcelona\",\"description\":\"\",\"publisher\":{\"@id\":\"https:\/\/360scooters.com\/es\/#organization\"},\"potentialAction\":[{\"@type\":\"SearchAction\",\"target\":{\"@type\":\"EntryPoint\",\"urlTemplate\":\"https:\/\/360scooters.com\/es\/?s={search_term_string}\"},\"query-input\":{\"@type\":\"PropertyValueSpecification\",\"valueRequired\":true,\"valueName\":\"search_term_string\"}}],\"inLanguage\":\"es\"},{\"@type\":\"Organization\",\"@id\":\"https:\/\/360scooters.com\/es\/#organization\",\"name\":\"360Scooters - Patinetes el\u00e9ctricos en Pen\u00ednsula y Baleares - Patinetes Madrid - Patinetes Alicante - Patinetes Barcelona\",\"url\":\"https:\/\/360scooters.com\/es\/\",\"logo\":{\"@type\":\"ImageObject\",\"inLanguage\":\"es\",\"@id\":\"https:\/\/360scooters.com\/es\/#\/schema\/logo\/image\/\",\"url\":\"https:\/\/360scooters.com\/es\/wp-content\/uploads\/sites\/2\/2024\/02\/logo-claimweb-e1727166047230.png\",\"contentUrl\":\"https:\/\/360scooters.com\/es\/wp-content\/uploads\/sites\/2\/2024\/02\/logo-claimweb-e1727166047230.png\",\"width\":214,\"height\":54,\"caption\":\"360Scooters - Patinetes el\u00e9ctricos en Pen\u00ednsula y Baleares - Patinetes Madrid - Patinetes Alicante - Patinetes Barcelona\"},\"image\":{\"@id\":\"https:\/\/360scooters.com\/es\/#\/schema\/logo\/image\/\"}}]}<\/script>\n<!-- \/ Yoast SEO plugin. -->","yoast_head_json":{"title":"Casco con intermitentes EVO21 blanco [Livall] - 360Scooters | Tienda-taller de patinetes el\u00e9ctricos","robots":{"index":"index","follow":"follow","max-snippet":"max-snippet:-1","max-image-preview":"max-image-preview:large","max-video-preview":"max-video-preview:-1"},"canonical":"https:\/\/360scooters.com\/es\/producto\/casco-con-intermitentes-evo21-blanco-livall\/","og_locale":"es_ES","og_type":"article","og_title":"Casco con intermitentes EVO21 blanco [Livall] - 360Scooters | Tienda-taller de patinetes el\u00e9ctricos","og_description":"Casco deportivo que combina un dise\u00f1o agresivo y elegante, incluye funciones a destacar como una luz\u00a0led inteligente de 360\u00ba,\u00a0con luces de intermitencia y frenado, detecci\u00f3n de ca\u00edda y llamada SOS. Este producto cuenta con una\u00a0garant\u00eda de 2 a\u00f1os.\u00a0Para m\u00e1s informaci\u00f3n puede leer la ficha t\u00e9cnica o contactar con nuestro servicio de asistencia t\u00e9cnica.","og_url":"https:\/\/360scooters.com\/es\/producto\/casco-con-intermitentes-evo21-blanco-livall\/","og_site_name":"360Scooters | Tienda-taller de patinetes el\u00e9ctricos","article_modified_time":"2024-09-05T15:17:36+00:00","og_image":[{"width":800,"height":800,"url":"https:\/\/360scooters.com\/es\/wp-content\/uploads\/sites\/2\/2024\/04\/con-intermitentes-m-evo21-livall.jpg","type":"image\/jpeg"}],"twitter_card":"summary_large_image","twitter_misc":{"Tiempo de lectura":"2 minutos"},"schema":{"@context":"https:\/\/schema.org","@graph":[{"@type":"WebPage","@id":"https:\/\/360scooters.com\/es\/producto\/casco-con-intermitentes-evo21-blanco-livall\/","url":"https:\/\/360scooters.com\/es\/producto\/casco-con-intermitentes-evo21-blanco-livall\/","name":"Casco con intermitentes EVO21 blanco [Livall] - 360Scooters | Tienda-taller de patinetes el\u00e9ctricos","isPartOf":{"@id":"https:\/\/360scooters.com\/es\/#website"},"primaryImageOfPage":{"@id":"https:\/\/360scooters.com\/es\/producto\/casco-con-intermitentes-evo21-blanco-livall\/#primaryimage"},"image":{"@id":"https:\/\/360scooters.com\/es\/producto\/casco-con-intermitentes-evo21-blanco-livall\/#primaryimage"},"thumbnailUrl":"https:\/\/360scooters.com\/es\/wp-content\/uploads\/sites\/2\/2024\/04\/con-intermitentes-m-evo21-livall.jpg","datePublished":"2024-04-25T09:14:19+00:00","dateModified":"2024-09-05T15:17:36+00:00","breadcrumb":{"@id":"https:\/\/360scooters.com\/es\/producto\/casco-con-intermitentes-evo21-blanco-livall\/#breadcrumb"},"inLanguage":"es","potentialAction":[{"@type":"ReadAction","target":["https:\/\/360scooters.com\/es\/producto\/casco-con-intermitentes-evo21-blanco-livall\/"]}]},{"@type":"ImageObject","inLanguage":"es","@id":"https:\/\/360scooters.com\/es\/producto\/casco-con-intermitentes-evo21-blanco-livall\/#primaryimage","url":"https:\/\/360scooters.com\/es\/wp-content\/uploads\/sites\/2\/2024\/04\/con-intermitentes-m-evo21-livall.jpg","contentUrl":"https:\/\/360scooters.com\/es\/wp-content\/uploads\/sites\/2\/2024\/04\/con-intermitentes-m-evo21-livall.jpg","width":800,"height":800},{"@type":"BreadcrumbList","@id":"https:\/\/360scooters.com\/es\/producto\/casco-con-intermitentes-evo21-blanco-livall\/#breadcrumb","itemListElement":[{"@type":"ListItem","position":1,"name":"Portada","item":"https:\/\/360scooters.com\/es\/"},{"@type":"ListItem","position":2,"name":"Tienda","item":"https:\/\/360scooters.com\/es\/tienda\/"},{"@type":"ListItem","position":3,"name":"Casco con intermitentes EVO21 blanco [Livall]"}]},{"@type":"WebSite","@id":"https:\/\/360scooters.com\/es\/#website","url":"https:\/\/360scooters.com\/es\/","name":"360Scooters - Patinetes el\u00e9ctricos en Pen\u00ednsula y Baleares - Patinetes Madrid - Patinetes Alicante - Patinetes Barcelona","description":"","publisher":{"@id":"https:\/\/360scooters.com\/es\/#organization"},"potentialAction":[{"@type":"SearchAction","target":{"@type":"EntryPoint","urlTemplate":"https:\/\/360scooters.com\/es\/?s={search_term_string}"},"query-input":{"@type":"PropertyValueSpecification","valueRequired":true,"valueName":"search_term_string"}}],"inLanguage":"es"},{"@type":"Organization","@id":"https:\/\/360scooters.com\/es\/#organization","name":"360Scooters - Patinetes el\u00e9ctricos en Pen\u00ednsula y Baleares - Patinetes Madrid - Patinetes Alicante - Patinetes Barcelona","url":"https:\/\/360scooters.com\/es\/","logo":{"@type":"ImageObject","inLanguage":"es","@id":"https:\/\/360scooters.com\/es\/#\/schema\/logo\/image\/","url":"https:\/\/360scooters.com\/es\/wp-content\/uploads\/sites\/2\/2024\/02\/logo-claimweb-e1727166047230.png","contentUrl":"https:\/\/360scooters.com\/es\/wp-content\/uploads\/sites\/2\/2024\/02\/logo-claimweb-e1727166047230.png","width":214,"height":54,"caption":"360Scooters - Patinetes el\u00e9ctricos en Pen\u00ednsula y Baleares - Patinetes Madrid - Patinetes Alicante - Patinetes Barcelona"},"image":{"@id":"https:\/\/360scooters.com\/es\/#\/schema\/logo\/image\/"}}]}},"_links":{"self":[{"href":"https:\/\/360scooters.com\/es\/wp-json\/wp\/v2\/product\/1687","targetHints":{"allow":["GET"]}}],"collection":[{"href":"https:\/\/360scooters.com\/es\/wp-json\/wp\/v2\/product"}],"about":[{"href":"https:\/\/360scooters.com\/es\/wp-json\/wp\/v2\/types\/product"}],"version-history":[{"count":0,"href":"https:\/\/360scooters.com\/es\/wp-json\/wp\/v2\/product\/1687\/revisions"}],"wp:featuredmedia":[{"embeddable":true,"href":"https:\/\/360scooters.com\/es\/wp-json\/wp\/v2\/media\/1690"}],"wp:attachment":[{"href":"https:\/\/360scooters.com\/es\/wp-json\/wp\/v2\/media?parent=1687"}],"wp:term":[{"taxonomy":"product_brand","embeddable":true,"href":"https:\/\/360scooters.com\/es\/wp-json\/wp\/v2\/product_brand?post=1687"},{"taxonomy":"product_cat","embeddable":true,"href":"https:\/\/360scooters.com\/es\/wp-json\/wp\/v2\/product_cat?post=1687"},{"taxonomy":"product_tag","embeddable":true,"href":"https:\/\/360scooters.com\/es\/wp-json\/wp\/v2\/product_tag?post=1687"},{"taxonomy":"scooter_compatibility","embeddable":true,"href":"https:\/\/360scooters.com\/es\/wp-json\/wp\/v2\/scooter_compatibility?post=1687"}],"curies":[{"name":"wp","href":"https:\/\/api.w.org\/{rel}","templated":true}]}}