{"id":1523,"date":"2024-04-09T10:48:10","date_gmt":"2024-04-09T08:48:10","guid":{"rendered":"https:\/\/360scooters.com\/es\/?post_type=product&#038;p=1523"},"modified":"2026-04-07T03:19:08","modified_gmt":"2026-04-07T01:19:08","slug":"patinete-zwheel-zfox-max-autumm-sunrise-homologado-dgt","status":"publish","type":"product","link":"https:\/\/360scooters.com\/es\/producto\/patinete-zwheel-zfox-max-autumm-sunrise-homologado-dgt\/","title":{"rendered":"Patinete Zwheel ZFox Max Autumn Sunrise Homologado DGT"},"content":{"rendered":"<p><strong>El hermano mayor de la familia ZFox<\/strong><\/p>\n<p>El ZFox MAX, el hermano mayor de la familia ZFox se ha redise\u00f1ado para convertirlo en el m\u00e1s completo de la gama. Cuenta con el\u00a0<strong>certificado de homologaci\u00f3n de la Direcci\u00f3n General de Tr\u00e1fico (DGT).<\/strong><\/p>\n<p><strong>La combinaci\u00f3n de tecnolog\u00edas<\/strong><\/p>\n<p>La combinaci\u00f3n de tecnolog\u00edas de\u00a0<strong>bater\u00eda de celdas\u00a0de alto rendimiento, High Performance Battery\u00a0(HPB), y del sistema de regeneraci\u00f3n de energ\u00eda\u00a0(AER)<\/strong>\u00a0en las frenadas, permite que ZFox MAX sea\u00a0capaz de recorrer distancias de hasta 50 km.<\/p>\n<p><strong>Doble suspensi\u00f3n hidr\u00e1ulica y tipo muelle<\/strong><\/p>\n<p>La doble\u00a0<strong>suspensi\u00f3n hidr\u00e1ulica en horquilla delantera\u00a0junto a la doble suspensi\u00f3n tipo muelle<\/strong>\u00a0garantizan\u00a0una optima experiencia de conducci\u00f3n en v\u00edas mal\u00a0pavimentadas o adoquinadas.<\/p>\n<p><strong>Nuevas incorporaciones<\/strong><\/p>\n<p>A nivel de seguridad cuenta con: un\u00a0<strong>sistema de\u00a0bloqueo con llave NFC<\/strong>, para que ning\u00fan amigo de lo\u00a0ajeno lo coja sin tu permiso, y con\u00a0<strong>luces intermitentes\u00a0de cambio de carril<\/strong>, para que los veh\u00edculos de tu\u00a0alrededor puedan mantener la distancia de seguridad.<\/p>\n<p><strong>Conexi\u00f3n Bluethooth<\/strong><\/p>\n<p>Con la\u00a0<strong>APP<\/strong>\u00a0ZHWEEL podr\u00e1s conectarte al patinete\u00a0mediante\u00a0<strong>bluetooth<\/strong>, para conocer el estado del\u00a0mismo y realizar tu configuraciones.<\/p>\n<p><strong>La velocidad crucero<\/strong><\/p>\n<p>La\u00a0<strong>velocidad de crucero<\/strong>\u00a0de tu ZFox MAX mantendr\u00e1 la\u00a0velocidad constante para que puedas dejar de apretar\u00a0el acelerador.<\/p>\n<p>\u00a1Es hora de presumir de<strong>\u00a0ZFox MAX<\/strong>\u00a0en tu ciudad!<\/p>\n","protected":false},"excerpt":{"rendered":"<div id=\"product-description-short-909\" class=\"rte-content product-description\">\n<p><img decoding=\"async\" class=\"alignnone size-full wp-image-3883\" src=\"https:\/\/360scooters.com\/es\/wp-content\/uploads\/sites\/2\/2023\/11\/VEHICULO-NO-CERTIFICADO-POR-LA-DGT-2.png\" alt=\"Patinete el\u00e9ctrico certificado por la DGT\" width=\"584\" height=\"84\" srcset=\"https:\/\/360scooters.com\/es\/wp-content\/uploads\/sites\/2\/2023\/11\/VEHICULO-NO-CERTIFICADO-POR-LA-DGT-2.png 584w, https:\/\/360scooters.com\/es\/wp-content\/uploads\/sites\/2\/2023\/11\/VEHICULO-NO-CERTIFICADO-POR-LA-DGT-2-300x43.png 300w\" sizes=\"(max-width: 584px) 100vw, 584px\" \/><\/p>\n<p>El ZFox MAX, el hermano mayor de la familia ZFox se ha redise\u00f1ado para convertirlo en el m\u00e1s completo de la gama. Cuenta con el\u00a0<strong>certificado de homologaci\u00f3n de la Direcci\u00f3n General de Tr\u00e1fico (DGT).<\/strong><\/p>\n<\/div>\n<div class=\"product-actions js-product-actions\">\n<form id=\"add-to-cart-or-refresh\" action=\"https:\/\/zwheel-shop.com\/carrito\" method=\"post\">\n<div class=\"product-variants js-product-variants\">\n<p><strong>Colores disponibles<br \/>\n<a href=\"https:\/\/360scooters.com\/es\/producto\/patinete-zwheel-zfox-max-autumm-sunrise-homologado-dgt\/\"><img decoding=\"async\" class=\"alignnone wp-image-5710\" src=\"https:\/\/360scooters.com\/es\/wp-content\/uploads\/sites\/2\/2024\/10\/AUTUM-YELLOW.png\" alt=\"\" width=\"40\" height=\"40\" srcset=\"https:\/\/360scooters.com\/es\/wp-content\/uploads\/sites\/2\/2024\/10\/AUTUM-YELLOW.png 148w, https:\/\/360scooters.com\/es\/wp-content\/uploads\/sites\/2\/2024\/10\/AUTUM-YELLOW-100x100.png 100w\" sizes=\"(max-width: 40px) 100vw, 40px\" \/><\/a> \u00a0 \u00a0<a href=\"https:\/\/360scooters.com\/es\/producto\/patinete-zwheel-zfox-max-urban-dark-homologado-dgt\/\"><img decoding=\"async\" class=\"alignnone wp-image-5711\" src=\"https:\/\/360scooters.com\/es\/wp-content\/uploads\/sites\/2\/2024\/10\/BLACK.png\" alt=\"\" width=\"40\" height=\"40\" srcset=\"https:\/\/360scooters.com\/es\/wp-content\/uploads\/sites\/2\/2024\/10\/BLACK.png 148w, https:\/\/360scooters.com\/es\/wp-content\/uploads\/sites\/2\/2024\/10\/BLACK-100x100.png 100w\" sizes=\"(max-width: 40px) 100vw, 40px\" \/><\/a>\u00a0 \u00a0 <a href=\"https:\/\/360scooters.com\/es\/producto\/patinete-zwheel-zfox-max-sky-city-homologado-dgt\/\"><img loading=\"lazy\" decoding=\"async\" class=\"alignnone wp-image-5712\" src=\"https:\/\/360scooters.com\/es\/wp-content\/uploads\/sites\/2\/2024\/10\/BLUE.png\" alt=\"\" width=\"40\" height=\"40\" srcset=\"https:\/\/360scooters.com\/es\/wp-content\/uploads\/sites\/2\/2024\/10\/BLUE.png 148w, https:\/\/360scooters.com\/es\/wp-content\/uploads\/sites\/2\/2024\/10\/BLUE-100x100.png 100w\" sizes=\"(max-width: 40px) 100vw, 40px\" \/><\/a>\u00a0 \u00a0 <a href=\"https:\/\/360scooters.com\/es\/producto\/zfox-max-street-hunter-homologado-dgt\/\"><img loading=\"lazy\" decoding=\"async\" class=\"alignnone wp-image-5713\" src=\"https:\/\/360scooters.com\/es\/wp-content\/uploads\/sites\/2\/2024\/10\/GREEN-STREET.png\" alt=\"\" width=\"40\" height=\"40\" srcset=\"https:\/\/360scooters.com\/es\/wp-content\/uploads\/sites\/2\/2024\/10\/GREEN-STREET.png 148w, https:\/\/360scooters.com\/es\/wp-content\/uploads\/sites\/2\/2024\/10\/GREEN-STREET-100x100.png 100w\" sizes=\"(max-width: 40px) 100vw, 40px\" \/><\/a>\u00a0 \u00a0 <a href=\"https:\/\/360scooters.com\/es\/producto\/zfox-max-roasted-coffee-homologado-dgt\/\"><img loading=\"lazy\" decoding=\"async\" class=\"alignnone wp-image-5714\" src=\"https:\/\/360scooters.com\/es\/wp-content\/uploads\/sites\/2\/2024\/10\/ROASTED-PINK.png\" alt=\"\" width=\"40\" height=\"40\" srcset=\"https:\/\/360scooters.com\/es\/wp-content\/uploads\/sites\/2\/2024\/10\/ROASTED-PINK.png 148w, https:\/\/360scooters.com\/es\/wp-content\/uploads\/sites\/2\/2024\/10\/ROASTED-PINK-100x100.png 100w\" sizes=\"(max-width: 40px) 100vw, 40px\" \/><\/a>\u00a0 \u00a0<a href=\"https:\/\/360scooters.com\/es\/producto\/patinete-zwheel-zfox-max-artic-white-homologado-dgt\/\"><img loading=\"lazy\" decoding=\"async\" class=\"alignnone wp-image-5706\" src=\"https:\/\/360scooters.com\/es\/wp-content\/uploads\/sites\/2\/2024\/10\/WHITE.png\" alt=\"\" width=\"40\" height=\"40\" srcset=\"https:\/\/360scooters.com\/es\/wp-content\/uploads\/sites\/2\/2024\/10\/WHITE.png 148w, https:\/\/360scooters.com\/es\/wp-content\/uploads\/sites\/2\/2024\/10\/WHITE-100x100.png 100w\" sizes=\"(max-width: 40px) 100vw, 40px\" \/><\/a><\/strong><\/p>\n<table>\n<tbody>\n<tr>\n<td><strong>Potencia nominal<br \/>\n<\/strong><\/td>\n<td>400W<\/td>\n<\/tr>\n<tr>\n<td><strong>Bater\u00eda<\/strong><\/td>\n<td>36v \u2013 15Ah<\/td>\n<\/tr>\n<tr>\n<td><strong>Velocidad<\/strong><\/td>\n<td>Hasta 25km\/h<\/td>\n<\/tr>\n<tr>\n<td><strong>Autonom\u00eda<\/strong><\/td>\n<td>Hasta 50km<\/td>\n<\/tr>\n<tr>\n<td><strong>Peso<\/strong><\/td>\n<td>16,5Kg<\/td>\n<\/tr>\n<tr>\n<td><strong>Tiempo de carga<\/strong><\/td>\n<td>6-8H<\/td>\n<\/tr>\n<tr>\n<td><strong>Frenos<\/strong><\/td>\n<td>Freno de disco y el\u00e9ctrico trasero y tambor delantero<\/td>\n<\/tr>\n<\/tbody>\n<\/table>\n<p><em>*Los precios, ofertas y promociones reflejados en esta web son exclusivos para compras online.<\/em><\/p>\n<\/div>\n<\/form>\n<\/div>\n","protected":false},"featured_media":1524,"template":"","meta":[],"product_brand":[],"product_cat":[29,138],"product_tag":[296,214],"scooter_compatibility":[],"class_list":{"0":"post-1523","1":"product","2":"type-product","3":"status-publish","4":"has-post-thumbnail","6":"product_cat-gama-pro","7":"product_cat-zwheel","8":"product_tag-black-friday","9":"product_tag-xmas-days","10":"product_shipping_class-patinetes-electricos","11":"pa_marca-zwheel","13":"first","14":"instock","15":"taxable","16":"shipping-taxable","17":"purchasable","18":"product-type-simple"},"yoast_head":"<!-- This site is optimized with the Yoast SEO plugin v26.9 - https:\/\/yoast.com\/product\/yoast-seo-wordpress\/ -->\n<title>Patinete Zwheel ZFox Max Autumn Sunrise Homologado DGT - 360Scooters | Tienda-taller de patinetes el\u00e9ctricos<\/title>\n<meta name=\"robots\" content=\"index, follow, max-snippet:-1, max-image-preview:large, max-video-preview:-1\" \/>\n<link rel=\"canonical\" href=\"https:\/\/360scooters.com\/es\/producto\/patinete-zwheel-zfox-max-autumm-sunrise-homologado-dgt\/\" \/>\n<meta property=\"og:locale\" content=\"es_ES\" \/>\n<meta property=\"og:type\" content=\"article\" \/>\n<meta property=\"og:title\" content=\"Patinete Zwheel ZFox Max Autumn Sunrise Homologado DGT - 360Scooters | Tienda-taller de patinetes el\u00e9ctricos\" \/>\n<meta property=\"og:description\" content=\"El ZFox MAX, el hermano mayor de la familia ZFox se ha redise\u00f1ado para convertirlo en el m\u00e1s completo de la gama. Cuenta con el\u00a0certificado de homologaci\u00f3n de la Direcci\u00f3n General de Tr\u00e1fico (DGT).      Colores disponibles  \u00a0 \u00a0\u00a0 \u00a0 \u00a0 \u00a0 \u00a0 \u00a0 \u00a0 \u00a0    Potencia nominal  400W   Bater\u00eda 36v \u2013 15Ah   Velocidad Hasta 25km\/h   Autonom\u00eda Hasta 50km   Peso 16,5Kg   Tiempo de carga 6-8H   Frenos Freno de disco y el\u00e9ctrico trasero y tambor delantero    *Los precios, ofertas y promociones reflejados en esta web son exclusivos para compras online.\" \/>\n<meta property=\"og:url\" content=\"https:\/\/360scooters.com\/es\/producto\/patinete-zwheel-zfox-max-autumm-sunrise-homologado-dgt\/\" \/>\n<meta property=\"og:site_name\" content=\"360Scooters | Tienda-taller de patinetes el\u00e9ctricos\" \/>\n<meta property=\"article:modified_time\" content=\"2026-04-07T01:19:08+00:00\" \/>\n<meta property=\"og:image\" content=\"https:\/\/360scooters.com\/es\/wp-content\/uploads\/sites\/2\/2024\/04\/zfox-max-autumn-sunrise-homologado-dgt.png\" \/>\n\t<meta property=\"og:image:width\" content=\"1000\" \/>\n\t<meta property=\"og:image:height\" content=\"1000\" \/>\n\t<meta property=\"og:image:type\" content=\"image\/png\" \/>\n<meta name=\"twitter:card\" content=\"summary_large_image\" \/>\n<meta name=\"twitter:label1\" content=\"Tiempo de lectura\" \/>\n\t<meta name=\"twitter:data1\" content=\"2 minutos\" \/>\n<script type=\"application\/ld+json\" class=\"yoast-schema-graph\">{\"@context\":\"https:\/\/schema.org\",\"@graph\":[{\"@type\":\"WebPage\",\"@id\":\"https:\/\/360scooters.com\/es\/producto\/patinete-zwheel-zfox-max-autumm-sunrise-homologado-dgt\/\",\"url\":\"https:\/\/360scooters.com\/es\/producto\/patinete-zwheel-zfox-max-autumm-sunrise-homologado-dgt\/\",\"name\":\"Patinete Zwheel ZFox Max Autumn Sunrise Homologado DGT - 360Scooters | Tienda-taller de patinetes el\u00e9ctricos\",\"isPartOf\":{\"@id\":\"https:\/\/360scooters.com\/es\/#website\"},\"primaryImageOfPage\":{\"@id\":\"https:\/\/360scooters.com\/es\/producto\/patinete-zwheel-zfox-max-autumm-sunrise-homologado-dgt\/#primaryimage\"},\"image\":{\"@id\":\"https:\/\/360scooters.com\/es\/producto\/patinete-zwheel-zfox-max-autumm-sunrise-homologado-dgt\/#primaryimage\"},\"thumbnailUrl\":\"https:\/\/360scooters.com\/es\/wp-content\/uploads\/sites\/2\/2024\/04\/zfox-max-autumn-sunrise-homologado-dgt.png\",\"datePublished\":\"2024-04-09T08:48:10+00:00\",\"dateModified\":\"2026-04-07T01:19:08+00:00\",\"breadcrumb\":{\"@id\":\"https:\/\/360scooters.com\/es\/producto\/patinete-zwheel-zfox-max-autumm-sunrise-homologado-dgt\/#breadcrumb\"},\"inLanguage\":\"es\",\"potentialAction\":[{\"@type\":\"ReadAction\",\"target\":[\"https:\/\/360scooters.com\/es\/producto\/patinete-zwheel-zfox-max-autumm-sunrise-homologado-dgt\/\"]}]},{\"@type\":\"ImageObject\",\"inLanguage\":\"es\",\"@id\":\"https:\/\/360scooters.com\/es\/producto\/patinete-zwheel-zfox-max-autumm-sunrise-homologado-dgt\/#primaryimage\",\"url\":\"https:\/\/360scooters.com\/es\/wp-content\/uploads\/sites\/2\/2024\/04\/zfox-max-autumn-sunrise-homologado-dgt.png\",\"contentUrl\":\"https:\/\/360scooters.com\/es\/wp-content\/uploads\/sites\/2\/2024\/04\/zfox-max-autumn-sunrise-homologado-dgt.png\",\"width\":1000,\"height\":1000},{\"@type\":\"BreadcrumbList\",\"@id\":\"https:\/\/360scooters.com\/es\/producto\/patinete-zwheel-zfox-max-autumm-sunrise-homologado-dgt\/#breadcrumb\",\"itemListElement\":[{\"@type\":\"ListItem\",\"position\":1,\"name\":\"Portada\",\"item\":\"https:\/\/360scooters.com\/es\/\"},{\"@type\":\"ListItem\",\"position\":2,\"name\":\"Tienda\",\"item\":\"https:\/\/360scooters.com\/es\/tienda\/\"},{\"@type\":\"ListItem\",\"position\":3,\"name\":\"Patinete Zwheel ZFox Max Autumn Sunrise Homologado DGT\"}]},{\"@type\":\"WebSite\",\"@id\":\"https:\/\/360scooters.com\/es\/#website\",\"url\":\"https:\/\/360scooters.com\/es\/\",\"name\":\"360Scooters - Patinetes el\u00e9ctricos en Pen\u00ednsula y Baleares - Patinetes Madrid - Patinetes Alicante - Patinetes Barcelona\",\"description\":\"\",\"publisher\":{\"@id\":\"https:\/\/360scooters.com\/es\/#organization\"},\"potentialAction\":[{\"@type\":\"SearchAction\",\"target\":{\"@type\":\"EntryPoint\",\"urlTemplate\":\"https:\/\/360scooters.com\/es\/?s={search_term_string}\"},\"query-input\":{\"@type\":\"PropertyValueSpecification\",\"valueRequired\":true,\"valueName\":\"search_term_string\"}}],\"inLanguage\":\"es\"},{\"@type\":\"Organization\",\"@id\":\"https:\/\/360scooters.com\/es\/#organization\",\"name\":\"360Scooters - Patinetes el\u00e9ctricos en Pen\u00ednsula y Baleares - Patinetes Madrid - Patinetes Alicante - Patinetes Barcelona\",\"url\":\"https:\/\/360scooters.com\/es\/\",\"logo\":{\"@type\":\"ImageObject\",\"inLanguage\":\"es\",\"@id\":\"https:\/\/360scooters.com\/es\/#\/schema\/logo\/image\/\",\"url\":\"https:\/\/360scooters.com\/es\/wp-content\/uploads\/sites\/2\/2024\/02\/logo-claimweb-e1727166047230.png\",\"contentUrl\":\"https:\/\/360scooters.com\/es\/wp-content\/uploads\/sites\/2\/2024\/02\/logo-claimweb-e1727166047230.png\",\"width\":214,\"height\":54,\"caption\":\"360Scooters - Patinetes el\u00e9ctricos en Pen\u00ednsula y Baleares - Patinetes Madrid - Patinetes Alicante - Patinetes Barcelona\"},\"image\":{\"@id\":\"https:\/\/360scooters.com\/es\/#\/schema\/logo\/image\/\"}}]}<\/script>\n<!-- \/ Yoast SEO plugin. -->","yoast_head_json":{"title":"Patinete Zwheel ZFox Max Autumn Sunrise Homologado DGT - 360Scooters | Tienda-taller de patinetes el\u00e9ctricos","robots":{"index":"index","follow":"follow","max-snippet":"max-snippet:-1","max-image-preview":"max-image-preview:large","max-video-preview":"max-video-preview:-1"},"canonical":"https:\/\/360scooters.com\/es\/producto\/patinete-zwheel-zfox-max-autumm-sunrise-homologado-dgt\/","og_locale":"es_ES","og_type":"article","og_title":"Patinete Zwheel ZFox Max Autumn Sunrise Homologado DGT - 360Scooters | Tienda-taller de patinetes el\u00e9ctricos","og_description":"El ZFox MAX, el hermano mayor de la familia ZFox se ha redise\u00f1ado para convertirlo en el m\u00e1s completo de la gama. Cuenta con el\u00a0certificado de homologaci\u00f3n de la Direcci\u00f3n General de Tr\u00e1fico (DGT).      Colores disponibles  \u00a0 \u00a0\u00a0 \u00a0 \u00a0 \u00a0 \u00a0 \u00a0 \u00a0 \u00a0    Potencia nominal  400W   Bater\u00eda 36v \u2013 15Ah   Velocidad Hasta 25km\/h   Autonom\u00eda Hasta 50km   Peso 16,5Kg   Tiempo de carga 6-8H   Frenos Freno de disco y el\u00e9ctrico trasero y tambor delantero    *Los precios, ofertas y promociones reflejados en esta web son exclusivos para compras online.","og_url":"https:\/\/360scooters.com\/es\/producto\/patinete-zwheel-zfox-max-autumm-sunrise-homologado-dgt\/","og_site_name":"360Scooters | Tienda-taller de patinetes el\u00e9ctricos","article_modified_time":"2026-04-07T01:19:08+00:00","og_image":[{"width":1000,"height":1000,"url":"https:\/\/360scooters.com\/es\/wp-content\/uploads\/sites\/2\/2024\/04\/zfox-max-autumn-sunrise-homologado-dgt.png","type":"image\/png"}],"twitter_card":"summary_large_image","twitter_misc":{"Tiempo de lectura":"2 minutos"},"schema":{"@context":"https:\/\/schema.org","@graph":[{"@type":"WebPage","@id":"https:\/\/360scooters.com\/es\/producto\/patinete-zwheel-zfox-max-autumm-sunrise-homologado-dgt\/","url":"https:\/\/360scooters.com\/es\/producto\/patinete-zwheel-zfox-max-autumm-sunrise-homologado-dgt\/","name":"Patinete Zwheel ZFox Max Autumn Sunrise Homologado DGT - 360Scooters | Tienda-taller de patinetes el\u00e9ctricos","isPartOf":{"@id":"https:\/\/360scooters.com\/es\/#website"},"primaryImageOfPage":{"@id":"https:\/\/360scooters.com\/es\/producto\/patinete-zwheel-zfox-max-autumm-sunrise-homologado-dgt\/#primaryimage"},"image":{"@id":"https:\/\/360scooters.com\/es\/producto\/patinete-zwheel-zfox-max-autumm-sunrise-homologado-dgt\/#primaryimage"},"thumbnailUrl":"https:\/\/360scooters.com\/es\/wp-content\/uploads\/sites\/2\/2024\/04\/zfox-max-autumn-sunrise-homologado-dgt.png","datePublished":"2024-04-09T08:48:10+00:00","dateModified":"2026-04-07T01:19:08+00:00","breadcrumb":{"@id":"https:\/\/360scooters.com\/es\/producto\/patinete-zwheel-zfox-max-autumm-sunrise-homologado-dgt\/#breadcrumb"},"inLanguage":"es","potentialAction":[{"@type":"ReadAction","target":["https:\/\/360scooters.com\/es\/producto\/patinete-zwheel-zfox-max-autumm-sunrise-homologado-dgt\/"]}]},{"@type":"ImageObject","inLanguage":"es","@id":"https:\/\/360scooters.com\/es\/producto\/patinete-zwheel-zfox-max-autumm-sunrise-homologado-dgt\/#primaryimage","url":"https:\/\/360scooters.com\/es\/wp-content\/uploads\/sites\/2\/2024\/04\/zfox-max-autumn-sunrise-homologado-dgt.png","contentUrl":"https:\/\/360scooters.com\/es\/wp-content\/uploads\/sites\/2\/2024\/04\/zfox-max-autumn-sunrise-homologado-dgt.png","width":1000,"height":1000},{"@type":"BreadcrumbList","@id":"https:\/\/360scooters.com\/es\/producto\/patinete-zwheel-zfox-max-autumm-sunrise-homologado-dgt\/#breadcrumb","itemListElement":[{"@type":"ListItem","position":1,"name":"Portada","item":"https:\/\/360scooters.com\/es\/"},{"@type":"ListItem","position":2,"name":"Tienda","item":"https:\/\/360scooters.com\/es\/tienda\/"},{"@type":"ListItem","position":3,"name":"Patinete Zwheel ZFox Max Autumn Sunrise Homologado DGT"}]},{"@type":"WebSite","@id":"https:\/\/360scooters.com\/es\/#website","url":"https:\/\/360scooters.com\/es\/","name":"360Scooters - Patinetes el\u00e9ctricos en Pen\u00ednsula y Baleares - Patinetes Madrid - Patinetes Alicante - Patinetes Barcelona","description":"","publisher":{"@id":"https:\/\/360scooters.com\/es\/#organization"},"potentialAction":[{"@type":"SearchAction","target":{"@type":"EntryPoint","urlTemplate":"https:\/\/360scooters.com\/es\/?s={search_term_string}"},"query-input":{"@type":"PropertyValueSpecification","valueRequired":true,"valueName":"search_term_string"}}],"inLanguage":"es"},{"@type":"Organization","@id":"https:\/\/360scooters.com\/es\/#organization","name":"360Scooters - Patinetes el\u00e9ctricos en Pen\u00ednsula y Baleares - Patinetes Madrid - Patinetes Alicante - Patinetes Barcelona","url":"https:\/\/360scooters.com\/es\/","logo":{"@type":"ImageObject","inLanguage":"es","@id":"https:\/\/360scooters.com\/es\/#\/schema\/logo\/image\/","url":"https:\/\/360scooters.com\/es\/wp-content\/uploads\/sites\/2\/2024\/02\/logo-claimweb-e1727166047230.png","contentUrl":"https:\/\/360scooters.com\/es\/wp-content\/uploads\/sites\/2\/2024\/02\/logo-claimweb-e1727166047230.png","width":214,"height":54,"caption":"360Scooters - Patinetes el\u00e9ctricos en Pen\u00ednsula y Baleares - Patinetes Madrid - Patinetes Alicante - Patinetes Barcelona"},"image":{"@id":"https:\/\/360scooters.com\/es\/#\/schema\/logo\/image\/"}}]}},"_links":{"self":[{"href":"https:\/\/360scooters.com\/es\/wp-json\/wp\/v2\/product\/1523","targetHints":{"allow":["GET"]}}],"collection":[{"href":"https:\/\/360scooters.com\/es\/wp-json\/wp\/v2\/product"}],"about":[{"href":"https:\/\/360scooters.com\/es\/wp-json\/wp\/v2\/types\/product"}],"version-history":[{"count":2,"href":"https:\/\/360scooters.com\/es\/wp-json\/wp\/v2\/product\/1523\/revisions"}],"predecessor-version":[{"id":5720,"href":"https:\/\/360scooters.com\/es\/wp-json\/wp\/v2\/product\/1523\/revisions\/5720"}],"wp:featuredmedia":[{"embeddable":true,"href":"https:\/\/360scooters.com\/es\/wp-json\/wp\/v2\/media\/1524"}],"wp:attachment":[{"href":"https:\/\/360scooters.com\/es\/wp-json\/wp\/v2\/media?parent=1523"}],"wp:term":[{"taxonomy":"product_brand","embeddable":true,"href":"https:\/\/360scooters.com\/es\/wp-json\/wp\/v2\/product_brand?post=1523"},{"taxonomy":"product_cat","embeddable":true,"href":"https:\/\/360scooters.com\/es\/wp-json\/wp\/v2\/product_cat?post=1523"},{"taxonomy":"product_tag","embeddable":true,"href":"https:\/\/360scooters.com\/es\/wp-json\/wp\/v2\/product_tag?post=1523"},{"taxonomy":"scooter_compatibility","embeddable":true,"href":"https:\/\/360scooters.com\/es\/wp-json\/wp\/v2\/scooter_compatibility?post=1523"}],"curies":[{"name":"wp","href":"https:\/\/api.w.org\/{rel}","templated":true}]}}