{"id":1491,"date":"2024-04-09T10:22:03","date_gmt":"2024-04-09T08:22:03","guid":{"rendered":"https:\/\/360scooters.com\/es\/?post_type=product&#038;p=1491"},"modified":"2025-09-23T00:18:54","modified_gmt":"2025-09-22T22:18:54","slug":"patinete-zwheel-zcougar-duo-homologado-dgt","status":"publish","type":"product","link":"https:\/\/360scooters.com\/es\/producto\/patinete-zwheel-zcougar-duo-homologado-dgt\/","title":{"rendered":"Patinete Zwheel ZCougar DUO Homologado DGT"},"content":{"rendered":"<p><strong>Versi\u00f3n homologada, siente la emoci\u00f3n<\/strong><\/p>\n<p>Siente la emoci\u00f3n del asfalto encima de un ZCougar Duo de ZWHEEL, el patinete el\u00e9ctrico creado para los m\u00e1s entusiastas, con\u00a0<strong>el certificado de homologaci\u00f3n de la\u00a0Direcci\u00f3n General de Tr\u00e1fico (DGT).<\/strong><\/p>\n<p><strong>Modelo DUO<\/strong><\/p>\n<p>Esta nueva versi\u00f3n DUO,\u00a0<strong>monta 2 motores<\/strong>\u00a0<strong>de 500W\u00a0nominales<\/strong>, que desarrollan hasta de 2.000W de\u00a0potencia pico. \u00a1No habr\u00e1 cuesta que se te resista!<\/p>\n<p>El sistema de\u00a0<strong>suspensi\u00f3n DUO-SHOCK<\/strong>\u00a0equipado de\u00a0serie en las ruedas delantera y trasera ofrece una\u00a0experiencia de conducci\u00f3n superior.<\/p>\n<p><strong>High Perfomance Battery (HPB)<\/strong><\/p>\n<p>Viene equipado con una\u00a0<strong>High Performance Battery\u00a0(HPB) de 20 Ah<\/strong>, y\u00a0<strong>el sistema de regeneraci\u00f3n de\u00a0energ\u00eda (AER)<\/strong>, para una autonom\u00eda de hasta 70km.<\/p>\n<p><strong>M\u00e1xima seguridad, incluye intermitentes<\/strong><\/p>\n<p>La seguridad es otro aspecto importante, cuenta con\u00a0<strong>luces intermitentes de cambio de carril<\/strong>\u00a0y con una luz\u00a0de posici\u00f3n inferior de color naranja, as\u00ed podr\u00e1s indicar\u00a0los cambios de direcci\u00f3n y te garantizas que siempre\u00a0estar\u00e1s visible en conducci\u00f3n nocturna.<\/p>\n<p><strong>Conexi\u00f3n Bluetooth<\/strong><\/p>\n<p>Con la\u00a0<strong>APP<\/strong>\u00a0ZHWEEL podr\u00e1s conectarte al patinete\u00a0mediante\u00a0<strong>bluetooth<\/strong>, para conocer el estado del\u00a0mismo y realizar tu configuraciones.<\/p>\n<p><b><u>Velocidad crucero<\/u><\/b><\/p>\n<p>La\u00a0<strong>velocidad de crucero<\/strong>\u00a0de tu ZCougar mantendr\u00e1 la\u00a0velocidad constante.\u00e7<\/p>\n<p><b>\u00a1Zcougar DUO es sin\u00f3nimo de poder!<\/b><\/p>\n","protected":false},"excerpt":{"rendered":"<div id=\"product-description-short-916\" class=\"rte-content product-description\">\n<p>Siente la emoci\u00f3n del asfalto encima de un ZCougar\u00a0de ZWHEEL, el patinete el\u00e9ctrico creado para los m\u00e1s\u00a0entusiastas, con\u00a0<strong>el certificado de homologaci\u00f3n de la Direcci\u00f3n General de Tr\u00e1fico (DGT).<\/strong><\/p>\n<p><img decoding=\"async\" class=\"alignnone size-full wp-image-8484\" src=\"https:\/\/360scooters.com\/wp-content\/uploads\/2022\/07\/DGT.png\" alt=\"\" width=\"584\" height=\"84\" \/><\/p>\n<table>\n<tbody>\n<tr>\n<td><strong>Potencia nominal<br \/>\n<\/strong><\/td>\n<td>2 x 500W<\/td>\n<\/tr>\n<tr>\n<td><strong>Potencia total<br \/>\n<\/strong><\/td>\n<td>1000W<\/td>\n<\/tr>\n<tr>\n<td><strong>Bater\u00eda<\/strong><\/td>\n<td>48v \u2013 20Ah<\/td>\n<\/tr>\n<tr>\n<td><strong>Velocidad<\/strong><\/td>\n<td>Hasta 25km\/h<\/td>\n<\/tr>\n<tr>\n<td><strong>Autonom\u00eda<\/strong><\/td>\n<td>Hasta 70km<\/td>\n<\/tr>\n<tr>\n<td><strong>Peso<\/strong><\/td>\n<td>28,5Kg<\/td>\n<\/tr>\n<tr>\n<td><strong>Tiempo de carga<\/strong><\/td>\n<td>8-10H<\/td>\n<\/tr>\n<tr>\n<td><strong>Frenos<\/strong><\/td>\n<td>Freno de disco trasero y delantero y AER<\/td>\n<\/tr>\n<\/tbody>\n<\/table>\n<p><em>*Los precios, ofertas y promociones reflejados en esta web son exclusivos para compras online.<\/em><\/p>\n<\/div>\n","protected":false},"featured_media":1492,"template":"","meta":[],"product_brand":[],"product_cat":[30,277,284,138],"product_tag":[289],"class_list":{"0":"post-1491","1":"product","2":"type-product","3":"status-publish","4":"has-post-thumbnail","6":"product_cat-gama-elite","7":"product_cat-patinetes-con-dos-motores","8":"product_cat-patinetes-delivery","9":"product_cat-zwheel","10":"product_tag-sem","11":"product_shipping_class-patinetes-electricos","12":"pa_marca-zwheel","14":"first","15":"instock","16":"taxable","17":"shipping-taxable","18":"purchasable","19":"product-type-simple"},"yoast_head":"<!-- This site is optimized with the Yoast SEO plugin v26.9 - https:\/\/yoast.com\/product\/yoast-seo-wordpress\/ -->\n<title>Patinete Zwheel ZCougar DUO Homologado DGT - 360Scooters | Tienda-taller de patinetes el\u00e9ctricos<\/title>\n<meta name=\"robots\" content=\"index, follow, max-snippet:-1, max-image-preview:large, max-video-preview:-1\" \/>\n<link rel=\"canonical\" href=\"https:\/\/360scooters.com\/es\/producto\/patinete-zwheel-zcougar-duo-homologado-dgt\/\" \/>\n<meta property=\"og:locale\" content=\"es_ES\" \/>\n<meta property=\"og:type\" content=\"article\" \/>\n<meta property=\"og:title\" content=\"Patinete Zwheel ZCougar DUO Homologado DGT - 360Scooters | Tienda-taller de patinetes el\u00e9ctricos\" \/>\n<meta property=\"og:description\" content=\"Siente la emoci\u00f3n del asfalto encima de un ZCougar\u00a0de ZWHEEL, el patinete el\u00e9ctrico creado para los m\u00e1s\u00a0entusiastas, con\u00a0el certificado de homologaci\u00f3n de la Direcci\u00f3n General de Tr\u00e1fico (DGT).      Potencia nominal  2 x 500W   Potencia total  1000W   Bater\u00eda 48v \u2013 20Ah   Velocidad Hasta 25km\/h   Autonom\u00eda Hasta 70km   Peso 28,5Kg   Tiempo de carga 8-10H   Frenos Freno de disco trasero y delantero y AER    *Los precios, ofertas y promociones reflejados en esta web son exclusivos para compras online.\" \/>\n<meta property=\"og:url\" content=\"https:\/\/360scooters.com\/es\/producto\/patinete-zwheel-zcougar-duo-homologado-dgt\/\" \/>\n<meta property=\"og:site_name\" content=\"360Scooters | Tienda-taller de patinetes el\u00e9ctricos\" \/>\n<meta property=\"article:modified_time\" content=\"2025-09-22T22:18:54+00:00\" \/>\n<meta property=\"og:image\" content=\"https:\/\/360scooters.com\/es\/wp-content\/uploads\/sites\/2\/2024\/04\/zcougar-duo-homologado-dgt.png\" \/>\n\t<meta property=\"og:image:width\" content=\"1422\" \/>\n\t<meta property=\"og:image:height\" content=\"1422\" \/>\n\t<meta property=\"og:image:type\" content=\"image\/png\" \/>\n<meta name=\"twitter:card\" content=\"summary_large_image\" \/>\n<meta name=\"twitter:label1\" content=\"Tiempo de lectura\" \/>\n\t<meta name=\"twitter:data1\" content=\"2 minutos\" \/>\n<script type=\"application\/ld+json\" class=\"yoast-schema-graph\">{\"@context\":\"https:\/\/schema.org\",\"@graph\":[{\"@type\":\"WebPage\",\"@id\":\"https:\/\/360scooters.com\/es\/producto\/patinete-zwheel-zcougar-duo-homologado-dgt\/\",\"url\":\"https:\/\/360scooters.com\/es\/producto\/patinete-zwheel-zcougar-duo-homologado-dgt\/\",\"name\":\"Patinete Zwheel ZCougar DUO Homologado DGT - 360Scooters | Tienda-taller de patinetes el\u00e9ctricos\",\"isPartOf\":{\"@id\":\"https:\/\/360scooters.com\/es\/#website\"},\"primaryImageOfPage\":{\"@id\":\"https:\/\/360scooters.com\/es\/producto\/patinete-zwheel-zcougar-duo-homologado-dgt\/#primaryimage\"},\"image\":{\"@id\":\"https:\/\/360scooters.com\/es\/producto\/patinete-zwheel-zcougar-duo-homologado-dgt\/#primaryimage\"},\"thumbnailUrl\":\"https:\/\/360scooters.com\/es\/wp-content\/uploads\/sites\/2\/2024\/04\/zcougar-duo-homologado-dgt.png\",\"datePublished\":\"2024-04-09T08:22:03+00:00\",\"dateModified\":\"2025-09-22T22:18:54+00:00\",\"breadcrumb\":{\"@id\":\"https:\/\/360scooters.com\/es\/producto\/patinete-zwheel-zcougar-duo-homologado-dgt\/#breadcrumb\"},\"inLanguage\":\"es\",\"potentialAction\":[{\"@type\":\"ReadAction\",\"target\":[\"https:\/\/360scooters.com\/es\/producto\/patinete-zwheel-zcougar-duo-homologado-dgt\/\"]}]},{\"@type\":\"ImageObject\",\"inLanguage\":\"es\",\"@id\":\"https:\/\/360scooters.com\/es\/producto\/patinete-zwheel-zcougar-duo-homologado-dgt\/#primaryimage\",\"url\":\"https:\/\/360scooters.com\/es\/wp-content\/uploads\/sites\/2\/2024\/04\/zcougar-duo-homologado-dgt.png\",\"contentUrl\":\"https:\/\/360scooters.com\/es\/wp-content\/uploads\/sites\/2\/2024\/04\/zcougar-duo-homologado-dgt.png\",\"width\":1422,\"height\":1422},{\"@type\":\"BreadcrumbList\",\"@id\":\"https:\/\/360scooters.com\/es\/producto\/patinete-zwheel-zcougar-duo-homologado-dgt\/#breadcrumb\",\"itemListElement\":[{\"@type\":\"ListItem\",\"position\":1,\"name\":\"Portada\",\"item\":\"https:\/\/360scooters.com\/es\/\"},{\"@type\":\"ListItem\",\"position\":2,\"name\":\"Tienda\",\"item\":\"https:\/\/360scooters.com\/es\/tienda\/\"},{\"@type\":\"ListItem\",\"position\":3,\"name\":\"Patinete Zwheel ZCougar DUO Homologado DGT\"}]},{\"@type\":\"WebSite\",\"@id\":\"https:\/\/360scooters.com\/es\/#website\",\"url\":\"https:\/\/360scooters.com\/es\/\",\"name\":\"360Scooters - Patinetes el\u00e9ctricos en Pen\u00ednsula y Baleares - Patinetes Madrid - Patinetes Alicante - Patinetes Barcelona\",\"description\":\"\",\"publisher\":{\"@id\":\"https:\/\/360scooters.com\/es\/#organization\"},\"potentialAction\":[{\"@type\":\"SearchAction\",\"target\":{\"@type\":\"EntryPoint\",\"urlTemplate\":\"https:\/\/360scooters.com\/es\/?s={search_term_string}\"},\"query-input\":{\"@type\":\"PropertyValueSpecification\",\"valueRequired\":true,\"valueName\":\"search_term_string\"}}],\"inLanguage\":\"es\"},{\"@type\":\"Organization\",\"@id\":\"https:\/\/360scooters.com\/es\/#organization\",\"name\":\"360Scooters - Patinetes el\u00e9ctricos en Pen\u00ednsula y Baleares - Patinetes Madrid - Patinetes Alicante - Patinetes Barcelona\",\"url\":\"https:\/\/360scooters.com\/es\/\",\"logo\":{\"@type\":\"ImageObject\",\"inLanguage\":\"es\",\"@id\":\"https:\/\/360scooters.com\/es\/#\/schema\/logo\/image\/\",\"url\":\"https:\/\/360scooters.com\/es\/wp-content\/uploads\/sites\/2\/2024\/02\/logo-claimweb-e1727166047230.png\",\"contentUrl\":\"https:\/\/360scooters.com\/es\/wp-content\/uploads\/sites\/2\/2024\/02\/logo-claimweb-e1727166047230.png\",\"width\":214,\"height\":54,\"caption\":\"360Scooters - Patinetes el\u00e9ctricos en Pen\u00ednsula y Baleares - Patinetes Madrid - Patinetes Alicante - Patinetes Barcelona\"},\"image\":{\"@id\":\"https:\/\/360scooters.com\/es\/#\/schema\/logo\/image\/\"}}]}<\/script>\n<!-- \/ Yoast SEO plugin. -->","yoast_head_json":{"title":"Patinete Zwheel ZCougar DUO Homologado DGT - 360Scooters | Tienda-taller de patinetes el\u00e9ctricos","robots":{"index":"index","follow":"follow","max-snippet":"max-snippet:-1","max-image-preview":"max-image-preview:large","max-video-preview":"max-video-preview:-1"},"canonical":"https:\/\/360scooters.com\/es\/producto\/patinete-zwheel-zcougar-duo-homologado-dgt\/","og_locale":"es_ES","og_type":"article","og_title":"Patinete Zwheel ZCougar DUO Homologado DGT - 360Scooters | Tienda-taller de patinetes el\u00e9ctricos","og_description":"Siente la emoci\u00f3n del asfalto encima de un ZCougar\u00a0de ZWHEEL, el patinete el\u00e9ctrico creado para los m\u00e1s\u00a0entusiastas, con\u00a0el certificado de homologaci\u00f3n de la Direcci\u00f3n General de Tr\u00e1fico (DGT).      Potencia nominal  2 x 500W   Potencia total  1000W   Bater\u00eda 48v \u2013 20Ah   Velocidad Hasta 25km\/h   Autonom\u00eda Hasta 70km   Peso 28,5Kg   Tiempo de carga 8-10H   Frenos Freno de disco trasero y delantero y AER    *Los precios, ofertas y promociones reflejados en esta web son exclusivos para compras online.","og_url":"https:\/\/360scooters.com\/es\/producto\/patinete-zwheel-zcougar-duo-homologado-dgt\/","og_site_name":"360Scooters | Tienda-taller de patinetes el\u00e9ctricos","article_modified_time":"2025-09-22T22:18:54+00:00","og_image":[{"width":1422,"height":1422,"url":"https:\/\/360scooters.com\/es\/wp-content\/uploads\/sites\/2\/2024\/04\/zcougar-duo-homologado-dgt.png","type":"image\/png"}],"twitter_card":"summary_large_image","twitter_misc":{"Tiempo de lectura":"2 minutos"},"schema":{"@context":"https:\/\/schema.org","@graph":[{"@type":"WebPage","@id":"https:\/\/360scooters.com\/es\/producto\/patinete-zwheel-zcougar-duo-homologado-dgt\/","url":"https:\/\/360scooters.com\/es\/producto\/patinete-zwheel-zcougar-duo-homologado-dgt\/","name":"Patinete Zwheel ZCougar DUO Homologado DGT - 360Scooters | Tienda-taller de patinetes el\u00e9ctricos","isPartOf":{"@id":"https:\/\/360scooters.com\/es\/#website"},"primaryImageOfPage":{"@id":"https:\/\/360scooters.com\/es\/producto\/patinete-zwheel-zcougar-duo-homologado-dgt\/#primaryimage"},"image":{"@id":"https:\/\/360scooters.com\/es\/producto\/patinete-zwheel-zcougar-duo-homologado-dgt\/#primaryimage"},"thumbnailUrl":"https:\/\/360scooters.com\/es\/wp-content\/uploads\/sites\/2\/2024\/04\/zcougar-duo-homologado-dgt.png","datePublished":"2024-04-09T08:22:03+00:00","dateModified":"2025-09-22T22:18:54+00:00","breadcrumb":{"@id":"https:\/\/360scooters.com\/es\/producto\/patinete-zwheel-zcougar-duo-homologado-dgt\/#breadcrumb"},"inLanguage":"es","potentialAction":[{"@type":"ReadAction","target":["https:\/\/360scooters.com\/es\/producto\/patinete-zwheel-zcougar-duo-homologado-dgt\/"]}]},{"@type":"ImageObject","inLanguage":"es","@id":"https:\/\/360scooters.com\/es\/producto\/patinete-zwheel-zcougar-duo-homologado-dgt\/#primaryimage","url":"https:\/\/360scooters.com\/es\/wp-content\/uploads\/sites\/2\/2024\/04\/zcougar-duo-homologado-dgt.png","contentUrl":"https:\/\/360scooters.com\/es\/wp-content\/uploads\/sites\/2\/2024\/04\/zcougar-duo-homologado-dgt.png","width":1422,"height":1422},{"@type":"BreadcrumbList","@id":"https:\/\/360scooters.com\/es\/producto\/patinete-zwheel-zcougar-duo-homologado-dgt\/#breadcrumb","itemListElement":[{"@type":"ListItem","position":1,"name":"Portada","item":"https:\/\/360scooters.com\/es\/"},{"@type":"ListItem","position":2,"name":"Tienda","item":"https:\/\/360scooters.com\/es\/tienda\/"},{"@type":"ListItem","position":3,"name":"Patinete Zwheel ZCougar DUO Homologado DGT"}]},{"@type":"WebSite","@id":"https:\/\/360scooters.com\/es\/#website","url":"https:\/\/360scooters.com\/es\/","name":"360Scooters - Patinetes el\u00e9ctricos en Pen\u00ednsula y Baleares - Patinetes Madrid - Patinetes Alicante - Patinetes Barcelona","description":"","publisher":{"@id":"https:\/\/360scooters.com\/es\/#organization"},"potentialAction":[{"@type":"SearchAction","target":{"@type":"EntryPoint","urlTemplate":"https:\/\/360scooters.com\/es\/?s={search_term_string}"},"query-input":{"@type":"PropertyValueSpecification","valueRequired":true,"valueName":"search_term_string"}}],"inLanguage":"es"},{"@type":"Organization","@id":"https:\/\/360scooters.com\/es\/#organization","name":"360Scooters - Patinetes el\u00e9ctricos en Pen\u00ednsula y Baleares - Patinetes Madrid - Patinetes Alicante - Patinetes Barcelona","url":"https:\/\/360scooters.com\/es\/","logo":{"@type":"ImageObject","inLanguage":"es","@id":"https:\/\/360scooters.com\/es\/#\/schema\/logo\/image\/","url":"https:\/\/360scooters.com\/es\/wp-content\/uploads\/sites\/2\/2024\/02\/logo-claimweb-e1727166047230.png","contentUrl":"https:\/\/360scooters.com\/es\/wp-content\/uploads\/sites\/2\/2024\/02\/logo-claimweb-e1727166047230.png","width":214,"height":54,"caption":"360Scooters - Patinetes el\u00e9ctricos en Pen\u00ednsula y Baleares - Patinetes Madrid - Patinetes Alicante - Patinetes Barcelona"},"image":{"@id":"https:\/\/360scooters.com\/es\/#\/schema\/logo\/image\/"}}]}},"_links":{"self":[{"href":"https:\/\/360scooters.com\/es\/wp-json\/wp\/v2\/product\/1491","targetHints":{"allow":["GET"]}}],"collection":[{"href":"https:\/\/360scooters.com\/es\/wp-json\/wp\/v2\/product"}],"about":[{"href":"https:\/\/360scooters.com\/es\/wp-json\/wp\/v2\/types\/product"}],"version-history":[{"count":2,"href":"https:\/\/360scooters.com\/es\/wp-json\/wp\/v2\/product\/1491\/revisions"}],"predecessor-version":[{"id":7669,"href":"https:\/\/360scooters.com\/es\/wp-json\/wp\/v2\/product\/1491\/revisions\/7669"}],"wp:featuredmedia":[{"embeddable":true,"href":"https:\/\/360scooters.com\/es\/wp-json\/wp\/v2\/media\/1492"}],"wp:attachment":[{"href":"https:\/\/360scooters.com\/es\/wp-json\/wp\/v2\/media?parent=1491"}],"wp:term":[{"taxonomy":"product_brand","embeddable":true,"href":"https:\/\/360scooters.com\/es\/wp-json\/wp\/v2\/product_brand?post=1491"},{"taxonomy":"product_cat","embeddable":true,"href":"https:\/\/360scooters.com\/es\/wp-json\/wp\/v2\/product_cat?post=1491"},{"taxonomy":"product_tag","embeddable":true,"href":"https:\/\/360scooters.com\/es\/wp-json\/wp\/v2\/product_tag?post=1491"}],"curies":[{"name":"wp","href":"https:\/\/api.w.org\/{rel}","templated":true}]}}