{"id":1478,"date":"2024-04-09T10:14:26","date_gmt":"2024-04-09T08:14:26","guid":{"rendered":"https:\/\/360scooters.com\/es\/?post_type=product&#038;p=1478"},"modified":"2026-04-07T03:19:09","modified_gmt":"2026-04-07T01:19:09","slug":"patinete-zwheel-zrino-se-homologado-dgt","status":"publish","type":"product","link":"https:\/\/360scooters.com\/es\/producto\/patinete-zwheel-zrino-se-homologado-dgt\/","title":{"rendered":"Patinete Zwheel ZRino SE Homologado DGT"},"content":{"rendered":"<p><strong>La edici\u00f3n especial que necesitas\u00a0<\/strong><\/p>\n<p>El\u00a0<strong>ZRino SE<\/strong>\u00a0cuenta con: un<strong>\u00a0sistema de doble suspensi\u00f3n hidr\u00e1ulica delantero y trasero<\/strong>, un\u00a0<strong>motor trasero de alta potencia<\/strong>, una bater\u00eda que desarrolla una\u00a0<strong>autonom\u00eda de hasta 35 Km<\/strong>, y unas\u00a0<strong>ruedas de 10\u201d<\/strong>\u00a0sin c\u00e1mara y de perfil ancho.<\/p>\n<p>Todo ello le convierte en un patinete el\u00e9ctrico dise\u00f1ado para romper los limites.<\/p>\n<p>El opci\u00f3n de plegado del m\u00e1stil y del manillar convierten al\u00a0<strong>ZRino SE<\/strong>\u00a0en una gran opci\u00f3n para transportar en el maletero de un veh\u00edculo.<\/p>\n<p><strong>Conexi\u00f3n Bluethooth<\/strong><\/p>\n<p>Mediante la conexi\u00f3n\u00a0<strong>Bluetooth<\/strong>, podr\u00e1s conectar tu dispositivo\u00a0<strong>IOS<\/strong>\u00a0o\u00a0<strong>Android<\/strong>, usando la APP\u00a0<strong>ZWHEEL<\/strong>, y configurar el patinete a tu gusto.<\/p>\n<p><strong>Sistema de recuperaci\u00f3n de energ\u00eda<\/strong><\/p>\n<p><strong>El sistema de recuperaci\u00f3n de energ\u00eda<\/strong>\u00a0en las frenadas recarga la bater\u00eda mientras circulas. Mejorando la autonom\u00eda y la eficiencia de tu patinete.<\/p>\n<p><strong>Configura la velocidad crucero<\/strong><\/p>\n<p><strong>La velocidad de crucero<\/strong>, que puedes configurar, mantendr\u00e1 la velocidad constante por ti, para que no tengas que mantener el acelerador pulsado.<\/p>\n","protected":false},"excerpt":{"rendered":"<h4><img decoding=\"async\" class=\"alignnone size-full wp-image-3883\" src=\"https:\/\/360scooters.com\/es\/wp-content\/uploads\/sites\/2\/2023\/11\/VEHICULO-NO-CERTIFICADO-POR-LA-DGT-2.png\" alt=\"Patinete el\u00e9ctrico certificado por la DGT\" width=\"584\" height=\"84\" srcset=\"https:\/\/360scooters.com\/es\/wp-content\/uploads\/sites\/2\/2023\/11\/VEHICULO-NO-CERTIFICADO-POR-LA-DGT-2.png 584w, https:\/\/360scooters.com\/es\/wp-content\/uploads\/sites\/2\/2023\/11\/VEHICULO-NO-CERTIFICADO-POR-LA-DGT-2-300x43.png 300w\" sizes=\"(max-width: 584px) 100vw, 584px\" \/><\/h4>\n<p>El\u00a0<strong>ZRino SE<\/strong>\u00a0es la edici\u00f3n especial del ic\u00f3nico modelo ZRino, de\u00a0<strong>ZWHEEL<\/strong>, un patinete el\u00e9ctrico dise\u00f1ado para transitar por todo tipo de caminos. Cuenta con el\u00a0<strong>certificado de homologaci\u00f3n<\/strong>\u00a0de la Direcci\u00f3n General de Tr\u00e1fico (<strong>DGT<\/strong>), necesario en Espa\u00f1a.<\/p>\n<p>\u00a1Mu\u00e9vete d\u00f3nde quieras y cuando quieras es un\u00a0<strong>ZRino<\/strong>!<\/p>\n<table>\n<tbody>\n<tr>\n<td><strong>Potencia nominal<br \/>\n<\/strong><\/td>\n<td>600W<\/td>\n<\/tr>\n<tr>\n<td><strong>Bater\u00eda<\/strong><\/td>\n<td>48v \u2013 10Ah<\/td>\n<\/tr>\n<tr>\n<td><strong>Velocidad<\/strong><\/td>\n<td>Hasta 25km\/h<\/td>\n<\/tr>\n<tr>\n<td><strong>Autonom\u00eda<\/strong><\/td>\n<td>Hasta 35km<\/td>\n<\/tr>\n<tr>\n<td><strong>Peso<\/strong><\/td>\n<td>20,9Kg<\/td>\n<\/tr>\n<tr>\n<td><strong>Tiempo de carga<\/strong><\/td>\n<td>5-6H<\/td>\n<\/tr>\n<tr>\n<td><strong>Frenos<\/strong><\/td>\n<td>Freno de disco trasero y delantero<\/td>\n<\/tr>\n<\/tbody>\n<\/table>\n<p><em>*Los precios, ofertas y promociones reflejados en esta web son exclusivos para compras online.<\/em><\/p>\n<p>&nbsp;<\/p>\n","protected":false},"featured_media":1480,"template":"","meta":[],"product_brand":[320],"product_cat":[29,138],"product_tag":[],"scooter_compatibility":[],"class_list":{"0":"post-1478","1":"product","2":"type-product","3":"status-publish","4":"has-post-thumbnail","6":"product_brand-zwheel","7":"product_cat-gama-pro","8":"product_cat-zwheel","9":"product_shipping_class-patinetes-electricos","10":"pa_marca-zwheel","12":"first","13":"outofstock","14":"taxable","15":"shipping-taxable","16":"purchasable","17":"product-type-simple"},"yoast_head":"<!-- This site is optimized with the Yoast SEO plugin v26.9 - https:\/\/yoast.com\/product\/yoast-seo-wordpress\/ -->\n<title>Patinete Zwheel ZRino SE Homologado DGT - 360Scooters | Tienda-taller de patinetes el\u00e9ctricos<\/title>\n<meta name=\"robots\" content=\"index, follow, max-snippet:-1, max-image-preview:large, max-video-preview:-1\" \/>\n<link rel=\"canonical\" href=\"https:\/\/360scooters.com\/es\/producto\/patinete-zwheel-zrino-se-homologado-dgt\/\" \/>\n<meta property=\"og:locale\" content=\"es_ES\" \/>\n<meta property=\"og:type\" content=\"article\" \/>\n<meta property=\"og:title\" content=\"Patinete Zwheel ZRino SE Homologado DGT - 360Scooters | Tienda-taller de patinetes el\u00e9ctricos\" \/>\n<meta property=\"og:description\" content=\"El\u00a0ZRino SE\u00a0es la edici\u00f3n especial del ic\u00f3nico modelo ZRino, de\u00a0ZWHEEL, un patinete el\u00e9ctrico dise\u00f1ado para transitar por todo tipo de caminos. Cuenta con el\u00a0certificado de homologaci\u00f3n\u00a0de la Direcci\u00f3n General de Tr\u00e1fico (DGT), necesario en Espa\u00f1a.  \u00a1Mu\u00e9vete d\u00f3nde quieras y cuando quieras es un\u00a0ZRino!    Potencia nominal  600W   Bater\u00eda 48v \u2013 10Ah   Velocidad Hasta 25km\/h   Autonom\u00eda Hasta 35km   Peso 20,9Kg   Tiempo de carga 5-6H   Frenos Freno de disco trasero y delantero    *Los precios, ofertas y promociones reflejados en esta web son exclusivos para compras online.  &nbsp;\" \/>\n<meta property=\"og:url\" content=\"https:\/\/360scooters.com\/es\/producto\/patinete-zwheel-zrino-se-homologado-dgt\/\" \/>\n<meta property=\"og:site_name\" content=\"360Scooters | Tienda-taller de patinetes el\u00e9ctricos\" \/>\n<meta property=\"article:modified_time\" content=\"2026-04-07T01:19:09+00:00\" \/>\n<meta property=\"og:image\" content=\"https:\/\/360scooters.com\/es\/wp-content\/uploads\/sites\/2\/2024\/04\/zrino-se-homologado-dgt.png\" \/>\n\t<meta property=\"og:image:width\" content=\"1422\" \/>\n\t<meta property=\"og:image:height\" content=\"1422\" \/>\n\t<meta property=\"og:image:type\" content=\"image\/png\" \/>\n<meta name=\"twitter:card\" content=\"summary_large_image\" \/>\n<meta name=\"twitter:label1\" content=\"Tiempo de lectura\" \/>\n\t<meta name=\"twitter:data1\" content=\"1 minuto\" \/>\n<script type=\"application\/ld+json\" class=\"yoast-schema-graph\">{\"@context\":\"https:\/\/schema.org\",\"@graph\":[{\"@type\":\"WebPage\",\"@id\":\"https:\/\/360scooters.com\/es\/producto\/patinete-zwheel-zrino-se-homologado-dgt\/\",\"url\":\"https:\/\/360scooters.com\/es\/producto\/patinete-zwheel-zrino-se-homologado-dgt\/\",\"name\":\"Patinete Zwheel ZRino SE Homologado DGT - 360Scooters | Tienda-taller de patinetes el\u00e9ctricos\",\"isPartOf\":{\"@id\":\"https:\/\/360scooters.com\/es\/#website\"},\"primaryImageOfPage\":{\"@id\":\"https:\/\/360scooters.com\/es\/producto\/patinete-zwheel-zrino-se-homologado-dgt\/#primaryimage\"},\"image\":{\"@id\":\"https:\/\/360scooters.com\/es\/producto\/patinete-zwheel-zrino-se-homologado-dgt\/#primaryimage\"},\"thumbnailUrl\":\"https:\/\/360scooters.com\/es\/wp-content\/uploads\/sites\/2\/2024\/04\/zrino-se-homologado-dgt.png\",\"datePublished\":\"2024-04-09T08:14:26+00:00\",\"dateModified\":\"2026-04-07T01:19:09+00:00\",\"breadcrumb\":{\"@id\":\"https:\/\/360scooters.com\/es\/producto\/patinete-zwheel-zrino-se-homologado-dgt\/#breadcrumb\"},\"inLanguage\":\"es\",\"potentialAction\":[{\"@type\":\"ReadAction\",\"target\":[\"https:\/\/360scooters.com\/es\/producto\/patinete-zwheel-zrino-se-homologado-dgt\/\"]}]},{\"@type\":\"ImageObject\",\"inLanguage\":\"es\",\"@id\":\"https:\/\/360scooters.com\/es\/producto\/patinete-zwheel-zrino-se-homologado-dgt\/#primaryimage\",\"url\":\"https:\/\/360scooters.com\/es\/wp-content\/uploads\/sites\/2\/2024\/04\/zrino-se-homologado-dgt.png\",\"contentUrl\":\"https:\/\/360scooters.com\/es\/wp-content\/uploads\/sites\/2\/2024\/04\/zrino-se-homologado-dgt.png\",\"width\":1422,\"height\":1422},{\"@type\":\"BreadcrumbList\",\"@id\":\"https:\/\/360scooters.com\/es\/producto\/patinete-zwheel-zrino-se-homologado-dgt\/#breadcrumb\",\"itemListElement\":[{\"@type\":\"ListItem\",\"position\":1,\"name\":\"Portada\",\"item\":\"https:\/\/360scooters.com\/es\/\"},{\"@type\":\"ListItem\",\"position\":2,\"name\":\"Tienda\",\"item\":\"https:\/\/360scooters.com\/es\/tienda\/\"},{\"@type\":\"ListItem\",\"position\":3,\"name\":\"Patinete Zwheel ZRino SE Homologado DGT\"}]},{\"@type\":\"WebSite\",\"@id\":\"https:\/\/360scooters.com\/es\/#website\",\"url\":\"https:\/\/360scooters.com\/es\/\",\"name\":\"360Scooters - Patinetes el\u00e9ctricos en Pen\u00ednsula y Baleares - Patinetes Madrid - Patinetes Alicante - Patinetes Barcelona\",\"description\":\"\",\"publisher\":{\"@id\":\"https:\/\/360scooters.com\/es\/#organization\"},\"potentialAction\":[{\"@type\":\"SearchAction\",\"target\":{\"@type\":\"EntryPoint\",\"urlTemplate\":\"https:\/\/360scooters.com\/es\/?s={search_term_string}\"},\"query-input\":{\"@type\":\"PropertyValueSpecification\",\"valueRequired\":true,\"valueName\":\"search_term_string\"}}],\"inLanguage\":\"es\"},{\"@type\":\"Organization\",\"@id\":\"https:\/\/360scooters.com\/es\/#organization\",\"name\":\"360Scooters - Patinetes el\u00e9ctricos en Pen\u00ednsula y Baleares - Patinetes Madrid - Patinetes Alicante - Patinetes Barcelona\",\"url\":\"https:\/\/360scooters.com\/es\/\",\"logo\":{\"@type\":\"ImageObject\",\"inLanguage\":\"es\",\"@id\":\"https:\/\/360scooters.com\/es\/#\/schema\/logo\/image\/\",\"url\":\"https:\/\/360scooters.com\/es\/wp-content\/uploads\/sites\/2\/2024\/02\/logo-claimweb-e1727166047230.png\",\"contentUrl\":\"https:\/\/360scooters.com\/es\/wp-content\/uploads\/sites\/2\/2024\/02\/logo-claimweb-e1727166047230.png\",\"width\":214,\"height\":54,\"caption\":\"360Scooters - Patinetes el\u00e9ctricos en Pen\u00ednsula y Baleares - Patinetes Madrid - Patinetes Alicante - Patinetes Barcelona\"},\"image\":{\"@id\":\"https:\/\/360scooters.com\/es\/#\/schema\/logo\/image\/\"}}]}<\/script>\n<!-- \/ Yoast SEO plugin. -->","yoast_head_json":{"title":"Patinete Zwheel ZRino SE Homologado DGT - 360Scooters | Tienda-taller de patinetes el\u00e9ctricos","robots":{"index":"index","follow":"follow","max-snippet":"max-snippet:-1","max-image-preview":"max-image-preview:large","max-video-preview":"max-video-preview:-1"},"canonical":"https:\/\/360scooters.com\/es\/producto\/patinete-zwheel-zrino-se-homologado-dgt\/","og_locale":"es_ES","og_type":"article","og_title":"Patinete Zwheel ZRino SE Homologado DGT - 360Scooters | Tienda-taller de patinetes el\u00e9ctricos","og_description":"El\u00a0ZRino SE\u00a0es la edici\u00f3n especial del ic\u00f3nico modelo ZRino, de\u00a0ZWHEEL, un patinete el\u00e9ctrico dise\u00f1ado para transitar por todo tipo de caminos. Cuenta con el\u00a0certificado de homologaci\u00f3n\u00a0de la Direcci\u00f3n General de Tr\u00e1fico (DGT), necesario en Espa\u00f1a.  \u00a1Mu\u00e9vete d\u00f3nde quieras y cuando quieras es un\u00a0ZRino!    Potencia nominal  600W   Bater\u00eda 48v \u2013 10Ah   Velocidad Hasta 25km\/h   Autonom\u00eda Hasta 35km   Peso 20,9Kg   Tiempo de carga 5-6H   Frenos Freno de disco trasero y delantero    *Los precios, ofertas y promociones reflejados en esta web son exclusivos para compras online.  &nbsp;","og_url":"https:\/\/360scooters.com\/es\/producto\/patinete-zwheel-zrino-se-homologado-dgt\/","og_site_name":"360Scooters | Tienda-taller de patinetes el\u00e9ctricos","article_modified_time":"2026-04-07T01:19:09+00:00","og_image":[{"width":1422,"height":1422,"url":"https:\/\/360scooters.com\/es\/wp-content\/uploads\/sites\/2\/2024\/04\/zrino-se-homologado-dgt.png","type":"image\/png"}],"twitter_card":"summary_large_image","twitter_misc":{"Tiempo de lectura":"1 minuto"},"schema":{"@context":"https:\/\/schema.org","@graph":[{"@type":"WebPage","@id":"https:\/\/360scooters.com\/es\/producto\/patinete-zwheel-zrino-se-homologado-dgt\/","url":"https:\/\/360scooters.com\/es\/producto\/patinete-zwheel-zrino-se-homologado-dgt\/","name":"Patinete Zwheel ZRino SE Homologado DGT - 360Scooters | Tienda-taller de patinetes el\u00e9ctricos","isPartOf":{"@id":"https:\/\/360scooters.com\/es\/#website"},"primaryImageOfPage":{"@id":"https:\/\/360scooters.com\/es\/producto\/patinete-zwheel-zrino-se-homologado-dgt\/#primaryimage"},"image":{"@id":"https:\/\/360scooters.com\/es\/producto\/patinete-zwheel-zrino-se-homologado-dgt\/#primaryimage"},"thumbnailUrl":"https:\/\/360scooters.com\/es\/wp-content\/uploads\/sites\/2\/2024\/04\/zrino-se-homologado-dgt.png","datePublished":"2024-04-09T08:14:26+00:00","dateModified":"2026-04-07T01:19:09+00:00","breadcrumb":{"@id":"https:\/\/360scooters.com\/es\/producto\/patinete-zwheel-zrino-se-homologado-dgt\/#breadcrumb"},"inLanguage":"es","potentialAction":[{"@type":"ReadAction","target":["https:\/\/360scooters.com\/es\/producto\/patinete-zwheel-zrino-se-homologado-dgt\/"]}]},{"@type":"ImageObject","inLanguage":"es","@id":"https:\/\/360scooters.com\/es\/producto\/patinete-zwheel-zrino-se-homologado-dgt\/#primaryimage","url":"https:\/\/360scooters.com\/es\/wp-content\/uploads\/sites\/2\/2024\/04\/zrino-se-homologado-dgt.png","contentUrl":"https:\/\/360scooters.com\/es\/wp-content\/uploads\/sites\/2\/2024\/04\/zrino-se-homologado-dgt.png","width":1422,"height":1422},{"@type":"BreadcrumbList","@id":"https:\/\/360scooters.com\/es\/producto\/patinete-zwheel-zrino-se-homologado-dgt\/#breadcrumb","itemListElement":[{"@type":"ListItem","position":1,"name":"Portada","item":"https:\/\/360scooters.com\/es\/"},{"@type":"ListItem","position":2,"name":"Tienda","item":"https:\/\/360scooters.com\/es\/tienda\/"},{"@type":"ListItem","position":3,"name":"Patinete Zwheel ZRino SE Homologado DGT"}]},{"@type":"WebSite","@id":"https:\/\/360scooters.com\/es\/#website","url":"https:\/\/360scooters.com\/es\/","name":"360Scooters - Patinetes el\u00e9ctricos en Pen\u00ednsula y Baleares - Patinetes Madrid - Patinetes Alicante - Patinetes Barcelona","description":"","publisher":{"@id":"https:\/\/360scooters.com\/es\/#organization"},"potentialAction":[{"@type":"SearchAction","target":{"@type":"EntryPoint","urlTemplate":"https:\/\/360scooters.com\/es\/?s={search_term_string}"},"query-input":{"@type":"PropertyValueSpecification","valueRequired":true,"valueName":"search_term_string"}}],"inLanguage":"es"},{"@type":"Organization","@id":"https:\/\/360scooters.com\/es\/#organization","name":"360Scooters - Patinetes el\u00e9ctricos en Pen\u00ednsula y Baleares - Patinetes Madrid - Patinetes Alicante - Patinetes Barcelona","url":"https:\/\/360scooters.com\/es\/","logo":{"@type":"ImageObject","inLanguage":"es","@id":"https:\/\/360scooters.com\/es\/#\/schema\/logo\/image\/","url":"https:\/\/360scooters.com\/es\/wp-content\/uploads\/sites\/2\/2024\/02\/logo-claimweb-e1727166047230.png","contentUrl":"https:\/\/360scooters.com\/es\/wp-content\/uploads\/sites\/2\/2024\/02\/logo-claimweb-e1727166047230.png","width":214,"height":54,"caption":"360Scooters - Patinetes el\u00e9ctricos en Pen\u00ednsula y Baleares - Patinetes Madrid - Patinetes Alicante - Patinetes Barcelona"},"image":{"@id":"https:\/\/360scooters.com\/es\/#\/schema\/logo\/image\/"}}]}},"_links":{"self":[{"href":"https:\/\/360scooters.com\/es\/wp-json\/wp\/v2\/product\/1478","targetHints":{"allow":["GET"]}}],"collection":[{"href":"https:\/\/360scooters.com\/es\/wp-json\/wp\/v2\/product"}],"about":[{"href":"https:\/\/360scooters.com\/es\/wp-json\/wp\/v2\/types\/product"}],"version-history":[{"count":2,"href":"https:\/\/360scooters.com\/es\/wp-json\/wp\/v2\/product\/1478\/revisions"}],"predecessor-version":[{"id":5691,"href":"https:\/\/360scooters.com\/es\/wp-json\/wp\/v2\/product\/1478\/revisions\/5691"}],"wp:featuredmedia":[{"embeddable":true,"href":"https:\/\/360scooters.com\/es\/wp-json\/wp\/v2\/media\/1480"}],"wp:attachment":[{"href":"https:\/\/360scooters.com\/es\/wp-json\/wp\/v2\/media?parent=1478"}],"wp:term":[{"taxonomy":"product_brand","embeddable":true,"href":"https:\/\/360scooters.com\/es\/wp-json\/wp\/v2\/product_brand?post=1478"},{"taxonomy":"product_cat","embeddable":true,"href":"https:\/\/360scooters.com\/es\/wp-json\/wp\/v2\/product_cat?post=1478"},{"taxonomy":"product_tag","embeddable":true,"href":"https:\/\/360scooters.com\/es\/wp-json\/wp\/v2\/product_tag?post=1478"},{"taxonomy":"scooter_compatibility","embeddable":true,"href":"https:\/\/360scooters.com\/es\/wp-json\/wp\/v2\/scooter_compatibility?post=1478"}],"curies":[{"name":"wp","href":"https:\/\/api.w.org\/{rel}","templated":true}]}}