{"id":1451,"date":"2024-04-08T10:28:43","date_gmt":"2024-04-08T08:28:43","guid":{"rendered":"https:\/\/360scooters.com\/es\/?post_type=product&#038;p=1451"},"modified":"2024-04-08T10:28:43","modified_gmt":"2024-04-08T08:28:43","slug":"bateria-externa-para-xiaomi-aumento-autonomia-25km","status":"publish","type":"product","link":"https:\/\/360scooters.com\/es\/producto\/bateria-externa-para-xiaomi-aumento-autonomia-25km\/","title":{"rendered":"Bater\u00eda Externa para Xiaomi [Aumento Autonom\u00eda 25km]"},"content":{"rendered":"","protected":false},"excerpt":{"rendered":"<p>Consigue hasta 25km de bater\u00eda adicional en tu patinete Xiaomi con la <strong>Bater\u00eda externa patinete XIAOMI M365 \/ PRO \/ 1S \/ ESSENTIAL \/ PRO2 \/ MI3\u00a0<\/strong>Aumento\u00a0autonom\u00eda .<\/p>\n<h3>Tiempo preparaci\u00f3n bater\u00eda externa<\/h3>\n<p>Tiempo de producci\u00f3n es de<strong>\u00a03 a 7 d\u00edas laborales.<\/strong><\/p>\n<h3>Instalaci\u00f3n de bater\u00eda externa para XIAOMI<\/h3>\n<p>Las\u00a0bater\u00edas externas son formato Plug &amp; Play, con instalaci\u00f3n sencilla mediante conectores sin requerir conocimientos previos.<\/p>\n<p>Esta\u00a0<strong>bater\u00eda externa Xiaomi<\/strong>\u00a0se instala en la\u00a0<strong>parte delantera<\/strong> de tu Xiaomi, en la zona de pliegue del m\u00e1stil. Pilas EVE 18650 100% originales.<\/p>\n<h3>Carga de la bater\u00eda externa Xiaomi<\/h3>\n<p>La carga se realiza\u00a0junto a la bater\u00eda original.<br \/>\nPara el correcto funcionamiento de las bater\u00edas en Xiaomi es obligatorio el uso de un\u00a0<strong>firmware modificado<\/strong>.<\/p>\n<p>Si tienes cualquier duda sobre el producto o su instalaci\u00f3n, no dudes en contactarnos.<\/p>\n","protected":false},"featured_media":1452,"template":"","meta":[],"product_brand":[],"product_cat":[109],"product_tag":[],"scooter_compatibility":[],"class_list":{"0":"post-1451","1":"product","2":"type-product","3":"status-publish","4":"has-post-thumbnail","6":"product_cat-baterias","8":"first","9":"instock","10":"sale","11":"taxable","12":"shipping-taxable","13":"purchasable","14":"product-type-simple"},"yoast_head":"<!-- This site is optimized with the Yoast SEO plugin v26.9 - https:\/\/yoast.com\/product\/yoast-seo-wordpress\/ -->\n<title>Bater\u00eda Externa para Xiaomi [Aumento Autonom\u00eda 25km] - 360Scooters | Tienda-taller de patinetes el\u00e9ctricos<\/title>\n<meta name=\"robots\" content=\"index, follow, max-snippet:-1, max-image-preview:large, max-video-preview:-1\" \/>\n<link rel=\"canonical\" href=\"https:\/\/360scooters.com\/es\/producto\/bateria-externa-para-xiaomi-aumento-autonomia-25km\/\" \/>\n<meta property=\"og:locale\" content=\"es_ES\" \/>\n<meta property=\"og:type\" content=\"article\" \/>\n<meta property=\"og:title\" content=\"Bater\u00eda Externa para Xiaomi [Aumento Autonom\u00eda 25km] - 360Scooters | Tienda-taller de patinetes el\u00e9ctricos\" \/>\n<meta property=\"og:description\" content=\"Consigue hasta 25km de bater\u00eda adicional en tu patinete Xiaomi con la Bater\u00eda externa patinete XIAOMI M365 \/ PRO \/ 1S \/ ESSENTIAL \/ PRO2 \/ MI3\u00a0Aumento\u00a0autonom\u00eda . Tiempo preparaci\u00f3n bater\u00eda externa Tiempo de producci\u00f3n es de\u00a03 a 7 d\u00edas laborales. Instalaci\u00f3n de bater\u00eda externa para XIAOMI Las\u00a0bater\u00edas externas son formato Plug &amp; Play, con instalaci\u00f3n sencilla mediante conectores sin requerir conocimientos previos.  Esta\u00a0bater\u00eda externa Xiaomi\u00a0se instala en la\u00a0parte delantera de tu Xiaomi, en la zona de pliegue del m\u00e1stil. Pilas EVE 18650 100% originales. Carga de la bater\u00eda externa Xiaomi La carga se realiza\u00a0junto a la bater\u00eda original. Para el correcto funcionamiento de las bater\u00edas en Xiaomi es obligatorio el uso de un\u00a0firmware modificado.  Si tienes cualquier duda sobre el producto o su instalaci\u00f3n, no dudes en contactarnos.\" \/>\n<meta property=\"og:url\" content=\"https:\/\/360scooters.com\/es\/producto\/bateria-externa-para-xiaomi-aumento-autonomia-25km\/\" \/>\n<meta property=\"og:site_name\" content=\"360Scooters | Tienda-taller de patinetes el\u00e9ctricos\" \/>\n<meta property=\"og:image\" content=\"https:\/\/360scooters.com\/es\/wp-content\/uploads\/sites\/2\/2024\/04\/novedad-novedad.png\" \/>\n\t<meta property=\"og:image:width\" content=\"1080\" \/>\n\t<meta property=\"og:image:height\" content=\"1080\" \/>\n\t<meta property=\"og:image:type\" content=\"image\/png\" \/>\n<meta name=\"twitter:card\" content=\"summary_large_image\" \/>\n<meta name=\"twitter:label1\" content=\"Tiempo de lectura\" \/>\n\t<meta name=\"twitter:data1\" content=\"1 minuto\" \/>\n<script type=\"application\/ld+json\" class=\"yoast-schema-graph\">{\"@context\":\"https:\/\/schema.org\",\"@graph\":[{\"@type\":\"WebPage\",\"@id\":\"https:\/\/360scooters.com\/es\/producto\/bateria-externa-para-xiaomi-aumento-autonomia-25km\/\",\"url\":\"https:\/\/360scooters.com\/es\/producto\/bateria-externa-para-xiaomi-aumento-autonomia-25km\/\",\"name\":\"Bater\u00eda Externa para Xiaomi [Aumento Autonom\u00eda 25km] - 360Scooters | Tienda-taller de patinetes el\u00e9ctricos\",\"isPartOf\":{\"@id\":\"https:\/\/360scooters.com\/es\/#website\"},\"primaryImageOfPage\":{\"@id\":\"https:\/\/360scooters.com\/es\/producto\/bateria-externa-para-xiaomi-aumento-autonomia-25km\/#primaryimage\"},\"image\":{\"@id\":\"https:\/\/360scooters.com\/es\/producto\/bateria-externa-para-xiaomi-aumento-autonomia-25km\/#primaryimage\"},\"thumbnailUrl\":\"https:\/\/360scooters.com\/es\/wp-content\/uploads\/sites\/2\/2024\/04\/novedad-novedad.png\",\"datePublished\":\"2024-04-08T08:28:43+00:00\",\"breadcrumb\":{\"@id\":\"https:\/\/360scooters.com\/es\/producto\/bateria-externa-para-xiaomi-aumento-autonomia-25km\/#breadcrumb\"},\"inLanguage\":\"es\",\"potentialAction\":[{\"@type\":\"ReadAction\",\"target\":[\"https:\/\/360scooters.com\/es\/producto\/bateria-externa-para-xiaomi-aumento-autonomia-25km\/\"]}]},{\"@type\":\"ImageObject\",\"inLanguage\":\"es\",\"@id\":\"https:\/\/360scooters.com\/es\/producto\/bateria-externa-para-xiaomi-aumento-autonomia-25km\/#primaryimage\",\"url\":\"https:\/\/360scooters.com\/es\/wp-content\/uploads\/sites\/2\/2024\/04\/novedad-novedad.png\",\"contentUrl\":\"https:\/\/360scooters.com\/es\/wp-content\/uploads\/sites\/2\/2024\/04\/novedad-novedad.png\",\"width\":1080,\"height\":1080},{\"@type\":\"BreadcrumbList\",\"@id\":\"https:\/\/360scooters.com\/es\/producto\/bateria-externa-para-xiaomi-aumento-autonomia-25km\/#breadcrumb\",\"itemListElement\":[{\"@type\":\"ListItem\",\"position\":1,\"name\":\"Portada\",\"item\":\"https:\/\/360scooters.com\/es\/\"},{\"@type\":\"ListItem\",\"position\":2,\"name\":\"Tienda\",\"item\":\"https:\/\/360scooters.com\/es\/tienda\/\"},{\"@type\":\"ListItem\",\"position\":3,\"name\":\"Bater\u00eda Externa para Xiaomi [Aumento Autonom\u00eda 25km]\"}]},{\"@type\":\"WebSite\",\"@id\":\"https:\/\/360scooters.com\/es\/#website\",\"url\":\"https:\/\/360scooters.com\/es\/\",\"name\":\"360Scooters - Patinetes el\u00e9ctricos en Pen\u00ednsula y Baleares - Patinetes Madrid - Patinetes Alicante - Patinetes Barcelona\",\"description\":\"\",\"publisher\":{\"@id\":\"https:\/\/360scooters.com\/es\/#organization\"},\"potentialAction\":[{\"@type\":\"SearchAction\",\"target\":{\"@type\":\"EntryPoint\",\"urlTemplate\":\"https:\/\/360scooters.com\/es\/?s={search_term_string}\"},\"query-input\":{\"@type\":\"PropertyValueSpecification\",\"valueRequired\":true,\"valueName\":\"search_term_string\"}}],\"inLanguage\":\"es\"},{\"@type\":\"Organization\",\"@id\":\"https:\/\/360scooters.com\/es\/#organization\",\"name\":\"360Scooters - Patinetes el\u00e9ctricos en Pen\u00ednsula y Baleares - Patinetes Madrid - Patinetes Alicante - Patinetes Barcelona\",\"url\":\"https:\/\/360scooters.com\/es\/\",\"logo\":{\"@type\":\"ImageObject\",\"inLanguage\":\"es\",\"@id\":\"https:\/\/360scooters.com\/es\/#\/schema\/logo\/image\/\",\"url\":\"https:\/\/360scooters.com\/es\/wp-content\/uploads\/sites\/2\/2024\/02\/logo-claimweb-e1727166047230.png\",\"contentUrl\":\"https:\/\/360scooters.com\/es\/wp-content\/uploads\/sites\/2\/2024\/02\/logo-claimweb-e1727166047230.png\",\"width\":214,\"height\":54,\"caption\":\"360Scooters - Patinetes el\u00e9ctricos en Pen\u00ednsula y Baleares - Patinetes Madrid - Patinetes Alicante - Patinetes Barcelona\"},\"image\":{\"@id\":\"https:\/\/360scooters.com\/es\/#\/schema\/logo\/image\/\"}}]}<\/script>\n<!-- \/ Yoast SEO plugin. -->","yoast_head_json":{"title":"Bater\u00eda Externa para Xiaomi [Aumento Autonom\u00eda 25km] - 360Scooters | Tienda-taller de patinetes el\u00e9ctricos","robots":{"index":"index","follow":"follow","max-snippet":"max-snippet:-1","max-image-preview":"max-image-preview:large","max-video-preview":"max-video-preview:-1"},"canonical":"https:\/\/360scooters.com\/es\/producto\/bateria-externa-para-xiaomi-aumento-autonomia-25km\/","og_locale":"es_ES","og_type":"article","og_title":"Bater\u00eda Externa para Xiaomi [Aumento Autonom\u00eda 25km] - 360Scooters | Tienda-taller de patinetes el\u00e9ctricos","og_description":"Consigue hasta 25km de bater\u00eda adicional en tu patinete Xiaomi con la Bater\u00eda externa patinete XIAOMI M365 \/ PRO \/ 1S \/ ESSENTIAL \/ PRO2 \/ MI3\u00a0Aumento\u00a0autonom\u00eda . Tiempo preparaci\u00f3n bater\u00eda externa Tiempo de producci\u00f3n es de\u00a03 a 7 d\u00edas laborales. Instalaci\u00f3n de bater\u00eda externa para XIAOMI Las\u00a0bater\u00edas externas son formato Plug &amp; Play, con instalaci\u00f3n sencilla mediante conectores sin requerir conocimientos previos.  Esta\u00a0bater\u00eda externa Xiaomi\u00a0se instala en la\u00a0parte delantera de tu Xiaomi, en la zona de pliegue del m\u00e1stil. Pilas EVE 18650 100% originales. Carga de la bater\u00eda externa Xiaomi La carga se realiza\u00a0junto a la bater\u00eda original. Para el correcto funcionamiento de las bater\u00edas en Xiaomi es obligatorio el uso de un\u00a0firmware modificado.  Si tienes cualquier duda sobre el producto o su instalaci\u00f3n, no dudes en contactarnos.","og_url":"https:\/\/360scooters.com\/es\/producto\/bateria-externa-para-xiaomi-aumento-autonomia-25km\/","og_site_name":"360Scooters | Tienda-taller de patinetes el\u00e9ctricos","og_image":[{"width":1080,"height":1080,"url":"https:\/\/360scooters.com\/es\/wp-content\/uploads\/sites\/2\/2024\/04\/novedad-novedad.png","type":"image\/png"}],"twitter_card":"summary_large_image","twitter_misc":{"Tiempo de lectura":"1 minuto"},"schema":{"@context":"https:\/\/schema.org","@graph":[{"@type":"WebPage","@id":"https:\/\/360scooters.com\/es\/producto\/bateria-externa-para-xiaomi-aumento-autonomia-25km\/","url":"https:\/\/360scooters.com\/es\/producto\/bateria-externa-para-xiaomi-aumento-autonomia-25km\/","name":"Bater\u00eda Externa para Xiaomi [Aumento Autonom\u00eda 25km] - 360Scooters | Tienda-taller de patinetes el\u00e9ctricos","isPartOf":{"@id":"https:\/\/360scooters.com\/es\/#website"},"primaryImageOfPage":{"@id":"https:\/\/360scooters.com\/es\/producto\/bateria-externa-para-xiaomi-aumento-autonomia-25km\/#primaryimage"},"image":{"@id":"https:\/\/360scooters.com\/es\/producto\/bateria-externa-para-xiaomi-aumento-autonomia-25km\/#primaryimage"},"thumbnailUrl":"https:\/\/360scooters.com\/es\/wp-content\/uploads\/sites\/2\/2024\/04\/novedad-novedad.png","datePublished":"2024-04-08T08:28:43+00:00","breadcrumb":{"@id":"https:\/\/360scooters.com\/es\/producto\/bateria-externa-para-xiaomi-aumento-autonomia-25km\/#breadcrumb"},"inLanguage":"es","potentialAction":[{"@type":"ReadAction","target":["https:\/\/360scooters.com\/es\/producto\/bateria-externa-para-xiaomi-aumento-autonomia-25km\/"]}]},{"@type":"ImageObject","inLanguage":"es","@id":"https:\/\/360scooters.com\/es\/producto\/bateria-externa-para-xiaomi-aumento-autonomia-25km\/#primaryimage","url":"https:\/\/360scooters.com\/es\/wp-content\/uploads\/sites\/2\/2024\/04\/novedad-novedad.png","contentUrl":"https:\/\/360scooters.com\/es\/wp-content\/uploads\/sites\/2\/2024\/04\/novedad-novedad.png","width":1080,"height":1080},{"@type":"BreadcrumbList","@id":"https:\/\/360scooters.com\/es\/producto\/bateria-externa-para-xiaomi-aumento-autonomia-25km\/#breadcrumb","itemListElement":[{"@type":"ListItem","position":1,"name":"Portada","item":"https:\/\/360scooters.com\/es\/"},{"@type":"ListItem","position":2,"name":"Tienda","item":"https:\/\/360scooters.com\/es\/tienda\/"},{"@type":"ListItem","position":3,"name":"Bater\u00eda Externa para Xiaomi [Aumento Autonom\u00eda 25km]"}]},{"@type":"WebSite","@id":"https:\/\/360scooters.com\/es\/#website","url":"https:\/\/360scooters.com\/es\/","name":"360Scooters - Patinetes el\u00e9ctricos en Pen\u00ednsula y Baleares - Patinetes Madrid - Patinetes Alicante - Patinetes Barcelona","description":"","publisher":{"@id":"https:\/\/360scooters.com\/es\/#organization"},"potentialAction":[{"@type":"SearchAction","target":{"@type":"EntryPoint","urlTemplate":"https:\/\/360scooters.com\/es\/?s={search_term_string}"},"query-input":{"@type":"PropertyValueSpecification","valueRequired":true,"valueName":"search_term_string"}}],"inLanguage":"es"},{"@type":"Organization","@id":"https:\/\/360scooters.com\/es\/#organization","name":"360Scooters - Patinetes el\u00e9ctricos en Pen\u00ednsula y Baleares - Patinetes Madrid - Patinetes Alicante - Patinetes Barcelona","url":"https:\/\/360scooters.com\/es\/","logo":{"@type":"ImageObject","inLanguage":"es","@id":"https:\/\/360scooters.com\/es\/#\/schema\/logo\/image\/","url":"https:\/\/360scooters.com\/es\/wp-content\/uploads\/sites\/2\/2024\/02\/logo-claimweb-e1727166047230.png","contentUrl":"https:\/\/360scooters.com\/es\/wp-content\/uploads\/sites\/2\/2024\/02\/logo-claimweb-e1727166047230.png","width":214,"height":54,"caption":"360Scooters - Patinetes el\u00e9ctricos en Pen\u00ednsula y Baleares - Patinetes Madrid - Patinetes Alicante - Patinetes Barcelona"},"image":{"@id":"https:\/\/360scooters.com\/es\/#\/schema\/logo\/image\/"}}]}},"_links":{"self":[{"href":"https:\/\/360scooters.com\/es\/wp-json\/wp\/v2\/product\/1451","targetHints":{"allow":["GET"]}}],"collection":[{"href":"https:\/\/360scooters.com\/es\/wp-json\/wp\/v2\/product"}],"about":[{"href":"https:\/\/360scooters.com\/es\/wp-json\/wp\/v2\/types\/product"}],"version-history":[{"count":0,"href":"https:\/\/360scooters.com\/es\/wp-json\/wp\/v2\/product\/1451\/revisions"}],"wp:featuredmedia":[{"embeddable":true,"href":"https:\/\/360scooters.com\/es\/wp-json\/wp\/v2\/media\/1452"}],"wp:attachment":[{"href":"https:\/\/360scooters.com\/es\/wp-json\/wp\/v2\/media?parent=1451"}],"wp:term":[{"taxonomy":"product_brand","embeddable":true,"href":"https:\/\/360scooters.com\/es\/wp-json\/wp\/v2\/product_brand?post=1451"},{"taxonomy":"product_cat","embeddable":true,"href":"https:\/\/360scooters.com\/es\/wp-json\/wp\/v2\/product_cat?post=1451"},{"taxonomy":"product_tag","embeddable":true,"href":"https:\/\/360scooters.com\/es\/wp-json\/wp\/v2\/product_tag?post=1451"},{"taxonomy":"scooter_compatibility","embeddable":true,"href":"https:\/\/360scooters.com\/es\/wp-json\/wp\/v2\/scooter_compatibility?post=1451"}],"curies":[{"name":"wp","href":"https:\/\/api.w.org\/{rel}","templated":true}]}}