{"id":1432,"date":"2024-03-06T09:38:27","date_gmt":"2024-03-06T08:38:27","guid":{"rendered":"https:\/\/360scooters.com\/es\/?post_type=product&#038;p=1432"},"modified":"2026-01-15T13:53:31","modified_gmt":"2026-01-15T12:53:31","slug":"smartgyro-k2-pro-xl-black-certificado","status":"publish","type":"product","link":"https:\/\/360scooters.com\/es\/producto\/smartgyro-k2-pro-xl-black-certificado\/","title":{"rendered":"smartGyro K2 PRO XL Black Certificado"},"content":{"rendered":"<h3><strong>Incre\u00edble rendimiento y comodidad superior: Descubre el Nuevo smartGyro K2 Pro XL Black<\/strong><\/h3>\n<p>Presentamos una evoluci\u00f3n impresionante de uno de nuestros destacados patinetes el\u00e9ctricos. En esta <strong>versi\u00f3n mejorada<\/strong>\u00a0hemos <strong>aumentado su rendimiento,<\/strong>\u00a0equipado una extraordinaria <strong>bater\u00eda de 15 Ah<\/strong>, permiti\u00e9ndote recorrer<strong> hasta 60 Km con una sola carga.<\/strong><\/p>\n<p><strong>Una combinaci\u00f3n excepcional de potencia y ligereza:<\/strong> su <strong>motor de 1000W<\/strong> supera cualquier pendiente, mientras que su peso ligero de 22 Kg y estructura s\u00f3lida garantizan una experiencia sin igual.<\/p>\n<p>La <strong>bater\u00eda de 15.000 mAh<\/strong> ofrece un alcance extendido (hasta 60 Km con una sola carga). Sus<strong> ruedas neum\u00e1ticas de 12\u201d<\/strong>, motor Brushless de 1000W (900W nominales), potentes focos de led delanteros (superior e inferior), <strong>4 intermitentes (2 en empu\u00f1aduras y 2 traseros)<\/strong>, y su resistente estructura con una suspensi\u00f3n de largo recorrido lo convierten en el medio de transporte ideal para tu rutina diaria.<\/p>\n<p>Experiencia de conducci\u00f3n c\u00f3moda y ergon\u00f3mica garantizada: la <strong>horquilla de suspensi\u00f3n de largo recorrido<\/strong> en la rueda delantera asegura un trayecto sin vibraciones molestas. Los baches apenas se sentir\u00e1n, permiti\u00e9ndote disfrutar de un viaje sin preocupaciones.<\/p>\n<p><strong>Aprovecha al m\u00e1ximo tus desplazamientos con el smartGyro K2 Pro XL Black, tu mejor aliado para el d\u00eda a d\u00eda.<\/strong><\/p>\n<p><strong>Caracter\u00edsticas de smartgyro K2 Pro XL:<\/strong><\/p>\n<ul>\n<li><strong>Motor con potencia nominal de 900W 48V (pot. pico de 1000w).<\/strong><\/li>\n<li><strong>Bater\u00eda de litio eficiente y estable de 15 Ah, autonom\u00eda de hasta 60 kms.<\/strong><\/li>\n<li><strong>Tiempo de carga m\u00e1xima de 8 horas.<\/strong><\/li>\n<li><strong>Ruedas de 12\u201d neum\u00e1ticas, resistentes y estables. Ruedas mixtas, anchas y de m\u00e1xima calidad, que proporcionan tracci\u00f3n en terrenos irregulares y resbaladizos.<br \/>\n<\/strong><\/li>\n<li><strong>Suspensiones de largo recorrido,<\/strong> son ideales para transitar por entornos urbanos, ya que brindan una experiencia de conducci\u00f3n que se traduce en <strong>mayor comodidad y ergonom\u00eda para el conductor.<\/strong><\/li>\n<li><strong>Doble sistema de iluminaci\u00f3n frontal<\/strong> que incluye dos focos Led, uno ubicado en el manillar para brindar visibilidad en la direcci\u00f3n de conducci\u00f3n y otro estrat\u00e9gicamente posicionado en la parte inferior para iluminar el camino de manera eficiente.<\/li>\n<li><strong>Intermitentes delanteros incorporados en las empu\u00f1aduras y traseros en la parte posterior,<\/strong> luz de freno trasera para que te vean mientras circulas.<\/li>\n<li><strong>El control de mandos ha sido mejorado notablemente,<\/strong> incorporando un selector de intermitentes, una bocina y control de iluminaci\u00f3n. <strong>Ofrece una experiencia de manejo m\u00e1s intuitiva y completa.<\/strong><\/li>\n<li><strong>Velocidad m\u00e1xima de 25 kms por hora. 3 velocidades.<\/strong><\/li>\n<li><strong>Incorpora freno delantero de disco, trasero de disco y frenada regenerativa.<\/strong><\/li>\n<li>Con triple frenada: <strong>Freno de disco delantero, de disco trasero y frenada regenerativa.<\/strong><\/li>\n<li><strong>Display frontal<\/strong> (cuenta kil\u00f3metros parcial y total, marchas, indicador de velocidad, etc&#8230;)<\/li>\n<li><strong>APP para tel\u00e9fono m\u00f3vil con sistema antirrobo<\/strong> con el que podr\u00e1s bloquear el pat\u00edn a distancia, ver informaci\u00f3n del SmartGyro en el m\u00f3vil, modo de ajuste, acumulaci\u00f3n de kil\u00f3metros, distancia recorrida, estado de la bater\u00eda, etc<\/li>\n<li><strong>Bocina electr\u00f3nica<\/strong>, garantizando una comunicaci\u00f3n efectiva y segura en diversas situaciones y entornos.<\/li>\n<li>Resistencia al agua IPX4<\/li>\n<li>Medidas de seguridad: Protecci\u00f3n contra sobrepresi\u00f3n, bajo voltaje, cortocircuito y sobrecalentamiento.<\/li>\n<li>Tama\u00f1o del scooter sin plegar: 129,5*62,4*129 cm<\/li>\n<li>Tama\u00f1o del scooter plegado: 129,5*62,4*60 cm<\/li>\n<li>Peso del scooter: \u00a021,60 kg<\/li>\n<li>Tama\u00f1o de la caja: 127*20,5*60 cm<\/li>\n<li>Patinete el\u00e9ctrico Homologado por la DGT con placa identificativa. Cumple con los requisitos de la nueva normativa de circulaci\u00f3n.<\/li>\n<\/ul>\n<p>Estos datos pueden variar dependiendo de la velocidad, peso de la persona y carga de la unidad (rango t\u00edpico: carga m\u00e1xima, 75 kg de carga, 25\u00baC y a un 60% de velocidad m\u00e1xima promedio en superficie plana)<\/p>\n<p><em>\u201cLas im\u00e1genes son referenciales, los colores pueden variar ligeramente dependiendo de la luz, impresi\u00f3n y\/o configuraci\u00f3n de pantalla\u201d.<\/em><\/p>\n<p><em>Este pat\u00edn ha sido certificado para su circulaci\u00f3n conforme a las normativas vigentes. Para obtener dicha certificaci\u00f3n se ha sometido a exhaustivos ensayos mec\u00e1nicos, el\u00e9ctricos y din\u00e1micos. Cualquier modificaci\u00f3n \u00a0del pat\u00edn, instalaci\u00f3n de elementos no originales, tales como bater\u00edas suplementarias, controladoras no originales, etc. conllevar\u00e1, no solo la p\u00e9rdida de garant\u00eda, si no tambi\u00e9n la descarga de responsabilidad del fabricante frente a posibles accidentes ocurridos tanto circulando como en reposo. La modificaci\u00f3n del pat\u00edn, especialmente en su parte el\u00e9ctrica, conlleva serio riesgo de incendio con el consiguiente peligro para las personas y las cosas.<\/em><\/p>\n","protected":false},"excerpt":{"rendered":"<div id=\"product-description-short-1197\" class=\"rte-content product-description\">\n<h4>Patinete el\u00e9ctrico certificado con una potencia m\u00e1xima de 1000W 48V, bater\u00eda de litio de 15.000 mAh con hasta 60 km de autonom\u00eda, ruedas de 12&#8243; neum\u00e1ticas, suspensi\u00f3n delantera y trasera, triple frenada, intermitentes y APP compatible: smartGyro K2 Pro XL Black.<\/h4>\n<p><strong>\u00a1Potente, urbano y \u00e1gil!<\/strong><\/p>\n<div class=\"product-variants js-product-variants\">\n<p><img decoding=\"async\" class=\"alignnone size-full wp-image-8484\" src=\"https:\/\/360scooters.com\/wp-content\/uploads\/2022\/07\/DGT.png\" alt=\"\" width=\"584\" height=\"84\" \/><\/p>\n<table>\n<tbody>\n<tr>\n<td><strong>Potencia nominal<br \/>\n<\/strong><\/td>\n<td>900W<\/td>\n<\/tr>\n<tr>\n<td><strong>Potencia m\u00e1xima<br \/>\n<\/strong><\/td>\n<td>1000W<\/td>\n<\/tr>\n<tr>\n<td><strong>Bater\u00eda<\/strong><\/td>\n<td>48v \u2013 15Ah<\/td>\n<\/tr>\n<tr>\n<td><strong>Velocidad<\/strong><\/td>\n<td>Hasta 25km\/h<\/td>\n<\/tr>\n<tr>\n<td><strong>Autonom\u00eda<\/strong><\/td>\n<td>Hasta 60km<\/td>\n<\/tr>\n<tr>\n<td><strong>Peso<\/strong><\/td>\n<td>21,6 Kg<\/td>\n<\/tr>\n<tr>\n<td><strong>Tiempo de carga<\/strong><\/td>\n<td>8H<\/td>\n<\/tr>\n<tr>\n<td><strong>Frenos<\/strong><\/td>\n<td>Delantero y trasero de Disco<\/td>\n<\/tr>\n<\/tbody>\n<\/table>\n<p><em>*Los precios, ofertas y promociones reflejados en esta web son exclusivos para compras online.<\/em><\/p>\n<\/div>\n<\/div>\n","protected":false},"featured_media":1433,"template":"","meta":[],"product_brand":[],"product_cat":[29,126],"product_tag":[271],"scooter_compatibility":[],"class_list":{"0":"post-1432","1":"product","2":"type-product","3":"status-publish","4":"has-post-thumbnail","6":"product_cat-gama-pro","7":"product_cat-smartgyro-2","8":"product_tag-precios-derretidos","9":"product_shipping_class-patinetes-electricos","10":"pa_marca-smartgyro","12":"first","13":"outofstock","14":"sale","15":"taxable","16":"shipping-taxable","17":"purchasable","18":"product-type-simple"},"yoast_head":"<!-- This site is optimized with the Yoast SEO plugin v26.9 - https:\/\/yoast.com\/product\/yoast-seo-wordpress\/ -->\n<title>smartGyro K2 PRO XL Black Certificado - 360Scooters | Tienda-taller de patinetes el\u00e9ctricos<\/title>\n<meta name=\"robots\" content=\"index, follow, max-snippet:-1, max-image-preview:large, max-video-preview:-1\" \/>\n<link rel=\"canonical\" href=\"https:\/\/360scooters.com\/es\/producto\/smartgyro-k2-pro-xl-black-certificado\/\" \/>\n<meta property=\"og:locale\" content=\"es_ES\" \/>\n<meta property=\"og:type\" content=\"article\" \/>\n<meta property=\"og:title\" content=\"smartGyro K2 PRO XL Black Certificado - 360Scooters | Tienda-taller de patinetes el\u00e9ctricos\" \/>\n<meta property=\"og:description\" content=\"Patinete el\u00e9ctrico certificado con una potencia m\u00e1xima de 1000W 48V, bater\u00eda de litio de 15.000 mAh con hasta 60 km de autonom\u00eda, ruedas de 12&quot; neum\u00e1ticas, suspensi\u00f3n delantera y trasera, triple frenada, intermitentes y APP compatible: smartGyro K2 Pro XL Black. \u00a1Potente, urbano y \u00e1gil!       Potencia nominal  900W   Potencia m\u00e1xima  1000W   Bater\u00eda 48v \u2013 15Ah   Velocidad Hasta 25km\/h   Autonom\u00eda Hasta 60km   Peso 21,6 Kg   Tiempo de carga 8H   Frenos Delantero y trasero de Disco    *Los precios, ofertas y promociones reflejados en esta web son exclusivos para compras online.\" \/>\n<meta property=\"og:url\" content=\"https:\/\/360scooters.com\/es\/producto\/smartgyro-k2-pro-xl-black-certificado\/\" \/>\n<meta property=\"og:site_name\" content=\"360Scooters | Tienda-taller de patinetes el\u00e9ctricos\" \/>\n<meta property=\"article:modified_time\" content=\"2026-01-15T12:53:31+00:00\" \/>\n<meta property=\"og:image\" content=\"https:\/\/360scooters.com\/es\/wp-content\/uploads\/sites\/2\/2024\/03\/patinete-electrico-smartgyro-k2-pro-xl-black-certificado.jpg\" \/>\n\t<meta property=\"og:image:width\" content=\"1500\" \/>\n\t<meta property=\"og:image:height\" content=\"1500\" \/>\n\t<meta property=\"og:image:type\" content=\"image\/jpeg\" \/>\n<meta name=\"twitter:card\" content=\"summary_large_image\" \/>\n<meta name=\"twitter:label1\" content=\"Tiempo de lectura\" \/>\n\t<meta name=\"twitter:data1\" content=\"4 minutos\" \/>\n<script type=\"application\/ld+json\" class=\"yoast-schema-graph\">{\"@context\":\"https:\/\/schema.org\",\"@graph\":[{\"@type\":\"WebPage\",\"@id\":\"https:\/\/360scooters.com\/es\/producto\/smartgyro-k2-pro-xl-black-certificado\/\",\"url\":\"https:\/\/360scooters.com\/es\/producto\/smartgyro-k2-pro-xl-black-certificado\/\",\"name\":\"smartGyro K2 PRO XL Black Certificado - 360Scooters | Tienda-taller de patinetes el\u00e9ctricos\",\"isPartOf\":{\"@id\":\"https:\/\/360scooters.com\/es\/#website\"},\"primaryImageOfPage\":{\"@id\":\"https:\/\/360scooters.com\/es\/producto\/smartgyro-k2-pro-xl-black-certificado\/#primaryimage\"},\"image\":{\"@id\":\"https:\/\/360scooters.com\/es\/producto\/smartgyro-k2-pro-xl-black-certificado\/#primaryimage\"},\"thumbnailUrl\":\"https:\/\/360scooters.com\/es\/wp-content\/uploads\/sites\/2\/2024\/03\/patinete-electrico-smartgyro-k2-pro-xl-black-certificado.jpg\",\"datePublished\":\"2024-03-06T08:38:27+00:00\",\"dateModified\":\"2026-01-15T12:53:31+00:00\",\"breadcrumb\":{\"@id\":\"https:\/\/360scooters.com\/es\/producto\/smartgyro-k2-pro-xl-black-certificado\/#breadcrumb\"},\"inLanguage\":\"es\",\"potentialAction\":[{\"@type\":\"ReadAction\",\"target\":[\"https:\/\/360scooters.com\/es\/producto\/smartgyro-k2-pro-xl-black-certificado\/\"]}]},{\"@type\":\"ImageObject\",\"inLanguage\":\"es\",\"@id\":\"https:\/\/360scooters.com\/es\/producto\/smartgyro-k2-pro-xl-black-certificado\/#primaryimage\",\"url\":\"https:\/\/360scooters.com\/es\/wp-content\/uploads\/sites\/2\/2024\/03\/patinete-electrico-smartgyro-k2-pro-xl-black-certificado.jpg\",\"contentUrl\":\"https:\/\/360scooters.com\/es\/wp-content\/uploads\/sites\/2\/2024\/03\/patinete-electrico-smartgyro-k2-pro-xl-black-certificado.jpg\",\"width\":1500,\"height\":1500},{\"@type\":\"BreadcrumbList\",\"@id\":\"https:\/\/360scooters.com\/es\/producto\/smartgyro-k2-pro-xl-black-certificado\/#breadcrumb\",\"itemListElement\":[{\"@type\":\"ListItem\",\"position\":1,\"name\":\"Portada\",\"item\":\"https:\/\/360scooters.com\/es\/\"},{\"@type\":\"ListItem\",\"position\":2,\"name\":\"Tienda\",\"item\":\"https:\/\/360scooters.com\/es\/tienda\/\"},{\"@type\":\"ListItem\",\"position\":3,\"name\":\"smartGyro K2 PRO XL Black Certificado\"}]},{\"@type\":\"WebSite\",\"@id\":\"https:\/\/360scooters.com\/es\/#website\",\"url\":\"https:\/\/360scooters.com\/es\/\",\"name\":\"360Scooters - Patinetes el\u00e9ctricos en Pen\u00ednsula y Baleares - Patinetes Madrid - Patinetes Alicante - Patinetes Barcelona\",\"description\":\"\",\"publisher\":{\"@id\":\"https:\/\/360scooters.com\/es\/#organization\"},\"potentialAction\":[{\"@type\":\"SearchAction\",\"target\":{\"@type\":\"EntryPoint\",\"urlTemplate\":\"https:\/\/360scooters.com\/es\/?s={search_term_string}\"},\"query-input\":{\"@type\":\"PropertyValueSpecification\",\"valueRequired\":true,\"valueName\":\"search_term_string\"}}],\"inLanguage\":\"es\"},{\"@type\":\"Organization\",\"@id\":\"https:\/\/360scooters.com\/es\/#organization\",\"name\":\"360Scooters - Patinetes el\u00e9ctricos en Pen\u00ednsula y Baleares - Patinetes Madrid - Patinetes Alicante - Patinetes Barcelona\",\"url\":\"https:\/\/360scooters.com\/es\/\",\"logo\":{\"@type\":\"ImageObject\",\"inLanguage\":\"es\",\"@id\":\"https:\/\/360scooters.com\/es\/#\/schema\/logo\/image\/\",\"url\":\"https:\/\/360scooters.com\/es\/wp-content\/uploads\/sites\/2\/2024\/02\/logo-claimweb-e1727166047230.png\",\"contentUrl\":\"https:\/\/360scooters.com\/es\/wp-content\/uploads\/sites\/2\/2024\/02\/logo-claimweb-e1727166047230.png\",\"width\":214,\"height\":54,\"caption\":\"360Scooters - Patinetes el\u00e9ctricos en Pen\u00ednsula y Baleares - Patinetes Madrid - Patinetes Alicante - Patinetes Barcelona\"},\"image\":{\"@id\":\"https:\/\/360scooters.com\/es\/#\/schema\/logo\/image\/\"}}]}<\/script>\n<!-- \/ Yoast SEO plugin. -->","yoast_head_json":{"title":"smartGyro K2 PRO XL Black Certificado - 360Scooters | Tienda-taller de patinetes el\u00e9ctricos","robots":{"index":"index","follow":"follow","max-snippet":"max-snippet:-1","max-image-preview":"max-image-preview:large","max-video-preview":"max-video-preview:-1"},"canonical":"https:\/\/360scooters.com\/es\/producto\/smartgyro-k2-pro-xl-black-certificado\/","og_locale":"es_ES","og_type":"article","og_title":"smartGyro K2 PRO XL Black Certificado - 360Scooters | Tienda-taller de patinetes el\u00e9ctricos","og_description":"Patinete el\u00e9ctrico certificado con una potencia m\u00e1xima de 1000W 48V, bater\u00eda de litio de 15.000 mAh con hasta 60 km de autonom\u00eda, ruedas de 12\" neum\u00e1ticas, suspensi\u00f3n delantera y trasera, triple frenada, intermitentes y APP compatible: smartGyro K2 Pro XL Black. \u00a1Potente, urbano y \u00e1gil!       Potencia nominal  900W   Potencia m\u00e1xima  1000W   Bater\u00eda 48v \u2013 15Ah   Velocidad Hasta 25km\/h   Autonom\u00eda Hasta 60km   Peso 21,6 Kg   Tiempo de carga 8H   Frenos Delantero y trasero de Disco    *Los precios, ofertas y promociones reflejados en esta web son exclusivos para compras online.","og_url":"https:\/\/360scooters.com\/es\/producto\/smartgyro-k2-pro-xl-black-certificado\/","og_site_name":"360Scooters | Tienda-taller de patinetes el\u00e9ctricos","article_modified_time":"2026-01-15T12:53:31+00:00","og_image":[{"width":1500,"height":1500,"url":"https:\/\/360scooters.com\/es\/wp-content\/uploads\/sites\/2\/2024\/03\/patinete-electrico-smartgyro-k2-pro-xl-black-certificado.jpg","type":"image\/jpeg"}],"twitter_card":"summary_large_image","twitter_misc":{"Tiempo de lectura":"4 minutos"},"schema":{"@context":"https:\/\/schema.org","@graph":[{"@type":"WebPage","@id":"https:\/\/360scooters.com\/es\/producto\/smartgyro-k2-pro-xl-black-certificado\/","url":"https:\/\/360scooters.com\/es\/producto\/smartgyro-k2-pro-xl-black-certificado\/","name":"smartGyro K2 PRO XL Black Certificado - 360Scooters | Tienda-taller de patinetes el\u00e9ctricos","isPartOf":{"@id":"https:\/\/360scooters.com\/es\/#website"},"primaryImageOfPage":{"@id":"https:\/\/360scooters.com\/es\/producto\/smartgyro-k2-pro-xl-black-certificado\/#primaryimage"},"image":{"@id":"https:\/\/360scooters.com\/es\/producto\/smartgyro-k2-pro-xl-black-certificado\/#primaryimage"},"thumbnailUrl":"https:\/\/360scooters.com\/es\/wp-content\/uploads\/sites\/2\/2024\/03\/patinete-electrico-smartgyro-k2-pro-xl-black-certificado.jpg","datePublished":"2024-03-06T08:38:27+00:00","dateModified":"2026-01-15T12:53:31+00:00","breadcrumb":{"@id":"https:\/\/360scooters.com\/es\/producto\/smartgyro-k2-pro-xl-black-certificado\/#breadcrumb"},"inLanguage":"es","potentialAction":[{"@type":"ReadAction","target":["https:\/\/360scooters.com\/es\/producto\/smartgyro-k2-pro-xl-black-certificado\/"]}]},{"@type":"ImageObject","inLanguage":"es","@id":"https:\/\/360scooters.com\/es\/producto\/smartgyro-k2-pro-xl-black-certificado\/#primaryimage","url":"https:\/\/360scooters.com\/es\/wp-content\/uploads\/sites\/2\/2024\/03\/patinete-electrico-smartgyro-k2-pro-xl-black-certificado.jpg","contentUrl":"https:\/\/360scooters.com\/es\/wp-content\/uploads\/sites\/2\/2024\/03\/patinete-electrico-smartgyro-k2-pro-xl-black-certificado.jpg","width":1500,"height":1500},{"@type":"BreadcrumbList","@id":"https:\/\/360scooters.com\/es\/producto\/smartgyro-k2-pro-xl-black-certificado\/#breadcrumb","itemListElement":[{"@type":"ListItem","position":1,"name":"Portada","item":"https:\/\/360scooters.com\/es\/"},{"@type":"ListItem","position":2,"name":"Tienda","item":"https:\/\/360scooters.com\/es\/tienda\/"},{"@type":"ListItem","position":3,"name":"smartGyro K2 PRO XL Black Certificado"}]},{"@type":"WebSite","@id":"https:\/\/360scooters.com\/es\/#website","url":"https:\/\/360scooters.com\/es\/","name":"360Scooters - Patinetes el\u00e9ctricos en Pen\u00ednsula y Baleares - Patinetes Madrid - Patinetes Alicante - Patinetes Barcelona","description":"","publisher":{"@id":"https:\/\/360scooters.com\/es\/#organization"},"potentialAction":[{"@type":"SearchAction","target":{"@type":"EntryPoint","urlTemplate":"https:\/\/360scooters.com\/es\/?s={search_term_string}"},"query-input":{"@type":"PropertyValueSpecification","valueRequired":true,"valueName":"search_term_string"}}],"inLanguage":"es"},{"@type":"Organization","@id":"https:\/\/360scooters.com\/es\/#organization","name":"360Scooters - Patinetes el\u00e9ctricos en Pen\u00ednsula y Baleares - Patinetes Madrid - Patinetes Alicante - Patinetes Barcelona","url":"https:\/\/360scooters.com\/es\/","logo":{"@type":"ImageObject","inLanguage":"es","@id":"https:\/\/360scooters.com\/es\/#\/schema\/logo\/image\/","url":"https:\/\/360scooters.com\/es\/wp-content\/uploads\/sites\/2\/2024\/02\/logo-claimweb-e1727166047230.png","contentUrl":"https:\/\/360scooters.com\/es\/wp-content\/uploads\/sites\/2\/2024\/02\/logo-claimweb-e1727166047230.png","width":214,"height":54,"caption":"360Scooters - Patinetes el\u00e9ctricos en Pen\u00ednsula y Baleares - Patinetes Madrid - Patinetes Alicante - Patinetes Barcelona"},"image":{"@id":"https:\/\/360scooters.com\/es\/#\/schema\/logo\/image\/"}}]}},"_links":{"self":[{"href":"https:\/\/360scooters.com\/es\/wp-json\/wp\/v2\/product\/1432","targetHints":{"allow":["GET"]}}],"collection":[{"href":"https:\/\/360scooters.com\/es\/wp-json\/wp\/v2\/product"}],"about":[{"href":"https:\/\/360scooters.com\/es\/wp-json\/wp\/v2\/types\/product"}],"version-history":[{"count":2,"href":"https:\/\/360scooters.com\/es\/wp-json\/wp\/v2\/product\/1432\/revisions"}],"predecessor-version":[{"id":8363,"href":"https:\/\/360scooters.com\/es\/wp-json\/wp\/v2\/product\/1432\/revisions\/8363"}],"wp:featuredmedia":[{"embeddable":true,"href":"https:\/\/360scooters.com\/es\/wp-json\/wp\/v2\/media\/1433"}],"wp:attachment":[{"href":"https:\/\/360scooters.com\/es\/wp-json\/wp\/v2\/media?parent=1432"}],"wp:term":[{"taxonomy":"product_brand","embeddable":true,"href":"https:\/\/360scooters.com\/es\/wp-json\/wp\/v2\/product_brand?post=1432"},{"taxonomy":"product_cat","embeddable":true,"href":"https:\/\/360scooters.com\/es\/wp-json\/wp\/v2\/product_cat?post=1432"},{"taxonomy":"product_tag","embeddable":true,"href":"https:\/\/360scooters.com\/es\/wp-json\/wp\/v2\/product_tag?post=1432"},{"taxonomy":"scooter_compatibility","embeddable":true,"href":"https:\/\/360scooters.com\/es\/wp-json\/wp\/v2\/scooter_compatibility?post=1432"}],"curies":[{"name":"wp","href":"https:\/\/api.w.org\/{rel}","templated":true}]}}