{"id":1242,"date":"2024-02-12T12:08:32","date_gmt":"2024-02-12T11:08:32","guid":{"rendered":"https:\/\/360scooters.com\/es\/?post_type=product&#038;p=1242"},"modified":"2025-09-05T21:30:19","modified_gmt":"2025-09-05T19:30:19","slug":"camara-de-aire-recta-10x2-ewheel","status":"publish","type":"product","link":"https:\/\/360scooters.com\/es\/producto\/camara-de-aire-recta-10x2-ewheel\/","title":{"rendered":"C\u00e1mara de aire 10\u00d72 v\u00e1lvula recta"},"content":{"rendered":"<p data-start=\"133\" data-end=\"502\">Asegura el mejor rendimiento en cada trayecto con esta <strong data-start=\"188\" data-end=\"229\">c\u00e1mara de aire 10&#215;2 con v\u00e1lvula recta<\/strong>, dise\u00f1ada para ofrecer m\u00e1xima durabilidad y adaptabilidad a distintos modelos de patinetes el\u00e9ctricos. Fabricada con materiales de alta calidad, proporciona una mayor resistencia a pinchazos y un excelente ajuste, optimizando la estabilidad y seguridad en la conducci\u00f3n.<\/p>\n<p data-start=\"504\" data-end=\"803\">Su <strong data-start=\"507\" data-end=\"524\">v\u00e1lvula recta<\/strong> facilita tanto la instalaci\u00f3n como el inflado, permitiendo un mantenimiento r\u00e1pido y sencillo. Ya sea para un reemplazo o como repuesto, esta c\u00e1mara de aire es la soluci\u00f3n perfecta para prolongar la vida \u00fatil de tus neum\u00e1ticos y disfrutar de una conducci\u00f3n sin preocupaciones.<\/p>\n<p data-start=\"504\" data-end=\"803\"><strong>Compatibilidad con:<\/strong><\/p>\n<ul>\n<li data-start=\"504\" data-end=\"803\">C\u00e1mara para Xiaomi (con Kit 10&#8243;)<\/li>\n<li data-start=\"504\" data-end=\"803\">C\u00e1mara para Smartgyro Baggio<\/li>\n<li data-start=\"504\" data-end=\"803\">C\u00e1mara para Smartgyro Ziro<\/li>\n<li data-start=\"504\" data-end=\"803\">C\u00e1mara para Smartgyro Z-One y Smartgyro Z-Pro<\/li>\n<\/ul>\n","protected":false},"excerpt":{"rendered":"<p>Equipa tu patinete el\u00e9ctrico con esta <strong data-start=\"952\" data-end=\"975\">c\u00e1mara de aire 10&#215;2<\/strong> de alta resistencia. Su <strong data-start=\"1000\" data-end=\"1017\">v\u00e1lvula recta<\/strong> facilita el inflado y el montaje, proporcionando un ajuste perfecto y una conducci\u00f3n segura en cada trayecto.<\/p>\n","protected":false},"featured_media":7255,"template":"","meta":[],"product_brand":[],"product_cat":[287,106],"product_tag":[],"scooter_compatibility":[],"class_list":{"0":"post-1242","1":"product","2":"type-product","3":"status-publish","4":"has-post-thumbnail","6":"product_cat-camaras","7":"product_cat-neumaticos","9":"first","10":"instock","11":"taxable","12":"shipping-taxable","13":"purchasable","14":"product-type-simple"},"yoast_head":"<!-- This site is optimized with the Yoast SEO plugin v26.9 - https:\/\/yoast.com\/product\/yoast-seo-wordpress\/ -->\n<title>C\u00e1mara de aire 10\u00d72 v\u00e1lvula recta - 360Scooters | Tienda-taller de patinetes el\u00e9ctricos<\/title>\n<meta name=\"robots\" content=\"index, follow, max-snippet:-1, max-image-preview:large, max-video-preview:-1\" \/>\n<link rel=\"canonical\" href=\"https:\/\/360scooters.com\/es\/producto\/camara-de-aire-recta-10x2-ewheel\/\" \/>\n<meta property=\"og:locale\" content=\"es_ES\" \/>\n<meta property=\"og:type\" content=\"article\" \/>\n<meta property=\"og:title\" content=\"C\u00e1mara de aire 10\u00d72 v\u00e1lvula recta - 360Scooters | Tienda-taller de patinetes el\u00e9ctricos\" \/>\n<meta property=\"og:description\" content=\"Equipa tu patinete el\u00e9ctrico con esta c\u00e1mara de aire 10x2 de alta resistencia. Su v\u00e1lvula recta facilita el inflado y el montaje, proporcionando un ajuste perfecto y una conducci\u00f3n segura en cada trayecto.\" \/>\n<meta property=\"og:url\" content=\"https:\/\/360scooters.com\/es\/producto\/camara-de-aire-recta-10x2-ewheel\/\" \/>\n<meta property=\"og:site_name\" content=\"360Scooters | Tienda-taller de patinetes el\u00e9ctricos\" \/>\n<meta property=\"article:modified_time\" content=\"2025-09-05T19:30:19+00:00\" \/>\n<meta property=\"og:image\" content=\"https:\/\/360scooters.com\/es\/wp-content\/uploads\/sites\/2\/2024\/02\/MINIATURA-PRODUCTO-29.png\" \/>\n\t<meta property=\"og:image:width\" content=\"1080\" \/>\n\t<meta property=\"og:image:height\" content=\"1080\" \/>\n\t<meta property=\"og:image:type\" content=\"image\/png\" \/>\n<meta name=\"twitter:card\" content=\"summary_large_image\" \/>\n<meta name=\"twitter:label1\" content=\"Tiempo de lectura\" \/>\n\t<meta name=\"twitter:data1\" content=\"1 minuto\" \/>\n<script type=\"application\/ld+json\" class=\"yoast-schema-graph\">{\"@context\":\"https:\/\/schema.org\",\"@graph\":[{\"@type\":\"WebPage\",\"@id\":\"https:\/\/360scooters.com\/es\/producto\/camara-de-aire-recta-10x2-ewheel\/\",\"url\":\"https:\/\/360scooters.com\/es\/producto\/camara-de-aire-recta-10x2-ewheel\/\",\"name\":\"C\u00e1mara de aire 10\u00d72 v\u00e1lvula recta - 360Scooters | Tienda-taller de patinetes el\u00e9ctricos\",\"isPartOf\":{\"@id\":\"https:\/\/360scooters.com\/es\/#website\"},\"primaryImageOfPage\":{\"@id\":\"https:\/\/360scooters.com\/es\/producto\/camara-de-aire-recta-10x2-ewheel\/#primaryimage\"},\"image\":{\"@id\":\"https:\/\/360scooters.com\/es\/producto\/camara-de-aire-recta-10x2-ewheel\/#primaryimage\"},\"thumbnailUrl\":\"https:\/\/360scooters.com\/es\/wp-content\/uploads\/sites\/2\/2024\/02\/MINIATURA-PRODUCTO-29.png\",\"datePublished\":\"2024-02-12T11:08:32+00:00\",\"dateModified\":\"2025-09-05T19:30:19+00:00\",\"breadcrumb\":{\"@id\":\"https:\/\/360scooters.com\/es\/producto\/camara-de-aire-recta-10x2-ewheel\/#breadcrumb\"},\"inLanguage\":\"es\",\"potentialAction\":[{\"@type\":\"ReadAction\",\"target\":[\"https:\/\/360scooters.com\/es\/producto\/camara-de-aire-recta-10x2-ewheel\/\"]}]},{\"@type\":\"ImageObject\",\"inLanguage\":\"es\",\"@id\":\"https:\/\/360scooters.com\/es\/producto\/camara-de-aire-recta-10x2-ewheel\/#primaryimage\",\"url\":\"https:\/\/360scooters.com\/es\/wp-content\/uploads\/sites\/2\/2024\/02\/MINIATURA-PRODUCTO-29.png\",\"contentUrl\":\"https:\/\/360scooters.com\/es\/wp-content\/uploads\/sites\/2\/2024\/02\/MINIATURA-PRODUCTO-29.png\",\"width\":1080,\"height\":1080,\"caption\":\"C\u00e1mara de aire 10\u00d72 v\u00e1lvula recta\"},{\"@type\":\"BreadcrumbList\",\"@id\":\"https:\/\/360scooters.com\/es\/producto\/camara-de-aire-recta-10x2-ewheel\/#breadcrumb\",\"itemListElement\":[{\"@type\":\"ListItem\",\"position\":1,\"name\":\"Portada\",\"item\":\"https:\/\/360scooters.com\/es\/\"},{\"@type\":\"ListItem\",\"position\":2,\"name\":\"Tienda\",\"item\":\"https:\/\/360scooters.com\/es\/tienda\/\"},{\"@type\":\"ListItem\",\"position\":3,\"name\":\"C\u00e1mara de aire 10\u00d72 v\u00e1lvula recta\"}]},{\"@type\":\"WebSite\",\"@id\":\"https:\/\/360scooters.com\/es\/#website\",\"url\":\"https:\/\/360scooters.com\/es\/\",\"name\":\"360Scooters - Patinetes el\u00e9ctricos en Pen\u00ednsula y Baleares - Patinetes Madrid - Patinetes Alicante - Patinetes Barcelona\",\"description\":\"\",\"publisher\":{\"@id\":\"https:\/\/360scooters.com\/es\/#organization\"},\"potentialAction\":[{\"@type\":\"SearchAction\",\"target\":{\"@type\":\"EntryPoint\",\"urlTemplate\":\"https:\/\/360scooters.com\/es\/?s={search_term_string}\"},\"query-input\":{\"@type\":\"PropertyValueSpecification\",\"valueRequired\":true,\"valueName\":\"search_term_string\"}}],\"inLanguage\":\"es\"},{\"@type\":\"Organization\",\"@id\":\"https:\/\/360scooters.com\/es\/#organization\",\"name\":\"360Scooters - Patinetes el\u00e9ctricos en Pen\u00ednsula y Baleares - Patinetes Madrid - Patinetes Alicante - Patinetes Barcelona\",\"url\":\"https:\/\/360scooters.com\/es\/\",\"logo\":{\"@type\":\"ImageObject\",\"inLanguage\":\"es\",\"@id\":\"https:\/\/360scooters.com\/es\/#\/schema\/logo\/image\/\",\"url\":\"https:\/\/360scooters.com\/es\/wp-content\/uploads\/sites\/2\/2024\/02\/logo-claimweb-e1727166047230.png\",\"contentUrl\":\"https:\/\/360scooters.com\/es\/wp-content\/uploads\/sites\/2\/2024\/02\/logo-claimweb-e1727166047230.png\",\"width\":214,\"height\":54,\"caption\":\"360Scooters - Patinetes el\u00e9ctricos en Pen\u00ednsula y Baleares - Patinetes Madrid - Patinetes Alicante - Patinetes Barcelona\"},\"image\":{\"@id\":\"https:\/\/360scooters.com\/es\/#\/schema\/logo\/image\/\"}}]}<\/script>\n<!-- \/ Yoast SEO plugin. -->","yoast_head_json":{"title":"C\u00e1mara de aire 10\u00d72 v\u00e1lvula recta - 360Scooters | Tienda-taller de patinetes el\u00e9ctricos","robots":{"index":"index","follow":"follow","max-snippet":"max-snippet:-1","max-image-preview":"max-image-preview:large","max-video-preview":"max-video-preview:-1"},"canonical":"https:\/\/360scooters.com\/es\/producto\/camara-de-aire-recta-10x2-ewheel\/","og_locale":"es_ES","og_type":"article","og_title":"C\u00e1mara de aire 10\u00d72 v\u00e1lvula recta - 360Scooters | Tienda-taller de patinetes el\u00e9ctricos","og_description":"Equipa tu patinete el\u00e9ctrico con esta c\u00e1mara de aire 10x2 de alta resistencia. Su v\u00e1lvula recta facilita el inflado y el montaje, proporcionando un ajuste perfecto y una conducci\u00f3n segura en cada trayecto.","og_url":"https:\/\/360scooters.com\/es\/producto\/camara-de-aire-recta-10x2-ewheel\/","og_site_name":"360Scooters | Tienda-taller de patinetes el\u00e9ctricos","article_modified_time":"2025-09-05T19:30:19+00:00","og_image":[{"width":1080,"height":1080,"url":"https:\/\/360scooters.com\/es\/wp-content\/uploads\/sites\/2\/2024\/02\/MINIATURA-PRODUCTO-29.png","type":"image\/png"}],"twitter_card":"summary_large_image","twitter_misc":{"Tiempo de lectura":"1 minuto"},"schema":{"@context":"https:\/\/schema.org","@graph":[{"@type":"WebPage","@id":"https:\/\/360scooters.com\/es\/producto\/camara-de-aire-recta-10x2-ewheel\/","url":"https:\/\/360scooters.com\/es\/producto\/camara-de-aire-recta-10x2-ewheel\/","name":"C\u00e1mara de aire 10\u00d72 v\u00e1lvula recta - 360Scooters | Tienda-taller de patinetes el\u00e9ctricos","isPartOf":{"@id":"https:\/\/360scooters.com\/es\/#website"},"primaryImageOfPage":{"@id":"https:\/\/360scooters.com\/es\/producto\/camara-de-aire-recta-10x2-ewheel\/#primaryimage"},"image":{"@id":"https:\/\/360scooters.com\/es\/producto\/camara-de-aire-recta-10x2-ewheel\/#primaryimage"},"thumbnailUrl":"https:\/\/360scooters.com\/es\/wp-content\/uploads\/sites\/2\/2024\/02\/MINIATURA-PRODUCTO-29.png","datePublished":"2024-02-12T11:08:32+00:00","dateModified":"2025-09-05T19:30:19+00:00","breadcrumb":{"@id":"https:\/\/360scooters.com\/es\/producto\/camara-de-aire-recta-10x2-ewheel\/#breadcrumb"},"inLanguage":"es","potentialAction":[{"@type":"ReadAction","target":["https:\/\/360scooters.com\/es\/producto\/camara-de-aire-recta-10x2-ewheel\/"]}]},{"@type":"ImageObject","inLanguage":"es","@id":"https:\/\/360scooters.com\/es\/producto\/camara-de-aire-recta-10x2-ewheel\/#primaryimage","url":"https:\/\/360scooters.com\/es\/wp-content\/uploads\/sites\/2\/2024\/02\/MINIATURA-PRODUCTO-29.png","contentUrl":"https:\/\/360scooters.com\/es\/wp-content\/uploads\/sites\/2\/2024\/02\/MINIATURA-PRODUCTO-29.png","width":1080,"height":1080,"caption":"C\u00e1mara de aire 10\u00d72 v\u00e1lvula recta"},{"@type":"BreadcrumbList","@id":"https:\/\/360scooters.com\/es\/producto\/camara-de-aire-recta-10x2-ewheel\/#breadcrumb","itemListElement":[{"@type":"ListItem","position":1,"name":"Portada","item":"https:\/\/360scooters.com\/es\/"},{"@type":"ListItem","position":2,"name":"Tienda","item":"https:\/\/360scooters.com\/es\/tienda\/"},{"@type":"ListItem","position":3,"name":"C\u00e1mara de aire 10\u00d72 v\u00e1lvula recta"}]},{"@type":"WebSite","@id":"https:\/\/360scooters.com\/es\/#website","url":"https:\/\/360scooters.com\/es\/","name":"360Scooters - Patinetes el\u00e9ctricos en Pen\u00ednsula y Baleares - Patinetes Madrid - Patinetes Alicante - Patinetes Barcelona","description":"","publisher":{"@id":"https:\/\/360scooters.com\/es\/#organization"},"potentialAction":[{"@type":"SearchAction","target":{"@type":"EntryPoint","urlTemplate":"https:\/\/360scooters.com\/es\/?s={search_term_string}"},"query-input":{"@type":"PropertyValueSpecification","valueRequired":true,"valueName":"search_term_string"}}],"inLanguage":"es"},{"@type":"Organization","@id":"https:\/\/360scooters.com\/es\/#organization","name":"360Scooters - Patinetes el\u00e9ctricos en Pen\u00ednsula y Baleares - Patinetes Madrid - Patinetes Alicante - Patinetes Barcelona","url":"https:\/\/360scooters.com\/es\/","logo":{"@type":"ImageObject","inLanguage":"es","@id":"https:\/\/360scooters.com\/es\/#\/schema\/logo\/image\/","url":"https:\/\/360scooters.com\/es\/wp-content\/uploads\/sites\/2\/2024\/02\/logo-claimweb-e1727166047230.png","contentUrl":"https:\/\/360scooters.com\/es\/wp-content\/uploads\/sites\/2\/2024\/02\/logo-claimweb-e1727166047230.png","width":214,"height":54,"caption":"360Scooters - Patinetes el\u00e9ctricos en Pen\u00ednsula y Baleares - Patinetes Madrid - Patinetes Alicante - Patinetes Barcelona"},"image":{"@id":"https:\/\/360scooters.com\/es\/#\/schema\/logo\/image\/"}}]}},"_links":{"self":[{"href":"https:\/\/360scooters.com\/es\/wp-json\/wp\/v2\/product\/1242","targetHints":{"allow":["GET"]}}],"collection":[{"href":"https:\/\/360scooters.com\/es\/wp-json\/wp\/v2\/product"}],"about":[{"href":"https:\/\/360scooters.com\/es\/wp-json\/wp\/v2\/types\/product"}],"version-history":[{"count":4,"href":"https:\/\/360scooters.com\/es\/wp-json\/wp\/v2\/product\/1242\/revisions"}],"predecessor-version":[{"id":7256,"href":"https:\/\/360scooters.com\/es\/wp-json\/wp\/v2\/product\/1242\/revisions\/7256"}],"wp:featuredmedia":[{"embeddable":true,"href":"https:\/\/360scooters.com\/es\/wp-json\/wp\/v2\/media\/7255"}],"wp:attachment":[{"href":"https:\/\/360scooters.com\/es\/wp-json\/wp\/v2\/media?parent=1242"}],"wp:term":[{"taxonomy":"product_brand","embeddable":true,"href":"https:\/\/360scooters.com\/es\/wp-json\/wp\/v2\/product_brand?post=1242"},{"taxonomy":"product_cat","embeddable":true,"href":"https:\/\/360scooters.com\/es\/wp-json\/wp\/v2\/product_cat?post=1242"},{"taxonomy":"product_tag","embeddable":true,"href":"https:\/\/360scooters.com\/es\/wp-json\/wp\/v2\/product_tag?post=1242"},{"taxonomy":"scooter_compatibility","embeddable":true,"href":"https:\/\/360scooters.com\/es\/wp-json\/wp\/v2\/scooter_compatibility?post=1242"}],"curies":[{"name":"wp","href":"https:\/\/api.w.org\/{rel}","templated":true}]}}