{"id":1202,"date":"2024-02-12T11:46:08","date_gmt":"2024-02-12T10:46:08","guid":{"rendered":"https:\/\/360scooters.com\/es\/?post_type=product&#038;p=1202"},"modified":"2025-01-11T12:34:04","modified_gmt":"2025-01-11T11:34:04","slug":"freno-de-tambor-max-g30","status":"publish","type":"product","link":"https:\/\/360scooters.com\/es\/producto\/freno-de-tambor-max-g30\/","title":{"rendered":"Pastilla de freno de tambor para Ninebot serie D\/G30"},"content":{"rendered":"","protected":false},"excerpt":{"rendered":"<div class=\"flex max-w-full flex-col flex-grow\">\n<div class=\"min-h-8 text-message flex w-full flex-col items-end gap-2 whitespace-normal break-words text-start [.text-message+&amp;]:mt-5\" dir=\"auto\" data-message-author-role=\"assistant\" data-message-id=\"a88dcd64-c449-4c0f-9082-42d8d722090a\" data-message-model-slug=\"gpt-4o\">\n<div class=\"flex w-full flex-col gap-1 empty:hidden first:pt-[3px]\">\n<div class=\"markdown prose w-full break-words dark:prose-invert light\">\n<p><strong>Pastilla de freno de tambor para Ninebot Serie D\/G30<\/strong>. Dise\u00f1ada para un rendimiento de frenado seguro y duradero. Fabricada con materiales de alta calidad, f\u00e1cil de instalar y perfecta para un mantenimiento eficaz de tu patinete el\u00e9ctrico.<\/p>\n<p>Compatible con Ninebot Serie D y Ninebot G30<\/p>\n<\/div>\n<\/div>\n<\/div>\n<\/div>\n","protected":false},"featured_media":6219,"template":"","meta":[],"product_brand":[],"product_cat":[96],"product_tag":[],"scooter_compatibility":[],"class_list":{"0":"post-1202","1":"product","2":"type-product","3":"status-publish","4":"has-post-thumbnail","6":"product_cat-frenos","7":"pa_compatible-con-ninebot","8":"pa_marca-ewheel","10":"first","11":"instock","12":"sale","13":"taxable","14":"shipping-taxable","15":"purchasable","16":"product-type-simple"},"yoast_head":"<!-- This site is optimized with the Yoast SEO plugin v26.9 - https:\/\/yoast.com\/product\/yoast-seo-wordpress\/ -->\n<title>Pastilla de freno de tambor para Ninebot serie D\/G30 - 360Scooters | Tienda-taller de patinetes el\u00e9ctricos<\/title>\n<meta name=\"robots\" content=\"index, follow, max-snippet:-1, max-image-preview:large, max-video-preview:-1\" \/>\n<link rel=\"canonical\" href=\"https:\/\/360scooters.com\/es\/producto\/freno-de-tambor-max-g30\/\" \/>\n<meta property=\"og:locale\" content=\"es_ES\" \/>\n<meta property=\"og:type\" content=\"article\" \/>\n<meta property=\"og:title\" content=\"Pastilla de freno de tambor para Ninebot serie D\/G30 - 360Scooters | Tienda-taller de patinetes el\u00e9ctricos\" \/>\n<meta property=\"og:description\" content=\"Pastilla de freno de tambor para Ninebot Serie D\/G30. Dise\u00f1ada para un rendimiento de frenado seguro y duradero. Fabricada con materiales de alta calidad, f\u00e1cil de instalar y perfecta para un mantenimiento eficaz de tu patinete el\u00e9ctrico.  Compatible con Ninebot Serie D y Ninebot G30\" \/>\n<meta property=\"og:url\" content=\"https:\/\/360scooters.com\/es\/producto\/freno-de-tambor-max-g30\/\" \/>\n<meta property=\"og:site_name\" content=\"360Scooters | Tienda-taller de patinetes el\u00e9ctricos\" \/>\n<meta property=\"article:modified_time\" content=\"2025-01-11T11:34:04+00:00\" \/>\n<meta property=\"og:image\" content=\"https:\/\/360scooters.com\/es\/wp-content\/uploads\/sites\/2\/2024\/02\/MINIATURA-PRODUCTO-6.png\" \/>\n\t<meta property=\"og:image:width\" content=\"1080\" \/>\n\t<meta property=\"og:image:height\" content=\"1080\" \/>\n\t<meta property=\"og:image:type\" content=\"image\/png\" \/>\n<meta name=\"twitter:card\" content=\"summary_large_image\" \/>\n<meta name=\"twitter:label1\" content=\"Tiempo de lectura\" \/>\n\t<meta name=\"twitter:data1\" content=\"1 minuto\" \/>\n<script type=\"application\/ld+json\" class=\"yoast-schema-graph\">{\"@context\":\"https:\/\/schema.org\",\"@graph\":[{\"@type\":\"WebPage\",\"@id\":\"https:\/\/360scooters.com\/es\/producto\/freno-de-tambor-max-g30\/\",\"url\":\"https:\/\/360scooters.com\/es\/producto\/freno-de-tambor-max-g30\/\",\"name\":\"Pastilla de freno de tambor para Ninebot serie D\/G30 - 360Scooters | Tienda-taller de patinetes el\u00e9ctricos\",\"isPartOf\":{\"@id\":\"https:\/\/360scooters.com\/es\/#website\"},\"primaryImageOfPage\":{\"@id\":\"https:\/\/360scooters.com\/es\/producto\/freno-de-tambor-max-g30\/#primaryimage\"},\"image\":{\"@id\":\"https:\/\/360scooters.com\/es\/producto\/freno-de-tambor-max-g30\/#primaryimage\"},\"thumbnailUrl\":\"https:\/\/360scooters.com\/es\/wp-content\/uploads\/sites\/2\/2024\/02\/MINIATURA-PRODUCTO-6.png\",\"datePublished\":\"2024-02-12T10:46:08+00:00\",\"dateModified\":\"2025-01-11T11:34:04+00:00\",\"breadcrumb\":{\"@id\":\"https:\/\/360scooters.com\/es\/producto\/freno-de-tambor-max-g30\/#breadcrumb\"},\"inLanguage\":\"es\",\"potentialAction\":[{\"@type\":\"ReadAction\",\"target\":[\"https:\/\/360scooters.com\/es\/producto\/freno-de-tambor-max-g30\/\"]}]},{\"@type\":\"ImageObject\",\"inLanguage\":\"es\",\"@id\":\"https:\/\/360scooters.com\/es\/producto\/freno-de-tambor-max-g30\/#primaryimage\",\"url\":\"https:\/\/360scooters.com\/es\/wp-content\/uploads\/sites\/2\/2024\/02\/MINIATURA-PRODUCTO-6.png\",\"contentUrl\":\"https:\/\/360scooters.com\/es\/wp-content\/uploads\/sites\/2\/2024\/02\/MINIATURA-PRODUCTO-6.png\",\"width\":1080,\"height\":1080,\"caption\":\"Pastilla de freno de tambor para Ninebot serie D\/G30\"},{\"@type\":\"BreadcrumbList\",\"@id\":\"https:\/\/360scooters.com\/es\/producto\/freno-de-tambor-max-g30\/#breadcrumb\",\"itemListElement\":[{\"@type\":\"ListItem\",\"position\":1,\"name\":\"Portada\",\"item\":\"https:\/\/360scooters.com\/es\/\"},{\"@type\":\"ListItem\",\"position\":2,\"name\":\"Tienda\",\"item\":\"https:\/\/360scooters.com\/es\/tienda\/\"},{\"@type\":\"ListItem\",\"position\":3,\"name\":\"Pastilla de freno de tambor para Ninebot serie D\/G30\"}]},{\"@type\":\"WebSite\",\"@id\":\"https:\/\/360scooters.com\/es\/#website\",\"url\":\"https:\/\/360scooters.com\/es\/\",\"name\":\"360Scooters - Patinetes el\u00e9ctricos en Pen\u00ednsula y Baleares - Patinetes Madrid - Patinetes Alicante - Patinetes Barcelona\",\"description\":\"\",\"publisher\":{\"@id\":\"https:\/\/360scooters.com\/es\/#organization\"},\"potentialAction\":[{\"@type\":\"SearchAction\",\"target\":{\"@type\":\"EntryPoint\",\"urlTemplate\":\"https:\/\/360scooters.com\/es\/?s={search_term_string}\"},\"query-input\":{\"@type\":\"PropertyValueSpecification\",\"valueRequired\":true,\"valueName\":\"search_term_string\"}}],\"inLanguage\":\"es\"},{\"@type\":\"Organization\",\"@id\":\"https:\/\/360scooters.com\/es\/#organization\",\"name\":\"360Scooters - Patinetes el\u00e9ctricos en Pen\u00ednsula y Baleares - Patinetes Madrid - Patinetes Alicante - Patinetes Barcelona\",\"url\":\"https:\/\/360scooters.com\/es\/\",\"logo\":{\"@type\":\"ImageObject\",\"inLanguage\":\"es\",\"@id\":\"https:\/\/360scooters.com\/es\/#\/schema\/logo\/image\/\",\"url\":\"https:\/\/360scooters.com\/es\/wp-content\/uploads\/sites\/2\/2024\/02\/logo-claimweb-e1727166047230.png\",\"contentUrl\":\"https:\/\/360scooters.com\/es\/wp-content\/uploads\/sites\/2\/2024\/02\/logo-claimweb-e1727166047230.png\",\"width\":214,\"height\":54,\"caption\":\"360Scooters - Patinetes el\u00e9ctricos en Pen\u00ednsula y Baleares - Patinetes Madrid - Patinetes Alicante - Patinetes Barcelona\"},\"image\":{\"@id\":\"https:\/\/360scooters.com\/es\/#\/schema\/logo\/image\/\"}}]}<\/script>\n<!-- \/ Yoast SEO plugin. -->","yoast_head_json":{"title":"Pastilla de freno de tambor para Ninebot serie D\/G30 - 360Scooters | Tienda-taller de patinetes el\u00e9ctricos","robots":{"index":"index","follow":"follow","max-snippet":"max-snippet:-1","max-image-preview":"max-image-preview:large","max-video-preview":"max-video-preview:-1"},"canonical":"https:\/\/360scooters.com\/es\/producto\/freno-de-tambor-max-g30\/","og_locale":"es_ES","og_type":"article","og_title":"Pastilla de freno de tambor para Ninebot serie D\/G30 - 360Scooters | Tienda-taller de patinetes el\u00e9ctricos","og_description":"Pastilla de freno de tambor para Ninebot Serie D\/G30. Dise\u00f1ada para un rendimiento de frenado seguro y duradero. Fabricada con materiales de alta calidad, f\u00e1cil de instalar y perfecta para un mantenimiento eficaz de tu patinete el\u00e9ctrico.  Compatible con Ninebot Serie D y Ninebot G30","og_url":"https:\/\/360scooters.com\/es\/producto\/freno-de-tambor-max-g30\/","og_site_name":"360Scooters | Tienda-taller de patinetes el\u00e9ctricos","article_modified_time":"2025-01-11T11:34:04+00:00","og_image":[{"width":1080,"height":1080,"url":"https:\/\/360scooters.com\/es\/wp-content\/uploads\/sites\/2\/2024\/02\/MINIATURA-PRODUCTO-6.png","type":"image\/png"}],"twitter_card":"summary_large_image","twitter_misc":{"Tiempo de lectura":"1 minuto"},"schema":{"@context":"https:\/\/schema.org","@graph":[{"@type":"WebPage","@id":"https:\/\/360scooters.com\/es\/producto\/freno-de-tambor-max-g30\/","url":"https:\/\/360scooters.com\/es\/producto\/freno-de-tambor-max-g30\/","name":"Pastilla de freno de tambor para Ninebot serie D\/G30 - 360Scooters | Tienda-taller de patinetes el\u00e9ctricos","isPartOf":{"@id":"https:\/\/360scooters.com\/es\/#website"},"primaryImageOfPage":{"@id":"https:\/\/360scooters.com\/es\/producto\/freno-de-tambor-max-g30\/#primaryimage"},"image":{"@id":"https:\/\/360scooters.com\/es\/producto\/freno-de-tambor-max-g30\/#primaryimage"},"thumbnailUrl":"https:\/\/360scooters.com\/es\/wp-content\/uploads\/sites\/2\/2024\/02\/MINIATURA-PRODUCTO-6.png","datePublished":"2024-02-12T10:46:08+00:00","dateModified":"2025-01-11T11:34:04+00:00","breadcrumb":{"@id":"https:\/\/360scooters.com\/es\/producto\/freno-de-tambor-max-g30\/#breadcrumb"},"inLanguage":"es","potentialAction":[{"@type":"ReadAction","target":["https:\/\/360scooters.com\/es\/producto\/freno-de-tambor-max-g30\/"]}]},{"@type":"ImageObject","inLanguage":"es","@id":"https:\/\/360scooters.com\/es\/producto\/freno-de-tambor-max-g30\/#primaryimage","url":"https:\/\/360scooters.com\/es\/wp-content\/uploads\/sites\/2\/2024\/02\/MINIATURA-PRODUCTO-6.png","contentUrl":"https:\/\/360scooters.com\/es\/wp-content\/uploads\/sites\/2\/2024\/02\/MINIATURA-PRODUCTO-6.png","width":1080,"height":1080,"caption":"Pastilla de freno de tambor para Ninebot serie D\/G30"},{"@type":"BreadcrumbList","@id":"https:\/\/360scooters.com\/es\/producto\/freno-de-tambor-max-g30\/#breadcrumb","itemListElement":[{"@type":"ListItem","position":1,"name":"Portada","item":"https:\/\/360scooters.com\/es\/"},{"@type":"ListItem","position":2,"name":"Tienda","item":"https:\/\/360scooters.com\/es\/tienda\/"},{"@type":"ListItem","position":3,"name":"Pastilla de freno de tambor para Ninebot serie D\/G30"}]},{"@type":"WebSite","@id":"https:\/\/360scooters.com\/es\/#website","url":"https:\/\/360scooters.com\/es\/","name":"360Scooters - Patinetes el\u00e9ctricos en Pen\u00ednsula y Baleares - Patinetes Madrid - Patinetes Alicante - Patinetes Barcelona","description":"","publisher":{"@id":"https:\/\/360scooters.com\/es\/#organization"},"potentialAction":[{"@type":"SearchAction","target":{"@type":"EntryPoint","urlTemplate":"https:\/\/360scooters.com\/es\/?s={search_term_string}"},"query-input":{"@type":"PropertyValueSpecification","valueRequired":true,"valueName":"search_term_string"}}],"inLanguage":"es"},{"@type":"Organization","@id":"https:\/\/360scooters.com\/es\/#organization","name":"360Scooters - Patinetes el\u00e9ctricos en Pen\u00ednsula y Baleares - Patinetes Madrid - Patinetes Alicante - Patinetes Barcelona","url":"https:\/\/360scooters.com\/es\/","logo":{"@type":"ImageObject","inLanguage":"es","@id":"https:\/\/360scooters.com\/es\/#\/schema\/logo\/image\/","url":"https:\/\/360scooters.com\/es\/wp-content\/uploads\/sites\/2\/2024\/02\/logo-claimweb-e1727166047230.png","contentUrl":"https:\/\/360scooters.com\/es\/wp-content\/uploads\/sites\/2\/2024\/02\/logo-claimweb-e1727166047230.png","width":214,"height":54,"caption":"360Scooters - Patinetes el\u00e9ctricos en Pen\u00ednsula y Baleares - Patinetes Madrid - Patinetes Alicante - Patinetes Barcelona"},"image":{"@id":"https:\/\/360scooters.com\/es\/#\/schema\/logo\/image\/"}}]}},"_links":{"self":[{"href":"https:\/\/360scooters.com\/es\/wp-json\/wp\/v2\/product\/1202","targetHints":{"allow":["GET"]}}],"collection":[{"href":"https:\/\/360scooters.com\/es\/wp-json\/wp\/v2\/product"}],"about":[{"href":"https:\/\/360scooters.com\/es\/wp-json\/wp\/v2\/types\/product"}],"version-history":[{"count":2,"href":"https:\/\/360scooters.com\/es\/wp-json\/wp\/v2\/product\/1202\/revisions"}],"predecessor-version":[{"id":6222,"href":"https:\/\/360scooters.com\/es\/wp-json\/wp\/v2\/product\/1202\/revisions\/6222"}],"wp:featuredmedia":[{"embeddable":true,"href":"https:\/\/360scooters.com\/es\/wp-json\/wp\/v2\/media\/6219"}],"wp:attachment":[{"href":"https:\/\/360scooters.com\/es\/wp-json\/wp\/v2\/media?parent=1202"}],"wp:term":[{"taxonomy":"product_brand","embeddable":true,"href":"https:\/\/360scooters.com\/es\/wp-json\/wp\/v2\/product_brand?post=1202"},{"taxonomy":"product_cat","embeddable":true,"href":"https:\/\/360scooters.com\/es\/wp-json\/wp\/v2\/product_cat?post=1202"},{"taxonomy":"product_tag","embeddable":true,"href":"https:\/\/360scooters.com\/es\/wp-json\/wp\/v2\/product_tag?post=1202"},{"taxonomy":"scooter_compatibility","embeddable":true,"href":"https:\/\/360scooters.com\/es\/wp-json\/wp\/v2\/scooter_compatibility?post=1202"}],"curies":[{"name":"wp","href":"https:\/\/api.w.org\/{rel}","templated":true}]}}