{"id":1150,"date":"2024-02-11T13:37:18","date_gmt":"2024-02-11T12:37:18","guid":{"rendered":"https:\/\/360scooters.com\/es\/?post_type=product&#038;p=1150"},"modified":"2025-01-11T12:05:10","modified_gmt":"2025-01-11T11:05:10","slug":"pastillas-de-freno-xiaomi-m365-pequenas-resina","status":"publish","type":"product","link":"https:\/\/360scooters.com\/es\/producto\/pastillas-de-freno-xiaomi-m365-pequenas-resina\/","title":{"rendered":"Pastilla de freno resina Xiaomi (18mm &#8211; CT003-R)"},"content":{"rendered":"<ul class=\"a-unordered-list a-vertical a-spacing-mini\">\n<li><span class=\"a-list-item\">Pastillas de freno de disco est\u00e1n fabricadas completamente en metal que ofrecen un buen rendimiento de resistencia al calor, la resina proporciona ua buena fuerza de fricci\u00f3n, protege eficazmente el disco de freno.<\/span><\/li>\n<li><span class=\"a-list-item\">Excelente potencia de frenado, rendimiento estable en mojado o seco, con frenado regular en seco y mojado y buen agarre.<\/span><\/li>\n<li><span class=\"a-list-item\">Para cambiar el disco de freno trasero para garantizar la seguridad del freno.<\/span><\/li>\n<li><span class=\"a-list-item\">Este tipo de pastillas de freno es totalmente redondo, con un di\u00e1metro de 18 mm y un grosor de 4 mm.<\/span><\/li>\n<\/ul>\n","protected":false},"excerpt":{"rendered":"<p><strong><em>Medidas: 18mm<\/em><\/strong><\/p>\n<div id=\"product-description-short-1495\">Estas pastillas de alta calidad est\u00e1n dise\u00f1adas para proporcionar una<strong>\u00a0frenada suave y eficaz,<\/strong> garantizando un control preciso en tus recorridos. Fabricadas con resina de calidad, estas pastillas de freno minimizan el desgaste en tus ruedas y ofrecen una durabilidad excepcional.<\/div>\n<p>Pastilla de freno compatible con Xiaomi (Essential, 1S, Pro y Pro2)<\/p>\n<p><em>*Es importante revisar las pastillas de freno antes de pedirlas. En algunos modelos podr\u00eda variar.<\/em><\/p>\n","protected":false},"featured_media":6199,"template":"","meta":[],"product_brand":[],"product_cat":[96],"product_tag":[],"scooter_compatibility":[],"class_list":{"0":"post-1150","1":"product","2":"type-product","3":"status-publish","4":"has-post-thumbnail","6":"product_cat-frenos","7":"pa_compatible-con-xiaomi","8":"pa_marca-ewheel","10":"first","11":"instock","12":"sale","13":"taxable","14":"shipping-taxable","15":"purchasable","16":"product-type-simple"},"yoast_head":"<!-- This site is optimized with the Yoast SEO plugin v26.9 - https:\/\/yoast.com\/product\/yoast-seo-wordpress\/ -->\n<title>Pastilla de freno resina Xiaomi (18mm - CT003-R) - 360Scooters | Tienda-taller de patinetes el\u00e9ctricos<\/title>\n<meta name=\"robots\" content=\"index, follow, max-snippet:-1, max-image-preview:large, max-video-preview:-1\" \/>\n<link rel=\"canonical\" href=\"https:\/\/360scooters.com\/es\/producto\/pastillas-de-freno-xiaomi-m365-pequenas-resina\/\" \/>\n<meta property=\"og:locale\" content=\"es_ES\" \/>\n<meta property=\"og:type\" content=\"article\" \/>\n<meta property=\"og:title\" content=\"Pastilla de freno resina Xiaomi (18mm - CT003-R) - 360Scooters | Tienda-taller de patinetes el\u00e9ctricos\" \/>\n<meta property=\"og:description\" content=\"Medidas: 18mm Estas pastillas de alta calidad est\u00e1n dise\u00f1adas para proporcionar una\u00a0frenada suave y eficaz, garantizando un control preciso en tus recorridos. Fabricadas con resina de calidad, estas pastillas de freno minimizan el desgaste en tus ruedas y ofrecen una durabilidad excepcional. Pastilla de freno compatible con Xiaomi (Essential, 1S, Pro y Pro2)  *Es importante revisar las pastillas de freno antes de pedirlas. En algunos modelos podr\u00eda variar.\" \/>\n<meta property=\"og:url\" content=\"https:\/\/360scooters.com\/es\/producto\/pastillas-de-freno-xiaomi-m365-pequenas-resina\/\" \/>\n<meta property=\"og:site_name\" content=\"360Scooters | Tienda-taller de patinetes el\u00e9ctricos\" \/>\n<meta property=\"article:modified_time\" content=\"2025-01-11T11:05:10+00:00\" \/>\n<meta property=\"og:image\" content=\"https:\/\/360scooters.com\/es\/wp-content\/uploads\/sites\/2\/2024\/02\/MINIATURA-PRODUCTO-2.png\" \/>\n\t<meta property=\"og:image:width\" content=\"1080\" \/>\n\t<meta property=\"og:image:height\" content=\"1080\" \/>\n\t<meta property=\"og:image:type\" content=\"image\/png\" \/>\n<meta name=\"twitter:card\" content=\"summary_large_image\" \/>\n<meta name=\"twitter:label1\" content=\"Tiempo de lectura\" \/>\n\t<meta name=\"twitter:data1\" content=\"1 minuto\" \/>\n<script type=\"application\/ld+json\" class=\"yoast-schema-graph\">{\"@context\":\"https:\/\/schema.org\",\"@graph\":[{\"@type\":\"WebPage\",\"@id\":\"https:\/\/360scooters.com\/es\/producto\/pastillas-de-freno-xiaomi-m365-pequenas-resina\/\",\"url\":\"https:\/\/360scooters.com\/es\/producto\/pastillas-de-freno-xiaomi-m365-pequenas-resina\/\",\"name\":\"Pastilla de freno resina Xiaomi (18mm - CT003-R) - 360Scooters | Tienda-taller de patinetes el\u00e9ctricos\",\"isPartOf\":{\"@id\":\"https:\/\/360scooters.com\/es\/#website\"},\"primaryImageOfPage\":{\"@id\":\"https:\/\/360scooters.com\/es\/producto\/pastillas-de-freno-xiaomi-m365-pequenas-resina\/#primaryimage\"},\"image\":{\"@id\":\"https:\/\/360scooters.com\/es\/producto\/pastillas-de-freno-xiaomi-m365-pequenas-resina\/#primaryimage\"},\"thumbnailUrl\":\"https:\/\/360scooters.com\/es\/wp-content\/uploads\/sites\/2\/2024\/02\/MINIATURA-PRODUCTO-2.png\",\"datePublished\":\"2024-02-11T12:37:18+00:00\",\"dateModified\":\"2025-01-11T11:05:10+00:00\",\"breadcrumb\":{\"@id\":\"https:\/\/360scooters.com\/es\/producto\/pastillas-de-freno-xiaomi-m365-pequenas-resina\/#breadcrumb\"},\"inLanguage\":\"es\",\"potentialAction\":[{\"@type\":\"ReadAction\",\"target\":[\"https:\/\/360scooters.com\/es\/producto\/pastillas-de-freno-xiaomi-m365-pequenas-resina\/\"]}]},{\"@type\":\"ImageObject\",\"inLanguage\":\"es\",\"@id\":\"https:\/\/360scooters.com\/es\/producto\/pastillas-de-freno-xiaomi-m365-pequenas-resina\/#primaryimage\",\"url\":\"https:\/\/360scooters.com\/es\/wp-content\/uploads\/sites\/2\/2024\/02\/MINIATURA-PRODUCTO-2.png\",\"contentUrl\":\"https:\/\/360scooters.com\/es\/wp-content\/uploads\/sites\/2\/2024\/02\/MINIATURA-PRODUCTO-2.png\",\"width\":1080,\"height\":1080,\"caption\":\"Pastilla de freno resina Xiaomi (18mm - CT003-R)\"},{\"@type\":\"BreadcrumbList\",\"@id\":\"https:\/\/360scooters.com\/es\/producto\/pastillas-de-freno-xiaomi-m365-pequenas-resina\/#breadcrumb\",\"itemListElement\":[{\"@type\":\"ListItem\",\"position\":1,\"name\":\"Portada\",\"item\":\"https:\/\/360scooters.com\/es\/\"},{\"@type\":\"ListItem\",\"position\":2,\"name\":\"Tienda\",\"item\":\"https:\/\/360scooters.com\/es\/tienda\/\"},{\"@type\":\"ListItem\",\"position\":3,\"name\":\"Pastilla de freno resina Xiaomi (18mm &#8211; CT003-R)\"}]},{\"@type\":\"WebSite\",\"@id\":\"https:\/\/360scooters.com\/es\/#website\",\"url\":\"https:\/\/360scooters.com\/es\/\",\"name\":\"360Scooters - Patinetes el\u00e9ctricos en Pen\u00ednsula y Baleares - Patinetes Madrid - Patinetes Alicante - Patinetes Barcelona\",\"description\":\"\",\"publisher\":{\"@id\":\"https:\/\/360scooters.com\/es\/#organization\"},\"potentialAction\":[{\"@type\":\"SearchAction\",\"target\":{\"@type\":\"EntryPoint\",\"urlTemplate\":\"https:\/\/360scooters.com\/es\/?s={search_term_string}\"},\"query-input\":{\"@type\":\"PropertyValueSpecification\",\"valueRequired\":true,\"valueName\":\"search_term_string\"}}],\"inLanguage\":\"es\"},{\"@type\":\"Organization\",\"@id\":\"https:\/\/360scooters.com\/es\/#organization\",\"name\":\"360Scooters - Patinetes el\u00e9ctricos en Pen\u00ednsula y Baleares - Patinetes Madrid - Patinetes Alicante - Patinetes Barcelona\",\"url\":\"https:\/\/360scooters.com\/es\/\",\"logo\":{\"@type\":\"ImageObject\",\"inLanguage\":\"es\",\"@id\":\"https:\/\/360scooters.com\/es\/#\/schema\/logo\/image\/\",\"url\":\"https:\/\/360scooters.com\/es\/wp-content\/uploads\/sites\/2\/2024\/02\/logo-claimweb-e1727166047230.png\",\"contentUrl\":\"https:\/\/360scooters.com\/es\/wp-content\/uploads\/sites\/2\/2024\/02\/logo-claimweb-e1727166047230.png\",\"width\":214,\"height\":54,\"caption\":\"360Scooters - Patinetes el\u00e9ctricos en Pen\u00ednsula y Baleares - Patinetes Madrid - Patinetes Alicante - Patinetes Barcelona\"},\"image\":{\"@id\":\"https:\/\/360scooters.com\/es\/#\/schema\/logo\/image\/\"}}]}<\/script>\n<!-- \/ Yoast SEO plugin. -->","yoast_head_json":{"title":"Pastilla de freno resina Xiaomi (18mm - CT003-R) - 360Scooters | Tienda-taller de patinetes el\u00e9ctricos","robots":{"index":"index","follow":"follow","max-snippet":"max-snippet:-1","max-image-preview":"max-image-preview:large","max-video-preview":"max-video-preview:-1"},"canonical":"https:\/\/360scooters.com\/es\/producto\/pastillas-de-freno-xiaomi-m365-pequenas-resina\/","og_locale":"es_ES","og_type":"article","og_title":"Pastilla de freno resina Xiaomi (18mm - CT003-R) - 360Scooters | Tienda-taller de patinetes el\u00e9ctricos","og_description":"Medidas: 18mm Estas pastillas de alta calidad est\u00e1n dise\u00f1adas para proporcionar una\u00a0frenada suave y eficaz, garantizando un control preciso en tus recorridos. Fabricadas con resina de calidad, estas pastillas de freno minimizan el desgaste en tus ruedas y ofrecen una durabilidad excepcional. Pastilla de freno compatible con Xiaomi (Essential, 1S, Pro y Pro2)  *Es importante revisar las pastillas de freno antes de pedirlas. En algunos modelos podr\u00eda variar.","og_url":"https:\/\/360scooters.com\/es\/producto\/pastillas-de-freno-xiaomi-m365-pequenas-resina\/","og_site_name":"360Scooters | Tienda-taller de patinetes el\u00e9ctricos","article_modified_time":"2025-01-11T11:05:10+00:00","og_image":[{"width":1080,"height":1080,"url":"https:\/\/360scooters.com\/es\/wp-content\/uploads\/sites\/2\/2024\/02\/MINIATURA-PRODUCTO-2.png","type":"image\/png"}],"twitter_card":"summary_large_image","twitter_misc":{"Tiempo de lectura":"1 minuto"},"schema":{"@context":"https:\/\/schema.org","@graph":[{"@type":"WebPage","@id":"https:\/\/360scooters.com\/es\/producto\/pastillas-de-freno-xiaomi-m365-pequenas-resina\/","url":"https:\/\/360scooters.com\/es\/producto\/pastillas-de-freno-xiaomi-m365-pequenas-resina\/","name":"Pastilla de freno resina Xiaomi (18mm - CT003-R) - 360Scooters | Tienda-taller de patinetes el\u00e9ctricos","isPartOf":{"@id":"https:\/\/360scooters.com\/es\/#website"},"primaryImageOfPage":{"@id":"https:\/\/360scooters.com\/es\/producto\/pastillas-de-freno-xiaomi-m365-pequenas-resina\/#primaryimage"},"image":{"@id":"https:\/\/360scooters.com\/es\/producto\/pastillas-de-freno-xiaomi-m365-pequenas-resina\/#primaryimage"},"thumbnailUrl":"https:\/\/360scooters.com\/es\/wp-content\/uploads\/sites\/2\/2024\/02\/MINIATURA-PRODUCTO-2.png","datePublished":"2024-02-11T12:37:18+00:00","dateModified":"2025-01-11T11:05:10+00:00","breadcrumb":{"@id":"https:\/\/360scooters.com\/es\/producto\/pastillas-de-freno-xiaomi-m365-pequenas-resina\/#breadcrumb"},"inLanguage":"es","potentialAction":[{"@type":"ReadAction","target":["https:\/\/360scooters.com\/es\/producto\/pastillas-de-freno-xiaomi-m365-pequenas-resina\/"]}]},{"@type":"ImageObject","inLanguage":"es","@id":"https:\/\/360scooters.com\/es\/producto\/pastillas-de-freno-xiaomi-m365-pequenas-resina\/#primaryimage","url":"https:\/\/360scooters.com\/es\/wp-content\/uploads\/sites\/2\/2024\/02\/MINIATURA-PRODUCTO-2.png","contentUrl":"https:\/\/360scooters.com\/es\/wp-content\/uploads\/sites\/2\/2024\/02\/MINIATURA-PRODUCTO-2.png","width":1080,"height":1080,"caption":"Pastilla de freno resina Xiaomi (18mm - CT003-R)"},{"@type":"BreadcrumbList","@id":"https:\/\/360scooters.com\/es\/producto\/pastillas-de-freno-xiaomi-m365-pequenas-resina\/#breadcrumb","itemListElement":[{"@type":"ListItem","position":1,"name":"Portada","item":"https:\/\/360scooters.com\/es\/"},{"@type":"ListItem","position":2,"name":"Tienda","item":"https:\/\/360scooters.com\/es\/tienda\/"},{"@type":"ListItem","position":3,"name":"Pastilla de freno resina Xiaomi (18mm &#8211; CT003-R)"}]},{"@type":"WebSite","@id":"https:\/\/360scooters.com\/es\/#website","url":"https:\/\/360scooters.com\/es\/","name":"360Scooters - Patinetes el\u00e9ctricos en Pen\u00ednsula y Baleares - Patinetes Madrid - Patinetes Alicante - Patinetes Barcelona","description":"","publisher":{"@id":"https:\/\/360scooters.com\/es\/#organization"},"potentialAction":[{"@type":"SearchAction","target":{"@type":"EntryPoint","urlTemplate":"https:\/\/360scooters.com\/es\/?s={search_term_string}"},"query-input":{"@type":"PropertyValueSpecification","valueRequired":true,"valueName":"search_term_string"}}],"inLanguage":"es"},{"@type":"Organization","@id":"https:\/\/360scooters.com\/es\/#organization","name":"360Scooters - Patinetes el\u00e9ctricos en Pen\u00ednsula y Baleares - Patinetes Madrid - Patinetes Alicante - Patinetes Barcelona","url":"https:\/\/360scooters.com\/es\/","logo":{"@type":"ImageObject","inLanguage":"es","@id":"https:\/\/360scooters.com\/es\/#\/schema\/logo\/image\/","url":"https:\/\/360scooters.com\/es\/wp-content\/uploads\/sites\/2\/2024\/02\/logo-claimweb-e1727166047230.png","contentUrl":"https:\/\/360scooters.com\/es\/wp-content\/uploads\/sites\/2\/2024\/02\/logo-claimweb-e1727166047230.png","width":214,"height":54,"caption":"360Scooters - Patinetes el\u00e9ctricos en Pen\u00ednsula y Baleares - Patinetes Madrid - Patinetes Alicante - Patinetes Barcelona"},"image":{"@id":"https:\/\/360scooters.com\/es\/#\/schema\/logo\/image\/"}}]}},"_links":{"self":[{"href":"https:\/\/360scooters.com\/es\/wp-json\/wp\/v2\/product\/1150","targetHints":{"allow":["GET"]}}],"collection":[{"href":"https:\/\/360scooters.com\/es\/wp-json\/wp\/v2\/product"}],"about":[{"href":"https:\/\/360scooters.com\/es\/wp-json\/wp\/v2\/types\/product"}],"version-history":[{"count":2,"href":"https:\/\/360scooters.com\/es\/wp-json\/wp\/v2\/product\/1150\/revisions"}],"predecessor-version":[{"id":6202,"href":"https:\/\/360scooters.com\/es\/wp-json\/wp\/v2\/product\/1150\/revisions\/6202"}],"wp:featuredmedia":[{"embeddable":true,"href":"https:\/\/360scooters.com\/es\/wp-json\/wp\/v2\/media\/6199"}],"wp:attachment":[{"href":"https:\/\/360scooters.com\/es\/wp-json\/wp\/v2\/media?parent=1150"}],"wp:term":[{"taxonomy":"product_brand","embeddable":true,"href":"https:\/\/360scooters.com\/es\/wp-json\/wp\/v2\/product_brand?post=1150"},{"taxonomy":"product_cat","embeddable":true,"href":"https:\/\/360scooters.com\/es\/wp-json\/wp\/v2\/product_cat?post=1150"},{"taxonomy":"product_tag","embeddable":true,"href":"https:\/\/360scooters.com\/es\/wp-json\/wp\/v2\/product_tag?post=1150"},{"taxonomy":"scooter_compatibility","embeddable":true,"href":"https:\/\/360scooters.com\/es\/wp-json\/wp\/v2\/scooter_compatibility?post=1150"}],"curies":[{"name":"wp","href":"https:\/\/api.w.org\/{rel}","templated":true}]}}