{"id":10179,"date":"2023-12-30T17:50:52","date_gmt":"2023-12-30T16:50:52","guid":{"rendered":"https:\/\/360scooters.com\/es\/?post_type=product&#038;p=10179"},"modified":"2025-12-30T17:56:35","modified_gmt":"2025-12-30T16:56:35","slug":"modificacion-smartgyro-k2-personalizacion-completa-con-recogida-y-entrega","status":"publish","type":"product","link":"https:\/\/360scooters.com\/es\/producto\/modificacion-smartgyro-k2-personalizacion-completa-con-recogida-y-entrega\/","title":{"rendered":"Modificaci\u00f3n Smartgyro K2 \u2013 Personalizaci\u00f3n completa con recogida y entrega"},"content":{"rendered":"<h3 data-start=\"683\" data-end=\"730\">Servicio de Modificaci\u00f3n <strong data-start=\"712\" data-end=\"728\">SmartGyro K2<\/strong><\/h3>\n<p data-start=\"731\" data-end=\"1161\">\u00bfQuieres dar un salto de estilo y rendimiento a tu <strong data-start=\"782\" data-end=\"798\">SmartGyro K2<\/strong>? Nuestro <strong data-start=\"808\" data-end=\"849\">servicio de modificaci\u00f3n SmartGyro K2<\/strong> est\u00e1 dise\u00f1ado para transformar tu patinete el\u00e9ctrico en una m\u00e1quina personalizada, \u00fanica y adaptada a tu forma de moverte. En <strong data-start=\"976\" data-end=\"991\">360Scooters<\/strong> realizamos todas las modificaciones en nuestras <strong data-start=\"1040\" data-end=\"1076\">instalaciones centrales en Elche<\/strong>, y este servicio incluye <strong data-start=\"1102\" data-end=\"1136\">recogida y entrega a domicilio<\/strong> para tu mayor comodidad.<\/p>\n<p data-start=\"1163\" data-end=\"1274\">Podr\u00e1s elegir entre una serie de mejoras est\u00e9ticas y funcionales, todas instaladas por t\u00e9cnicos especializados.<\/p>\n<h2 data-start=\"1281\" data-end=\"1314\">\ud83e\udde9 Opciones de Personalizaci\u00f3n<\/h2>\n<h3 data-start=\"1316\" data-end=\"1347\">\ud83c\udfa8 <strong data-start=\"1323\" data-end=\"1347\">Vinilo personalizado<\/strong><\/h3>\n<p data-start=\"1348\" data-end=\"1421\">Dale a tu K2 una est\u00e9tica totalmente nueva con vinilos de alta calidad.<\/p>\n<ul data-start=\"1422\" data-end=\"1606\">\n<li data-start=\"1422\" data-end=\"1485\">\n<p data-start=\"1424\" data-end=\"1485\"><strong data-start=\"1424\" data-end=\"1444\">Protecci\u00f3n extra<\/strong> del chasis contra ara\u00f1azos y desgaste.<\/p>\n<\/li>\n<li data-start=\"1486\" data-end=\"1546\">\n<p data-start=\"1488\" data-end=\"1546\"><strong data-start=\"1488\" data-end=\"1510\">Dise\u00f1os exclusivos<\/strong> o personalizados seg\u00fan tu estilo.<\/p>\n<\/li>\n<li data-start=\"1547\" data-end=\"1606\">\n<p data-start=\"1549\" data-end=\"1606\"><strong data-start=\"1549\" data-end=\"1572\">Acabado profesional<\/strong> sin burbujas ni imperfecciones.<\/p>\n<\/li>\n<\/ul>\n<p data-start=\"1608\" data-end=\"1714\">Este vinilo se adapta de forma precisa a la geometr\u00eda del SmartGyro K2, garantizando un acabado impecable.<\/p>\n<h3 data-start=\"1721\" data-end=\"1752\">\ud83d\udeb4\u200d\u2642\ufe0f <strong data-start=\"1731\" data-end=\"1752\">Manillar tipo BMX<\/strong><\/h3>\n<p data-start=\"1753\" data-end=\"1888\">\u00bfQuieres un estilo m\u00e1s agresivo o una postura m\u00e1s c\u00f3moda al conducir?<br data-start=\"1822\" data-end=\"1825\" \/>Instala un <strong data-start=\"1836\" data-end=\"1857\">manillar tipo BMX<\/strong> con ajuste profesional para:<\/p>\n<ul data-start=\"1889\" data-end=\"2008\">\n<li data-start=\"1889\" data-end=\"1923\">\n<p data-start=\"1891\" data-end=\"1923\">Mejor <strong data-start=\"1897\" data-end=\"1920\">ergonom\u00eda y control<\/strong>.<\/p>\n<\/li>\n<li data-start=\"1924\" data-end=\"1952\">\n<p data-start=\"1926\" data-end=\"1952\">Estilo urbano\/deportivo.<\/p>\n<\/li>\n<li data-start=\"1953\" data-end=\"2008\">\n<p data-start=\"1955\" data-end=\"2008\">Mayor comodidad en recorridos largos o en uso diario.<\/p>\n<\/li>\n<\/ul>\n<h3 data-start=\"2015\" data-end=\"2044\">\ud83d\uded1 <strong data-start=\"2022\" data-end=\"2044\">Frenos hidr\u00e1ulicos<\/strong><\/h3>\n<p data-start=\"2045\" data-end=\"2146\">Eleva la seguridad y respuesta de frenada con un sistema de <strong data-start=\"2105\" data-end=\"2127\">frenos hidr\u00e1ulicos<\/strong> de alta calidad.<\/p>\n<ul data-start=\"2147\" data-end=\"2276\">\n<li data-start=\"2147\" data-end=\"2188\">\n<p data-start=\"2149\" data-end=\"2188\"><strong data-start=\"2149\" data-end=\"2185\">Frenada m\u00e1s progresiva y potente<\/strong>.<\/p>\n<\/li>\n<li data-start=\"2189\" data-end=\"2234\">\n<p data-start=\"2191\" data-end=\"2234\">Mejor para uso exigente o urbano intenso.<\/p>\n<\/li>\n<li data-start=\"2235\" data-end=\"2276\">\n<p data-start=\"2237\" data-end=\"2276\">Mayor sensaci\u00f3n de control y confianza.<\/p>\n<\/li>\n<\/ul>\n<h2 data-start=\"2283\" data-end=\"2329\">\ud83d\ude9a Servicio Integral con Recogida y Entrega<\/h2>\n<h3 data-start=\"2331\" data-end=\"2353\">\ud83d\udccd \u00bfC\u00f3mo funciona?<\/h3>\n<ol data-start=\"2355\" data-end=\"2710\">\n<li data-start=\"2355\" data-end=\"2425\">\n<p data-start=\"2358\" data-end=\"2425\"><strong data-start=\"2358\" data-end=\"2401\">Solicita el servicio de modificaci\u00f3n K2<\/strong> desde nuestra tienda.<\/p>\n<\/li>\n<li data-start=\"2426\" data-end=\"2499\">\n<p data-start=\"2429\" data-end=\"2499\">Facilita tu <strong data-start=\"2441\" data-end=\"2476\">direcci\u00f3n de recogida y entrega<\/strong> (Espa\u00f1a peninsular).<\/p>\n<\/li>\n<li data-start=\"2500\" data-end=\"2556\">\n<p data-start=\"2503\" data-end=\"2556\">Recogemos tu patinete directamente en tu domicilio.<\/p>\n<\/li>\n<li data-start=\"2557\" data-end=\"2641\">\n<p data-start=\"2560\" data-end=\"2641\">El equipo t\u00e9cnico en <strong data-start=\"2581\" data-end=\"2602\">Elche (centrales)<\/strong> realiza las modificaciones elegidas.<\/p>\n<\/li>\n<li data-start=\"2642\" data-end=\"2710\">\n<p data-start=\"2645\" data-end=\"2710\">Te entregamos el <strong data-start=\"2662\" data-end=\"2692\">SmartGyro K2 personalizado<\/strong>, listo para usar.<\/p>\n<\/li>\n<\/ol>\n<p data-start=\"2712\" data-end=\"2837\">Este sistema \u201cllave en mano\u201d te evita desplazamientos y complicaciones log\u00edsticas, con la m\u00e1xima comodidad y profesionalidad.<\/p>\n<h2 data-start=\"2844\" data-end=\"2878\">\ud83d\udca1 \u00bfPor qu\u00e9 elegir 360Scooters?<\/h2>\n<p data-start=\"2880\" data-end=\"3160\">\u2714 T\u00e9cnicos especializados en SmartGyro y modelos K2.<br data-start=\"2932\" data-end=\"2935\" \/>\u2714 Personalizaci\u00f3n est\u00e9tica y\/o funcional seg\u00fan tus preferencias.<br data-start=\"2999\" data-end=\"3002\" \/>\u2714 Servicio completo: recogida, modificaci\u00f3n y entrega.<br data-start=\"3056\" data-end=\"3059\" \/>\u2714 Componentes de alta calidad instalados con precisi\u00f3n.<br data-start=\"3114\" data-end=\"3117\" \/>\u2714 Resultado profesional, seguro y duradero.<\/p>\n<h2 data-start=\"3167\" data-end=\"3189\">\ud83c\udfaf Recomendado para<\/h2>\n<p data-start=\"3191\" data-end=\"3426\">\u2714 Usuarios que desean un <strong data-start=\"3216\" data-end=\"3246\">patinete \u00fanico y exclusivo<\/strong><br data-start=\"3246\" data-end=\"3249\" \/>\u2714 Personas que buscan estilo, rendimiento y seguridad mejorados<br data-start=\"3312\" data-end=\"3315\" \/>\u2714 Quienes prefieren un servicio integral sin desplazarse<br data-start=\"3371\" data-end=\"3374\" \/>\u2714 Usuarios que quieren un K2 con personalidad propia<\/p>\n","protected":false},"excerpt":{"rendered":"<p data-start=\"392\" data-end=\"655\">Servicio de <strong data-start=\"386\" data-end=\"415\">modificaci\u00f3n SmartGyro K2<\/strong> con <strong data-start=\"420\" data-end=\"454\">recogida y entrega a domicilio<\/strong> desde nuestras instalaciones centrales en <strong data-start=\"497\" data-end=\"506\">Elche<\/strong>. Personaliza tu patinete con <strong data-start=\"536\" data-end=\"555\">vinilo completo<\/strong>, <strong data-start=\"557\" data-end=\"578\">manillar tipo BMX<\/strong> y\/o <strong data-start=\"583\" data-end=\"605\">frenos hidr\u00e1ulicos<\/strong> seg\u00fan tus preferencias.<\/p>\n","protected":false},"featured_media":10180,"template":"","meta":[],"product_brand":[],"product_cat":[315],"product_tag":[],"scooter_compatibility":[],"class_list":{"0":"post-10179","1":"product","2":"type-product","3":"status-publish","4":"has-post-thumbnail","6":"product_cat-servicios-de-modificacion","8":"first","9":"instock","10":"taxable","11":"shipping-taxable","12":"purchasable","13":"product-type-simple"},"yoast_head":"<!-- This site is optimized with the Yoast SEO plugin v26.9 - https:\/\/yoast.com\/product\/yoast-seo-wordpress\/ -->\n<title>Modificaci\u00f3n SmartGyro K2 \u2013 Vinilo, BMX y frenos hidr\u00e1ulicos<\/title>\n<meta name=\"description\" content=\"Servicio de modificaci\u00f3n SmartGyro K2 con recogida y entrega a domicilio: vinilo personalizado, manillar tipo BMX y frenos hidr\u00e1ulicos.\" \/>\n<meta name=\"robots\" content=\"index, follow, max-snippet:-1, max-image-preview:large, max-video-preview:-1\" \/>\n<link rel=\"canonical\" href=\"https:\/\/360scooters.com\/es\/producto\/modificacion-smartgyro-k2-personalizacion-completa-con-recogida-y-entrega\/\" \/>\n<meta property=\"og:locale\" content=\"es_ES\" \/>\n<meta property=\"og:type\" content=\"article\" \/>\n<meta property=\"og:title\" content=\"Modificaci\u00f3n SmartGyro K2 \u2013 Vinilo, BMX y frenos hidr\u00e1ulicos\" \/>\n<meta property=\"og:description\" content=\"Servicio de modificaci\u00f3n SmartGyro K2 con recogida y entrega a domicilio: vinilo personalizado, manillar tipo BMX y frenos hidr\u00e1ulicos.\" \/>\n<meta property=\"og:url\" content=\"https:\/\/360scooters.com\/es\/producto\/modificacion-smartgyro-k2-personalizacion-completa-con-recogida-y-entrega\/\" \/>\n<meta property=\"og:site_name\" content=\"360Scooters | Tienda-taller de patinetes el\u00e9ctricos\" \/>\n<meta property=\"article:modified_time\" content=\"2025-12-30T16:56:35+00:00\" \/>\n<meta property=\"og:image\" content=\"https:\/\/360scooters.com\/es\/wp-content\/uploads\/sites\/2\/2025\/12\/MINIATURA-PRODUCTO-41.png\" \/>\n\t<meta property=\"og:image:width\" content=\"1080\" \/>\n\t<meta property=\"og:image:height\" content=\"1080\" \/>\n\t<meta property=\"og:image:type\" content=\"image\/png\" \/>\n<meta name=\"twitter:card\" content=\"summary_large_image\" \/>\n<meta name=\"twitter:label1\" content=\"Tiempo de lectura\" \/>\n\t<meta name=\"twitter:data1\" content=\"2 minutos\" \/>\n<script type=\"application\/ld+json\" class=\"yoast-schema-graph\">{\"@context\":\"https:\/\/schema.org\",\"@graph\":[{\"@type\":\"WebPage\",\"@id\":\"https:\/\/360scooters.com\/es\/producto\/modificacion-smartgyro-k2-personalizacion-completa-con-recogida-y-entrega\/\",\"url\":\"https:\/\/360scooters.com\/es\/producto\/modificacion-smartgyro-k2-personalizacion-completa-con-recogida-y-entrega\/\",\"name\":\"Modificaci\u00f3n SmartGyro K2 \u2013 Vinilo, BMX y frenos hidr\u00e1ulicos\",\"isPartOf\":{\"@id\":\"https:\/\/360scooters.com\/es\/#website\"},\"primaryImageOfPage\":{\"@id\":\"https:\/\/360scooters.com\/es\/producto\/modificacion-smartgyro-k2-personalizacion-completa-con-recogida-y-entrega\/#primaryimage\"},\"image\":{\"@id\":\"https:\/\/360scooters.com\/es\/producto\/modificacion-smartgyro-k2-personalizacion-completa-con-recogida-y-entrega\/#primaryimage\"},\"thumbnailUrl\":\"https:\/\/360scooters.com\/es\/wp-content\/uploads\/sites\/2\/2025\/12\/MINIATURA-PRODUCTO-41.png\",\"datePublished\":\"2023-12-30T16:50:52+00:00\",\"dateModified\":\"2025-12-30T16:56:35+00:00\",\"description\":\"Servicio de modificaci\u00f3n SmartGyro K2 con recogida y entrega a domicilio: vinilo personalizado, manillar tipo BMX y frenos hidr\u00e1ulicos.\",\"breadcrumb\":{\"@id\":\"https:\/\/360scooters.com\/es\/producto\/modificacion-smartgyro-k2-personalizacion-completa-con-recogida-y-entrega\/#breadcrumb\"},\"inLanguage\":\"es\",\"potentialAction\":[{\"@type\":\"ReadAction\",\"target\":[\"https:\/\/360scooters.com\/es\/producto\/modificacion-smartgyro-k2-personalizacion-completa-con-recogida-y-entrega\/\"]}]},{\"@type\":\"ImageObject\",\"inLanguage\":\"es\",\"@id\":\"https:\/\/360scooters.com\/es\/producto\/modificacion-smartgyro-k2-personalizacion-completa-con-recogida-y-entrega\/#primaryimage\",\"url\":\"https:\/\/360scooters.com\/es\/wp-content\/uploads\/sites\/2\/2025\/12\/MINIATURA-PRODUCTO-41.png\",\"contentUrl\":\"https:\/\/360scooters.com\/es\/wp-content\/uploads\/sites\/2\/2025\/12\/MINIATURA-PRODUCTO-41.png\",\"width\":1080,\"height\":1080,\"caption\":\"Modificaci\u00f3n Smartgyro K2 \u2013 Personalizaci\u00f3n completa con recogida y entrega\"},{\"@type\":\"BreadcrumbList\",\"@id\":\"https:\/\/360scooters.com\/es\/producto\/modificacion-smartgyro-k2-personalizacion-completa-con-recogida-y-entrega\/#breadcrumb\",\"itemListElement\":[{\"@type\":\"ListItem\",\"position\":1,\"name\":\"Portada\",\"item\":\"https:\/\/360scooters.com\/es\/\"},{\"@type\":\"ListItem\",\"position\":2,\"name\":\"Tienda\",\"item\":\"https:\/\/360scooters.com\/es\/tienda\/\"},{\"@type\":\"ListItem\",\"position\":3,\"name\":\"Modificaci\u00f3n Smartgyro K2 \u2013 Personalizaci\u00f3n completa con recogida y entrega\"}]},{\"@type\":\"WebSite\",\"@id\":\"https:\/\/360scooters.com\/es\/#website\",\"url\":\"https:\/\/360scooters.com\/es\/\",\"name\":\"360Scooters - Patinetes el\u00e9ctricos en Pen\u00ednsula y Baleares - Patinetes Madrid - Patinetes Alicante - Patinetes Barcelona\",\"description\":\"\",\"publisher\":{\"@id\":\"https:\/\/360scooters.com\/es\/#organization\"},\"potentialAction\":[{\"@type\":\"SearchAction\",\"target\":{\"@type\":\"EntryPoint\",\"urlTemplate\":\"https:\/\/360scooters.com\/es\/?s={search_term_string}\"},\"query-input\":{\"@type\":\"PropertyValueSpecification\",\"valueRequired\":true,\"valueName\":\"search_term_string\"}}],\"inLanguage\":\"es\"},{\"@type\":\"Organization\",\"@id\":\"https:\/\/360scooters.com\/es\/#organization\",\"name\":\"360Scooters - Patinetes el\u00e9ctricos en Pen\u00ednsula y Baleares - Patinetes Madrid - Patinetes Alicante - Patinetes Barcelona\",\"url\":\"https:\/\/360scooters.com\/es\/\",\"logo\":{\"@type\":\"ImageObject\",\"inLanguage\":\"es\",\"@id\":\"https:\/\/360scooters.com\/es\/#\/schema\/logo\/image\/\",\"url\":\"https:\/\/360scooters.com\/es\/wp-content\/uploads\/sites\/2\/2024\/02\/logo-claimweb-e1727166047230.png\",\"contentUrl\":\"https:\/\/360scooters.com\/es\/wp-content\/uploads\/sites\/2\/2024\/02\/logo-claimweb-e1727166047230.png\",\"width\":214,\"height\":54,\"caption\":\"360Scooters - Patinetes el\u00e9ctricos en Pen\u00ednsula y Baleares - Patinetes Madrid - Patinetes Alicante - Patinetes Barcelona\"},\"image\":{\"@id\":\"https:\/\/360scooters.com\/es\/#\/schema\/logo\/image\/\"}}]}<\/script>\n<!-- \/ Yoast SEO plugin. -->","yoast_head_json":{"title":"Modificaci\u00f3n SmartGyro K2 \u2013 Vinilo, BMX y frenos hidr\u00e1ulicos","description":"Servicio de modificaci\u00f3n SmartGyro K2 con recogida y entrega a domicilio: vinilo personalizado, manillar tipo BMX y frenos hidr\u00e1ulicos.","robots":{"index":"index","follow":"follow","max-snippet":"max-snippet:-1","max-image-preview":"max-image-preview:large","max-video-preview":"max-video-preview:-1"},"canonical":"https:\/\/360scooters.com\/es\/producto\/modificacion-smartgyro-k2-personalizacion-completa-con-recogida-y-entrega\/","og_locale":"es_ES","og_type":"article","og_title":"Modificaci\u00f3n SmartGyro K2 \u2013 Vinilo, BMX y frenos hidr\u00e1ulicos","og_description":"Servicio de modificaci\u00f3n SmartGyro K2 con recogida y entrega a domicilio: vinilo personalizado, manillar tipo BMX y frenos hidr\u00e1ulicos.","og_url":"https:\/\/360scooters.com\/es\/producto\/modificacion-smartgyro-k2-personalizacion-completa-con-recogida-y-entrega\/","og_site_name":"360Scooters | Tienda-taller de patinetes el\u00e9ctricos","article_modified_time":"2025-12-30T16:56:35+00:00","og_image":[{"width":1080,"height":1080,"url":"https:\/\/360scooters.com\/es\/wp-content\/uploads\/sites\/2\/2025\/12\/MINIATURA-PRODUCTO-41.png","type":"image\/png"}],"twitter_card":"summary_large_image","twitter_misc":{"Tiempo de lectura":"2 minutos"},"schema":{"@context":"https:\/\/schema.org","@graph":[{"@type":"WebPage","@id":"https:\/\/360scooters.com\/es\/producto\/modificacion-smartgyro-k2-personalizacion-completa-con-recogida-y-entrega\/","url":"https:\/\/360scooters.com\/es\/producto\/modificacion-smartgyro-k2-personalizacion-completa-con-recogida-y-entrega\/","name":"Modificaci\u00f3n SmartGyro K2 \u2013 Vinilo, BMX y frenos hidr\u00e1ulicos","isPartOf":{"@id":"https:\/\/360scooters.com\/es\/#website"},"primaryImageOfPage":{"@id":"https:\/\/360scooters.com\/es\/producto\/modificacion-smartgyro-k2-personalizacion-completa-con-recogida-y-entrega\/#primaryimage"},"image":{"@id":"https:\/\/360scooters.com\/es\/producto\/modificacion-smartgyro-k2-personalizacion-completa-con-recogida-y-entrega\/#primaryimage"},"thumbnailUrl":"https:\/\/360scooters.com\/es\/wp-content\/uploads\/sites\/2\/2025\/12\/MINIATURA-PRODUCTO-41.png","datePublished":"2023-12-30T16:50:52+00:00","dateModified":"2025-12-30T16:56:35+00:00","description":"Servicio de modificaci\u00f3n SmartGyro K2 con recogida y entrega a domicilio: vinilo personalizado, manillar tipo BMX y frenos hidr\u00e1ulicos.","breadcrumb":{"@id":"https:\/\/360scooters.com\/es\/producto\/modificacion-smartgyro-k2-personalizacion-completa-con-recogida-y-entrega\/#breadcrumb"},"inLanguage":"es","potentialAction":[{"@type":"ReadAction","target":["https:\/\/360scooters.com\/es\/producto\/modificacion-smartgyro-k2-personalizacion-completa-con-recogida-y-entrega\/"]}]},{"@type":"ImageObject","inLanguage":"es","@id":"https:\/\/360scooters.com\/es\/producto\/modificacion-smartgyro-k2-personalizacion-completa-con-recogida-y-entrega\/#primaryimage","url":"https:\/\/360scooters.com\/es\/wp-content\/uploads\/sites\/2\/2025\/12\/MINIATURA-PRODUCTO-41.png","contentUrl":"https:\/\/360scooters.com\/es\/wp-content\/uploads\/sites\/2\/2025\/12\/MINIATURA-PRODUCTO-41.png","width":1080,"height":1080,"caption":"Modificaci\u00f3n Smartgyro K2 \u2013 Personalizaci\u00f3n completa con recogida y entrega"},{"@type":"BreadcrumbList","@id":"https:\/\/360scooters.com\/es\/producto\/modificacion-smartgyro-k2-personalizacion-completa-con-recogida-y-entrega\/#breadcrumb","itemListElement":[{"@type":"ListItem","position":1,"name":"Portada","item":"https:\/\/360scooters.com\/es\/"},{"@type":"ListItem","position":2,"name":"Tienda","item":"https:\/\/360scooters.com\/es\/tienda\/"},{"@type":"ListItem","position":3,"name":"Modificaci\u00f3n Smartgyro K2 \u2013 Personalizaci\u00f3n completa con recogida y entrega"}]},{"@type":"WebSite","@id":"https:\/\/360scooters.com\/es\/#website","url":"https:\/\/360scooters.com\/es\/","name":"360Scooters - Patinetes el\u00e9ctricos en Pen\u00ednsula y Baleares - Patinetes Madrid - Patinetes Alicante - Patinetes Barcelona","description":"","publisher":{"@id":"https:\/\/360scooters.com\/es\/#organization"},"potentialAction":[{"@type":"SearchAction","target":{"@type":"EntryPoint","urlTemplate":"https:\/\/360scooters.com\/es\/?s={search_term_string}"},"query-input":{"@type":"PropertyValueSpecification","valueRequired":true,"valueName":"search_term_string"}}],"inLanguage":"es"},{"@type":"Organization","@id":"https:\/\/360scooters.com\/es\/#organization","name":"360Scooters - Patinetes el\u00e9ctricos en Pen\u00ednsula y Baleares - Patinetes Madrid - Patinetes Alicante - Patinetes Barcelona","url":"https:\/\/360scooters.com\/es\/","logo":{"@type":"ImageObject","inLanguage":"es","@id":"https:\/\/360scooters.com\/es\/#\/schema\/logo\/image\/","url":"https:\/\/360scooters.com\/es\/wp-content\/uploads\/sites\/2\/2024\/02\/logo-claimweb-e1727166047230.png","contentUrl":"https:\/\/360scooters.com\/es\/wp-content\/uploads\/sites\/2\/2024\/02\/logo-claimweb-e1727166047230.png","width":214,"height":54,"caption":"360Scooters - Patinetes el\u00e9ctricos en Pen\u00ednsula y Baleares - Patinetes Madrid - Patinetes Alicante - Patinetes Barcelona"},"image":{"@id":"https:\/\/360scooters.com\/es\/#\/schema\/logo\/image\/"}}]}},"_links":{"self":[{"href":"https:\/\/360scooters.com\/es\/wp-json\/wp\/v2\/product\/10179","targetHints":{"allow":["GET"]}}],"collection":[{"href":"https:\/\/360scooters.com\/es\/wp-json\/wp\/v2\/product"}],"about":[{"href":"https:\/\/360scooters.com\/es\/wp-json\/wp\/v2\/types\/product"}],"version-history":[{"count":2,"href":"https:\/\/360scooters.com\/es\/wp-json\/wp\/v2\/product\/10179\/revisions"}],"predecessor-version":[{"id":10182,"href":"https:\/\/360scooters.com\/es\/wp-json\/wp\/v2\/product\/10179\/revisions\/10182"}],"wp:featuredmedia":[{"embeddable":true,"href":"https:\/\/360scooters.com\/es\/wp-json\/wp\/v2\/media\/10180"}],"wp:attachment":[{"href":"https:\/\/360scooters.com\/es\/wp-json\/wp\/v2\/media?parent=10179"}],"wp:term":[{"taxonomy":"product_brand","embeddable":true,"href":"https:\/\/360scooters.com\/es\/wp-json\/wp\/v2\/product_brand?post=10179"},{"taxonomy":"product_cat","embeddable":true,"href":"https:\/\/360scooters.com\/es\/wp-json\/wp\/v2\/product_cat?post=10179"},{"taxonomy":"product_tag","embeddable":true,"href":"https:\/\/360scooters.com\/es\/wp-json\/wp\/v2\/product_tag?post=10179"},{"taxonomy":"scooter_compatibility","embeddable":true,"href":"https:\/\/360scooters.com\/es\/wp-json\/wp\/v2\/scooter_compatibility?post=10179"}],"curies":[{"name":"wp","href":"https:\/\/api.w.org\/{rel}","templated":true}]}}