{"id":10041,"date":"2025-12-21T11:57:43","date_gmt":"2025-12-21T10:57:43","guid":{"rendered":"https:\/\/360scooters.com\/es\/?post_type=product&#038;p=10041"},"modified":"2026-01-24T18:04:45","modified_gmt":"2026-01-24T17:04:45","slug":"vinilo-ecoxtrem-m41-hoonigan-purple","status":"publish","type":"product","link":"https:\/\/360scooters.com\/es\/producto\/vinilo-ecoxtrem-m41-hoonigan-purple\/","title":{"rendered":"Vinilo Ecoxtrem M41 Hoonigan Purple"},"content":{"rendered":"<p data-start=\"618\" data-end=\"887\">El <strong data-start=\"621\" data-end=\"665\">Vinilo Hoonigan Purple para Ecoxtrem M41<\/strong> es la opci\u00f3n ideal para quienes quieren llevar la personalizaci\u00f3n de su patinete el\u00e9ctrico al siguiente nivel. Dise\u00f1ado espec\u00edficamente para la <strong data-start=\"810\" data-end=\"828\">plataforma M41<\/strong>, este vinilo es <strong data-start=\"845\" data-end=\"870\">totalmente compatible<\/strong> con los modelos:<\/p>\n<ul data-start=\"889\" data-end=\"976\">\n<li data-start=\"889\" data-end=\"912\">\n<p data-start=\"891\" data-end=\"912\"><strong data-start=\"891\" data-end=\"910\">M41 TANK Single<\/strong><\/p>\n<\/li>\n<li data-start=\"913\" data-end=\"934\">\n<p data-start=\"915\" data-end=\"934\"><strong data-start=\"915\" data-end=\"932\">M41 TANK Dual<\/strong><\/p>\n<\/li>\n<li data-start=\"935\" data-end=\"958\">\n<p data-start=\"937\" data-end=\"958\"><strong data-start=\"937\" data-end=\"956\">M41 TANK Xanzer<\/strong><\/p>\n<\/li>\n<li data-start=\"959\" data-end=\"976\">\n<p data-start=\"961\" data-end=\"976\"><strong data-start=\"961\" data-end=\"976\">M41 Armored<\/strong><\/p>\n<\/li>\n<\/ul>\n<p data-start=\"978\" data-end=\"1261\">El dise\u00f1o <strong data-start=\"988\" data-end=\"1007\">Hoonigan Purple<\/strong> destaca por su est\u00e9tica agresiva y urbana, con tonos p\u00farpura intensos inspirados en el mundo del motor y el estilo racing. No es solo una mejora est\u00e9tica: este vinilo act\u00faa tambi\u00e9n como <strong data-start=\"1194\" data-end=\"1214\">protecci\u00f3n extra<\/strong> frente a roces, ara\u00f1azos y el desgaste diario.<\/p>\n<h3 data-start=\"1263\" data-end=\"1297\">\ud83d\udd27 Caracter\u00edsticas principales<\/h3>\n<ul data-start=\"1299\" data-end=\"1822\">\n<li data-start=\"1299\" data-end=\"1379\">\n<p data-start=\"1301\" data-end=\"1379\"><strong data-start=\"1301\" data-end=\"1329\">Compatibilidad total M41<\/strong>: ajuste preciso para toda la gama Ecoxtrem M41.<\/p>\n<\/li>\n<li data-start=\"1380\" data-end=\"1450\">\n<p data-start=\"1382\" data-end=\"1450\"><strong data-start=\"1382\" data-end=\"1408\">Dise\u00f1o Hoonigan Purple<\/strong>: look deportivo, llamativo y exclusivo.<\/p>\n<\/li>\n<li data-start=\"1451\" data-end=\"1547\">\n<p data-start=\"1453\" data-end=\"1547\"><strong data-start=\"1453\" data-end=\"1479\">Vinilo de alta calidad<\/strong>: material premium, resistente al agua, al sol y al uso intensivo.<\/p>\n<\/li>\n<li data-start=\"1548\" data-end=\"1631\">\n<p data-start=\"1550\" data-end=\"1631\"><strong data-start=\"1550\" data-end=\"1575\">Protecci\u00f3n del chasis<\/strong>: ayuda a conservar la est\u00e9tica original del patinete.<\/p>\n<\/li>\n<li data-start=\"1632\" data-end=\"1738\">\n<p data-start=\"1634\" data-end=\"1738\"><strong data-start=\"1634\" data-end=\"1658\">Instalaci\u00f3n sencilla<\/strong>: adhesivo de alta adherencia que permite una colocaci\u00f3n limpia, sin burbujas.<\/p>\n<\/li>\n<li data-start=\"1739\" data-end=\"1822\">\n<p data-start=\"1741\" data-end=\"1822\"><strong data-start=\"1741\" data-end=\"1767\">Retirable sin residuos<\/strong>: se puede quitar sin da\u00f1ar la superficie del patinete.<\/p>\n<\/li>\n<\/ul>\n<h3 data-start=\"1824\" data-end=\"1871\">\ud83c\udfaf Ventajas de personalizar tu Ecoxtrem M41<\/h3>\n<ul data-start=\"1873\" data-end=\"2124\">\n<li data-start=\"1873\" data-end=\"1935\">\n<p data-start=\"1875\" data-end=\"1935\">Diferencias tu patinete del resto desde el primer momento.<\/p>\n<\/li>\n<li data-start=\"1936\" data-end=\"1984\">\n<p data-start=\"1938\" data-end=\"1984\">Proteges las zonas m\u00e1s expuestas del chasis.<\/p>\n<\/li>\n<li data-start=\"1985\" data-end=\"2051\">\n<p data-start=\"1987\" data-end=\"2051\">Renuevas el aspecto del patinete sin modificaciones mec\u00e1nicas.<\/p>\n<\/li>\n<li data-start=\"2052\" data-end=\"2124\">\n<p data-start=\"2054\" data-end=\"2124\">Puedes cambiar de dise\u00f1o cuando quieras sin comprometer la estructura.<\/p>\n<\/li>\n<\/ul>\n<p data-start=\"2126\" data-end=\"2315\">El <strong data-start=\"2129\" data-end=\"2173\">Vinilo Hoonigan Purple para Ecoxtrem M41<\/strong> es perfecto para usuarios que buscan un patinete con car\u00e1cter propio, combinando <strong data-start=\"2255\" data-end=\"2294\">est\u00e9tica, protecci\u00f3n y personalidad<\/strong> en un solo producto.<\/p>\n","protected":false},"excerpt":{"rendered":"<h4><span style=\"color: #ff9900;\"><strong><em>Este producto puede sufrir retrasos en su entrega por producci\u00f3n<\/em><\/strong><\/span><\/h4>\n<p data-start=\"301\" data-end=\"564\">Vinilo <strong data-start=\"308\" data-end=\"327\">Hoonigan Purple<\/strong> compatible con <strong data-start=\"343\" data-end=\"359\">Ecoxtrem M41<\/strong>: M41 TANK Single, TANK Dual, TANK Xanzer y M41 Armored. Dise\u00f1o agresivo en tonos p\u00farpura, vinilo premium resistente al agua y al sol, f\u00e1cil de instalar y perfecto para personalizar y proteger tu patinete.<\/p>\n<p data-start=\"301\" data-end=\"564\"><strong>El kit incluye base<\/strong><\/p>\n","protected":false},"featured_media":10042,"template":"","meta":[],"product_brand":[321],"product_cat":[312],"product_tag":[],"scooter_compatibility":[],"class_list":{"0":"post-10041","1":"product","2":"type-product","3":"status-publish","4":"has-post-thumbnail","6":"product_brand-vinilos360","7":"product_cat-vinilos-ecoxtrem","8":"pa_marca-stylish-scooters","10":"first","11":"instock","12":"taxable","13":"shipping-taxable","14":"purchasable","15":"product-type-simple"},"yoast_head":"<!-- This site is optimized with the Yoast SEO plugin v26.9 - https:\/\/yoast.com\/product\/yoast-seo-wordpress\/ -->\n<title>Vinilo Hoonigan Purple para Ecoxtrem M41<\/title>\n<meta name=\"description\" content=\"Vinilo Hoonigan Purple compatible con Ecoxtrem M41 TANK Single, Dual, Xanzer y Armored. Dise\u00f1o racing, resistente al agua y f\u00e1cil de instalar.\" \/>\n<meta name=\"robots\" content=\"index, follow, max-snippet:-1, max-image-preview:large, max-video-preview:-1\" \/>\n<link rel=\"canonical\" href=\"https:\/\/360scooters.com\/es\/producto\/vinilo-ecoxtrem-m41-hoonigan-purple\/\" \/>\n<meta property=\"og:locale\" content=\"es_ES\" \/>\n<meta property=\"og:type\" content=\"article\" \/>\n<meta property=\"og:title\" content=\"Vinilo Hoonigan Purple para Ecoxtrem M41\" \/>\n<meta property=\"og:description\" content=\"Vinilo Hoonigan Purple compatible con Ecoxtrem M41 TANK Single, Dual, Xanzer y Armored. Dise\u00f1o racing, resistente al agua y f\u00e1cil de instalar.\" \/>\n<meta property=\"og:url\" content=\"https:\/\/360scooters.com\/es\/producto\/vinilo-ecoxtrem-m41-hoonigan-purple\/\" \/>\n<meta property=\"og:site_name\" content=\"360Scooters | Tienda-taller de patinetes el\u00e9ctricos\" \/>\n<meta property=\"article:modified_time\" content=\"2026-01-24T17:04:45+00:00\" \/>\n<meta property=\"og:image\" content=\"https:\/\/360scooters.com\/es\/wp-content\/uploads\/sites\/2\/2025\/12\/vinilo-hooniganpurple-m41.png\" \/>\n\t<meta property=\"og:image:width\" content=\"800\" \/>\n\t<meta property=\"og:image:height\" content=\"800\" \/>\n\t<meta property=\"og:image:type\" content=\"image\/png\" \/>\n<meta name=\"twitter:card\" content=\"summary_large_image\" \/>\n<meta name=\"twitter:label1\" content=\"Tiempo de lectura\" \/>\n\t<meta name=\"twitter:data1\" content=\"2 minutos\" \/>\n<script type=\"application\/ld+json\" class=\"yoast-schema-graph\">{\"@context\":\"https:\/\/schema.org\",\"@graph\":[{\"@type\":\"WebPage\",\"@id\":\"https:\/\/360scooters.com\/es\/producto\/vinilo-ecoxtrem-m41-hoonigan-purple\/\",\"url\":\"https:\/\/360scooters.com\/es\/producto\/vinilo-ecoxtrem-m41-hoonigan-purple\/\",\"name\":\"Vinilo Hoonigan Purple para Ecoxtrem M41\",\"isPartOf\":{\"@id\":\"https:\/\/360scooters.com\/es\/#website\"},\"primaryImageOfPage\":{\"@id\":\"https:\/\/360scooters.com\/es\/producto\/vinilo-ecoxtrem-m41-hoonigan-purple\/#primaryimage\"},\"image\":{\"@id\":\"https:\/\/360scooters.com\/es\/producto\/vinilo-ecoxtrem-m41-hoonigan-purple\/#primaryimage\"},\"thumbnailUrl\":\"https:\/\/360scooters.com\/es\/wp-content\/uploads\/sites\/2\/2025\/12\/vinilo-hooniganpurple-m41.png\",\"datePublished\":\"2025-12-21T10:57:43+00:00\",\"dateModified\":\"2026-01-24T17:04:45+00:00\",\"description\":\"Vinilo Hoonigan Purple compatible con Ecoxtrem M41 TANK Single, Dual, Xanzer y Armored. Dise\u00f1o racing, resistente al agua y f\u00e1cil de instalar.\",\"breadcrumb\":{\"@id\":\"https:\/\/360scooters.com\/es\/producto\/vinilo-ecoxtrem-m41-hoonigan-purple\/#breadcrumb\"},\"inLanguage\":\"es\",\"potentialAction\":[{\"@type\":\"ReadAction\",\"target\":[\"https:\/\/360scooters.com\/es\/producto\/vinilo-ecoxtrem-m41-hoonigan-purple\/\"]}]},{\"@type\":\"ImageObject\",\"inLanguage\":\"es\",\"@id\":\"https:\/\/360scooters.com\/es\/producto\/vinilo-ecoxtrem-m41-hoonigan-purple\/#primaryimage\",\"url\":\"https:\/\/360scooters.com\/es\/wp-content\/uploads\/sites\/2\/2025\/12\/vinilo-hooniganpurple-m41.png\",\"contentUrl\":\"https:\/\/360scooters.com\/es\/wp-content\/uploads\/sites\/2\/2025\/12\/vinilo-hooniganpurple-m41.png\",\"width\":800,\"height\":800,\"caption\":\"Vinilo Ecoxtreme M41 Hoonigan Purple\"},{\"@type\":\"BreadcrumbList\",\"@id\":\"https:\/\/360scooters.com\/es\/producto\/vinilo-ecoxtrem-m41-hoonigan-purple\/#breadcrumb\",\"itemListElement\":[{\"@type\":\"ListItem\",\"position\":1,\"name\":\"Portada\",\"item\":\"https:\/\/360scooters.com\/es\/\"},{\"@type\":\"ListItem\",\"position\":2,\"name\":\"Tienda\",\"item\":\"https:\/\/360scooters.com\/es\/tienda\/\"},{\"@type\":\"ListItem\",\"position\":3,\"name\":\"Vinilo Ecoxtrem M41 Hoonigan Purple\"}]},{\"@type\":\"WebSite\",\"@id\":\"https:\/\/360scooters.com\/es\/#website\",\"url\":\"https:\/\/360scooters.com\/es\/\",\"name\":\"360Scooters - Patinetes el\u00e9ctricos en Pen\u00ednsula y Baleares - Patinetes Madrid - Patinetes Alicante - Patinetes Barcelona\",\"description\":\"\",\"publisher\":{\"@id\":\"https:\/\/360scooters.com\/es\/#organization\"},\"potentialAction\":[{\"@type\":\"SearchAction\",\"target\":{\"@type\":\"EntryPoint\",\"urlTemplate\":\"https:\/\/360scooters.com\/es\/?s={search_term_string}\"},\"query-input\":{\"@type\":\"PropertyValueSpecification\",\"valueRequired\":true,\"valueName\":\"search_term_string\"}}],\"inLanguage\":\"es\"},{\"@type\":\"Organization\",\"@id\":\"https:\/\/360scooters.com\/es\/#organization\",\"name\":\"360Scooters - Patinetes el\u00e9ctricos en Pen\u00ednsula y Baleares - Patinetes Madrid - Patinetes Alicante - Patinetes Barcelona\",\"url\":\"https:\/\/360scooters.com\/es\/\",\"logo\":{\"@type\":\"ImageObject\",\"inLanguage\":\"es\",\"@id\":\"https:\/\/360scooters.com\/es\/#\/schema\/logo\/image\/\",\"url\":\"https:\/\/360scooters.com\/es\/wp-content\/uploads\/sites\/2\/2024\/02\/logo-claimweb-e1727166047230.png\",\"contentUrl\":\"https:\/\/360scooters.com\/es\/wp-content\/uploads\/sites\/2\/2024\/02\/logo-claimweb-e1727166047230.png\",\"width\":214,\"height\":54,\"caption\":\"360Scooters - Patinetes el\u00e9ctricos en Pen\u00ednsula y Baleares - Patinetes Madrid - Patinetes Alicante - Patinetes Barcelona\"},\"image\":{\"@id\":\"https:\/\/360scooters.com\/es\/#\/schema\/logo\/image\/\"}}]}<\/script>\n<!-- \/ Yoast SEO plugin. -->","yoast_head_json":{"title":"Vinilo Hoonigan Purple para Ecoxtrem M41","description":"Vinilo Hoonigan Purple compatible con Ecoxtrem M41 TANK Single, Dual, Xanzer y Armored. Dise\u00f1o racing, resistente al agua y f\u00e1cil de instalar.","robots":{"index":"index","follow":"follow","max-snippet":"max-snippet:-1","max-image-preview":"max-image-preview:large","max-video-preview":"max-video-preview:-1"},"canonical":"https:\/\/360scooters.com\/es\/producto\/vinilo-ecoxtrem-m41-hoonigan-purple\/","og_locale":"es_ES","og_type":"article","og_title":"Vinilo Hoonigan Purple para Ecoxtrem M41","og_description":"Vinilo Hoonigan Purple compatible con Ecoxtrem M41 TANK Single, Dual, Xanzer y Armored. Dise\u00f1o racing, resistente al agua y f\u00e1cil de instalar.","og_url":"https:\/\/360scooters.com\/es\/producto\/vinilo-ecoxtrem-m41-hoonigan-purple\/","og_site_name":"360Scooters | Tienda-taller de patinetes el\u00e9ctricos","article_modified_time":"2026-01-24T17:04:45+00:00","og_image":[{"width":800,"height":800,"url":"https:\/\/360scooters.com\/es\/wp-content\/uploads\/sites\/2\/2025\/12\/vinilo-hooniganpurple-m41.png","type":"image\/png"}],"twitter_card":"summary_large_image","twitter_misc":{"Tiempo de lectura":"2 minutos"},"schema":{"@context":"https:\/\/schema.org","@graph":[{"@type":"WebPage","@id":"https:\/\/360scooters.com\/es\/producto\/vinilo-ecoxtrem-m41-hoonigan-purple\/","url":"https:\/\/360scooters.com\/es\/producto\/vinilo-ecoxtrem-m41-hoonigan-purple\/","name":"Vinilo Hoonigan Purple para Ecoxtrem M41","isPartOf":{"@id":"https:\/\/360scooters.com\/es\/#website"},"primaryImageOfPage":{"@id":"https:\/\/360scooters.com\/es\/producto\/vinilo-ecoxtrem-m41-hoonigan-purple\/#primaryimage"},"image":{"@id":"https:\/\/360scooters.com\/es\/producto\/vinilo-ecoxtrem-m41-hoonigan-purple\/#primaryimage"},"thumbnailUrl":"https:\/\/360scooters.com\/es\/wp-content\/uploads\/sites\/2\/2025\/12\/vinilo-hooniganpurple-m41.png","datePublished":"2025-12-21T10:57:43+00:00","dateModified":"2026-01-24T17:04:45+00:00","description":"Vinilo Hoonigan Purple compatible con Ecoxtrem M41 TANK Single, Dual, Xanzer y Armored. Dise\u00f1o racing, resistente al agua y f\u00e1cil de instalar.","breadcrumb":{"@id":"https:\/\/360scooters.com\/es\/producto\/vinilo-ecoxtrem-m41-hoonigan-purple\/#breadcrumb"},"inLanguage":"es","potentialAction":[{"@type":"ReadAction","target":["https:\/\/360scooters.com\/es\/producto\/vinilo-ecoxtrem-m41-hoonigan-purple\/"]}]},{"@type":"ImageObject","inLanguage":"es","@id":"https:\/\/360scooters.com\/es\/producto\/vinilo-ecoxtrem-m41-hoonigan-purple\/#primaryimage","url":"https:\/\/360scooters.com\/es\/wp-content\/uploads\/sites\/2\/2025\/12\/vinilo-hooniganpurple-m41.png","contentUrl":"https:\/\/360scooters.com\/es\/wp-content\/uploads\/sites\/2\/2025\/12\/vinilo-hooniganpurple-m41.png","width":800,"height":800,"caption":"Vinilo Ecoxtreme M41 Hoonigan Purple"},{"@type":"BreadcrumbList","@id":"https:\/\/360scooters.com\/es\/producto\/vinilo-ecoxtrem-m41-hoonigan-purple\/#breadcrumb","itemListElement":[{"@type":"ListItem","position":1,"name":"Portada","item":"https:\/\/360scooters.com\/es\/"},{"@type":"ListItem","position":2,"name":"Tienda","item":"https:\/\/360scooters.com\/es\/tienda\/"},{"@type":"ListItem","position":3,"name":"Vinilo Ecoxtrem M41 Hoonigan Purple"}]},{"@type":"WebSite","@id":"https:\/\/360scooters.com\/es\/#website","url":"https:\/\/360scooters.com\/es\/","name":"360Scooters - Patinetes el\u00e9ctricos en Pen\u00ednsula y Baleares - Patinetes Madrid - Patinetes Alicante - Patinetes Barcelona","description":"","publisher":{"@id":"https:\/\/360scooters.com\/es\/#organization"},"potentialAction":[{"@type":"SearchAction","target":{"@type":"EntryPoint","urlTemplate":"https:\/\/360scooters.com\/es\/?s={search_term_string}"},"query-input":{"@type":"PropertyValueSpecification","valueRequired":true,"valueName":"search_term_string"}}],"inLanguage":"es"},{"@type":"Organization","@id":"https:\/\/360scooters.com\/es\/#organization","name":"360Scooters - Patinetes el\u00e9ctricos en Pen\u00ednsula y Baleares - Patinetes Madrid - Patinetes Alicante - Patinetes Barcelona","url":"https:\/\/360scooters.com\/es\/","logo":{"@type":"ImageObject","inLanguage":"es","@id":"https:\/\/360scooters.com\/es\/#\/schema\/logo\/image\/","url":"https:\/\/360scooters.com\/es\/wp-content\/uploads\/sites\/2\/2024\/02\/logo-claimweb-e1727166047230.png","contentUrl":"https:\/\/360scooters.com\/es\/wp-content\/uploads\/sites\/2\/2024\/02\/logo-claimweb-e1727166047230.png","width":214,"height":54,"caption":"360Scooters - Patinetes el\u00e9ctricos en Pen\u00ednsula y Baleares - Patinetes Madrid - Patinetes Alicante - Patinetes Barcelona"},"image":{"@id":"https:\/\/360scooters.com\/es\/#\/schema\/logo\/image\/"}}]}},"_links":{"self":[{"href":"https:\/\/360scooters.com\/es\/wp-json\/wp\/v2\/product\/10041","targetHints":{"allow":["GET"]}}],"collection":[{"href":"https:\/\/360scooters.com\/es\/wp-json\/wp\/v2\/product"}],"about":[{"href":"https:\/\/360scooters.com\/es\/wp-json\/wp\/v2\/types\/product"}],"version-history":[{"count":4,"href":"https:\/\/360scooters.com\/es\/wp-json\/wp\/v2\/product\/10041\/revisions"}],"predecessor-version":[{"id":10386,"href":"https:\/\/360scooters.com\/es\/wp-json\/wp\/v2\/product\/10041\/revisions\/10386"}],"wp:featuredmedia":[{"embeddable":true,"href":"https:\/\/360scooters.com\/es\/wp-json\/wp\/v2\/media\/10042"}],"wp:attachment":[{"href":"https:\/\/360scooters.com\/es\/wp-json\/wp\/v2\/media?parent=10041"}],"wp:term":[{"taxonomy":"product_brand","embeddable":true,"href":"https:\/\/360scooters.com\/es\/wp-json\/wp\/v2\/product_brand?post=10041"},{"taxonomy":"product_cat","embeddable":true,"href":"https:\/\/360scooters.com\/es\/wp-json\/wp\/v2\/product_cat?post=10041"},{"taxonomy":"product_tag","embeddable":true,"href":"https:\/\/360scooters.com\/es\/wp-json\/wp\/v2\/product_tag?post=10041"},{"taxonomy":"scooter_compatibility","embeddable":true,"href":"https:\/\/360scooters.com\/es\/wp-json\/wp\/v2\/scooter_compatibility?post=10041"}],"curies":[{"name":"wp","href":"https:\/\/api.w.org\/{rel}","templated":true}]}}