{"id":8349,"date":"2025-07-29T13:20:30","date_gmt":"2025-07-29T11:20:30","guid":{"rendered":"https:\/\/360scooters.com\/es\/?page_id=8349"},"modified":"2025-07-29T13:31:59","modified_gmt":"2025-07-29T11:31:59","slug":"alquiler-patinete-electrico-benidorm","status":"publish","type":"page","link":"https:\/\/360scooters.com\/es\/alquiler\/alquiler-patinete-electrico-benidorm\/","title":{"rendered":"Alquiler patinete electrico Benidorm"},"content":{"rendered":"\t\t<div data-elementor-type=\"wp-page\" data-elementor-id=\"8349\" class=\"elementor elementor-8349\" data-elementor-post-type=\"page\">\n\t\t\t\t<div class=\"elementor-element elementor-element-bf79af2 e-flex e-con-boxed e-con e-parent\" data-id=\"bf79af2\" data-element_type=\"container\" data-e-type=\"container\" data-settings=\"{&quot;background_background&quot;:&quot;classic&quot;}\">\n\t\t\t\t\t<div class=\"e-con-inner\">\n\t\t\t\t<div class=\"elementor-element elementor-element-36f0722 elementor-widget elementor-widget-heading\" data-id=\"36f0722\" data-element_type=\"widget\" data-e-type=\"widget\" data-widget_type=\"heading.default\">\n\t\t\t\t<div class=\"elementor-widget-container\">\n\t\t\t\t\t<h1 class=\"elementor-heading-title elementor-size-default\">ALQUILER PATINETE EL\u00c9CTRICO BENIDORM<\/h1>\t\t\t\t<\/div>\n\t\t\t\t<\/div>\n\t\t\t\t\t<\/div>\n\t\t\t\t<\/div>\n\t\t<div class=\"elementor-element elementor-element-450493a e-flex e-con-boxed e-con e-parent\" data-id=\"450493a\" data-element_type=\"container\" data-e-type=\"container\">\n\t\t\t\t\t<div class=\"e-con-inner\">\n\t\t<div class=\"elementor-element elementor-element-31dd4aa e-con-full e-flex e-con e-child\" data-id=\"31dd4aa\" data-element_type=\"container\" data-e-type=\"container\">\n\t\t\t\t<div class=\"elementor-element elementor-element-23dc4f7 elementor-widget elementor-widget-heading\" data-id=\"23dc4f7\" data-element_type=\"widget\" data-e-type=\"widget\" data-widget_type=\"heading.default\">\n\t\t\t\t<div class=\"elementor-widget-container\">\n\t\t\t\t\t<h2 class=\"elementor-heading-title elementor-size-default\">Alquiler de Patinetes El\u00e9ctricos en Benidorm: R\u00e1pido, C\u00f3modo y Ecol\u00f3gico<\/h2>\t\t\t\t<\/div>\n\t\t\t\t<\/div>\n\t\t\t\t<div class=\"elementor-element elementor-element-555b620 elementor-widget elementor-widget-text-editor\" data-id=\"555b620\" data-element_type=\"widget\" data-e-type=\"widget\" data-widget_type=\"text-editor.default\">\n\t\t\t\t<div class=\"elementor-widget-container\">\n\t\t\t\t\t\t\t\t\t<p data-start=\"206\" data-end=\"510\"><strong data-start=\"206\" data-end=\"285\">\u00bfBuscas una forma divertida, econ\u00f3mica y ecol\u00f3gica de moverte por Benidorm?<\/strong> \u00a1El alquiler de patinetes el\u00e9ctricos es la opci\u00f3n ideal para ti! En 360Scooters ofrecemos el mejor servicio de alquiler de patinetes el\u00e9ctricos, perfecto para recorrer la ciudad de forma c\u00f3moda y sin emisiones contaminantes.<\/p><h4 data-start=\"512\" data-end=\"581\">\u00bfPor qu\u00e9 elegir el alquiler de patinetes el\u00e9ctricos en Benidorm?<\/h4><p data-start=\"582\" data-end=\"949\">Benidorm es una ciudad llena de vida y color, ideal para explorar en patinete el\u00e9ctrico. Al alquilar un patinete el\u00e9ctrico con 360Scooters, podr\u00e1s disfrutar de una experiencia \u00fanica mientras te deslizas por sus avenidas, playas y rincones m\u00e1s emblem\u00e1ticos. Adem\u00e1s, nuestra flota de patinetes est\u00e1 compuesta por modelos de \u00faltima tecnolog\u00eda, seguros y f\u00e1ciles de usar.<\/p><h4 data-start=\"951\" data-end=\"1012\">Beneficios de alquilar un patinete el\u00e9ctrico en Benidorm<\/h4><ul data-start=\"1013\" data-end=\"1388\"><li data-start=\"1013\" data-end=\"1090\"><p data-start=\"1015\" data-end=\"1090\"><strong data-start=\"1015\" data-end=\"1036\">Movilidad r\u00e1pida:<\/strong> Olv\u00eddate del tr\u00e1fico y llega m\u00e1s r\u00e1pido a tu destino.<\/p><\/li><li data-start=\"1091\" data-end=\"1173\"><p data-start=\"1093\" data-end=\"1173\"><strong data-start=\"1093\" data-end=\"1107\">Ecol\u00f3gico:<\/strong> Disfruta de la ciudad de manera respetuosa con el medio ambiente.<\/p><\/li><li data-start=\"1174\" data-end=\"1309\"><p data-start=\"1176\" data-end=\"1309\"><strong data-start=\"1176\" data-end=\"1190\">Comodidad:<\/strong> Alquilar un patinete el\u00e9ctrico es sencillo y te permite moverte sin preocuparte por el aparcamiento ni el combustible.<\/p><\/li><li data-start=\"1310\" data-end=\"1388\"><p data-start=\"1312\" data-end=\"1388\"><strong data-start=\"1312\" data-end=\"1323\">Ahorro:<\/strong> Sin gastos fijos, solo pagas por el tiempo que uses el patinete.<\/p><\/li><\/ul><h4 data-start=\"1390\" data-end=\"1451\">\u00bfC\u00f3mo funciona nuestro servicio de alquiler en Benidorm?<\/h4><p data-start=\"1452\" data-end=\"1533\">Alquilar tu patinete el\u00e9ctrico con 360Scooters es f\u00e1cil y r\u00e1pido. Solo necesitas:<\/p><ol data-start=\"1534\" data-end=\"1983\"><li data-start=\"1534\" data-end=\"1655\"><p data-start=\"1537\" data-end=\"1655\"><strong data-start=\"1537\" data-end=\"1568\">Reserva online o en tienda:<\/strong> Puedes reservar tu patinete el\u00e9ctrico online o acercarte a nuestra tienda en Benidorm.<\/p><\/li><li data-start=\"1656\" data-end=\"1848\"><p data-start=\"1659\" data-end=\"1848\"><strong data-start=\"1659\" data-end=\"1687\">Disfruta de tu alquiler:<\/strong> Una vez que tengas tu patinete, podr\u00e1s disfrutar de la ciudad sin preocupaciones. Con nuestra amplia variedad de modelos, encontrar\u00e1s el patinete ideal para ti.<\/p><\/li><li data-start=\"1849\" data-end=\"1983\"><p data-start=\"1852\" data-end=\"1983\"><strong data-start=\"1852\" data-end=\"1867\">Devoluci\u00f3n:<\/strong> Cuando termines tu recorrido, puedes devolver el patinete en nuestra tienda de Benidorm.<\/p><\/li><\/ol><h4 data-start=\"2230\" data-end=\"2254\">\u00bfPor qu\u00e9 elegirnos?<\/h4><p data-start=\"2255\" data-end=\"2567\">En 360Scooters nos especializamos en patinetes el\u00e9ctricos y movilidad urbana. No solo ofrecemos alquileres, sino tambi\u00e9n servicio t\u00e9cnico y mantenimiento para que tu experiencia sea siempre perfecta. Nuestro equipo de profesionales est\u00e1 disponible para ayudarte y ofrecerte la mejor opci\u00f3n seg\u00fan tus necesidades.<\/p><h4 data-start=\"2569\" data-end=\"2627\">\u00a1Alquila tu patinete el\u00e9ctrico en Benidorm hoy mismo!<\/h4><p data-start=\"2628\" data-end=\"2833\">Disfruta de la libertad de moverte a tu ritmo en la ciudad con el alquiler de patinetes el\u00e9ctricos de 360Scooters. \u00a1Reserva ahora y comienza a explorar Benidorm de la manera m\u00e1s r\u00e1pida y ecol\u00f3gica posible!<\/p>\t\t\t\t\t\t\t\t<\/div>\n\t\t\t\t<\/div>\n\t\t\t\t<\/div>\n\t\t<div class=\"elementor-element elementor-element-b9d3016 e-con-full e-flex e-con e-child\" data-id=\"b9d3016\" data-element_type=\"container\" data-e-type=\"container\">\n\t\t\t\t<\/div>\n\t\t\t\t\t<\/div>\n\t\t\t\t<\/div>\n\t\t\t\t<\/div>\n\t\t","protected":false},"excerpt":{"rendered":"<p>ALQUILER PATINETE EL\u00c9CTRICO BENIDORM Alquiler de Patinetes El\u00e9ctricos en Benidorm: R\u00e1pido, C\u00f3modo y Ecol\u00f3gico \u00bfBuscas una forma divertida, econ\u00f3mica y ecol\u00f3gica de moverte por Benidorm? \u00a1El alquiler de patinetes el\u00e9ctricos<\/p>\n","protected":false},"author":1,"featured_media":0,"parent":8347,"menu_order":0,"comment_status":"closed","ping_status":"closed","template":"elementor_header_footer","meta":{"footnotes":""},"class_list":["post-8349","page","type-page","status-publish","hentry"],"yoast_head":"<!-- This site is optimized with the Yoast SEO plugin v26.9 - https:\/\/yoast.com\/product\/yoast-seo-wordpress\/ -->\n<title>Alquiler patinete electrico Benidorm - 360Scooters | Tienda-taller de patinetes el\u00e9ctricos<\/title>\n<meta name=\"robots\" content=\"index, follow, max-snippet:-1, max-image-preview:large, max-video-preview:-1\" \/>\n<link rel=\"canonical\" href=\"https:\/\/360scooters.com\/es\/alquiler\/alquiler-patinete-electrico-benidorm\/\" \/>\n<meta property=\"og:locale\" content=\"es_ES\" \/>\n<meta property=\"og:type\" content=\"article\" \/>\n<meta property=\"og:title\" content=\"Alquiler patinete electrico Benidorm - 360Scooters | Tienda-taller de patinetes el\u00e9ctricos\" \/>\n<meta property=\"og:description\" content=\"ALQUILER PATINETE EL\u00c9CTRICO BENIDORM Alquiler de Patinetes El\u00e9ctricos en Benidorm: R\u00e1pido, C\u00f3modo y Ecol\u00f3gico \u00bfBuscas una forma divertida, econ\u00f3mica y ecol\u00f3gica de moverte por Benidorm? \u00a1El alquiler de patinetes el\u00e9ctricos\" \/>\n<meta property=\"og:url\" content=\"https:\/\/360scooters.com\/es\/alquiler\/alquiler-patinete-electrico-benidorm\/\" \/>\n<meta property=\"og:site_name\" content=\"360Scooters | Tienda-taller de patinetes el\u00e9ctricos\" \/>\n<meta property=\"article:modified_time\" content=\"2025-07-29T11:31:59+00:00\" \/>\n<meta name=\"twitter:card\" content=\"summary_large_image\" \/>\n<meta name=\"twitter:label1\" content=\"Tiempo de lectura\" \/>\n\t<meta name=\"twitter:data1\" content=\"2 minutos\" \/>\n<script type=\"application\/ld+json\" class=\"yoast-schema-graph\">{\"@context\":\"https:\/\/schema.org\",\"@graph\":[{\"@type\":\"WebPage\",\"@id\":\"https:\/\/360scooters.com\/es\/alquiler\/alquiler-patinete-electrico-benidorm\/\",\"url\":\"https:\/\/360scooters.com\/es\/alquiler\/alquiler-patinete-electrico-benidorm\/\",\"name\":\"Alquiler patinete electrico Benidorm - 360Scooters | Tienda-taller de patinetes el\u00e9ctricos\",\"isPartOf\":{\"@id\":\"https:\/\/360scooters.com\/es\/#website\"},\"datePublished\":\"2025-07-29T11:20:30+00:00\",\"dateModified\":\"2025-07-29T11:31:59+00:00\",\"breadcrumb\":{\"@id\":\"https:\/\/360scooters.com\/es\/alquiler\/alquiler-patinete-electrico-benidorm\/#breadcrumb\"},\"inLanguage\":\"es\",\"potentialAction\":[{\"@type\":\"ReadAction\",\"target\":[\"https:\/\/360scooters.com\/es\/alquiler\/alquiler-patinete-electrico-benidorm\/\"]}]},{\"@type\":\"BreadcrumbList\",\"@id\":\"https:\/\/360scooters.com\/es\/alquiler\/alquiler-patinete-electrico-benidorm\/#breadcrumb\",\"itemListElement\":[{\"@type\":\"ListItem\",\"position\":1,\"name\":\"Portada\",\"item\":\"https:\/\/360scooters.com\/es\/\"},{\"@type\":\"ListItem\",\"position\":2,\"name\":\"alquiler\",\"item\":\"https:\/\/360scooters.com\/es\/alquiler\/\"},{\"@type\":\"ListItem\",\"position\":3,\"name\":\"Alquiler patinete electrico Benidorm\"}]},{\"@type\":\"WebSite\",\"@id\":\"https:\/\/360scooters.com\/es\/#website\",\"url\":\"https:\/\/360scooters.com\/es\/\",\"name\":\"360Scooters - Patinetes el\u00e9ctricos en Pen\u00ednsula y Baleares - Patinetes Madrid - Patinetes Alicante - Patinetes Barcelona\",\"description\":\"\",\"publisher\":{\"@id\":\"https:\/\/360scooters.com\/es\/#organization\"},\"potentialAction\":[{\"@type\":\"SearchAction\",\"target\":{\"@type\":\"EntryPoint\",\"urlTemplate\":\"https:\/\/360scooters.com\/es\/?s={search_term_string}\"},\"query-input\":{\"@type\":\"PropertyValueSpecification\",\"valueRequired\":true,\"valueName\":\"search_term_string\"}}],\"inLanguage\":\"es\"},{\"@type\":\"Organization\",\"@id\":\"https:\/\/360scooters.com\/es\/#organization\",\"name\":\"360Scooters - Patinetes el\u00e9ctricos en Pen\u00ednsula y Baleares - Patinetes Madrid - Patinetes Alicante - Patinetes Barcelona\",\"url\":\"https:\/\/360scooters.com\/es\/\",\"logo\":{\"@type\":\"ImageObject\",\"inLanguage\":\"es\",\"@id\":\"https:\/\/360scooters.com\/es\/#\/schema\/logo\/image\/\",\"url\":\"https:\/\/360scooters.com\/es\/wp-content\/uploads\/sites\/2\/2024\/02\/logo-claimweb-e1727166047230.png\",\"contentUrl\":\"https:\/\/360scooters.com\/es\/wp-content\/uploads\/sites\/2\/2024\/02\/logo-claimweb-e1727166047230.png\",\"width\":214,\"height\":54,\"caption\":\"360Scooters - Patinetes el\u00e9ctricos en Pen\u00ednsula y Baleares - Patinetes Madrid - Patinetes Alicante - Patinetes Barcelona\"},\"image\":{\"@id\":\"https:\/\/360scooters.com\/es\/#\/schema\/logo\/image\/\"}}]}<\/script>\n<!-- \/ Yoast SEO plugin. -->","yoast_head_json":{"title":"Alquiler patinete electrico Benidorm - 360Scooters | Tienda-taller de patinetes el\u00e9ctricos","robots":{"index":"index","follow":"follow","max-snippet":"max-snippet:-1","max-image-preview":"max-image-preview:large","max-video-preview":"max-video-preview:-1"},"canonical":"https:\/\/360scooters.com\/es\/alquiler\/alquiler-patinete-electrico-benidorm\/","og_locale":"es_ES","og_type":"article","og_title":"Alquiler patinete electrico Benidorm - 360Scooters | Tienda-taller de patinetes el\u00e9ctricos","og_description":"ALQUILER PATINETE EL\u00c9CTRICO BENIDORM Alquiler de Patinetes El\u00e9ctricos en Benidorm: R\u00e1pido, C\u00f3modo y Ecol\u00f3gico \u00bfBuscas una forma divertida, econ\u00f3mica y ecol\u00f3gica de moverte por Benidorm? \u00a1El alquiler de patinetes el\u00e9ctricos","og_url":"https:\/\/360scooters.com\/es\/alquiler\/alquiler-patinete-electrico-benidorm\/","og_site_name":"360Scooters | Tienda-taller de patinetes el\u00e9ctricos","article_modified_time":"2025-07-29T11:31:59+00:00","twitter_card":"summary_large_image","twitter_misc":{"Tiempo de lectura":"2 minutos"},"schema":{"@context":"https:\/\/schema.org","@graph":[{"@type":"WebPage","@id":"https:\/\/360scooters.com\/es\/alquiler\/alquiler-patinete-electrico-benidorm\/","url":"https:\/\/360scooters.com\/es\/alquiler\/alquiler-patinete-electrico-benidorm\/","name":"Alquiler patinete electrico Benidorm - 360Scooters | Tienda-taller de patinetes el\u00e9ctricos","isPartOf":{"@id":"https:\/\/360scooters.com\/es\/#website"},"datePublished":"2025-07-29T11:20:30+00:00","dateModified":"2025-07-29T11:31:59+00:00","breadcrumb":{"@id":"https:\/\/360scooters.com\/es\/alquiler\/alquiler-patinete-electrico-benidorm\/#breadcrumb"},"inLanguage":"es","potentialAction":[{"@type":"ReadAction","target":["https:\/\/360scooters.com\/es\/alquiler\/alquiler-patinete-electrico-benidorm\/"]}]},{"@type":"BreadcrumbList","@id":"https:\/\/360scooters.com\/es\/alquiler\/alquiler-patinete-electrico-benidorm\/#breadcrumb","itemListElement":[{"@type":"ListItem","position":1,"name":"Portada","item":"https:\/\/360scooters.com\/es\/"},{"@type":"ListItem","position":2,"name":"alquiler","item":"https:\/\/360scooters.com\/es\/alquiler\/"},{"@type":"ListItem","position":3,"name":"Alquiler patinete electrico Benidorm"}]},{"@type":"WebSite","@id":"https:\/\/360scooters.com\/es\/#website","url":"https:\/\/360scooters.com\/es\/","name":"360Scooters - Patinetes el\u00e9ctricos en Pen\u00ednsula y Baleares - Patinetes Madrid - Patinetes Alicante - Patinetes Barcelona","description":"","publisher":{"@id":"https:\/\/360scooters.com\/es\/#organization"},"potentialAction":[{"@type":"SearchAction","target":{"@type":"EntryPoint","urlTemplate":"https:\/\/360scooters.com\/es\/?s={search_term_string}"},"query-input":{"@type":"PropertyValueSpecification","valueRequired":true,"valueName":"search_term_string"}}],"inLanguage":"es"},{"@type":"Organization","@id":"https:\/\/360scooters.com\/es\/#organization","name":"360Scooters - Patinetes el\u00e9ctricos en Pen\u00ednsula y Baleares - Patinetes Madrid - Patinetes Alicante - Patinetes Barcelona","url":"https:\/\/360scooters.com\/es\/","logo":{"@type":"ImageObject","inLanguage":"es","@id":"https:\/\/360scooters.com\/es\/#\/schema\/logo\/image\/","url":"https:\/\/360scooters.com\/es\/wp-content\/uploads\/sites\/2\/2024\/02\/logo-claimweb-e1727166047230.png","contentUrl":"https:\/\/360scooters.com\/es\/wp-content\/uploads\/sites\/2\/2024\/02\/logo-claimweb-e1727166047230.png","width":214,"height":54,"caption":"360Scooters - Patinetes el\u00e9ctricos en Pen\u00ednsula y Baleares - Patinetes Madrid - Patinetes Alicante - Patinetes Barcelona"},"image":{"@id":"https:\/\/360scooters.com\/es\/#\/schema\/logo\/image\/"}}]}},"_links":{"self":[{"href":"https:\/\/360scooters.com\/es\/wp-json\/wp\/v2\/pages\/8349","targetHints":{"allow":["GET"]}}],"collection":[{"href":"https:\/\/360scooters.com\/es\/wp-json\/wp\/v2\/pages"}],"about":[{"href":"https:\/\/360scooters.com\/es\/wp-json\/wp\/v2\/types\/page"}],"author":[{"embeddable":true,"href":"https:\/\/360scooters.com\/es\/wp-json\/wp\/v2\/users\/1"}],"replies":[{"embeddable":true,"href":"https:\/\/360scooters.com\/es\/wp-json\/wp\/v2\/comments?post=8349"}],"version-history":[{"count":5,"href":"https:\/\/360scooters.com\/es\/wp-json\/wp\/v2\/pages\/8349\/revisions"}],"predecessor-version":[{"id":8355,"href":"https:\/\/360scooters.com\/es\/wp-json\/wp\/v2\/pages\/8349\/revisions\/8355"}],"up":[{"embeddable":true,"href":"https:\/\/360scooters.com\/es\/wp-json\/wp\/v2\/pages\/8347"}],"wp:attachment":[{"href":"https:\/\/360scooters.com\/es\/wp-json\/wp\/v2\/media?parent=8349"}],"curies":[{"name":"wp","href":"https:\/\/api.w.org\/{rel}","templated":true}]}}