{"id":6366,"date":"2025-01-27T12:25:32","date_gmt":"2025-01-27T11:25:32","guid":{"rendered":"https:\/\/360scooters.com\/es\/?page_id=6366"},"modified":"2025-02-17T17:13:06","modified_gmt":"2025-02-17T16:13:06","slug":"patinetes-electricos-rebajados","status":"publish","type":"page","link":"https:\/\/360scooters.com\/es\/patinetes-electricos-rebajados\/","title":{"rendered":"Patinetes el\u00e9ctricos rebajados"},"content":{"rendered":"\t\t<div data-elementor-type=\"wp-page\" data-elementor-id=\"6366\" class=\"elementor elementor-6366\" data-elementor-post-type=\"page\">\n\t\t\t\t<div class=\"elementor-element elementor-element-d728fda e-flex e-con-boxed e-con e-parent\" data-id=\"d728fda\" data-element_type=\"container\" data-e-type=\"container\">\n\t\t\t\t\t<div class=\"e-con-inner\">\n\t\t<div class=\"elementor-element elementor-element-1f0f7f2 e-con-full e-flex e-con e-child\" data-id=\"1f0f7f2\" data-element_type=\"container\" data-e-type=\"container\">\n\t\t\t\t<div class=\"elementor-element elementor-element-3c60f10 elementor-widget elementor-widget-heading\" data-id=\"3c60f10\" data-element_type=\"widget\" data-e-type=\"widget\" data-widget_type=\"heading.default\">\n\t\t\t\t<div class=\"elementor-widget-container\">\n\t\t\t\t\t<h1 class=\"elementor-heading-title elementor-size-default\">Patinetes el\u00e9ctricos rebajados<\/h1>\t\t\t\t<\/div>\n\t\t\t\t<\/div>\n\t\t\t\t<div class=\"elementor-element elementor-element-44d73db elementor-widget elementor-widget-text-editor\" data-id=\"44d73db\" data-element_type=\"widget\" data-e-type=\"widget\" data-widget_type=\"text-editor.default\">\n\t\t\t\t<div class=\"elementor-widget-container\">\n\t\t\t\t\t\t\t\t\t<p style=\"text-align: center;\">\u00a1Atento, porque los <strong>patinetes el\u00e9ctricos rebajados<\/strong> que buscas est\u00e1n en 360Scooters! Si quieres moverte por la ciudad sin gastar un dineral, este es tu momento. Tenemos modelos de primeras marcas con descuentos irresistibles, perfectos para ahorrar mientras ruedas con estilo. \u00bfQu\u00e9 esperas? Las mejores ofertas te est\u00e1n esperando. \u00a1Corre que vuelan!<\/p>\t\t\t\t\t\t\t\t<\/div>\n\t\t\t\t<\/div>\n\t\t\t\t<\/div>\n\t\t\t\t<div class=\"elementor-element elementor-element-46457d8 elementor-widget elementor-widget-heading\" data-id=\"46457d8\" data-element_type=\"widget\" data-e-type=\"widget\" data-widget_type=\"heading.default\">\n\t\t\t\t<div class=\"elementor-widget-container\">\n\t\t\t\t\t<h2 class=\"elementor-heading-title elementor-size-default\">PATINETES SMARTGYRO BARATOS<\/h2>\t\t\t\t<\/div>\n\t\t\t\t<\/div>\n\t\t\t\t\t<\/div>\n\t\t\t\t<\/div>\n\t\t<div class=\"elementor-element elementor-element-d5372c1 e-flex e-con-boxed e-con e-parent\" data-id=\"d5372c1\" data-element_type=\"container\" data-e-type=\"container\">\n\t\t\t\t\t<div class=\"e-con-inner\">\n\t\t\t\t<div class=\"elementor-element elementor-element-4e5de3f elementor-widget elementor-widget-heading\" data-id=\"4e5de3f\" data-element_type=\"widget\" data-e-type=\"widget\" data-widget_type=\"heading.default\">\n\t\t\t\t<div class=\"elementor-widget-container\">\n\t\t\t\t\t<h2 class=\"elementor-heading-title elementor-size-default\">PATINETES ZWHEEL BARATOS<\/h2>\t\t\t\t<\/div>\n\t\t\t\t<\/div>\n\t\t\t\t\t<\/div>\n\t\t\t\t<\/div>\n\t\t<div class=\"elementor-element elementor-element-46360b0 e-flex e-con-boxed e-con e-parent\" data-id=\"46360b0\" data-element_type=\"container\" data-e-type=\"container\">\n\t\t\t\t\t<div class=\"e-con-inner\">\n\t\t\t\t<div class=\"elementor-element elementor-element-f278354 elementor-widget elementor-widget-heading\" data-id=\"f278354\" data-element_type=\"widget\" data-e-type=\"widget\" data-widget_type=\"heading.default\">\n\t\t\t\t<div class=\"elementor-widget-container\">\n\t\t\t\t\t<h2 class=\"elementor-heading-title elementor-size-default\">PATINETES ECOXTREM BARATOS<\/h2>\t\t\t\t<\/div>\n\t\t\t\t<\/div>\n\t\t\t\t\t<\/div>\n\t\t\t\t<\/div>\n\t\t\t\t<\/div>\n\t\t","protected":false},"excerpt":{"rendered":"<p>Patinetes el\u00e9ctricos rebajados \u00a1Atento, porque los patinetes el\u00e9ctricos rebajados que buscas est\u00e1n en 360Scooters! Si quieres moverte por la ciudad sin gastar un dineral, este es tu momento. Tenemos modelos<\/p>\n","protected":false},"author":1,"featured_media":0,"parent":0,"menu_order":0,"comment_status":"closed","ping_status":"closed","template":"elementor_header_footer","meta":{"footnotes":""},"class_list":["post-6366","page","type-page","status-publish","hentry"],"yoast_head":"<!-- This site is optimized with the Yoast SEO plugin v26.9 - https:\/\/yoast.com\/product\/yoast-seo-wordpress\/ -->\n<title>Patinetes el\u00e9ctricos rebajados - 360Scooters | Tienda-taller de patinetes el\u00e9ctricos<\/title>\n<meta name=\"robots\" content=\"index, follow, max-snippet:-1, max-image-preview:large, max-video-preview:-1\" \/>\n<link rel=\"canonical\" href=\"https:\/\/360scooters.com\/es\/patinetes-electricos-rebajados\/\" \/>\n<meta property=\"og:locale\" content=\"es_ES\" \/>\n<meta property=\"og:type\" content=\"article\" \/>\n<meta property=\"og:title\" content=\"Patinetes el\u00e9ctricos rebajados - 360Scooters | Tienda-taller de patinetes el\u00e9ctricos\" \/>\n<meta property=\"og:description\" content=\"Patinetes el\u00e9ctricos rebajados \u00a1Atento, porque los patinetes el\u00e9ctricos rebajados que buscas est\u00e1n en 360Scooters! Si quieres moverte por la ciudad sin gastar un dineral, este es tu momento. Tenemos modelos\" \/>\n<meta property=\"og:url\" content=\"https:\/\/360scooters.com\/es\/patinetes-electricos-rebajados\/\" \/>\n<meta property=\"og:site_name\" content=\"360Scooters | Tienda-taller de patinetes el\u00e9ctricos\" \/>\n<meta property=\"article:modified_time\" content=\"2025-02-17T16:13:06+00:00\" \/>\n<meta property=\"og:image\" content=\"https:\/\/360scooters.com\/es\/wp-content\/uploads\/sites\/2\/2024\/10\/patinete-electrico-smartgyro-rockway-certificado-300x300.jpg\" \/>\n<meta name=\"twitter:card\" content=\"summary_large_image\" \/>\n<meta name=\"twitter:label1\" content=\"Tiempo de lectura\" \/>\n\t<meta name=\"twitter:data1\" content=\"5 minutos\" \/>\n<script type=\"application\/ld+json\" class=\"yoast-schema-graph\">{\"@context\":\"https:\/\/schema.org\",\"@graph\":[{\"@type\":\"WebPage\",\"@id\":\"https:\/\/360scooters.com\/es\/patinetes-electricos-rebajados\/\",\"url\":\"https:\/\/360scooters.com\/es\/patinetes-electricos-rebajados\/\",\"name\":\"Patinetes el\u00e9ctricos rebajados - 360Scooters | Tienda-taller de patinetes el\u00e9ctricos\",\"isPartOf\":{\"@id\":\"https:\/\/360scooters.com\/es\/#website\"},\"primaryImageOfPage\":{\"@id\":\"https:\/\/360scooters.com\/es\/patinetes-electricos-rebajados\/#primaryimage\"},\"image\":{\"@id\":\"https:\/\/360scooters.com\/es\/patinetes-electricos-rebajados\/#primaryimage\"},\"thumbnailUrl\":\"https:\/\/360scooters.com\/es\/wp-content\/uploads\/sites\/2\/2024\/10\/patinete-electrico-smartgyro-rockway-certificado-300x300.jpg\",\"datePublished\":\"2025-01-27T11:25:32+00:00\",\"dateModified\":\"2025-02-17T16:13:06+00:00\",\"breadcrumb\":{\"@id\":\"https:\/\/360scooters.com\/es\/patinetes-electricos-rebajados\/#breadcrumb\"},\"inLanguage\":\"es\",\"potentialAction\":[{\"@type\":\"ReadAction\",\"target\":[\"https:\/\/360scooters.com\/es\/patinetes-electricos-rebajados\/\"]}]},{\"@type\":\"ImageObject\",\"inLanguage\":\"es\",\"@id\":\"https:\/\/360scooters.com\/es\/patinetes-electricos-rebajados\/#primaryimage\",\"url\":\"https:\/\/360scooters.com\/es\/wp-content\/uploads\/sites\/2\/2024\/10\/patinete-electrico-smartgyro-rockway-certificado.jpg\",\"contentUrl\":\"https:\/\/360scooters.com\/es\/wp-content\/uploads\/sites\/2\/2024\/10\/patinete-electrico-smartgyro-rockway-certificado.jpg\",\"width\":1500,\"height\":1500,\"caption\":\"Patinete el\u00e9ctrico smartGyro Rockway Certificado\"},{\"@type\":\"BreadcrumbList\",\"@id\":\"https:\/\/360scooters.com\/es\/patinetes-electricos-rebajados\/#breadcrumb\",\"itemListElement\":[{\"@type\":\"ListItem\",\"position\":1,\"name\":\"Portada\",\"item\":\"https:\/\/360scooters.com\/es\/\"},{\"@type\":\"ListItem\",\"position\":2,\"name\":\"Patinetes el\u00e9ctricos rebajados\"}]},{\"@type\":\"WebSite\",\"@id\":\"https:\/\/360scooters.com\/es\/#website\",\"url\":\"https:\/\/360scooters.com\/es\/\",\"name\":\"360Scooters - Patinetes el\u00e9ctricos en Pen\u00ednsula y Baleares - Patinetes Madrid - Patinetes Alicante - Patinetes Barcelona\",\"description\":\"\",\"publisher\":{\"@id\":\"https:\/\/360scooters.com\/es\/#organization\"},\"potentialAction\":[{\"@type\":\"SearchAction\",\"target\":{\"@type\":\"EntryPoint\",\"urlTemplate\":\"https:\/\/360scooters.com\/es\/?s={search_term_string}\"},\"query-input\":{\"@type\":\"PropertyValueSpecification\",\"valueRequired\":true,\"valueName\":\"search_term_string\"}}],\"inLanguage\":\"es\"},{\"@type\":\"Organization\",\"@id\":\"https:\/\/360scooters.com\/es\/#organization\",\"name\":\"360Scooters - Patinetes el\u00e9ctricos en Pen\u00ednsula y Baleares - Patinetes Madrid - Patinetes Alicante - Patinetes Barcelona\",\"url\":\"https:\/\/360scooters.com\/es\/\",\"logo\":{\"@type\":\"ImageObject\",\"inLanguage\":\"es\",\"@id\":\"https:\/\/360scooters.com\/es\/#\/schema\/logo\/image\/\",\"url\":\"https:\/\/360scooters.com\/es\/wp-content\/uploads\/sites\/2\/2024\/02\/logo-claimweb-e1727166047230.png\",\"contentUrl\":\"https:\/\/360scooters.com\/es\/wp-content\/uploads\/sites\/2\/2024\/02\/logo-claimweb-e1727166047230.png\",\"width\":214,\"height\":54,\"caption\":\"360Scooters - Patinetes el\u00e9ctricos en Pen\u00ednsula y Baleares - Patinetes Madrid - Patinetes Alicante - Patinetes Barcelona\"},\"image\":{\"@id\":\"https:\/\/360scooters.com\/es\/#\/schema\/logo\/image\/\"}}]}<\/script>\n<!-- \/ Yoast SEO plugin. -->","yoast_head_json":{"title":"Patinetes el\u00e9ctricos rebajados - 360Scooters | Tienda-taller de patinetes el\u00e9ctricos","robots":{"index":"index","follow":"follow","max-snippet":"max-snippet:-1","max-image-preview":"max-image-preview:large","max-video-preview":"max-video-preview:-1"},"canonical":"https:\/\/360scooters.com\/es\/patinetes-electricos-rebajados\/","og_locale":"es_ES","og_type":"article","og_title":"Patinetes el\u00e9ctricos rebajados - 360Scooters | Tienda-taller de patinetes el\u00e9ctricos","og_description":"Patinetes el\u00e9ctricos rebajados \u00a1Atento, porque los patinetes el\u00e9ctricos rebajados que buscas est\u00e1n en 360Scooters! Si quieres moverte por la ciudad sin gastar un dineral, este es tu momento. Tenemos modelos","og_url":"https:\/\/360scooters.com\/es\/patinetes-electricos-rebajados\/","og_site_name":"360Scooters | Tienda-taller de patinetes el\u00e9ctricos","article_modified_time":"2025-02-17T16:13:06+00:00","og_image":[{"url":"https:\/\/360scooters.com\/es\/wp-content\/uploads\/sites\/2\/2024\/10\/patinete-electrico-smartgyro-rockway-certificado-300x300.jpg","type":"","width":"","height":""}],"twitter_card":"summary_large_image","twitter_misc":{"Tiempo de lectura":"5 minutos"},"schema":{"@context":"https:\/\/schema.org","@graph":[{"@type":"WebPage","@id":"https:\/\/360scooters.com\/es\/patinetes-electricos-rebajados\/","url":"https:\/\/360scooters.com\/es\/patinetes-electricos-rebajados\/","name":"Patinetes el\u00e9ctricos rebajados - 360Scooters | Tienda-taller de patinetes el\u00e9ctricos","isPartOf":{"@id":"https:\/\/360scooters.com\/es\/#website"},"primaryImageOfPage":{"@id":"https:\/\/360scooters.com\/es\/patinetes-electricos-rebajados\/#primaryimage"},"image":{"@id":"https:\/\/360scooters.com\/es\/patinetes-electricos-rebajados\/#primaryimage"},"thumbnailUrl":"https:\/\/360scooters.com\/es\/wp-content\/uploads\/sites\/2\/2024\/10\/patinete-electrico-smartgyro-rockway-certificado-300x300.jpg","datePublished":"2025-01-27T11:25:32+00:00","dateModified":"2025-02-17T16:13:06+00:00","breadcrumb":{"@id":"https:\/\/360scooters.com\/es\/patinetes-electricos-rebajados\/#breadcrumb"},"inLanguage":"es","potentialAction":[{"@type":"ReadAction","target":["https:\/\/360scooters.com\/es\/patinetes-electricos-rebajados\/"]}]},{"@type":"ImageObject","inLanguage":"es","@id":"https:\/\/360scooters.com\/es\/patinetes-electricos-rebajados\/#primaryimage","url":"https:\/\/360scooters.com\/es\/wp-content\/uploads\/sites\/2\/2024\/10\/patinete-electrico-smartgyro-rockway-certificado.jpg","contentUrl":"https:\/\/360scooters.com\/es\/wp-content\/uploads\/sites\/2\/2024\/10\/patinete-electrico-smartgyro-rockway-certificado.jpg","width":1500,"height":1500,"caption":"Patinete el\u00e9ctrico smartGyro Rockway Certificado"},{"@type":"BreadcrumbList","@id":"https:\/\/360scooters.com\/es\/patinetes-electricos-rebajados\/#breadcrumb","itemListElement":[{"@type":"ListItem","position":1,"name":"Portada","item":"https:\/\/360scooters.com\/es\/"},{"@type":"ListItem","position":2,"name":"Patinetes el\u00e9ctricos rebajados"}]},{"@type":"WebSite","@id":"https:\/\/360scooters.com\/es\/#website","url":"https:\/\/360scooters.com\/es\/","name":"360Scooters - Patinetes el\u00e9ctricos en Pen\u00ednsula y Baleares - Patinetes Madrid - Patinetes Alicante - Patinetes Barcelona","description":"","publisher":{"@id":"https:\/\/360scooters.com\/es\/#organization"},"potentialAction":[{"@type":"SearchAction","target":{"@type":"EntryPoint","urlTemplate":"https:\/\/360scooters.com\/es\/?s={search_term_string}"},"query-input":{"@type":"PropertyValueSpecification","valueRequired":true,"valueName":"search_term_string"}}],"inLanguage":"es"},{"@type":"Organization","@id":"https:\/\/360scooters.com\/es\/#organization","name":"360Scooters - Patinetes el\u00e9ctricos en Pen\u00ednsula y Baleares - Patinetes Madrid - Patinetes Alicante - Patinetes Barcelona","url":"https:\/\/360scooters.com\/es\/","logo":{"@type":"ImageObject","inLanguage":"es","@id":"https:\/\/360scooters.com\/es\/#\/schema\/logo\/image\/","url":"https:\/\/360scooters.com\/es\/wp-content\/uploads\/sites\/2\/2024\/02\/logo-claimweb-e1727166047230.png","contentUrl":"https:\/\/360scooters.com\/es\/wp-content\/uploads\/sites\/2\/2024\/02\/logo-claimweb-e1727166047230.png","width":214,"height":54,"caption":"360Scooters - Patinetes el\u00e9ctricos en Pen\u00ednsula y Baleares - Patinetes Madrid - Patinetes Alicante - Patinetes Barcelona"},"image":{"@id":"https:\/\/360scooters.com\/es\/#\/schema\/logo\/image\/"}}]}},"_links":{"self":[{"href":"https:\/\/360scooters.com\/es\/wp-json\/wp\/v2\/pages\/6366","targetHints":{"allow":["GET"]}}],"collection":[{"href":"https:\/\/360scooters.com\/es\/wp-json\/wp\/v2\/pages"}],"about":[{"href":"https:\/\/360scooters.com\/es\/wp-json\/wp\/v2\/types\/page"}],"author":[{"embeddable":true,"href":"https:\/\/360scooters.com\/es\/wp-json\/wp\/v2\/users\/1"}],"replies":[{"embeddable":true,"href":"https:\/\/360scooters.com\/es\/wp-json\/wp\/v2\/comments?post=6366"}],"version-history":[{"count":10,"href":"https:\/\/360scooters.com\/es\/wp-json\/wp\/v2\/pages\/6366\/revisions"}],"predecessor-version":[{"id":6837,"href":"https:\/\/360scooters.com\/es\/wp-json\/wp\/v2\/pages\/6366\/revisions\/6837"}],"wp:attachment":[{"href":"https:\/\/360scooters.com\/es\/wp-json\/wp\/v2\/media?parent=6366"}],"curies":[{"name":"wp","href":"https:\/\/api.w.org\/{rel}","templated":true}]}}