{"id":5857,"date":"2024-12-15T13:04:54","date_gmt":"2024-12-15T12:04:54","guid":{"rendered":"https:\/\/360scooters.com\/es\/?page_id=5857"},"modified":"2025-03-22T21:16:59","modified_gmt":"2025-03-22T20:16:59","slug":"modifica-tu-smartgyro","status":"publish","type":"page","link":"https:\/\/360scooters.com\/es\/modifica-tu-smartgyro\/","title":{"rendered":"Modifica tu smartGyro"},"content":{"rendered":"\t\t<div data-elementor-type=\"wp-page\" data-elementor-id=\"5857\" class=\"elementor elementor-5857\" data-elementor-post-type=\"page\">\n\t\t\t\t\t\t<section class=\"elementor-section elementor-top-section elementor-element elementor-element-2668162 slider-with-deal-products-carousel my-4 elementor-hidden-mobile elementor-section-height-min-height elementor-section-boxed elementor-section-height-default elementor-section-items-middle\" data-id=\"2668162\" data-element_type=\"section\" data-e-type=\"section\" data-settings=\"{&quot;background_background&quot;:&quot;classic&quot;}\">\n\t\t\t\t\t\t\t<div class=\"elementor-background-overlay\"><\/div>\n\t\t\t\t\t\t\t<div class=\"elementor-container elementor-column-gap-default\">\n\t\t\t\t\t<div class=\"elementor-column elementor-col-100 elementor-top-column elementor-element elementor-element-2511dd4 col-lg-8 mb-3 mb-lg-0 col-xl-9\" data-id=\"2511dd4\" data-element_type=\"column\" data-e-type=\"column\">\n\t\t\t<div class=\"slider-block p-0 elementor-widget-wrap elementor-element-populated\">\n\t\t\t\t\t\t<div class=\"elementor-element elementor-element-fd71951 elementor-widget elementor-widget-heading\" data-id=\"fd71951\" data-element_type=\"widget\" data-e-type=\"widget\" data-widget_type=\"heading.default\">\n\t\t\t\t<div class=\"elementor-widget-container\">\n\t\t\t\t\t<h2 class=\"elementor-heading-title elementor-size-default\">Modifica tu smartGyro<\/h2>\t\t\t\t<\/div>\n\t\t\t\t<\/div>\n\t\t\t\t<div class=\"elementor-element elementor-element-10f13db elementor-widget elementor-widget-heading\" data-id=\"10f13db\" data-element_type=\"widget\" data-e-type=\"widget\" data-widget_type=\"heading.default\">\n\t\t\t\t<div class=\"elementor-widget-container\">\n\t\t\t\t\t<h6 class=\"elementor-heading-title elementor-size-default\">Modificaci\u00f3n, tunning y personalizaci\u00f3n para tu Smartgyro Rockway \/ Speedway o CrossOver\n\n<\/h6>\t\t\t\t<\/div>\n\t\t\t\t<\/div>\n\t\t\t\t\t<\/div>\n\t\t<\/div>\n\t\t\t\t\t<\/div>\n\t\t<\/section>\n\t\t<div class=\"elementor-element elementor-element-2613000 e-flex e-con-boxed e-con e-parent\" data-id=\"2613000\" data-element_type=\"container\" data-e-type=\"container\">\n\t\t\t\t\t<div class=\"e-con-inner\">\n\t\t\t\t<div class=\"elementor-element elementor-element-5c239cd elementor-widget elementor-widget-heading\" data-id=\"5c239cd\" data-element_type=\"widget\" data-e-type=\"widget\" data-widget_type=\"heading.default\">\n\t\t\t\t<div class=\"elementor-widget-container\">\n\t\t\t\t\t<h2 class=\"elementor-heading-title elementor-size-default\">Deslimitar Velocidad Smartgyro DGT 2024 - 2025<\/h2>\t\t\t\t<\/div>\n\t\t\t\t<\/div>\n\t\t\t\t<div class=\"elementor-element elementor-element-2ef666f elementor-widget elementor-widget-heading\" data-id=\"2ef666f\" data-element_type=\"widget\" data-e-type=\"widget\" data-widget_type=\"heading.default\">\n\t\t\t\t<div class=\"elementor-widget-container\">\n\t\t\t\t\t<p class=\"elementor-heading-title elementor-size-default\">Con nuestras centralitas deslimitadas para smartGyro, podr\u00e1s sacar el m\u00e1ximo provecho de tu patinete homologado por la DGT <b>en circuito privado<\/b><\/p>\t\t\t\t<\/div>\n\t\t\t\t<\/div>\n\t\t<div class=\"elementor-element elementor-element-33734f0 e-con-full e-flex e-con e-child\" data-id=\"33734f0\" data-element_type=\"container\" data-e-type=\"container\">\n\t\t<div class=\"elementor-element elementor-element-a5765a7 e-con-full e-flex e-con e-child\" data-id=\"a5765a7\" data-element_type=\"container\" data-e-type=\"container\">\n\t\t\t\t<\/div>\n\t\t\t\t<\/div>\n\t\t\t\t\t<\/div>\n\t\t\t\t<\/div>\n\t\t<div class=\"elementor-element elementor-element-4563d93 e-flex e-con-boxed e-con e-parent\" data-id=\"4563d93\" data-element_type=\"container\" data-e-type=\"container\" data-settings=\"{&quot;background_background&quot;:&quot;classic&quot;}\">\n\t\t\t\t\t<div class=\"e-con-inner\">\n\t\t<div class=\"elementor-element elementor-element-8d388f3 e-con-full e-flex e-con e-child\" data-id=\"8d388f3\" data-element_type=\"container\" data-e-type=\"container\">\n\t\t\t\t<div class=\"elementor-element elementor-element-6b9eca4 elementor-widget elementor-widget-heading\" data-id=\"6b9eca4\" data-element_type=\"widget\" data-e-type=\"widget\" data-widget_type=\"heading.default\">\n\t\t\t\t<div class=\"elementor-widget-container\">\n\t\t\t\t\t<h2 class=\"elementor-heading-title elementor-size-default\">Modificaci\u00f3n Frenos Smartgyro\n<\/h2>\t\t\t\t<\/div>\n\t\t\t\t<\/div>\n\t\t\t\t<div class=\"elementor-element elementor-element-4e7afb2 elementor-widget elementor-widget-heading\" data-id=\"4e7afb2\" data-element_type=\"widget\" data-e-type=\"widget\" data-widget_type=\"heading.default\">\n\t\t\t\t<div class=\"elementor-widget-container\">\n\t\t\t\t\t<p class=\"elementor-heading-title elementor-size-default\">Mejora el frenado de tu patinete smartGyro, cambiando de frenos mec\u00e1nicos a frenos hidr\u00e1ulicos Nutt. Aumentando el tama\u00f1o de los discos, conseguir\u00e1s que las pastillas trabajen al 100% y, adem\u00e1s, <b>te duren mucho m\u00e1s.<\/b><\/p>\t\t\t\t<\/div>\n\t\t\t\t<\/div>\n\t\t\t\t<\/div>\n\t\t<div class=\"elementor-element elementor-element-b799d0f e-con-full e-flex e-con e-child\" data-id=\"b799d0f\" data-element_type=\"container\" data-e-type=\"container\">\n\t\t\t\t<\/div>\n\t\t\t\t\t<\/div>\n\t\t\t\t<\/div>\n\t\t<div class=\"elementor-element elementor-element-df6b18b e-flex e-con-boxed e-con e-parent\" data-id=\"df6b18b\" data-element_type=\"container\" data-e-type=\"container\" data-settings=\"{&quot;background_background&quot;:&quot;classic&quot;}\">\n\t\t\t\t\t<div class=\"e-con-inner\">\n\t\t<div class=\"elementor-element elementor-element-2754a24 e-con-full e-flex e-con e-child\" data-id=\"2754a24\" data-element_type=\"container\" data-e-type=\"container\">\n\t\t\t\t<\/div>\n\t\t<div class=\"elementor-element elementor-element-239b2bf e-con-full e-flex e-con e-child\" data-id=\"239b2bf\" data-element_type=\"container\" data-e-type=\"container\">\n\t\t\t\t<div class=\"elementor-element elementor-element-fe10ac0 elementor-widget elementor-widget-heading\" data-id=\"fe10ac0\" data-element_type=\"widget\" data-e-type=\"widget\" data-widget_type=\"heading.default\">\n\t\t\t\t<div class=\"elementor-widget-container\">\n\t\t\t\t\t<h2 class=\"elementor-heading-title elementor-size-default\">Modificaci\u00f3n Manillar + potencia smartgyro<\/h2>\t\t\t\t<\/div>\n\t\t\t\t<\/div>\n\t\t\t\t<div class=\"elementor-element elementor-element-4141cc1 elementor-widget elementor-widget-heading\" data-id=\"4141cc1\" data-element_type=\"widget\" data-e-type=\"widget\" data-widget_type=\"heading.default\">\n\t\t\t\t<div class=\"elementor-widget-container\">\n\t\t\t\t\t<p class=\"elementor-heading-title elementor-size-default\">Con el manillar de bici y su potencia para smartGyro eliminar\u00e1s las holguras que tienen los manillares plegables originales de los patinete smartGyro. Adem\u00e1s... <b>se ve BRU-TAL<\/b><\/p>\t\t\t\t<\/div>\n\t\t\t\t<\/div>\n\t\t\t\t<\/div>\n\t\t\t\t\t<\/div>\n\t\t\t\t<\/div>\n\t\t<div class=\"elementor-element elementor-element-be03645 e-flex e-con-boxed e-con e-parent\" data-id=\"be03645\" data-element_type=\"container\" data-e-type=\"container\" data-settings=\"{&quot;background_background&quot;:&quot;classic&quot;}\">\n\t\t\t\t\t<div class=\"e-con-inner\">\n\t\t<div class=\"elementor-element elementor-element-9fad718 e-con-full e-flex e-con e-child\" data-id=\"9fad718\" data-element_type=\"container\" data-e-type=\"container\">\n\t\t\t\t<div class=\"elementor-element elementor-element-767192a elementor-widget elementor-widget-heading\" data-id=\"767192a\" data-element_type=\"widget\" data-e-type=\"widget\" data-widget_type=\"heading.default\">\n\t\t\t\t<div class=\"elementor-widget-container\">\n\t\t\t\t\t<h2 class=\"elementor-heading-title elementor-size-default\">Modificaci\u00f3n Amortiguaci\u00f3n\n<\/h2>\t\t\t\t<\/div>\n\t\t\t\t<\/div>\n\t\t\t\t<div class=\"elementor-element elementor-element-36bac9b elementor-widget elementor-widget-heading\" data-id=\"36bac9b\" data-element_type=\"widget\" data-e-type=\"widget\" data-widget_type=\"heading.default\">\n\t\t\t\t<div class=\"elementor-widget-container\">\n\t\t\t\t\t<p class=\"elementor-heading-title elementor-size-default\">Con los nuevos amortiguadores traseros para smartGyro Rockway, Speedway y Crossover podr\u00e1s adentrarte en cualquier terreno con total comodidad. <\/p>\t\t\t\t<\/div>\n\t\t\t\t<\/div>\n\t\t\t\t<\/div>\n\t\t<div class=\"elementor-element elementor-element-b97935f e-con-full e-flex e-con e-child\" data-id=\"b97935f\" data-element_type=\"container\" data-e-type=\"container\">\n\t\t\t\t<\/div>\n\t\t\t\t\t<\/div>\n\t\t\t\t<\/div>\n\t\t<div class=\"elementor-element elementor-element-8fb19f2 e-flex e-con-boxed e-con e-parent\" data-id=\"8fb19f2\" data-element_type=\"container\" data-e-type=\"container\" data-settings=\"{&quot;background_background&quot;:&quot;classic&quot;}\">\n\t\t\t\t\t<div class=\"e-con-inner\">\n\t\t<div class=\"elementor-element elementor-element-04e3e48 e-con-full e-flex e-con e-child\" data-id=\"04e3e48\" data-element_type=\"container\" data-e-type=\"container\">\n\t\t\t\t<\/div>\n\t\t<div class=\"elementor-element elementor-element-c142735 e-con-full e-flex e-con e-child\" data-id=\"c142735\" data-element_type=\"container\" data-e-type=\"container\">\n\t\t\t\t<div class=\"elementor-element elementor-element-5cb2bbe elementor-widget elementor-widget-heading\" data-id=\"5cb2bbe\" data-element_type=\"widget\" data-e-type=\"widget\" data-widget_type=\"heading.default\">\n\t\t\t\t<div class=\"elementor-widget-container\">\n\t\t\t\t\t<h2 class=\"elementor-heading-title elementor-size-default\">Acelerador de Pu\u00f1o para Smartgyro\n<\/h2>\t\t\t\t<\/div>\n\t\t\t\t<\/div>\n\t\t\t\t<div class=\"elementor-element elementor-element-3fef3b4 elementor-widget elementor-widget-heading\" data-id=\"3fef3b4\" data-element_type=\"widget\" data-e-type=\"widget\" data-widget_type=\"heading.default\">\n\t\t\t\t<div class=\"elementor-widget-container\">\n\t\t\t\t\t<p class=\"elementor-heading-title elementor-size-default\">El acelerador tipo pu\u00f1o de moto est\u00e1 preparado espec\u00edficamente para patinete el\u00e9ctrico tipo amartGyro con conector waterproof de 3 Pines. \n<br>\n<br>\nPese a lo que se escucha por ah\u00ed... Debemos confirmarte que el el acelerador de tipo pu\u00f1o <b>s\u00ed est\u00e1 permitido<\/b> por lo que no tendr\u00e1s ning\u00fan problema al utilizarlo \ud83d\ude09<\/p>\t\t\t\t<\/div>\n\t\t\t\t<\/div>\n\t\t\t\t<\/div>\n\t\t\t\t\t<\/div>\n\t\t\t\t<\/div>\n\t\t<div class=\"elementor-element elementor-element-15399be e-flex e-con-boxed e-con e-parent\" data-id=\"15399be\" data-element_type=\"container\" data-e-type=\"container\">\n\t\t\t\t\t<div class=\"e-con-inner\">\n\t\t\t\t\t<\/div>\n\t\t\t\t<\/div>\n\t\t\t\t<\/div>\n\t\t","protected":false},"excerpt":{"rendered":"<p>Modifica tu smartGyro Modificaci\u00f3n, tunning y personalizaci\u00f3n para tu Smartgyro Rockway \/ Speedway o CrossOver Deslimitar Velocidad Smartgyro DGT 2024 &#8211; 2025 Con nuestras centralitas deslimitadas para smartGyro, podr\u00e1s sacar<\/p>\n","protected":false},"author":1,"featured_media":0,"parent":0,"menu_order":0,"comment_status":"closed","ping_status":"closed","template":"elementor_header_footer","meta":{"footnotes":""},"class_list":["post-5857","page","type-page","status-publish","hentry"],"yoast_head":"<!-- This site is optimized with the Yoast SEO plugin v26.9 - https:\/\/yoast.com\/product\/yoast-seo-wordpress\/ -->\n<title>Modifica tu smartGyro - 360Scooters | Tienda-taller de patinetes el\u00e9ctricos<\/title>\n<meta name=\"robots\" content=\"index, follow, max-snippet:-1, max-image-preview:large, max-video-preview:-1\" \/>\n<link rel=\"canonical\" href=\"https:\/\/360scooters.com\/es\/modifica-tu-smartgyro\/\" \/>\n<meta property=\"og:locale\" content=\"es_ES\" \/>\n<meta property=\"og:type\" content=\"article\" \/>\n<meta property=\"og:title\" content=\"Modifica tu smartGyro - 360Scooters | Tienda-taller de patinetes el\u00e9ctricos\" \/>\n<meta property=\"og:description\" content=\"Modifica tu smartGyro Modificaci\u00f3n, tunning y personalizaci\u00f3n para tu Smartgyro Rockway \/ Speedway o CrossOver Deslimitar Velocidad Smartgyro DGT 2024 &#8211; 2025 Con nuestras centralitas deslimitadas para smartGyro, podr\u00e1s sacar\" \/>\n<meta property=\"og:url\" content=\"https:\/\/360scooters.com\/es\/modifica-tu-smartgyro\/\" \/>\n<meta property=\"og:site_name\" content=\"360Scooters | Tienda-taller de patinetes el\u00e9ctricos\" \/>\n<meta property=\"article:modified_time\" content=\"2025-03-22T20:16:59+00:00\" \/>\n<meta property=\"og:image\" content=\"https:\/\/360scooters.com\/es\/wp-content\/uploads\/sites\/2\/2025\/03\/MINIATURA-PRODUCTO-45-300x300.png\" \/>\n<meta name=\"twitter:card\" content=\"summary_large_image\" \/>\n<meta name=\"twitter:label1\" content=\"Tiempo de lectura\" \/>\n\t<meta name=\"twitter:data1\" content=\"11 minutos\" \/>\n<script type=\"application\/ld+json\" class=\"yoast-schema-graph\">{\"@context\":\"https:\/\/schema.org\",\"@graph\":[{\"@type\":\"WebPage\",\"@id\":\"https:\/\/360scooters.com\/es\/modifica-tu-smartgyro\/\",\"url\":\"https:\/\/360scooters.com\/es\/modifica-tu-smartgyro\/\",\"name\":\"Modifica tu smartGyro - 360Scooters | Tienda-taller de patinetes el\u00e9ctricos\",\"isPartOf\":{\"@id\":\"https:\/\/360scooters.com\/es\/#website\"},\"primaryImageOfPage\":{\"@id\":\"https:\/\/360scooters.com\/es\/modifica-tu-smartgyro\/#primaryimage\"},\"image\":{\"@id\":\"https:\/\/360scooters.com\/es\/modifica-tu-smartgyro\/#primaryimage\"},\"thumbnailUrl\":\"https:\/\/360scooters.com\/es\/wp-content\/uploads\/sites\/2\/2025\/03\/MINIATURA-PRODUCTO-45-300x300.png\",\"datePublished\":\"2024-12-15T12:04:54+00:00\",\"dateModified\":\"2025-03-22T20:16:59+00:00\",\"breadcrumb\":{\"@id\":\"https:\/\/360scooters.com\/es\/modifica-tu-smartgyro\/#breadcrumb\"},\"inLanguage\":\"es\",\"potentialAction\":[{\"@type\":\"ReadAction\",\"target\":[\"https:\/\/360scooters.com\/es\/modifica-tu-smartgyro\/\"]}]},{\"@type\":\"ImageObject\",\"inLanguage\":\"es\",\"@id\":\"https:\/\/360scooters.com\/es\/modifica-tu-smartgyro\/#primaryimage\",\"url\":\"https:\/\/360scooters.com\/es\/wp-content\/uploads\/sites\/2\/2025\/03\/MINIATURA-PRODUCTO-45.png\",\"contentUrl\":\"https:\/\/360scooters.com\/es\/wp-content\/uploads\/sites\/2\/2025\/03\/MINIATURA-PRODUCTO-45.png\",\"width\":1080,\"height\":1080,\"caption\":\"Pantalla display para deslimitar trucar Smartgyro Crossover Dual Max 2\"},{\"@type\":\"BreadcrumbList\",\"@id\":\"https:\/\/360scooters.com\/es\/modifica-tu-smartgyro\/#breadcrumb\",\"itemListElement\":[{\"@type\":\"ListItem\",\"position\":1,\"name\":\"Portada\",\"item\":\"https:\/\/360scooters.com\/es\/\"},{\"@type\":\"ListItem\",\"position\":2,\"name\":\"Modifica tu smartGyro\"}]},{\"@type\":\"WebSite\",\"@id\":\"https:\/\/360scooters.com\/es\/#website\",\"url\":\"https:\/\/360scooters.com\/es\/\",\"name\":\"360Scooters - Patinetes el\u00e9ctricos en Pen\u00ednsula y Baleares - Patinetes Madrid - Patinetes Alicante - Patinetes Barcelona\",\"description\":\"\",\"publisher\":{\"@id\":\"https:\/\/360scooters.com\/es\/#organization\"},\"potentialAction\":[{\"@type\":\"SearchAction\",\"target\":{\"@type\":\"EntryPoint\",\"urlTemplate\":\"https:\/\/360scooters.com\/es\/?s={search_term_string}\"},\"query-input\":{\"@type\":\"PropertyValueSpecification\",\"valueRequired\":true,\"valueName\":\"search_term_string\"}}],\"inLanguage\":\"es\"},{\"@type\":\"Organization\",\"@id\":\"https:\/\/360scooters.com\/es\/#organization\",\"name\":\"360Scooters - Patinetes el\u00e9ctricos en Pen\u00ednsula y Baleares - Patinetes Madrid - Patinetes Alicante - Patinetes Barcelona\",\"url\":\"https:\/\/360scooters.com\/es\/\",\"logo\":{\"@type\":\"ImageObject\",\"inLanguage\":\"es\",\"@id\":\"https:\/\/360scooters.com\/es\/#\/schema\/logo\/image\/\",\"url\":\"https:\/\/360scooters.com\/es\/wp-content\/uploads\/sites\/2\/2024\/02\/logo-claimweb-e1727166047230.png\",\"contentUrl\":\"https:\/\/360scooters.com\/es\/wp-content\/uploads\/sites\/2\/2024\/02\/logo-claimweb-e1727166047230.png\",\"width\":214,\"height\":54,\"caption\":\"360Scooters - Patinetes el\u00e9ctricos en Pen\u00ednsula y Baleares - Patinetes Madrid - Patinetes Alicante - Patinetes Barcelona\"},\"image\":{\"@id\":\"https:\/\/360scooters.com\/es\/#\/schema\/logo\/image\/\"}}]}<\/script>\n<!-- \/ Yoast SEO plugin. -->","yoast_head_json":{"title":"Modifica tu smartGyro - 360Scooters | Tienda-taller de patinetes el\u00e9ctricos","robots":{"index":"index","follow":"follow","max-snippet":"max-snippet:-1","max-image-preview":"max-image-preview:large","max-video-preview":"max-video-preview:-1"},"canonical":"https:\/\/360scooters.com\/es\/modifica-tu-smartgyro\/","og_locale":"es_ES","og_type":"article","og_title":"Modifica tu smartGyro - 360Scooters | Tienda-taller de patinetes el\u00e9ctricos","og_description":"Modifica tu smartGyro Modificaci\u00f3n, tunning y personalizaci\u00f3n para tu Smartgyro Rockway \/ Speedway o CrossOver Deslimitar Velocidad Smartgyro DGT 2024 &#8211; 2025 Con nuestras centralitas deslimitadas para smartGyro, podr\u00e1s sacar","og_url":"https:\/\/360scooters.com\/es\/modifica-tu-smartgyro\/","og_site_name":"360Scooters | Tienda-taller de patinetes el\u00e9ctricos","article_modified_time":"2025-03-22T20:16:59+00:00","og_image":[{"url":"https:\/\/360scooters.com\/es\/wp-content\/uploads\/sites\/2\/2025\/03\/MINIATURA-PRODUCTO-45-300x300.png","type":"","width":"","height":""}],"twitter_card":"summary_large_image","twitter_misc":{"Tiempo de lectura":"11 minutos"},"schema":{"@context":"https:\/\/schema.org","@graph":[{"@type":"WebPage","@id":"https:\/\/360scooters.com\/es\/modifica-tu-smartgyro\/","url":"https:\/\/360scooters.com\/es\/modifica-tu-smartgyro\/","name":"Modifica tu smartGyro - 360Scooters | Tienda-taller de patinetes el\u00e9ctricos","isPartOf":{"@id":"https:\/\/360scooters.com\/es\/#website"},"primaryImageOfPage":{"@id":"https:\/\/360scooters.com\/es\/modifica-tu-smartgyro\/#primaryimage"},"image":{"@id":"https:\/\/360scooters.com\/es\/modifica-tu-smartgyro\/#primaryimage"},"thumbnailUrl":"https:\/\/360scooters.com\/es\/wp-content\/uploads\/sites\/2\/2025\/03\/MINIATURA-PRODUCTO-45-300x300.png","datePublished":"2024-12-15T12:04:54+00:00","dateModified":"2025-03-22T20:16:59+00:00","breadcrumb":{"@id":"https:\/\/360scooters.com\/es\/modifica-tu-smartgyro\/#breadcrumb"},"inLanguage":"es","potentialAction":[{"@type":"ReadAction","target":["https:\/\/360scooters.com\/es\/modifica-tu-smartgyro\/"]}]},{"@type":"ImageObject","inLanguage":"es","@id":"https:\/\/360scooters.com\/es\/modifica-tu-smartgyro\/#primaryimage","url":"https:\/\/360scooters.com\/es\/wp-content\/uploads\/sites\/2\/2025\/03\/MINIATURA-PRODUCTO-45.png","contentUrl":"https:\/\/360scooters.com\/es\/wp-content\/uploads\/sites\/2\/2025\/03\/MINIATURA-PRODUCTO-45.png","width":1080,"height":1080,"caption":"Pantalla display para deslimitar trucar Smartgyro Crossover Dual Max 2"},{"@type":"BreadcrumbList","@id":"https:\/\/360scooters.com\/es\/modifica-tu-smartgyro\/#breadcrumb","itemListElement":[{"@type":"ListItem","position":1,"name":"Portada","item":"https:\/\/360scooters.com\/es\/"},{"@type":"ListItem","position":2,"name":"Modifica tu smartGyro"}]},{"@type":"WebSite","@id":"https:\/\/360scooters.com\/es\/#website","url":"https:\/\/360scooters.com\/es\/","name":"360Scooters - Patinetes el\u00e9ctricos en Pen\u00ednsula y Baleares - Patinetes Madrid - Patinetes Alicante - Patinetes Barcelona","description":"","publisher":{"@id":"https:\/\/360scooters.com\/es\/#organization"},"potentialAction":[{"@type":"SearchAction","target":{"@type":"EntryPoint","urlTemplate":"https:\/\/360scooters.com\/es\/?s={search_term_string}"},"query-input":{"@type":"PropertyValueSpecification","valueRequired":true,"valueName":"search_term_string"}}],"inLanguage":"es"},{"@type":"Organization","@id":"https:\/\/360scooters.com\/es\/#organization","name":"360Scooters - Patinetes el\u00e9ctricos en Pen\u00ednsula y Baleares - Patinetes Madrid - Patinetes Alicante - Patinetes Barcelona","url":"https:\/\/360scooters.com\/es\/","logo":{"@type":"ImageObject","inLanguage":"es","@id":"https:\/\/360scooters.com\/es\/#\/schema\/logo\/image\/","url":"https:\/\/360scooters.com\/es\/wp-content\/uploads\/sites\/2\/2024\/02\/logo-claimweb-e1727166047230.png","contentUrl":"https:\/\/360scooters.com\/es\/wp-content\/uploads\/sites\/2\/2024\/02\/logo-claimweb-e1727166047230.png","width":214,"height":54,"caption":"360Scooters - Patinetes el\u00e9ctricos en Pen\u00ednsula y Baleares - Patinetes Madrid - Patinetes Alicante - Patinetes Barcelona"},"image":{"@id":"https:\/\/360scooters.com\/es\/#\/schema\/logo\/image\/"}}]}},"_links":{"self":[{"href":"https:\/\/360scooters.com\/es\/wp-json\/wp\/v2\/pages\/5857","targetHints":{"allow":["GET"]}}],"collection":[{"href":"https:\/\/360scooters.com\/es\/wp-json\/wp\/v2\/pages"}],"about":[{"href":"https:\/\/360scooters.com\/es\/wp-json\/wp\/v2\/types\/page"}],"author":[{"embeddable":true,"href":"https:\/\/360scooters.com\/es\/wp-json\/wp\/v2\/users\/1"}],"replies":[{"embeddable":true,"href":"https:\/\/360scooters.com\/es\/wp-json\/wp\/v2\/comments?post=5857"}],"version-history":[{"count":64,"href":"https:\/\/360scooters.com\/es\/wp-json\/wp\/v2\/pages\/5857\/revisions"}],"predecessor-version":[{"id":7285,"href":"https:\/\/360scooters.com\/es\/wp-json\/wp\/v2\/pages\/5857\/revisions\/7285"}],"wp:attachment":[{"href":"https:\/\/360scooters.com\/es\/wp-json\/wp\/v2\/media?parent=5857"}],"curies":[{"name":"wp","href":"https:\/\/api.w.org\/{rel}","templated":true}]}}