{"id":5250,"date":"2024-11-20T17:13:12","date_gmt":"2024-11-20T16:13:12","guid":{"rendered":"https:\/\/360scooters.com\/es\/?page_id=5250"},"modified":"2025-10-30T21:17:13","modified_gmt":"2025-10-30T20:17:13","slug":"fracciona-con-scalapay","status":"publish","type":"page","link":"https:\/\/360scooters.com\/es\/fracciona-con-scalapay\/","title":{"rendered":"Fracciona tus compras con Scalapay"},"content":{"rendered":"\t\t<div data-elementor-type=\"wp-page\" data-elementor-id=\"5250\" class=\"elementor elementor-5250\" data-elementor-post-type=\"page\">\n\t\t\t\t<div class=\"elementor-element elementor-element-88aeea3 e-flex e-con-boxed e-con e-parent\" data-id=\"88aeea3\" data-element_type=\"container\" data-e-type=\"container\">\n\t\t\t\t\t<div class=\"e-con-inner\">\n\t\t\t\t<div class=\"elementor-element elementor-element-1548e2a elementor-widget elementor-widget-image\" data-id=\"1548e2a\" data-element_type=\"widget\" data-e-type=\"widget\" data-widget_type=\"image.default\">\n\t\t\t\t<div class=\"elementor-widget-container\">\n\t\t\t\t\t\t\t\t\t\t\t\t\t\t\t\t<a href=\"https:\/\/360scooters.com\/es\/\">\n\t\t\t\t\t\t\t<img decoding=\"async\" width=\"216\" height=\"35\" src=\"https:\/\/360scooters.com\/es\/wp-content\/uploads\/sites\/2\/2024\/05\/logo-trans-web-e1755803127416.png\" class=\"attachment-large size-large wp-image-3435\" alt=\"Tienda online patinetes\" \/>\t\t\t\t\t\t\t\t<\/a>\n\t\t\t\t\t\t\t\t\t\t\t\t\t\t\t<\/div>\n\t\t\t\t<\/div>\n\t\t\t\t\t<\/div>\n\t\t\t\t<\/div>\n\t\t<div class=\"elementor-element elementor-element-06a45cd e-flex e-con-boxed e-con e-parent\" data-id=\"06a45cd\" data-element_type=\"container\" data-e-type=\"container\" data-settings=\"{&quot;background_background&quot;:&quot;classic&quot;}\">\n\t\t\t\t\t<div class=\"e-con-inner\">\n\t\t\t\t<div class=\"elementor-element elementor-element-3a99abe elementor-widget elementor-widget-heading\" data-id=\"3a99abe\" data-element_type=\"widget\" data-e-type=\"widget\" data-widget_type=\"heading.default\">\n\t\t\t\t<div class=\"elementor-widget-container\">\n\t\t\t\t\t<p class=\"elementor-heading-title elementor-size-default\">En 3 o 4 plazos | Paga Despu\u00e9s, sin intereses<\/p>\t\t\t\t<\/div>\n\t\t\t\t<\/div>\n\t\t\t\t\t<\/div>\n\t\t\t\t<\/div>\n\t\t<div class=\"elementor-element elementor-element-0f3749a e-flex e-con-boxed e-con e-parent\" data-id=\"0f3749a\" data-element_type=\"container\" data-e-type=\"container\">\n\t\t\t\t\t<div class=\"e-con-inner\">\n\t\t\t\t<div class=\"elementor-element elementor-element-c1a02c9 elementor-widget elementor-widget-text-editor\" data-id=\"c1a02c9\" data-element_type=\"widget\" data-e-type=\"widget\" data-widget_type=\"text-editor.default\">\n\t\t\t\t<div class=\"elementor-widget-container\">\n\t\t\t\t\t\t\t\t\t<div class=\"sds2-hiw-hero-subtitle-wrapper\"><div class=\"sds2-paragraph-1 medium sds2-color-grayscale-800 mb-64\">Un m\u00e9todo de pago innovador con el que podr\u00e1s conseguir las cosas que te gustan y pagarlas con tranquilidad.<\/div><div>\u00a0<\/div><div class=\"sds2-paragraph-1 medium sds2-color-grayscale-800 mb-64\">Scalapay es un innovador m\u00e9todo de pago para comprar las cosas que te gustan en tiendas online y f\u00edsicas, recibirlas enseguida y pagarlas cuando quieras.<\/div><\/div>\t\t\t\t\t\t\t\t<\/div>\n\t\t\t\t<\/div>\n\t\t\t\t<div class=\"elementor-element elementor-element-d2a6d5b elementor-widget elementor-widget-image\" data-id=\"d2a6d5b\" data-element_type=\"widget\" data-e-type=\"widget\" data-widget_type=\"image.default\">\n\t\t\t\t<div class=\"elementor-widget-container\">\n\t\t\t\t\t\t\t\t\t\t\t\t\t\t\t<img fetchpriority=\"high\" decoding=\"async\" width=\"1024\" height=\"683\" src=\"https:\/\/360scooters.com\/es\/wp-content\/uploads\/sites\/2\/2025\/10\/posters-value-1024x683.webp\" class=\"attachment-large size-large wp-image-9348\" alt=\"\" srcset=\"https:\/\/360scooters.com\/es\/wp-content\/uploads\/sites\/2\/2025\/10\/posters-value-1024x683.webp 1024w, https:\/\/360scooters.com\/es\/wp-content\/uploads\/sites\/2\/2025\/10\/posters-value-300x200.webp 300w, https:\/\/360scooters.com\/es\/wp-content\/uploads\/sites\/2\/2025\/10\/posters-value-768x512.webp 768w, https:\/\/360scooters.com\/es\/wp-content\/uploads\/sites\/2\/2025\/10\/posters-value-600x400.webp 600w, https:\/\/360scooters.com\/es\/wp-content\/uploads\/sites\/2\/2025\/10\/posters-value.webp 1300w\" sizes=\"(max-width: 1024px) 100vw, 1024px\" \/>\t\t\t\t\t\t\t\t\t\t\t\t\t\t\t<\/div>\n\t\t\t\t<\/div>\n\t\t<div class=\"elementor-element elementor-element-adfa47b e-con-full e-flex e-con e-child\" data-id=\"adfa47b\" data-element_type=\"container\" data-e-type=\"container\">\n\t\t<div class=\"elementor-element elementor-element-e5f5e0f e-con-full e-flex e-con e-child\" data-id=\"e5f5e0f\" data-element_type=\"container\" data-e-type=\"container\">\n\t\t\t\t<div class=\"elementor-element elementor-element-c7a00a1 elementor-widget elementor-widget-icon-box\" data-id=\"c7a00a1\" data-element_type=\"widget\" data-e-type=\"widget\" data-widget_type=\"icon-box.default\">\n\t\t\t\t<div class=\"elementor-widget-container\">\n\t\t\t\t\t\t\t<div class=\"elementor-icon-box-wrapper\">\n\n\t\t\t\n\t\t\t\t\t\t<div class=\"elementor-icon-box-content\">\n\n\t\t\t\t\t\t\t\t\t<h3 class=\"elementor-icon-box-title\">\n\t\t\t\t\t\t<span  >\n\t\t\t\t\t\t\tSelecciona \"Pago en 3 o 4 plazos\" con Scalapay al terminar la compra\t\t\t\t\t\t<\/span>\n\t\t\t\t\t<\/h3>\n\t\t\t\t\n\t\t\t\t\t\t\t\t\t<p class=\"elementor-icon-box-description\">\n\t\t\t\t\t\t\nSeg\u00fan el plazo que elijas, se te redirigir\u00e1 a nuestro sitio web para hacer el pago.\t\t\t\t\t<\/p>\n\t\t\t\t\n\t\t\t<\/div>\n\t\t\t\n\t\t<\/div>\n\t\t\t\t\t\t<\/div>\n\t\t\t\t<\/div>\n\t\t\t\t<\/div>\n\t\t<div class=\"elementor-element elementor-element-392d36a e-con-full e-flex e-con e-child\" data-id=\"392d36a\" data-element_type=\"container\" data-e-type=\"container\">\n\t\t\t\t<div class=\"elementor-element elementor-element-ef05def elementor-widget elementor-widget-icon-box\" data-id=\"ef05def\" data-element_type=\"widget\" data-e-type=\"widget\" data-widget_type=\"icon-box.default\">\n\t\t\t\t<div class=\"elementor-widget-container\">\n\t\t\t\t\t\t\t<div class=\"elementor-icon-box-wrapper\">\n\n\t\t\t\n\t\t\t\t\t\t<div class=\"elementor-icon-box-content\">\n\n\t\t\t\t\t\t\t\t\t<h3 class=\"elementor-icon-box-title\">\n\t\t\t\t\t\t<span  >\n\t\t\t\t\t\t\tCrea una cuenta o accede a tu cuenta\t\t\t\t\t\t<\/span>\n\t\t\t\t\t<\/h3>\n\t\t\t\t\n\t\t\t\t\t\t\t\t\t<p class=\"elementor-icon-box-description\">\n\t\t\t\t\t\t\nSolo tardar\u00e1s 2 minutos en crear una cuenta,\ny no necesitar\u00e1s ning\u00fan documento. Suena bien, \u00bfverdad?\t\t\t\t\t<\/p>\n\t\t\t\t\n\t\t\t<\/div>\n\t\t\t\n\t\t<\/div>\n\t\t\t\t\t\t<\/div>\n\t\t\t\t<\/div>\n\t\t\t\t<\/div>\n\t\t<div class=\"elementor-element elementor-element-46bec02 e-con-full e-flex e-con e-child\" data-id=\"46bec02\" data-element_type=\"container\" data-e-type=\"container\">\n\t\t\t\t<div class=\"elementor-element elementor-element-0467b3f elementor-widget elementor-widget-icon-box\" data-id=\"0467b3f\" data-element_type=\"widget\" data-e-type=\"widget\" data-widget_type=\"icon-box.default\">\n\t\t\t\t<div class=\"elementor-widget-container\">\n\t\t\t\t\t\t\t<div class=\"elementor-icon-box-wrapper\">\n\n\t\t\t\n\t\t\t\t\t\t<div class=\"elementor-icon-box-content\">\n\n\t\t\t\t\t\t\t\t\t<h3 class=\"elementor-icon-box-title\">\n\t\t\t\t\t\t<span  >\n\t\t\t\t\t\t\tA\u00f1ade un m\u00e9todo de pago\t\t\t\t\t\t<\/span>\n\t\t\t\t\t<\/h3>\n\t\t\t\t\n\t\t\t\t\t\t\t\t\t<p class=\"elementor-icon-box-description\">\n\t\t\t\t\t\tConecta una tarjeta de cr\u00e9dito, d\u00e9bito o prepago. Visa, MasterCard y AMEX.\t\t\t\t\t<\/p>\n\t\t\t\t\n\t\t\t<\/div>\n\t\t\t\n\t\t<\/div>\n\t\t\t\t\t\t<\/div>\n\t\t\t\t<\/div>\n\t\t\t\t<\/div>\n\t\t<div class=\"elementor-element elementor-element-75a6899 e-con-full e-flex e-con e-child\" data-id=\"75a6899\" data-element_type=\"container\" data-e-type=\"container\">\n\t\t\t\t<div class=\"elementor-element elementor-element-aeef24c elementor-widget elementor-widget-icon-box\" data-id=\"aeef24c\" data-element_type=\"widget\" data-e-type=\"widget\" data-widget_type=\"icon-box.default\">\n\t\t\t\t<div class=\"elementor-widget-container\">\n\t\t\t\t\t\t\t<div class=\"elementor-icon-box-wrapper\">\n\n\t\t\t\n\t\t\t\t\t\t<div class=\"elementor-icon-box-content\">\n\n\t\t\t\t\t\t\t\t\t<h3 class=\"elementor-icon-box-title\">\n\t\t\t\t\t\t<span  >\n\t\t\t\t\t\t\tCompra el producto que quieras y t\u00f3mate tu tiempo\t\t\t\t\t\t<\/span>\n\t\t\t\t\t<\/h3>\n\t\t\t\t\n\t\t\t\t\t\t\t\t\t<p class=\"elementor-icon-box-description\">\n\t\t\t\t\t\tPaga tu pedido en 3 o 4 plazos, con vencimiento mensual. Sin intereses.\t\t\t\t\t<\/p>\n\t\t\t\t\n\t\t\t<\/div>\n\t\t\t\n\t\t<\/div>\n\t\t\t\t\t\t<\/div>\n\t\t\t\t<\/div>\n\t\t\t\t<\/div>\n\t\t\t\t<\/div>\n\t\t\t\t\t<\/div>\n\t\t\t\t<\/div>\n\t\t<div class=\"elementor-element elementor-element-ad1e091 e-flex e-con-boxed e-con e-parent\" data-id=\"ad1e091\" data-element_type=\"container\" data-e-type=\"container\">\n\t\t\t\t\t<div class=\"e-con-inner\">\n\t\t\t\t<div class=\"elementor-element elementor-element-3c8bc27 elementor-widget elementor-widget-image\" data-id=\"3c8bc27\" data-element_type=\"widget\" data-e-type=\"widget\" data-widget_type=\"image.default\">\n\t\t\t\t<div class=\"elementor-widget-container\">\n\t\t\t\t\t\t\t\t\t\t\t\t\t\t\t<img decoding=\"async\" width=\"1024\" height=\"37\" src=\"https:\/\/360scooters.com\/es\/wp-content\/uploads\/sites\/2\/2025\/10\/Scalapay_banner-online_bottom-strip_2500x90_ES_01@2x-1024x37.jpg\" class=\"attachment-large size-large wp-image-9346\" alt=\"\" srcset=\"https:\/\/360scooters.com\/es\/wp-content\/uploads\/sites\/2\/2025\/10\/Scalapay_banner-online_bottom-strip_2500x90_ES_01@2x-1024x37.jpg 1024w, https:\/\/360scooters.com\/es\/wp-content\/uploads\/sites\/2\/2025\/10\/Scalapay_banner-online_bottom-strip_2500x90_ES_01@2x-300x11.jpg 300w, https:\/\/360scooters.com\/es\/wp-content\/uploads\/sites\/2\/2025\/10\/Scalapay_banner-online_bottom-strip_2500x90_ES_01@2x-768x28.jpg 768w, https:\/\/360scooters.com\/es\/wp-content\/uploads\/sites\/2\/2025\/10\/Scalapay_banner-online_bottom-strip_2500x90_ES_01@2x-1536x55.jpg 1536w, https:\/\/360scooters.com\/es\/wp-content\/uploads\/sites\/2\/2025\/10\/Scalapay_banner-online_bottom-strip_2500x90_ES_01@2x-2048x74.jpg 2048w, https:\/\/360scooters.com\/es\/wp-content\/uploads\/sites\/2\/2025\/10\/Scalapay_banner-online_bottom-strip_2500x90_ES_01@2x-600x22.jpg 600w\" sizes=\"(max-width: 1024px) 100vw, 1024px\" \/>\t\t\t\t\t\t\t\t\t\t\t\t\t\t\t<\/div>\n\t\t\t\t<\/div>\n\t\t\t\t\t<\/div>\n\t\t\t\t<\/div>\n\t\t\t\t<\/div>\n\t\t","protected":false},"excerpt":{"rendered":"<p>En 3 o 4 plazos | Paga Despu\u00e9s, sin intereses Un m\u00e9todo de pago innovador con el que podr\u00e1s conseguir las cosas que te gustan y pagarlas con tranquilidad.\u00a0Scalapay es<\/p>\n","protected":false},"author":1,"featured_media":0,"parent":0,"menu_order":0,"comment_status":"closed","ping_status":"closed","template":"elementor_canvas","meta":{"footnotes":""},"class_list":["post-5250","page","type-page","status-publish","hentry"],"yoast_head":"<!-- This site is optimized with the Yoast SEO plugin v26.9 - https:\/\/yoast.com\/product\/yoast-seo-wordpress\/ -->\n<title>Fracciona tus compras con Scalapay - 360Scooters | Tienda-taller de patinetes el\u00e9ctricos<\/title>\n<meta name=\"robots\" content=\"index, follow, max-snippet:-1, max-image-preview:large, max-video-preview:-1\" \/>\n<link rel=\"canonical\" href=\"https:\/\/360scooters.com\/es\/fracciona-con-scalapay\/\" \/>\n<meta property=\"og:locale\" content=\"es_ES\" \/>\n<meta property=\"og:type\" content=\"article\" \/>\n<meta property=\"og:title\" content=\"Fracciona tus compras con Scalapay - 360Scooters | Tienda-taller de patinetes el\u00e9ctricos\" \/>\n<meta property=\"og:description\" content=\"En 3 o 4 plazos | Paga Despu\u00e9s, sin intereses Un m\u00e9todo de pago innovador con el que podr\u00e1s conseguir las cosas que te gustan y pagarlas con tranquilidad.\u00a0Scalapay es\" \/>\n<meta property=\"og:url\" content=\"https:\/\/360scooters.com\/es\/fracciona-con-scalapay\/\" \/>\n<meta property=\"og:site_name\" content=\"360Scooters | Tienda-taller de patinetes el\u00e9ctricos\" \/>\n<meta property=\"article:modified_time\" content=\"2025-10-30T20:17:13+00:00\" \/>\n<meta property=\"og:image\" content=\"https:\/\/360scooters.com\/es\/wp-content\/uploads\/sites\/2\/2024\/05\/logo-trans-web-e1755803127416.png\" \/>\n\t<meta property=\"og:image:width\" content=\"216\" \/>\n\t<meta property=\"og:image:height\" content=\"35\" \/>\n\t<meta property=\"og:image:type\" content=\"image\/png\" \/>\n<meta name=\"twitter:card\" content=\"summary_large_image\" \/>\n<meta name=\"twitter:label1\" content=\"Tiempo de lectura\" \/>\n\t<meta name=\"twitter:data1\" content=\"1 minuto\" \/>\n<script type=\"application\/ld+json\" class=\"yoast-schema-graph\">{\"@context\":\"https:\/\/schema.org\",\"@graph\":[{\"@type\":\"WebPage\",\"@id\":\"https:\/\/360scooters.com\/es\/fracciona-con-scalapay\/\",\"url\":\"https:\/\/360scooters.com\/es\/fracciona-con-scalapay\/\",\"name\":\"Fracciona tus compras con Scalapay - 360Scooters | Tienda-taller de patinetes el\u00e9ctricos\",\"isPartOf\":{\"@id\":\"https:\/\/360scooters.com\/es\/#website\"},\"primaryImageOfPage\":{\"@id\":\"https:\/\/360scooters.com\/es\/fracciona-con-scalapay\/#primaryimage\"},\"image\":{\"@id\":\"https:\/\/360scooters.com\/es\/fracciona-con-scalapay\/#primaryimage\"},\"thumbnailUrl\":\"https:\/\/360scooters.com\/es\/wp-content\/uploads\/sites\/2\/2024\/05\/logo-trans-web-e1755803127416.png\",\"datePublished\":\"2024-11-20T16:13:12+00:00\",\"dateModified\":\"2025-10-30T20:17:13+00:00\",\"breadcrumb\":{\"@id\":\"https:\/\/360scooters.com\/es\/fracciona-con-scalapay\/#breadcrumb\"},\"inLanguage\":\"es\",\"potentialAction\":[{\"@type\":\"ReadAction\",\"target\":[\"https:\/\/360scooters.com\/es\/fracciona-con-scalapay\/\"]}]},{\"@type\":\"ImageObject\",\"inLanguage\":\"es\",\"@id\":\"https:\/\/360scooters.com\/es\/fracciona-con-scalapay\/#primaryimage\",\"url\":\"https:\/\/360scooters.com\/es\/wp-content\/uploads\/sites\/2\/2024\/05\/logo-trans-web-e1755803127416.png\",\"contentUrl\":\"https:\/\/360scooters.com\/es\/wp-content\/uploads\/sites\/2\/2024\/05\/logo-trans-web-e1755803127416.png\",\"width\":216,\"height\":35,\"caption\":\"Tienda online patinetes\"},{\"@type\":\"BreadcrumbList\",\"@id\":\"https:\/\/360scooters.com\/es\/fracciona-con-scalapay\/#breadcrumb\",\"itemListElement\":[{\"@type\":\"ListItem\",\"position\":1,\"name\":\"Portada\",\"item\":\"https:\/\/360scooters.com\/es\/\"},{\"@type\":\"ListItem\",\"position\":2,\"name\":\"Fracciona tus compras con Scalapay\"}]},{\"@type\":\"WebSite\",\"@id\":\"https:\/\/360scooters.com\/es\/#website\",\"url\":\"https:\/\/360scooters.com\/es\/\",\"name\":\"360Scooters - Patinetes el\u00e9ctricos en Pen\u00ednsula y Baleares - Patinetes Madrid - Patinetes Alicante - Patinetes Barcelona\",\"description\":\"\",\"publisher\":{\"@id\":\"https:\/\/360scooters.com\/es\/#organization\"},\"potentialAction\":[{\"@type\":\"SearchAction\",\"target\":{\"@type\":\"EntryPoint\",\"urlTemplate\":\"https:\/\/360scooters.com\/es\/?s={search_term_string}\"},\"query-input\":{\"@type\":\"PropertyValueSpecification\",\"valueRequired\":true,\"valueName\":\"search_term_string\"}}],\"inLanguage\":\"es\"},{\"@type\":\"Organization\",\"@id\":\"https:\/\/360scooters.com\/es\/#organization\",\"name\":\"360Scooters - Patinetes el\u00e9ctricos en Pen\u00ednsula y Baleares - Patinetes Madrid - Patinetes Alicante - Patinetes Barcelona\",\"url\":\"https:\/\/360scooters.com\/es\/\",\"logo\":{\"@type\":\"ImageObject\",\"inLanguage\":\"es\",\"@id\":\"https:\/\/360scooters.com\/es\/#\/schema\/logo\/image\/\",\"url\":\"https:\/\/360scooters.com\/es\/wp-content\/uploads\/sites\/2\/2024\/02\/logo-claimweb-e1727166047230.png\",\"contentUrl\":\"https:\/\/360scooters.com\/es\/wp-content\/uploads\/sites\/2\/2024\/02\/logo-claimweb-e1727166047230.png\",\"width\":214,\"height\":54,\"caption\":\"360Scooters - Patinetes el\u00e9ctricos en Pen\u00ednsula y Baleares - Patinetes Madrid - Patinetes Alicante - Patinetes Barcelona\"},\"image\":{\"@id\":\"https:\/\/360scooters.com\/es\/#\/schema\/logo\/image\/\"}}]}<\/script>\n<!-- \/ Yoast SEO plugin. -->","yoast_head_json":{"title":"Fracciona tus compras con Scalapay - 360Scooters | Tienda-taller de patinetes el\u00e9ctricos","robots":{"index":"index","follow":"follow","max-snippet":"max-snippet:-1","max-image-preview":"max-image-preview:large","max-video-preview":"max-video-preview:-1"},"canonical":"https:\/\/360scooters.com\/es\/fracciona-con-scalapay\/","og_locale":"es_ES","og_type":"article","og_title":"Fracciona tus compras con Scalapay - 360Scooters | Tienda-taller de patinetes el\u00e9ctricos","og_description":"En 3 o 4 plazos | Paga Despu\u00e9s, sin intereses Un m\u00e9todo de pago innovador con el que podr\u00e1s conseguir las cosas que te gustan y pagarlas con tranquilidad.\u00a0Scalapay es","og_url":"https:\/\/360scooters.com\/es\/fracciona-con-scalapay\/","og_site_name":"360Scooters | Tienda-taller de patinetes el\u00e9ctricos","article_modified_time":"2025-10-30T20:17:13+00:00","og_image":[{"width":216,"height":35,"url":"https:\/\/360scooters.com\/es\/wp-content\/uploads\/sites\/2\/2024\/05\/logo-trans-web-e1755803127416.png","type":"image\/png"}],"twitter_card":"summary_large_image","twitter_misc":{"Tiempo de lectura":"1 minuto"},"schema":{"@context":"https:\/\/schema.org","@graph":[{"@type":"WebPage","@id":"https:\/\/360scooters.com\/es\/fracciona-con-scalapay\/","url":"https:\/\/360scooters.com\/es\/fracciona-con-scalapay\/","name":"Fracciona tus compras con Scalapay - 360Scooters | Tienda-taller de patinetes el\u00e9ctricos","isPartOf":{"@id":"https:\/\/360scooters.com\/es\/#website"},"primaryImageOfPage":{"@id":"https:\/\/360scooters.com\/es\/fracciona-con-scalapay\/#primaryimage"},"image":{"@id":"https:\/\/360scooters.com\/es\/fracciona-con-scalapay\/#primaryimage"},"thumbnailUrl":"https:\/\/360scooters.com\/es\/wp-content\/uploads\/sites\/2\/2024\/05\/logo-trans-web-e1755803127416.png","datePublished":"2024-11-20T16:13:12+00:00","dateModified":"2025-10-30T20:17:13+00:00","breadcrumb":{"@id":"https:\/\/360scooters.com\/es\/fracciona-con-scalapay\/#breadcrumb"},"inLanguage":"es","potentialAction":[{"@type":"ReadAction","target":["https:\/\/360scooters.com\/es\/fracciona-con-scalapay\/"]}]},{"@type":"ImageObject","inLanguage":"es","@id":"https:\/\/360scooters.com\/es\/fracciona-con-scalapay\/#primaryimage","url":"https:\/\/360scooters.com\/es\/wp-content\/uploads\/sites\/2\/2024\/05\/logo-trans-web-e1755803127416.png","contentUrl":"https:\/\/360scooters.com\/es\/wp-content\/uploads\/sites\/2\/2024\/05\/logo-trans-web-e1755803127416.png","width":216,"height":35,"caption":"Tienda online patinetes"},{"@type":"BreadcrumbList","@id":"https:\/\/360scooters.com\/es\/fracciona-con-scalapay\/#breadcrumb","itemListElement":[{"@type":"ListItem","position":1,"name":"Portada","item":"https:\/\/360scooters.com\/es\/"},{"@type":"ListItem","position":2,"name":"Fracciona tus compras con Scalapay"}]},{"@type":"WebSite","@id":"https:\/\/360scooters.com\/es\/#website","url":"https:\/\/360scooters.com\/es\/","name":"360Scooters - Patinetes el\u00e9ctricos en Pen\u00ednsula y Baleares - Patinetes Madrid - Patinetes Alicante - Patinetes Barcelona","description":"","publisher":{"@id":"https:\/\/360scooters.com\/es\/#organization"},"potentialAction":[{"@type":"SearchAction","target":{"@type":"EntryPoint","urlTemplate":"https:\/\/360scooters.com\/es\/?s={search_term_string}"},"query-input":{"@type":"PropertyValueSpecification","valueRequired":true,"valueName":"search_term_string"}}],"inLanguage":"es"},{"@type":"Organization","@id":"https:\/\/360scooters.com\/es\/#organization","name":"360Scooters - Patinetes el\u00e9ctricos en Pen\u00ednsula y Baleares - Patinetes Madrid - Patinetes Alicante - Patinetes Barcelona","url":"https:\/\/360scooters.com\/es\/","logo":{"@type":"ImageObject","inLanguage":"es","@id":"https:\/\/360scooters.com\/es\/#\/schema\/logo\/image\/","url":"https:\/\/360scooters.com\/es\/wp-content\/uploads\/sites\/2\/2024\/02\/logo-claimweb-e1727166047230.png","contentUrl":"https:\/\/360scooters.com\/es\/wp-content\/uploads\/sites\/2\/2024\/02\/logo-claimweb-e1727166047230.png","width":214,"height":54,"caption":"360Scooters - Patinetes el\u00e9ctricos en Pen\u00ednsula y Baleares - Patinetes Madrid - Patinetes Alicante - Patinetes Barcelona"},"image":{"@id":"https:\/\/360scooters.com\/es\/#\/schema\/logo\/image\/"}}]}},"_links":{"self":[{"href":"https:\/\/360scooters.com\/es\/wp-json\/wp\/v2\/pages\/5250","targetHints":{"allow":["GET"]}}],"collection":[{"href":"https:\/\/360scooters.com\/es\/wp-json\/wp\/v2\/pages"}],"about":[{"href":"https:\/\/360scooters.com\/es\/wp-json\/wp\/v2\/types\/page"}],"author":[{"embeddable":true,"href":"https:\/\/360scooters.com\/es\/wp-json\/wp\/v2\/users\/1"}],"replies":[{"embeddable":true,"href":"https:\/\/360scooters.com\/es\/wp-json\/wp\/v2\/comments?post=5250"}],"version-history":[{"count":16,"href":"https:\/\/360scooters.com\/es\/wp-json\/wp\/v2\/pages\/5250\/revisions"}],"predecessor-version":[{"id":9351,"href":"https:\/\/360scooters.com\/es\/wp-json\/wp\/v2\/pages\/5250\/revisions\/9351"}],"wp:attachment":[{"href":"https:\/\/360scooters.com\/es\/wp-json\/wp\/v2\/media?parent=5250"}],"curies":[{"name":"wp","href":"https:\/\/api.w.org\/{rel}","templated":true}]}}