{"id":3178,"date":"2024-09-06T09:53:00","date_gmt":"2024-09-06T07:53:00","guid":{"rendered":"https:\/\/360scooters.com\/es\/?page_id=3178"},"modified":"2025-08-12T13:23:07","modified_gmt":"2025-08-12T11:23:07","slug":"electrical-things-elche","status":"publish","type":"page","link":"https:\/\/360scooters.com\/es\/electrical-things-elche\/","title":{"rendered":"Electrical Things Elche"},"content":{"rendered":"\t\t<div data-elementor-type=\"wp-page\" data-elementor-id=\"3178\" class=\"elementor elementor-3178\" data-elementor-post-type=\"page\">\n\t\t\t\t<div class=\"elementor-element elementor-element-781c6e7 e-flex e-con-boxed e-con e-parent\" data-id=\"781c6e7\" data-element_type=\"container\" data-e-type=\"container\">\n\t\t\t\t\t<div class=\"e-con-inner\">\n\t\t\t\t<div class=\"elementor-element elementor-element-bca0db9 elementor-widget elementor-widget-heading\" data-id=\"bca0db9\" data-element_type=\"widget\" data-e-type=\"widget\" data-widget_type=\"heading.default\">\n\t\t\t\t<div class=\"elementor-widget-container\">\n\t\t\t\t\t<h1 class=\"elementor-heading-title elementor-size-default\">\u00bfBuscando Electrical Things en Elche? Descubre 360Scooters, tu nueva tienda de confianza en movilidad el\u00e9ctrica\n<\/h1>\t\t\t\t<\/div>\n\t\t\t\t<\/div>\n\t\t\t\t<div class=\"elementor-element elementor-element-b2eb051 elementor-widget elementor-widget-heading\" data-id=\"b2eb051\" data-element_type=\"widget\" data-e-type=\"widget\" data-widget_type=\"heading.default\">\n\t\t\t\t<div class=\"elementor-widget-container\">\n\t\t\t\t\t<h2 class=\"elementor-heading-title elementor-size-default\">Electrical Things, pero en 360Scooters tenemos todo lo que necesitas en patinetes el\u00e9ctricos\n\n\n\n<\/h2>\t\t\t\t<\/div>\n\t\t\t\t<\/div>\n\t\t\t\t<div class=\"elementor-element elementor-element-5ed41ca elementor-widget elementor-widget-heading\" data-id=\"5ed41ca\" data-element_type=\"widget\" data-e-type=\"widget\" data-widget_type=\"heading.default\">\n\t\t\t\t<div class=\"elementor-widget-container\">\n\t\t\t\t\t<h1 class=\"elementor-heading-title elementor-size-default\">Electrical Things Elche<\/h1>\t\t\t\t<\/div>\n\t\t\t\t<\/div>\n\t\t\t\t<div class=\"elementor-element elementor-element-44e48e3 elementor-widget elementor-widget-heading\" data-id=\"44e48e3\" data-element_type=\"widget\" data-e-type=\"widget\" data-widget_type=\"heading.default\">\n\t\t\t\t<div class=\"elementor-widget-container\">\n\t\t\t\t\t<h2 class=\"elementor-heading-title elementor-size-default\">360Scooters \u00b7 Tu tienda de patinetes en Elche<\/h2>\t\t\t\t<\/div>\n\t\t\t\t<\/div>\n\t\t\t\t<div class=\"elementor-element elementor-element-3bf8ee7 elementor-widget elementor-widget-heading\" data-id=\"3bf8ee7\" data-element_type=\"widget\" data-e-type=\"widget\" data-widget_type=\"heading.default\">\n\t\t\t\t<div class=\"elementor-widget-container\">\n\t\t\t\t\t<h2 class=\"elementor-heading-title elementor-size-default\">Tienda oficial Smartgyro en Elche<\/h2>\t\t\t\t<\/div>\n\t\t\t\t<\/div>\n\t\t\t\t<div class=\"elementor-element elementor-element-d6668f5 elementor-widget elementor-widget-electro_elementor_products_cards_carousel_block\" data-id=\"d6668f5\" data-element_type=\"widget\" data-e-type=\"widget\" data-widget_type=\"electro_elementor_products_cards_carousel_block.default\">\n\t\t\t\t<div class=\"elementor-widget-container\">\n\t\t\t\t\t\n\t\t\t<section class=\"section-product-cards-carousel\" >\n\n\t\t\t\t\n\t\t\t\t<div id=\"69f86de665648\" data-ride=\"owl-carousel\" data-carousel-selector=\".product-cards-carousel\" data-carousel-options=\"{&quot;items&quot;:1,&quot;nav&quot;:false,&quot;slideSpeed&quot;:300,&quot;dots&quot;:true,&quot;rtl&quot;:false,&quot;paginationSpeed&quot;:400,&quot;navText&quot;:[&quot;&quot;,&quot;&quot;],&quot;margin&quot;:0,&quot;touchDrag&quot;:true,&quot;autoplay&quot;:&quot;false&quot;}\">\n\t\t\t\t\t<div class=\"woocommerce columns-4 product-cards-carousel owl-carousel\"><ul data-view=\"grid\" data-bs-toggle=\"regular-products\" class=\"products products list-unstyled row g-0 row-cols-2 row-cols-md-3 row-cols-lg-4 row-cols-xl-4 row-cols-xxl-4\"><li class=\"product-card post-1910 product type-product status-publish has-post-thumbnail product_cat-gama-pro product_cat-smartgyro product_cat-smartgyro-2 product_tag-precios-derretidos product_shipping_class-patinetes-electricos pa_marca-smartgyro first outofstock sale taxable shipping-taxable purchasable product-type-simple\">\n\n\t<div class=\"product-outer product-item__outer\">\n\t<div class=\"product-inner\">\n\n\t\t\n\t\t<a class=\"card-media-left\" href=\"https:\/\/360scooters.com\/es\/producto\/patinete-electrico-smartgyro-k2-titan-certificado\/\" title=\"Patinete el\u00e9ctrico smartGyro K2 Titan\">\n\t\t\t<div class='container-image-and-badge  '><img fetchpriority=\"high\" decoding=\"async\" width=\"300\" height=\"300\" src=\"https:\/\/360scooters.com\/es\/wp-content\/uploads\/sites\/2\/2024\/05\/patin-electrico-smartgyro-k2-c-2-300x300.jpg\" class=\"media-object attachment-woocommerce_thumbnail size-woocommerce_thumbnail\" alt=\"Patinete el\u00e9ctrico smartGyro K2 Titan\" srcset=\"https:\/\/360scooters.com\/es\/wp-content\/uploads\/sites\/2\/2024\/05\/patin-electrico-smartgyro-k2-c-2-300x300.jpg 300w, https:\/\/360scooters.com\/es\/wp-content\/uploads\/sites\/2\/2024\/05\/patin-electrico-smartgyro-k2-c-2-1024x1024.jpg 1024w, https:\/\/360scooters.com\/es\/wp-content\/uploads\/sites\/2\/2024\/05\/patin-electrico-smartgyro-k2-c-2-150x150.jpg 150w, https:\/\/360scooters.com\/es\/wp-content\/uploads\/sites\/2\/2024\/05\/patin-electrico-smartgyro-k2-c-2-768x768.jpg 768w, https:\/\/360scooters.com\/es\/wp-content\/uploads\/sites\/2\/2024\/05\/patin-electrico-smartgyro-k2-c-2-600x600.jpg 600w, https:\/\/360scooters.com\/es\/wp-content\/uploads\/sites\/2\/2024\/05\/patin-electrico-smartgyro-k2-c-2-100x100.jpg 100w, https:\/\/360scooters.com\/es\/wp-content\/uploads\/sites\/2\/2024\/05\/patin-electrico-smartgyro-k2-c-2.jpg 1500w\" sizes=\"(max-width: 300px) 100vw, 300px\" \/>\n<div class='yith-wcbm-badge yith-wcbm-badge-5790 yith-wcbm-badge-text yith-wcbm-badge--on-product-1910 yith-wcbm-badge-text' data-position='{&quot;top&quot;:&quot;0&quot;,&quot;right&quot;:&quot;auto&quot;,&quot;bottom&quot;:&quot;auto&quot;,&quot;left&quot;:&quot;0&quot;}' data-transform=''>\n\t<div class='yith-wcbm-badge__wrap'>\n\t\t<div class=\"media-object yith-wcbm-badge-text\"><p style=\"line-height: 16px\"><span style=\"color: #ffffff;font-size: 10pt\"><strong>Sin stock<\/strong><\/span><\/p><\/div>\n\t<\/div>\n<\/div>\n<!--yith-wcbm-badge-->\n<\/div><!--container-image-and-badge-->\t\t<\/a>\n\n\t\t\n\t\t<div class=\"card-body\">\n\t\t\t<div class=\"card-body-inner\">\n\t\t\t<span class=\"loop-product-categories\"><a href=\"https:\/\/360scooters.com\/es\/categoria-producto\/patinetes-electricos\/gama-pro\/\" rel=\"tag\">Gama pro<\/a>, <a href=\"https:\/\/360scooters.com\/es\/categoria-producto\/promociones\/smartgyro\/\" rel=\"tag\">smartGyro<\/a>, <a href=\"https:\/\/360scooters.com\/es\/categoria-producto\/smartgyro-2\/\" rel=\"tag\">smartgyro<\/a><\/span><a href=\"https:\/\/360scooters.com\/es\/producto\/patinete-electrico-smartgyro-k2-titan-certificado\/\" class=\"woocommerce-LoopProduct-link woocommerce-loop-product__link\"><h2 class=\"woocommerce-loop-product__title\">Patinete el\u00e9ctrico smartGyro K2 Titan<\/h2><\/a><div class=\"price-add-to-cart\">\n\t<span class=\"price\"><span class=\"electro-price\"><ins><span class=\"woocommerce-Price-amount amount\"><bdi>599,00&nbsp;<span class=\"woocommerce-Price-currencySymbol\">&euro;<\/span><\/bdi><\/span><\/ins> <del><span class=\"woocommerce-Price-amount amount\"><bdi>639,00&nbsp;<span class=\"woocommerce-Price-currencySymbol\">&euro;<\/span><\/bdi><\/span><\/del><\/span><\/span>\n<div class=\"add-to-cart-wrap show-in-mobile\" data-bs-toggle=\"tooltip\" data-bs-title=\"Seleccionar opciones\"><a href=\"https:\/\/360scooters.com\/es\/producto\/patinete-electrico-smartgyro-k2-titan-certificado\/\" aria-describedby=\"woocommerce_loop_add_to_cart_link_describedby_1910\" data-quantity=\"1\" class=\"button product_type_simple\" data-product_id=\"1910\" data-product_sku=\"\" aria-label=\"Lee m\u00e1s sobre &ldquo;Patinete el\u00e9ctrico smartGyro K2 Titan&rdquo;\" rel=\"nofollow\" data-success_message=\"\">Seleccionar opciones<\/a><\/div>\t<span id=\"woocommerce_loop_add_to_cart_link_describedby_1910\" class=\"screen-reader-text\">\n\t\t\t<\/span>\n<\/div><!-- \/.price-add-to-cart -->\t\t\t<\/div>\n\t\t<\/div>\n\t\t<div class=\"hover-area\"><div class=\"action-buttons\"><\/div><\/div>\t<\/div>\n\t<\/div><!-- \/.product-outer -->\n<\/li>\n<\/ul>\n<\/div>\t\t\t\t<\/div>\n\n\t\t\t<\/section>\t\t\t\t<\/div>\n\t\t\t\t<\/div>\n\t\t\t\t<div class=\"elementor-element elementor-element-f74787c elementor-widget elementor-widget-heading\" data-id=\"f74787c\" data-element_type=\"widget\" data-e-type=\"widget\" data-widget_type=\"heading.default\">\n\t\t\t\t<div class=\"elementor-widget-container\">\n\t\t\t\t\t<h2 class=\"elementor-heading-title elementor-size-default\">Electrical Things Elche<\/h2>\t\t\t\t<\/div>\n\t\t\t\t<\/div>\n\t\t\t\t<div class=\"elementor-element elementor-element-586ef33 elementor-widget elementor-widget-text-editor\" data-id=\"586ef33\" data-element_type=\"widget\" data-e-type=\"widget\" data-widget_type=\"text-editor.default\">\n\t\t\t\t<div class=\"elementor-widget-container\">\n\t\t\t\t\t\t\t\t\t<p><span style=\"color: #ffffff;\">Si sol\u00edas visitar Electrical Things en Elche para tus compras de patinetes el\u00e9ctricos, te invitamos a conocer 360Scooters. Aqu\u00ed encontrar\u00e1s patinetes el\u00e9ctricos, accesorios y servicio t\u00e9cnico especializado que superar\u00e1n tus expectativas. \u00a1Ven a descubrir nuestra tienda!<\/span><\/p><h3><strong>Tienda oficial smartGyro en Elche<\/strong><\/h3><p>En nuestra <strong>tienda de patinetes en Elche<\/strong>, encontrar\u00e1s una amplia selecci\u00f3n de patinetes el\u00e9ctricos y accesorios para mejorar tu experiencia de movilidad. Contamos con las mejores marcas y modelos del mercado, adaptados a todas las necesidades y presupuestos. Desde patinetes para adultos hasta opciones infantiles, ofrecemos productos de alta calidad con garant\u00eda de seguridad y durabilidad.<\/p><p>Visita nuestra <strong>tienda de patinetes en Elche<\/strong> y aprovecha nuestros precios competitivos, servicio t\u00e9cnico especializado y asesoramiento personalizado. Ya sea que est\u00e9s buscando tu primer patinete o quieras actualizarte a un modelo m\u00e1s avanzado, tenemos lo que necesitas para moverte con comodidad y estilo por la ciudad. \u00a1Haz de tu viaje diario una experiencia m\u00e1s eficiente y divertida!<\/p>\t\t\t\t\t\t\t\t<\/div>\n\t\t\t\t<\/div>\n\t\t\t\t<div class=\"elementor-element elementor-element-f605015 elementor-widget elementor-widget-google_maps\" data-id=\"f605015\" data-element_type=\"widget\" data-e-type=\"widget\" data-widget_type=\"google_maps.default\">\n\t\t\t\t<div class=\"elementor-widget-container\">\n\t\t\t\t\t\t\t<div class=\"elementor-custom-embed\">\n\t\t\t<iframe loading=\"lazy\"\n\t\t\t\t\tsrc=\"https:\/\/maps.google.com\/maps?q=Carrer%20Antonio%20Machado%2029%20Elche&#038;t=m&#038;z=15&#038;output=embed&#038;iwloc=near\"\n\t\t\t\t\ttitle=\"Carrer Antonio Machado 29 Elche\"\n\t\t\t\t\taria-label=\"Carrer Antonio Machado 29 Elche\"\n\t\t\t><\/iframe>\n\t\t<\/div>\n\t\t\t\t\t\t<\/div>\n\t\t\t\t<\/div>\n\t\t\t\t\t<\/div>\n\t\t\t\t<\/div>\n\t\t<div class=\"elementor-element elementor-element-9207413 e-flex e-con-boxed e-con e-parent\" data-id=\"9207413\" data-element_type=\"container\" data-e-type=\"container\">\n\t\t\t\t\t<div class=\"e-con-inner\">\n\t\t<div class=\"elementor-element elementor-element-7fcf90b e-con-full e-flex e-con e-child\" data-id=\"7fcf90b\" data-element_type=\"container\" data-e-type=\"container\">\n\t\t\t\t<div class=\"elementor-element elementor-element-12c5299 elementor-widget elementor-widget-image\" data-id=\"12c5299\" data-element_type=\"widget\" data-e-type=\"widget\" data-widget_type=\"image.default\">\n\t\t\t\t<div class=\"elementor-widget-container\">\n\t\t\t\t\t\t\t\t\t\t\t\t\t\t\t<img decoding=\"async\" width=\"768\" height=\"1024\" src=\"https:\/\/360scooters.com\/es\/wp-content\/uploads\/sites\/2\/2024\/09\/Foto-de-@danitfe-1-768x1024.jpg\" class=\"attachment-large size-large wp-image-3187\" alt=\"Electrical Things Elche\" srcset=\"https:\/\/360scooters.com\/es\/wp-content\/uploads\/sites\/2\/2024\/09\/Foto-de-@danitfe-1-768x1024.jpg 768w, https:\/\/360scooters.com\/es\/wp-content\/uploads\/sites\/2\/2024\/09\/Foto-de-@danitfe-1-225x300.jpg 225w, https:\/\/360scooters.com\/es\/wp-content\/uploads\/sites\/2\/2024\/09\/Foto-de-@danitfe-1-1152x1536.jpg 1152w, https:\/\/360scooters.com\/es\/wp-content\/uploads\/sites\/2\/2024\/09\/Foto-de-@danitfe-1-600x800.jpg 600w, https:\/\/360scooters.com\/es\/wp-content\/uploads\/sites\/2\/2024\/09\/Foto-de-@danitfe-1.jpg 1536w\" sizes=\"(max-width: 768px) 100vw, 768px\" \/>\t\t\t\t\t\t\t\t\t\t\t\t\t\t\t<\/div>\n\t\t\t\t<\/div>\n\t\t\t\t<\/div>\n\t\t<div class=\"elementor-element elementor-element-168f3ff e-con-full e-flex e-con e-child\" data-id=\"168f3ff\" data-element_type=\"container\" data-e-type=\"container\">\n\t\t\t\t<\/div>\n\t\t\t\t\t<\/div>\n\t\t\t\t<\/div>\n\t\t\t\t<\/div>\n\t\t","protected":false},"excerpt":{"rendered":"<p>\u00bfBuscando Electrical Things en Elche? Descubre 360Scooters, tu nueva tienda de confianza en movilidad el\u00e9ctrica Electrical Things, pero en 360Scooters tenemos todo lo que necesitas en patinetes el\u00e9ctricos Electrical Things<\/p>\n","protected":false},"author":1,"featured_media":0,"parent":0,"menu_order":0,"comment_status":"closed","ping_status":"closed","template":"elementor_header_footer","meta":{"footnotes":""},"class_list":["post-3178","page","type-page","status-publish","hentry"],"yoast_head":"<!-- This site is optimized with the Yoast SEO plugin v26.9 - https:\/\/yoast.com\/product\/yoast-seo-wordpress\/ -->\n<title>Electrical Things Elche - 360Scooters | Tienda-taller de patinetes el\u00e9ctricos<\/title>\n<meta name=\"robots\" content=\"index, follow, max-snippet:-1, max-image-preview:large, max-video-preview:-1\" \/>\n<link rel=\"canonical\" href=\"https:\/\/360scooters.com\/es\/electrical-things-elche\/\" \/>\n<meta property=\"og:locale\" content=\"es_ES\" \/>\n<meta property=\"og:type\" content=\"article\" \/>\n<meta property=\"og:title\" content=\"Electrical Things Elche - 360Scooters | Tienda-taller de patinetes el\u00e9ctricos\" \/>\n<meta property=\"og:description\" content=\"\u00bfBuscando Electrical Things en Elche? Descubre 360Scooters, tu nueva tienda de confianza en movilidad el\u00e9ctrica Electrical Things, pero en 360Scooters tenemos todo lo que necesitas en patinetes el\u00e9ctricos Electrical Things\" \/>\n<meta property=\"og:url\" content=\"https:\/\/360scooters.com\/es\/electrical-things-elche\/\" \/>\n<meta property=\"og:site_name\" content=\"360Scooters | Tienda-taller de patinetes el\u00e9ctricos\" \/>\n<meta property=\"article:modified_time\" content=\"2025-08-12T11:23:07+00:00\" \/>\n<meta property=\"og:image\" content=\"https:\/\/360scooters.com\/es\/wp-content\/uploads\/sites\/2\/2024\/10\/patinete-electrico-smartgyro-z-pro-black-300x300.jpg\" \/>\n<meta name=\"twitter:card\" content=\"summary_large_image\" \/>\n<meta name=\"twitter:label1\" content=\"Tiempo de lectura\" \/>\n\t<meta name=\"twitter:data1\" content=\"3 minutos\" \/>\n<script type=\"application\/ld+json\" class=\"yoast-schema-graph\">{\"@context\":\"https:\/\/schema.org\",\"@graph\":[{\"@type\":\"WebPage\",\"@id\":\"https:\/\/360scooters.com\/es\/electrical-things-elche\/\",\"url\":\"https:\/\/360scooters.com\/es\/electrical-things-elche\/\",\"name\":\"Electrical Things Elche - 360Scooters | Tienda-taller de patinetes el\u00e9ctricos\",\"isPartOf\":{\"@id\":\"https:\/\/360scooters.com\/es\/#website\"},\"primaryImageOfPage\":{\"@id\":\"https:\/\/360scooters.com\/es\/electrical-things-elche\/#primaryimage\"},\"image\":{\"@id\":\"https:\/\/360scooters.com\/es\/electrical-things-elche\/#primaryimage\"},\"thumbnailUrl\":\"https:\/\/360scooters.com\/es\/wp-content\/uploads\/sites\/2\/2024\/10\/patinete-electrico-smartgyro-z-pro-black-300x300.jpg\",\"datePublished\":\"2024-09-06T07:53:00+00:00\",\"dateModified\":\"2025-08-12T11:23:07+00:00\",\"breadcrumb\":{\"@id\":\"https:\/\/360scooters.com\/es\/electrical-things-elche\/#breadcrumb\"},\"inLanguage\":\"es\",\"potentialAction\":[{\"@type\":\"ReadAction\",\"target\":[\"https:\/\/360scooters.com\/es\/electrical-things-elche\/\"]}]},{\"@type\":\"ImageObject\",\"inLanguage\":\"es\",\"@id\":\"https:\/\/360scooters.com\/es\/electrical-things-elche\/#primaryimage\",\"url\":\"https:\/\/360scooters.com\/es\/wp-content\/uploads\/sites\/2\/2024\/10\/patinete-electrico-smartgyro-z-pro-black.jpg\",\"contentUrl\":\"https:\/\/360scooters.com\/es\/wp-content\/uploads\/sites\/2\/2024\/10\/patinete-electrico-smartgyro-z-pro-black.jpg\",\"width\":1500,\"height\":1500},{\"@type\":\"BreadcrumbList\",\"@id\":\"https:\/\/360scooters.com\/es\/electrical-things-elche\/#breadcrumb\",\"itemListElement\":[{\"@type\":\"ListItem\",\"position\":1,\"name\":\"Portada\",\"item\":\"https:\/\/360scooters.com\/es\/\"},{\"@type\":\"ListItem\",\"position\":2,\"name\":\"Electrical Things Elche\"}]},{\"@type\":\"WebSite\",\"@id\":\"https:\/\/360scooters.com\/es\/#website\",\"url\":\"https:\/\/360scooters.com\/es\/\",\"name\":\"360Scooters - Patinetes el\u00e9ctricos en Pen\u00ednsula y Baleares - Patinetes Madrid - Patinetes Alicante - Patinetes Barcelona\",\"description\":\"\",\"publisher\":{\"@id\":\"https:\/\/360scooters.com\/es\/#organization\"},\"potentialAction\":[{\"@type\":\"SearchAction\",\"target\":{\"@type\":\"EntryPoint\",\"urlTemplate\":\"https:\/\/360scooters.com\/es\/?s={search_term_string}\"},\"query-input\":{\"@type\":\"PropertyValueSpecification\",\"valueRequired\":true,\"valueName\":\"search_term_string\"}}],\"inLanguage\":\"es\"},{\"@type\":\"Organization\",\"@id\":\"https:\/\/360scooters.com\/es\/#organization\",\"name\":\"360Scooters - Patinetes el\u00e9ctricos en Pen\u00ednsula y Baleares - Patinetes Madrid - Patinetes Alicante - Patinetes Barcelona\",\"url\":\"https:\/\/360scooters.com\/es\/\",\"logo\":{\"@type\":\"ImageObject\",\"inLanguage\":\"es\",\"@id\":\"https:\/\/360scooters.com\/es\/#\/schema\/logo\/image\/\",\"url\":\"https:\/\/360scooters.com\/es\/wp-content\/uploads\/sites\/2\/2024\/02\/logo-claimweb-e1727166047230.png\",\"contentUrl\":\"https:\/\/360scooters.com\/es\/wp-content\/uploads\/sites\/2\/2024\/02\/logo-claimweb-e1727166047230.png\",\"width\":214,\"height\":54,\"caption\":\"360Scooters - Patinetes el\u00e9ctricos en Pen\u00ednsula y Baleares - Patinetes Madrid - Patinetes Alicante - Patinetes Barcelona\"},\"image\":{\"@id\":\"https:\/\/360scooters.com\/es\/#\/schema\/logo\/image\/\"}}]}<\/script>\n<!-- \/ Yoast SEO plugin. -->","yoast_head_json":{"title":"Electrical Things Elche - 360Scooters | Tienda-taller de patinetes el\u00e9ctricos","robots":{"index":"index","follow":"follow","max-snippet":"max-snippet:-1","max-image-preview":"max-image-preview:large","max-video-preview":"max-video-preview:-1"},"canonical":"https:\/\/360scooters.com\/es\/electrical-things-elche\/","og_locale":"es_ES","og_type":"article","og_title":"Electrical Things Elche - 360Scooters | Tienda-taller de patinetes el\u00e9ctricos","og_description":"\u00bfBuscando Electrical Things en Elche? Descubre 360Scooters, tu nueva tienda de confianza en movilidad el\u00e9ctrica Electrical Things, pero en 360Scooters tenemos todo lo que necesitas en patinetes el\u00e9ctricos Electrical Things","og_url":"https:\/\/360scooters.com\/es\/electrical-things-elche\/","og_site_name":"360Scooters | Tienda-taller de patinetes el\u00e9ctricos","article_modified_time":"2025-08-12T11:23:07+00:00","og_image":[{"url":"https:\/\/360scooters.com\/es\/wp-content\/uploads\/sites\/2\/2024\/10\/patinete-electrico-smartgyro-z-pro-black-300x300.jpg","type":"","width":"","height":""}],"twitter_card":"summary_large_image","twitter_misc":{"Tiempo de lectura":"3 minutos"},"schema":{"@context":"https:\/\/schema.org","@graph":[{"@type":"WebPage","@id":"https:\/\/360scooters.com\/es\/electrical-things-elche\/","url":"https:\/\/360scooters.com\/es\/electrical-things-elche\/","name":"Electrical Things Elche - 360Scooters | Tienda-taller de patinetes el\u00e9ctricos","isPartOf":{"@id":"https:\/\/360scooters.com\/es\/#website"},"primaryImageOfPage":{"@id":"https:\/\/360scooters.com\/es\/electrical-things-elche\/#primaryimage"},"image":{"@id":"https:\/\/360scooters.com\/es\/electrical-things-elche\/#primaryimage"},"thumbnailUrl":"https:\/\/360scooters.com\/es\/wp-content\/uploads\/sites\/2\/2024\/10\/patinete-electrico-smartgyro-z-pro-black-300x300.jpg","datePublished":"2024-09-06T07:53:00+00:00","dateModified":"2025-08-12T11:23:07+00:00","breadcrumb":{"@id":"https:\/\/360scooters.com\/es\/electrical-things-elche\/#breadcrumb"},"inLanguage":"es","potentialAction":[{"@type":"ReadAction","target":["https:\/\/360scooters.com\/es\/electrical-things-elche\/"]}]},{"@type":"ImageObject","inLanguage":"es","@id":"https:\/\/360scooters.com\/es\/electrical-things-elche\/#primaryimage","url":"https:\/\/360scooters.com\/es\/wp-content\/uploads\/sites\/2\/2024\/10\/patinete-electrico-smartgyro-z-pro-black.jpg","contentUrl":"https:\/\/360scooters.com\/es\/wp-content\/uploads\/sites\/2\/2024\/10\/patinete-electrico-smartgyro-z-pro-black.jpg","width":1500,"height":1500},{"@type":"BreadcrumbList","@id":"https:\/\/360scooters.com\/es\/electrical-things-elche\/#breadcrumb","itemListElement":[{"@type":"ListItem","position":1,"name":"Portada","item":"https:\/\/360scooters.com\/es\/"},{"@type":"ListItem","position":2,"name":"Electrical Things Elche"}]},{"@type":"WebSite","@id":"https:\/\/360scooters.com\/es\/#website","url":"https:\/\/360scooters.com\/es\/","name":"360Scooters - Patinetes el\u00e9ctricos en Pen\u00ednsula y Baleares - Patinetes Madrid - Patinetes Alicante - Patinetes Barcelona","description":"","publisher":{"@id":"https:\/\/360scooters.com\/es\/#organization"},"potentialAction":[{"@type":"SearchAction","target":{"@type":"EntryPoint","urlTemplate":"https:\/\/360scooters.com\/es\/?s={search_term_string}"},"query-input":{"@type":"PropertyValueSpecification","valueRequired":true,"valueName":"search_term_string"}}],"inLanguage":"es"},{"@type":"Organization","@id":"https:\/\/360scooters.com\/es\/#organization","name":"360Scooters - Patinetes el\u00e9ctricos en Pen\u00ednsula y Baleares - Patinetes Madrid - Patinetes Alicante - Patinetes Barcelona","url":"https:\/\/360scooters.com\/es\/","logo":{"@type":"ImageObject","inLanguage":"es","@id":"https:\/\/360scooters.com\/es\/#\/schema\/logo\/image\/","url":"https:\/\/360scooters.com\/es\/wp-content\/uploads\/sites\/2\/2024\/02\/logo-claimweb-e1727166047230.png","contentUrl":"https:\/\/360scooters.com\/es\/wp-content\/uploads\/sites\/2\/2024\/02\/logo-claimweb-e1727166047230.png","width":214,"height":54,"caption":"360Scooters - Patinetes el\u00e9ctricos en Pen\u00ednsula y Baleares - Patinetes Madrid - Patinetes Alicante - Patinetes Barcelona"},"image":{"@id":"https:\/\/360scooters.com\/es\/#\/schema\/logo\/image\/"}}]}},"_links":{"self":[{"href":"https:\/\/360scooters.com\/es\/wp-json\/wp\/v2\/pages\/3178","targetHints":{"allow":["GET"]}}],"collection":[{"href":"https:\/\/360scooters.com\/es\/wp-json\/wp\/v2\/pages"}],"about":[{"href":"https:\/\/360scooters.com\/es\/wp-json\/wp\/v2\/types\/page"}],"author":[{"embeddable":true,"href":"https:\/\/360scooters.com\/es\/wp-json\/wp\/v2\/users\/1"}],"replies":[{"embeddable":true,"href":"https:\/\/360scooters.com\/es\/wp-json\/wp\/v2\/comments?post=3178"}],"version-history":[{"count":22,"href":"https:\/\/360scooters.com\/es\/wp-json\/wp\/v2\/pages\/3178\/revisions"}],"predecessor-version":[{"id":8442,"href":"https:\/\/360scooters.com\/es\/wp-json\/wp\/v2\/pages\/3178\/revisions\/8442"}],"wp:attachment":[{"href":"https:\/\/360scooters.com\/es\/wp-json\/wp\/v2\/media?parent=3178"}],"curies":[{"name":"wp","href":"https:\/\/api.w.org\/{rel}","templated":true}]}}