{"id":10157,"date":"2025-12-30T13:42:15","date_gmt":"2025-12-30T12:42:15","guid":{"rendered":"https:\/\/360scooters.com\/es\/?page_id=10157"},"modified":"2025-12-31T11:26:28","modified_gmt":"2025-12-31T10:26:28","slug":"modificacion-de-patinetes","status":"publish","type":"page","link":"https:\/\/360scooters.com\/es\/modificacion-de-patinetes\/","title":{"rendered":"Modificaci\u00f3n de patinetes"},"content":{"rendered":"\t\t<div data-elementor-type=\"wp-page\" data-elementor-id=\"10157\" class=\"elementor elementor-10157\" data-elementor-post-type=\"page\">\n\t\t\t\t<div class=\"elementor-element elementor-element-9a7969b e-con-full e-flex e-con e-parent\" data-id=\"9a7969b\" data-element_type=\"container\" data-e-type=\"container\" data-settings=\"{&quot;background_background&quot;:&quot;classic&quot;}\">\n\t\t\t\t<div class=\"elementor-element elementor-element-763c0cd elementor-widget elementor-widget-image\" data-id=\"763c0cd\" data-element_type=\"widget\" data-e-type=\"widget\" data-widget_type=\"image.default\">\n\t\t\t\t<div class=\"elementor-widget-container\">\n\t\t\t\t\t\t\t\t\t\t\t\t\t\t\t<img fetchpriority=\"high\" decoding=\"async\" width=\"2048\" height=\"409\" src=\"https:\/\/360scooters.com\/es\/wp-content\/uploads\/sites\/2\/2025\/12\/Copia-de-SLIDE-NUEVA-WEB.png\" class=\"attachment-full size-full wp-image-10169\" alt=\"Modificaci\u00f3n de patinetes el\u00e9ctricos\" srcset=\"https:\/\/360scooters.com\/es\/wp-content\/uploads\/sites\/2\/2025\/12\/Copia-de-SLIDE-NUEVA-WEB.png 2048w, https:\/\/360scooters.com\/es\/wp-content\/uploads\/sites\/2\/2025\/12\/Copia-de-SLIDE-NUEVA-WEB-300x60.png 300w, https:\/\/360scooters.com\/es\/wp-content\/uploads\/sites\/2\/2025\/12\/Copia-de-SLIDE-NUEVA-WEB-1024x205.png 1024w, https:\/\/360scooters.com\/es\/wp-content\/uploads\/sites\/2\/2025\/12\/Copia-de-SLIDE-NUEVA-WEB-768x153.png 768w, https:\/\/360scooters.com\/es\/wp-content\/uploads\/sites\/2\/2025\/12\/Copia-de-SLIDE-NUEVA-WEB-1536x307.png 1536w, https:\/\/360scooters.com\/es\/wp-content\/uploads\/sites\/2\/2025\/12\/Copia-de-SLIDE-NUEVA-WEB-600x120.png 600w\" sizes=\"(max-width: 2048px) 100vw, 2048px\" \/>\t\t\t\t\t\t\t\t\t\t\t\t\t\t\t<\/div>\n\t\t\t\t<\/div>\n\t\t\t\t<\/div>\n\t\t<div class=\"elementor-element elementor-element-a6a920a e-flex e-con-boxed e-con e-parent\" data-id=\"a6a920a\" data-element_type=\"container\" data-e-type=\"container\">\n\t\t\t\t\t<div class=\"e-con-inner\">\n\t\t\t\t<div class=\"elementor-element elementor-element-472a169 elementor-widget elementor-widget-text-editor\" data-id=\"472a169\" data-element_type=\"widget\" data-e-type=\"widget\" data-widget_type=\"text-editor.default\">\n\t\t\t\t<div class=\"elementor-widget-container\">\n\t\t\t\t\t\t\t\t\t<p style=\"text-align: center;\">Selecciona el modelo de tu patinete<\/p>\t\t\t\t\t\t\t\t<\/div>\n\t\t\t\t<\/div>\n\t\t\t\t\t<\/div>\n\t\t\t\t<\/div>\n\t\t<div class=\"elementor-element elementor-element-709b069 e-flex e-con-boxed e-con e-parent\" data-id=\"709b069\" data-element_type=\"container\" data-e-type=\"container\">\n\t\t\t\t\t<div class=\"e-con-inner\">\n\t\t\t\t<div class=\"elementor-element elementor-element-b69eb17 elementor-widget elementor-widget-text-editor\" data-id=\"b69eb17\" data-element_type=\"widget\" data-e-type=\"widget\" data-widget_type=\"text-editor.default\">\n\t\t\t\t<div class=\"elementor-widget-container\">\n\t\t\t\t\t\t\t\t\t<p data-start=\"206\" data-end=\"846\">La <strong data-start=\"209\" data-end=\"249\">modificaci\u00f3n de patinetes el\u00e9ctricos<\/strong> es la mejor opci\u00f3n para quienes quieren mejorar el rendimiento, la comodidad o el dise\u00f1o de su patinete sin cambiar de veh\u00edculo. En <strong data-start=\"382\" data-end=\"397\">360Scooters<\/strong> ofrecemos un servicio profesional de recogida y modificaci\u00f3n de patinetes el\u00e9ctricos, pensado para que no tengas que preocuparte de nada. Nos encargamos de recoger tu patinete, realizar las modificaciones necesarias y devolv\u00e9rtelo listo para rodar. Desde mejoras en suspensi\u00f3n, frenos y neum\u00e1ticos, hasta personalizaciones est\u00e9ticas o ajustes t\u00e9cnicos, nuestro equipo especializado adapta tu patinete a tu estilo de conducci\u00f3n y necesidades reales.<\/p><p data-start=\"848\" data-end=\"1614\">Confiar en nuestro servicio de <strong data-start=\"879\" data-end=\"919\">modificaci\u00f3n de patinetes el\u00e9ctricos<\/strong> es apostar por seguridad, experiencia y resultados de calidad. Cada modificaci\u00f3n se realiza con componentes adecuados y manos expertas, garantizando un funcionamiento \u00f3ptimo y duradero. Adem\u00e1s, te asesoramos antes de realizar cualquier cambio para que sepas exactamente qu\u00e9 mejoras son las m\u00e1s recomendables seg\u00fan el uso que le das a tu patinete. En 360Scooters entendemos que cada usuario es diferente, por eso ofrecemos soluciones personalizadas y un servicio c\u00f3modo gracias a nuestro sistema de recogida y entrega. Si quieres llevar tu patinete al siguiente nivel sin complicaciones, deja tu patinete en manos de profesionales y disfruta de una experiencia de conducci\u00f3n totalmente mejorada.<\/p>\t\t\t\t\t\t\t\t<\/div>\n\t\t\t\t<\/div>\n\t\t\t\t\t<\/div>\n\t\t\t\t<\/div>\n\t\t\t\t<\/div>\n\t\t","protected":false},"excerpt":{"rendered":"<p>Selecciona el modelo de tu patinete Servicios de modificaci\u00f3n Modificaci\u00f3n Smartgyro Rockway \/ Speedway \u2013 Personalizaci\u00f3n completa con recogida y entrega Servicios de modificaci\u00f3n Modificaci\u00f3n Smartgyro Rockway \/ Speedway \u2013<\/p>\n","protected":false},"author":1,"featured_media":0,"parent":0,"menu_order":0,"comment_status":"closed","ping_status":"closed","template":"elementor_header_footer","meta":{"footnotes":""},"class_list":["post-10157","page","type-page","status-publish","hentry"],"yoast_head":"<!-- This site is optimized with the Yoast SEO plugin v26.9 - https:\/\/yoast.com\/product\/yoast-seo-wordpress\/ -->\n<title>Modificaci\u00f3n de Patinetes El\u00e9ctricos | Recogida y Servicio Profesional 360Scooters<\/title>\n<meta name=\"description\" content=\"Servicio profesional de modificaci\u00f3n de patinetes el\u00e9ctricos con recogida y entrega. Mejora rendimiento, comodidad y dise\u00f1o con 360Scooters.\" \/>\n<meta name=\"robots\" content=\"index, follow, max-snippet:-1, max-image-preview:large, max-video-preview:-1\" \/>\n<link rel=\"canonical\" href=\"https:\/\/360scooters.com\/es\/modificacion-de-patinetes\/\" \/>\n<meta property=\"og:locale\" content=\"es_ES\" \/>\n<meta property=\"og:type\" content=\"article\" \/>\n<meta property=\"og:title\" content=\"Modificaci\u00f3n de Patinetes El\u00e9ctricos | Recogida y Servicio Profesional 360Scooters\" \/>\n<meta property=\"og:description\" content=\"Servicio profesional de modificaci\u00f3n de patinetes el\u00e9ctricos con recogida y entrega. Mejora rendimiento, comodidad y dise\u00f1o con 360Scooters.\" \/>\n<meta property=\"og:url\" content=\"https:\/\/360scooters.com\/es\/modificacion-de-patinetes\/\" \/>\n<meta property=\"og:site_name\" content=\"360Scooters | Tienda-taller de patinetes el\u00e9ctricos\" \/>\n<meta property=\"article:modified_time\" content=\"2025-12-31T10:26:28+00:00\" \/>\n<meta property=\"og:image\" content=\"https:\/\/360scooters.com\/es\/wp-content\/uploads\/sites\/2\/2025\/12\/Copia-de-SLIDE-NUEVA-WEB.png\" \/>\n\t<meta property=\"og:image:width\" content=\"2048\" \/>\n\t<meta property=\"og:image:height\" content=\"409\" \/>\n\t<meta property=\"og:image:type\" content=\"image\/png\" \/>\n<meta name=\"twitter:card\" content=\"summary_large_image\" \/>\n<meta name=\"twitter:label1\" content=\"Tiempo de lectura\" \/>\n\t<meta name=\"twitter:data1\" content=\"5 minutos\" \/>\n<script type=\"application\/ld+json\" class=\"yoast-schema-graph\">{\"@context\":\"https:\/\/schema.org\",\"@graph\":[{\"@type\":\"WebPage\",\"@id\":\"https:\/\/360scooters.com\/es\/modificacion-de-patinetes\/\",\"url\":\"https:\/\/360scooters.com\/es\/modificacion-de-patinetes\/\",\"name\":\"Modificaci\u00f3n de Patinetes El\u00e9ctricos | Recogida y Servicio Profesional 360Scooters\",\"isPartOf\":{\"@id\":\"https:\/\/360scooters.com\/es\/#website\"},\"primaryImageOfPage\":{\"@id\":\"https:\/\/360scooters.com\/es\/modificacion-de-patinetes\/#primaryimage\"},\"image\":{\"@id\":\"https:\/\/360scooters.com\/es\/modificacion-de-patinetes\/#primaryimage\"},\"thumbnailUrl\":\"https:\/\/360scooters.com\/es\/wp-content\/uploads\/sites\/2\/2025\/12\/Copia-de-SLIDE-NUEVA-WEB.png\",\"datePublished\":\"2025-12-30T12:42:15+00:00\",\"dateModified\":\"2025-12-31T10:26:28+00:00\",\"description\":\"Servicio profesional de modificaci\u00f3n de patinetes el\u00e9ctricos con recogida y entrega. Mejora rendimiento, comodidad y dise\u00f1o con 360Scooters.\",\"breadcrumb\":{\"@id\":\"https:\/\/360scooters.com\/es\/modificacion-de-patinetes\/#breadcrumb\"},\"inLanguage\":\"es\",\"potentialAction\":[{\"@type\":\"ReadAction\",\"target\":[\"https:\/\/360scooters.com\/es\/modificacion-de-patinetes\/\"]}]},{\"@type\":\"ImageObject\",\"inLanguage\":\"es\",\"@id\":\"https:\/\/360scooters.com\/es\/modificacion-de-patinetes\/#primaryimage\",\"url\":\"https:\/\/360scooters.com\/es\/wp-content\/uploads\/sites\/2\/2025\/12\/Copia-de-SLIDE-NUEVA-WEB.png\",\"contentUrl\":\"https:\/\/360scooters.com\/es\/wp-content\/uploads\/sites\/2\/2025\/12\/Copia-de-SLIDE-NUEVA-WEB.png\",\"width\":2048,\"height\":409,\"caption\":\"Modificaci\u00f3n de patinetes el\u00e9ctricos\"},{\"@type\":\"BreadcrumbList\",\"@id\":\"https:\/\/360scooters.com\/es\/modificacion-de-patinetes\/#breadcrumb\",\"itemListElement\":[{\"@type\":\"ListItem\",\"position\":1,\"name\":\"Portada\",\"item\":\"https:\/\/360scooters.com\/es\/\"},{\"@type\":\"ListItem\",\"position\":2,\"name\":\"Modificaci\u00f3n de patinetes\"}]},{\"@type\":\"WebSite\",\"@id\":\"https:\/\/360scooters.com\/es\/#website\",\"url\":\"https:\/\/360scooters.com\/es\/\",\"name\":\"360Scooters - Patinetes el\u00e9ctricos en Pen\u00ednsula y Baleares - Patinetes Madrid - Patinetes Alicante - Patinetes Barcelona\",\"description\":\"\",\"publisher\":{\"@id\":\"https:\/\/360scooters.com\/es\/#organization\"},\"potentialAction\":[{\"@type\":\"SearchAction\",\"target\":{\"@type\":\"EntryPoint\",\"urlTemplate\":\"https:\/\/360scooters.com\/es\/?s={search_term_string}\"},\"query-input\":{\"@type\":\"PropertyValueSpecification\",\"valueRequired\":true,\"valueName\":\"search_term_string\"}}],\"inLanguage\":\"es\"},{\"@type\":\"Organization\",\"@id\":\"https:\/\/360scooters.com\/es\/#organization\",\"name\":\"360Scooters - Patinetes el\u00e9ctricos en Pen\u00ednsula y Baleares - Patinetes Madrid - Patinetes Alicante - Patinetes Barcelona\",\"url\":\"https:\/\/360scooters.com\/es\/\",\"logo\":{\"@type\":\"ImageObject\",\"inLanguage\":\"es\",\"@id\":\"https:\/\/360scooters.com\/es\/#\/schema\/logo\/image\/\",\"url\":\"https:\/\/360scooters.com\/es\/wp-content\/uploads\/sites\/2\/2024\/02\/logo-claimweb-e1727166047230.png\",\"contentUrl\":\"https:\/\/360scooters.com\/es\/wp-content\/uploads\/sites\/2\/2024\/02\/logo-claimweb-e1727166047230.png\",\"width\":214,\"height\":54,\"caption\":\"360Scooters - Patinetes el\u00e9ctricos en Pen\u00ednsula y Baleares - Patinetes Madrid - Patinetes Alicante - Patinetes Barcelona\"},\"image\":{\"@id\":\"https:\/\/360scooters.com\/es\/#\/schema\/logo\/image\/\"}}]}<\/script>\n<!-- \/ Yoast SEO plugin. -->","yoast_head_json":{"title":"Modificaci\u00f3n de Patinetes El\u00e9ctricos | Recogida y Servicio Profesional 360Scooters","description":"Servicio profesional de modificaci\u00f3n de patinetes el\u00e9ctricos con recogida y entrega. Mejora rendimiento, comodidad y dise\u00f1o con 360Scooters.","robots":{"index":"index","follow":"follow","max-snippet":"max-snippet:-1","max-image-preview":"max-image-preview:large","max-video-preview":"max-video-preview:-1"},"canonical":"https:\/\/360scooters.com\/es\/modificacion-de-patinetes\/","og_locale":"es_ES","og_type":"article","og_title":"Modificaci\u00f3n de Patinetes El\u00e9ctricos | Recogida y Servicio Profesional 360Scooters","og_description":"Servicio profesional de modificaci\u00f3n de patinetes el\u00e9ctricos con recogida y entrega. Mejora rendimiento, comodidad y dise\u00f1o con 360Scooters.","og_url":"https:\/\/360scooters.com\/es\/modificacion-de-patinetes\/","og_site_name":"360Scooters | Tienda-taller de patinetes el\u00e9ctricos","article_modified_time":"2025-12-31T10:26:28+00:00","og_image":[{"width":2048,"height":409,"url":"https:\/\/360scooters.com\/es\/wp-content\/uploads\/sites\/2\/2025\/12\/Copia-de-SLIDE-NUEVA-WEB.png","type":"image\/png"}],"twitter_card":"summary_large_image","twitter_misc":{"Tiempo de lectura":"5 minutos"},"schema":{"@context":"https:\/\/schema.org","@graph":[{"@type":"WebPage","@id":"https:\/\/360scooters.com\/es\/modificacion-de-patinetes\/","url":"https:\/\/360scooters.com\/es\/modificacion-de-patinetes\/","name":"Modificaci\u00f3n de Patinetes El\u00e9ctricos | Recogida y Servicio Profesional 360Scooters","isPartOf":{"@id":"https:\/\/360scooters.com\/es\/#website"},"primaryImageOfPage":{"@id":"https:\/\/360scooters.com\/es\/modificacion-de-patinetes\/#primaryimage"},"image":{"@id":"https:\/\/360scooters.com\/es\/modificacion-de-patinetes\/#primaryimage"},"thumbnailUrl":"https:\/\/360scooters.com\/es\/wp-content\/uploads\/sites\/2\/2025\/12\/Copia-de-SLIDE-NUEVA-WEB.png","datePublished":"2025-12-30T12:42:15+00:00","dateModified":"2025-12-31T10:26:28+00:00","description":"Servicio profesional de modificaci\u00f3n de patinetes el\u00e9ctricos con recogida y entrega. Mejora rendimiento, comodidad y dise\u00f1o con 360Scooters.","breadcrumb":{"@id":"https:\/\/360scooters.com\/es\/modificacion-de-patinetes\/#breadcrumb"},"inLanguage":"es","potentialAction":[{"@type":"ReadAction","target":["https:\/\/360scooters.com\/es\/modificacion-de-patinetes\/"]}]},{"@type":"ImageObject","inLanguage":"es","@id":"https:\/\/360scooters.com\/es\/modificacion-de-patinetes\/#primaryimage","url":"https:\/\/360scooters.com\/es\/wp-content\/uploads\/sites\/2\/2025\/12\/Copia-de-SLIDE-NUEVA-WEB.png","contentUrl":"https:\/\/360scooters.com\/es\/wp-content\/uploads\/sites\/2\/2025\/12\/Copia-de-SLIDE-NUEVA-WEB.png","width":2048,"height":409,"caption":"Modificaci\u00f3n de patinetes el\u00e9ctricos"},{"@type":"BreadcrumbList","@id":"https:\/\/360scooters.com\/es\/modificacion-de-patinetes\/#breadcrumb","itemListElement":[{"@type":"ListItem","position":1,"name":"Portada","item":"https:\/\/360scooters.com\/es\/"},{"@type":"ListItem","position":2,"name":"Modificaci\u00f3n de patinetes"}]},{"@type":"WebSite","@id":"https:\/\/360scooters.com\/es\/#website","url":"https:\/\/360scooters.com\/es\/","name":"360Scooters - Patinetes el\u00e9ctricos en Pen\u00ednsula y Baleares - Patinetes Madrid - Patinetes Alicante - Patinetes Barcelona","description":"","publisher":{"@id":"https:\/\/360scooters.com\/es\/#organization"},"potentialAction":[{"@type":"SearchAction","target":{"@type":"EntryPoint","urlTemplate":"https:\/\/360scooters.com\/es\/?s={search_term_string}"},"query-input":{"@type":"PropertyValueSpecification","valueRequired":true,"valueName":"search_term_string"}}],"inLanguage":"es"},{"@type":"Organization","@id":"https:\/\/360scooters.com\/es\/#organization","name":"360Scooters - Patinetes el\u00e9ctricos en Pen\u00ednsula y Baleares - Patinetes Madrid - Patinetes Alicante - Patinetes Barcelona","url":"https:\/\/360scooters.com\/es\/","logo":{"@type":"ImageObject","inLanguage":"es","@id":"https:\/\/360scooters.com\/es\/#\/schema\/logo\/image\/","url":"https:\/\/360scooters.com\/es\/wp-content\/uploads\/sites\/2\/2024\/02\/logo-claimweb-e1727166047230.png","contentUrl":"https:\/\/360scooters.com\/es\/wp-content\/uploads\/sites\/2\/2024\/02\/logo-claimweb-e1727166047230.png","width":214,"height":54,"caption":"360Scooters - Patinetes el\u00e9ctricos en Pen\u00ednsula y Baleares - Patinetes Madrid - Patinetes Alicante - Patinetes Barcelona"},"image":{"@id":"https:\/\/360scooters.com\/es\/#\/schema\/logo\/image\/"}}]}},"_links":{"self":[{"href":"https:\/\/360scooters.com\/es\/wp-json\/wp\/v2\/pages\/10157","targetHints":{"allow":["GET"]}}],"collection":[{"href":"https:\/\/360scooters.com\/es\/wp-json\/wp\/v2\/pages"}],"about":[{"href":"https:\/\/360scooters.com\/es\/wp-json\/wp\/v2\/types\/page"}],"author":[{"embeddable":true,"href":"https:\/\/360scooters.com\/es\/wp-json\/wp\/v2\/users\/1"}],"replies":[{"embeddable":true,"href":"https:\/\/360scooters.com\/es\/wp-json\/wp\/v2\/comments?post=10157"}],"version-history":[{"count":22,"href":"https:\/\/360scooters.com\/es\/wp-json\/wp\/v2\/pages\/10157\/revisions"}],"predecessor-version":[{"id":10195,"href":"https:\/\/360scooters.com\/es\/wp-json\/wp\/v2\/pages\/10157\/revisions\/10195"}],"wp:attachment":[{"href":"https:\/\/360scooters.com\/es\/wp-json\/wp\/v2\/media?parent=10157"}],"curies":[{"name":"wp","href":"https:\/\/api.w.org\/{rel}","templated":true}]}}